{"id":882,"date":"2024-03-29T15:31:39","date_gmt":"2024-03-29T15:31:39","guid":{"rendered":"https:\/\/avocat-gc.com\/divorce\/avocat-divorce-amiable-sans-juge-le-grand-quevilly\/"},"modified":"2024-03-29T15:31:39","modified_gmt":"2024-03-29T15:31:39","slug":"avocat-divorce-amiable-sans-juge-le-grand-quevilly","status":"publish","type":"page","link":"https:\/\/avocat-gc.com\/divorce\/avocat-divorce-amiable-sans-juge-le-grand-quevilly\/","title":{"rendered":"Avocat divorce amiable sans juge \u00e0 Le-Grand-Quevilly"},"content":{"rendered":"<\/p>\n<p>Avocat divorce amiable sans juge \u00e0 Le-Grand-Quevilly<a href=\"\/divorce\/avocat-divorce\/le-grand-quevilly\/\" rel=\"nofollow\">\u25c4 Avocat divorce \u00e0 Le-Grand-Quevilly (76)<\/a><\/p>\n<h2> DIVORCE SANS JUGE AU GRAND QUEVILLY (76)<\/h2>\n<\/p>\n<p class=\"img-left\"><img decoding=\"async\" alt=\"Avocat divorce amiable sans juge \u00e0 Le-Grand-Quevilly (76)\" title=\"Avocat divorce amiable sans juge \u00e0 Le-Grand-Quevilly (76)\" width=\"170\" border=\"2\" src=\"\/divorce\/wp-content\/uploads\/2024\/04\/avocat-divorce-amiable-paris.jpg\" \/><\/p>\n<p align=\"justify\">\nNotre cabinet d\u2019avocat se charge de vous renseigner et de vous assister durant toutes les \u00e9tapes de votre <a href=\"\/divorce\/avocat-divorce\/le-grand-quevilly\/\" rel=\"nofollow noopener\" target=\"_parent\">divorce par consentement mutuel \u00e0 Le-Grand-Quevilly <\/a>, plus commun\u00e9ment appel\u00e9 divorce \u00ab \u00e0 l\u2019amiable \u00bb.   Avant de se lancer dans cette proc\u00e9dure simplifi\u00e9e, il est obligatoire que les \u00e9poux soient d&rsquo;accord sur tous les aspects du divorce, que ce soit la liquidation du r\u00e9gime matrimonial, la garde des enfants, la pension alimentaire, ou  la prestation compensatoire. Une fois ces conditions remplies, la r\u00e9daction d&rsquo;une <a href=\"\/divorce\/convention-de-divorce\/\" rel=\"nofollow noopener\" title=\"\" target=\"\">convention de divorce<\/a>\u00a0sera effectu\u00e9e lors d&rsquo;un entretien avec notre avocat\u00a0\u00a0divorce. Cette convention r\u00e8gle toutes les cons\u00e9quences et effets du divorce par consentement mutuel. Nous vous adressons, les jours suivants, le projet de convention par courrier postal en recommand\u00e9 avec accus\u00e9 de r\u00e9ceptionVous aurez ensuite un d\u00e9lai de 15 jours pour r\u00e9fl\u00e9chir puis signer le projet de convention de divorce. Le notaire se chargera, par la suite, de lui donner<a href=\"\/divorce\/definitions\/force-executoire\/\" rel=\"nofollow noopener\" title=\"\" target=\"\">\u00a0force \u00e9xecutoire<\/a> et date certaine. Le divorce sera alors effectif \u00e0 ce moment.\u00a0Le moindre d\u00e9saccord avant ou pendant la proc\u00e9dure ferait l&rsquo;objet d&rsquo;un divorce contentieux devant le<a href=\"\/divorce\/definitions\/juge-aux-affaires-familiales\/\" rel=\"nofollow noopener\" title=\"\" target=\"\">\u00a0Juge aux Affaires Familiales<\/a>.\u00a0Si vous souhaitez en savoir davantage sur le divorce sans juge, veuillez consulter notre page:\n<\/p>\n<\/p>\n<p><a href=\"\/divorce\/divorce-sans-juge\/\" rel=\"nofollow noopener\" target=\"_parent\"> \u25ba AVOCAT DIVORCE SANS JUGE <\/a><\/p>\n<h3>Articles li\u00e9s<\/h3>\n<p><a href=\"\/divorce\/articles\/quelles-sont-les-conditions-du-divorce-sans-juge\/\" rel=\"nofollow noopener\" title=\"\" target=\"_parent\">Les conditions du divorce sans juge ?<\/a><br \/>\n<a href=\"\/divorce\/articles\/la-duree-dun-divorce\/\" rel=\"nofollow noopener\" title=\"\" target=\"_parent\">La dur\u00e9e d&rsquo;un divorce<\/a><br \/>\n<a href=\"\/divorce\/articles\/combien-de-temps-doit-verser-une-pension-alimentaire-ses-enfants\/\" rel=\"nofollow noopener\" title=\"\" target=\"_parent\">Combien de temps doit-on verser une pension alimentaire \u00e0 ses enfants?<\/a><\/p>\n<p>\u25ba A T\u00c9L\u00c9CHARGER: <a href=\"\/divorce\/divorce-sans-juge\/convention-le-grand-quevilly\/\" rel=\"nofollow\">Mod\u00e8le de convention de divorce sans juge \u00e0 Le-Grand-Quevilly (76)<\/a><\/p>\n<h3>Divorce sans juge &#8211; les tarifs<\/h3>\n<p align=\"justify\">Si vous souhaitez connaitre les tarifs d&rsquo;un divorce sans juge \u00e0 Le-Grand-Quevilly (76), veuillez nous retourner le devis en ligne ci-dessous afin que nous puissions effectuer une estimation.<\/p>\n<\/p>\n<p><a href=\"http:\/\/avocat-gc.com\/divorce\/avocat-divorce-10-ans-dexperience\/\" rel=\"nofollow noopener\" target=\"_parent\"> \u25ba DEVIS: AVOCAT DIVORCE AU GRAND QUEVILLY<\/a><\/p>\n","protected":false},"excerpt":{"rendered":"<p>Avocat divorce amiable sans juge \u00e0 Le-Grand-Quevilly\u25c4 Avocat divorce \u00e0 Le-Grand-Quevilly (76) DIVORCE SANS JUGE AU GRAND QUEVILLY (76) Notre cabinet d\u2019avocat se charge de vous renseigner et de vous assister durant toutes les \u00e9tapes de votre divorce par consentement mutuel \u00e0 Le-Grand-Quevilly , plus commun\u00e9ment appel\u00e9 divorce \u00ab \u00e0 l\u2019amiable \u00bb. Avant de se [&hellip;]<\/p>\n","protected":false},"author":1,"featured_media":0,"parent":0,"menu_order":0,"comment_status":"closed","ping_status":"closed","template":"","meta":{"_acf_changed":false,"inline_featured_image":false,"footnotes":""},"priorite":[],"class_list":["post-882","page","type-page","status-publish","hentry"],"acf":[],"yoast_head":"<!-- This site is optimized with the Yoast SEO plugin v27.5 - https:\/\/yoast.com\/product\/yoast-seo-wordpress\/ -->\n<title>Avocat divorce amiable sans juge \u00e0 Le-Grand-Quevilly - Avocat Divorce<\/title>\n<meta name=\"description\" content=\"Divorcez \u00e0 l&#039;amiable et sans juge \u00e0 Le-Grand-Quevilly (76) en 1 mois. Contactez un Avocat divorce au 01.47.04.25.40 . Cabinet Avocat GC. Divorce amiable - Divorce sans juge \u2013 Divorce par consentement mutuel\" \/>\n<meta name=\"robots\" content=\"index, follow, max-snippet:-1, max-image-preview:large, max-video-preview:-1\" \/>\n<link rel=\"canonical\" href=\"https:\/\/avocat-gc.com\/divorce\/avocat-divorce-amiable-sans-juge-le-grand-quevilly\/\" \/>\n<meta property=\"og:locale\" content=\"fr_FR\" \/>\n<meta property=\"og:type\" content=\"article\" \/>\n<meta property=\"og:title\" content=\"Avocat divorce amiable sans juge \u00e0 Le-Grand-Quevilly - Avocat Divorce\" \/>\n<meta property=\"og:description\" content=\"Divorcez \u00e0 l&#039;amiable et sans juge \u00e0 Le-Grand-Quevilly (76) en 1 mois. Contactez un Avocat divorce au 01.47.04.25.40 . Cabinet Avocat GC. Divorce amiable - Divorce sans juge \u2013 Divorce par consentement mutuel\" \/>\n<meta property=\"og:url\" content=\"https:\/\/avocat-gc.com\/divorce\/avocat-divorce-amiable-sans-juge-le-grand-quevilly\/\" \/>\n<meta property=\"og:site_name\" content=\"Avocat GC - Avocat Divorce\" \/>\n<meta name=\"twitter:card\" content=\"summary_large_image\" \/>\n<script type=\"application\/ld+json\" class=\"yoast-schema-graph\">{\"@context\":\"https:\\\/\\\/schema.org\",\"@graph\":[{\"@type\":\"WebPage\",\"@id\":\"https:\\\/\\\/avocat-gc.com\\\/divorce\\\/avocat-divorce-amiable-sans-juge-le-grand-quevilly\\\/\",\"url\":\"https:\\\/\\\/avocat-gc.com\\\/divorce\\\/avocat-divorce-amiable-sans-juge-le-grand-quevilly\\\/\",\"name\":\"Avocat divorce amiable sans juge \u00e0 Le-Grand-Quevilly - Avocat Divorce\",\"isPartOf\":{\"@id\":\"https:\\\/\\\/avocat-gc.com\\\/divorce\\\/#website\"},\"datePublished\":\"2024-03-29T15:31:39+00:00\",\"description\":\"Divorcez \u00e0 l'amiable et sans juge \u00e0 Le-Grand-Quevilly (76) en 1 mois. Contactez un Avocat divorce au 01.47.04.25.40 . Cabinet Avocat GC. Divorce amiable - Divorce sans juge \u2013 Divorce par consentement mutuel\",\"breadcrumb\":{\"@id\":\"https:\\\/\\\/avocat-gc.com\\\/divorce\\\/avocat-divorce-amiable-sans-juge-le-grand-quevilly\\\/#breadcrumb\"},\"inLanguage\":\"fr-FR\",\"potentialAction\":[{\"@type\":\"ReadAction\",\"target\":[\"https:\\\/\\\/avocat-gc.com\\\/divorce\\\/avocat-divorce-amiable-sans-juge-le-grand-quevilly\\\/\"]}]},{\"@type\":\"BreadcrumbList\",\"@id\":\"https:\\\/\\\/avocat-gc.com\\\/divorce\\\/avocat-divorce-amiable-sans-juge-le-grand-quevilly\\\/#breadcrumb\",\"itemListElement\":[{\"@type\":\"ListItem\",\"position\":1,\"name\":\"Accueil\",\"item\":\"https:\\\/\\\/avocat-gc.com\\\/divorce\\\/\"},{\"@type\":\"ListItem\",\"position\":2,\"name\":\"Avocat divorce amiable sans juge \u00e0 Le-Grand-Quevilly\"}]},{\"@type\":\"WebSite\",\"@id\":\"https:\\\/\\\/avocat-gc.com\\\/divorce\\\/#website\",\"url\":\"https:\\\/\\\/avocat-gc.com\\\/divorce\\\/\",\"name\":\"Avocat GC - Avocat Divorce\",\"description\":\"\",\"publisher\":{\"@id\":\"https:\\\/\\\/avocat-gc.com\\\/divorce\\\/#organization\"},\"potentialAction\":[{\"@type\":\"SearchAction\",\"target\":{\"@type\":\"EntryPoint\",\"urlTemplate\":\"https:\\\/\\\/avocat-gc.com\\\/divorce\\\/?s={search_term_string}\"},\"query-input\":{\"@type\":\"PropertyValueSpecification\",\"valueRequired\":true,\"valueName\":\"search_term_string\"}}],\"inLanguage\":\"fr-FR\"},{\"@type\":\"Organization\",\"@id\":\"https:\\\/\\\/avocat-gc.com\\\/divorce\\\/#organization\",\"name\":\"Avocat GC - Avocat Divorce\",\"url\":\"https:\\\/\\\/avocat-gc.com\\\/divorce\\\/\",\"logo\":{\"@type\":\"ImageObject\",\"inLanguage\":\"fr-FR\",\"@id\":\"https:\\\/\\\/avocat-gc.com\\\/divorce\\\/#\\\/schema\\\/logo\\\/image\\\/\",\"url\":\"https:\\\/\\\/avocat-gc.com\\\/divorce\\\/wp-content\\\/uploads\\\/2024\\\/04\\\/cropped-Sans-titre.png\",\"contentUrl\":\"https:\\\/\\\/avocat-gc.com\\\/divorce\\\/wp-content\\\/uploads\\\/2024\\\/04\\\/cropped-Sans-titre.png\",\"width\":200,\"height\":180,\"caption\":\"Avocat GC - Avocat Divorce\"},\"image\":{\"@id\":\"https:\\\/\\\/avocat-gc.com\\\/divorce\\\/#\\\/schema\\\/logo\\\/image\\\/\"}}]}<\/script>\n<!-- \/ Yoast SEO plugin. -->","yoast_head_json":{"title":"Avocat divorce amiable sans juge \u00e0 Le-Grand-Quevilly - Avocat Divorce","description":"Divorcez \u00e0 l'amiable et sans juge \u00e0 Le-Grand-Quevilly (76) en 1 mois. Contactez un Avocat divorce au 01.47.04.25.40 . Cabinet Avocat GC. Divorce amiable - Divorce sans juge \u2013 Divorce par consentement mutuel","robots":{"index":"index","follow":"follow","max-snippet":"max-snippet:-1","max-image-preview":"max-image-preview:large","max-video-preview":"max-video-preview:-1"},"canonical":"https:\/\/avocat-gc.com\/divorce\/avocat-divorce-amiable-sans-juge-le-grand-quevilly\/","og_locale":"fr_FR","og_type":"article","og_title":"Avocat divorce amiable sans juge \u00e0 Le-Grand-Quevilly - Avocat Divorce","og_description":"Divorcez \u00e0 l'amiable et sans juge \u00e0 Le-Grand-Quevilly (76) en 1 mois. Contactez un Avocat divorce au 01.47.04.25.40 . Cabinet Avocat GC. Divorce amiable - Divorce sans juge \u2013 Divorce par consentement mutuel","og_url":"https:\/\/avocat-gc.com\/divorce\/avocat-divorce-amiable-sans-juge-le-grand-quevilly\/","og_site_name":"Avocat GC - Avocat Divorce","twitter_card":"summary_large_image","schema":{"@context":"https:\/\/schema.org","@graph":[{"@type":"WebPage","@id":"https:\/\/avocat-gc.com\/divorce\/avocat-divorce-amiable-sans-juge-le-grand-quevilly\/","url":"https:\/\/avocat-gc.com\/divorce\/avocat-divorce-amiable-sans-juge-le-grand-quevilly\/","name":"Avocat divorce amiable sans juge \u00e0 Le-Grand-Quevilly - Avocat Divorce","isPartOf":{"@id":"https:\/\/avocat-gc.com\/divorce\/#website"},"datePublished":"2024-03-29T15:31:39+00:00","description":"Divorcez \u00e0 l'amiable et sans juge \u00e0 Le-Grand-Quevilly (76) en 1 mois. Contactez un Avocat divorce au 01.47.04.25.40 . Cabinet Avocat GC. Divorce amiable - Divorce sans juge \u2013 Divorce par consentement mutuel","breadcrumb":{"@id":"https:\/\/avocat-gc.com\/divorce\/avocat-divorce-amiable-sans-juge-le-grand-quevilly\/#breadcrumb"},"inLanguage":"fr-FR","potentialAction":[{"@type":"ReadAction","target":["https:\/\/avocat-gc.com\/divorce\/avocat-divorce-amiable-sans-juge-le-grand-quevilly\/"]}]},{"@type":"BreadcrumbList","@id":"https:\/\/avocat-gc.com\/divorce\/avocat-divorce-amiable-sans-juge-le-grand-quevilly\/#breadcrumb","itemListElement":[{"@type":"ListItem","position":1,"name":"Accueil","item":"https:\/\/avocat-gc.com\/divorce\/"},{"@type":"ListItem","position":2,"name":"Avocat divorce amiable sans juge \u00e0 Le-Grand-Quevilly"}]},{"@type":"WebSite","@id":"https:\/\/avocat-gc.com\/divorce\/#website","url":"https:\/\/avocat-gc.com\/divorce\/","name":"Avocat GC - Avocat Divorce","description":"","publisher":{"@id":"https:\/\/avocat-gc.com\/divorce\/#organization"},"potentialAction":[{"@type":"SearchAction","target":{"@type":"EntryPoint","urlTemplate":"https:\/\/avocat-gc.com\/divorce\/?s={search_term_string}"},"query-input":{"@type":"PropertyValueSpecification","valueRequired":true,"valueName":"search_term_string"}}],"inLanguage":"fr-FR"},{"@type":"Organization","@id":"https:\/\/avocat-gc.com\/divorce\/#organization","name":"Avocat GC - Avocat Divorce","url":"https:\/\/avocat-gc.com\/divorce\/","logo":{"@type":"ImageObject","inLanguage":"fr-FR","@id":"https:\/\/avocat-gc.com\/divorce\/#\/schema\/logo\/image\/","url":"https:\/\/avocat-gc.com\/divorce\/wp-content\/uploads\/2024\/04\/cropped-Sans-titre.png","contentUrl":"https:\/\/avocat-gc.com\/divorce\/wp-content\/uploads\/2024\/04\/cropped-Sans-titre.png","width":200,"height":180,"caption":"Avocat GC - Avocat Divorce"},"image":{"@id":"https:\/\/avocat-gc.com\/divorce\/#\/schema\/logo\/image\/"}}]}},"_links":{"self":[{"href":"https:\/\/avocat-gc.com\/divorce\/wp-json\/wp\/v2\/pages\/882","targetHints":{"allow":["GET"]}}],"collection":[{"href":"https:\/\/avocat-gc.com\/divorce\/wp-json\/wp\/v2\/pages"}],"about":[{"href":"https:\/\/avocat-gc.com\/divorce\/wp-json\/wp\/v2\/types\/page"}],"author":[{"embeddable":true,"href":"https:\/\/avocat-gc.com\/divorce\/wp-json\/wp\/v2\/users\/1"}],"replies":[{"embeddable":true,"href":"https:\/\/avocat-gc.com\/divorce\/wp-json\/wp\/v2\/comments?post=882"}],"version-history":[{"count":0,"href":"https:\/\/avocat-gc.com\/divorce\/wp-json\/wp\/v2\/pages\/882\/revisions"}],"wp:attachment":[{"href":"https:\/\/avocat-gc.com\/divorce\/wp-json\/wp\/v2\/media?parent=882"}],"wp:term":[{"taxonomy":"priorite","embeddable":true,"href":"https:\/\/avocat-gc.com\/divorce\/wp-json\/wp\/v2\/priorite?post=882"}],"curies":[{"name":"wp","href":"https:\/\/api.w.org\/{rel}","templated":true}]}}