{"id":85,"date":"2024-03-27T16:19:05","date_gmt":"2024-03-27T16:19:05","guid":{"rendered":"https:\/\/avocat-gc.com\/divorce\/?page_id=85"},"modified":"2026-01-12T10:49:39","modified_gmt":"2026-01-12T10:49:39","slug":"accueil","status":"publish","type":"page","link":"https:\/\/avocat-gc.com\/divorce\/","title":{"rendered":"Accueil"},"content":{"rendered":"\n<h2 class=\"wp-block-heading\">Divorce sans juge&nbsp;\u00e0 partir de&nbsp;<strong>425\u20ac&nbsp;<\/strong>TTC\/\u00e9poux<\/h2>\n\n\n\n<p>Le&nbsp;<strong><a href=\"https:\/\/avocat-gc.com\/divorce\/divorce-amiable\/\">divorce par consentement mutuel<\/a><\/strong>&nbsp;peut \u00eatre d\u00e9sormais prononc\u00e9 entre 15 jours et un mois. C&rsquo;est un&nbsp;<strong>divorce rapide<\/strong>, simple et \u00e9conomique. Il sous-entend que les \u00e9poux soient d&rsquo;accord sur les cons\u00e9quences de leur s\u00e9paration en signant une&nbsp;<strong><a href=\"https:\/\/avocat-gc.com\/divorce\/articles\/les-mentions-obligatoires-dans-votre-convention-de-divorce\/\">convention de divorce<\/a><\/strong>.<\/p>\n\n\n\n<h2 class=\"wp-block-heading\">Pourquoi choisir le cabinet d&rsquo;Avocat GC (Avocat divorce) pour vous&nbsp;<a href=\"\/divorce\/divorce-amiable\/\"><strong>divorcer \u00e0 l&rsquo;amiable<\/strong><\/a>&nbsp; <\/h2>\n\n\n\n<p>Tout simplement parce que nous vous offrons un\u00a0<strong>service \u00ab\u00a0sur-mesure\u00a0\u00bb<\/strong>\u00a0\u00e0 un prix tr\u00e8s comp\u00e9titif. Nous privil\u00e9gions avant tout les valeurs humaines et mettons tout en oeuvre pour pacifier la\u00a0<strong>rupture de votre mariage<\/strong>.<br>Choisir le cabinet, c&rsquo;est \u00e9galement choisir une expertise et une exp\u00e9rience de plus de 15 ans en divorce et en droit de la famille. Vous\u00a0<strong>divorcer rapidement et simplement<\/strong>\u00a0ne s&rsquo;improvise pas, nous avons avons effectu\u00e9 des\u00a0<strong>milliers de divorce<\/strong>\u00a0ces 15 derni\u00e8res ann\u00e9es<\/p>\n\n\n\n<p><strong>3 RAISONS DE NOUS CHOISIR :<\/strong><\/p>\n\n\n\n<ul class=\"wp-block-list\">\n<li>RAPIDIT\u00c9 ET DIVORCE PAS CHER<br>Le Cabinet divorce g\u00e9n\u00e9ralement les clients en moins de 1 mois seulement ! Il vous propose une formule simple et peu ch\u00e8re. En effet, le tarif calcul\u00e9 en fonction de votre situation est un tarif tout compris. Nous ne vous demanderons pas un centime de plus !<\/li>\n\n\n\n<li>Ce tarif comprend :\n<ul class=\"wp-block-list\">\n<li>Le rendez-vous avec notre Avocat Divorce<\/li>\n\n\n\n<li>La r\u00e9daction et l&rsquo;envoi de votre convention de divorce<\/li>\n\n\n\n<li>La transcription de votre divorce aupr\u00e8s des services d&rsquo;\u00e9tat civil en France<\/li>\n\n\n\n<li>L&rsquo;assistance t\u00e9l\u00e9phonique avant, pendant et apr\u00e8s votre divorce.<\/li>\n<\/ul>\n<\/li>\n\n\n\n<li>Choisir le cabinet d&rsquo;Avocat GC, c&rsquo;est choisir un divorce rapide, simple et \u00e9conomique<\/li>\n\n\n\n<li>\u00c9COUTE ET DISPONIBILIT\u00c9<br>Le Cabinet est \u00e0 votre \u00e9coute \u00e0 tout moment afin de r\u00e9pondre \u00e0 vos questions, avant, pendant et apr\u00e8s votre divorce. Il vous suffit de me contacter par t\u00e9l\u00e9phone, par mail ou sur place, et notre \u00e9quipe se chargera de vous r\u00e9pondre imm\u00e9diatement.<br>Nous privil\u00e9gions le contact humain, nous vous recevons \u00e0 notre cabinet et demeurons \u00e0 votre \u00e9coute afin de vous divorcer le plus simplement possible.<\/li>\n\n\n\n<li>SATISFACTION ASSUR\u00c9E<br>Notre meilleure garantie est la satisfaction de nos clients.<br>\u00c9galement, nous assurons de traiter parfaitement chaque divorce et regroupons, depuis plus de 15 ans d&rsquo;exp\u00e9rience, des centaines de commentaires et avis positifs.<\/li>\n<\/ul>\n","protected":false},"excerpt":{"rendered":"<p>Divorce sans juge&nbsp;\u00e0 partir de&nbsp;425\u20ac&nbsp;TTC\/\u00e9poux Le&nbsp;divorce par consentement mutuel&nbsp;peut \u00eatre d\u00e9sormais prononc\u00e9 entre 15 jours et un mois. C&rsquo;est un&nbsp;divorce rapide, simple et \u00e9conomique. Il sous-entend que les \u00e9poux soient d&rsquo;accord sur les cons\u00e9quences de leur s\u00e9paration en signant une&nbsp;convention de divorce. Pourquoi choisir le cabinet d&rsquo;Avocat GC (Avocat divorce) pour vous&nbsp;divorcer \u00e0 l&rsquo;amiable&nbsp; Tout [&hellip;]<\/p>\n","protected":false},"author":1,"featured_media":0,"parent":0,"menu_order":0,"comment_status":"closed","ping_status":"closed","template":"","meta":{"_acf_changed":false,"inline_featured_image":false,"footnotes":""},"priorite":[4],"class_list":["post-85","page","type-page","status-publish","hentry","priorite-haute"],"acf":[],"yoast_head":"<!-- This site is optimized with the Yoast SEO plugin v27.4 - https:\/\/yoast.com\/product\/yoast-seo-wordpress\/ -->\n<title>Avocat Divorce &#8211; Cabinet d&#039;avocat Greffet (Avocat GC)<\/title>\n<meta name=\"description\" content=\"Comment divorcer rapidement ? Contactez-moi \u260e 01.47.04.25.40 \u2014 Divorce sans juge en 1 mois d\u00e8s 425\u20ac \u2014 Avocat Divorce \u2014 France enti\u00e8re.\" \/>\n<meta name=\"robots\" content=\"index, follow, max-snippet:-1, max-image-preview:large, max-video-preview:-1\" \/>\n<link rel=\"canonical\" href=\"https:\/\/avocat-gc.com\/divorce\/\" \/>\n<meta property=\"og:locale\" content=\"fr_FR\" \/>\n<meta property=\"og:type\" content=\"article\" \/>\n<meta property=\"og:title\" content=\"Avocat Divorce &#8211; Cabinet d&#039;avocat Greffet (Avocat GC)\" \/>\n<meta property=\"og:description\" content=\"Comment divorcer rapidement ? Contactez-moi \u260e 01.47.04.25.40 \u2014 Divorce sans juge en 1 mois d\u00e8s 425\u20ac \u2014 Avocat Divorce \u2014 France enti\u00e8re.\" \/>\n<meta property=\"og:url\" content=\"https:\/\/avocat-gc.com\/divorce\/\" \/>\n<meta property=\"og:site_name\" content=\"Avocat GC - Avocat Divorce\" \/>\n<meta property=\"article:modified_time\" content=\"2026-01-12T10:49:39+00:00\" \/>\n<meta name=\"twitter:card\" content=\"summary_large_image\" \/>\n<script type=\"application\/ld+json\" class=\"yoast-schema-graph\">{\"@context\":\"https:\\\/\\\/schema.org\",\"@graph\":[{\"@type\":\"WebPage\",\"@id\":\"https:\\\/\\\/avocat-gc.com\\\/divorce\\\/\",\"url\":\"https:\\\/\\\/avocat-gc.com\\\/divorce\\\/\",\"name\":\"Avocat Divorce &#8211; Cabinet d'avocat Greffet (Avocat GC)\",\"isPartOf\":{\"@id\":\"https:\\\/\\\/avocat-gc.com\\\/divorce\\\/#website\"},\"datePublished\":\"2024-03-27T16:19:05+00:00\",\"dateModified\":\"2026-01-12T10:49:39+00:00\",\"description\":\"Comment divorcer rapidement ? Contactez-moi \u260e 01.47.04.25.40 \u2014 Divorce sans juge en 1 mois d\u00e8s 425\u20ac \u2014 Avocat Divorce \u2014 France enti\u00e8re.\",\"breadcrumb\":{\"@id\":\"https:\\\/\\\/avocat-gc.com\\\/divorce\\\/#breadcrumb\"},\"inLanguage\":\"fr-FR\",\"potentialAction\":[{\"@type\":\"ReadAction\",\"target\":[\"https:\\\/\\\/avocat-gc.com\\\/divorce\\\/\"]}]},{\"@type\":\"BreadcrumbList\",\"@id\":\"https:\\\/\\\/avocat-gc.com\\\/divorce\\\/#breadcrumb\",\"itemListElement\":[{\"@type\":\"ListItem\",\"position\":1,\"name\":\"Accueil\",\"item\":\"https:\\\/\\\/avocat-gc.com\\\/divorce\\\/\"},{\"@type\":\"ListItem\",\"position\":2,\"name\":\"Accueil\"}]},{\"@type\":\"WebSite\",\"@id\":\"https:\\\/\\\/avocat-gc.com\\\/divorce\\\/#website\",\"url\":\"https:\\\/\\\/avocat-gc.com\\\/divorce\\\/\",\"name\":\"Avocat GC - Avocat Divorce\",\"description\":\"\",\"publisher\":{\"@id\":\"https:\\\/\\\/avocat-gc.com\\\/divorce\\\/#organization\"},\"potentialAction\":[{\"@type\":\"SearchAction\",\"target\":{\"@type\":\"EntryPoint\",\"urlTemplate\":\"https:\\\/\\\/avocat-gc.com\\\/divorce\\\/?s={search_term_string}\"},\"query-input\":{\"@type\":\"PropertyValueSpecification\",\"valueRequired\":true,\"valueName\":\"search_term_string\"}}],\"inLanguage\":\"fr-FR\"},{\"@type\":\"Organization\",\"@id\":\"https:\\\/\\\/avocat-gc.com\\\/divorce\\\/#organization\",\"name\":\"Avocat GC - Avocat Divorce\",\"url\":\"https:\\\/\\\/avocat-gc.com\\\/divorce\\\/\",\"logo\":{\"@type\":\"ImageObject\",\"inLanguage\":\"fr-FR\",\"@id\":\"https:\\\/\\\/avocat-gc.com\\\/divorce\\\/#\\\/schema\\\/logo\\\/image\\\/\",\"url\":\"https:\\\/\\\/avocat-gc.com\\\/divorce\\\/wp-content\\\/uploads\\\/2024\\\/04\\\/cropped-Sans-titre.png\",\"contentUrl\":\"https:\\\/\\\/avocat-gc.com\\\/divorce\\\/wp-content\\\/uploads\\\/2024\\\/04\\\/cropped-Sans-titre.png\",\"width\":200,\"height\":180,\"caption\":\"Avocat GC - Avocat Divorce\"},\"image\":{\"@id\":\"https:\\\/\\\/avocat-gc.com\\\/divorce\\\/#\\\/schema\\\/logo\\\/image\\\/\"}}]}<\/script>\n<!-- \/ Yoast SEO plugin. -->","yoast_head_json":{"title":"Avocat Divorce &#8211; Cabinet d'avocat Greffet (Avocat GC)","description":"Comment divorcer rapidement ? Contactez-moi \u260e 01.47.04.25.40 \u2014 Divorce sans juge en 1 mois d\u00e8s 425\u20ac \u2014 Avocat Divorce \u2014 France enti\u00e8re.","robots":{"index":"index","follow":"follow","max-snippet":"max-snippet:-1","max-image-preview":"max-image-preview:large","max-video-preview":"max-video-preview:-1"},"canonical":"https:\/\/avocat-gc.com\/divorce\/","og_locale":"fr_FR","og_type":"article","og_title":"Avocat Divorce &#8211; Cabinet d'avocat Greffet (Avocat GC)","og_description":"Comment divorcer rapidement ? Contactez-moi \u260e 01.47.04.25.40 \u2014 Divorce sans juge en 1 mois d\u00e8s 425\u20ac \u2014 Avocat Divorce \u2014 France enti\u00e8re.","og_url":"https:\/\/avocat-gc.com\/divorce\/","og_site_name":"Avocat GC - Avocat Divorce","article_modified_time":"2026-01-12T10:49:39+00:00","twitter_card":"summary_large_image","schema":{"@context":"https:\/\/schema.org","@graph":[{"@type":"WebPage","@id":"https:\/\/avocat-gc.com\/divorce\/","url":"https:\/\/avocat-gc.com\/divorce\/","name":"Avocat Divorce &#8211; Cabinet d'avocat Greffet (Avocat GC)","isPartOf":{"@id":"https:\/\/avocat-gc.com\/divorce\/#website"},"datePublished":"2024-03-27T16:19:05+00:00","dateModified":"2026-01-12T10:49:39+00:00","description":"Comment divorcer rapidement ? Contactez-moi \u260e 01.47.04.25.40 \u2014 Divorce sans juge en 1 mois d\u00e8s 425\u20ac \u2014 Avocat Divorce \u2014 France enti\u00e8re.","breadcrumb":{"@id":"https:\/\/avocat-gc.com\/divorce\/#breadcrumb"},"inLanguage":"fr-FR","potentialAction":[{"@type":"ReadAction","target":["https:\/\/avocat-gc.com\/divorce\/"]}]},{"@type":"BreadcrumbList","@id":"https:\/\/avocat-gc.com\/divorce\/#breadcrumb","itemListElement":[{"@type":"ListItem","position":1,"name":"Accueil","item":"https:\/\/avocat-gc.com\/divorce\/"},{"@type":"ListItem","position":2,"name":"Accueil"}]},{"@type":"WebSite","@id":"https:\/\/avocat-gc.com\/divorce\/#website","url":"https:\/\/avocat-gc.com\/divorce\/","name":"Avocat GC - Avocat Divorce","description":"","publisher":{"@id":"https:\/\/avocat-gc.com\/divorce\/#organization"},"potentialAction":[{"@type":"SearchAction","target":{"@type":"EntryPoint","urlTemplate":"https:\/\/avocat-gc.com\/divorce\/?s={search_term_string}"},"query-input":{"@type":"PropertyValueSpecification","valueRequired":true,"valueName":"search_term_string"}}],"inLanguage":"fr-FR"},{"@type":"Organization","@id":"https:\/\/avocat-gc.com\/divorce\/#organization","name":"Avocat GC - Avocat Divorce","url":"https:\/\/avocat-gc.com\/divorce\/","logo":{"@type":"ImageObject","inLanguage":"fr-FR","@id":"https:\/\/avocat-gc.com\/divorce\/#\/schema\/logo\/image\/","url":"https:\/\/avocat-gc.com\/divorce\/wp-content\/uploads\/2024\/04\/cropped-Sans-titre.png","contentUrl":"https:\/\/avocat-gc.com\/divorce\/wp-content\/uploads\/2024\/04\/cropped-Sans-titre.png","width":200,"height":180,"caption":"Avocat GC - Avocat Divorce"},"image":{"@id":"https:\/\/avocat-gc.com\/divorce\/#\/schema\/logo\/image\/"}}]}},"_links":{"self":[{"href":"https:\/\/avocat-gc.com\/divorce\/wp-json\/wp\/v2\/pages\/85","targetHints":{"allow":["GET"]}}],"collection":[{"href":"https:\/\/avocat-gc.com\/divorce\/wp-json\/wp\/v2\/pages"}],"about":[{"href":"https:\/\/avocat-gc.com\/divorce\/wp-json\/wp\/v2\/types\/page"}],"author":[{"embeddable":true,"href":"https:\/\/avocat-gc.com\/divorce\/wp-json\/wp\/v2\/users\/1"}],"replies":[{"embeddable":true,"href":"https:\/\/avocat-gc.com\/divorce\/wp-json\/wp\/v2\/comments?post=85"}],"version-history":[{"count":83,"href":"https:\/\/avocat-gc.com\/divorce\/wp-json\/wp\/v2\/pages\/85\/revisions"}],"predecessor-version":[{"id":16259,"href":"https:\/\/avocat-gc.com\/divorce\/wp-json\/wp\/v2\/pages\/85\/revisions\/16259"}],"wp:attachment":[{"href":"https:\/\/avocat-gc.com\/divorce\/wp-json\/wp\/v2\/media?parent=85"}],"wp:term":[{"taxonomy":"priorite","embeddable":true,"href":"https:\/\/avocat-gc.com\/divorce\/wp-json\/wp\/v2\/priorite?post=85"}],"curies":[{"name":"wp","href":"https:\/\/api.w.org\/{rel}","templated":true}]}}