{"id":776,"date":"2018-10-07T00:00:00","date_gmt":"2018-10-07T00:00:00","guid":{"rendered":"https:\/\/avocat-gc.com\/divorce\/avocat-divorce-amiable-sans-juge-issoire\/"},"modified":"2018-10-07T00:00:00","modified_gmt":"2018-10-07T00:00:00","slug":"avocat-divorce-amiable-sans-juge-issoire","status":"publish","type":"page","link":"https:\/\/avocat-gc.com\/divorce\/avocat-divorce-amiable-sans-juge-issoire\/","title":{"rendered":"Avocat divorce amiable sans juge \u00e0 Issoire"},"content":{"rendered":"<\/p>\n<p>Avocat divorce amiable sans juge \u00e0 Issoire<a href=\"http:\/\/avocat-gc.com\/divorce\/avocat-divorce\/issoire\/\" rel=\"nofollow noopener\" target=\"_parent\">\u25c4 Avocat divorce \u00e0 Issoire (63)<\/a><\/p>\n<h2>LE DIVORCE SANS JUGE \u00c0 ISSOIRE (63)<\/h2>\n<p class=\"img-left\"><img decoding=\"async\" alt=\"Avocat Divorce Amiable sans juge Issoire (63)\" title=\"Avocat Divorce Amiable sans juge Issoire (63)\" width=\"170\" border=\"2\" src=\"\/divorce\/wp-content\/uploads\/2024\/04\/avocat-divorce-amiable-paris.jpg\" \/><\/p>\n<p align=\"justify\">Le\u00a0<a href=\"\/divorce\/divorce-amiable\/\" rel=\"nofollow noopener\" title=\"\" target=\"_parent\">divorce \u00e0 l\u2019amiable<\/a>, est une proc\u00e9dure simple et peu ch\u00e8re qui peut, dor\u00e9navant, \u00eatre effectu\u00e9e directement au cabinet d&rsquo;avocats, sans audience au tribunal. En effet, le divorce sans juge permet aux \u00e9poux de divorcer en 1 mois, s&rsquo;ils s&rsquo;accordent au pr\u00e9alable sur chaque effet du divorce: prestation compensatoire, <a href=\"\/divorce\/definitions\/pension-alimentaire\/\" rel=\"nofollow noopener\" title=\"\" target=\"\">pension alimentaire<\/a>, garde des enfants etc&#8230;Un simple entretien avec notre avocat , experiment\u00e9\u00a0en divorce, permet de d\u00e9buter votre proc\u00e9dure de <a href=\"\/divorce\/avocat-divorce\/issoire\/\" rel=\"nofollow noopener\" title=\"\" target=\"\">divorce sans juge \u00e0 Issoire<\/a> en toute facilit\u00e9. Nous vous assisterons tout au long de votre proc\u00e9dure et r\u00e9pondrons \u00e0 vos questions.\u00a0Lors de cet entretien nous r\u00e9digeons une <a href=\"\/divorce\/convention-de-divorce\/\" rel=\"nofollow noopener\" title=\"\" target=\"\" style=\"font-weight: bold;\">convention de divorce<\/a>, sorte de contrat de divorce r\u00e9glant toutes les cons\u00e9quences et effets du divorce par consentement mutuel. Par la suite, nous vous transmettons le projet de convention par voie postale, en recommand\u00e9 avec accus\u00e9 de r\u00e9ception.\u00a0Un d\u00e9lai de 15 jours vous est attribu\u00e9 pour r\u00e9flexion puis signature de ce projet. Une fois sign\u00e9e puis renvoy\u00e9 \u00e0 notre cabinet, votre divorce sera enregistr\u00e9 par le notaire qui lui donnera<a href=\"\/divorce\/definitions\/force-executoire\/\" rel=\"nofollow noopener\" title=\"\" target=\"\">\u00a0force \u00e9xecutoire<\/a> et date certaine. Au terme de cette \u00e9tape, vous serez officiellement divorc\u00e9s.Enfin, pour vous faciliter les d\u00e9marches administratives, nous nous chargeons \u00e9galement d&rsquo;inscrire votre divorce sur vos actes d&rsquo;\u00e9tat civil et de vous joindre l&rsquo;attestation d&rsquo;enregistrement de votre divorce.Attention, le moindre d\u00e9saccord d&rsquo;un des \u00e9poux durant cette proc\u00e9dure n\u00e9cessiterait d&rsquo;entamer une proc\u00e9dure de divorce contentieuse devant le<a href=\"\/divorce\/definitions\/juge-aux-affaires-familiales\/\" rel=\"nofollow noopener\" title=\"\" target=\"\"> Juge aux Affaires Familiales<\/a>.Si vous souhaitez en savoir davantage sur le divorce sans juge, veuillez consulter notre page:\n<\/p>\n<\/p>\n<p><a href=\"\/divorce\/divorce-sans-juge\/\" rel=\"nofollow noopener\" target=\"_parent\"> \u25ba AVOCAT DIVORCE SANS JUGE <\/a><\/p>\n<h3>Articles li\u00e9s<\/h3>\n<p><a href=\"\/divorce\/articles\/comment-regler-amiablement-un-divorce\/\" rel=\"nofollow noopener\" title=\"\" target=\"_parent\">Comment r\u00e9gler amiablement un divorce ?<\/a><br \/>\n<a href=\"\/divorce\/articles\/que-faire-si-son-conjoint-est-dans-le-besoin-pendant-la-procedure-de-divorce\/\" rel=\"nofollow noopener\" title=\"\" target=\"_parent\">Que faire si son conjoint est dans le besoin pendant la proc\u00e9dure de divorce?<\/a><br \/>\n<a href=\"\/divorce\/articles\/que-faire-si-un-conjoint-refuse-de-verser-la-pension-alimentaire-des-enfants\/\" rel=\"nofollow noopener\" title=\"\" target=\"_parent\">Que faire si un conjoint refuse de verser la pension alimentaire des enfants?<\/a><\/p>\n<p>\u25ba A T\u00c9L\u00c9CHARGER: <a href=\"\/divorce\/divorce-sans-juge\/issoire\/\" rel=\"nofollow\">Mod\u00e8le de convention de divorce sans juge \u00e0 Issoire (63)<\/a><\/p>\n<h3>Divorce sans juge &#8211; les tarifs<\/h3>\n<p align=\"justify\">Vous souhaitez connaitre les tarifs d&rsquo;un divorce \u00e0 l&rsquo;amiable \u00e0 Issoire (63)\u00a0? Merci de nous adresser le devis en ligne ci-apr\u00e8s:<\/p>\n<\/p>\n<p><a href=\"http:\/\/avocat-gc.com\/divorce\/avocat-divorce-10-ans-dexperience\/\" rel=\"nofollow noopener\" target=\"_parent\"> \u25ba DEVIS: AVOCAT DIVORCE \u00c0 ISSOIRE<\/a><\/p>\n<p> J&rsquo;INTERVIENS DANS TOUTE LA FRANCE <a href=\"http:\/\/avocat-gc.com\/divorce\/avocat-divorce\/paris\/\" rel=\"nofollow noopener\" title=\"\" target=\"_parent\">Notre cabinet \u00e0 Paris<\/a> : 42 Rue de L\u00fcbeck, 75116 Paris 01 47 04 25 40<\/p>\n","protected":false},"excerpt":{"rendered":"<p>Avocat divorce amiable sans juge \u00e0 Issoire\u25c4 Avocat divorce \u00e0 Issoire (63) LE DIVORCE SANS JUGE \u00c0 ISSOIRE (63) Le\u00a0divorce \u00e0 l\u2019amiable, est une proc\u00e9dure simple et peu ch\u00e8re qui peut, dor\u00e9navant, \u00eatre effectu\u00e9e directement au cabinet d&rsquo;avocats, sans audience au tribunal. En effet, le divorce sans juge permet aux \u00e9poux de divorcer en 1 [&hellip;]<\/p>\n","protected":false},"author":1,"featured_media":0,"parent":0,"menu_order":0,"comment_status":"closed","ping_status":"closed","template":"","meta":{"_acf_changed":false,"inline_featured_image":false,"footnotes":""},"priorite":[],"class_list":["post-776","page","type-page","status-publish","hentry"],"acf":[],"yoast_head":"<!-- This site is optimized with the Yoast SEO plugin v27.6 - https:\/\/yoast.com\/product\/yoast-seo-wordpress\/ -->\n<title>Avocat divorce amiable sans juge \u00e0 Issoire - Avocat Divorce<\/title>\n<meta name=\"description\" content=\"Divorcez \u00e0 l&#039;amiable et sans juge \u00e0 Issoire (63) en 1 mois \u00e0 partir de 425\u20ac TTC. Contactez un Avocat divorce au \u260e 01.47.04.25.40 . Recevez un devis gratuit et imm\u00e9diat pour votre divorce. Cabinet Gueguen-Carroll. Divorce amiable - Divorce sans juge - Divorce par consentement mutuel\" \/>\n<meta name=\"robots\" content=\"index, follow, max-snippet:-1, max-image-preview:large, max-video-preview:-1\" \/>\n<link rel=\"canonical\" href=\"https:\/\/avocat-gc.com\/divorce\/avocat-divorce-amiable-sans-juge-issoire\/\" \/>\n<meta property=\"og:locale\" content=\"fr_FR\" \/>\n<meta property=\"og:type\" content=\"article\" \/>\n<meta property=\"og:title\" content=\"Avocat divorce amiable sans juge \u00e0 Issoire - Avocat Divorce\" \/>\n<meta property=\"og:description\" content=\"Divorcez \u00e0 l&#039;amiable et sans juge \u00e0 Issoire (63) en 1 mois \u00e0 partir de 425\u20ac TTC. Contactez un Avocat divorce au \u260e 01.47.04.25.40 . Recevez un devis gratuit et imm\u00e9diat pour votre divorce. Cabinet Gueguen-Carroll. Divorce amiable - Divorce sans juge - Divorce par consentement mutuel\" \/>\n<meta property=\"og:url\" content=\"https:\/\/avocat-gc.com\/divorce\/avocat-divorce-amiable-sans-juge-issoire\/\" \/>\n<meta property=\"og:site_name\" content=\"Avocat GC - Avocat Divorce\" \/>\n<meta name=\"twitter:card\" content=\"summary_large_image\" \/>\n<script type=\"application\/ld+json\" class=\"yoast-schema-graph\">{\"@context\":\"https:\\\/\\\/schema.org\",\"@graph\":[{\"@type\":\"WebPage\",\"@id\":\"https:\\\/\\\/avocat-gc.com\\\/divorce\\\/avocat-divorce-amiable-sans-juge-issoire\\\/\",\"url\":\"https:\\\/\\\/avocat-gc.com\\\/divorce\\\/avocat-divorce-amiable-sans-juge-issoire\\\/\",\"name\":\"Avocat divorce amiable sans juge \u00e0 Issoire - Avocat Divorce\",\"isPartOf\":{\"@id\":\"https:\\\/\\\/avocat-gc.com\\\/divorce\\\/#website\"},\"datePublished\":\"2018-10-07T00:00:00+00:00\",\"description\":\"Divorcez \u00e0 l'amiable et sans juge \u00e0 Issoire (63) en 1 mois \u00e0 partir de 425\u20ac TTC. Contactez un Avocat divorce au \u260e 01.47.04.25.40 . Recevez un devis gratuit et imm\u00e9diat pour votre divorce. Cabinet Gueguen-Carroll. Divorce amiable - Divorce sans juge - Divorce par consentement mutuel\",\"breadcrumb\":{\"@id\":\"https:\\\/\\\/avocat-gc.com\\\/divorce\\\/avocat-divorce-amiable-sans-juge-issoire\\\/#breadcrumb\"},\"inLanguage\":\"fr-FR\",\"potentialAction\":[{\"@type\":\"ReadAction\",\"target\":[\"https:\\\/\\\/avocat-gc.com\\\/divorce\\\/avocat-divorce-amiable-sans-juge-issoire\\\/\"]}]},{\"@type\":\"BreadcrumbList\",\"@id\":\"https:\\\/\\\/avocat-gc.com\\\/divorce\\\/avocat-divorce-amiable-sans-juge-issoire\\\/#breadcrumb\",\"itemListElement\":[{\"@type\":\"ListItem\",\"position\":1,\"name\":\"Accueil\",\"item\":\"https:\\\/\\\/avocat-gc.com\\\/divorce\\\/\"},{\"@type\":\"ListItem\",\"position\":2,\"name\":\"Avocat divorce amiable sans juge \u00e0 Issoire\"}]},{\"@type\":\"WebSite\",\"@id\":\"https:\\\/\\\/avocat-gc.com\\\/divorce\\\/#website\",\"url\":\"https:\\\/\\\/avocat-gc.com\\\/divorce\\\/\",\"name\":\"Avocat GC - Avocat Divorce\",\"description\":\"\",\"publisher\":{\"@id\":\"https:\\\/\\\/avocat-gc.com\\\/divorce\\\/#organization\"},\"potentialAction\":[{\"@type\":\"SearchAction\",\"target\":{\"@type\":\"EntryPoint\",\"urlTemplate\":\"https:\\\/\\\/avocat-gc.com\\\/divorce\\\/?s={search_term_string}\"},\"query-input\":{\"@type\":\"PropertyValueSpecification\",\"valueRequired\":true,\"valueName\":\"search_term_string\"}}],\"inLanguage\":\"fr-FR\"},{\"@type\":\"Organization\",\"@id\":\"https:\\\/\\\/avocat-gc.com\\\/divorce\\\/#organization\",\"name\":\"Avocat GC - Avocat Divorce\",\"url\":\"https:\\\/\\\/avocat-gc.com\\\/divorce\\\/\",\"logo\":{\"@type\":\"ImageObject\",\"inLanguage\":\"fr-FR\",\"@id\":\"https:\\\/\\\/avocat-gc.com\\\/divorce\\\/#\\\/schema\\\/logo\\\/image\\\/\",\"url\":\"https:\\\/\\\/avocat-gc.com\\\/divorce\\\/wp-content\\\/uploads\\\/2024\\\/04\\\/cropped-Sans-titre.png\",\"contentUrl\":\"https:\\\/\\\/avocat-gc.com\\\/divorce\\\/wp-content\\\/uploads\\\/2024\\\/04\\\/cropped-Sans-titre.png\",\"width\":200,\"height\":180,\"caption\":\"Avocat GC - Avocat Divorce\"},\"image\":{\"@id\":\"https:\\\/\\\/avocat-gc.com\\\/divorce\\\/#\\\/schema\\\/logo\\\/image\\\/\"}}]}<\/script>\n<!-- \/ Yoast SEO plugin. -->","yoast_head_json":{"title":"Avocat divorce amiable sans juge \u00e0 Issoire - Avocat Divorce","description":"Divorcez \u00e0 l'amiable et sans juge \u00e0 Issoire (63) en 1 mois \u00e0 partir de 425\u20ac TTC. Contactez un Avocat divorce au \u260e 01.47.04.25.40 . Recevez un devis gratuit et imm\u00e9diat pour votre divorce. Cabinet Gueguen-Carroll. Divorce amiable - Divorce sans juge - Divorce par consentement mutuel","robots":{"index":"index","follow":"follow","max-snippet":"max-snippet:-1","max-image-preview":"max-image-preview:large","max-video-preview":"max-video-preview:-1"},"canonical":"https:\/\/avocat-gc.com\/divorce\/avocat-divorce-amiable-sans-juge-issoire\/","og_locale":"fr_FR","og_type":"article","og_title":"Avocat divorce amiable sans juge \u00e0 Issoire - Avocat Divorce","og_description":"Divorcez \u00e0 l'amiable et sans juge \u00e0 Issoire (63) en 1 mois \u00e0 partir de 425\u20ac TTC. Contactez un Avocat divorce au \u260e 01.47.04.25.40 . Recevez un devis gratuit et imm\u00e9diat pour votre divorce. Cabinet Gueguen-Carroll. Divorce amiable - Divorce sans juge - Divorce par consentement mutuel","og_url":"https:\/\/avocat-gc.com\/divorce\/avocat-divorce-amiable-sans-juge-issoire\/","og_site_name":"Avocat GC - Avocat Divorce","twitter_card":"summary_large_image","schema":{"@context":"https:\/\/schema.org","@graph":[{"@type":"WebPage","@id":"https:\/\/avocat-gc.com\/divorce\/avocat-divorce-amiable-sans-juge-issoire\/","url":"https:\/\/avocat-gc.com\/divorce\/avocat-divorce-amiable-sans-juge-issoire\/","name":"Avocat divorce amiable sans juge \u00e0 Issoire - Avocat Divorce","isPartOf":{"@id":"https:\/\/avocat-gc.com\/divorce\/#website"},"datePublished":"2018-10-07T00:00:00+00:00","description":"Divorcez \u00e0 l'amiable et sans juge \u00e0 Issoire (63) en 1 mois \u00e0 partir de 425\u20ac TTC. Contactez un Avocat divorce au \u260e 01.47.04.25.40 . Recevez un devis gratuit et imm\u00e9diat pour votre divorce. Cabinet Gueguen-Carroll. Divorce amiable - Divorce sans juge - Divorce par consentement mutuel","breadcrumb":{"@id":"https:\/\/avocat-gc.com\/divorce\/avocat-divorce-amiable-sans-juge-issoire\/#breadcrumb"},"inLanguage":"fr-FR","potentialAction":[{"@type":"ReadAction","target":["https:\/\/avocat-gc.com\/divorce\/avocat-divorce-amiable-sans-juge-issoire\/"]}]},{"@type":"BreadcrumbList","@id":"https:\/\/avocat-gc.com\/divorce\/avocat-divorce-amiable-sans-juge-issoire\/#breadcrumb","itemListElement":[{"@type":"ListItem","position":1,"name":"Accueil","item":"https:\/\/avocat-gc.com\/divorce\/"},{"@type":"ListItem","position":2,"name":"Avocat divorce amiable sans juge \u00e0 Issoire"}]},{"@type":"WebSite","@id":"https:\/\/avocat-gc.com\/divorce\/#website","url":"https:\/\/avocat-gc.com\/divorce\/","name":"Avocat GC - Avocat Divorce","description":"","publisher":{"@id":"https:\/\/avocat-gc.com\/divorce\/#organization"},"potentialAction":[{"@type":"SearchAction","target":{"@type":"EntryPoint","urlTemplate":"https:\/\/avocat-gc.com\/divorce\/?s={search_term_string}"},"query-input":{"@type":"PropertyValueSpecification","valueRequired":true,"valueName":"search_term_string"}}],"inLanguage":"fr-FR"},{"@type":"Organization","@id":"https:\/\/avocat-gc.com\/divorce\/#organization","name":"Avocat GC - Avocat Divorce","url":"https:\/\/avocat-gc.com\/divorce\/","logo":{"@type":"ImageObject","inLanguage":"fr-FR","@id":"https:\/\/avocat-gc.com\/divorce\/#\/schema\/logo\/image\/","url":"https:\/\/avocat-gc.com\/divorce\/wp-content\/uploads\/2024\/04\/cropped-Sans-titre.png","contentUrl":"https:\/\/avocat-gc.com\/divorce\/wp-content\/uploads\/2024\/04\/cropped-Sans-titre.png","width":200,"height":180,"caption":"Avocat GC - Avocat Divorce"},"image":{"@id":"https:\/\/avocat-gc.com\/divorce\/#\/schema\/logo\/image\/"}}]}},"_links":{"self":[{"href":"https:\/\/avocat-gc.com\/divorce\/wp-json\/wp\/v2\/pages\/776","targetHints":{"allow":["GET"]}}],"collection":[{"href":"https:\/\/avocat-gc.com\/divorce\/wp-json\/wp\/v2\/pages"}],"about":[{"href":"https:\/\/avocat-gc.com\/divorce\/wp-json\/wp\/v2\/types\/page"}],"author":[{"embeddable":true,"href":"https:\/\/avocat-gc.com\/divorce\/wp-json\/wp\/v2\/users\/1"}],"replies":[{"embeddable":true,"href":"https:\/\/avocat-gc.com\/divorce\/wp-json\/wp\/v2\/comments?post=776"}],"version-history":[{"count":0,"href":"https:\/\/avocat-gc.com\/divorce\/wp-json\/wp\/v2\/pages\/776\/revisions"}],"wp:attachment":[{"href":"https:\/\/avocat-gc.com\/divorce\/wp-json\/wp\/v2\/media?parent=776"}],"wp:term":[{"taxonomy":"priorite","embeddable":true,"href":"https:\/\/avocat-gc.com\/divorce\/wp-json\/wp\/v2\/priorite?post=776"}],"curies":[{"name":"wp","href":"https:\/\/api.w.org\/{rel}","templated":true}]}}