{"id":7060,"date":"2024-03-31T10:07:32","date_gmt":"2024-03-31T10:07:32","guid":{"rendered":"https:\/\/avocat-gc.com\/divorce\/saint-etienne\/"},"modified":"2024-04-11T10:31:43","modified_gmt":"2024-04-11T10:31:43","slug":"saint-etienne","status":"publish","type":"page","link":"https:\/\/avocat-gc.com\/divorce\/avocat-divorce\/saint-etienne\/","title":{"rendered":"Avocat divorce \u00e0 Saint-Etienne (42)"},"content":{"rendered":"<\/p>\n<p>Avocat Divorce \u00e0 Saint-Etienne (42)<\/p>\n<h2>VOTRE DIVORCE \u00c0 SAINT-ETIENNE EN 1 MOIS<\/h2>\n<p> J&rsquo;INTERVIENS DANS TOUTE LA FRANCE <a href=\"http:\/\/avocat-gc.com\/divorce\/avocat-divorce\/paris\/\" rel=\"nofollow noopener\" title=\"\" target=\"_parent\">Notre cabinet \u00e0 Paris<\/a> : 42 Rue de L\u00fcbeck, 75116 Paris 01 47 04 25 40<\/p>\n<h3>1 &#8211; Le rendez-vous<\/h3>\n<p class=\"img-right\"><img decoding=\"async\" alt=\"Avocat divorce \u00e0 Saint-Etienne (42)\" title=\"Avocat divorce \u00e0 Saint-Etienne (42)\" width=\"170\" border=\"2\" src=\"\/divorce\/wp-content\/uploads\/2024\/04\/divorce-consentement-mutuel.png\" \/><\/p>\n<p align=\"justify\">Vous souhaitez divorcer \u00e0 l&rsquo;amiable \u00e0 Saint-Etienne ? La premi\u00e8re \u00e9tape consiste \u00e0 prendre rendez-vous avec notre Avocat Divorce pour un entretien. Nous sommes comp\u00e9tents pour vous divorcer dans la Loire en r\u00e9gion Auvergne-Rh\u00f4ne-Alpes. Pour prendre un rendez-vous, il suffit de nous contacter par t\u00e9l\u00e9phone au 01 47 04 25 40 ou par email \u00e0 <a href=\"mailto:info@avocat-gc.com\">info@avocat-gc.com<\/a>. Lors de cet entretien avec notre avocat :<\/p>\n<p>Nous vous expliquerons le d\u00e9roulement de votre divorce.<br \/>\nNous r\u00e9digerons votre convention de divorce.<\/p>\n<h3>2 &#8211; La signature<\/h3>\n<p class=\"img-left\"><img decoding=\"async\" alt=\"Avocat Divorce sans juge Saint-Etienne (42)\" title=\" Avocat Divorce sans juge Saint-Etienne (42)\" width=\"170\" border=\"2\" src=\"\/divorce\/wp-content\/uploads\/2024\/04\/divorce-sans-avocat.jpg\" \/><\/p>\n<p align=\"justify\">Depuis la simplification du divorce amiable, la proc\u00e9dure s&rsquo;effectue directement devant les avocats. En effet, le projet de convention vous est transmis directement \u00e0 votre domicile pour \u00eatre soumis \u00e0 votre signature dans un d\u00e9lai de 15 jours. Puis, les documents sont envoy\u00e9s au notaire qui enregistre votre divorce.\u00a0    DIVORCE DEVANT LE JUGE :  Dans certains conditions, il est toujours possible de\u00a0divorcer \u00e0 l&rsquo;amiable devant le Juge. La proc\u00e9dure, plus longue, n\u00e9cessite une audience au tribunal \u00e0 laquelle il est obligatoire d&rsquo;assister ainsi que votre avocat.   \u00c0 SAVOIR :\u00a0La proc\u00e9dure de divorce sans juge n&rsquo;est valable que dans le cadre d&rsquo;un divorce \u00e0 l&rsquo;amiable sur lequel s&rsquo;entendent les \u00e9poux. Le cas contraire, il faudrait alors opter pour un divorce contentieux qui se r\u00e9glera au terme de plusieurs audiences au tribunal:<\/p>\n<p class=\"img-right\"><img decoding=\"async\" align=\"right\" alt=\"Avocat divorce TGI Saint-Etienne (42)\" title=\"Avocat divorce TGI Saint-Etienne (42)\" width=\"80\" border=\"2\" src=\"\/divorce\/wp-content\/uploads\/2024\/04\/tgi\/tgi-palais-justice-saint-etienne.jpeg\" \/><\/p>\n<\/p>\n<p>Tribunal de grande instance de Saint-Etienne  place du Palais de Justice 42022 ST ETIENNE CEDEX 1T\u00e8l: +33 4 77 43 33 00 &#8211; Fax: +33 4 77 43 33 77 Du Lundi au Vendredi : de 08h00 \u00e0 17h00<\/p>\n<h3>3 &#8211; L&rsquo;enregistrement<\/h3>\n<p class=\"img-right\"><img decoding=\"async\" align=\"left\" alt=\"Avocat divorce Amiable Saint-Etienne (42)\" title=\"Avocat divorce Amiable Saint-Etienne (42)\" width=\"170\" border=\"2\" src=\"\/divorce\/wp-content\/uploads\/2024\/04\/divorce-simple.png\" style=\"padding:5px;margin-right: 5px;\" \/><\/p>\n<p align=\"justify\">Nous vous adressons l&rsquo;attestation d&rsquo;enregistrement de divorce et nous accomplissons les formalit\u00e9s d&rsquo;inscription de votre divorce sur vos actes d&rsquo;\u00e9tat civil. Pour conna\u00eetre les tarifs d&rsquo;un divorce \u00e0 Saint-Etienne (42), merci de remplir le devis en ligne ci-apr\u00e8s:<\/p>\n<\/p>\n<p><a href=\"http:\/\/avocat-gc.com\/divorce\/avocat-divorce-10-ans-dexperience\/\" rel=\"nofollow noopener\" target=\"_parent\">\u25ba DEVIS: AVOCAT DIVORCE \u00c0 SAINT-ETIENNE<\/a><\/p>\n<h3> 4 &#8211; Divorcer sans juge \u00e0 Saint-Etienne (42) <\/h3>\n<p align=\"justify\">Pour en savoir davantage sur les \u00e9tapes d&rsquo;un divorce sans juge \u00e0 Saint-Etienne (42), veuillez suivre le lien ci-apr\u00e8s:<\/p>\n<p><a href=\"https:\/\/avocat-gc.com\/divorce\/avocat-divorce\/saint-etienne\/divorce-amiable-saint-etienne\/\" class=\"lien-ville\">AVOCAT DIVORCE AMIABLE SANS JUGE SAINT-ETIENNE<\/a><\/p>\n","protected":false},"excerpt":{"rendered":"<p>Avocat Divorce \u00e0 Saint-Etienne (42) VOTRE DIVORCE \u00c0 SAINT-ETIENNE EN 1 MOIS J&rsquo;INTERVIENS DANS TOUTE LA FRANCE Notre cabinet \u00e0 Paris : 42 Rue de L\u00fcbeck, 75116 Paris 01 47 04 25 40 1 &#8211; Le rendez-vous Vous souhaitez divorcer \u00e0 l&rsquo;amiable \u00e0 Saint-Etienne ? La premi\u00e8re \u00e9tape consiste \u00e0 prendre rendez-vous avec notre Avocat [&hellip;]<\/p>\n","protected":false},"author":1,"featured_media":0,"parent":7084,"menu_order":0,"comment_status":"closed","ping_status":"closed","template":"page-ville.php","meta":{"_acf_changed":false,"inline_featured_image":false,"footnotes":""},"priorite":[],"class_list":["post-7060","page","type-page","status-publish","hentry"],"acf":[],"yoast_head":"<!-- This site is optimized with the Yoast SEO plugin v27.6 - https:\/\/yoast.com\/product\/yoast-seo-wordpress\/ -->\n<title>Avocat divorce \u00e0 Saint-Etienne (42) - Avocat Divorce<\/title>\n<meta name=\"description\" content=\"Divorcez \u00e0 Saint-Etienne (42) en 1 mois \u00e0 partir de 425\u20ac TTC. Contactez un Avocat divorce au 01.47.04.25.40 . Devis Gratuit &amp; Imm\u00e9diat. Cabinet Avocat GC. Divorce amiable - Divorce sans juge\" \/>\n<meta name=\"robots\" content=\"index, follow, max-snippet:-1, max-image-preview:large, max-video-preview:-1\" \/>\n<link rel=\"canonical\" href=\"https:\/\/avocat-gc.com\/divorce\/avocat-divorce\/saint-etienne\/\" \/>\n<meta property=\"og:locale\" content=\"fr_FR\" \/>\n<meta property=\"og:type\" content=\"article\" \/>\n<meta property=\"og:title\" content=\"Avocat divorce \u00e0 Saint-Etienne (42) - Avocat Divorce\" \/>\n<meta property=\"og:description\" content=\"Divorcez \u00e0 Saint-Etienne (42) en 1 mois \u00e0 partir de 425\u20ac TTC. Contactez un Avocat divorce au 01.47.04.25.40 . Devis Gratuit &amp; Imm\u00e9diat. Cabinet Avocat GC. Divorce amiable - Divorce sans juge\" \/>\n<meta property=\"og:url\" content=\"https:\/\/avocat-gc.com\/divorce\/avocat-divorce\/saint-etienne\/\" \/>\n<meta property=\"og:site_name\" content=\"Avocat GC - Avocat Divorce\" \/>\n<meta property=\"article:modified_time\" content=\"2024-04-11T10:31:43+00:00\" \/>\n<meta name=\"twitter:card\" content=\"summary_large_image\" \/>\n<script type=\"application\/ld+json\" class=\"yoast-schema-graph\">{\"@context\":\"https:\\\/\\\/schema.org\",\"@graph\":[{\"@type\":\"WebPage\",\"@id\":\"https:\\\/\\\/avocat-gc.com\\\/divorce\\\/avocat-divorce\\\/saint-etienne\\\/\",\"url\":\"https:\\\/\\\/avocat-gc.com\\\/divorce\\\/avocat-divorce\\\/saint-etienne\\\/\",\"name\":\"Avocat divorce \u00e0 Saint-Etienne (42) - Avocat Divorce\",\"isPartOf\":{\"@id\":\"https:\\\/\\\/avocat-gc.com\\\/divorce\\\/#website\"},\"datePublished\":\"2024-03-31T10:07:32+00:00\",\"dateModified\":\"2024-04-11T10:31:43+00:00\",\"description\":\"Divorcez \u00e0 Saint-Etienne (42) en 1 mois \u00e0 partir de 425\u20ac TTC. Contactez un Avocat divorce au 01.47.04.25.40 . Devis Gratuit & Imm\u00e9diat. Cabinet Avocat GC. Divorce amiable - Divorce sans juge\",\"breadcrumb\":{\"@id\":\"https:\\\/\\\/avocat-gc.com\\\/divorce\\\/avocat-divorce\\\/saint-etienne\\\/#breadcrumb\"},\"inLanguage\":\"fr-FR\",\"potentialAction\":[{\"@type\":\"ReadAction\",\"target\":[\"https:\\\/\\\/avocat-gc.com\\\/divorce\\\/avocat-divorce\\\/saint-etienne\\\/\"]}]},{\"@type\":\"BreadcrumbList\",\"@id\":\"https:\\\/\\\/avocat-gc.com\\\/divorce\\\/avocat-divorce\\\/saint-etienne\\\/#breadcrumb\",\"itemListElement\":[{\"@type\":\"ListItem\",\"position\":1,\"name\":\"Accueil\",\"item\":\"https:\\\/\\\/avocat-gc.com\\\/divorce\\\/\"},{\"@type\":\"ListItem\",\"position\":2,\"name\":\"Avocat Divorce\",\"item\":\"https:\\\/\\\/avocat-gc.com\\\/divorce\\\/avocat-divorce\\\/\"},{\"@type\":\"ListItem\",\"position\":3,\"name\":\"Avocat divorce \u00e0 Saint-Etienne (42)\"}]},{\"@type\":\"WebSite\",\"@id\":\"https:\\\/\\\/avocat-gc.com\\\/divorce\\\/#website\",\"url\":\"https:\\\/\\\/avocat-gc.com\\\/divorce\\\/\",\"name\":\"Avocat GC - Avocat Divorce\",\"description\":\"\",\"publisher\":{\"@id\":\"https:\\\/\\\/avocat-gc.com\\\/divorce\\\/#organization\"},\"potentialAction\":[{\"@type\":\"SearchAction\",\"target\":{\"@type\":\"EntryPoint\",\"urlTemplate\":\"https:\\\/\\\/avocat-gc.com\\\/divorce\\\/?s={search_term_string}\"},\"query-input\":{\"@type\":\"PropertyValueSpecification\",\"valueRequired\":true,\"valueName\":\"search_term_string\"}}],\"inLanguage\":\"fr-FR\"},{\"@type\":\"Organization\",\"@id\":\"https:\\\/\\\/avocat-gc.com\\\/divorce\\\/#organization\",\"name\":\"Avocat GC - Avocat Divorce\",\"url\":\"https:\\\/\\\/avocat-gc.com\\\/divorce\\\/\",\"logo\":{\"@type\":\"ImageObject\",\"inLanguage\":\"fr-FR\",\"@id\":\"https:\\\/\\\/avocat-gc.com\\\/divorce\\\/#\\\/schema\\\/logo\\\/image\\\/\",\"url\":\"https:\\\/\\\/avocat-gc.com\\\/divorce\\\/wp-content\\\/uploads\\\/2024\\\/04\\\/cropped-Sans-titre.png\",\"contentUrl\":\"https:\\\/\\\/avocat-gc.com\\\/divorce\\\/wp-content\\\/uploads\\\/2024\\\/04\\\/cropped-Sans-titre.png\",\"width\":200,\"height\":180,\"caption\":\"Avocat GC - Avocat Divorce\"},\"image\":{\"@id\":\"https:\\\/\\\/avocat-gc.com\\\/divorce\\\/#\\\/schema\\\/logo\\\/image\\\/\"}}]}<\/script>\n<!-- \/ Yoast SEO plugin. -->","yoast_head_json":{"title":"Avocat divorce \u00e0 Saint-Etienne (42) - Avocat Divorce","description":"Divorcez \u00e0 Saint-Etienne (42) en 1 mois \u00e0 partir de 425\u20ac TTC. Contactez un Avocat divorce au 01.47.04.25.40 . Devis Gratuit & Imm\u00e9diat. Cabinet Avocat GC. Divorce amiable - Divorce sans juge","robots":{"index":"index","follow":"follow","max-snippet":"max-snippet:-1","max-image-preview":"max-image-preview:large","max-video-preview":"max-video-preview:-1"},"canonical":"https:\/\/avocat-gc.com\/divorce\/avocat-divorce\/saint-etienne\/","og_locale":"fr_FR","og_type":"article","og_title":"Avocat divorce \u00e0 Saint-Etienne (42) - Avocat Divorce","og_description":"Divorcez \u00e0 Saint-Etienne (42) en 1 mois \u00e0 partir de 425\u20ac TTC. Contactez un Avocat divorce au 01.47.04.25.40 . Devis Gratuit & Imm\u00e9diat. Cabinet Avocat GC. Divorce amiable - Divorce sans juge","og_url":"https:\/\/avocat-gc.com\/divorce\/avocat-divorce\/saint-etienne\/","og_site_name":"Avocat GC - Avocat Divorce","article_modified_time":"2024-04-11T10:31:43+00:00","twitter_card":"summary_large_image","schema":{"@context":"https:\/\/schema.org","@graph":[{"@type":"WebPage","@id":"https:\/\/avocat-gc.com\/divorce\/avocat-divorce\/saint-etienne\/","url":"https:\/\/avocat-gc.com\/divorce\/avocat-divorce\/saint-etienne\/","name":"Avocat divorce \u00e0 Saint-Etienne (42) - Avocat Divorce","isPartOf":{"@id":"https:\/\/avocat-gc.com\/divorce\/#website"},"datePublished":"2024-03-31T10:07:32+00:00","dateModified":"2024-04-11T10:31:43+00:00","description":"Divorcez \u00e0 Saint-Etienne (42) en 1 mois \u00e0 partir de 425\u20ac TTC. Contactez un Avocat divorce au 01.47.04.25.40 . Devis Gratuit & Imm\u00e9diat. Cabinet Avocat GC. Divorce amiable - Divorce sans juge","breadcrumb":{"@id":"https:\/\/avocat-gc.com\/divorce\/avocat-divorce\/saint-etienne\/#breadcrumb"},"inLanguage":"fr-FR","potentialAction":[{"@type":"ReadAction","target":["https:\/\/avocat-gc.com\/divorce\/avocat-divorce\/saint-etienne\/"]}]},{"@type":"BreadcrumbList","@id":"https:\/\/avocat-gc.com\/divorce\/avocat-divorce\/saint-etienne\/#breadcrumb","itemListElement":[{"@type":"ListItem","position":1,"name":"Accueil","item":"https:\/\/avocat-gc.com\/divorce\/"},{"@type":"ListItem","position":2,"name":"Avocat Divorce","item":"https:\/\/avocat-gc.com\/divorce\/avocat-divorce\/"},{"@type":"ListItem","position":3,"name":"Avocat divorce \u00e0 Saint-Etienne (42)"}]},{"@type":"WebSite","@id":"https:\/\/avocat-gc.com\/divorce\/#website","url":"https:\/\/avocat-gc.com\/divorce\/","name":"Avocat GC - Avocat Divorce","description":"","publisher":{"@id":"https:\/\/avocat-gc.com\/divorce\/#organization"},"potentialAction":[{"@type":"SearchAction","target":{"@type":"EntryPoint","urlTemplate":"https:\/\/avocat-gc.com\/divorce\/?s={search_term_string}"},"query-input":{"@type":"PropertyValueSpecification","valueRequired":true,"valueName":"search_term_string"}}],"inLanguage":"fr-FR"},{"@type":"Organization","@id":"https:\/\/avocat-gc.com\/divorce\/#organization","name":"Avocat GC - Avocat Divorce","url":"https:\/\/avocat-gc.com\/divorce\/","logo":{"@type":"ImageObject","inLanguage":"fr-FR","@id":"https:\/\/avocat-gc.com\/divorce\/#\/schema\/logo\/image\/","url":"https:\/\/avocat-gc.com\/divorce\/wp-content\/uploads\/2024\/04\/cropped-Sans-titre.png","contentUrl":"https:\/\/avocat-gc.com\/divorce\/wp-content\/uploads\/2024\/04\/cropped-Sans-titre.png","width":200,"height":180,"caption":"Avocat GC - Avocat Divorce"},"image":{"@id":"https:\/\/avocat-gc.com\/divorce\/#\/schema\/logo\/image\/"}}]}},"_links":{"self":[{"href":"https:\/\/avocat-gc.com\/divorce\/wp-json\/wp\/v2\/pages\/7060","targetHints":{"allow":["GET"]}}],"collection":[{"href":"https:\/\/avocat-gc.com\/divorce\/wp-json\/wp\/v2\/pages"}],"about":[{"href":"https:\/\/avocat-gc.com\/divorce\/wp-json\/wp\/v2\/types\/page"}],"author":[{"embeddable":true,"href":"https:\/\/avocat-gc.com\/divorce\/wp-json\/wp\/v2\/users\/1"}],"replies":[{"embeddable":true,"href":"https:\/\/avocat-gc.com\/divorce\/wp-json\/wp\/v2\/comments?post=7060"}],"version-history":[{"count":0,"href":"https:\/\/avocat-gc.com\/divorce\/wp-json\/wp\/v2\/pages\/7060\/revisions"}],"up":[{"embeddable":true,"href":"https:\/\/avocat-gc.com\/divorce\/wp-json\/wp\/v2\/pages\/7084"}],"wp:attachment":[{"href":"https:\/\/avocat-gc.com\/divorce\/wp-json\/wp\/v2\/media?parent=7060"}],"wp:term":[{"taxonomy":"priorite","embeddable":true,"href":"https:\/\/avocat-gc.com\/divorce\/wp-json\/wp\/v2\/priorite?post=7060"}],"curies":[{"name":"wp","href":"https:\/\/api.w.org\/{rel}","templated":true}]}}