{"id":7030,"date":"2024-03-31T10:07:27","date_gmt":"2024-03-31T10:07:27","guid":{"rendered":"https:\/\/avocat-gc.com\/divorce\/aulnay-sous-bois\/"},"modified":"2025-02-24T15:50:36","modified_gmt":"2025-02-24T15:50:36","slug":"aulnay-sous-bois","status":"publish","type":"page","link":"https:\/\/avocat-gc.com\/divorce\/avocat-divorce\/aulnay-sous-bois\/","title":{"rendered":"Avocat Divorce \u00e0 Aulnay-sous-Bois (93)"},"content":{"rendered":"<h2>VOTRE DIVORCE \u00c0 AULNAY-SOUS-BOIS EN 1 MOIS<\/h2>\n<p> J&rsquo;INTERVIENS DANS TOUTE LA FRANCE <a href=\"\/divorce\/avocat-divorce\/paris\/\" rel=\"nofollow noopener\" title=\"\" target=\"_parent\">Notre cabinet \u00e0 Paris<\/a> : 42 Rue de L\u00fcbeck, 75116 Paris 01 47 04 25 40<\/p>\n<h3>1 &#8211; Le rendez-vous<\/h3>\n<p class=\"img-right\"><img decoding=\"async\" alt=\"Avocat Divorce \u00e0 Aulnay-sous-Bois (93)\" title=\"Avocat Divorce \u00e0 Aulnay-sous-Bois (93)\" width=\"170\" border=\"2\" src=\"\/divorce\/wp-content\/uploads\/2024\/04\/divorce-consentement-mutuel.png\" \/><\/p>\n<p align=\"justify\">Vous d\u00e9sirez divorcer rapidement \u00e0 un tarif raisonnable ? Le divorce sans juge permet de divorcer dans un d\u00e9lai g\u00e9n\u00e9ral d&rsquo;un mois pour un co\u00fbt mod\u00e9r\u00e9. Votre proc\u00e9dure d\u00e9bute par la prise de contact avec un avocat divorce. Notre cabinet d&rsquo;avocats est comp\u00e9tent pour vous divorcer dans le d\u00e9partement de Seine-Saint-Denis, en Ile-de-France. Il suffit de nous contacter par t\u00e9l\u00e9phone au 01.47.04.25.40 ou par email \u00e0 l&rsquo;adresse <a href=\"mailto:info@avocat-gc.com\">info@avocat-gc.com<\/a>. . Lors de ce rendez-vous :<\/p>\n<p>&#8211; Nous vous exposerons le d\u00e9roulement de la proc\u00e9dure de divorce \u00e0 venir.<br \/>\n&#8211; Notre avocat divorce sera \u00e0 votre \u00e9coute et r\u00e9pondra \u00e0 vos questions avant, pendant et suite \u00e0 votre divorce.<br \/>\n&#8211; Votre convention de divorce sera r\u00e9dig\u00e9e<\/p>\n<h3>2 &#8211; La signature<\/h3>\n<p class=\"img-left\"><img decoding=\"async\" alt=\"Avocat Divorce sans juge Aulnay-sous-Bois (93) \" title=\" Avocat Divorce sans juge Aulnay-sous-Bois (93) \" width=\"170\" border=\"2\" src=\"\/divorce\/wp-content\/uploads\/2024\/04\/divorce-sans-avocat.jpg\" \/><\/p>\n<p align=\"justify\">Pour divorcer \u00e0 l&rsquo;amiable, il n&rsquo;est plus obligatoire de passer devant le Juge aux Affaires Familales. En effet, depuis 2017, votre convention de divorce est r\u00e9dig\u00e9e par les deux avocats. Il est n\u00e9cessaire, n\u00e9anmoins, que les deux conjoints soient parfaitement d&rsquo;accord sur les effets du divorce. Ensuite, le projet de convention vous est transmis directement par voie postale.Chaque \u00e9poux poss\u00e8de alors, d\u00e8s r\u00e9ception, un d\u00e9lai de 15 jours pour signer et nous retourner le document. Cette signature marquant votre accord, la convention est ensuite envoy\u00e9e au notaire afin qu&rsquo;il enregistre votre divorce. Vous serez alors officiellement divorc\u00e9s.\u00a0 DIVORCER DEVANT LE JUGE:\u00a0L&rsquo;ancienne proc\u00e9dure de divorce \u00e0 l&rsquo;amiable est toujours applicable sous certaines conditions. Elle permet de divorcer au terme d&rsquo;une audience devant le Juge aux Affaires Familiales, \u00e0 laquelle assiste \u00e9galement l&rsquo;avocat. La dur\u00e9e du divorce varie en fonction des juridictions (3 \u00e0 6 mois).  \u00c0 SAVOIR : Afin d&rsquo;opter pour cette proc\u00e9dure de divorce sans juge, il est essentiel que les deux \u00e9poux soient en accord sur chaque point de la convention de divorce. Tout d\u00e9saccord m\u00e9nerait alors \u00e0\u00a0un divorce contentieux qui se r\u00e9glera par une succession d&rsquo;audiences au tribunal:<\/p>\n<p class=\"img-right\"><img decoding=\"async\" align=\"right\" alt=\"Avocat Divorce TGI Aulnay-sous-Bois (93)\" title=\"Avocat Divorce TGI Aulnay-sous-Bois (93)\" width=\"80\" border=\"2\" src=\"\/divorce\/wp-content\/uploads\/2024\/04\/tgi\/tgi-palais-justice-bobigny.jpeg\" \/><\/p>\n<\/p>\n<p>Tribunal de Grande Instance de BOBIGNY173, Avenue Paul Vaillant Couturier 93008 BOBIGNY Cedexdu Lundi au Vendredi de 09h00 \u00e0 17h00 et le samedi de 9h00 \u00e0 14h00<\/p>\n<h3> 3 &#8211; L&rsquo;enregistrement<\/h3>\n<p class=\"img-right\"><img decoding=\"async\" align=\"left\" alt=\"\" width=\"170\" border=\"2\" src=\"\/divorce\/wp-content\/uploads\/2024\/04\/divorce-simple.png\" style=\"padding:5px;margin-right: 5px;\" \/>Afin de vous faciliter les t\u00e2ches administratives, notre cabinet se charge de :- vous adresser votre jugement de divorce d\u00e8s r\u00e9ception au cabinet,<br \/>\n&#8211; accomplir les formalit\u00e9s d&rsquo;inscription de votre divorce sur vos actes d&rsquo;\u00e9tat civil,<br \/>\n&#8211; vous fournir les attestations n\u00e9c\u00e9ssaires dans l&rsquo;attente de votre jugement,<br \/>\n&#8211; vous assister tout au long de la proc\u00e9dure par t\u00e9l\u00e9phone et par email. <\/p>\n<p class=\"img-right\">Pour connaitre nos honoraires ou les d\u00e9tails de la <a href=\"http:\/\/avocat-gc.com\/divorce\/definitions\/procedure\/#overlay-context=avocat-divorce\/aulnay-sous-bois\/\" rel=\"nofollow noopener\" title=\"\" target=\"_parent\">proc\u00e9dure de divorce <\/a>\u00e0 Aulnay-sous-bois, veuillez cliquer sur le lien ci-dessous afin de remplir un devis. Notre cabinet vous recontactera dans les meilleurs d\u00e9lais.<\/p>\n<\/p>\n<p><a href=\"\/divorce\/avocat-divorce-10-ans-dexperience\/\" rel=\"nofollow noopener\" target=\"_parent\"> \u25ba DEVIS: AVOCAT DIVORCE \u00c0 AULNAY-SOUS-BOIS<\/a><\/p>\n<h3>4 &#8211; Divorce sans juge \u00e0 Aulnay-sous-Bois<\/h3>\n<p align=\"justify\">La proc\u00e9dure de divorce amiable est la plus effectu\u00e9e en France. En effet, elle est rapide et peu ch\u00e8re. Cependant, pour pouvoir divorcer sans juge, il est imp\u00e9ratif que les \u00e9poux s&rsquo;entendent bien afin de signer rapidement la convention de divorce. Il s&rsquo;agit de s&rsquo;entendre sur le devenir des biens mobiliers, de la pension alimentaire ou des enfants. Pour en savoir davantage sur les conditions d&rsquo;un divorce sans juge \u00a0\u00e0 l&rsquo;amiable \u00e0 Aunlay-sous-bois, cliquez sur le lien ci-apr\u00e8s.<\/p>\n<p>    <a href=\"https:\/\/fr.trustpilot.com\/review\/avocat-gc.com\" target=\"_blank\" rel=\"noopener\">Trustpilot<\/a><\/p>\n<p><a href=\"https:\/\/avocat-gc.com\/divorce\/avocat-divorce\/aulnay-sous-bois\/divorce-amiable-aulnay-sous-bois\/\" class=\"lien-ville\">AVOCAT DIVORCE AMIABLE SANS JUGE AULNAY-SOUS-BOIS<\/a><\/p>\n","protected":false},"excerpt":{"rendered":"<p>VOTRE DIVORCE \u00c0 AULNAY-SOUS-BOIS EN 1 MOIS J&rsquo;INTERVIENS DANS TOUTE LA FRANCE Notre cabinet \u00e0 Paris : 42 Rue de L\u00fcbeck, 75116 Paris 01 47 04 25 40 1 &#8211; Le rendez-vous Vous d\u00e9sirez divorcer rapidement \u00e0 un tarif raisonnable ? Le divorce sans juge permet de divorcer dans un d\u00e9lai g\u00e9n\u00e9ral d&rsquo;un mois pour [&hellip;]<\/p>\n","protected":false},"author":1,"featured_media":0,"parent":7084,"menu_order":0,"comment_status":"closed","ping_status":"closed","template":"page-ville.php","meta":{"_acf_changed":false,"inline_featured_image":false,"footnotes":""},"priorite":[],"class_list":["post-7030","page","type-page","status-publish","hentry"],"acf":[],"yoast_head":"<!-- This site is optimized with the Yoast SEO plugin v27.6 - https:\/\/yoast.com\/product\/yoast-seo-wordpress\/ -->\n<title>Avocat Divorce \u00e0 Aulnay-sous-Bois (93) - Avocat Divorce<\/title>\n<meta name=\"description\" content=\"Divorcez \u00e0 Aulnay-sous-Bois (93) en 1 mois \u00e0 partir de 300\u20ac TTC. Contactez un Avocat divorce au \u260e 01.47.04.25.40 . Recevez un devis gratuit et imm\u00e9diat pour votre divorce. Cabinet Avocat GC. Divorce amiable - Divorce sans juge\" \/>\n<meta name=\"robots\" content=\"index, follow, max-snippet:-1, max-image-preview:large, max-video-preview:-1\" \/>\n<link rel=\"canonical\" href=\"https:\/\/avocat-gc.com\/divorce\/avocat-divorce\/aulnay-sous-bois\/\" \/>\n<meta property=\"og:locale\" content=\"fr_FR\" \/>\n<meta property=\"og:type\" content=\"article\" \/>\n<meta property=\"og:title\" content=\"Avocat Divorce \u00e0 Aulnay-sous-Bois (93) - Avocat Divorce\" \/>\n<meta property=\"og:description\" content=\"Divorcez \u00e0 Aulnay-sous-Bois (93) en 1 mois \u00e0 partir de 300\u20ac TTC. Contactez un Avocat divorce au \u260e 01.47.04.25.40 . Recevez un devis gratuit et imm\u00e9diat pour votre divorce. Cabinet Avocat GC. Divorce amiable - Divorce sans juge\" \/>\n<meta property=\"og:url\" content=\"https:\/\/avocat-gc.com\/divorce\/avocat-divorce\/aulnay-sous-bois\/\" \/>\n<meta property=\"og:site_name\" content=\"Avocat GC - Avocat Divorce\" \/>\n<meta property=\"article:modified_time\" content=\"2025-02-24T15:50:36+00:00\" \/>\n<meta name=\"twitter:card\" content=\"summary_large_image\" \/>\n<script type=\"application\/ld+json\" class=\"yoast-schema-graph\">{\"@context\":\"https:\\\/\\\/schema.org\",\"@graph\":[{\"@type\":\"WebPage\",\"@id\":\"https:\\\/\\\/avocat-gc.com\\\/divorce\\\/avocat-divorce\\\/aulnay-sous-bois\\\/\",\"url\":\"https:\\\/\\\/avocat-gc.com\\\/divorce\\\/avocat-divorce\\\/aulnay-sous-bois\\\/\",\"name\":\"Avocat Divorce \u00e0 Aulnay-sous-Bois (93) - Avocat Divorce\",\"isPartOf\":{\"@id\":\"https:\\\/\\\/avocat-gc.com\\\/divorce\\\/#website\"},\"datePublished\":\"2024-03-31T10:07:27+00:00\",\"dateModified\":\"2025-02-24T15:50:36+00:00\",\"description\":\"Divorcez \u00e0 Aulnay-sous-Bois (93) en 1 mois \u00e0 partir de 300\u20ac TTC. Contactez un Avocat divorce au \u260e 01.47.04.25.40 . Recevez un devis gratuit et imm\u00e9diat pour votre divorce. Cabinet Avocat GC. Divorce amiable - Divorce sans juge\",\"breadcrumb\":{\"@id\":\"https:\\\/\\\/avocat-gc.com\\\/divorce\\\/avocat-divorce\\\/aulnay-sous-bois\\\/#breadcrumb\"},\"inLanguage\":\"fr-FR\",\"potentialAction\":[{\"@type\":\"ReadAction\",\"target\":[\"https:\\\/\\\/avocat-gc.com\\\/divorce\\\/avocat-divorce\\\/aulnay-sous-bois\\\/\"]}]},{\"@type\":\"BreadcrumbList\",\"@id\":\"https:\\\/\\\/avocat-gc.com\\\/divorce\\\/avocat-divorce\\\/aulnay-sous-bois\\\/#breadcrumb\",\"itemListElement\":[{\"@type\":\"ListItem\",\"position\":1,\"name\":\"Accueil\",\"item\":\"https:\\\/\\\/avocat-gc.com\\\/divorce\\\/\"},{\"@type\":\"ListItem\",\"position\":2,\"name\":\"Avocat Divorce\",\"item\":\"https:\\\/\\\/avocat-gc.com\\\/divorce\\\/avocat-divorce\\\/\"},{\"@type\":\"ListItem\",\"position\":3,\"name\":\"Avocat Divorce \u00e0 Aulnay-sous-Bois (93)\"}]},{\"@type\":\"WebSite\",\"@id\":\"https:\\\/\\\/avocat-gc.com\\\/divorce\\\/#website\",\"url\":\"https:\\\/\\\/avocat-gc.com\\\/divorce\\\/\",\"name\":\"Avocat GC - Avocat Divorce\",\"description\":\"\",\"publisher\":{\"@id\":\"https:\\\/\\\/avocat-gc.com\\\/divorce\\\/#organization\"},\"potentialAction\":[{\"@type\":\"SearchAction\",\"target\":{\"@type\":\"EntryPoint\",\"urlTemplate\":\"https:\\\/\\\/avocat-gc.com\\\/divorce\\\/?s={search_term_string}\"},\"query-input\":{\"@type\":\"PropertyValueSpecification\",\"valueRequired\":true,\"valueName\":\"search_term_string\"}}],\"inLanguage\":\"fr-FR\"},{\"@type\":\"Organization\",\"@id\":\"https:\\\/\\\/avocat-gc.com\\\/divorce\\\/#organization\",\"name\":\"Avocat GC - Avocat Divorce\",\"url\":\"https:\\\/\\\/avocat-gc.com\\\/divorce\\\/\",\"logo\":{\"@type\":\"ImageObject\",\"inLanguage\":\"fr-FR\",\"@id\":\"https:\\\/\\\/avocat-gc.com\\\/divorce\\\/#\\\/schema\\\/logo\\\/image\\\/\",\"url\":\"https:\\\/\\\/avocat-gc.com\\\/divorce\\\/wp-content\\\/uploads\\\/2024\\\/04\\\/cropped-Sans-titre.png\",\"contentUrl\":\"https:\\\/\\\/avocat-gc.com\\\/divorce\\\/wp-content\\\/uploads\\\/2024\\\/04\\\/cropped-Sans-titre.png\",\"width\":200,\"height\":180,\"caption\":\"Avocat GC - Avocat Divorce\"},\"image\":{\"@id\":\"https:\\\/\\\/avocat-gc.com\\\/divorce\\\/#\\\/schema\\\/logo\\\/image\\\/\"}}]}<\/script>\n<!-- \/ Yoast SEO plugin. -->","yoast_head_json":{"title":"Avocat Divorce \u00e0 Aulnay-sous-Bois (93) - Avocat Divorce","description":"Divorcez \u00e0 Aulnay-sous-Bois (93) en 1 mois \u00e0 partir de 300\u20ac TTC. Contactez un Avocat divorce au \u260e 01.47.04.25.40 . Recevez un devis gratuit et imm\u00e9diat pour votre divorce. Cabinet Avocat GC. Divorce amiable - Divorce sans juge","robots":{"index":"index","follow":"follow","max-snippet":"max-snippet:-1","max-image-preview":"max-image-preview:large","max-video-preview":"max-video-preview:-1"},"canonical":"https:\/\/avocat-gc.com\/divorce\/avocat-divorce\/aulnay-sous-bois\/","og_locale":"fr_FR","og_type":"article","og_title":"Avocat Divorce \u00e0 Aulnay-sous-Bois (93) - Avocat Divorce","og_description":"Divorcez \u00e0 Aulnay-sous-Bois (93) en 1 mois \u00e0 partir de 300\u20ac TTC. Contactez un Avocat divorce au \u260e 01.47.04.25.40 . Recevez un devis gratuit et imm\u00e9diat pour votre divorce. Cabinet Avocat GC. Divorce amiable - Divorce sans juge","og_url":"https:\/\/avocat-gc.com\/divorce\/avocat-divorce\/aulnay-sous-bois\/","og_site_name":"Avocat GC - Avocat Divorce","article_modified_time":"2025-02-24T15:50:36+00:00","twitter_card":"summary_large_image","schema":{"@context":"https:\/\/schema.org","@graph":[{"@type":"WebPage","@id":"https:\/\/avocat-gc.com\/divorce\/avocat-divorce\/aulnay-sous-bois\/","url":"https:\/\/avocat-gc.com\/divorce\/avocat-divorce\/aulnay-sous-bois\/","name":"Avocat Divorce \u00e0 Aulnay-sous-Bois (93) - Avocat Divorce","isPartOf":{"@id":"https:\/\/avocat-gc.com\/divorce\/#website"},"datePublished":"2024-03-31T10:07:27+00:00","dateModified":"2025-02-24T15:50:36+00:00","description":"Divorcez \u00e0 Aulnay-sous-Bois (93) en 1 mois \u00e0 partir de 300\u20ac TTC. Contactez un Avocat divorce au \u260e 01.47.04.25.40 . Recevez un devis gratuit et imm\u00e9diat pour votre divorce. Cabinet Avocat GC. Divorce amiable - Divorce sans juge","breadcrumb":{"@id":"https:\/\/avocat-gc.com\/divorce\/avocat-divorce\/aulnay-sous-bois\/#breadcrumb"},"inLanguage":"fr-FR","potentialAction":[{"@type":"ReadAction","target":["https:\/\/avocat-gc.com\/divorce\/avocat-divorce\/aulnay-sous-bois\/"]}]},{"@type":"BreadcrumbList","@id":"https:\/\/avocat-gc.com\/divorce\/avocat-divorce\/aulnay-sous-bois\/#breadcrumb","itemListElement":[{"@type":"ListItem","position":1,"name":"Accueil","item":"https:\/\/avocat-gc.com\/divorce\/"},{"@type":"ListItem","position":2,"name":"Avocat Divorce","item":"https:\/\/avocat-gc.com\/divorce\/avocat-divorce\/"},{"@type":"ListItem","position":3,"name":"Avocat Divorce \u00e0 Aulnay-sous-Bois (93)"}]},{"@type":"WebSite","@id":"https:\/\/avocat-gc.com\/divorce\/#website","url":"https:\/\/avocat-gc.com\/divorce\/","name":"Avocat GC - Avocat Divorce","description":"","publisher":{"@id":"https:\/\/avocat-gc.com\/divorce\/#organization"},"potentialAction":[{"@type":"SearchAction","target":{"@type":"EntryPoint","urlTemplate":"https:\/\/avocat-gc.com\/divorce\/?s={search_term_string}"},"query-input":{"@type":"PropertyValueSpecification","valueRequired":true,"valueName":"search_term_string"}}],"inLanguage":"fr-FR"},{"@type":"Organization","@id":"https:\/\/avocat-gc.com\/divorce\/#organization","name":"Avocat GC - Avocat Divorce","url":"https:\/\/avocat-gc.com\/divorce\/","logo":{"@type":"ImageObject","inLanguage":"fr-FR","@id":"https:\/\/avocat-gc.com\/divorce\/#\/schema\/logo\/image\/","url":"https:\/\/avocat-gc.com\/divorce\/wp-content\/uploads\/2024\/04\/cropped-Sans-titre.png","contentUrl":"https:\/\/avocat-gc.com\/divorce\/wp-content\/uploads\/2024\/04\/cropped-Sans-titre.png","width":200,"height":180,"caption":"Avocat GC - Avocat Divorce"},"image":{"@id":"https:\/\/avocat-gc.com\/divorce\/#\/schema\/logo\/image\/"}}]}},"_links":{"self":[{"href":"https:\/\/avocat-gc.com\/divorce\/wp-json\/wp\/v2\/pages\/7030","targetHints":{"allow":["GET"]}}],"collection":[{"href":"https:\/\/avocat-gc.com\/divorce\/wp-json\/wp\/v2\/pages"}],"about":[{"href":"https:\/\/avocat-gc.com\/divorce\/wp-json\/wp\/v2\/types\/page"}],"author":[{"embeddable":true,"href":"https:\/\/avocat-gc.com\/divorce\/wp-json\/wp\/v2\/users\/1"}],"replies":[{"embeddable":true,"href":"https:\/\/avocat-gc.com\/divorce\/wp-json\/wp\/v2\/comments?post=7030"}],"version-history":[{"count":1,"href":"https:\/\/avocat-gc.com\/divorce\/wp-json\/wp\/v2\/pages\/7030\/revisions"}],"predecessor-version":[{"id":15549,"href":"https:\/\/avocat-gc.com\/divorce\/wp-json\/wp\/v2\/pages\/7030\/revisions\/15549"}],"up":[{"embeddable":true,"href":"https:\/\/avocat-gc.com\/divorce\/wp-json\/wp\/v2\/pages\/7084"}],"wp:attachment":[{"href":"https:\/\/avocat-gc.com\/divorce\/wp-json\/wp\/v2\/media?parent=7030"}],"wp:term":[{"taxonomy":"priorite","embeddable":true,"href":"https:\/\/avocat-gc.com\/divorce\/wp-json\/wp\/v2\/priorite?post=7030"}],"curies":[{"name":"wp","href":"https:\/\/api.w.org\/{rel}","templated":true}]}}