{"id":7028,"date":"2024-03-31T10:07:27","date_gmt":"2024-03-31T10:07:27","guid":{"rendered":"https:\/\/avocat-gc.com\/divorce\/boulogne-billancourt\/"},"modified":"2025-02-24T15:50:39","modified_gmt":"2025-02-24T15:50:39","slug":"boulogne-billancourt","status":"publish","type":"page","link":"https:\/\/avocat-gc.com\/divorce\/avocat-divorce\/boulogne-billancourt\/","title":{"rendered":"Avocat Divorce \u00e0 Boulogne-Billancourt (92)"},"content":{"rendered":"<\/p>\n<h2>DIVORCEZ \u00c0 BOULOGNE-BILLANCOURT EN 1 MOIS<\/h2>\n<h3>1 &#8211; Le rendez-vous<\/h3>\n<p class=\"img-right\"><img decoding=\"async\" alt=\"Avocat Divorce \u00e0 Boulogne-Billancourt (92)\" title=\"Avocat Divorce \u00e0 Boulogne-Billancourt (92)\" width=\"170\" border=\"2\" src=\"\/divorce\/wp-content\/uploads\/2024\/04\/divorce-consentement-mutuel.png\" \/><\/p>\n<p align=\"justify\">Vous souhaitez divorcer de mani\u00e8re simple, efficace et rapide ? Notre cabinet, exp\u00e9riment\u00e9 en divorce amiable depuis + de 10 ans est comp\u00e9tent pour vous divorcer dans les Hauts-de-Seine, en Ile-de-France. Pour prendre contact avec notre avocat divorce, il vous suffit de nous t\u00e9l\u00e9phoner au 01.47.04.25.40 ou nous envoyer un mail \u00e0 l&rsquo;adresse <a href=\"mailto:info@avocat-gc.com\">info@avocat-gc.com<\/a>.\u00a0Lors de ce premier entretien :\n<\/p>\n<p>Nous vous expliquerons en d\u00e9tail le d\u00e9roulement de votre proc\u00e9dure de divorce.<br \/>\nVotre avocat divorce r\u00e9pondra \u00e0 toutes vos questions avant, pendant et suite \u00e0 votre divorce.<br \/>\nNous r\u00e9digerons la convention de divorce.<\/p>\n<h3>2 &#8211; La signature<\/h3>\n<p class=\"img-left\"><img decoding=\"async\" alt=\"Avocat Divorce sans juge Boulogne-Billancourt (92)\" title=\" Avocat Divorce sans juge Boulogne-Billancourt (92)\" width=\"170\" border=\"2\" src=\"\/divorce\/wp-content\/uploads\/2024\/04\/divorce-sans-avocat.jpg\" \/><\/p>\n<p align=\"justify\">La convention de divorce transpose, par \u00e9crit, toutes les cons\u00e9quences de divorce sur lesquelles les \u00e9poux doivent \u00eatre d&rsquo;accord. Une fois r\u00e9dig\u00e9e suite au premier entretien, nous vous adressons directement le projet de convention de divorce \u00e0 votre domicile en lettre recommand\u00e9e avec accus\u00e9 de r\u00e9ception. Vous poss\u00e9dez, ensuite, un d\u00e9lai de 15 jours pour signer ce projet et marquer votre accord. La convention sera ensuite enregistr\u00e9e par le notaire. Votre divorce sera officiel, \u00e0 ce moment.<\/p>\n<p>Vous souhaitez divorcer ? Contactez notre AVOCAT DIVORCE<\/p>\n<p>    DIVORCE DEVANT LE JUGE : Sous certaines conditions, vous pouvez divorcer \u00e0 l&rsquo;amiable devant le Juge aux Affaires Familiales. Cette proc\u00e9dure, plus longue (3 \u00e0 6 mois), n\u00e9cessite une audience devant le Juge \u00e0 laquelle vous devez assister avec votre avocat.   \u00c0 SAVOIR :\u00a0Le moindre d\u00e9saccord avant ou pendant la proc\u00e9dure de divorce \u00e0 l&rsquo;amiable se r\u00e9glerait dans le cadre d&rsquo;un\u00a0divorce contentieux\u00a0au terme de plusieurs audiences au tribunal:<\/p>\n<p class=\"img-right\"><img decoding=\"async\" align=\"right\" alt=\"Avocat Divorce TGI Boulogne-Billancourt (92)\" title=\"Avocat Divorce TGI Boulogne-Billancourt (92)\" width=\"80\" border=\"2\" src=\"\/divorce\/wp-content\/uploads\/2024\/04\/tgi\/tgi-palais-justice-paris.jpg\" \/><\/p>\n<\/p>\n<p>  Tribunal Judiciaire (TGI) de Nanterre179-191 avenue Joliot Curie \u00e0 Nanterre 92020 CedexDu\u00a0lundi au vendredi de 09H00 \u00e0 17H00<\/p>\n<p>    <a href=\"https:\/\/fr.trustpilot.com\/review\/avocat-gc.com\" target=\"_blank\" rel=\"noopener\">Trustpilot<\/a><\/p>\n<h3> 3 &#8211; L&rsquo;enregistrement<\/h3>\n<p class=\"img-right\"><img decoding=\"async\" align=\"left\" alt=\"Avocat Divorce amiable Boulogne-Billancourt (92)\" title=\"Avocat Divorce amiable Boulogne-Billancourt (92)\" width=\"170\" border=\"2\" src=\"\/divorce\/wp-content\/uploads\/2024\/04\/divorce-simple.png\" style=\"padding:5px;margin-right: 5px;\" \/><\/p>\n<p align=\"justify\">Pour vous faciliter les t\u00e2ches administratives :<\/p>\n<p>L&rsquo;attestation d&rsquo;enregistrement de votre divorce vous sera transmis d\u00e8s r\u00e9ception au cabinet,<br \/>\nles formalit\u00e9s d&rsquo;inscription de votre divorce sur vos actes d&rsquo;\u00e9tat civil seront effectu\u00e9s sans frais suppl\u00e9mentaires,<br \/>\nles attestations n\u00e9c\u00e9ssaires dans l&rsquo;attente de votre jugement vous seront fournies,<\/p>\n<h3> 4 &#8211; Divorcer sans juge \u00e0 Boulogne-Billancourt (92) <\/h3>\n<p>Le divorce par consentement mutuel est la proc\u00e9dure la plus rapide de divorce. En effet, si les deux \u00e9poux sont d&rsquo;accord sur les effets du divorce, les d\u00e9lais sont relativement courts. Vous souhaitez divorcer sans juge \u00e0 Boulogne-Billancourt (92) ? Veuillez suivre le lien ci-apr\u00e8s:<\/p>\n<p><a href=\"https:\/\/avocat-gc.com\/divorce\/avocat-divorce\/boulogne-billancourt\/divorce-amiable-boulogne-billancourt\/\" class=\"lien-ville\">AVOCAT DIVORCE AMIABLE SANS JUGE BOULOGNE-BILLANCOURT<\/a><\/p>\n","protected":false},"excerpt":{"rendered":"<p>DIVORCEZ \u00c0 BOULOGNE-BILLANCOURT EN 1 MOIS 1 &#8211; Le rendez-vous Vous souhaitez divorcer de mani\u00e8re simple, efficace et rapide ? Notre cabinet, exp\u00e9riment\u00e9 en divorce amiable depuis + de 10 ans est comp\u00e9tent pour vous divorcer dans les Hauts-de-Seine, en Ile-de-France. Pour prendre contact avec notre avocat divorce, il vous suffit de nous t\u00e9l\u00e9phoner au [&hellip;]<\/p>\n","protected":false},"author":1,"featured_media":0,"parent":7084,"menu_order":0,"comment_status":"closed","ping_status":"closed","template":"page-ville.php","meta":{"_acf_changed":false,"inline_featured_image":false,"footnotes":""},"priorite":[],"class_list":["post-7028","page","type-page","status-publish","hentry"],"acf":[],"yoast_head":"<!-- This site is optimized with the Yoast SEO plugin v27.5 - https:\/\/yoast.com\/product\/yoast-seo-wordpress\/ -->\n<title>Avocat Divorce \u00e0 Boulogne-Billancourt (92) - Avocat Divorce<\/title>\n<meta name=\"description\" content=\"Divorcez \u00e0 Boulogne-Billancourt (92) en 1 mois \u00e0 partir de 475\u20ac TTC. Cabinet d&#039;Avocats GC \u260e 01.47.04.25.40 | Devis gratuit et imm\u00e9diat | Divorce amiable - Divorce sans juge\" \/>\n<meta name=\"robots\" content=\"index, follow, max-snippet:-1, max-image-preview:large, max-video-preview:-1\" \/>\n<link rel=\"canonical\" href=\"https:\/\/avocat-gc.com\/divorce\/avocat-divorce\/boulogne-billancourt\/\" \/>\n<meta property=\"og:locale\" content=\"fr_FR\" \/>\n<meta property=\"og:type\" content=\"article\" \/>\n<meta property=\"og:title\" content=\"Avocat Divorce \u00e0 Boulogne-Billancourt (92) - Avocat Divorce\" \/>\n<meta property=\"og:description\" content=\"Divorcez \u00e0 Boulogne-Billancourt (92) en 1 mois \u00e0 partir de 475\u20ac TTC. Cabinet d&#039;Avocats GC \u260e 01.47.04.25.40 | Devis gratuit et imm\u00e9diat | Divorce amiable - Divorce sans juge\" \/>\n<meta property=\"og:url\" content=\"https:\/\/avocat-gc.com\/divorce\/avocat-divorce\/boulogne-billancourt\/\" \/>\n<meta property=\"og:site_name\" content=\"Avocat GC - Avocat Divorce\" \/>\n<meta property=\"article:modified_time\" content=\"2025-02-24T15:50:39+00:00\" \/>\n<meta name=\"twitter:card\" content=\"summary_large_image\" \/>\n<script type=\"application\/ld+json\" class=\"yoast-schema-graph\">{\"@context\":\"https:\\\/\\\/schema.org\",\"@graph\":[{\"@type\":\"WebPage\",\"@id\":\"https:\\\/\\\/avocat-gc.com\\\/divorce\\\/avocat-divorce\\\/boulogne-billancourt\\\/\",\"url\":\"https:\\\/\\\/avocat-gc.com\\\/divorce\\\/avocat-divorce\\\/boulogne-billancourt\\\/\",\"name\":\"Avocat Divorce \u00e0 Boulogne-Billancourt (92) - Avocat Divorce\",\"isPartOf\":{\"@id\":\"https:\\\/\\\/avocat-gc.com\\\/divorce\\\/#website\"},\"datePublished\":\"2024-03-31T10:07:27+00:00\",\"dateModified\":\"2025-02-24T15:50:39+00:00\",\"description\":\"Divorcez \u00e0 Boulogne-Billancourt (92) en 1 mois \u00e0 partir de 475\u20ac TTC. Cabinet d'Avocats GC \u260e 01.47.04.25.40 | Devis gratuit et imm\u00e9diat | Divorce amiable - Divorce sans juge\",\"breadcrumb\":{\"@id\":\"https:\\\/\\\/avocat-gc.com\\\/divorce\\\/avocat-divorce\\\/boulogne-billancourt\\\/#breadcrumb\"},\"inLanguage\":\"fr-FR\",\"potentialAction\":[{\"@type\":\"ReadAction\",\"target\":[\"https:\\\/\\\/avocat-gc.com\\\/divorce\\\/avocat-divorce\\\/boulogne-billancourt\\\/\"]}]},{\"@type\":\"BreadcrumbList\",\"@id\":\"https:\\\/\\\/avocat-gc.com\\\/divorce\\\/avocat-divorce\\\/boulogne-billancourt\\\/#breadcrumb\",\"itemListElement\":[{\"@type\":\"ListItem\",\"position\":1,\"name\":\"Accueil\",\"item\":\"https:\\\/\\\/avocat-gc.com\\\/divorce\\\/\"},{\"@type\":\"ListItem\",\"position\":2,\"name\":\"Avocat Divorce\",\"item\":\"https:\\\/\\\/avocat-gc.com\\\/divorce\\\/avocat-divorce\\\/\"},{\"@type\":\"ListItem\",\"position\":3,\"name\":\"Avocat Divorce \u00e0 Boulogne-Billancourt (92)\"}]},{\"@type\":\"WebSite\",\"@id\":\"https:\\\/\\\/avocat-gc.com\\\/divorce\\\/#website\",\"url\":\"https:\\\/\\\/avocat-gc.com\\\/divorce\\\/\",\"name\":\"Avocat GC - Avocat Divorce\",\"description\":\"\",\"publisher\":{\"@id\":\"https:\\\/\\\/avocat-gc.com\\\/divorce\\\/#organization\"},\"potentialAction\":[{\"@type\":\"SearchAction\",\"target\":{\"@type\":\"EntryPoint\",\"urlTemplate\":\"https:\\\/\\\/avocat-gc.com\\\/divorce\\\/?s={search_term_string}\"},\"query-input\":{\"@type\":\"PropertyValueSpecification\",\"valueRequired\":true,\"valueName\":\"search_term_string\"}}],\"inLanguage\":\"fr-FR\"},{\"@type\":\"Organization\",\"@id\":\"https:\\\/\\\/avocat-gc.com\\\/divorce\\\/#organization\",\"name\":\"Avocat GC - Avocat Divorce\",\"url\":\"https:\\\/\\\/avocat-gc.com\\\/divorce\\\/\",\"logo\":{\"@type\":\"ImageObject\",\"inLanguage\":\"fr-FR\",\"@id\":\"https:\\\/\\\/avocat-gc.com\\\/divorce\\\/#\\\/schema\\\/logo\\\/image\\\/\",\"url\":\"https:\\\/\\\/avocat-gc.com\\\/divorce\\\/wp-content\\\/uploads\\\/2024\\\/04\\\/cropped-Sans-titre.png\",\"contentUrl\":\"https:\\\/\\\/avocat-gc.com\\\/divorce\\\/wp-content\\\/uploads\\\/2024\\\/04\\\/cropped-Sans-titre.png\",\"width\":200,\"height\":180,\"caption\":\"Avocat GC - Avocat Divorce\"},\"image\":{\"@id\":\"https:\\\/\\\/avocat-gc.com\\\/divorce\\\/#\\\/schema\\\/logo\\\/image\\\/\"}}]}<\/script>\n<!-- \/ Yoast SEO plugin. -->","yoast_head_json":{"title":"Avocat Divorce \u00e0 Boulogne-Billancourt (92) - Avocat Divorce","description":"Divorcez \u00e0 Boulogne-Billancourt (92) en 1 mois \u00e0 partir de 475\u20ac TTC. Cabinet d'Avocats GC \u260e 01.47.04.25.40 | Devis gratuit et imm\u00e9diat | Divorce amiable - Divorce sans juge","robots":{"index":"index","follow":"follow","max-snippet":"max-snippet:-1","max-image-preview":"max-image-preview:large","max-video-preview":"max-video-preview:-1"},"canonical":"https:\/\/avocat-gc.com\/divorce\/avocat-divorce\/boulogne-billancourt\/","og_locale":"fr_FR","og_type":"article","og_title":"Avocat Divorce \u00e0 Boulogne-Billancourt (92) - Avocat Divorce","og_description":"Divorcez \u00e0 Boulogne-Billancourt (92) en 1 mois \u00e0 partir de 475\u20ac TTC. Cabinet d'Avocats GC \u260e 01.47.04.25.40 | Devis gratuit et imm\u00e9diat | Divorce amiable - Divorce sans juge","og_url":"https:\/\/avocat-gc.com\/divorce\/avocat-divorce\/boulogne-billancourt\/","og_site_name":"Avocat GC - Avocat Divorce","article_modified_time":"2025-02-24T15:50:39+00:00","twitter_card":"summary_large_image","schema":{"@context":"https:\/\/schema.org","@graph":[{"@type":"WebPage","@id":"https:\/\/avocat-gc.com\/divorce\/avocat-divorce\/boulogne-billancourt\/","url":"https:\/\/avocat-gc.com\/divorce\/avocat-divorce\/boulogne-billancourt\/","name":"Avocat Divorce \u00e0 Boulogne-Billancourt (92) - Avocat Divorce","isPartOf":{"@id":"https:\/\/avocat-gc.com\/divorce\/#website"},"datePublished":"2024-03-31T10:07:27+00:00","dateModified":"2025-02-24T15:50:39+00:00","description":"Divorcez \u00e0 Boulogne-Billancourt (92) en 1 mois \u00e0 partir de 475\u20ac TTC. Cabinet d'Avocats GC \u260e 01.47.04.25.40 | Devis gratuit et imm\u00e9diat | Divorce amiable - Divorce sans juge","breadcrumb":{"@id":"https:\/\/avocat-gc.com\/divorce\/avocat-divorce\/boulogne-billancourt\/#breadcrumb"},"inLanguage":"fr-FR","potentialAction":[{"@type":"ReadAction","target":["https:\/\/avocat-gc.com\/divorce\/avocat-divorce\/boulogne-billancourt\/"]}]},{"@type":"BreadcrumbList","@id":"https:\/\/avocat-gc.com\/divorce\/avocat-divorce\/boulogne-billancourt\/#breadcrumb","itemListElement":[{"@type":"ListItem","position":1,"name":"Accueil","item":"https:\/\/avocat-gc.com\/divorce\/"},{"@type":"ListItem","position":2,"name":"Avocat Divorce","item":"https:\/\/avocat-gc.com\/divorce\/avocat-divorce\/"},{"@type":"ListItem","position":3,"name":"Avocat Divorce \u00e0 Boulogne-Billancourt (92)"}]},{"@type":"WebSite","@id":"https:\/\/avocat-gc.com\/divorce\/#website","url":"https:\/\/avocat-gc.com\/divorce\/","name":"Avocat GC - Avocat Divorce","description":"","publisher":{"@id":"https:\/\/avocat-gc.com\/divorce\/#organization"},"potentialAction":[{"@type":"SearchAction","target":{"@type":"EntryPoint","urlTemplate":"https:\/\/avocat-gc.com\/divorce\/?s={search_term_string}"},"query-input":{"@type":"PropertyValueSpecification","valueRequired":true,"valueName":"search_term_string"}}],"inLanguage":"fr-FR"},{"@type":"Organization","@id":"https:\/\/avocat-gc.com\/divorce\/#organization","name":"Avocat GC - Avocat Divorce","url":"https:\/\/avocat-gc.com\/divorce\/","logo":{"@type":"ImageObject","inLanguage":"fr-FR","@id":"https:\/\/avocat-gc.com\/divorce\/#\/schema\/logo\/image\/","url":"https:\/\/avocat-gc.com\/divorce\/wp-content\/uploads\/2024\/04\/cropped-Sans-titre.png","contentUrl":"https:\/\/avocat-gc.com\/divorce\/wp-content\/uploads\/2024\/04\/cropped-Sans-titre.png","width":200,"height":180,"caption":"Avocat GC - Avocat Divorce"},"image":{"@id":"https:\/\/avocat-gc.com\/divorce\/#\/schema\/logo\/image\/"}}]}},"_links":{"self":[{"href":"https:\/\/avocat-gc.com\/divorce\/wp-json\/wp\/v2\/pages\/7028","targetHints":{"allow":["GET"]}}],"collection":[{"href":"https:\/\/avocat-gc.com\/divorce\/wp-json\/wp\/v2\/pages"}],"about":[{"href":"https:\/\/avocat-gc.com\/divorce\/wp-json\/wp\/v2\/types\/page"}],"author":[{"embeddable":true,"href":"https:\/\/avocat-gc.com\/divorce\/wp-json\/wp\/v2\/users\/1"}],"replies":[{"embeddable":true,"href":"https:\/\/avocat-gc.com\/divorce\/wp-json\/wp\/v2\/comments?post=7028"}],"version-history":[{"count":1,"href":"https:\/\/avocat-gc.com\/divorce\/wp-json\/wp\/v2\/pages\/7028\/revisions"}],"predecessor-version":[{"id":15577,"href":"https:\/\/avocat-gc.com\/divorce\/wp-json\/wp\/v2\/pages\/7028\/revisions\/15577"}],"up":[{"embeddable":true,"href":"https:\/\/avocat-gc.com\/divorce\/wp-json\/wp\/v2\/pages\/7084"}],"wp:attachment":[{"href":"https:\/\/avocat-gc.com\/divorce\/wp-json\/wp\/v2\/media?parent=7028"}],"wp:term":[{"taxonomy":"priorite","embeddable":true,"href":"https:\/\/avocat-gc.com\/divorce\/wp-json\/wp\/v2\/priorite?post=7028"}],"curies":[{"name":"wp","href":"https:\/\/api.w.org\/{rel}","templated":true}]}}