{"id":7022,"date":"2024-03-31T10:07:27","date_gmt":"2024-03-31T10:07:27","guid":{"rendered":"https:\/\/avocat-gc.com\/divorce\/vitry-sur-seine\/"},"modified":"2025-02-24T15:51:01","modified_gmt":"2025-02-24T15:51:01","slug":"vitry-sur-seine","status":"publish","type":"page","link":"https:\/\/avocat-gc.com\/divorce\/avocat-divorce\/vitry-sur-seine\/","title":{"rendered":"Avocat Divorce \u00e0 Vitry-sur-Seine (94)"},"content":{"rendered":"<\/p>\n<p>Avocat Divorce Vitry-sur-Seine (94)<\/p>\n<h2>VOTRE DIVORCE \u00c0 VITRY-SUR-SEINE EN 1 MOIS<\/h2>\n<p> J&rsquo;INTERVIENS DANS TOUTE LA FRANCE <a href=\"http:\/\/avocat-gc.com\/divorce\/avocat-divorce\/paris\/\" rel=\"nofollow noopener\" title=\"\" target=\"_parent\">Notre cabinet \u00e0 Paris<\/a> : 42 Rue de L\u00fcbeck, 75116 Paris 01 47 04 25 40<\/p>\n<h3>1 &#8211; Le Rendez-vous<\/h3>\n<p class=\"img-right\"><img decoding=\"async\" alt=\"Avocat Divorce \u00e0 Vitry-sur-Seine (94)\" title=\"Avocat Divorce \u00e0 Vitry-sur-Seine (94)\" width=\"170\" border=\"2\" src=\"\/divorce\/wp-content\/uploads\/2024\/04\/divorce-consentement-mutuel.png\" \/><\/p>\n<p align=\"justify\">Pour entamer un divorce \u00e0 l&rsquo;amiable \u00e0 Vitry-sur-Seine, il vous suffit de joindre, dans un premier temps, notre cabinet d&rsquo;avocats par t\u00e9l\u00e9phone au 01.47.04.25.40 ou par email \u00e0 l&rsquo;adresse <a href=\"mailto:info@avocat-gc.com\">info@avocat-gc.com<\/a>. Notre cabinet, situ\u00e9 dans le 16e arr de Paris est comp\u00e9tent pour vous divorcer dans le Val-de-Marne, en Ile-de-France. Au cours d&rsquo;un premier rendez-vous avec notre avocat divorce\u00a0 :\n<\/p>\n<p>Nous vous expliquerons le d\u00e9roulement de votre proc\u00e9dure de divorce.<br \/>\nVotre avocat r\u00e9pondra \u00e0 toutes vos questions avant, pendant et suite \u00e0 votre divorce.<br \/>\nNous r\u00e9digerons la convention de divorce.<\/p>\n<h3>2 &#8211; La signature<\/h3>\n<p class=\"img-left\"><img decoding=\"async\" alt=\"Avocat Divorce sans juge Vitry-sur-Seine (94)\" title=\" Avocat Divorce sans juge Vitry-sur-Seine (94)\" width=\"170\" border=\"2\" src=\"\/divorce\/wp-content\/uploads\/2024\/04\/divorce-sans-avocat.jpg\" \/><\/p>\n<p align=\"justify\">Une fois le premier rendez-vous effectu\u00e9 et la convention de divorce r\u00e9dig\u00e9, nous vous envoyons directement le projet de convention \u00e0 votre domicile en recommand\u00e9 avec accus\u00e9 de r\u00e9ception. Il n&rsquo;est plus n\u00e9cessaire, en effet, de divorcer devant le Juge aux Affaires Familiales. \u00a0Vous aurez un d\u00e9lai de reflexion de 15 jours avant de signer et nous renvoyer le projet de convention. Lorsque les documents seront sign\u00e9s, la convention est envoy\u00e9e au notaire qui enregistrera votre divorce en lui donnant force ex\u00e9cutoire et date certaine. Vous serez divorc\u00e9s. Ce divorce est rapide, g\u00e9n\u00e9ralement un mois.    DIVORCE DEVANT LE JUGE :  Il est toujours possible d&rsquo;entamer une proc\u00e9dure de divorce \u00e0 l&rsquo;amiable devant le juge si l&rsquo;un des enfants du couple souhaite \u00eatre entendu ou si l&rsquo;un des \u00e9poux est plac\u00e9 sous un r\u00e9gime de protection juridique. Cette proc\u00e9dure est constitu\u00e9e d&rsquo;une audience au tribunal devant le Juge aux Affaires Familiales \u00e0 laquelle il est obligatoire d&rsquo;assister ainsi que votre avocat. Les d\u00e9lais sont variables en fonction des juridictions (3 \u00e0 6 mois).   \u00c0 SAVOIR :\u00a0La proc\u00e9dure de divorce sans juge n&rsquo;est valable que dans le cadre d&rsquo;un divorce \u00e0 l&rsquo;amiable. Si tout d\u00e9saccord entre les \u00e9poux venait \u00e0 se produire sur la convention de divorce, il faudrait alors opter pour un divorce contentieux qui se r\u00e9glera au terme de plusieurs audiences au tribunal:<\/p>\n<p class=\"img-right\"><img decoding=\"async\" align=\"right\" alt=\"Avocat Divorce TGI Vitry-sur-Seine (94)\" title=\"Avocat Divorce TGI Vitry-sur-Seine (94)\" width=\"80\" border=\"2\" src=\"\/divorce\/wp-content\/uploads\/2024\/04\/tgi\/tgi-palais-justice-creteil.jpeg\" \/><\/p>\n<\/p>\n<p>  Tribunal de grande instance de\u00a0Cr\u00e9teilrue Pasteur Vallery Radot 94011 CRETEILLundi au Vendredi : de 09h00 \u00e0 18h00<\/p>\n<h3> 3 &#8211; L&rsquo;enregistrement<\/h3>\n<p class=\"img-right\"><img decoding=\"async\" align=\"left\" alt=\"Avocat Divorce amiable Vitry-sur-Seine (94)\" title=\"Avocat Divorce amiable Vitry-sur-Seine (94)\" width=\"170\" border=\"2\" src=\"\/divorce\/wp-content\/uploads\/2024\/04\/divorce-simple.png\" style=\"padding:5px;margin-right: 5px;\" \/><\/p>\n<p align=\"justify\">Suite \u00e0 cette rapide audience :<\/p>\n<p>nous vous adressons l&rsquo;attestation d&rsquo;enregistrement de divorce d\u00e8s r\u00e9ception au cabinet,<br \/>\nnous accomplissons les formalit\u00e9s d&rsquo;inscription de votre divorce sur vos actes d&rsquo;\u00e9tat civil,<br \/>\nnous vous fournissons les attestations n\u00e9c\u00e9ssaires dans l&rsquo;attente de votre jugement,<br \/>\nnous vous assistons tout au long de la proc\u00e9dure par t\u00e9l\u00e9phone et par email.<\/p>\n<p align=\"justify\">Le co\u00fbt d&rsquo;un divorce \u00e0 Vitry-sur-Seine (94) d\u00e9pend de la proc\u00e9dure engag\u00e9e. Afin que nous puissions effectuer une estimation, merci de remplir le devis en ligne ci-apr\u00e8s:<\/p>\n<\/p>\n<p><a href=\"http:\/\/avocat-gc.com\/divorce\/avocat-divorce-10-ans-dexperience\/\" rel=\"nofollow noopener\" target=\"_parent\">\u25ba DEVIS: AVOCAT DIVORCE \u00c0  VITRY SUR SEINE<\/a><\/p>\n<h3> 4 &#8211; Divorcer sans juge \u00e0 Vitry-sur-Seine (94) <\/h3>\n<p align=\"justify\">Cette proc\u00e9dure de divorce amiable est connue comme \u00e9tant la plus rapide et la moins ch\u00e8re. En effet, elle est effectu\u00e9e dans un d\u00e9lai g\u00e9n\u00e9ral d&rsquo;un mois. Notre cabinet met tout en oeuvre pour traiter votre dossier rapidement.\u00a0Pour conna\u00eetre chaque \u00e9tape d&rsquo;un divorce sans juge \u00e0 Vitry-sur-Seine (94), veuillez suivre le lien ci-apr\u00e8s<\/p>\n<p><a href=\"https:\/\/avocat-gc.com\/divorce\/avocat-divorce\/vitry-sur-seine\/divorce-amiable-vitry-sur-seine\/\" class=\"lien-ville\">AVOCAT DIVORCE AMIABLE SANS JUGE VITRY-SUR-SEINE<\/a><\/p>\n","protected":false},"excerpt":{"rendered":"<p>Avocat Divorce Vitry-sur-Seine (94) VOTRE DIVORCE \u00c0 VITRY-SUR-SEINE EN 1 MOIS J&rsquo;INTERVIENS DANS TOUTE LA FRANCE Notre cabinet \u00e0 Paris : 42 Rue de L\u00fcbeck, 75116 Paris 01 47 04 25 40 1 &#8211; Le Rendez-vous Pour entamer un divorce \u00e0 l&rsquo;amiable \u00e0 Vitry-sur-Seine, il vous suffit de joindre, dans un premier temps, notre cabinet [&hellip;]<\/p>\n","protected":false},"author":1,"featured_media":0,"parent":7084,"menu_order":0,"comment_status":"closed","ping_status":"closed","template":"page-ville.php","meta":{"_acf_changed":false,"inline_featured_image":false,"footnotes":""},"priorite":[],"class_list":["post-7022","page","type-page","status-publish","hentry"],"acf":[],"yoast_head":"<!-- This site is optimized with the Yoast SEO plugin v27.6 - https:\/\/yoast.com\/product\/yoast-seo-wordpress\/ -->\n<title>Avocat Divorce \u00e0 Vitry-sur-Seine (94) - Avocat Divorce<\/title>\n<meta name=\"description\" content=\"Contactez un Avocat divorce \u00e0 Vitry-sur-Seine (94) et divorcez en 1 mois \u00e0 partir de 300\u20ac TTC. Recevez un devis gratuit et imm\u00e9diat pour votre divorce !\" \/>\n<meta name=\"robots\" content=\"index, follow, max-snippet:-1, max-image-preview:large, max-video-preview:-1\" \/>\n<link rel=\"canonical\" href=\"https:\/\/avocat-gc.com\/divorce\/avocat-divorce\/vitry-sur-seine\/\" \/>\n<meta property=\"og:locale\" content=\"fr_FR\" \/>\n<meta property=\"og:type\" content=\"article\" \/>\n<meta property=\"og:title\" content=\"Avocat Divorce \u00e0 Vitry-sur-Seine (94) - Avocat Divorce\" \/>\n<meta property=\"og:description\" content=\"Contactez un Avocat divorce \u00e0 Vitry-sur-Seine (94) et divorcez en 1 mois \u00e0 partir de 300\u20ac TTC. Recevez un devis gratuit et imm\u00e9diat pour votre divorce !\" \/>\n<meta property=\"og:url\" content=\"https:\/\/avocat-gc.com\/divorce\/avocat-divorce\/vitry-sur-seine\/\" \/>\n<meta property=\"og:site_name\" content=\"Avocat GC - Avocat Divorce\" \/>\n<meta property=\"article:modified_time\" content=\"2025-02-24T15:51:01+00:00\" \/>\n<meta name=\"twitter:card\" content=\"summary_large_image\" \/>\n<script type=\"application\/ld+json\" class=\"yoast-schema-graph\">{\"@context\":\"https:\\\/\\\/schema.org\",\"@graph\":[{\"@type\":\"WebPage\",\"@id\":\"https:\\\/\\\/avocat-gc.com\\\/divorce\\\/avocat-divorce\\\/vitry-sur-seine\\\/\",\"url\":\"https:\\\/\\\/avocat-gc.com\\\/divorce\\\/avocat-divorce\\\/vitry-sur-seine\\\/\",\"name\":\"Avocat Divorce \u00e0 Vitry-sur-Seine (94) - Avocat Divorce\",\"isPartOf\":{\"@id\":\"https:\\\/\\\/avocat-gc.com\\\/divorce\\\/#website\"},\"datePublished\":\"2024-03-31T10:07:27+00:00\",\"dateModified\":\"2025-02-24T15:51:01+00:00\",\"description\":\"Contactez un Avocat divorce \u00e0 Vitry-sur-Seine (94) et divorcez en 1 mois \u00e0 partir de 300\u20ac TTC. Recevez un devis gratuit et imm\u00e9diat pour votre divorce !\",\"breadcrumb\":{\"@id\":\"https:\\\/\\\/avocat-gc.com\\\/divorce\\\/avocat-divorce\\\/vitry-sur-seine\\\/#breadcrumb\"},\"inLanguage\":\"fr-FR\",\"potentialAction\":[{\"@type\":\"ReadAction\",\"target\":[\"https:\\\/\\\/avocat-gc.com\\\/divorce\\\/avocat-divorce\\\/vitry-sur-seine\\\/\"]}]},{\"@type\":\"BreadcrumbList\",\"@id\":\"https:\\\/\\\/avocat-gc.com\\\/divorce\\\/avocat-divorce\\\/vitry-sur-seine\\\/#breadcrumb\",\"itemListElement\":[{\"@type\":\"ListItem\",\"position\":1,\"name\":\"Accueil\",\"item\":\"https:\\\/\\\/avocat-gc.com\\\/divorce\\\/\"},{\"@type\":\"ListItem\",\"position\":2,\"name\":\"Avocat Divorce\",\"item\":\"https:\\\/\\\/avocat-gc.com\\\/divorce\\\/avocat-divorce\\\/\"},{\"@type\":\"ListItem\",\"position\":3,\"name\":\"Avocat Divorce \u00e0 Vitry-sur-Seine (94)\"}]},{\"@type\":\"WebSite\",\"@id\":\"https:\\\/\\\/avocat-gc.com\\\/divorce\\\/#website\",\"url\":\"https:\\\/\\\/avocat-gc.com\\\/divorce\\\/\",\"name\":\"Avocat GC - Avocat Divorce\",\"description\":\"\",\"publisher\":{\"@id\":\"https:\\\/\\\/avocat-gc.com\\\/divorce\\\/#organization\"},\"potentialAction\":[{\"@type\":\"SearchAction\",\"target\":{\"@type\":\"EntryPoint\",\"urlTemplate\":\"https:\\\/\\\/avocat-gc.com\\\/divorce\\\/?s={search_term_string}\"},\"query-input\":{\"@type\":\"PropertyValueSpecification\",\"valueRequired\":true,\"valueName\":\"search_term_string\"}}],\"inLanguage\":\"fr-FR\"},{\"@type\":\"Organization\",\"@id\":\"https:\\\/\\\/avocat-gc.com\\\/divorce\\\/#organization\",\"name\":\"Avocat GC - Avocat Divorce\",\"url\":\"https:\\\/\\\/avocat-gc.com\\\/divorce\\\/\",\"logo\":{\"@type\":\"ImageObject\",\"inLanguage\":\"fr-FR\",\"@id\":\"https:\\\/\\\/avocat-gc.com\\\/divorce\\\/#\\\/schema\\\/logo\\\/image\\\/\",\"url\":\"https:\\\/\\\/avocat-gc.com\\\/divorce\\\/wp-content\\\/uploads\\\/2024\\\/04\\\/cropped-Sans-titre.png\",\"contentUrl\":\"https:\\\/\\\/avocat-gc.com\\\/divorce\\\/wp-content\\\/uploads\\\/2024\\\/04\\\/cropped-Sans-titre.png\",\"width\":200,\"height\":180,\"caption\":\"Avocat GC - Avocat Divorce\"},\"image\":{\"@id\":\"https:\\\/\\\/avocat-gc.com\\\/divorce\\\/#\\\/schema\\\/logo\\\/image\\\/\"}}]}<\/script>\n<!-- \/ Yoast SEO plugin. -->","yoast_head_json":{"title":"Avocat Divorce \u00e0 Vitry-sur-Seine (94) - Avocat Divorce","description":"Contactez un Avocat divorce \u00e0 Vitry-sur-Seine (94) et divorcez en 1 mois \u00e0 partir de 300\u20ac TTC. Recevez un devis gratuit et imm\u00e9diat pour votre divorce !","robots":{"index":"index","follow":"follow","max-snippet":"max-snippet:-1","max-image-preview":"max-image-preview:large","max-video-preview":"max-video-preview:-1"},"canonical":"https:\/\/avocat-gc.com\/divorce\/avocat-divorce\/vitry-sur-seine\/","og_locale":"fr_FR","og_type":"article","og_title":"Avocat Divorce \u00e0 Vitry-sur-Seine (94) - Avocat Divorce","og_description":"Contactez un Avocat divorce \u00e0 Vitry-sur-Seine (94) et divorcez en 1 mois \u00e0 partir de 300\u20ac TTC. Recevez un devis gratuit et imm\u00e9diat pour votre divorce !","og_url":"https:\/\/avocat-gc.com\/divorce\/avocat-divorce\/vitry-sur-seine\/","og_site_name":"Avocat GC - Avocat Divorce","article_modified_time":"2025-02-24T15:51:01+00:00","twitter_card":"summary_large_image","schema":{"@context":"https:\/\/schema.org","@graph":[{"@type":"WebPage","@id":"https:\/\/avocat-gc.com\/divorce\/avocat-divorce\/vitry-sur-seine\/","url":"https:\/\/avocat-gc.com\/divorce\/avocat-divorce\/vitry-sur-seine\/","name":"Avocat Divorce \u00e0 Vitry-sur-Seine (94) - Avocat Divorce","isPartOf":{"@id":"https:\/\/avocat-gc.com\/divorce\/#website"},"datePublished":"2024-03-31T10:07:27+00:00","dateModified":"2025-02-24T15:51:01+00:00","description":"Contactez un Avocat divorce \u00e0 Vitry-sur-Seine (94) et divorcez en 1 mois \u00e0 partir de 300\u20ac TTC. Recevez un devis gratuit et imm\u00e9diat pour votre divorce !","breadcrumb":{"@id":"https:\/\/avocat-gc.com\/divorce\/avocat-divorce\/vitry-sur-seine\/#breadcrumb"},"inLanguage":"fr-FR","potentialAction":[{"@type":"ReadAction","target":["https:\/\/avocat-gc.com\/divorce\/avocat-divorce\/vitry-sur-seine\/"]}]},{"@type":"BreadcrumbList","@id":"https:\/\/avocat-gc.com\/divorce\/avocat-divorce\/vitry-sur-seine\/#breadcrumb","itemListElement":[{"@type":"ListItem","position":1,"name":"Accueil","item":"https:\/\/avocat-gc.com\/divorce\/"},{"@type":"ListItem","position":2,"name":"Avocat Divorce","item":"https:\/\/avocat-gc.com\/divorce\/avocat-divorce\/"},{"@type":"ListItem","position":3,"name":"Avocat Divorce \u00e0 Vitry-sur-Seine (94)"}]},{"@type":"WebSite","@id":"https:\/\/avocat-gc.com\/divorce\/#website","url":"https:\/\/avocat-gc.com\/divorce\/","name":"Avocat GC - Avocat Divorce","description":"","publisher":{"@id":"https:\/\/avocat-gc.com\/divorce\/#organization"},"potentialAction":[{"@type":"SearchAction","target":{"@type":"EntryPoint","urlTemplate":"https:\/\/avocat-gc.com\/divorce\/?s={search_term_string}"},"query-input":{"@type":"PropertyValueSpecification","valueRequired":true,"valueName":"search_term_string"}}],"inLanguage":"fr-FR"},{"@type":"Organization","@id":"https:\/\/avocat-gc.com\/divorce\/#organization","name":"Avocat GC - Avocat Divorce","url":"https:\/\/avocat-gc.com\/divorce\/","logo":{"@type":"ImageObject","inLanguage":"fr-FR","@id":"https:\/\/avocat-gc.com\/divorce\/#\/schema\/logo\/image\/","url":"https:\/\/avocat-gc.com\/divorce\/wp-content\/uploads\/2024\/04\/cropped-Sans-titre.png","contentUrl":"https:\/\/avocat-gc.com\/divorce\/wp-content\/uploads\/2024\/04\/cropped-Sans-titre.png","width":200,"height":180,"caption":"Avocat GC - Avocat Divorce"},"image":{"@id":"https:\/\/avocat-gc.com\/divorce\/#\/schema\/logo\/image\/"}}]}},"_links":{"self":[{"href":"https:\/\/avocat-gc.com\/divorce\/wp-json\/wp\/v2\/pages\/7022","targetHints":{"allow":["GET"]}}],"collection":[{"href":"https:\/\/avocat-gc.com\/divorce\/wp-json\/wp\/v2\/pages"}],"about":[{"href":"https:\/\/avocat-gc.com\/divorce\/wp-json\/wp\/v2\/types\/page"}],"author":[{"embeddable":true,"href":"https:\/\/avocat-gc.com\/divorce\/wp-json\/wp\/v2\/users\/1"}],"replies":[{"embeddable":true,"href":"https:\/\/avocat-gc.com\/divorce\/wp-json\/wp\/v2\/comments?post=7022"}],"version-history":[{"count":1,"href":"https:\/\/avocat-gc.com\/divorce\/wp-json\/wp\/v2\/pages\/7022\/revisions"}],"predecessor-version":[{"id":15721,"href":"https:\/\/avocat-gc.com\/divorce\/wp-json\/wp\/v2\/pages\/7022\/revisions\/15721"}],"up":[{"embeddable":true,"href":"https:\/\/avocat-gc.com\/divorce\/wp-json\/wp\/v2\/pages\/7084"}],"wp:attachment":[{"href":"https:\/\/avocat-gc.com\/divorce\/wp-json\/wp\/v2\/media?parent=7022"}],"wp:term":[{"taxonomy":"priorite","embeddable":true,"href":"https:\/\/avocat-gc.com\/divorce\/wp-json\/wp\/v2\/priorite?post=7022"}],"curies":[{"name":"wp","href":"https:\/\/api.w.org\/{rel}","templated":true}]}}