{"id":7009,"date":"2024-03-31T10:07:22","date_gmt":"2024-03-31T10:07:22","guid":{"rendered":"https:\/\/avocat-gc.com\/divorce\/meudon\/"},"modified":"2025-02-24T15:50:51","modified_gmt":"2025-02-24T15:50:51","slug":"meudon","status":"publish","type":"page","link":"https:\/\/avocat-gc.com\/divorce\/avocat-divorce\/meudon\/","title":{"rendered":"Avocat Divorce \u00e0 Meudon (92)"},"content":{"rendered":"<\/p>\n<p>Avocat Divorce \u00e0 Meudon (92)<\/p>\n<h2>VOTRE DIVORCE \u00c0 MEUDON EN 1 MOIS<\/h2>\n<h3>1 &#8211; Le rendez-vous<\/h3>\n<p class=\"img-right\"><img decoding=\"async\" alt=\"Avocat Divorce \u00e0 Meudon (92)\" title=\"Avocat Divorce \u00e0 Meudon (92)\" width=\"170\" border=\"2\" src=\"\/divorce\/wp-content\/uploads\/2024\/04\/divorce-consentement-mutuel.png\" \/><\/p>\n<p align=\"justify\">Divorcer \u00e0 l&rsquo;amiable est rapide et simple pour les couples qui s&rsquo;entendent parfaitement sur les effets du divorce. La premi\u00e8re \u00e9tape du divorce consiste \u00e0 prendre un rendez-vous avec notre avocat divorce. Nous sommes comp\u00e9tents pour vous divorcer dans les Hauts-de-Seine en Ile-de-France. Pour nous contacter, vous pouvez nous joindre par t\u00e9l\u00e9phone au 01.47.04.25.40 ou par email \u00e0 l&rsquo;adresse <a href=\"mailto:info@avocat-gc.com\">info@avocat-gc.com<\/a>. Lors de ce rendez-vous :\n<\/p>\n<p>Le d\u00e9roulement de votre proc\u00e9dure de divorce vous sera expliqu\u00e9<br \/>\nNous r\u00e9pondrons \u00e0 toutes vos questions<br \/>\nLa convention de divorce sera r\u00e9dig\u00e9e<\/p>\n<h3>2 &#8211; Le rendez-vous<\/h3>\n<p class=\"img-left\"><img decoding=\"async\" alt=\"Avocat Divorce sans juge Meudon (92)\" title=\" Avocat Divorce sans juge Meudon (92)\" width=\"170\" border=\"2\" src=\"\/divorce\/wp-content\/uploads\/2024\/04\/divorce-sans-avocat.jpg\" \/><\/p>\n<p align=\"justify\">La proc\u00e9dure de divorce \u00e0 l&rsquo;amiable est simplifi\u00e9e depuis 2017. D\u00e9sormais, le divorce s&rsquo;effectue directement au cabinet d&rsquo;avocats. Suite au premier rendez-vous, votre projet de convention vous est directement transmis par courrier recommand\u00e9 avec accus\u00e9 de r\u00e9ception pour \u00eatre soumis \u00e0 votre signature dans un d\u00e9lai de 15 jours. Une fois tous les documents sign\u00e9s, la convention de divorce\u00a0est envoy\u00e9e au notaire qui enregistrera votre divorce.    DIVORCE DEVANT LE JUGE :  Dans certains cas, il est toujours possible de\u00a0divorcer \u00e0 l&rsquo;amiable devant le Juge. Cette proc\u00e9dure, plus longue\u00a0(3 \u00e0 6 mois), n\u00e9cessite une audience au Tribunal \u00e0 laquelle il est obligatoire d&rsquo;assister ainsi que votre avocat.   \u00c0 SAVOIR :\u00a0La proc\u00e9dure de divorce sans juge est une proc\u00e9dure \u00e0 l&rsquo;amiable. Il est donc essentiel que les \u00e9poux s&rsquo;entendent sur les effets du divorce. Le moindrer d\u00e9saccord pour faire l&rsquo;objet d&rsquo;un divorce contentieux qui se r\u00e9glera au terme de plusieurs audiences au tribunal:<\/p>\n<p class=\"img-right\"><img decoding=\"async\" align=\"right\" alt=\"Avocat Divorce TGI Meudon (92)\" title=\"Avocat Divorce TGI Meudon (92)\" width=\"80\" border=\"2\" src=\"\/divorce\/wp-content\/uploads\/2024\/04\/tgi\/tgi-palais-justice-paris.jpg\" \/><\/p>\n<\/p>\n<p>  Tribunal de grande instance de Nanterre179-191 avenue Joliot Curie 92020 NANTERRE CEDEXDu lundi au vendredi : de\u00a009h00 \u00e0 17h00<\/p>\n<p>    <a href=\"https:\/\/fr.trustpilot.com\/review\/avocat-gc.com\" target=\"_blank\" rel=\"noopener\">Trustpilot<\/a><\/p>\n<h3> 3 &#8211; La signature<\/h3>\n<p class=\"img-right\"><img decoding=\"async\" align=\"left\" alt=\"Avocat Divorce amiable Meudon (92)\" title=\"Avocat Divorce amiable Meudon (92)\" width=\"170\" border=\"2\" src=\"\/divorce\/wp-content\/uploads\/2024\/04\/divorce-simple.png\" style=\"padding:5px;margin-right: 5px;\" \/><\/p>\n<p align=\"justify\">Suite \u00e0 cette rapide audience :<\/p>\n<p>nous vous adressons l&rsquo;attestation d&rsquo;enregistrement de divorce d\u00e8s r\u00e9ception au cabinet,<br \/>\nnous accomplissons les formalit\u00e9s d&rsquo;inscription de votre divorce sur vos actes d&rsquo;\u00e9tat civil,<br \/>\nnous vous fournissons les attestations n\u00e9c\u00e9ssaires dans l&rsquo;attente de votre jugement,<br \/>\nnous vous assistons tout au long de la proc\u00e9dure par t\u00e9l\u00e9phone et par email.<\/p>\n<p align=\"justify\">\n<\/p>\n<p><a href=\"http:\/\/avocat-gc.com\/divorce\/avocat-divorce-10-ans-dexperience\/\" rel=\"nofollow noopener\" target=\"_parent\">\u25ba DEVIS: AVOCAT DIVORCE \u00c0 MEUDON<\/a><\/p>\n<h3> 4 &#8211; Divorcer sans juge \u00e0 Meudon (92) <\/h3>\n<p align=\"justify\">Pour les \u00e9poux qui souhaitent divorcer rapidement, le divorce sans juge est une proc\u00e9dure simple et effectu\u00e9e, par notre cabinet, dans un d\u00e9lai g\u00e9n\u00e9ral d&rsquo;un mois. Pour conna\u00eetre toutes les \u00e9tapes d&rsquo;un divorce sans juge \u00e0 Meudon (92), veuillez suivre le lien ci-dessous:<\/p>\n<p><a href=\"https:\/\/avocat-gc.com\/divorce\/avocat-divorce\/meudon\/divorce-amiable-meudon\/\" class=\"lien-ville\">AVOCAT DIVORCE AMIABLE SANS JUGE MEUDON<\/a><\/p>\n","protected":false},"excerpt":{"rendered":"<p>Avocat Divorce \u00e0 Meudon (92) VOTRE DIVORCE \u00c0 MEUDON EN 1 MOIS 1 &#8211; Le rendez-vous Divorcer \u00e0 l&rsquo;amiable est rapide et simple pour les couples qui s&rsquo;entendent parfaitement sur les effets du divorce. La premi\u00e8re \u00e9tape du divorce consiste \u00e0 prendre un rendez-vous avec notre avocat divorce. Nous sommes comp\u00e9tents pour vous divorcer dans [&hellip;]<\/p>\n","protected":false},"author":1,"featured_media":0,"parent":7084,"menu_order":0,"comment_status":"closed","ping_status":"closed","template":"page-ville.php","meta":{"_acf_changed":false,"inline_featured_image":false,"footnotes":""},"priorite":[],"class_list":["post-7009","page","type-page","status-publish","hentry"],"acf":[],"yoast_head":"<!-- This site is optimized with the Yoast SEO plugin v27.6 - https:\/\/yoast.com\/product\/yoast-seo-wordpress\/ -->\n<title>Avocat Divorce \u00e0 Meudon (92) - Avocat Divorce<\/title>\n<meta name=\"description\" content=\"Divorcez \u00e0 Meudon (92) en 1 mois \u00e0 partir de 425\u20ac TTC. Contactez un Avocat divorce au 01.47.04.25.40 . Recevez un devis gratuit et imm\u00e9diat pour votre divorce. Cabinet Avocat GC. Divorce amiable - Divorce sans juge\" \/>\n<meta name=\"robots\" content=\"index, follow, max-snippet:-1, max-image-preview:large, max-video-preview:-1\" \/>\n<link rel=\"canonical\" href=\"https:\/\/avocat-gc.com\/divorce\/avocat-divorce\/meudon\/\" \/>\n<meta property=\"og:locale\" content=\"fr_FR\" \/>\n<meta property=\"og:type\" content=\"article\" \/>\n<meta property=\"og:title\" content=\"Avocat Divorce \u00e0 Meudon (92) - Avocat Divorce\" \/>\n<meta property=\"og:description\" content=\"Divorcez \u00e0 Meudon (92) en 1 mois \u00e0 partir de 425\u20ac TTC. Contactez un Avocat divorce au 01.47.04.25.40 . Recevez un devis gratuit et imm\u00e9diat pour votre divorce. Cabinet Avocat GC. Divorce amiable - Divorce sans juge\" \/>\n<meta property=\"og:url\" content=\"https:\/\/avocat-gc.com\/divorce\/avocat-divorce\/meudon\/\" \/>\n<meta property=\"og:site_name\" content=\"Avocat GC - Avocat Divorce\" \/>\n<meta property=\"article:modified_time\" content=\"2025-02-24T15:50:51+00:00\" \/>\n<meta name=\"twitter:card\" content=\"summary_large_image\" \/>\n<script type=\"application\/ld+json\" class=\"yoast-schema-graph\">{\"@context\":\"https:\\\/\\\/schema.org\",\"@graph\":[{\"@type\":\"WebPage\",\"@id\":\"https:\\\/\\\/avocat-gc.com\\\/divorce\\\/avocat-divorce\\\/meudon\\\/\",\"url\":\"https:\\\/\\\/avocat-gc.com\\\/divorce\\\/avocat-divorce\\\/meudon\\\/\",\"name\":\"Avocat Divorce \u00e0 Meudon (92) - Avocat Divorce\",\"isPartOf\":{\"@id\":\"https:\\\/\\\/avocat-gc.com\\\/divorce\\\/#website\"},\"datePublished\":\"2024-03-31T10:07:22+00:00\",\"dateModified\":\"2025-02-24T15:50:51+00:00\",\"description\":\"Divorcez \u00e0 Meudon (92) en 1 mois \u00e0 partir de 425\u20ac TTC. Contactez un Avocat divorce au 01.47.04.25.40 . Recevez un devis gratuit et imm\u00e9diat pour votre divorce. Cabinet Avocat GC. Divorce amiable - Divorce sans juge\",\"breadcrumb\":{\"@id\":\"https:\\\/\\\/avocat-gc.com\\\/divorce\\\/avocat-divorce\\\/meudon\\\/#breadcrumb\"},\"inLanguage\":\"fr-FR\",\"potentialAction\":[{\"@type\":\"ReadAction\",\"target\":[\"https:\\\/\\\/avocat-gc.com\\\/divorce\\\/avocat-divorce\\\/meudon\\\/\"]}]},{\"@type\":\"BreadcrumbList\",\"@id\":\"https:\\\/\\\/avocat-gc.com\\\/divorce\\\/avocat-divorce\\\/meudon\\\/#breadcrumb\",\"itemListElement\":[{\"@type\":\"ListItem\",\"position\":1,\"name\":\"Accueil\",\"item\":\"https:\\\/\\\/avocat-gc.com\\\/divorce\\\/\"},{\"@type\":\"ListItem\",\"position\":2,\"name\":\"Avocat Divorce\",\"item\":\"https:\\\/\\\/avocat-gc.com\\\/divorce\\\/avocat-divorce\\\/\"},{\"@type\":\"ListItem\",\"position\":3,\"name\":\"Avocat Divorce \u00e0 Meudon (92)\"}]},{\"@type\":\"WebSite\",\"@id\":\"https:\\\/\\\/avocat-gc.com\\\/divorce\\\/#website\",\"url\":\"https:\\\/\\\/avocat-gc.com\\\/divorce\\\/\",\"name\":\"Avocat GC - Avocat Divorce\",\"description\":\"\",\"publisher\":{\"@id\":\"https:\\\/\\\/avocat-gc.com\\\/divorce\\\/#organization\"},\"potentialAction\":[{\"@type\":\"SearchAction\",\"target\":{\"@type\":\"EntryPoint\",\"urlTemplate\":\"https:\\\/\\\/avocat-gc.com\\\/divorce\\\/?s={search_term_string}\"},\"query-input\":{\"@type\":\"PropertyValueSpecification\",\"valueRequired\":true,\"valueName\":\"search_term_string\"}}],\"inLanguage\":\"fr-FR\"},{\"@type\":\"Organization\",\"@id\":\"https:\\\/\\\/avocat-gc.com\\\/divorce\\\/#organization\",\"name\":\"Avocat GC - Avocat Divorce\",\"url\":\"https:\\\/\\\/avocat-gc.com\\\/divorce\\\/\",\"logo\":{\"@type\":\"ImageObject\",\"inLanguage\":\"fr-FR\",\"@id\":\"https:\\\/\\\/avocat-gc.com\\\/divorce\\\/#\\\/schema\\\/logo\\\/image\\\/\",\"url\":\"https:\\\/\\\/avocat-gc.com\\\/divorce\\\/wp-content\\\/uploads\\\/2024\\\/04\\\/cropped-Sans-titre.png\",\"contentUrl\":\"https:\\\/\\\/avocat-gc.com\\\/divorce\\\/wp-content\\\/uploads\\\/2024\\\/04\\\/cropped-Sans-titre.png\",\"width\":200,\"height\":180,\"caption\":\"Avocat GC - Avocat Divorce\"},\"image\":{\"@id\":\"https:\\\/\\\/avocat-gc.com\\\/divorce\\\/#\\\/schema\\\/logo\\\/image\\\/\"}}]}<\/script>\n<!-- \/ Yoast SEO plugin. -->","yoast_head_json":{"title":"Avocat Divorce \u00e0 Meudon (92) - Avocat Divorce","description":"Divorcez \u00e0 Meudon (92) en 1 mois \u00e0 partir de 425\u20ac TTC. Contactez un Avocat divorce au 01.47.04.25.40 . Recevez un devis gratuit et imm\u00e9diat pour votre divorce. Cabinet Avocat GC. Divorce amiable - Divorce sans juge","robots":{"index":"index","follow":"follow","max-snippet":"max-snippet:-1","max-image-preview":"max-image-preview:large","max-video-preview":"max-video-preview:-1"},"canonical":"https:\/\/avocat-gc.com\/divorce\/avocat-divorce\/meudon\/","og_locale":"fr_FR","og_type":"article","og_title":"Avocat Divorce \u00e0 Meudon (92) - Avocat Divorce","og_description":"Divorcez \u00e0 Meudon (92) en 1 mois \u00e0 partir de 425\u20ac TTC. Contactez un Avocat divorce au 01.47.04.25.40 . Recevez un devis gratuit et imm\u00e9diat pour votre divorce. Cabinet Avocat GC. Divorce amiable - Divorce sans juge","og_url":"https:\/\/avocat-gc.com\/divorce\/avocat-divorce\/meudon\/","og_site_name":"Avocat GC - Avocat Divorce","article_modified_time":"2025-02-24T15:50:51+00:00","twitter_card":"summary_large_image","schema":{"@context":"https:\/\/schema.org","@graph":[{"@type":"WebPage","@id":"https:\/\/avocat-gc.com\/divorce\/avocat-divorce\/meudon\/","url":"https:\/\/avocat-gc.com\/divorce\/avocat-divorce\/meudon\/","name":"Avocat Divorce \u00e0 Meudon (92) - Avocat Divorce","isPartOf":{"@id":"https:\/\/avocat-gc.com\/divorce\/#website"},"datePublished":"2024-03-31T10:07:22+00:00","dateModified":"2025-02-24T15:50:51+00:00","description":"Divorcez \u00e0 Meudon (92) en 1 mois \u00e0 partir de 425\u20ac TTC. Contactez un Avocat divorce au 01.47.04.25.40 . Recevez un devis gratuit et imm\u00e9diat pour votre divorce. Cabinet Avocat GC. Divorce amiable - Divorce sans juge","breadcrumb":{"@id":"https:\/\/avocat-gc.com\/divorce\/avocat-divorce\/meudon\/#breadcrumb"},"inLanguage":"fr-FR","potentialAction":[{"@type":"ReadAction","target":["https:\/\/avocat-gc.com\/divorce\/avocat-divorce\/meudon\/"]}]},{"@type":"BreadcrumbList","@id":"https:\/\/avocat-gc.com\/divorce\/avocat-divorce\/meudon\/#breadcrumb","itemListElement":[{"@type":"ListItem","position":1,"name":"Accueil","item":"https:\/\/avocat-gc.com\/divorce\/"},{"@type":"ListItem","position":2,"name":"Avocat Divorce","item":"https:\/\/avocat-gc.com\/divorce\/avocat-divorce\/"},{"@type":"ListItem","position":3,"name":"Avocat Divorce \u00e0 Meudon (92)"}]},{"@type":"WebSite","@id":"https:\/\/avocat-gc.com\/divorce\/#website","url":"https:\/\/avocat-gc.com\/divorce\/","name":"Avocat GC - Avocat Divorce","description":"","publisher":{"@id":"https:\/\/avocat-gc.com\/divorce\/#organization"},"potentialAction":[{"@type":"SearchAction","target":{"@type":"EntryPoint","urlTemplate":"https:\/\/avocat-gc.com\/divorce\/?s={search_term_string}"},"query-input":{"@type":"PropertyValueSpecification","valueRequired":true,"valueName":"search_term_string"}}],"inLanguage":"fr-FR"},{"@type":"Organization","@id":"https:\/\/avocat-gc.com\/divorce\/#organization","name":"Avocat GC - Avocat Divorce","url":"https:\/\/avocat-gc.com\/divorce\/","logo":{"@type":"ImageObject","inLanguage":"fr-FR","@id":"https:\/\/avocat-gc.com\/divorce\/#\/schema\/logo\/image\/","url":"https:\/\/avocat-gc.com\/divorce\/wp-content\/uploads\/2024\/04\/cropped-Sans-titre.png","contentUrl":"https:\/\/avocat-gc.com\/divorce\/wp-content\/uploads\/2024\/04\/cropped-Sans-titre.png","width":200,"height":180,"caption":"Avocat GC - Avocat Divorce"},"image":{"@id":"https:\/\/avocat-gc.com\/divorce\/#\/schema\/logo\/image\/"}}]}},"_links":{"self":[{"href":"https:\/\/avocat-gc.com\/divorce\/wp-json\/wp\/v2\/pages\/7009","targetHints":{"allow":["GET"]}}],"collection":[{"href":"https:\/\/avocat-gc.com\/divorce\/wp-json\/wp\/v2\/pages"}],"about":[{"href":"https:\/\/avocat-gc.com\/divorce\/wp-json\/wp\/v2\/types\/page"}],"author":[{"embeddable":true,"href":"https:\/\/avocat-gc.com\/divorce\/wp-json\/wp\/v2\/users\/1"}],"replies":[{"embeddable":true,"href":"https:\/\/avocat-gc.com\/divorce\/wp-json\/wp\/v2\/comments?post=7009"}],"version-history":[{"count":1,"href":"https:\/\/avocat-gc.com\/divorce\/wp-json\/wp\/v2\/pages\/7009\/revisions"}],"predecessor-version":[{"id":15652,"href":"https:\/\/avocat-gc.com\/divorce\/wp-json\/wp\/v2\/pages\/7009\/revisions\/15652"}],"up":[{"embeddable":true,"href":"https:\/\/avocat-gc.com\/divorce\/wp-json\/wp\/v2\/pages\/7084"}],"wp:attachment":[{"href":"https:\/\/avocat-gc.com\/divorce\/wp-json\/wp\/v2\/media?parent=7009"}],"wp:term":[{"taxonomy":"priorite","embeddable":true,"href":"https:\/\/avocat-gc.com\/divorce\/wp-json\/wp\/v2\/priorite?post=7009"}],"curies":[{"name":"wp","href":"https:\/\/api.w.org\/{rel}","templated":true}]}}