{"id":7005,"date":"2024-03-31T10:07:22","date_gmt":"2024-03-31T10:07:22","guid":{"rendered":"https:\/\/avocat-gc.com\/divorce\/sarcelles\/"},"modified":"2025-02-24T16:24:29","modified_gmt":"2025-02-24T16:24:29","slug":"sarcelles","status":"publish","type":"page","link":"https:\/\/avocat-gc.com\/divorce\/avocat-divorce\/sarcelles\/","title":{"rendered":"Avocat Divorce \u00e0 Sarcelles (95)"},"content":{"rendered":"<\/p>\n<p>Avocat Divorce \u00e0 Sarcelles (95)<\/p>\n<h2>VOTRE DIVORCE \u00c0 SARCELLES EN 1 MOIS<\/h2>\n<p> J&rsquo;INTERVIENS DANS TOUTE LA FRANCE <a href=\"http:\/\/avocat-gc.com\/divorce\/avocat-divorce\/paris\/\" rel=\"nofollow noopener\" title=\"\" target=\"_parent\">Notre cabinet \u00e0 Paris<\/a> : 42 Rue de L\u00fcbeck, 75116 Paris 01 47 04 25 40<\/p>\n<h3>1 &#8211; Le rendez-vous<\/h3>\n<p class=\"img-right\"><img decoding=\"async\" alt=\"Avocat Divorce \u00e0 Sarcelles (95)\" title=\"Avocat Divorce \u00e0 Sarcelles (95)\" width=\"170\" border=\"2\" src=\"\/divorce\/wp-content\/uploads\/2024\/04\/divorce-consentement-mutuel.png\" \/><\/p>\n<p align=\"justify\">Vous souhaitez divorcer rapidement et \u00e0 moindre co\u00fbt ? Notre cabinet d&rsquo;avocats est comp\u00e9tent pour vous divorcer dans le Val-d&rsquo;Oise, en Ile-de-France. Votre divorce d\u00e9bute par un rendez-vous, en nous contactant par t\u00e9l\u00e9phone au 01.47.04.25.40 ou par email \u00e0 l&rsquo;adresse <a href=\"mailto:info@avocat-gc.com\">info@avocat-gc.com<\/a>. Lors de ce rendez-vous :\n<\/p>\n<p>Nous vous expliquerons le d\u00e9roulement de votre proc\u00e9dure de divorce.<br \/>\nVotre avocat r\u00e9pondra \u00e0 toutes vos questions avant, pendant et suite \u00e0 votre divorce.<br \/>\nNous r\u00e9digerons votre convention de divorce<\/p>\n<h3>2 &#8211; La signature<\/h3>\n<p class=\"img-left\"><img decoding=\"async\" alt=\"Avocat Divorce sans juge Sarcelles (95)\" title=\" Avocat Divorce sans juge Sarcelles (95)\" width=\"170\" border=\"2\" src=\"\/divorce\/wp-content\/uploads\/2024\/04\/divorce-sans-avocat.jpg\" \/><\/p>\n<p align=\"justify\">Simplifi\u00e9e depuis 2017, la proc\u00e9dure de divorce sans juge ne n\u00e9cessite plus aucune audience devant le Juge. En effet, votre projet de convention de divorce vous sera transmis directement par courrier recommand\u00e9 avec accus\u00e9 de r\u00e9ception. Un d\u00e9lai de reflexion de 15 jours vous est alors attribu\u00e9 avant de signer et nous renvoyer le projet de convention.Une fois les documents sign\u00e9s, la convention est envoy\u00e9e par notre cabinet au notaire qui enregistrera votre divorce. Vous serez officiellement divorc\u00e9s.    DIVORCE DEVANT LE JUGE :  Dans certains cas, il est toujours possible de\u00a0divorcer \u00e0 l&rsquo;amiable devant le Juge. Cette proc\u00e9dure est constitu\u00e9e d&rsquo;une audience au tribunal devant le Juge aux Affaires Familiales \u00e0 laquelle il est obligatoire d&rsquo;assister ainsi que votre avocat.   \u00c0 SAVOIR :\u00a0La proc\u00e9dure de divorce sans juge n&rsquo;est valable que dans le cadre d&rsquo;un divorce \u00e0 l&rsquo;amiable. Si tout d\u00e9saccord entre les \u00e9poux venait \u00e0 se produire, il faudrait alors opter pour un divorce contentieux qui se r\u00e9glera au terme de plusieurs audiences au tribunal:<\/p>\n<p class=\"img-right\"><img decoding=\"async\" align=\"right\" alt=\"Avocat Divorce TGI Sarcelles (95)\" title=\"Avocat Divorce TGI Sarcelles (95)\" width=\"80\" border=\"2\" src=\"\/divorce\/wp-content\/uploads\/2024\/04\/tgi\/tgi-palais-justice-paris.jpg\" \/><\/p>\n<\/p>\n<p>  Tribunal de grande instance de Pontoise3 rue Victor Hugo &#8211; BP 50220 95302 CERGY PONTOISE CEDEXDu lundi au vendredi : de 08h30 \u00e0 17h30<\/p>\n<h3> 3 &#8211; L&rsquo;enregistrement<\/h3>\n<p class=\"img-right\"><img decoding=\"async\" align=\"left\" alt=\"Avocat Divorce Amiable Sarcelles (95)\" title=\"Avocat Divorce Amiable Sarcelles (95)\" width=\"170\" border=\"2\" src=\"\/divorce\/wp-content\/uploads\/2024\/04\/divorce-simple.png\" style=\"padding:5px;margin-right: 5px;\" \/><\/p>\n<p align=\"justify\">Suite \u00e0 cette rapide audience :<\/p>\n<p>nous vous adressons l&rsquo;attestation d&rsquo;enregistrement de divorce d\u00e8s r\u00e9ception au cabinet,<br \/>\nnous accomplissons les formalit\u00e9s d&rsquo;inscription de votre divorce sur vos actes d&rsquo;\u00e9tat civil,<br \/>\nnous vous fournissons les attestations n\u00e9c\u00e9ssaires dans l&rsquo;attente de votre jugement,<br \/>\nnous vous assistons tout au long de la proc\u00e9dure par t\u00e9l\u00e9phone et par email.<\/p>\n<p align=\"justify\">Vous souhaitez divorcer \u00e0 Sarcelles (95)? Merci de nous adresser le devis ci-dessous afin que nous puissions faire le point sur votre situation:<\/p>\n<\/p>\n<p><a href=\"http:\/\/avocat-gc.com\/divorce\/avocat-divorce-10-ans-dexperience\/\" rel=\"nofollow noopener\" target=\"_parent\">\u25ba DEVIS: AVOCAT DIVORCE \u00c0  SARCELLES<\/a><\/p>\n<h3> 4 &#8211; Divorcer sans juge \u00e0 Sarcelles (95) <\/h3>\n<p align=\"justify\">Le divorce sans juge est la proc\u00e9dure de divorce la plus rapide et la moins ch\u00e8re.\u00a0Pour engager ce type de proc\u00e9dure, il faut que les deux conjoints s&rsquo;accordent sur chaque point de la convention de divorce r\u00e9dig\u00e9e au sein de notre cabinet lors de votre premier rendez-vous. Pour conna\u00eetre chaque \u00e9tape d&rsquo;un divorce sans juge \u00e0 Sarcelles (95), veuillez suivre le lien ci-dessous:<\/p>\n<p>    <a href=\"https:\/\/fr.trustpilot.com\/review\/avocat-gc.com\" target=\"_blank\" rel=\"noopener\">Trustpilot<\/a><\/p>\n<p><a href=\"https:\/\/avocat-gc.com\/divorce\/avocat-divorce-amiable-sans-juge-sarcelles-95\/\" class=\"lien-ville\">AVOCAT DIVORCE AMIABLE SANS JUGE SARCELLES (95)<\/a><\/p>\n","protected":false},"excerpt":{"rendered":"<p>Avocat Divorce \u00e0 Sarcelles (95) VOTRE DIVORCE \u00c0 SARCELLES EN 1 MOIS J&rsquo;INTERVIENS DANS TOUTE LA FRANCE Notre cabinet \u00e0 Paris : 42 Rue de L\u00fcbeck, 75116 Paris 01 47 04 25 40 1 &#8211; Le rendez-vous Vous souhaitez divorcer rapidement et \u00e0 moindre co\u00fbt ? Notre cabinet d&rsquo;avocats est comp\u00e9tent pour vous divorcer dans [&hellip;]<\/p>\n","protected":false},"author":1,"featured_media":0,"parent":7084,"menu_order":0,"comment_status":"closed","ping_status":"closed","template":"page-ville.php","meta":{"_acf_changed":false,"inline_featured_image":false,"footnotes":""},"priorite":[],"class_list":["post-7005","page","type-page","status-publish","hentry"],"acf":[],"yoast_head":"<!-- This site is optimized with the Yoast SEO plugin v27.5 - https:\/\/yoast.com\/product\/yoast-seo-wordpress\/ -->\n<title>Avocat Divorce \u00e0 Sarcelles (95) - Avocat Divorce<\/title>\n<meta name=\"description\" content=\"Divorcez \u00e0 Sarcelles (95) en 1 mois \u00e0 partir de 425\u20ac TTC. Contactez un Avocat divorce au 01.47.04.25.40 . Devis Gratuit &amp; Imm\u00e9diat. Cabinet Avocat GC. Divorce amiable - Divorce sans juge\" \/>\n<meta name=\"robots\" content=\"index, follow, max-snippet:-1, max-image-preview:large, max-video-preview:-1\" \/>\n<link rel=\"canonical\" href=\"https:\/\/avocat-gc.com\/divorce\/avocat-divorce\/sarcelles\/\" \/>\n<meta property=\"og:locale\" content=\"fr_FR\" \/>\n<meta property=\"og:type\" content=\"article\" \/>\n<meta property=\"og:title\" content=\"Avocat Divorce \u00e0 Sarcelles (95) - Avocat Divorce\" \/>\n<meta property=\"og:description\" content=\"Divorcez \u00e0 Sarcelles (95) en 1 mois \u00e0 partir de 425\u20ac TTC. Contactez un Avocat divorce au 01.47.04.25.40 . Devis Gratuit &amp; Imm\u00e9diat. Cabinet Avocat GC. Divorce amiable - Divorce sans juge\" \/>\n<meta property=\"og:url\" content=\"https:\/\/avocat-gc.com\/divorce\/avocat-divorce\/sarcelles\/\" \/>\n<meta property=\"og:site_name\" content=\"Avocat GC - Avocat Divorce\" \/>\n<meta property=\"article:modified_time\" content=\"2025-02-24T16:24:29+00:00\" \/>\n<meta name=\"twitter:card\" content=\"summary_large_image\" \/>\n<script type=\"application\/ld+json\" class=\"yoast-schema-graph\">{\"@context\":\"https:\\\/\\\/schema.org\",\"@graph\":[{\"@type\":\"WebPage\",\"@id\":\"https:\\\/\\\/avocat-gc.com\\\/divorce\\\/avocat-divorce\\\/sarcelles\\\/\",\"url\":\"https:\\\/\\\/avocat-gc.com\\\/divorce\\\/avocat-divorce\\\/sarcelles\\\/\",\"name\":\"Avocat Divorce \u00e0 Sarcelles (95) - Avocat Divorce\",\"isPartOf\":{\"@id\":\"https:\\\/\\\/avocat-gc.com\\\/divorce\\\/#website\"},\"datePublished\":\"2024-03-31T10:07:22+00:00\",\"dateModified\":\"2025-02-24T16:24:29+00:00\",\"description\":\"Divorcez \u00e0 Sarcelles (95) en 1 mois \u00e0 partir de 425\u20ac TTC. Contactez un Avocat divorce au 01.47.04.25.40 . Devis Gratuit & Imm\u00e9diat. Cabinet Avocat GC. Divorce amiable - Divorce sans juge\",\"breadcrumb\":{\"@id\":\"https:\\\/\\\/avocat-gc.com\\\/divorce\\\/avocat-divorce\\\/sarcelles\\\/#breadcrumb\"},\"inLanguage\":\"fr-FR\",\"potentialAction\":[{\"@type\":\"ReadAction\",\"target\":[\"https:\\\/\\\/avocat-gc.com\\\/divorce\\\/avocat-divorce\\\/sarcelles\\\/\"]}]},{\"@type\":\"BreadcrumbList\",\"@id\":\"https:\\\/\\\/avocat-gc.com\\\/divorce\\\/avocat-divorce\\\/sarcelles\\\/#breadcrumb\",\"itemListElement\":[{\"@type\":\"ListItem\",\"position\":1,\"name\":\"Accueil\",\"item\":\"https:\\\/\\\/avocat-gc.com\\\/divorce\\\/\"},{\"@type\":\"ListItem\",\"position\":2,\"name\":\"Avocat Divorce\",\"item\":\"https:\\\/\\\/avocat-gc.com\\\/divorce\\\/avocat-divorce\\\/\"},{\"@type\":\"ListItem\",\"position\":3,\"name\":\"Avocat Divorce \u00e0 Sarcelles (95)\"}]},{\"@type\":\"WebSite\",\"@id\":\"https:\\\/\\\/avocat-gc.com\\\/divorce\\\/#website\",\"url\":\"https:\\\/\\\/avocat-gc.com\\\/divorce\\\/\",\"name\":\"Avocat GC - Avocat Divorce\",\"description\":\"\",\"publisher\":{\"@id\":\"https:\\\/\\\/avocat-gc.com\\\/divorce\\\/#organization\"},\"potentialAction\":[{\"@type\":\"SearchAction\",\"target\":{\"@type\":\"EntryPoint\",\"urlTemplate\":\"https:\\\/\\\/avocat-gc.com\\\/divorce\\\/?s={search_term_string}\"},\"query-input\":{\"@type\":\"PropertyValueSpecification\",\"valueRequired\":true,\"valueName\":\"search_term_string\"}}],\"inLanguage\":\"fr-FR\"},{\"@type\":\"Organization\",\"@id\":\"https:\\\/\\\/avocat-gc.com\\\/divorce\\\/#organization\",\"name\":\"Avocat GC - Avocat Divorce\",\"url\":\"https:\\\/\\\/avocat-gc.com\\\/divorce\\\/\",\"logo\":{\"@type\":\"ImageObject\",\"inLanguage\":\"fr-FR\",\"@id\":\"https:\\\/\\\/avocat-gc.com\\\/divorce\\\/#\\\/schema\\\/logo\\\/image\\\/\",\"url\":\"https:\\\/\\\/avocat-gc.com\\\/divorce\\\/wp-content\\\/uploads\\\/2024\\\/04\\\/cropped-Sans-titre.png\",\"contentUrl\":\"https:\\\/\\\/avocat-gc.com\\\/divorce\\\/wp-content\\\/uploads\\\/2024\\\/04\\\/cropped-Sans-titre.png\",\"width\":200,\"height\":180,\"caption\":\"Avocat GC - Avocat Divorce\"},\"image\":{\"@id\":\"https:\\\/\\\/avocat-gc.com\\\/divorce\\\/#\\\/schema\\\/logo\\\/image\\\/\"}}]}<\/script>\n<!-- \/ Yoast SEO plugin. -->","yoast_head_json":{"title":"Avocat Divorce \u00e0 Sarcelles (95) - Avocat Divorce","description":"Divorcez \u00e0 Sarcelles (95) en 1 mois \u00e0 partir de 425\u20ac TTC. Contactez un Avocat divorce au 01.47.04.25.40 . Devis Gratuit & Imm\u00e9diat. Cabinet Avocat GC. Divorce amiable - Divorce sans juge","robots":{"index":"index","follow":"follow","max-snippet":"max-snippet:-1","max-image-preview":"max-image-preview:large","max-video-preview":"max-video-preview:-1"},"canonical":"https:\/\/avocat-gc.com\/divorce\/avocat-divorce\/sarcelles\/","og_locale":"fr_FR","og_type":"article","og_title":"Avocat Divorce \u00e0 Sarcelles (95) - Avocat Divorce","og_description":"Divorcez \u00e0 Sarcelles (95) en 1 mois \u00e0 partir de 425\u20ac TTC. Contactez un Avocat divorce au 01.47.04.25.40 . Devis Gratuit & Imm\u00e9diat. Cabinet Avocat GC. Divorce amiable - Divorce sans juge","og_url":"https:\/\/avocat-gc.com\/divorce\/avocat-divorce\/sarcelles\/","og_site_name":"Avocat GC - Avocat Divorce","article_modified_time":"2025-02-24T16:24:29+00:00","twitter_card":"summary_large_image","schema":{"@context":"https:\/\/schema.org","@graph":[{"@type":"WebPage","@id":"https:\/\/avocat-gc.com\/divorce\/avocat-divorce\/sarcelles\/","url":"https:\/\/avocat-gc.com\/divorce\/avocat-divorce\/sarcelles\/","name":"Avocat Divorce \u00e0 Sarcelles (95) - Avocat Divorce","isPartOf":{"@id":"https:\/\/avocat-gc.com\/divorce\/#website"},"datePublished":"2024-03-31T10:07:22+00:00","dateModified":"2025-02-24T16:24:29+00:00","description":"Divorcez \u00e0 Sarcelles (95) en 1 mois \u00e0 partir de 425\u20ac TTC. Contactez un Avocat divorce au 01.47.04.25.40 . Devis Gratuit & Imm\u00e9diat. Cabinet Avocat GC. Divorce amiable - Divorce sans juge","breadcrumb":{"@id":"https:\/\/avocat-gc.com\/divorce\/avocat-divorce\/sarcelles\/#breadcrumb"},"inLanguage":"fr-FR","potentialAction":[{"@type":"ReadAction","target":["https:\/\/avocat-gc.com\/divorce\/avocat-divorce\/sarcelles\/"]}]},{"@type":"BreadcrumbList","@id":"https:\/\/avocat-gc.com\/divorce\/avocat-divorce\/sarcelles\/#breadcrumb","itemListElement":[{"@type":"ListItem","position":1,"name":"Accueil","item":"https:\/\/avocat-gc.com\/divorce\/"},{"@type":"ListItem","position":2,"name":"Avocat Divorce","item":"https:\/\/avocat-gc.com\/divorce\/avocat-divorce\/"},{"@type":"ListItem","position":3,"name":"Avocat Divorce \u00e0 Sarcelles (95)"}]},{"@type":"WebSite","@id":"https:\/\/avocat-gc.com\/divorce\/#website","url":"https:\/\/avocat-gc.com\/divorce\/","name":"Avocat GC - Avocat Divorce","description":"","publisher":{"@id":"https:\/\/avocat-gc.com\/divorce\/#organization"},"potentialAction":[{"@type":"SearchAction","target":{"@type":"EntryPoint","urlTemplate":"https:\/\/avocat-gc.com\/divorce\/?s={search_term_string}"},"query-input":{"@type":"PropertyValueSpecification","valueRequired":true,"valueName":"search_term_string"}}],"inLanguage":"fr-FR"},{"@type":"Organization","@id":"https:\/\/avocat-gc.com\/divorce\/#organization","name":"Avocat GC - Avocat Divorce","url":"https:\/\/avocat-gc.com\/divorce\/","logo":{"@type":"ImageObject","inLanguage":"fr-FR","@id":"https:\/\/avocat-gc.com\/divorce\/#\/schema\/logo\/image\/","url":"https:\/\/avocat-gc.com\/divorce\/wp-content\/uploads\/2024\/04\/cropped-Sans-titre.png","contentUrl":"https:\/\/avocat-gc.com\/divorce\/wp-content\/uploads\/2024\/04\/cropped-Sans-titre.png","width":200,"height":180,"caption":"Avocat GC - Avocat Divorce"},"image":{"@id":"https:\/\/avocat-gc.com\/divorce\/#\/schema\/logo\/image\/"}}]}},"_links":{"self":[{"href":"https:\/\/avocat-gc.com\/divorce\/wp-json\/wp\/v2\/pages\/7005","targetHints":{"allow":["GET"]}}],"collection":[{"href":"https:\/\/avocat-gc.com\/divorce\/wp-json\/wp\/v2\/pages"}],"about":[{"href":"https:\/\/avocat-gc.com\/divorce\/wp-json\/wp\/v2\/types\/page"}],"author":[{"embeddable":true,"href":"https:\/\/avocat-gc.com\/divorce\/wp-json\/wp\/v2\/users\/1"}],"replies":[{"embeddable":true,"href":"https:\/\/avocat-gc.com\/divorce\/wp-json\/wp\/v2\/comments?post=7005"}],"version-history":[{"count":1,"href":"https:\/\/avocat-gc.com\/divorce\/wp-json\/wp\/v2\/pages\/7005\/revisions"}],"predecessor-version":[{"id":15740,"href":"https:\/\/avocat-gc.com\/divorce\/wp-json\/wp\/v2\/pages\/7005\/revisions\/15740"}],"up":[{"embeddable":true,"href":"https:\/\/avocat-gc.com\/divorce\/wp-json\/wp\/v2\/pages\/7084"}],"wp:attachment":[{"href":"https:\/\/avocat-gc.com\/divorce\/wp-json\/wp\/v2\/media?parent=7005"}],"wp:term":[{"taxonomy":"priorite","embeddable":true,"href":"https:\/\/avocat-gc.com\/divorce\/wp-json\/wp\/v2\/priorite?post=7005"}],"curies":[{"name":"wp","href":"https:\/\/api.w.org\/{rel}","templated":true}]}}