{"id":7004,"date":"2024-03-31T10:07:22","date_gmt":"2024-03-31T10:07:22","guid":{"rendered":"https:\/\/avocat-gc.com\/divorce\/sevran\/"},"modified":"2025-02-24T15:50:58","modified_gmt":"2025-02-24T15:50:58","slug":"sevran","status":"publish","type":"page","link":"https:\/\/avocat-gc.com\/divorce\/avocat-divorce\/sevran\/","title":{"rendered":"Avocat divorce \u00e0 Sevran (93)"},"content":{"rendered":"<\/p>\n<p>Avocat divorce \u00e0 Sevran (93)<\/p>\n<h2>VOTRE DIVORCE \u00c0 SEVRAN EN 1 MOIS<\/h2>\n<p> J&rsquo;INTERVIENS DANS TOUTE LA FRANCE <a href=\"http:\/\/avocat-gc.com\/divorce\/avocat-divorce\/paris\/\" rel=\"nofollow noopener\" title=\"\" target=\"_parent\">Notre cabinet \u00e0 Paris<\/a> : 42 Rue de L\u00fcbeck, 75116 Paris 01 47 04 25 40<\/p>\n<h3>1 &#8211; Le rendez-vous\u00a0<\/h3>\n<p class=\"img-right\"><img decoding=\"async\" alt=\"Avocat divorce \u00e0 Sevran (93)\" title=\"Avocat divorce \u00e0 Sevran (93)\" width=\"170\" border=\"2\" src=\"\/divorce\/wp-content\/uploads\/2024\/04\/divorce-consentement-mutuel.png\" \/><\/p>\n<p align=\"justify\">Pour les \u00e9poux qui s&rsquo;accordent sur les cons\u00e9quences du divorce, le divorce amiable permet de divorcer rapidement et \u00e0 moindre co\u00fbt. La premi\u00e8re \u00e9tape de la proc\u00e9dure consiste en un entretien avec notre avocat divorce. Nous sommes comp\u00e9tents pour vous divorcer en Seine-Saint-Denis,\u00a0 Ile-de-France. Pour prendre un rendez-vous, il suffit de nous contacter par t\u00e9l\u00e9phone au 01.47.04.25.40 ou par email \u00e0 l&rsquo;adresse <a href=\"mailto:info@avocat-gc.com\">info@avocat-gc.com<\/a>. Lors de ce rendez-vous :\n<\/p>\n<p>Nous vous expliquerons le d\u00e9roulement de votre proc\u00e9dure de divorce.<br \/>\nVotre avocat r\u00e9pondra \u00e0 toutes vos questions avant, pendant et suite \u00e0 votre divorce.<br \/>\nNous r\u00e9digerons votre convention de divorce.<\/p>\n<h3>2 &#8211; La signature<\/h3>\n<p class=\"img-left\"><img decoding=\"async\" alt=\"Avocat Divorce sans juge Sevran (93)\" title=\" Avocat Divorce sans juge Sevran (93)\" width=\"170\" border=\"2\" src=\"\/divorce\/wp-content\/uploads\/2024\/04\/divorce-sans-avocat.jpg\" \/><\/p>\n<p align=\"justify\">Depuis 2017, il n&rsquo;est d\u00e9sormais plus obligatoire d&rsquo;\u00eatre entendu par le Juge aux Affaires Familiales pour divorcer \u00e0 l&rsquo;amiable. En effet, il est possible de divorcer directement aupr\u00e8s de vos avocats. Une fois la convention sign\u00e9e, nous vous transmettons \u00e0 domicile le projet de convention pour le soumettre \u00e0 votre signature dans un d\u00e9lai de 15 jours. Attention, tout d\u00e9saccord entre les \u00e9poux ne permet plus cette proc\u00e9dure. Lorsque les documents sont sign\u00e9s, la convention de divorce est alors enregistr\u00e9e par le notaire. Vous serez officiellement divorc\u00e9.    DIVORCE DEVANT LE JUGE :  Dans certains cas,\u00a0divorcer \u00e0 l&rsquo;amiable devant le Juge\u00a0est toujours possible. Cette proc\u00e9dure est constitu\u00e9e d&rsquo;une audience au tribunal \u00e0 laquelle il est obligatoire d&rsquo;assister ainsi que votre avocat. Le Juge aux Affaires Familiales prononcera votre divorce.   \u00c0 SAVOIR :\u00a0Le divorce sans juge est une proc\u00e9dure \u00e0 l&rsquo;amiable. Si tout d\u00e9saccord entre les \u00e9poux venait \u00e0 se produire , il faudrait opter pour un divorce contentieux qui se r\u00e9glera au terme de plusieurs audiences au tribunal:<\/p>\n<p class=\"img-right\"><img decoding=\"async\" align=\"right\" alt=\"Avocat divorce TGI Sevran (93)\" title=\"Avocat divorce TGI Sevran (93)\" width=\"80\" border=\"2\" src=\"\/divorce\/wp-content\/uploads\/2024\/04\/tgi\/tgi-palais-justice-bobigny.jpeg\" \/><\/p>\n<\/p>\n<p>  Tribunal de grande instance de Bobigny173 Av Paul Vaillant Couturier 93008 .BOBIGNY CEDEXDu lundi au vendredi : de\u00a009h00 \u00e0 17h00<\/p>\n<p>    <a href=\"https:\/\/fr.trustpilot.com\/review\/avocat-gc.com\" target=\"_blank\" rel=\"noopener\">Trustpilot<\/a><\/p>\n<h3> 3 &#8211; L&rsquo;enregistrement<\/h3>\n<p class=\"img-right\"><img decoding=\"async\" align=\"left\" alt=\"Avocat divorce Amiable Sevran (93)\" title=\"Avocat divorce Amiable Sevran (93)\" width=\"170\" border=\"2\" src=\"\/divorce\/wp-content\/uploads\/2024\/04\/divorce-simple.png\" style=\"padding:5px;margin-right: 5px;\" \/><\/p>\n<p align=\"justify\">Suite \u00e0 cette rapide audience :<\/p>\n<p>nous vous adressons l&rsquo;attestation d&rsquo;enregistrement de divorce d\u00e8s r\u00e9ception au cabinet,<br \/>\nnous accomplissons les formalit\u00e9s d&rsquo;inscription de votre divorce sur vos actes d&rsquo;\u00e9tat civil,<br \/>\nnous vous fournissons les attestations n\u00e9c\u00e9ssaires dans l&rsquo;attente de votre jugement,<br \/>\nnous vous assistons tout au long de la proc\u00e9dure par t\u00e9l\u00e9phone et par email.<\/p>\n<p align=\"justify\">\nSi vous d\u00e9sirez divorcer \u00e0 Sevran (93), veuillez nous remplir le devis en ligne ci-dessous afin que nous puissions estimer votre situation:<\/p>\n<\/p>\n<p><a href=\"http:\/\/avocat-gc.com\/divorce\/avocat-divorce-10-ans-dexperience\/\" rel=\"nofollow noopener\" target=\"_parent\">\u25ba DEVIS: AVOCAT DIVORCE SANS JUGE  SEVRAN<\/a><\/p>\n<h3> 4 &#8211; Divorcer sans juge \u00e0 Sevran (93) <\/h3>\n<p align=\"justify\">Divorcer sans juge est rapide et peu cher. Notre cabinet d&rsquo;avocats s&rsquo;efforce de vous divorcer dans un d\u00e9lai habituel d&rsquo;un mois. Cependant, cette proc\u00e9dure n\u00e9cessite que les deux \u00e9poux s&rsquo;entendent parfaitement sur chaque effet du divorce. Pour connaitre les \u00e9tapes d&rsquo;un divorce sans juge \u00e0 Sevran (93), veuillez suivre le lien ci-apr\u00e8s:<\/p>\n<p><a href=\"https:\/\/avocat-gc.com\/divorce\/avocat-divorce\/sevran\/divorce-amiable-sevran\/\" class=\"lien-ville\">AVOCAT DIVORCE AMIABLE SANS JUGE SEVRAN<\/a><\/p>\n","protected":false},"excerpt":{"rendered":"<p>Avocat divorce \u00e0 Sevran (93) VOTRE DIVORCE \u00c0 SEVRAN EN 1 MOIS J&rsquo;INTERVIENS DANS TOUTE LA FRANCE Notre cabinet \u00e0 Paris : 42 Rue de L\u00fcbeck, 75116 Paris 01 47 04 25 40 1 &#8211; Le rendez-vous\u00a0 Pour les \u00e9poux qui s&rsquo;accordent sur les cons\u00e9quences du divorce, le divorce amiable permet de divorcer rapidement et [&hellip;]<\/p>\n","protected":false},"author":1,"featured_media":0,"parent":7084,"menu_order":0,"comment_status":"closed","ping_status":"closed","template":"page-ville.php","meta":{"_acf_changed":false,"inline_featured_image":false,"footnotes":""},"priorite":[],"class_list":["post-7004","page","type-page","status-publish","hentry"],"acf":[],"yoast_head":"<!-- This site is optimized with the Yoast SEO plugin v27.3 - https:\/\/yoast.com\/product\/yoast-seo-wordpress\/ -->\n<title>Avocat divorce \u00e0 Sevran (93) - Avocat Divorce<\/title>\n<meta name=\"description\" content=\"Divorcez \u00e0 Sevran (93) en 1 mois \u00e0 partir de 425\u20ac TTC. Contactez un Avocat divorce au 01.47.04.25.40 . Devis Gratuit &amp; Imm\u00e9diat. Cabinet Avocat GC. Divorce amiable - Divorce sans juge\" \/>\n<meta name=\"robots\" content=\"index, follow, max-snippet:-1, max-image-preview:large, max-video-preview:-1\" \/>\n<link rel=\"canonical\" href=\"https:\/\/avocat-gc.com\/divorce\/avocat-divorce\/sevran\/\" \/>\n<meta property=\"og:locale\" content=\"fr_FR\" \/>\n<meta property=\"og:type\" content=\"article\" \/>\n<meta property=\"og:title\" content=\"Avocat divorce \u00e0 Sevran (93) - Avocat Divorce\" \/>\n<meta property=\"og:description\" content=\"Divorcez \u00e0 Sevran (93) en 1 mois \u00e0 partir de 425\u20ac TTC. Contactez un Avocat divorce au 01.47.04.25.40 . Devis Gratuit &amp; Imm\u00e9diat. Cabinet Avocat GC. Divorce amiable - Divorce sans juge\" \/>\n<meta property=\"og:url\" content=\"https:\/\/avocat-gc.com\/divorce\/avocat-divorce\/sevran\/\" \/>\n<meta property=\"og:site_name\" content=\"Avocat GC - Avocat Divorce\" \/>\n<meta property=\"article:modified_time\" content=\"2025-02-24T15:50:58+00:00\" \/>\n<meta name=\"twitter:card\" content=\"summary_large_image\" \/>\n<script type=\"application\/ld+json\" class=\"yoast-schema-graph\">{\"@context\":\"https:\\\/\\\/schema.org\",\"@graph\":[{\"@type\":\"WebPage\",\"@id\":\"https:\\\/\\\/avocat-gc.com\\\/divorce\\\/avocat-divorce\\\/sevran\\\/\",\"url\":\"https:\\\/\\\/avocat-gc.com\\\/divorce\\\/avocat-divorce\\\/sevran\\\/\",\"name\":\"Avocat divorce \u00e0 Sevran (93) - Avocat Divorce\",\"isPartOf\":{\"@id\":\"https:\\\/\\\/avocat-gc.com\\\/divorce\\\/#website\"},\"datePublished\":\"2024-03-31T10:07:22+00:00\",\"dateModified\":\"2025-02-24T15:50:58+00:00\",\"description\":\"Divorcez \u00e0 Sevran (93) en 1 mois \u00e0 partir de 425\u20ac TTC. Contactez un Avocat divorce au 01.47.04.25.40 . Devis Gratuit & Imm\u00e9diat. Cabinet Avocat GC. Divorce amiable - Divorce sans juge\",\"breadcrumb\":{\"@id\":\"https:\\\/\\\/avocat-gc.com\\\/divorce\\\/avocat-divorce\\\/sevran\\\/#breadcrumb\"},\"inLanguage\":\"fr-FR\",\"potentialAction\":[{\"@type\":\"ReadAction\",\"target\":[\"https:\\\/\\\/avocat-gc.com\\\/divorce\\\/avocat-divorce\\\/sevran\\\/\"]}]},{\"@type\":\"BreadcrumbList\",\"@id\":\"https:\\\/\\\/avocat-gc.com\\\/divorce\\\/avocat-divorce\\\/sevran\\\/#breadcrumb\",\"itemListElement\":[{\"@type\":\"ListItem\",\"position\":1,\"name\":\"Accueil\",\"item\":\"https:\\\/\\\/avocat-gc.com\\\/divorce\\\/\"},{\"@type\":\"ListItem\",\"position\":2,\"name\":\"Avocat Divorce\",\"item\":\"https:\\\/\\\/avocat-gc.com\\\/divorce\\\/avocat-divorce\\\/\"},{\"@type\":\"ListItem\",\"position\":3,\"name\":\"Avocat divorce \u00e0 Sevran (93)\"}]},{\"@type\":\"WebSite\",\"@id\":\"https:\\\/\\\/avocat-gc.com\\\/divorce\\\/#website\",\"url\":\"https:\\\/\\\/avocat-gc.com\\\/divorce\\\/\",\"name\":\"Avocat GC - Avocat Divorce\",\"description\":\"\",\"publisher\":{\"@id\":\"https:\\\/\\\/avocat-gc.com\\\/divorce\\\/#organization\"},\"potentialAction\":[{\"@type\":\"SearchAction\",\"target\":{\"@type\":\"EntryPoint\",\"urlTemplate\":\"https:\\\/\\\/avocat-gc.com\\\/divorce\\\/?s={search_term_string}\"},\"query-input\":{\"@type\":\"PropertyValueSpecification\",\"valueRequired\":true,\"valueName\":\"search_term_string\"}}],\"inLanguage\":\"fr-FR\"},{\"@type\":\"Organization\",\"@id\":\"https:\\\/\\\/avocat-gc.com\\\/divorce\\\/#organization\",\"name\":\"Avocat GC - Avocat Divorce\",\"url\":\"https:\\\/\\\/avocat-gc.com\\\/divorce\\\/\",\"logo\":{\"@type\":\"ImageObject\",\"inLanguage\":\"fr-FR\",\"@id\":\"https:\\\/\\\/avocat-gc.com\\\/divorce\\\/#\\\/schema\\\/logo\\\/image\\\/\",\"url\":\"https:\\\/\\\/avocat-gc.com\\\/divorce\\\/wp-content\\\/uploads\\\/2024\\\/04\\\/cropped-Sans-titre.png\",\"contentUrl\":\"https:\\\/\\\/avocat-gc.com\\\/divorce\\\/wp-content\\\/uploads\\\/2024\\\/04\\\/cropped-Sans-titre.png\",\"width\":200,\"height\":180,\"caption\":\"Avocat GC - Avocat Divorce\"},\"image\":{\"@id\":\"https:\\\/\\\/avocat-gc.com\\\/divorce\\\/#\\\/schema\\\/logo\\\/image\\\/\"}}]}<\/script>\n<!-- \/ Yoast SEO plugin. -->","yoast_head_json":{"title":"Avocat divorce \u00e0 Sevran (93) - Avocat Divorce","description":"Divorcez \u00e0 Sevran (93) en 1 mois \u00e0 partir de 425\u20ac TTC. Contactez un Avocat divorce au 01.47.04.25.40 . Devis Gratuit & Imm\u00e9diat. Cabinet Avocat GC. Divorce amiable - Divorce sans juge","robots":{"index":"index","follow":"follow","max-snippet":"max-snippet:-1","max-image-preview":"max-image-preview:large","max-video-preview":"max-video-preview:-1"},"canonical":"https:\/\/avocat-gc.com\/divorce\/avocat-divorce\/sevran\/","og_locale":"fr_FR","og_type":"article","og_title":"Avocat divorce \u00e0 Sevran (93) - Avocat Divorce","og_description":"Divorcez \u00e0 Sevran (93) en 1 mois \u00e0 partir de 425\u20ac TTC. Contactez un Avocat divorce au 01.47.04.25.40 . Devis Gratuit & Imm\u00e9diat. Cabinet Avocat GC. Divorce amiable - Divorce sans juge","og_url":"https:\/\/avocat-gc.com\/divorce\/avocat-divorce\/sevran\/","og_site_name":"Avocat GC - Avocat Divorce","article_modified_time":"2025-02-24T15:50:58+00:00","twitter_card":"summary_large_image","schema":{"@context":"https:\/\/schema.org","@graph":[{"@type":"WebPage","@id":"https:\/\/avocat-gc.com\/divorce\/avocat-divorce\/sevran\/","url":"https:\/\/avocat-gc.com\/divorce\/avocat-divorce\/sevran\/","name":"Avocat divorce \u00e0 Sevran (93) - Avocat Divorce","isPartOf":{"@id":"https:\/\/avocat-gc.com\/divorce\/#website"},"datePublished":"2024-03-31T10:07:22+00:00","dateModified":"2025-02-24T15:50:58+00:00","description":"Divorcez \u00e0 Sevran (93) en 1 mois \u00e0 partir de 425\u20ac TTC. Contactez un Avocat divorce au 01.47.04.25.40 . Devis Gratuit & Imm\u00e9diat. Cabinet Avocat GC. Divorce amiable - Divorce sans juge","breadcrumb":{"@id":"https:\/\/avocat-gc.com\/divorce\/avocat-divorce\/sevran\/#breadcrumb"},"inLanguage":"fr-FR","potentialAction":[{"@type":"ReadAction","target":["https:\/\/avocat-gc.com\/divorce\/avocat-divorce\/sevran\/"]}]},{"@type":"BreadcrumbList","@id":"https:\/\/avocat-gc.com\/divorce\/avocat-divorce\/sevran\/#breadcrumb","itemListElement":[{"@type":"ListItem","position":1,"name":"Accueil","item":"https:\/\/avocat-gc.com\/divorce\/"},{"@type":"ListItem","position":2,"name":"Avocat Divorce","item":"https:\/\/avocat-gc.com\/divorce\/avocat-divorce\/"},{"@type":"ListItem","position":3,"name":"Avocat divorce \u00e0 Sevran (93)"}]},{"@type":"WebSite","@id":"https:\/\/avocat-gc.com\/divorce\/#website","url":"https:\/\/avocat-gc.com\/divorce\/","name":"Avocat GC - Avocat Divorce","description":"","publisher":{"@id":"https:\/\/avocat-gc.com\/divorce\/#organization"},"potentialAction":[{"@type":"SearchAction","target":{"@type":"EntryPoint","urlTemplate":"https:\/\/avocat-gc.com\/divorce\/?s={search_term_string}"},"query-input":{"@type":"PropertyValueSpecification","valueRequired":true,"valueName":"search_term_string"}}],"inLanguage":"fr-FR"},{"@type":"Organization","@id":"https:\/\/avocat-gc.com\/divorce\/#organization","name":"Avocat GC - Avocat Divorce","url":"https:\/\/avocat-gc.com\/divorce\/","logo":{"@type":"ImageObject","inLanguage":"fr-FR","@id":"https:\/\/avocat-gc.com\/divorce\/#\/schema\/logo\/image\/","url":"https:\/\/avocat-gc.com\/divorce\/wp-content\/uploads\/2024\/04\/cropped-Sans-titre.png","contentUrl":"https:\/\/avocat-gc.com\/divorce\/wp-content\/uploads\/2024\/04\/cropped-Sans-titre.png","width":200,"height":180,"caption":"Avocat GC - Avocat Divorce"},"image":{"@id":"https:\/\/avocat-gc.com\/divorce\/#\/schema\/logo\/image\/"}}]}},"_links":{"self":[{"href":"https:\/\/avocat-gc.com\/divorce\/wp-json\/wp\/v2\/pages\/7004","targetHints":{"allow":["GET"]}}],"collection":[{"href":"https:\/\/avocat-gc.com\/divorce\/wp-json\/wp\/v2\/pages"}],"about":[{"href":"https:\/\/avocat-gc.com\/divorce\/wp-json\/wp\/v2\/types\/page"}],"author":[{"embeddable":true,"href":"https:\/\/avocat-gc.com\/divorce\/wp-json\/wp\/v2\/users\/1"}],"replies":[{"embeddable":true,"href":"https:\/\/avocat-gc.com\/divorce\/wp-json\/wp\/v2\/comments?post=7004"}],"version-history":[{"count":1,"href":"https:\/\/avocat-gc.com\/divorce\/wp-json\/wp\/v2\/pages\/7004\/revisions"}],"predecessor-version":[{"id":15698,"href":"https:\/\/avocat-gc.com\/divorce\/wp-json\/wp\/v2\/pages\/7004\/revisions\/15698"}],"up":[{"embeddable":true,"href":"https:\/\/avocat-gc.com\/divorce\/wp-json\/wp\/v2\/pages\/7084"}],"wp:attachment":[{"href":"https:\/\/avocat-gc.com\/divorce\/wp-json\/wp\/v2\/media?parent=7004"}],"wp:term":[{"taxonomy":"priorite","embeddable":true,"href":"https:\/\/avocat-gc.com\/divorce\/wp-json\/wp\/v2\/priorite?post=7004"}],"curies":[{"name":"wp","href":"https:\/\/api.w.org\/{rel}","templated":true}]}}