{"id":6975,"date":"2024-03-31T10:07:22","date_gmt":"2024-03-31T10:07:22","guid":{"rendered":"https:\/\/avocat-gc.com\/divorce\/clichy-sous-bois\/"},"modified":"2025-02-24T15:50:43","modified_gmt":"2025-02-24T15:50:43","slug":"clichy-sous-bois","status":"publish","type":"page","link":"https:\/\/avocat-gc.com\/divorce\/avocat-divorce\/clichy-sous-bois\/","title":{"rendered":"Avocat divorce \u00e0 Clichy-sous-Bois (93)"},"content":{"rendered":"<h2>VOTRE DIVORCE A CLICHY-SOUS-BOIS EN 1 MOIS<\/h2>\n<p> J&rsquo;INTERVIENS DANS TOUTE LA FRANCE <a href=\"http:\/\/avocat-gc.com\/divorce\/avocat-divorce\/paris\/\" rel=\"nofollow noopener\" title=\"\" target=\"_parent\">Notre cabinet \u00e0 Paris<\/a> : 42 Rue de L\u00fcbeck, 75116 Paris 01 47 04 25 40<\/p>\n<h3>1 &#8211; Le rendez-vous<\/h3>\n<p class=\"img-right\"><img decoding=\"async\" alt=\"\" width=\"170\" border=\"2\" src=\"\/divorce\/wp-content\/uploads\/2024\/04\/divorce-consentement-mutuel.png\" \/><\/p>\n<p align=\"justify\">Divorcer \u00e0 l&rsquo;amiable \u00e0 Clichy-sour-Bois est rapide et simple. La premi\u00e8re \u00e9tape de votre divorce consiste \u00e0 prendre rendez-vous avec notre avocat divorce. Pour cela, il suffit de nous contacter par t\u00e9l\u00e9phone au 01.47.04.25.40 ou par email \u00e0 l&rsquo;adresse <a href=\"mailto:info@avocat-gc.com\">info@avocat-gc.com<\/a>. Notre cabinet d&rsquo;avocats est experiment\u00e9 en divorce depuis + de 10 ans et est comp\u00e9tent pour vous divorcer dans le d\u00e9partement de Seine-Saint-Denis en Ile-de-France. Ce premier rendez-vous consistera \u00e0 :\n<\/p>\n<p>vous expliquer le d\u00e9roulement de votre proc\u00e9dure de divorce<br \/>\nr\u00e9pondre \u00e0 toutes vos questions avant, pendant et suite \u00e0 votre divorce<br \/>\nr\u00e9diger la convention de divorce<\/p>\n<h3>2 &#8211; La signature<\/h3>\n<p class=\"img-left\"><img decoding=\"async\" alt=\"Avocat Divorce sans juge a Clichy-sous-Bois (93)\" title=\"Avocat Divorce a Clichy-sous-Bois (93)\" width=\"170\" border=\"2\" src=\"\/divorce\/wp-content\/uploads\/2024\/04\/divorce-sans-avocat.jpg\" \/><\/p>\n<p align=\"justify\">Divorcer \u00e0 l&rsquo;amiable est d\u00e9sormais une proc\u00e9dure simplifi\u00e9e. En effet, lors d&rsquo;un rendez-vous au cabinet d&rsquo;avocats, la convention de divorce est r\u00e9dig\u00e9e en accord avec les deux \u00e9poux. Puis le projet de convention est envoy\u00e9 \u00e0 domicile en lettre recommand\u00e9e avec accus\u00e9 de r\u00e9ception pour \u00eatre sign\u00e9 dans un d\u00e9lai de 15 jours. Ensuite, le notaire enregistre le divorce. Vous \u00eates officiellement divorc\u00e9.    DIVORCE DEVANT LE JUGE : Sous certaines conditions, il est toujours possible de divorcer \u00e0 l&rsquo;amiable devant le juge au terme d&rsquo;une audience \u00e0 laquelle vous devez assister. Les d\u00e9lais sont variables en fonction des juridictions:\u00a03 \u00e0 6 mois.   \u00c0 SAVOIR :\u00a0Le moindre d\u00e9saccord durant la proc\u00e9dure de divorce sans juge m\u00e9nerait les \u00e9poux \u00e0 engager une proc\u00e9dure de\u00a0divorce contentieuse qui se r\u00e9glera au terme de plusieurs audiences au tribunal:<\/p>\n<p class=\"img-right\"><img decoding=\"async\" align=\"right\" alt=\"Avocat Divorce TGI a Clichy-sous-Bois (93)\" title=\"Avocat Divorce TGI a Clichy-sous-Bois (93)\" width=\"80\" border=\"2\" src=\"\/divorce\/wp-content\/uploads\/2024\/04\/tgi\/tgi-palais-justice-bobigny.jpeg\" \/><\/p>\n<\/p>\n<p>\tTribunal de grande instance de Bobigny173 Avenue Paul Vaillant Couturier, 93000 BobignyTel : 01 48 95 13 93<\/p>\n<p> <a href=\"https:\/\/fr.trustpilot.com\/review\/avocat-gc.com\" target=\"_blank\" rel=\"noopener\">Trustpilot<\/a><\/p>\n<h3> 3 &#8211; L&rsquo;enregistrement<\/h3>\n<p class=\"img-right\"><img decoding=\"async\" align=\"left\" alt=\"\" width=\"170\" border=\"2\" src=\"\/divorce\/wp-content\/uploads\/2024\/04\/divorce-simple.png\" style=\"padding:5px;margin-right: 5px;\" \/><\/p>\n<p align=\"justify\">Pour vous faciliter les d\u00e9marches:<\/p>\n<p>nous vous adressons l&rsquo;attestation d&rsquo;enregistrement de divorce d\u00e8s r\u00e9ception au cabinet,<br \/>\nnous accomplissons les formalit\u00e9s d&rsquo;inscription de votre divorce sur vos actes d&rsquo;\u00e9tat civil,<br \/>\nnous vous fournissons les attestations n\u00e9c\u00e9ssaires,<br \/>\nnous vous assistons tout au long de la proc\u00e9dure par t\u00e9l\u00e9phone et par email.<\/p>\n<p align=\"justify\">Tout cela, sans frais suppl\u00e9mentaires ! <\/p>\n<p>Pour connaitre nos honoraires ainsi que les \u00e9tapes d&rsquo;un divorce a Clichy-sous-Bois, veuillez remplir le devis ci-dessous:\n<\/p>\n<p>\u00a0<\/p>\n<p><a href=\"http:\/\/avocat-gc.com\/divorce\/avocat-divorce-10-ans-dexperience\/\" rel=\"nofollow noopener\" target=\"_parent\">\u25ba DEVIS: AVOCAT DIVORCE A CLICHY-SOUS-BOIS<\/a><\/p>\n<h3> 4 &#8211; Divorcer sans juge a Clichy-sous-Bois (93) <\/h3>\n<p align=\"justify\">Pour en savoir davantage sur un divorce sans juge a Clichy-sous-Bois (93), veuillez cliquer sur le lien ci-dessous: <\/p>\n<p><a href=\"https:\/\/avocat-gc.com\/divorce\/avocat-divorce\/clichy-sous-bois\/divorce-amiable-clichy-sous-bois\/\" class=\"lien-ville\"> AVOCAT DIVORCE AMIABLE SANS JUGE CLICHY-SOUS-BOIS<\/a><\/p>\n","protected":false},"excerpt":{"rendered":"<p>VOTRE DIVORCE A CLICHY-SOUS-BOIS EN 1 MOIS J&rsquo;INTERVIENS DANS TOUTE LA FRANCE Notre cabinet \u00e0 Paris : 42 Rue de L\u00fcbeck, 75116 Paris 01 47 04 25 40 1 &#8211; Le rendez-vous Divorcer \u00e0 l&rsquo;amiable \u00e0 Clichy-sour-Bois est rapide et simple. La premi\u00e8re \u00e9tape de votre divorce consiste \u00e0 prendre rendez-vous avec notre avocat divorce. [&hellip;]<\/p>\n","protected":false},"author":1,"featured_media":0,"parent":7084,"menu_order":0,"comment_status":"closed","ping_status":"closed","template":"page-ville.php","meta":{"_acf_changed":false,"inline_featured_image":false,"footnotes":""},"priorite":[],"class_list":["post-6975","page","type-page","status-publish","hentry"],"acf":[],"yoast_head":"<!-- This site is optimized with the Yoast SEO plugin v27.6 - https:\/\/yoast.com\/product\/yoast-seo-wordpress\/ -->\n<title>Avocat divorce \u00e0 Clichy-sous-Bois (93) - Avocat Divorce<\/title>\n<meta name=\"description\" content=\"Contactez un Avocat divorce \u00e0 Clichy-sous-Bois (93) au \u260e T\u00e9l. 01.47.04.25.40 et divorcez sans juge en Seine-Saint-Denis en 1 mois \u00e0 partir de 425\u20ac TTC. Recevez un devis gratuit et imm\u00e9diat pour votre divorce \u00e0 l&#039;amiable !\" \/>\n<meta name=\"robots\" content=\"index, follow, max-snippet:-1, max-image-preview:large, max-video-preview:-1\" \/>\n<link rel=\"canonical\" href=\"https:\/\/avocat-gc.com\/divorce\/avocat-divorce\/clichy-sous-bois\/\" \/>\n<meta property=\"og:locale\" content=\"fr_FR\" \/>\n<meta property=\"og:type\" content=\"article\" \/>\n<meta property=\"og:title\" content=\"Avocat divorce \u00e0 Clichy-sous-Bois (93) - Avocat Divorce\" \/>\n<meta property=\"og:description\" content=\"Contactez un Avocat divorce \u00e0 Clichy-sous-Bois (93) au \u260e T\u00e9l. 01.47.04.25.40 et divorcez sans juge en Seine-Saint-Denis en 1 mois \u00e0 partir de 425\u20ac TTC. Recevez un devis gratuit et imm\u00e9diat pour votre divorce \u00e0 l&#039;amiable !\" \/>\n<meta property=\"og:url\" content=\"https:\/\/avocat-gc.com\/divorce\/avocat-divorce\/clichy-sous-bois\/\" \/>\n<meta property=\"og:site_name\" content=\"Avocat GC - Avocat Divorce\" \/>\n<meta property=\"article:modified_time\" content=\"2025-02-24T15:50:43+00:00\" \/>\n<meta name=\"twitter:card\" content=\"summary_large_image\" \/>\n<script type=\"application\/ld+json\" class=\"yoast-schema-graph\">{\"@context\":\"https:\\\/\\\/schema.org\",\"@graph\":[{\"@type\":\"WebPage\",\"@id\":\"https:\\\/\\\/avocat-gc.com\\\/divorce\\\/avocat-divorce\\\/clichy-sous-bois\\\/\",\"url\":\"https:\\\/\\\/avocat-gc.com\\\/divorce\\\/avocat-divorce\\\/clichy-sous-bois\\\/\",\"name\":\"Avocat divorce \u00e0 Clichy-sous-Bois (93) - Avocat Divorce\",\"isPartOf\":{\"@id\":\"https:\\\/\\\/avocat-gc.com\\\/divorce\\\/#website\"},\"datePublished\":\"2024-03-31T10:07:22+00:00\",\"dateModified\":\"2025-02-24T15:50:43+00:00\",\"description\":\"Contactez un Avocat divorce \u00e0 Clichy-sous-Bois (93) au \u260e T\u00e9l. 01.47.04.25.40 et divorcez sans juge en Seine-Saint-Denis en 1 mois \u00e0 partir de 425\u20ac TTC. Recevez un devis gratuit et imm\u00e9diat pour votre divorce \u00e0 l'amiable !\",\"breadcrumb\":{\"@id\":\"https:\\\/\\\/avocat-gc.com\\\/divorce\\\/avocat-divorce\\\/clichy-sous-bois\\\/#breadcrumb\"},\"inLanguage\":\"fr-FR\",\"potentialAction\":[{\"@type\":\"ReadAction\",\"target\":[\"https:\\\/\\\/avocat-gc.com\\\/divorce\\\/avocat-divorce\\\/clichy-sous-bois\\\/\"]}]},{\"@type\":\"BreadcrumbList\",\"@id\":\"https:\\\/\\\/avocat-gc.com\\\/divorce\\\/avocat-divorce\\\/clichy-sous-bois\\\/#breadcrumb\",\"itemListElement\":[{\"@type\":\"ListItem\",\"position\":1,\"name\":\"Accueil\",\"item\":\"https:\\\/\\\/avocat-gc.com\\\/divorce\\\/\"},{\"@type\":\"ListItem\",\"position\":2,\"name\":\"Avocat Divorce\",\"item\":\"https:\\\/\\\/avocat-gc.com\\\/divorce\\\/avocat-divorce\\\/\"},{\"@type\":\"ListItem\",\"position\":3,\"name\":\"Avocat divorce \u00e0 Clichy-sous-Bois (93)\"}]},{\"@type\":\"WebSite\",\"@id\":\"https:\\\/\\\/avocat-gc.com\\\/divorce\\\/#website\",\"url\":\"https:\\\/\\\/avocat-gc.com\\\/divorce\\\/\",\"name\":\"Avocat GC - Avocat Divorce\",\"description\":\"\",\"publisher\":{\"@id\":\"https:\\\/\\\/avocat-gc.com\\\/divorce\\\/#organization\"},\"potentialAction\":[{\"@type\":\"SearchAction\",\"target\":{\"@type\":\"EntryPoint\",\"urlTemplate\":\"https:\\\/\\\/avocat-gc.com\\\/divorce\\\/?s={search_term_string}\"},\"query-input\":{\"@type\":\"PropertyValueSpecification\",\"valueRequired\":true,\"valueName\":\"search_term_string\"}}],\"inLanguage\":\"fr-FR\"},{\"@type\":\"Organization\",\"@id\":\"https:\\\/\\\/avocat-gc.com\\\/divorce\\\/#organization\",\"name\":\"Avocat GC - Avocat Divorce\",\"url\":\"https:\\\/\\\/avocat-gc.com\\\/divorce\\\/\",\"logo\":{\"@type\":\"ImageObject\",\"inLanguage\":\"fr-FR\",\"@id\":\"https:\\\/\\\/avocat-gc.com\\\/divorce\\\/#\\\/schema\\\/logo\\\/image\\\/\",\"url\":\"https:\\\/\\\/avocat-gc.com\\\/divorce\\\/wp-content\\\/uploads\\\/2024\\\/04\\\/cropped-Sans-titre.png\",\"contentUrl\":\"https:\\\/\\\/avocat-gc.com\\\/divorce\\\/wp-content\\\/uploads\\\/2024\\\/04\\\/cropped-Sans-titre.png\",\"width\":200,\"height\":180,\"caption\":\"Avocat GC - Avocat Divorce\"},\"image\":{\"@id\":\"https:\\\/\\\/avocat-gc.com\\\/divorce\\\/#\\\/schema\\\/logo\\\/image\\\/\"}}]}<\/script>\n<!-- \/ Yoast SEO plugin. -->","yoast_head_json":{"title":"Avocat divorce \u00e0 Clichy-sous-Bois (93) - Avocat Divorce","description":"Contactez un Avocat divorce \u00e0 Clichy-sous-Bois (93) au \u260e T\u00e9l. 01.47.04.25.40 et divorcez sans juge en Seine-Saint-Denis en 1 mois \u00e0 partir de 425\u20ac TTC. Recevez un devis gratuit et imm\u00e9diat pour votre divorce \u00e0 l'amiable !","robots":{"index":"index","follow":"follow","max-snippet":"max-snippet:-1","max-image-preview":"max-image-preview:large","max-video-preview":"max-video-preview:-1"},"canonical":"https:\/\/avocat-gc.com\/divorce\/avocat-divorce\/clichy-sous-bois\/","og_locale":"fr_FR","og_type":"article","og_title":"Avocat divorce \u00e0 Clichy-sous-Bois (93) - Avocat Divorce","og_description":"Contactez un Avocat divorce \u00e0 Clichy-sous-Bois (93) au \u260e T\u00e9l. 01.47.04.25.40 et divorcez sans juge en Seine-Saint-Denis en 1 mois \u00e0 partir de 425\u20ac TTC. Recevez un devis gratuit et imm\u00e9diat pour votre divorce \u00e0 l'amiable !","og_url":"https:\/\/avocat-gc.com\/divorce\/avocat-divorce\/clichy-sous-bois\/","og_site_name":"Avocat GC - Avocat Divorce","article_modified_time":"2025-02-24T15:50:43+00:00","twitter_card":"summary_large_image","schema":{"@context":"https:\/\/schema.org","@graph":[{"@type":"WebPage","@id":"https:\/\/avocat-gc.com\/divorce\/avocat-divorce\/clichy-sous-bois\/","url":"https:\/\/avocat-gc.com\/divorce\/avocat-divorce\/clichy-sous-bois\/","name":"Avocat divorce \u00e0 Clichy-sous-Bois (93) - Avocat Divorce","isPartOf":{"@id":"https:\/\/avocat-gc.com\/divorce\/#website"},"datePublished":"2024-03-31T10:07:22+00:00","dateModified":"2025-02-24T15:50:43+00:00","description":"Contactez un Avocat divorce \u00e0 Clichy-sous-Bois (93) au \u260e T\u00e9l. 01.47.04.25.40 et divorcez sans juge en Seine-Saint-Denis en 1 mois \u00e0 partir de 425\u20ac TTC. Recevez un devis gratuit et imm\u00e9diat pour votre divorce \u00e0 l'amiable !","breadcrumb":{"@id":"https:\/\/avocat-gc.com\/divorce\/avocat-divorce\/clichy-sous-bois\/#breadcrumb"},"inLanguage":"fr-FR","potentialAction":[{"@type":"ReadAction","target":["https:\/\/avocat-gc.com\/divorce\/avocat-divorce\/clichy-sous-bois\/"]}]},{"@type":"BreadcrumbList","@id":"https:\/\/avocat-gc.com\/divorce\/avocat-divorce\/clichy-sous-bois\/#breadcrumb","itemListElement":[{"@type":"ListItem","position":1,"name":"Accueil","item":"https:\/\/avocat-gc.com\/divorce\/"},{"@type":"ListItem","position":2,"name":"Avocat Divorce","item":"https:\/\/avocat-gc.com\/divorce\/avocat-divorce\/"},{"@type":"ListItem","position":3,"name":"Avocat divorce \u00e0 Clichy-sous-Bois (93)"}]},{"@type":"WebSite","@id":"https:\/\/avocat-gc.com\/divorce\/#website","url":"https:\/\/avocat-gc.com\/divorce\/","name":"Avocat GC - Avocat Divorce","description":"","publisher":{"@id":"https:\/\/avocat-gc.com\/divorce\/#organization"},"potentialAction":[{"@type":"SearchAction","target":{"@type":"EntryPoint","urlTemplate":"https:\/\/avocat-gc.com\/divorce\/?s={search_term_string}"},"query-input":{"@type":"PropertyValueSpecification","valueRequired":true,"valueName":"search_term_string"}}],"inLanguage":"fr-FR"},{"@type":"Organization","@id":"https:\/\/avocat-gc.com\/divorce\/#organization","name":"Avocat GC - Avocat Divorce","url":"https:\/\/avocat-gc.com\/divorce\/","logo":{"@type":"ImageObject","inLanguage":"fr-FR","@id":"https:\/\/avocat-gc.com\/divorce\/#\/schema\/logo\/image\/","url":"https:\/\/avocat-gc.com\/divorce\/wp-content\/uploads\/2024\/04\/cropped-Sans-titre.png","contentUrl":"https:\/\/avocat-gc.com\/divorce\/wp-content\/uploads\/2024\/04\/cropped-Sans-titre.png","width":200,"height":180,"caption":"Avocat GC - Avocat Divorce"},"image":{"@id":"https:\/\/avocat-gc.com\/divorce\/#\/schema\/logo\/image\/"}}]}},"_links":{"self":[{"href":"https:\/\/avocat-gc.com\/divorce\/wp-json\/wp\/v2\/pages\/6975","targetHints":{"allow":["GET"]}}],"collection":[{"href":"https:\/\/avocat-gc.com\/divorce\/wp-json\/wp\/v2\/pages"}],"about":[{"href":"https:\/\/avocat-gc.com\/divorce\/wp-json\/wp\/v2\/types\/page"}],"author":[{"embeddable":true,"href":"https:\/\/avocat-gc.com\/divorce\/wp-json\/wp\/v2\/users\/1"}],"replies":[{"embeddable":true,"href":"https:\/\/avocat-gc.com\/divorce\/wp-json\/wp\/v2\/comments?post=6975"}],"version-history":[{"count":1,"href":"https:\/\/avocat-gc.com\/divorce\/wp-json\/wp\/v2\/pages\/6975\/revisions"}],"predecessor-version":[{"id":15602,"href":"https:\/\/avocat-gc.com\/divorce\/wp-json\/wp\/v2\/pages\/6975\/revisions\/15602"}],"up":[{"embeddable":true,"href":"https:\/\/avocat-gc.com\/divorce\/wp-json\/wp\/v2\/pages\/7084"}],"wp:attachment":[{"href":"https:\/\/avocat-gc.com\/divorce\/wp-json\/wp\/v2\/media?parent=6975"}],"wp:term":[{"taxonomy":"priorite","embeddable":true,"href":"https:\/\/avocat-gc.com\/divorce\/wp-json\/wp\/v2\/priorite?post=6975"}],"curies":[{"name":"wp","href":"https:\/\/api.w.org\/{rel}","templated":true}]}}