{"id":6881,"date":"2017-01-06T00:00:00","date_gmt":"2017-01-06T00:00:00","guid":{"rendered":"https:\/\/avocat-gc.com\/divorce\/corbeil-essonnes\/"},"modified":"2024-04-11T10:29:36","modified_gmt":"2024-04-11T10:29:36","slug":"corbeil-essonnes","status":"publish","type":"page","link":"https:\/\/avocat-gc.com\/divorce\/avocat-divorce\/corbeil-essonnes\/","title":{"rendered":"Avocat Divorce \u00e0 Corbeil-Essonnes (91)"},"content":{"rendered":"<\/p>\n<p>Avocat Divorce \u00e0 Corbeil-Essonnes (91)<\/p>\n<h2>VOTRE DIVORCE \u00c0 CORBEIL-ESSONNES EN 1 MOIS<\/h2>\n<p> J&rsquo;INTERVIENS DANS TOUTE LA FRANCE <a href=\"\/divorce\/avocat-divorce\/paris\/\" rel=\"nofollow noopener\" title=\"\" target=\"_parent\">Notre cabinet \u00e0 Paris<\/a> : 42 Rue de L\u00fcbeck, 75116 Paris 01 47 04 25 40<\/p>\n<h3>1 &#8211; Le \u00a0rendez-vous<\/h3>\n<p class=\"img-right\"><img decoding=\"async\" alt=\"Avocat Divorce \u00e0 Corbeil-Essonnes (91) \" title=\" Avocat Divorce \u00e0 Corbeil-Essonnes (91) \" width=\"170\" border=\"2\" src=\"\/divorce\/wp-content\/uploads\/2024\/04\/divorce-consentement-mutuel.png\" \/><\/p>\n<p align=\"justify\">Le divorce \u00e0 l&rsquo;amiable est simple et peu cher. Cette proc\u00e9dure n\u00e9cessite cependant que les deux \u00e9poux soit enti\u00e8rement d&rsquo;accord sur les cons\u00e9quences du divorce. La premi\u00e8re \u00e9tape de votre divorce \u00e0 Corbeil-Essonnes (91 d\u00e9bute par un un rendez-vous avec notre avocat divorce.\u00a0Il suffit de contacter notre cabinet en t\u00e9l\u00e9phonant au 01.47.04.25.40 ou par email \u00e0 l&rsquo;adresse <a href=\"mailto:info@avocat-gc.com\">info@avocat-gc.com<\/a>. Nous sommes comp\u00e9tents pour vous divorcer en Essonne, Ile-de-France. Durant ce rendez-vous :<\/p>\n<p>Nous vous exposerons les diff\u00e9rentes \u00e9tapes de votre proc\u00e9dure de divorce.<br \/>\nNotre Avocat Divorce r\u00e9pondra \u00e0 toutes vos questions avant, pendant et suite \u00e0 votre divorce.<br \/>\nNous r\u00e9digerons la convention de divorce.<\/p>\n<h3>2 &#8211; La signature<\/h3>\n<p class=\"img-left\"><img decoding=\"async\" alt=\"Avocat Divorce sans juge Corbeil-Essonnes (91) \" title=\" Avocat Divorce sans juge Corbeil-Essonnes (91) \" width=\"170\" border=\"2\" src=\"\/divorce\/wp-content\/uploads\/2024\/04\/divorce-sans-avocat.jpg\" \/><\/p>\n<p align=\"justify\">La nouvelle proc\u00e9dure ne n\u00e9cessite plus d&rsquo;audience devant le Juge aux Affaires Familiales. D\u00e9sormais, un simple rendez-vous au cabinet d&rsquo;avocats suffit. Une fois la convention r\u00e9dig\u00e9e, le projet de convention est envoy\u00e9 directement \u00e0 votre domicile pour \u00eatre sign\u00e9 dans un d\u00e9lai de 15 jours.Une fois tous les documents sign\u00e9s, le notaire se chargera d&rsquo;enregistrer votre divorce. Vous serez alors officiellement divorc\u00e9s.\u00a0 DIVORCER DEVANT LE JUGE:\u00a0L&rsquo;ancienne proc\u00e9dure de divorce \u00e0 l&rsquo;amiable est toujours possible sous certaines conditions et permet aux deux \u00e9poux de divorcer devant le Juge aux Affaires Familiales, assist\u00e9s de leur avocat. Il faut n\u00e9anmoins \u00eatre d&rsquo;accord sur chaque effet du divorce afin que le juge puisse homologuer le divorce.   \u00c0 SAVOIR :\u00a0La  proc\u00e9dure ne s&rsquo;applique que dans le cadre de divorces par consentement mutuel. En effet, le moindre d\u00e9saccord am\u00e8nerait les \u00e9poux \u00e0 entamer une proc\u00e9dure de\u00a0divorce contentieux qui n\u00e9cessite une succession d&rsquo;audiences au tribunal:<\/p>\n<p class=\"img-right\"><img decoding=\"async\" align=\"right\" alt=\"Avocat Divorce TGI Evry (91)\" title=\"Avocat Divorce TGI Evry (91)\" width=\"80\" border=\"2\" src=\"\/divorce\/wp-content\/uploads\/2024\/04\/tgi\/tgi-palais-justice-paris.jpg\" \/><\/p>\n<\/p>\n<p>Tribunal de Grande Instance d&rsquo;Evry9 rue des Mazi\u00e8res 91012 EVRY CEDEX du Lundi au Vendredi de 08h30 \u00e0 17h30<\/p>\n<h3> 3 &#8211; L&rsquo;enregistrement<\/h3>\n<p class=\"img-right\"><img decoding=\"async\" align=\"left\" alt=\"Avocat Divorce sans juge Corbeil-Essonnes (91)\" title=\" Avocat Divorce sans juge Corbeil-Essonnes (91)\" width=\"170\" border=\"2\" src=\"\/divorce\/wp-content\/uploads\/2024\/04\/divorce-simple.png\" style=\"padding:5px;margin-right: 5px;\" \/><\/p>\n<p align=\"justify\">Au terme de cette rapide audience :<\/p>\n<p>nous vous adressons le jugement de divorce d\u00e8s r\u00e9ception au cabinet,<br \/>\nnous accomplissons les formalit\u00e9s d&rsquo;inscription de votre divorce sur vos actes d&rsquo;\u00e9tat civil,<br \/>\nnous vous fournissons les attestations n\u00e9c\u00e9ssaires dans l&rsquo;attente de votre jugement,<br \/>\nnous vous assistons tout au long de la proc\u00e9dure par t\u00e9l\u00e9phone et par email.<\/p>\n<p align=\"justify\"> Pour recevoir toutes les informations concernant les \u00e9tapes d&rsquo;une <a href=\"\/divorce\/definitions\/procedure\/\" rel=\"nofollow noopener\" title=\"\" target=\"\">proc\u00e9dure de divorce<\/a> par consentement mutuel \u00e0 Corbeil-Essonnes (91) ainsi que les honoraires pratiqu\u00e9s par notre cabinet, vous avez la possibilit\u00e9 de remplir un devis en cliquant sur le lien ci-dessous. Vous recevrez, dans les plus brefs d\u00e9lais, toutes les r\u00e9ponses souhait\u00e9es:<\/p>\n<\/p>\n<p><a href=\"\/divorce\/avocat-divorce-10-ans-dexperience\/\" rel=\"nofollow noopener\" target=\"_parent\"> \u25ba DEVIS: AVOCAT DIVORCE \u00c0 CORBEIL-ESSONNES<\/a><\/p>\n<h3>4 &#8211; Divorce sans juge \u00e0 Corbeil-Essonnes (91)<\/h3>\n<p align=\"justify\"> Le <a href=\"\/divorce\/divorce-amiable\/\" rel=\"nofollow noopener\" title=\"\" target=\"\">divorce \u00e0 l&rsquo;amiable<\/a> est la proc\u00e9dure la plus simple et la plus rapide. Elle n\u00e9cessite cependant certaines concessions de la part des deux \u00e9poux. En effet, se mettre d&rsquo;accord sur chaque point de la proc\u00e9dure lorsque l&rsquo;on souhaite divorcer n&rsquo;est pas simple. Vous souhaitez en savoir davantage sur le divorce sans juge \u00e0 Corbeil-Essonnes (91) ? Cliquez sur le lien ci-dessous:  <\/p>\n<p><a href=\"https:\/\/avocat-gc.com\/divorce\/avocat-divorce\/corbeil-essonnes\/divorce-amiable-corbeil-essonnes\/\" class=\"lien-ville\"> AVOCAT DIVORCE AMIABLE SANS JUGE CORBEIL-ESSONNES<\/a><\/p>\n","protected":false},"excerpt":{"rendered":"<p>Avocat Divorce \u00e0 Corbeil-Essonnes (91) VOTRE DIVORCE \u00c0 CORBEIL-ESSONNES EN 1 MOIS J&rsquo;INTERVIENS DANS TOUTE LA FRANCE Notre cabinet \u00e0 Paris : 42 Rue de L\u00fcbeck, 75116 Paris 01 47 04 25 40 1 &#8211; Le \u00a0rendez-vous Le divorce \u00e0 l&rsquo;amiable est simple et peu cher. Cette proc\u00e9dure n\u00e9cessite cependant que les deux \u00e9poux soit [&hellip;]<\/p>\n","protected":false},"author":1,"featured_media":0,"parent":7084,"menu_order":0,"comment_status":"closed","ping_status":"closed","template":"page-ville.php","meta":{"_acf_changed":false,"inline_featured_image":false,"footnotes":""},"priorite":[],"class_list":["post-6881","page","type-page","status-publish","hentry"],"acf":[],"yoast_head":"<!-- This site is optimized with the Yoast SEO plugin v27.3 - https:\/\/yoast.com\/product\/yoast-seo-wordpress\/ -->\n<title>Avocat Divorce \u00e0 Corbeil-Essonnes (91) - Avocat Divorce<\/title>\n<meta name=\"description\" content=\"Divorcez \u00e0 Corbeil-Essonnes (91) en 1 mois \u00e0 partir de 425\u20ac TTC. Contactez un Avocat divorce au \u260e 01.47.04.25.40 . Recevez un devis gratuit et imm\u00e9diat pour votre divorce. Cabinet Avocat GC. Divorce amiable - Divorce sans juge\" \/>\n<meta name=\"robots\" content=\"index, follow, max-snippet:-1, max-image-preview:large, max-video-preview:-1\" \/>\n<link rel=\"canonical\" href=\"https:\/\/avocat-gc.com\/divorce\/avocat-divorce\/corbeil-essonnes\/\" \/>\n<meta property=\"og:locale\" content=\"fr_FR\" \/>\n<meta property=\"og:type\" content=\"article\" \/>\n<meta property=\"og:title\" content=\"Avocat Divorce \u00e0 Corbeil-Essonnes (91) - Avocat Divorce\" \/>\n<meta property=\"og:description\" content=\"Divorcez \u00e0 Corbeil-Essonnes (91) en 1 mois \u00e0 partir de 425\u20ac TTC. Contactez un Avocat divorce au \u260e 01.47.04.25.40 . Recevez un devis gratuit et imm\u00e9diat pour votre divorce. Cabinet Avocat GC. Divorce amiable - Divorce sans juge\" \/>\n<meta property=\"og:url\" content=\"https:\/\/avocat-gc.com\/divorce\/avocat-divorce\/corbeil-essonnes\/\" \/>\n<meta property=\"og:site_name\" content=\"Avocat GC - Avocat Divorce\" \/>\n<meta property=\"article:modified_time\" content=\"2024-04-11T10:29:36+00:00\" \/>\n<meta name=\"twitter:card\" content=\"summary_large_image\" \/>\n<script type=\"application\/ld+json\" class=\"yoast-schema-graph\">{\"@context\":\"https:\\\/\\\/schema.org\",\"@graph\":[{\"@type\":\"WebPage\",\"@id\":\"https:\\\/\\\/avocat-gc.com\\\/divorce\\\/avocat-divorce\\\/corbeil-essonnes\\\/\",\"url\":\"https:\\\/\\\/avocat-gc.com\\\/divorce\\\/avocat-divorce\\\/corbeil-essonnes\\\/\",\"name\":\"Avocat Divorce \u00e0 Corbeil-Essonnes (91) - Avocat Divorce\",\"isPartOf\":{\"@id\":\"https:\\\/\\\/avocat-gc.com\\\/divorce\\\/#website\"},\"datePublished\":\"2017-01-06T00:00:00+00:00\",\"dateModified\":\"2024-04-11T10:29:36+00:00\",\"description\":\"Divorcez \u00e0 Corbeil-Essonnes (91) en 1 mois \u00e0 partir de 425\u20ac TTC. Contactez un Avocat divorce au \u260e 01.47.04.25.40 . Recevez un devis gratuit et imm\u00e9diat pour votre divorce. Cabinet Avocat GC. Divorce amiable - Divorce sans juge\",\"breadcrumb\":{\"@id\":\"https:\\\/\\\/avocat-gc.com\\\/divorce\\\/avocat-divorce\\\/corbeil-essonnes\\\/#breadcrumb\"},\"inLanguage\":\"fr-FR\",\"potentialAction\":[{\"@type\":\"ReadAction\",\"target\":[\"https:\\\/\\\/avocat-gc.com\\\/divorce\\\/avocat-divorce\\\/corbeil-essonnes\\\/\"]}]},{\"@type\":\"BreadcrumbList\",\"@id\":\"https:\\\/\\\/avocat-gc.com\\\/divorce\\\/avocat-divorce\\\/corbeil-essonnes\\\/#breadcrumb\",\"itemListElement\":[{\"@type\":\"ListItem\",\"position\":1,\"name\":\"Accueil\",\"item\":\"https:\\\/\\\/avocat-gc.com\\\/divorce\\\/\"},{\"@type\":\"ListItem\",\"position\":2,\"name\":\"Avocat Divorce\",\"item\":\"https:\\\/\\\/avocat-gc.com\\\/divorce\\\/avocat-divorce\\\/\"},{\"@type\":\"ListItem\",\"position\":3,\"name\":\"Avocat Divorce \u00e0 Corbeil-Essonnes (91)\"}]},{\"@type\":\"WebSite\",\"@id\":\"https:\\\/\\\/avocat-gc.com\\\/divorce\\\/#website\",\"url\":\"https:\\\/\\\/avocat-gc.com\\\/divorce\\\/\",\"name\":\"Avocat GC - Avocat Divorce\",\"description\":\"\",\"publisher\":{\"@id\":\"https:\\\/\\\/avocat-gc.com\\\/divorce\\\/#organization\"},\"potentialAction\":[{\"@type\":\"SearchAction\",\"target\":{\"@type\":\"EntryPoint\",\"urlTemplate\":\"https:\\\/\\\/avocat-gc.com\\\/divorce\\\/?s={search_term_string}\"},\"query-input\":{\"@type\":\"PropertyValueSpecification\",\"valueRequired\":true,\"valueName\":\"search_term_string\"}}],\"inLanguage\":\"fr-FR\"},{\"@type\":\"Organization\",\"@id\":\"https:\\\/\\\/avocat-gc.com\\\/divorce\\\/#organization\",\"name\":\"Avocat GC - Avocat Divorce\",\"url\":\"https:\\\/\\\/avocat-gc.com\\\/divorce\\\/\",\"logo\":{\"@type\":\"ImageObject\",\"inLanguage\":\"fr-FR\",\"@id\":\"https:\\\/\\\/avocat-gc.com\\\/divorce\\\/#\\\/schema\\\/logo\\\/image\\\/\",\"url\":\"https:\\\/\\\/avocat-gc.com\\\/divorce\\\/wp-content\\\/uploads\\\/2024\\\/04\\\/cropped-Sans-titre.png\",\"contentUrl\":\"https:\\\/\\\/avocat-gc.com\\\/divorce\\\/wp-content\\\/uploads\\\/2024\\\/04\\\/cropped-Sans-titre.png\",\"width\":200,\"height\":180,\"caption\":\"Avocat GC - Avocat Divorce\"},\"image\":{\"@id\":\"https:\\\/\\\/avocat-gc.com\\\/divorce\\\/#\\\/schema\\\/logo\\\/image\\\/\"}}]}<\/script>\n<!-- \/ Yoast SEO plugin. -->","yoast_head_json":{"title":"Avocat Divorce \u00e0 Corbeil-Essonnes (91) - Avocat Divorce","description":"Divorcez \u00e0 Corbeil-Essonnes (91) en 1 mois \u00e0 partir de 425\u20ac TTC. Contactez un Avocat divorce au \u260e 01.47.04.25.40 . Recevez un devis gratuit et imm\u00e9diat pour votre divorce. Cabinet Avocat GC. Divorce amiable - Divorce sans juge","robots":{"index":"index","follow":"follow","max-snippet":"max-snippet:-1","max-image-preview":"max-image-preview:large","max-video-preview":"max-video-preview:-1"},"canonical":"https:\/\/avocat-gc.com\/divorce\/avocat-divorce\/corbeil-essonnes\/","og_locale":"fr_FR","og_type":"article","og_title":"Avocat Divorce \u00e0 Corbeil-Essonnes (91) - Avocat Divorce","og_description":"Divorcez \u00e0 Corbeil-Essonnes (91) en 1 mois \u00e0 partir de 425\u20ac TTC. Contactez un Avocat divorce au \u260e 01.47.04.25.40 . Recevez un devis gratuit et imm\u00e9diat pour votre divorce. Cabinet Avocat GC. Divorce amiable - Divorce sans juge","og_url":"https:\/\/avocat-gc.com\/divorce\/avocat-divorce\/corbeil-essonnes\/","og_site_name":"Avocat GC - Avocat Divorce","article_modified_time":"2024-04-11T10:29:36+00:00","twitter_card":"summary_large_image","schema":{"@context":"https:\/\/schema.org","@graph":[{"@type":"WebPage","@id":"https:\/\/avocat-gc.com\/divorce\/avocat-divorce\/corbeil-essonnes\/","url":"https:\/\/avocat-gc.com\/divorce\/avocat-divorce\/corbeil-essonnes\/","name":"Avocat Divorce \u00e0 Corbeil-Essonnes (91) - Avocat Divorce","isPartOf":{"@id":"https:\/\/avocat-gc.com\/divorce\/#website"},"datePublished":"2017-01-06T00:00:00+00:00","dateModified":"2024-04-11T10:29:36+00:00","description":"Divorcez \u00e0 Corbeil-Essonnes (91) en 1 mois \u00e0 partir de 425\u20ac TTC. Contactez un Avocat divorce au \u260e 01.47.04.25.40 . Recevez un devis gratuit et imm\u00e9diat pour votre divorce. Cabinet Avocat GC. Divorce amiable - Divorce sans juge","breadcrumb":{"@id":"https:\/\/avocat-gc.com\/divorce\/avocat-divorce\/corbeil-essonnes\/#breadcrumb"},"inLanguage":"fr-FR","potentialAction":[{"@type":"ReadAction","target":["https:\/\/avocat-gc.com\/divorce\/avocat-divorce\/corbeil-essonnes\/"]}]},{"@type":"BreadcrumbList","@id":"https:\/\/avocat-gc.com\/divorce\/avocat-divorce\/corbeil-essonnes\/#breadcrumb","itemListElement":[{"@type":"ListItem","position":1,"name":"Accueil","item":"https:\/\/avocat-gc.com\/divorce\/"},{"@type":"ListItem","position":2,"name":"Avocat Divorce","item":"https:\/\/avocat-gc.com\/divorce\/avocat-divorce\/"},{"@type":"ListItem","position":3,"name":"Avocat Divorce \u00e0 Corbeil-Essonnes (91)"}]},{"@type":"WebSite","@id":"https:\/\/avocat-gc.com\/divorce\/#website","url":"https:\/\/avocat-gc.com\/divorce\/","name":"Avocat GC - Avocat Divorce","description":"","publisher":{"@id":"https:\/\/avocat-gc.com\/divorce\/#organization"},"potentialAction":[{"@type":"SearchAction","target":{"@type":"EntryPoint","urlTemplate":"https:\/\/avocat-gc.com\/divorce\/?s={search_term_string}"},"query-input":{"@type":"PropertyValueSpecification","valueRequired":true,"valueName":"search_term_string"}}],"inLanguage":"fr-FR"},{"@type":"Organization","@id":"https:\/\/avocat-gc.com\/divorce\/#organization","name":"Avocat GC - Avocat Divorce","url":"https:\/\/avocat-gc.com\/divorce\/","logo":{"@type":"ImageObject","inLanguage":"fr-FR","@id":"https:\/\/avocat-gc.com\/divorce\/#\/schema\/logo\/image\/","url":"https:\/\/avocat-gc.com\/divorce\/wp-content\/uploads\/2024\/04\/cropped-Sans-titre.png","contentUrl":"https:\/\/avocat-gc.com\/divorce\/wp-content\/uploads\/2024\/04\/cropped-Sans-titre.png","width":200,"height":180,"caption":"Avocat GC - Avocat Divorce"},"image":{"@id":"https:\/\/avocat-gc.com\/divorce\/#\/schema\/logo\/image\/"}}]}},"_links":{"self":[{"href":"https:\/\/avocat-gc.com\/divorce\/wp-json\/wp\/v2\/pages\/6881","targetHints":{"allow":["GET"]}}],"collection":[{"href":"https:\/\/avocat-gc.com\/divorce\/wp-json\/wp\/v2\/pages"}],"about":[{"href":"https:\/\/avocat-gc.com\/divorce\/wp-json\/wp\/v2\/types\/page"}],"author":[{"embeddable":true,"href":"https:\/\/avocat-gc.com\/divorce\/wp-json\/wp\/v2\/users\/1"}],"replies":[{"embeddable":true,"href":"https:\/\/avocat-gc.com\/divorce\/wp-json\/wp\/v2\/comments?post=6881"}],"version-history":[{"count":0,"href":"https:\/\/avocat-gc.com\/divorce\/wp-json\/wp\/v2\/pages\/6881\/revisions"}],"up":[{"embeddable":true,"href":"https:\/\/avocat-gc.com\/divorce\/wp-json\/wp\/v2\/pages\/7084"}],"wp:attachment":[{"href":"https:\/\/avocat-gc.com\/divorce\/wp-json\/wp\/v2\/media?parent=6881"}],"wp:term":[{"taxonomy":"priorite","embeddable":true,"href":"https:\/\/avocat-gc.com\/divorce\/wp-json\/wp\/v2\/priorite?post=6881"}],"curies":[{"name":"wp","href":"https:\/\/api.w.org\/{rel}","templated":true}]}}