{"id":6879,"date":"2017-01-06T00:00:00","date_gmt":"2017-01-06T00:00:00","guid":{"rendered":"https:\/\/avocat-gc.com\/divorce\/savigny-sur-orge\/"},"modified":"2025-02-24T15:50:58","modified_gmt":"2025-02-24T15:50:58","slug":"savigny-sur-orge","status":"publish","type":"page","link":"https:\/\/avocat-gc.com\/divorce\/avocat-divorce\/savigny-sur-orge\/","title":{"rendered":"Avocat Divorce \u00e0 Savigny-sur-Orge (91)"},"content":{"rendered":"<\/p>\n<p>Avocat Divorce \u00e0 Savigny-sur-Orge (91)<\/p>\n<h2>VOTRE DIVORCE \u00c0 SAVIGNY-SUR-ORGE EN 1 MOIS<\/h2>\n<h3>1 &#8211; Le \u00a0rendez-vous<\/h3>\n<p class=\"img-right\"><img decoding=\"async\" alt=\"Avocat Divorce \u00e0 Savigny-sur-Orge (91) \" title=\" Avocat Divorce \u00e0 Savigny-sur-Orge (91) \" width=\"170\" border=\"2\" src=\"\/divorce\/wp-content\/uploads\/2024\/04\/divorce-consentement-mutuel.png\" \/><\/p>\n<p align=\"justify\">La premi\u00e8re \u00e9tape de votre divorce amiable \u00e0 Savigny-sur-Orge d\u00e9bute par un rendez-vous avec notre avocat divorce. Nous sommes comp\u00e9tents pour vous divorcer en Essonne, en Ile-de-France. Contactez notre cabinet en t\u00e9l\u00e9phonant au 01.47.04.25.40 ou par email \u00e0 l&rsquo;adresse <a href=\"mailto:info@avocat-gc.com\">info@avocat-gc.com<\/a>. Durant ce rendez-vous :<\/p>\n<p>Nous vous exposerons les diff\u00e9rentes \u00e9tapes de votre proc\u00e9dure de divorce.<br \/>\nNotre Avocat Divorce r\u00e9pondra \u00e0 toutes vos questions avant, pendant et suite \u00e0 votre divorce.<br \/>\nNous r\u00e9digerons la convention de divorce.<\/p>\n<h3>2 &#8211; La signature<\/h3>\n<p class=\"img-left\"><img decoding=\"async\" alt=\"Avocat Divorce sans juge Savigny-sur-Orge (91) \" title=\" Avocat Divorce sans juge Savigny-sur-Orge (91) \" width=\"170\" border=\"2\" src=\"\/divorce\/wp-content\/uploads\/2024\/04\/divorce-sans-avocat.jpg\" \/><\/p>\n<p align=\"justify\">Suite \u00e0 ce premier rendez-vous, le projet de convention de divorce vous est directement envoy\u00e9e \u00e0 votre domicile par courrier recommand\u00e9 avec accus\u00e9 de r\u00e9ception. Vous aurez un d\u00e9lai de 15 jours pour signer le document et nous le retourner. Ensuite, le notaire se chargera d&rsquo;enregistrer votre divorce qui sera officiel.\u00a0 DIVORCER DEVANT LE JUGE:\u00a0L&rsquo;ancienne proc\u00e9dure de divorce \u00e0 l&rsquo;amiable est toujours possible sous certaines conditions et permet aux deux \u00e9poux de divorcer devant le Juge aux Affaires Familiales, assist\u00e9s de leur avocat. Il faut n\u00e9anmoins \u00eatre d&rsquo;accord sur chaque effet du divorce afin que le juge puisse homologuer le divorce.   \u00c0 SAVOIR :\u00a0La  proc\u00e9dure ne s&rsquo;applique que dans le cadre de divorces par consentement mutuel. En effet, le moindre d\u00e9saccord am\u00e8nerait les \u00e9poux \u00e0 entamer une proc\u00e9dure de\u00a0divorce contentieux qui n\u00e9cessite une succession d&rsquo;audiences au tribunal:<\/p>\n<p class=\"img-right\"><img decoding=\"async\" align=\"right\" alt=\"Avocat Divorce TGI Evry (91)\" title=\"Avocat Divorce TGI Evry (91)\" width=\"80\" border=\"2\" src=\"\/divorce\/wp-content\/uploads\/2024\/04\/tgi\/tgi-palais-justice-paris.jpg\" \/><\/p>\n<\/p>\n<p>Tribunal de Grande Instance d&rsquo;Evry9 rue des Mazi\u00e8res 91012 EVRY CEDEX du Lundi au Vendredi de 08h30 \u00e0 17h30<\/p>\n<p> <a href=\"https:\/\/fr.trustpilot.com\/review\/avocat-gc.com\" target=\"_blank\" rel=\"noopener\">Trustpilot<\/a><\/p>\n<h3> 3 &#8211; L&rsquo;enregistrement<\/h3>\n<p class=\"img-right\"><img decoding=\"async\" align=\"left\" alt=\"Avocat Divorce sans juge Savigny-sur-Orge (91)\" title=\" Avocat Divorce sans juge Savigny-sur-Orge (91)\" width=\"170\" border=\"2\" src=\"\/divorce\/wp-content\/uploads\/2024\/04\/divorce-simple.png\" style=\"padding:5px;margin-right: 5px;\" \/><\/p>\n<p align=\"justify\">Au terme de cette rapide audience :<\/p>\n<p>nous vous adressons le jugement de divorce d\u00e8s r\u00e9ception au cabinet,<br \/>\nnous accomplissons les formalit\u00e9s d&rsquo;inscription de votre divorce sur vos actes d&rsquo;\u00e9tat civil,<br \/>\nnous vous fournissons les attestations n\u00e9c\u00e9ssaires dans l&rsquo;attente de votre jugement,<br \/>\nnous vous assistons tout au long de la proc\u00e9dure par t\u00e9l\u00e9phone et par email.<\/p>\n<p align=\"justify\"> Pour recevoir toutes les informations concernant les \u00e9tapes d&rsquo;une <a href=\"\/divorce\/definitions\/procedure\/\" rel=\"nofollow noopener\" title=\"\" target=\"\">proc\u00e9dure de divorce<\/a> par consentement mutuel \u00e0 Savigny-sur-Orge (91) ainsi que les honoraires pratiqu\u00e9s par notre cabinet, vous avez la possibilit\u00e9 de remplir un devis en cliquant sur le lien ci-dessous. Vous recevrez, dans les plus brefs d\u00e9lais, toutes les r\u00e9ponses souhait\u00e9es:<\/p>\n<\/p>\n<p><a href=\"\/divorce\/avocat-divorce-10-ans-dexperience\/\" rel=\"nofollow noopener\" target=\"_parent\"> \u25ba DEVIS: AVOCAT DIVORCE \u00c0 SAVIGNY-SUR-ORGE<\/a><\/p>\n<h3>4 &#8211; Divorce sans juge \u00e0 Savigny-sur-Orge (91)<\/h3>\n<p align=\"justify\"> Le\u00a0<a href=\"\/divorce\/divorce-amiable\/\" rel=\"nofollow noopener\" title=\"\" target=\"\">divorce \u00e0 l&rsquo;amiable<\/a>\u00a0est la proc\u00e9dure de divorce la plus effectu\u00e9e en France. Simple et peu ch\u00e8re, elle permet aux \u00e9poux qui s&rsquo;accordent sur les effets du divorce, d&rsquo;\u00eatre rapidement divorc\u00e9s. Notre cabinet d&rsquo;avocats s&rsquo;efforce de vous divorcer dans un d\u00e9lai g\u00e9n\u00e9ral d&rsquo;un mois. Vous souhaitez en savoir davantage sur le divorce sans juge \u00e0 Savigny-sur-Orge (91)\u00a0? Cliquez sur le lien ci-dessous:  <\/p>\n<p><a href=\"https:\/\/avocat-gc.com\/divorce\/avocat-divorce\/savigny-sur-orge\/divorce-amiable-savigny-sur-orge\/\" class=\"lien-ville\"> AVOCAT DIVORCE AMIABLE SANS JUGE SAVIGNY-SUR-ORGE<\/a><\/p>\n","protected":false},"excerpt":{"rendered":"<p>Avocat Divorce \u00e0 Savigny-sur-Orge (91) VOTRE DIVORCE \u00c0 SAVIGNY-SUR-ORGE EN 1 MOIS 1 &#8211; Le \u00a0rendez-vous La premi\u00e8re \u00e9tape de votre divorce amiable \u00e0 Savigny-sur-Orge d\u00e9bute par un rendez-vous avec notre avocat divorce. Nous sommes comp\u00e9tents pour vous divorcer en Essonne, en Ile-de-France. Contactez notre cabinet en t\u00e9l\u00e9phonant au 01.47.04.25.40 ou par email \u00e0 l&rsquo;adresse [&hellip;]<\/p>\n","protected":false},"author":1,"featured_media":0,"parent":7084,"menu_order":0,"comment_status":"closed","ping_status":"closed","template":"page-ville.php","meta":{"_acf_changed":false,"inline_featured_image":false,"footnotes":""},"priorite":[],"class_list":["post-6879","page","type-page","status-publish","hentry"],"acf":[],"yoast_head":"<!-- This site is optimized with the Yoast SEO plugin v27.6 - https:\/\/yoast.com\/product\/yoast-seo-wordpress\/ -->\n<title>Avocat Divorce \u00e0 Savigny-sur-Orge (91) - Avocat Divorce<\/title>\n<meta name=\"description\" content=\"Contactez un Avocat Divorce \u00e0 Savigny-sur-Orge (91) au \u260e T\u00e9l. 01.47.04.25.40 et divorcez en 1 mois \u00e0 partir de 425\u20ac TTC. Recevez un devis gratuit et imm\u00e9diat pour votre divorce.\" \/>\n<meta name=\"robots\" content=\"index, follow, max-snippet:-1, max-image-preview:large, max-video-preview:-1\" \/>\n<link rel=\"canonical\" href=\"https:\/\/avocat-gc.com\/divorce\/avocat-divorce\/savigny-sur-orge\/\" \/>\n<meta property=\"og:locale\" content=\"fr_FR\" \/>\n<meta property=\"og:type\" content=\"article\" \/>\n<meta property=\"og:title\" content=\"Avocat Divorce \u00e0 Savigny-sur-Orge (91) - Avocat Divorce\" \/>\n<meta property=\"og:description\" content=\"Contactez un Avocat Divorce \u00e0 Savigny-sur-Orge (91) au \u260e T\u00e9l. 01.47.04.25.40 et divorcez en 1 mois \u00e0 partir de 425\u20ac TTC. Recevez un devis gratuit et imm\u00e9diat pour votre divorce.\" \/>\n<meta property=\"og:url\" content=\"https:\/\/avocat-gc.com\/divorce\/avocat-divorce\/savigny-sur-orge\/\" \/>\n<meta property=\"og:site_name\" content=\"Avocat GC - Avocat Divorce\" \/>\n<meta property=\"article:modified_time\" content=\"2025-02-24T15:50:58+00:00\" \/>\n<meta name=\"twitter:card\" content=\"summary_large_image\" \/>\n<script type=\"application\/ld+json\" class=\"yoast-schema-graph\">{\"@context\":\"https:\\\/\\\/schema.org\",\"@graph\":[{\"@type\":\"WebPage\",\"@id\":\"https:\\\/\\\/avocat-gc.com\\\/divorce\\\/avocat-divorce\\\/savigny-sur-orge\\\/\",\"url\":\"https:\\\/\\\/avocat-gc.com\\\/divorce\\\/avocat-divorce\\\/savigny-sur-orge\\\/\",\"name\":\"Avocat Divorce \u00e0 Savigny-sur-Orge (91) - Avocat Divorce\",\"isPartOf\":{\"@id\":\"https:\\\/\\\/avocat-gc.com\\\/divorce\\\/#website\"},\"datePublished\":\"2017-01-06T00:00:00+00:00\",\"dateModified\":\"2025-02-24T15:50:58+00:00\",\"description\":\"Contactez un Avocat Divorce \u00e0 Savigny-sur-Orge (91) au \u260e T\u00e9l. 01.47.04.25.40 et divorcez en 1 mois \u00e0 partir de 425\u20ac TTC. Recevez un devis gratuit et imm\u00e9diat pour votre divorce.\",\"breadcrumb\":{\"@id\":\"https:\\\/\\\/avocat-gc.com\\\/divorce\\\/avocat-divorce\\\/savigny-sur-orge\\\/#breadcrumb\"},\"inLanguage\":\"fr-FR\",\"potentialAction\":[{\"@type\":\"ReadAction\",\"target\":[\"https:\\\/\\\/avocat-gc.com\\\/divorce\\\/avocat-divorce\\\/savigny-sur-orge\\\/\"]}]},{\"@type\":\"BreadcrumbList\",\"@id\":\"https:\\\/\\\/avocat-gc.com\\\/divorce\\\/avocat-divorce\\\/savigny-sur-orge\\\/#breadcrumb\",\"itemListElement\":[{\"@type\":\"ListItem\",\"position\":1,\"name\":\"Accueil\",\"item\":\"https:\\\/\\\/avocat-gc.com\\\/divorce\\\/\"},{\"@type\":\"ListItem\",\"position\":2,\"name\":\"Avocat Divorce\",\"item\":\"https:\\\/\\\/avocat-gc.com\\\/divorce\\\/avocat-divorce\\\/\"},{\"@type\":\"ListItem\",\"position\":3,\"name\":\"Avocat Divorce \u00e0 Savigny-sur-Orge (91)\"}]},{\"@type\":\"WebSite\",\"@id\":\"https:\\\/\\\/avocat-gc.com\\\/divorce\\\/#website\",\"url\":\"https:\\\/\\\/avocat-gc.com\\\/divorce\\\/\",\"name\":\"Avocat GC - Avocat Divorce\",\"description\":\"\",\"publisher\":{\"@id\":\"https:\\\/\\\/avocat-gc.com\\\/divorce\\\/#organization\"},\"potentialAction\":[{\"@type\":\"SearchAction\",\"target\":{\"@type\":\"EntryPoint\",\"urlTemplate\":\"https:\\\/\\\/avocat-gc.com\\\/divorce\\\/?s={search_term_string}\"},\"query-input\":{\"@type\":\"PropertyValueSpecification\",\"valueRequired\":true,\"valueName\":\"search_term_string\"}}],\"inLanguage\":\"fr-FR\"},{\"@type\":\"Organization\",\"@id\":\"https:\\\/\\\/avocat-gc.com\\\/divorce\\\/#organization\",\"name\":\"Avocat GC - Avocat Divorce\",\"url\":\"https:\\\/\\\/avocat-gc.com\\\/divorce\\\/\",\"logo\":{\"@type\":\"ImageObject\",\"inLanguage\":\"fr-FR\",\"@id\":\"https:\\\/\\\/avocat-gc.com\\\/divorce\\\/#\\\/schema\\\/logo\\\/image\\\/\",\"url\":\"https:\\\/\\\/avocat-gc.com\\\/divorce\\\/wp-content\\\/uploads\\\/2024\\\/04\\\/cropped-Sans-titre.png\",\"contentUrl\":\"https:\\\/\\\/avocat-gc.com\\\/divorce\\\/wp-content\\\/uploads\\\/2024\\\/04\\\/cropped-Sans-titre.png\",\"width\":200,\"height\":180,\"caption\":\"Avocat GC - Avocat Divorce\"},\"image\":{\"@id\":\"https:\\\/\\\/avocat-gc.com\\\/divorce\\\/#\\\/schema\\\/logo\\\/image\\\/\"}}]}<\/script>\n<!-- \/ Yoast SEO plugin. -->","yoast_head_json":{"title":"Avocat Divorce \u00e0 Savigny-sur-Orge (91) - Avocat Divorce","description":"Contactez un Avocat Divorce \u00e0 Savigny-sur-Orge (91) au \u260e T\u00e9l. 01.47.04.25.40 et divorcez en 1 mois \u00e0 partir de 425\u20ac TTC. Recevez un devis gratuit et imm\u00e9diat pour votre divorce.","robots":{"index":"index","follow":"follow","max-snippet":"max-snippet:-1","max-image-preview":"max-image-preview:large","max-video-preview":"max-video-preview:-1"},"canonical":"https:\/\/avocat-gc.com\/divorce\/avocat-divorce\/savigny-sur-orge\/","og_locale":"fr_FR","og_type":"article","og_title":"Avocat Divorce \u00e0 Savigny-sur-Orge (91) - Avocat Divorce","og_description":"Contactez un Avocat Divorce \u00e0 Savigny-sur-Orge (91) au \u260e T\u00e9l. 01.47.04.25.40 et divorcez en 1 mois \u00e0 partir de 425\u20ac TTC. Recevez un devis gratuit et imm\u00e9diat pour votre divorce.","og_url":"https:\/\/avocat-gc.com\/divorce\/avocat-divorce\/savigny-sur-orge\/","og_site_name":"Avocat GC - Avocat Divorce","article_modified_time":"2025-02-24T15:50:58+00:00","twitter_card":"summary_large_image","schema":{"@context":"https:\/\/schema.org","@graph":[{"@type":"WebPage","@id":"https:\/\/avocat-gc.com\/divorce\/avocat-divorce\/savigny-sur-orge\/","url":"https:\/\/avocat-gc.com\/divorce\/avocat-divorce\/savigny-sur-orge\/","name":"Avocat Divorce \u00e0 Savigny-sur-Orge (91) - Avocat Divorce","isPartOf":{"@id":"https:\/\/avocat-gc.com\/divorce\/#website"},"datePublished":"2017-01-06T00:00:00+00:00","dateModified":"2025-02-24T15:50:58+00:00","description":"Contactez un Avocat Divorce \u00e0 Savigny-sur-Orge (91) au \u260e T\u00e9l. 01.47.04.25.40 et divorcez en 1 mois \u00e0 partir de 425\u20ac TTC. Recevez un devis gratuit et imm\u00e9diat pour votre divorce.","breadcrumb":{"@id":"https:\/\/avocat-gc.com\/divorce\/avocat-divorce\/savigny-sur-orge\/#breadcrumb"},"inLanguage":"fr-FR","potentialAction":[{"@type":"ReadAction","target":["https:\/\/avocat-gc.com\/divorce\/avocat-divorce\/savigny-sur-orge\/"]}]},{"@type":"BreadcrumbList","@id":"https:\/\/avocat-gc.com\/divorce\/avocat-divorce\/savigny-sur-orge\/#breadcrumb","itemListElement":[{"@type":"ListItem","position":1,"name":"Accueil","item":"https:\/\/avocat-gc.com\/divorce\/"},{"@type":"ListItem","position":2,"name":"Avocat Divorce","item":"https:\/\/avocat-gc.com\/divorce\/avocat-divorce\/"},{"@type":"ListItem","position":3,"name":"Avocat Divorce \u00e0 Savigny-sur-Orge (91)"}]},{"@type":"WebSite","@id":"https:\/\/avocat-gc.com\/divorce\/#website","url":"https:\/\/avocat-gc.com\/divorce\/","name":"Avocat GC - Avocat Divorce","description":"","publisher":{"@id":"https:\/\/avocat-gc.com\/divorce\/#organization"},"potentialAction":[{"@type":"SearchAction","target":{"@type":"EntryPoint","urlTemplate":"https:\/\/avocat-gc.com\/divorce\/?s={search_term_string}"},"query-input":{"@type":"PropertyValueSpecification","valueRequired":true,"valueName":"search_term_string"}}],"inLanguage":"fr-FR"},{"@type":"Organization","@id":"https:\/\/avocat-gc.com\/divorce\/#organization","name":"Avocat GC - Avocat Divorce","url":"https:\/\/avocat-gc.com\/divorce\/","logo":{"@type":"ImageObject","inLanguage":"fr-FR","@id":"https:\/\/avocat-gc.com\/divorce\/#\/schema\/logo\/image\/","url":"https:\/\/avocat-gc.com\/divorce\/wp-content\/uploads\/2024\/04\/cropped-Sans-titre.png","contentUrl":"https:\/\/avocat-gc.com\/divorce\/wp-content\/uploads\/2024\/04\/cropped-Sans-titre.png","width":200,"height":180,"caption":"Avocat GC - Avocat Divorce"},"image":{"@id":"https:\/\/avocat-gc.com\/divorce\/#\/schema\/logo\/image\/"}}]}},"_links":{"self":[{"href":"https:\/\/avocat-gc.com\/divorce\/wp-json\/wp\/v2\/pages\/6879","targetHints":{"allow":["GET"]}}],"collection":[{"href":"https:\/\/avocat-gc.com\/divorce\/wp-json\/wp\/v2\/pages"}],"about":[{"href":"https:\/\/avocat-gc.com\/divorce\/wp-json\/wp\/v2\/types\/page"}],"author":[{"embeddable":true,"href":"https:\/\/avocat-gc.com\/divorce\/wp-json\/wp\/v2\/users\/1"}],"replies":[{"embeddable":true,"href":"https:\/\/avocat-gc.com\/divorce\/wp-json\/wp\/v2\/comments?post=6879"}],"version-history":[{"count":1,"href":"https:\/\/avocat-gc.com\/divorce\/wp-json\/wp\/v2\/pages\/6879\/revisions"}],"predecessor-version":[{"id":15697,"href":"https:\/\/avocat-gc.com\/divorce\/wp-json\/wp\/v2\/pages\/6879\/revisions\/15697"}],"up":[{"embeddable":true,"href":"https:\/\/avocat-gc.com\/divorce\/wp-json\/wp\/v2\/pages\/7084"}],"wp:attachment":[{"href":"https:\/\/avocat-gc.com\/divorce\/wp-json\/wp\/v2\/media?parent=6879"}],"wp:term":[{"taxonomy":"priorite","embeddable":true,"href":"https:\/\/avocat-gc.com\/divorce\/wp-json\/wp\/v2\/priorite?post=6879"}],"curies":[{"name":"wp","href":"https:\/\/api.w.org\/{rel}","templated":true}]}}