{"id":6638,"date":"2017-10-08T00:00:00","date_gmt":"2017-10-08T00:00:00","guid":{"rendered":"https:\/\/avocat-gc.com\/divorce\/fere-en-tardenois\/"},"modified":"2024-04-11T10:29:56","modified_gmt":"2024-04-11T10:29:56","slug":"fere-en-tardenois","status":"publish","type":"page","link":"https:\/\/avocat-gc.com\/divorce\/avocat-divorce\/fere-en-tardenois\/","title":{"rendered":"Avocat Divorce \u00e0 F\u00e8re-en-Tardenois (02)"},"content":{"rendered":"<\/p>\n<p>Avocat Divorce \u00e0 F\u00e8re-en-Tardenois (02)<\/p>\n<h2>VOTRE DIVORCE \u00c0 FERE-EN-TARDENOIS EN 1 MOIS<\/h2>\n<h3>\n\t1 &#8211; Le rendez-vous<\/h3>\n<p class=\"img-right\"><img decoding=\"async\" alt=\"Avocat Divorce \u00e0 F\u00e8re-en-Tardenois (02)\" title=\"Avocat Divorce \u00e0 F\u00e8re-en-Tardenois (02)\" width=\"170\" border=\"2\" src=\"\/divorce\/wp-content\/uploads\/2024\/04\/divorce-consentement-mutuel.png\" \/><\/p>\n<p align=\"justify\">La premi\u00e8re \u00e9tape de votre divorce consiste en un entretien avec nos avocats. Nous sommes comp\u00e9tents pour vous divorcer dans l&rsquo;Aisne en r\u00e9gion Hauts-de-France. Pour prendre un rendez-vous, il suffit de nous contacter par t\u00e9l\u00e9phone au 01 47 04 25 40 ou par email \u00e0 <a href=\"mailto:info@avocat-gc.com\">info@avocat-gc.com<\/a>. Lors de cet entretien :<\/p>\n<p>Nous vous expliquerons le d\u00e9roulement de votre divorce.<br \/>\nNous r\u00e9digerons votre convention de divorce.<\/p>\n<h3>\n\t2 &#8211; La signature<\/h3>\n<p class=\"img-left\"><img decoding=\"async\" alt=\"Avocat Divorce sans juge F\u00e8re-en-Tardenois (02)\" title=\" Avocat Divorce sans juge F\u00e8re-en-Tardenois (02)\" width=\"170\" border=\"2\" src=\"\/divorce\/wp-content\/uploads\/2024\/04\/divorce-sans-avocat.jpg\" \/><\/p>\n<p align=\"justify\">La nouvelle proc\u00e9dure de divorce sans juge permet aux \u00e9poux de divorcer directement aupr\u00e8s des avocats. En effet, une fois la convention r\u00e9dig\u00e9e, le projet de convention est ensuite envoy\u00e9 \u00e0 votre domicile pour \u00eatre soumis \u00e0 votre signature dans un d\u00e9lai de 15 jours. Les documents sign\u00e9s, votre divorce est enregistr\u00e9 par le notaire. Vous serez officiellement divorc\u00e9s.    DIVORCE DEVANT LE JUGE :  Sous certaines conditions, la proc\u00e9dure de divorce \u00e0 l&rsquo;amiable est toujours applicable. Elle permet aux deux \u00e9poux de divorcer devant le Juge aux Affaires Familiales, lors d&rsquo;une audience \u00e0 laquelle il est obligatoire d&rsquo;assister ainsi que les avocats. Les d\u00e9lais sont variables en fonction des juridictions (3 \u00e0 6 mois).   \u00c0 SAVOIR :\u00a0La proc\u00e9dure de divorce sans juge n&rsquo;est valable que dans le cadre d&rsquo;un divorce par consentement mutuel. Un d\u00e9saccord entre les \u00e9poux pourrait \u00eatre l&rsquo;objet d&rsquo;un divorce contentieux qui se r\u00e9glera au terme de plusieurs audiences au tribunal:<\/p>\n<p class=\"img-right\"><img decoding=\"async\" align=\"right\" alt=\"Avocat Divorce TGI Soissons (02)\" title=\"Avocat Divorce TGI Soissons (02)\" width=\"80\" border=\"2\" src=\"\/divorce\/wp-content\/uploads\/2024\/04\/tgi\/tgi-palais-justice-paris.jpg\" \/><\/p>\n<\/p>\n<p>Tribunal de grande instance de Soissons76 rue Saint-Martin 02200 SOISSONST\u00e8l: +33 3 23 76 39 39 Du Lundi au Vendredi : de 08h15 \u00e0 12h00 de 13h15 \u00e0 17h00<\/p>\n<h3>3 &#8211; L&rsquo;enregistrement<\/h3>\n<p class=\"img-right\"><img decoding=\"async\" align=\"left\" alt=\"Avocat Divorce amiable F\u00e8re-en-Tardenois (02)\" title=\"Avocat Divorce amiable F\u00e8re-en-Tardenois (02)\" width=\"170\" border=\"2\" src=\"\/divorce\/wp-content\/uploads\/2024\/04\/divorce-simple.png\" style=\"padding:5px;margin-right: 5px;\" \/><\/p>\n<p align=\"justify\">Nous vous adressons l&rsquo;attestation d&rsquo;enregistrement de divorce et nous accomplissons les formalit\u00e9s d&rsquo;inscription de votre divorce sur vos actes d&rsquo;\u00e9tat civil. Le co\u00fbt d&rsquo;un divorce \u00e0 F\u00e8re-en-Tardenois (02) d\u00e9pend du type de proc\u00e9dure engag\u00e9e. Afin que nous puissions effectuer une estimation, merci de nous adresser le devis ci-dessous:<\/p>\n<\/p>\n<p><a href=\"http:\/\/avocat-gc.com\/divorce\/avocat-divorce-10-ans-dexperience\/\" rel=\"nofollow noopener\" target=\"_parent\">\u25ba DEVIS: AVOCAT DIVORCE \u00c0 FERE-EN-TARDENOIS<\/a><\/p>\n<h3> 4 &#8211; Divorcer sans juge \u00e0 F\u00e8re-en-Tardenois (02) <\/h3>\n<p align=\"justify\">Le divorce par consentement mutuel est la proc\u00e9dure la plus rapide et la moins ch\u00e8re. Le divorce sans juge est une proc\u00e9dure \u00e0 l&rsquo;amiable impliquant que les deux \u00e9poux soient parfaitement d&rsquo;accord sur chaque point de la convention de divorce. Si vous souhaitez vous renseigner sur les \u00e9tapes d&rsquo;une proc\u00e9dure de divorce sans juge \u00e0 F\u00e8re-en-Tardenois (02), cliquez sur le lien ci-apr\u00e8s:<\/p>\n<p><a href=\"https:\/\/avocat-gc.com\/divorce\/avocat-divorce-amiable-sans-juge-fere-en-tardenois-02\/\" class=\"lien-ville\">AVOCAT DIVORCE AMIABLE SANS JUGE FERE-EN-TARDENOIS<\/a><\/p>\n","protected":false},"excerpt":{"rendered":"<p>Avocat Divorce \u00e0 F\u00e8re-en-Tardenois (02) VOTRE DIVORCE \u00c0 FERE-EN-TARDENOIS EN 1 MOIS 1 &#8211; Le rendez-vous La premi\u00e8re \u00e9tape de votre divorce consiste en un entretien avec nos avocats. Nous sommes comp\u00e9tents pour vous divorcer dans l&rsquo;Aisne en r\u00e9gion Hauts-de-France. Pour prendre un rendez-vous, il suffit de nous contacter par t\u00e9l\u00e9phone au 01 47 04 [&hellip;]<\/p>\n","protected":false},"author":1,"featured_media":0,"parent":7084,"menu_order":0,"comment_status":"closed","ping_status":"closed","template":"page-ville.php","meta":{"_acf_changed":false,"inline_featured_image":false,"footnotes":""},"priorite":[],"class_list":["post-6638","page","type-page","status-publish","hentry"],"acf":[],"yoast_head":"<!-- This site is optimized with the Yoast SEO plugin v27.3 - https:\/\/yoast.com\/product\/yoast-seo-wordpress\/ -->\n<title>Avocat Divorce \u00e0 F\u00e8re-en-Tardenois (02) - Avocat Divorce<\/title>\n<meta name=\"description\" content=\"Divorcez \u00e0 F\u00e8re-en-Tardenois (02) en 1 mois \u00e0 partir de 300\u20ac TTC. Contactez un Avocat divorce au 01.47.04.25.40 . Devis Gratuit &amp; Imm\u00e9diat. Cabinet Avocat GC. Divorce amiable - Divorce sans juge\" \/>\n<meta name=\"robots\" content=\"index, follow, max-snippet:-1, max-image-preview:large, max-video-preview:-1\" \/>\n<link rel=\"canonical\" href=\"https:\/\/avocat-gc.com\/divorce\/avocat-divorce\/fere-en-tardenois\/\" \/>\n<meta property=\"og:locale\" content=\"fr_FR\" \/>\n<meta property=\"og:type\" content=\"article\" \/>\n<meta property=\"og:title\" content=\"Avocat Divorce \u00e0 F\u00e8re-en-Tardenois (02) - Avocat Divorce\" \/>\n<meta property=\"og:description\" content=\"Divorcez \u00e0 F\u00e8re-en-Tardenois (02) en 1 mois \u00e0 partir de 300\u20ac TTC. Contactez un Avocat divorce au 01.47.04.25.40 . Devis Gratuit &amp; Imm\u00e9diat. Cabinet Avocat GC. Divorce amiable - Divorce sans juge\" \/>\n<meta property=\"og:url\" content=\"https:\/\/avocat-gc.com\/divorce\/avocat-divorce\/fere-en-tardenois\/\" \/>\n<meta property=\"og:site_name\" content=\"Avocat GC - Avocat Divorce\" \/>\n<meta property=\"article:modified_time\" content=\"2024-04-11T10:29:56+00:00\" \/>\n<meta name=\"twitter:card\" content=\"summary_large_image\" \/>\n<script type=\"application\/ld+json\" class=\"yoast-schema-graph\">{\"@context\":\"https:\\\/\\\/schema.org\",\"@graph\":[{\"@type\":\"WebPage\",\"@id\":\"https:\\\/\\\/avocat-gc.com\\\/divorce\\\/avocat-divorce\\\/fere-en-tardenois\\\/\",\"url\":\"https:\\\/\\\/avocat-gc.com\\\/divorce\\\/avocat-divorce\\\/fere-en-tardenois\\\/\",\"name\":\"Avocat Divorce \u00e0 F\u00e8re-en-Tardenois (02) - Avocat Divorce\",\"isPartOf\":{\"@id\":\"https:\\\/\\\/avocat-gc.com\\\/divorce\\\/#website\"},\"datePublished\":\"2017-10-08T00:00:00+00:00\",\"dateModified\":\"2024-04-11T10:29:56+00:00\",\"description\":\"Divorcez \u00e0 F\u00e8re-en-Tardenois (02) en 1 mois \u00e0 partir de 300\u20ac TTC. Contactez un Avocat divorce au 01.47.04.25.40 . Devis Gratuit & Imm\u00e9diat. Cabinet Avocat GC. Divorce amiable - Divorce sans juge\",\"breadcrumb\":{\"@id\":\"https:\\\/\\\/avocat-gc.com\\\/divorce\\\/avocat-divorce\\\/fere-en-tardenois\\\/#breadcrumb\"},\"inLanguage\":\"fr-FR\",\"potentialAction\":[{\"@type\":\"ReadAction\",\"target\":[\"https:\\\/\\\/avocat-gc.com\\\/divorce\\\/avocat-divorce\\\/fere-en-tardenois\\\/\"]}]},{\"@type\":\"BreadcrumbList\",\"@id\":\"https:\\\/\\\/avocat-gc.com\\\/divorce\\\/avocat-divorce\\\/fere-en-tardenois\\\/#breadcrumb\",\"itemListElement\":[{\"@type\":\"ListItem\",\"position\":1,\"name\":\"Accueil\",\"item\":\"https:\\\/\\\/avocat-gc.com\\\/divorce\\\/\"},{\"@type\":\"ListItem\",\"position\":2,\"name\":\"Avocat Divorce\",\"item\":\"https:\\\/\\\/avocat-gc.com\\\/divorce\\\/avocat-divorce\\\/\"},{\"@type\":\"ListItem\",\"position\":3,\"name\":\"Avocat Divorce \u00e0 F\u00e8re-en-Tardenois (02)\"}]},{\"@type\":\"WebSite\",\"@id\":\"https:\\\/\\\/avocat-gc.com\\\/divorce\\\/#website\",\"url\":\"https:\\\/\\\/avocat-gc.com\\\/divorce\\\/\",\"name\":\"Avocat GC - Avocat Divorce\",\"description\":\"\",\"publisher\":{\"@id\":\"https:\\\/\\\/avocat-gc.com\\\/divorce\\\/#organization\"},\"potentialAction\":[{\"@type\":\"SearchAction\",\"target\":{\"@type\":\"EntryPoint\",\"urlTemplate\":\"https:\\\/\\\/avocat-gc.com\\\/divorce\\\/?s={search_term_string}\"},\"query-input\":{\"@type\":\"PropertyValueSpecification\",\"valueRequired\":true,\"valueName\":\"search_term_string\"}}],\"inLanguage\":\"fr-FR\"},{\"@type\":\"Organization\",\"@id\":\"https:\\\/\\\/avocat-gc.com\\\/divorce\\\/#organization\",\"name\":\"Avocat GC - Avocat Divorce\",\"url\":\"https:\\\/\\\/avocat-gc.com\\\/divorce\\\/\",\"logo\":{\"@type\":\"ImageObject\",\"inLanguage\":\"fr-FR\",\"@id\":\"https:\\\/\\\/avocat-gc.com\\\/divorce\\\/#\\\/schema\\\/logo\\\/image\\\/\",\"url\":\"https:\\\/\\\/avocat-gc.com\\\/divorce\\\/wp-content\\\/uploads\\\/2024\\\/04\\\/cropped-Sans-titre.png\",\"contentUrl\":\"https:\\\/\\\/avocat-gc.com\\\/divorce\\\/wp-content\\\/uploads\\\/2024\\\/04\\\/cropped-Sans-titre.png\",\"width\":200,\"height\":180,\"caption\":\"Avocat GC - Avocat Divorce\"},\"image\":{\"@id\":\"https:\\\/\\\/avocat-gc.com\\\/divorce\\\/#\\\/schema\\\/logo\\\/image\\\/\"}}]}<\/script>\n<!-- \/ Yoast SEO plugin. -->","yoast_head_json":{"title":"Avocat Divorce \u00e0 F\u00e8re-en-Tardenois (02) - Avocat Divorce","description":"Divorcez \u00e0 F\u00e8re-en-Tardenois (02) en 1 mois \u00e0 partir de 300\u20ac TTC. Contactez un Avocat divorce au 01.47.04.25.40 . Devis Gratuit & Imm\u00e9diat. Cabinet Avocat GC. Divorce amiable - Divorce sans juge","robots":{"index":"index","follow":"follow","max-snippet":"max-snippet:-1","max-image-preview":"max-image-preview:large","max-video-preview":"max-video-preview:-1"},"canonical":"https:\/\/avocat-gc.com\/divorce\/avocat-divorce\/fere-en-tardenois\/","og_locale":"fr_FR","og_type":"article","og_title":"Avocat Divorce \u00e0 F\u00e8re-en-Tardenois (02) - Avocat Divorce","og_description":"Divorcez \u00e0 F\u00e8re-en-Tardenois (02) en 1 mois \u00e0 partir de 300\u20ac TTC. Contactez un Avocat divorce au 01.47.04.25.40 . Devis Gratuit & Imm\u00e9diat. Cabinet Avocat GC. Divorce amiable - Divorce sans juge","og_url":"https:\/\/avocat-gc.com\/divorce\/avocat-divorce\/fere-en-tardenois\/","og_site_name":"Avocat GC - Avocat Divorce","article_modified_time":"2024-04-11T10:29:56+00:00","twitter_card":"summary_large_image","schema":{"@context":"https:\/\/schema.org","@graph":[{"@type":"WebPage","@id":"https:\/\/avocat-gc.com\/divorce\/avocat-divorce\/fere-en-tardenois\/","url":"https:\/\/avocat-gc.com\/divorce\/avocat-divorce\/fere-en-tardenois\/","name":"Avocat Divorce \u00e0 F\u00e8re-en-Tardenois (02) - Avocat Divorce","isPartOf":{"@id":"https:\/\/avocat-gc.com\/divorce\/#website"},"datePublished":"2017-10-08T00:00:00+00:00","dateModified":"2024-04-11T10:29:56+00:00","description":"Divorcez \u00e0 F\u00e8re-en-Tardenois (02) en 1 mois \u00e0 partir de 300\u20ac TTC. Contactez un Avocat divorce au 01.47.04.25.40 . Devis Gratuit & Imm\u00e9diat. Cabinet Avocat GC. Divorce amiable - Divorce sans juge","breadcrumb":{"@id":"https:\/\/avocat-gc.com\/divorce\/avocat-divorce\/fere-en-tardenois\/#breadcrumb"},"inLanguage":"fr-FR","potentialAction":[{"@type":"ReadAction","target":["https:\/\/avocat-gc.com\/divorce\/avocat-divorce\/fere-en-tardenois\/"]}]},{"@type":"BreadcrumbList","@id":"https:\/\/avocat-gc.com\/divorce\/avocat-divorce\/fere-en-tardenois\/#breadcrumb","itemListElement":[{"@type":"ListItem","position":1,"name":"Accueil","item":"https:\/\/avocat-gc.com\/divorce\/"},{"@type":"ListItem","position":2,"name":"Avocat Divorce","item":"https:\/\/avocat-gc.com\/divorce\/avocat-divorce\/"},{"@type":"ListItem","position":3,"name":"Avocat Divorce \u00e0 F\u00e8re-en-Tardenois (02)"}]},{"@type":"WebSite","@id":"https:\/\/avocat-gc.com\/divorce\/#website","url":"https:\/\/avocat-gc.com\/divorce\/","name":"Avocat GC - Avocat Divorce","description":"","publisher":{"@id":"https:\/\/avocat-gc.com\/divorce\/#organization"},"potentialAction":[{"@type":"SearchAction","target":{"@type":"EntryPoint","urlTemplate":"https:\/\/avocat-gc.com\/divorce\/?s={search_term_string}"},"query-input":{"@type":"PropertyValueSpecification","valueRequired":true,"valueName":"search_term_string"}}],"inLanguage":"fr-FR"},{"@type":"Organization","@id":"https:\/\/avocat-gc.com\/divorce\/#organization","name":"Avocat GC - Avocat Divorce","url":"https:\/\/avocat-gc.com\/divorce\/","logo":{"@type":"ImageObject","inLanguage":"fr-FR","@id":"https:\/\/avocat-gc.com\/divorce\/#\/schema\/logo\/image\/","url":"https:\/\/avocat-gc.com\/divorce\/wp-content\/uploads\/2024\/04\/cropped-Sans-titre.png","contentUrl":"https:\/\/avocat-gc.com\/divorce\/wp-content\/uploads\/2024\/04\/cropped-Sans-titre.png","width":200,"height":180,"caption":"Avocat GC - Avocat Divorce"},"image":{"@id":"https:\/\/avocat-gc.com\/divorce\/#\/schema\/logo\/image\/"}}]}},"_links":{"self":[{"href":"https:\/\/avocat-gc.com\/divorce\/wp-json\/wp\/v2\/pages\/6638","targetHints":{"allow":["GET"]}}],"collection":[{"href":"https:\/\/avocat-gc.com\/divorce\/wp-json\/wp\/v2\/pages"}],"about":[{"href":"https:\/\/avocat-gc.com\/divorce\/wp-json\/wp\/v2\/types\/page"}],"author":[{"embeddable":true,"href":"https:\/\/avocat-gc.com\/divorce\/wp-json\/wp\/v2\/users\/1"}],"replies":[{"embeddable":true,"href":"https:\/\/avocat-gc.com\/divorce\/wp-json\/wp\/v2\/comments?post=6638"}],"version-history":[{"count":0,"href":"https:\/\/avocat-gc.com\/divorce\/wp-json\/wp\/v2\/pages\/6638\/revisions"}],"up":[{"embeddable":true,"href":"https:\/\/avocat-gc.com\/divorce\/wp-json\/wp\/v2\/pages\/7084"}],"wp:attachment":[{"href":"https:\/\/avocat-gc.com\/divorce\/wp-json\/wp\/v2\/media?parent=6638"}],"wp:term":[{"taxonomy":"priorite","embeddable":true,"href":"https:\/\/avocat-gc.com\/divorce\/wp-json\/wp\/v2\/priorite?post=6638"}],"curies":[{"name":"wp","href":"https:\/\/api.w.org\/{rel}","templated":true}]}}