{"id":6580,"date":"2024-03-31T10:06:40","date_gmt":"2024-03-31T10:06:40","guid":{"rendered":"https:\/\/avocat-gc.com\/divorce\/margny-les-compiegne\/"},"modified":"2024-04-11T10:30:50","modified_gmt":"2024-04-11T10:30:50","slug":"margny-les-compiegne","status":"publish","type":"page","link":"https:\/\/avocat-gc.com\/divorce\/avocat-divorce\/margny-les-compiegne\/","title":{"rendered":"Avocat Divorce \u00e0 Margny-l\u00e8s-Compi\u00e8gne (60)"},"content":{"rendered":"<\/p>\n<p>Avocat Divorce \u00e0 Margny-l\u00e8s-Compi\u00e8gne (60)<\/p>\n<h2>VOTRE DIVORCE \u00c0 MARGNY-LES-COMPIEGNE EN 1 MOIS <\/h2>\n<p> J&rsquo;INTERVIENS DANS TOUTE LA FRANCE <a href=\"http:\/\/avocat-gc.com\/divorce\/avocat-divorce\/paris\/\" rel=\"nofollow noopener\" title=\"\" target=\"_parent\">Notre cabinet \u00e0 Paris<\/a> : 42 Rue de L\u00fcbeck, 75116 Paris 01 47 04 25 40<\/p>\n<h3>1 &#8211; Le rendez-vous<\/h3>\n<p class=\"img-right\"><img decoding=\"async\" alt=\"Avocat Divorce \u00e0 Margny-l\u00e8s-Compi\u00e8gne(60)\" title=\"Avocat Divorce \u00e0 Margny-l\u00e8s-Compi\u00e8gne (60)\" width=\"170\" border=\"2\" src=\"\/divorce\/wp-content\/uploads\/2024\/04\/divorce-consentement-mutuel.png\" \/><\/p>\n<p align=\"justify\">Notre cabinet d&rsquo;avocats, experiment\u00e9 en divorce, est comp\u00e9tent pour vous divorcer dans l&rsquo;Oise dans la r\u00e9gion des Hauts-de-France. Pour prendre un rendez-vous, il suffit de nous contacter par t\u00e9l\u00e9phone au 01 47 04 25 40 ou par email \u00e0 <a href=\"mailto:info@avocat-gc.com\">info@avocat-gc.com<\/a>. Lors d&rsquo;un entretien avec nos avocats:<\/p>\n<p>Nous vous expliquerons le d\u00e9roulement de votre divorce.<br \/>\nNous r\u00e9digerons \u00a0votre convention de divorce.<\/p>\n<h3>2 &#8211; La signature<\/h3>\n<p class=\"img-left\"><img decoding=\"async\" alt=\"Avocat Divorce sans juge Margny-l\u00e8s-Compi\u00e8gne (60)\" title=\" Avocat Divorce sans juge Margny-l\u00e8s-Compi\u00e8gne (60)\" width=\"170\" border=\"2\" src=\"\/divorce\/wp-content\/uploads\/2024\/04\/divorce-sans-avocat.jpg\" \/><\/p>\n<p align=\"justify\">D\u00e9sormais, il est possible de divorcer directement aupr\u00e8s de votre cabinet d&rsquo;avocats. En effet, apr\u00e8s r\u00e9daction de la convention de divorce, le projet de convention vous sera transmis \u00e0 domicile par voie postale (en A.R) pour \u00eatre sousmis \u00e0 votre signature.Vous poss\u00e9derez un d\u00e9lai de 15 jours pour nous retourner le projet sign\u00e9, marquant ainsi votre accord. Par la suite, le notaire se chargera d&rsquo;enregistrer votre divorce en lui donnant force ex\u00e9cutoire et date certaine.    DIVORCE DEVANT LE JUGE : Sous certaines conditions, un divorce \u00e0 l&rsquo;amiable devant le Juge aux Affaires Familiales est toujours possible. Cette proc\u00e9dure, plus longue\u00a0(3 \u00e0 6 mois), n\u00e9cessite une audience au Tribunal \u00e0 laquelle il vous est obligatoire d&rsquo;assister, accompagn\u00e9 de votre avocat.   \u00c0 SAVOIR :\u00a0La proc\u00e9dure de divorce sans juge s&rsquo;applique uniquement dans le cadre d&rsquo;un divorce amiable sur lequel les \u00e9poux s&rsquo;accordent. Si les \u00e9poux ne parviennent \u00e0 trouver un accord, il serait allors n\u00e9cessaire d&rsquo;engager un\u00a0divorce contentieux qui se r\u00e9glera au terme de plusieurs audiences au tribunal:<\/p>\n<p class=\"img-right\"><img decoding=\"async\" align=\"right\" alt=\"Avocat Divorce TGI Compi\u00e8gne (60)\" title=\"Avocat Divorce TGI Compi\u00e8gne (60)\" width=\"80\" border=\"2\" src=\"\/divorce\/wp-content\/uploads\/2024\/04\/tgi\/tgi-palais-justice-compiegne.jpeg\" \/><\/p>\n<\/p>\n<p>Tribunal de grande instance de Compi\u00e8gne11 rue Henri de S\u00e9roux B.P. 80059 60321 Compi\u00e8gneTel : +33 3 44 38 35 24 &#8211; Fax : +33 3 44 40 18 90Du lundi au vendredi : de 8h30 \u00e0 17h<\/p>\n<h3>3 &#8211; L&rsquo;enregistrement<\/h3>\n<p class=\"img-right\"><img decoding=\"async\" align=\"left\" alt=\"Avocat Divorce amiable Margny-l\u00e8s-Compi\u00e8gne (60)\" title=\"Avocat Divorce amiable Margny-l\u00e8s-Compi\u00e8gne (60)\" width=\"170\" border=\"2\" src=\"\/divorce\/wp-content\/uploads\/2024\/04\/divorce-simple.png\" style=\"padding:5px;margin-right: 5px;\" \/><\/p>\n<p align=\"justify\">Pour terminer la proc\u00e9dure et vous faciliter les t\u00e2ches administratives, nous accomplissons les formalit\u00e9s d&rsquo;inscription de votre divorce sur vos actes d&rsquo;\u00e9tat civil et vous transmettons l&rsquo;attestation d&rsquo;enregistrement de votre divorce.<\/p>\n<\/p>\n<p><a href=\"http:\/\/avocat-gc.com\/divorce\/avocat-divorce-10-ans-dexperience\/\" rel=\"nofollow noopener\" target=\"_parent\">\u25ba DEVIS: AVOCAT DIVORCE \u00c0 MARGNY-LES-COMPIEGNE<\/a><\/p>\n<h3> 4 &#8211; Divorcer sans juge \u00e0 Margny-l\u00e8s-Compi\u00e8gne (60)<\/h3>\n<p align=\"justify\">Si vous souhaitez opter pour un divorce sans juge \u00e0 Margny-l\u00e8s-Compi\u00e8gne (60)?\u00a0, vous trouverez toutes les informations en cliquant sur le lien ci-dessous:<\/p>\n<p><a href=\"https:\/\/avocat-gc.com\/divorce\/avocat-divorce-sans-juge-margny-les-compiegne\/\" class=\"lien-ville\">AVOCAT DIVORCE AMIABLE SANS JUGE MARGNY-LES-COMPIEGNE<\/a><\/p>\n","protected":false},"excerpt":{"rendered":"<p>Avocat Divorce \u00e0 Margny-l\u00e8s-Compi\u00e8gne (60) VOTRE DIVORCE \u00c0 MARGNY-LES-COMPIEGNE EN 1 MOIS J&rsquo;INTERVIENS DANS TOUTE LA FRANCE Notre cabinet \u00e0 Paris : 42 Rue de L\u00fcbeck, 75116 Paris 01 47 04 25 40 1 &#8211; Le rendez-vous Notre cabinet d&rsquo;avocats, experiment\u00e9 en divorce, est comp\u00e9tent pour vous divorcer dans l&rsquo;Oise dans la r\u00e9gion des Hauts-de-France. [&hellip;]<\/p>\n","protected":false},"author":1,"featured_media":0,"parent":7084,"menu_order":0,"comment_status":"closed","ping_status":"closed","template":"page-ville.php","meta":{"_acf_changed":false,"inline_featured_image":false,"footnotes":""},"priorite":[],"class_list":["post-6580","page","type-page","status-publish","hentry"],"acf":[],"yoast_head":"<!-- This site is optimized with the Yoast SEO plugin v27.3 - https:\/\/yoast.com\/product\/yoast-seo-wordpress\/ -->\n<title>Avocat Divorce \u00e0 Margny-l\u00e8s-Compi\u00e8gne (60) - Avocat Divorce<\/title>\n<meta name=\"description\" content=\"Divorcez \u00e0 Margny-les-Compi\u00e8gne (60) en 1 mois \u00e0 partir de 300\u20ac TTC. Contactez un Avocat divorce au \u260e 01.47.04.25.40 . Recevez un devis gratuit et imm\u00e9diat pour votre divorce. Cabinet Avocat GC. Divorce amiable - Divorce sans juge\" \/>\n<meta name=\"robots\" content=\"index, follow, max-snippet:-1, max-image-preview:large, max-video-preview:-1\" \/>\n<link rel=\"canonical\" href=\"https:\/\/avocat-gc.com\/divorce\/avocat-divorce\/margny-les-compiegne\/\" \/>\n<meta property=\"og:locale\" content=\"fr_FR\" \/>\n<meta property=\"og:type\" content=\"article\" \/>\n<meta property=\"og:title\" content=\"Avocat Divorce \u00e0 Margny-l\u00e8s-Compi\u00e8gne (60) - Avocat Divorce\" \/>\n<meta property=\"og:description\" content=\"Divorcez \u00e0 Margny-les-Compi\u00e8gne (60) en 1 mois \u00e0 partir de 300\u20ac TTC. Contactez un Avocat divorce au \u260e 01.47.04.25.40 . Recevez un devis gratuit et imm\u00e9diat pour votre divorce. Cabinet Avocat GC. Divorce amiable - Divorce sans juge\" \/>\n<meta property=\"og:url\" content=\"https:\/\/avocat-gc.com\/divorce\/avocat-divorce\/margny-les-compiegne\/\" \/>\n<meta property=\"og:site_name\" content=\"Avocat GC - Avocat Divorce\" \/>\n<meta property=\"article:modified_time\" content=\"2024-04-11T10:30:50+00:00\" \/>\n<meta name=\"twitter:card\" content=\"summary_large_image\" \/>\n<script type=\"application\/ld+json\" class=\"yoast-schema-graph\">{\"@context\":\"https:\\\/\\\/schema.org\",\"@graph\":[{\"@type\":\"WebPage\",\"@id\":\"https:\\\/\\\/avocat-gc.com\\\/divorce\\\/avocat-divorce\\\/margny-les-compiegne\\\/\",\"url\":\"https:\\\/\\\/avocat-gc.com\\\/divorce\\\/avocat-divorce\\\/margny-les-compiegne\\\/\",\"name\":\"Avocat Divorce \u00e0 Margny-l\u00e8s-Compi\u00e8gne (60) - Avocat Divorce\",\"isPartOf\":{\"@id\":\"https:\\\/\\\/avocat-gc.com\\\/divorce\\\/#website\"},\"datePublished\":\"2024-03-31T10:06:40+00:00\",\"dateModified\":\"2024-04-11T10:30:50+00:00\",\"description\":\"Divorcez \u00e0 Margny-les-Compi\u00e8gne (60) en 1 mois \u00e0 partir de 300\u20ac TTC. Contactez un Avocat divorce au \u260e 01.47.04.25.40 . Recevez un devis gratuit et imm\u00e9diat pour votre divorce. Cabinet Avocat GC. Divorce amiable - Divorce sans juge\",\"breadcrumb\":{\"@id\":\"https:\\\/\\\/avocat-gc.com\\\/divorce\\\/avocat-divorce\\\/margny-les-compiegne\\\/#breadcrumb\"},\"inLanguage\":\"fr-FR\",\"potentialAction\":[{\"@type\":\"ReadAction\",\"target\":[\"https:\\\/\\\/avocat-gc.com\\\/divorce\\\/avocat-divorce\\\/margny-les-compiegne\\\/\"]}]},{\"@type\":\"BreadcrumbList\",\"@id\":\"https:\\\/\\\/avocat-gc.com\\\/divorce\\\/avocat-divorce\\\/margny-les-compiegne\\\/#breadcrumb\",\"itemListElement\":[{\"@type\":\"ListItem\",\"position\":1,\"name\":\"Accueil\",\"item\":\"https:\\\/\\\/avocat-gc.com\\\/divorce\\\/\"},{\"@type\":\"ListItem\",\"position\":2,\"name\":\"Avocat Divorce\",\"item\":\"https:\\\/\\\/avocat-gc.com\\\/divorce\\\/avocat-divorce\\\/\"},{\"@type\":\"ListItem\",\"position\":3,\"name\":\"Avocat Divorce \u00e0 Margny-l\u00e8s-Compi\u00e8gne (60)\"}]},{\"@type\":\"WebSite\",\"@id\":\"https:\\\/\\\/avocat-gc.com\\\/divorce\\\/#website\",\"url\":\"https:\\\/\\\/avocat-gc.com\\\/divorce\\\/\",\"name\":\"Avocat GC - Avocat Divorce\",\"description\":\"\",\"publisher\":{\"@id\":\"https:\\\/\\\/avocat-gc.com\\\/divorce\\\/#organization\"},\"potentialAction\":[{\"@type\":\"SearchAction\",\"target\":{\"@type\":\"EntryPoint\",\"urlTemplate\":\"https:\\\/\\\/avocat-gc.com\\\/divorce\\\/?s={search_term_string}\"},\"query-input\":{\"@type\":\"PropertyValueSpecification\",\"valueRequired\":true,\"valueName\":\"search_term_string\"}}],\"inLanguage\":\"fr-FR\"},{\"@type\":\"Organization\",\"@id\":\"https:\\\/\\\/avocat-gc.com\\\/divorce\\\/#organization\",\"name\":\"Avocat GC - Avocat Divorce\",\"url\":\"https:\\\/\\\/avocat-gc.com\\\/divorce\\\/\",\"logo\":{\"@type\":\"ImageObject\",\"inLanguage\":\"fr-FR\",\"@id\":\"https:\\\/\\\/avocat-gc.com\\\/divorce\\\/#\\\/schema\\\/logo\\\/image\\\/\",\"url\":\"https:\\\/\\\/avocat-gc.com\\\/divorce\\\/wp-content\\\/uploads\\\/2024\\\/04\\\/cropped-Sans-titre.png\",\"contentUrl\":\"https:\\\/\\\/avocat-gc.com\\\/divorce\\\/wp-content\\\/uploads\\\/2024\\\/04\\\/cropped-Sans-titre.png\",\"width\":200,\"height\":180,\"caption\":\"Avocat GC - Avocat Divorce\"},\"image\":{\"@id\":\"https:\\\/\\\/avocat-gc.com\\\/divorce\\\/#\\\/schema\\\/logo\\\/image\\\/\"}}]}<\/script>\n<!-- \/ Yoast SEO plugin. -->","yoast_head_json":{"title":"Avocat Divorce \u00e0 Margny-l\u00e8s-Compi\u00e8gne (60) - Avocat Divorce","description":"Divorcez \u00e0 Margny-les-Compi\u00e8gne (60) en 1 mois \u00e0 partir de 300\u20ac TTC. Contactez un Avocat divorce au \u260e 01.47.04.25.40 . Recevez un devis gratuit et imm\u00e9diat pour votre divorce. Cabinet Avocat GC. Divorce amiable - Divorce sans juge","robots":{"index":"index","follow":"follow","max-snippet":"max-snippet:-1","max-image-preview":"max-image-preview:large","max-video-preview":"max-video-preview:-1"},"canonical":"https:\/\/avocat-gc.com\/divorce\/avocat-divorce\/margny-les-compiegne\/","og_locale":"fr_FR","og_type":"article","og_title":"Avocat Divorce \u00e0 Margny-l\u00e8s-Compi\u00e8gne (60) - Avocat Divorce","og_description":"Divorcez \u00e0 Margny-les-Compi\u00e8gne (60) en 1 mois \u00e0 partir de 300\u20ac TTC. Contactez un Avocat divorce au \u260e 01.47.04.25.40 . Recevez un devis gratuit et imm\u00e9diat pour votre divorce. Cabinet Avocat GC. Divorce amiable - Divorce sans juge","og_url":"https:\/\/avocat-gc.com\/divorce\/avocat-divorce\/margny-les-compiegne\/","og_site_name":"Avocat GC - Avocat Divorce","article_modified_time":"2024-04-11T10:30:50+00:00","twitter_card":"summary_large_image","schema":{"@context":"https:\/\/schema.org","@graph":[{"@type":"WebPage","@id":"https:\/\/avocat-gc.com\/divorce\/avocat-divorce\/margny-les-compiegne\/","url":"https:\/\/avocat-gc.com\/divorce\/avocat-divorce\/margny-les-compiegne\/","name":"Avocat Divorce \u00e0 Margny-l\u00e8s-Compi\u00e8gne (60) - Avocat Divorce","isPartOf":{"@id":"https:\/\/avocat-gc.com\/divorce\/#website"},"datePublished":"2024-03-31T10:06:40+00:00","dateModified":"2024-04-11T10:30:50+00:00","description":"Divorcez \u00e0 Margny-les-Compi\u00e8gne (60) en 1 mois \u00e0 partir de 300\u20ac TTC. Contactez un Avocat divorce au \u260e 01.47.04.25.40 . Recevez un devis gratuit et imm\u00e9diat pour votre divorce. Cabinet Avocat GC. Divorce amiable - Divorce sans juge","breadcrumb":{"@id":"https:\/\/avocat-gc.com\/divorce\/avocat-divorce\/margny-les-compiegne\/#breadcrumb"},"inLanguage":"fr-FR","potentialAction":[{"@type":"ReadAction","target":["https:\/\/avocat-gc.com\/divorce\/avocat-divorce\/margny-les-compiegne\/"]}]},{"@type":"BreadcrumbList","@id":"https:\/\/avocat-gc.com\/divorce\/avocat-divorce\/margny-les-compiegne\/#breadcrumb","itemListElement":[{"@type":"ListItem","position":1,"name":"Accueil","item":"https:\/\/avocat-gc.com\/divorce\/"},{"@type":"ListItem","position":2,"name":"Avocat Divorce","item":"https:\/\/avocat-gc.com\/divorce\/avocat-divorce\/"},{"@type":"ListItem","position":3,"name":"Avocat Divorce \u00e0 Margny-l\u00e8s-Compi\u00e8gne (60)"}]},{"@type":"WebSite","@id":"https:\/\/avocat-gc.com\/divorce\/#website","url":"https:\/\/avocat-gc.com\/divorce\/","name":"Avocat GC - Avocat Divorce","description":"","publisher":{"@id":"https:\/\/avocat-gc.com\/divorce\/#organization"},"potentialAction":[{"@type":"SearchAction","target":{"@type":"EntryPoint","urlTemplate":"https:\/\/avocat-gc.com\/divorce\/?s={search_term_string}"},"query-input":{"@type":"PropertyValueSpecification","valueRequired":true,"valueName":"search_term_string"}}],"inLanguage":"fr-FR"},{"@type":"Organization","@id":"https:\/\/avocat-gc.com\/divorce\/#organization","name":"Avocat GC - Avocat Divorce","url":"https:\/\/avocat-gc.com\/divorce\/","logo":{"@type":"ImageObject","inLanguage":"fr-FR","@id":"https:\/\/avocat-gc.com\/divorce\/#\/schema\/logo\/image\/","url":"https:\/\/avocat-gc.com\/divorce\/wp-content\/uploads\/2024\/04\/cropped-Sans-titre.png","contentUrl":"https:\/\/avocat-gc.com\/divorce\/wp-content\/uploads\/2024\/04\/cropped-Sans-titre.png","width":200,"height":180,"caption":"Avocat GC - Avocat Divorce"},"image":{"@id":"https:\/\/avocat-gc.com\/divorce\/#\/schema\/logo\/image\/"}}]}},"_links":{"self":[{"href":"https:\/\/avocat-gc.com\/divorce\/wp-json\/wp\/v2\/pages\/6580","targetHints":{"allow":["GET"]}}],"collection":[{"href":"https:\/\/avocat-gc.com\/divorce\/wp-json\/wp\/v2\/pages"}],"about":[{"href":"https:\/\/avocat-gc.com\/divorce\/wp-json\/wp\/v2\/types\/page"}],"author":[{"embeddable":true,"href":"https:\/\/avocat-gc.com\/divorce\/wp-json\/wp\/v2\/users\/1"}],"replies":[{"embeddable":true,"href":"https:\/\/avocat-gc.com\/divorce\/wp-json\/wp\/v2\/comments?post=6580"}],"version-history":[{"count":0,"href":"https:\/\/avocat-gc.com\/divorce\/wp-json\/wp\/v2\/pages\/6580\/revisions"}],"up":[{"embeddable":true,"href":"https:\/\/avocat-gc.com\/divorce\/wp-json\/wp\/v2\/pages\/7084"}],"wp:attachment":[{"href":"https:\/\/avocat-gc.com\/divorce\/wp-json\/wp\/v2\/media?parent=6580"}],"wp:term":[{"taxonomy":"priorite","embeddable":true,"href":"https:\/\/avocat-gc.com\/divorce\/wp-json\/wp\/v2\/priorite?post=6580"}],"curies":[{"name":"wp","href":"https:\/\/api.w.org\/{rel}","templated":true}]}}