{"id":6537,"date":"2017-11-09T00:00:00","date_gmt":"2017-11-09T00:00:00","guid":{"rendered":"https:\/\/avocat-gc.com\/divorce\/abbeville\/"},"modified":"2024-04-23T11:42:28","modified_gmt":"2024-04-23T11:42:28","slug":"abbeville","status":"publish","type":"page","link":"https:\/\/avocat-gc.com\/divorce\/avocat-divorce\/abbeville\/","title":{"rendered":"Avocat Divorce \u00e0 Abbeville (80)"},"content":{"rendered":"\n<h2 class=\"wp-block-heading\">DIVORCEZ EN 1 MOIS \u00c0 ABBEVILLE<\/h2>\n\n\n\n<p>J&rsquo;INTERVIENS DANS TOUTE LA FRANCE <a title=\"\" href=\"http:\/\/avocat-gc.com\/divorce\/avocat-divorce\/paris\/\" target=\"_parent\" rel=\"nofollow noopener\">Notre cabinet \u00e0 Paris<\/a> : 42 Rue de L\u00fcbeck, 75116 Paris 01 47 04 25 40<\/p>\n\n\n\n<h3 class=\"wp-block-heading\">1 &#8211; Le rendez-vous<\/h3>\n\n\n<div class=\"wp-block-image\">\n<figure class=\"alignleft is-resized\"><img decoding=\"async\" src=\"\/divorce\/wp-content\/uploads\/2024\/04\/divorce-consentement-mutuel.png\" alt=\"Avocat Divorce \u00e0 Abbeville (80)\" style=\"width:205px;height:auto\" title=\"Avocat Divorce \u00e0 Abbeville (80)\"\/><\/figure>\n<\/div>\n\n\n<p><\/p>\n\n\n\n<p>Le rendez-vous au cabinet constitue la premi\u00e8re \u00e9tape de votre divorce. Nous sommes joignables par t\u00e9l\u00e9phone au 01 47 04 25 40 ou par email \u00e0 <a href=\"mailto:info@avocat-gc.com\">info@avocat-gc.com<\/a>. Nous sommes comp\u00e9tents pour vous divorcer dans la Somme, en r\u00e9gion Hauts-de-France.Durant ce rendez-vous avec notre avocat divorce, nous effectuerons les points suivants :<\/p>\n\n\n\n<p>L&rsquo;explication de chaque \u00e9tape de votre divorce.<br>La r\u00e9daction de votre convention de divorce.<br>Nous r\u00e9pondrons \u00e0 toutes vos questions.<\/p>\n\n\n\n<h3 class=\"wp-block-heading\">2 &#8211; La signature<\/h3>\n\n\n<div class=\"wp-block-image\">\n<figure class=\"alignright is-resized\"><img decoding=\"async\" src=\"\/divorce\/wp-content\/uploads\/2024\/04\/divorce-sans-avocat.jpg\" alt=\"Avocat Divorce sans juge Abbeville (80) \" style=\"width:209px;height:auto\" title=\" Avocat Divorce sans juge Abbeville (80) \"\/><\/figure>\n<\/div>\n\n\n<p><\/p>\n\n\n\n<p>D\u00e9sormais, le divorce sans juge par consentement mutuel peut \u00eatre effectu\u00e9 directement au cabinet d&rsquo;avocats. Une fois r\u00e9dig\u00e9e, le projet de convention de divorce vous sera transmise par voie postale (en AR). Vous poss\u00e9derez alors un d\u00e9lai de 15 jours pour r\u00e9fl\u00e9chir et y aposer votre signature. Une fois sign\u00e9e, le notaire enregistrera votre divorce. Vous serez alors officiellement divorc\u00e9s.&nbsp; DIVORCER DEVANT LE JUGE: &nbsp;Il est toujours possible de divorcer \u00e0 l&rsquo;amiable, sous certaines conditions, &nbsp;devant le Juge aux Affaires Familiales lors d&rsquo;une audience au tribunal. Les \u00e9poux doivent s&rsquo;y pr\u00e9senter accompagn\u00e9s de leur avocat. Les d\u00e9lais sont variables en fonction des juridictions (3 \u00e0 6 mois). \u00c0 SAVOIR :&nbsp;La nouvelle proc\u00e9dure de divorce sans juge s&rsquo;applique uniquement pour les couples souhaitant divorcer \u00e0 l&rsquo;amiable. Si tout d\u00e9saccord venait \u00e0 se produire entre les \u00e9poux,&nbsp;un divorce contentieux serait alors n\u00e9cessaire et se r\u00e9glerait par une succession d&rsquo;audiences au tribunal:<\/p>\n\n\n<div class=\"wp-block-image\">\n<figure class=\"alignleft is-resized\"><img decoding=\"async\" src=\"\/divorce\/wp-content\/uploads\/2024\/04\/tgi\/tgi-palais-justice-amiens.jpeg\" alt=\"Avocat Divorce TGI Amiens (80)\" style=\"width:130px;height:auto\" title=\"Avocat Divorce TGI Amiens (80)\"\/><\/figure>\n<\/div>\n\n\n<p><\/p>\n\n\n\n<p>Tribunal de grande instance d&rsquo;Amiens&nbsp;14 rue Robert de Luzarches 80027 Amiens Tel : +33 3 22 82 35 00 &#8211; Fax : +33 3 22 91 22 11Du lundi au vendredi : de 9h \u00e0 12h et de 14h \u00e0 16h30<\/p>\n\n\n\n<h3 class=\"wp-block-heading\">3 &#8211; L&rsquo;enregistrement<\/h3>\n\n\n<div class=\"wp-block-image\">\n<figure class=\"alignright is-resized\"><img decoding=\"async\" src=\"\/divorce\/wp-content\/uploads\/2024\/04\/divorce-simple.png\" alt=\"Avocat Divorce amiable Abbeville (80)\" style=\"width:196px;height:auto\" title=\"Avocat Divorce amiable Abbeville (80)\"\/><\/figure>\n<\/div>\n\n\n<p><\/p>\n\n\n\n<p>Nous vous adressons l&rsquo;attestation d&rsquo;enregistrement de votre divorce et nous accomplissons les formalit\u00e9s d&rsquo;inscription de votre divorce sur vos actes d&rsquo;\u00e9tat civil.<\/p>\n\n\n\n<p>Pour conna\u00eetre nos honoraires ou obtenir davantage de renseignements sur la proc\u00e9dure, veuillez suivre le lien ci-dessous:<\/p>\n\n\n\n<p><a href=\"\/divorce\/avocat-divorce-10-ans-dexperience\/\" target=\"_parent\" rel=\"nofollow noopener\"> \u25ba DEVIS: AVOCAT DIVORCE \u00c0 ABBEVILLE <\/a><\/p>\n\n\n\n<h3 class=\"wp-block-heading\">4 &#8211; Divorce sans juge \u00e0 Abbeville<\/h3>\n\n\n\n<p>Le divorce \u00e0 l&rsquo;amiable n\u00e9cessite l&rsquo;accord des deux \u00e9poux sur chaque point de la convention de divorce. Le divorce sans juge est une proc\u00e9dure par consentement mutuel. Ce divorce peut \u00eatre rapide si chaque point de la proc\u00e9dure est respect\u00e9e. Pour en savoir davantage sur les conditions \u00e0 remplir afin de pouvoir s&rsquo;engager dans une proc\u00e9dure de divorce sans juge \u00e0 Abbeville (80), cliquez sur le lien ci-dessous<\/p>\n\n\n\n<p><a class=\"lien-ville\" href=\"\/divorce\/avocat-divorce-sans-juge-abbeville-80\/\">AVOCAT DIVORCE AMIABLE SANS JUGE ABBEVILLE<\/a><\/p>\n\n\n<div class=\"item-grid item-devis-page\">\n   <div class=\"inner-container jaune-fonce\">\n\n           <div class=\"relative step-1 devis-container\">\n         <div id=\"form-devis\">\n            <h2 class=\"wp-block-heading has-large-font-size\">Recevez un devis gratuit et imm\u00e9diat<\/h2>\n            <div class=\"step-number\">\n               <div class=\"step-1\">\u00e9tape 1\/2 : Les pr\u00e9cisions sur votre divorce<\/div>\n               <div class=\"step-2\">\u00e9tape 2\/2 : Vos informations<\/div>\n            <\/div>\n\n            <!-- Etapes -->\n            <div class=\"wrap-slide\">\n               <form class=\"devis-form flex-slide\" enctype=\"multipart\/form-data\" action=\"\" method=\"post\" accept-charset=\"UTF-8\">\n                  <div class=\"slide slide-1\">\n                     <!-- Question 1 -->\n                     <div class=\"form-item wrap-question-label\">\n                        <p class=\"question-label\">Vous souhaitez divorcer \u00e0 l&rsquo;amiable&nbsp;?<\/p>\n                        <div class=\"can-toggle\">\n                           <input id=\"amiable\" type=\"checkbox\" checked>\n                           <label for=\"amiable\">\n                              <div class=\"can-toggle__switch\" data-checked=\"Oui\" data-unchecked=\"Non\"><\/div>\n                           <\/label>\n                        <\/div>\n                     <\/div>\n                     <!-- Question 2 -->\n                     <div class=\"form-item wrap-question-label\">\n                        <p class=\"question-label\">Avez-vous des enfants en commun&nbsp;?<\/p>\n                        <div class=\"can-toggle\">\n                           <input id=\"enfants\" type=\"checkbox\">\n                           <label for=\"enfants\">\n                              <div class=\"can-toggle__switch\" data-checked=\"Oui\" data-unchecked=\"Non\"><\/div>\n                           <\/label>\n                        <\/div>\n                     <\/div>\n                     <!-- Question 3 -->\n                     <div class=\"form-item wrap-question-label\">\n                        <p class=\"question-label\">Avez-vous des biens immobiliers en commun&nbsp;?<\/p>\n                        <div class=\"can-toggle\">\n                           <input id=\"immobilier\" type=\"checkbox\">\n                           <label for=\"immobilier\">\n                              <div class=\"can-toggle__switch\" data-checked=\"Oui\" data-unchecked=\"Non\"><\/div>\n                           <\/label>\n                        <\/div>\n                     <\/div>\n\n                     <!-- Navigation etape -->\n                     <div class=\"wp-block-button is-style-button-vert\">\n                        <span class=\"wp-block-button__link wp-element-button nav-button\">\u00e9tape suivante<\/span>\n                     <\/div>\n                  <\/div>\n                  <div class=\"slide slide-2\">\n                     <!--<p class=\"question\">Veuillez renseigner tous les champs :<\/p>-->\n                     <div class=\"depts tooltip-container\">\n                        <div class=\"form-item\" id=\"dep1\">\n                           <input placeholder=\"D\u00e9partement (ex. : 75) *\" type=\"text\" id=\"edit-submitted-dep1\" name=\"submitted[dep1]\" size=\"60\" maxlength=\"128\" class=\"form-text required\">\n                           <span class=\"error-message\"><\/span>\n                        <\/div>\n                        <div class=\"form-item\" id=\"dep2\">\n                           <input placeholder=\"Dpt. de votre conjoint (ex. : 78) *\" type=\"text\" id=\"edit-submitted-dep2\" name=\"submitted[dep2]\" size=\"60\" maxlength=\"128\" class=\"form-text required\">\n                           <span class=\"error-message\"><\/span>\n                        <\/div>\n                        <div class=\"tooltip-text\">Ex. : 75. Pour l&rsquo;\u00e9tranger, entrez 99.<\/div>\n                     <\/div>\n                     <div class=\"form-item\" id=\"nom\">\n                        <input placeholder=\"Votre nom *\" type=\"text\" id=\"edit-submitted-nom\" name=\"submitted[nom]\" size=\"60\" maxlength=\"128\" class=\"form-text required\">\n                        <span class=\"error-message\"><\/span>\n                     <\/div>\n                     <div class=\"form-item\" id=\"telephone\">\n                        <input placeholder=\"T\u00e9l\u00e9phone\" type=\"text\" id=\"edit-submitted-telephone\" name=\"submitted[telephone]\" value=\"\" size=\"60\" maxlength=\"128\" class=\"form-text\">\n                        <span class=\"error-message\"><\/span>\n                     <\/div>\n                     <div class=\"form-item\" id=\"webform-component-email\">\n                        <input class=\"email form-text form-email required\" placeholder=\"Email *\" type=\"email\" id=\"edit-submitted-email\" name=\"submitted[email]\" size=\"60\">\n                        <span class=\"error-message\"><\/span>\n                     <\/div>\n                     <div style=\"display:none;\">\n                       <input type=\"text\" name=\"website\" id=\"website\" value=\"\">\n                     <\/div>\n                     <input type=\"hidden\" name=\"devis_nonce\" value=\"51226f5bb3\">\n                     <input type=\"hidden\" name=\"js_ok\" value=\"0\">\n\n                     <div class=\"form-item\" id=\"webform-component-consent\">\n                        <input class=\"checkbox required\" type=\"checkbox\" id=\"edit-submitted-consent\" name=\"submitted[consent]\" size=\"60\"> J&rsquo;accepte les <a href=\"\/divorce\/confidentialite\/\" target=\"_blank\">conditions g\u00e9n\u00e9rales d&rsquo;utilisation<\/a>.\n                        <span class=\"error-message\"><\/span>\n                     <\/div>\n                     <div class=\"bottom-form\">\n                        <span class=\"nav-button prev-step-btn\">< Retour<\/span>\n                        <div class=\"wp-block-button is-style-button-vert\">\n                           <button class=\"submit wp-block-button__link wp-element-button\" id=\"submit-devis\">Recevoir mon devis<\/button>\n                        <\/div>\n                     <\/div>\n                  <\/div>\n               <\/form>\n\n            <\/div>\n\n        <\/div>\n        <div id=\"loader\" style=\"display:none;\">\n           <p>Calcul en cours&#8230;<\/p>\n            <img decoding=\"async\" src=\"\/divorce\/wp-content\/themes\/divorce\/assets\/img\/svg\/loader.svg\" alt=\"Chargement\" \/>\n        <\/div>\n        <div id=\"response\">\n            <h2 class=\"has-large-font-size\">Merci pour votre confiance<\/h2>\n\n            <div class=\"conflict\">\n              Compte tenu de la complexit\u00e9 de votre dossier dans la mesure o\u00f9 il s&rsquo;agit d&rsquo;un divorce contentieux, nos tarifs commencent \u00e0 partir de <strong>2&nbsp;990 \u20ac<\/strong>, montant qui sera appr\u00e9ci\u00e9 ensemble lors d&rsquo;un rendez-vous au cabinet.\n              <br \/><br \/>Si vous d\u00e9cidez de divorcer \u00e0 l&rsquo;amiable, le prix sera de :\n            <\/div>\n            <p><span class=\"hide-conflict\">VOTRE TARIF :<br><\/span><span class=\"price-response\"><span><\/span> \u20ac<\/span> TTC \/ \u00c9POUX<br><\/p>\n\n\n            <p class=\"hide-conflict\"><strong>Tout inclus : <\/strong> Rendez-vous, convention de divorce, enregistrement, assistance, facilit\u00e9s de paiement.<\/p>\n            <div class=\"actions\">\n              <p class=\"hide-conflict\">Pour garantir ce tarif, commencez d\u00e8s maintenant la proc\u00e9dure de divorce :<\/p>\n              <div class=\"wp-block-button\">\n                 <a href=\"\/divorce\/prendre-rdv\/\" class=\"wp-block-button__link wp-element-button\">Prendre rendez-vous<\/a>\n              <\/div>\n              <br \/><br>\n              <div class=\"wp-block-button vert phone\">\n                 <a href=\"tel:0147042540\" class=\"wp-block-button__link wp-element-button\">Appelez-moi<\/a>\n              <\/div>\n              <br><br>\n            <\/div>\n\n\n            <div class=\"bottom-form\">\n               <span class=\"nav-button regenerate\">< Retour<\/span>\n            <\/div>\n         <\/div>\n      <\/div>\n   <\/div>\n<\/div>\n","protected":false},"excerpt":{"rendered":"<p>DIVORCEZ EN 1 MOIS \u00c0 ABBEVILLE J&rsquo;INTERVIENS DANS TOUTE LA FRANCE Notre cabinet \u00e0 Paris : 42 Rue de L\u00fcbeck, 75116 Paris 01 47 04 25 40 1 &#8211; Le rendez-vous Le rendez-vous au cabinet constitue la premi\u00e8re \u00e9tape de votre divorce. Nous sommes joignables par t\u00e9l\u00e9phone au 01 47 04 25 40 ou par [&hellip;]<\/p>\n","protected":false},"author":1,"featured_media":0,"parent":7084,"menu_order":0,"comment_status":"closed","ping_status":"closed","template":"","meta":{"_acf_changed":false,"inline_featured_image":false,"footnotes":""},"priorite":[],"class_list":["post-6537","page","type-page","status-publish","hentry"],"acf":[],"yoast_head":"<!-- This site is optimized with the Yoast SEO plugin v27.6 - https:\/\/yoast.com\/product\/yoast-seo-wordpress\/ -->\n<title>Avocat Divorce \u00e0 Abbeville (80) - Avocat Divorce<\/title>\n<meta name=\"description\" content=\"Divorcez \u00e0 Abbeville (80) en 1 mois \u00e0 partir de 300\u20ac TTC. Contactez nous au \u260e 01.47.04.25.40 . Recevez un devis imm\u00e9diat pour votre divorce \u00e0 Abbeville.\" \/>\n<meta name=\"robots\" content=\"index, follow, max-snippet:-1, max-image-preview:large, max-video-preview:-1\" \/>\n<link rel=\"canonical\" href=\"https:\/\/avocat-gc.com\/divorce\/avocat-divorce\/abbeville\/\" \/>\n<meta property=\"og:locale\" content=\"fr_FR\" \/>\n<meta property=\"og:type\" content=\"article\" \/>\n<meta property=\"og:title\" content=\"Avocat Divorce \u00e0 Abbeville (80) - Avocat Divorce\" \/>\n<meta property=\"og:description\" content=\"Divorcez \u00e0 Abbeville (80) en 1 mois \u00e0 partir de 300\u20ac TTC. Contactez nous au \u260e 01.47.04.25.40 . Recevez un devis imm\u00e9diat pour votre divorce \u00e0 Abbeville.\" \/>\n<meta property=\"og:url\" content=\"https:\/\/avocat-gc.com\/divorce\/avocat-divorce\/abbeville\/\" \/>\n<meta property=\"og:site_name\" content=\"Avocat GC - Avocat Divorce\" \/>\n<meta property=\"article:modified_time\" content=\"2024-04-23T11:42:28+00:00\" \/>\n<meta name=\"twitter:card\" content=\"summary_large_image\" \/>\n<script type=\"application\/ld+json\" class=\"yoast-schema-graph\">{\"@context\":\"https:\\\/\\\/schema.org\",\"@graph\":[{\"@type\":\"WebPage\",\"@id\":\"https:\\\/\\\/avocat-gc.com\\\/divorce\\\/avocat-divorce\\\/abbeville\\\/\",\"url\":\"https:\\\/\\\/avocat-gc.com\\\/divorce\\\/avocat-divorce\\\/abbeville\\\/\",\"name\":\"Avocat Divorce \u00e0 Abbeville (80) - Avocat Divorce\",\"isPartOf\":{\"@id\":\"https:\\\/\\\/avocat-gc.com\\\/divorce\\\/#website\"},\"datePublished\":\"2017-11-09T00:00:00+00:00\",\"dateModified\":\"2024-04-23T11:42:28+00:00\",\"description\":\"Divorcez \u00e0 Abbeville (80) en 1 mois \u00e0 partir de 300\u20ac TTC. Contactez nous au \u260e 01.47.04.25.40 . Recevez un devis imm\u00e9diat pour votre divorce \u00e0 Abbeville.\",\"breadcrumb\":{\"@id\":\"https:\\\/\\\/avocat-gc.com\\\/divorce\\\/avocat-divorce\\\/abbeville\\\/#breadcrumb\"},\"inLanguage\":\"fr-FR\",\"potentialAction\":[{\"@type\":\"ReadAction\",\"target\":[\"https:\\\/\\\/avocat-gc.com\\\/divorce\\\/avocat-divorce\\\/abbeville\\\/\"]}]},{\"@type\":\"BreadcrumbList\",\"@id\":\"https:\\\/\\\/avocat-gc.com\\\/divorce\\\/avocat-divorce\\\/abbeville\\\/#breadcrumb\",\"itemListElement\":[{\"@type\":\"ListItem\",\"position\":1,\"name\":\"Accueil\",\"item\":\"https:\\\/\\\/avocat-gc.com\\\/divorce\\\/\"},{\"@type\":\"ListItem\",\"position\":2,\"name\":\"Avocat Divorce\",\"item\":\"https:\\\/\\\/avocat-gc.com\\\/divorce\\\/avocat-divorce\\\/\"},{\"@type\":\"ListItem\",\"position\":3,\"name\":\"Avocat Divorce \u00e0 Abbeville (80)\"}]},{\"@type\":\"WebSite\",\"@id\":\"https:\\\/\\\/avocat-gc.com\\\/divorce\\\/#website\",\"url\":\"https:\\\/\\\/avocat-gc.com\\\/divorce\\\/\",\"name\":\"Avocat GC - Avocat Divorce\",\"description\":\"\",\"publisher\":{\"@id\":\"https:\\\/\\\/avocat-gc.com\\\/divorce\\\/#organization\"},\"potentialAction\":[{\"@type\":\"SearchAction\",\"target\":{\"@type\":\"EntryPoint\",\"urlTemplate\":\"https:\\\/\\\/avocat-gc.com\\\/divorce\\\/?s={search_term_string}\"},\"query-input\":{\"@type\":\"PropertyValueSpecification\",\"valueRequired\":true,\"valueName\":\"search_term_string\"}}],\"inLanguage\":\"fr-FR\"},{\"@type\":\"Organization\",\"@id\":\"https:\\\/\\\/avocat-gc.com\\\/divorce\\\/#organization\",\"name\":\"Avocat GC - Avocat Divorce\",\"url\":\"https:\\\/\\\/avocat-gc.com\\\/divorce\\\/\",\"logo\":{\"@type\":\"ImageObject\",\"inLanguage\":\"fr-FR\",\"@id\":\"https:\\\/\\\/avocat-gc.com\\\/divorce\\\/#\\\/schema\\\/logo\\\/image\\\/\",\"url\":\"https:\\\/\\\/avocat-gc.com\\\/divorce\\\/wp-content\\\/uploads\\\/2024\\\/04\\\/cropped-Sans-titre.png\",\"contentUrl\":\"https:\\\/\\\/avocat-gc.com\\\/divorce\\\/wp-content\\\/uploads\\\/2024\\\/04\\\/cropped-Sans-titre.png\",\"width\":200,\"height\":180,\"caption\":\"Avocat GC - Avocat Divorce\"},\"image\":{\"@id\":\"https:\\\/\\\/avocat-gc.com\\\/divorce\\\/#\\\/schema\\\/logo\\\/image\\\/\"}}]}<\/script>\n<!-- \/ Yoast SEO plugin. -->","yoast_head_json":{"title":"Avocat Divorce \u00e0 Abbeville (80) - Avocat Divorce","description":"Divorcez \u00e0 Abbeville (80) en 1 mois \u00e0 partir de 300\u20ac TTC. Contactez nous au \u260e 01.47.04.25.40 . Recevez un devis imm\u00e9diat pour votre divorce \u00e0 Abbeville.","robots":{"index":"index","follow":"follow","max-snippet":"max-snippet:-1","max-image-preview":"max-image-preview:large","max-video-preview":"max-video-preview:-1"},"canonical":"https:\/\/avocat-gc.com\/divorce\/avocat-divorce\/abbeville\/","og_locale":"fr_FR","og_type":"article","og_title":"Avocat Divorce \u00e0 Abbeville (80) - Avocat Divorce","og_description":"Divorcez \u00e0 Abbeville (80) en 1 mois \u00e0 partir de 300\u20ac TTC. Contactez nous au \u260e 01.47.04.25.40 . Recevez un devis imm\u00e9diat pour votre divorce \u00e0 Abbeville.","og_url":"https:\/\/avocat-gc.com\/divorce\/avocat-divorce\/abbeville\/","og_site_name":"Avocat GC - Avocat Divorce","article_modified_time":"2024-04-23T11:42:28+00:00","twitter_card":"summary_large_image","schema":{"@context":"https:\/\/schema.org","@graph":[{"@type":"WebPage","@id":"https:\/\/avocat-gc.com\/divorce\/avocat-divorce\/abbeville\/","url":"https:\/\/avocat-gc.com\/divorce\/avocat-divorce\/abbeville\/","name":"Avocat Divorce \u00e0 Abbeville (80) - Avocat Divorce","isPartOf":{"@id":"https:\/\/avocat-gc.com\/divorce\/#website"},"datePublished":"2017-11-09T00:00:00+00:00","dateModified":"2024-04-23T11:42:28+00:00","description":"Divorcez \u00e0 Abbeville (80) en 1 mois \u00e0 partir de 300\u20ac TTC. Contactez nous au \u260e 01.47.04.25.40 . Recevez un devis imm\u00e9diat pour votre divorce \u00e0 Abbeville.","breadcrumb":{"@id":"https:\/\/avocat-gc.com\/divorce\/avocat-divorce\/abbeville\/#breadcrumb"},"inLanguage":"fr-FR","potentialAction":[{"@type":"ReadAction","target":["https:\/\/avocat-gc.com\/divorce\/avocat-divorce\/abbeville\/"]}]},{"@type":"BreadcrumbList","@id":"https:\/\/avocat-gc.com\/divorce\/avocat-divorce\/abbeville\/#breadcrumb","itemListElement":[{"@type":"ListItem","position":1,"name":"Accueil","item":"https:\/\/avocat-gc.com\/divorce\/"},{"@type":"ListItem","position":2,"name":"Avocat Divorce","item":"https:\/\/avocat-gc.com\/divorce\/avocat-divorce\/"},{"@type":"ListItem","position":3,"name":"Avocat Divorce \u00e0 Abbeville (80)"}]},{"@type":"WebSite","@id":"https:\/\/avocat-gc.com\/divorce\/#website","url":"https:\/\/avocat-gc.com\/divorce\/","name":"Avocat GC - Avocat Divorce","description":"","publisher":{"@id":"https:\/\/avocat-gc.com\/divorce\/#organization"},"potentialAction":[{"@type":"SearchAction","target":{"@type":"EntryPoint","urlTemplate":"https:\/\/avocat-gc.com\/divorce\/?s={search_term_string}"},"query-input":{"@type":"PropertyValueSpecification","valueRequired":true,"valueName":"search_term_string"}}],"inLanguage":"fr-FR"},{"@type":"Organization","@id":"https:\/\/avocat-gc.com\/divorce\/#organization","name":"Avocat GC - Avocat Divorce","url":"https:\/\/avocat-gc.com\/divorce\/","logo":{"@type":"ImageObject","inLanguage":"fr-FR","@id":"https:\/\/avocat-gc.com\/divorce\/#\/schema\/logo\/image\/","url":"https:\/\/avocat-gc.com\/divorce\/wp-content\/uploads\/2024\/04\/cropped-Sans-titre.png","contentUrl":"https:\/\/avocat-gc.com\/divorce\/wp-content\/uploads\/2024\/04\/cropped-Sans-titre.png","width":200,"height":180,"caption":"Avocat GC - Avocat Divorce"},"image":{"@id":"https:\/\/avocat-gc.com\/divorce\/#\/schema\/logo\/image\/"}}]}},"_links":{"self":[{"href":"https:\/\/avocat-gc.com\/divorce\/wp-json\/wp\/v2\/pages\/6537","targetHints":{"allow":["GET"]}}],"collection":[{"href":"https:\/\/avocat-gc.com\/divorce\/wp-json\/wp\/v2\/pages"}],"about":[{"href":"https:\/\/avocat-gc.com\/divorce\/wp-json\/wp\/v2\/types\/page"}],"author":[{"embeddable":true,"href":"https:\/\/avocat-gc.com\/divorce\/wp-json\/wp\/v2\/users\/1"}],"replies":[{"embeddable":true,"href":"https:\/\/avocat-gc.com\/divorce\/wp-json\/wp\/v2\/comments?post=6537"}],"version-history":[{"count":9,"href":"https:\/\/avocat-gc.com\/divorce\/wp-json\/wp\/v2\/pages\/6537\/revisions"}],"predecessor-version":[{"id":14118,"href":"https:\/\/avocat-gc.com\/divorce\/wp-json\/wp\/v2\/pages\/6537\/revisions\/14118"}],"up":[{"embeddable":true,"href":"https:\/\/avocat-gc.com\/divorce\/wp-json\/wp\/v2\/pages\/7084"}],"wp:attachment":[{"href":"https:\/\/avocat-gc.com\/divorce\/wp-json\/wp\/v2\/media?parent=6537"}],"wp:term":[{"taxonomy":"priorite","embeddable":true,"href":"https:\/\/avocat-gc.com\/divorce\/wp-json\/wp\/v2\/priorite?post=6537"}],"curies":[{"name":"wp","href":"https:\/\/api.w.org\/{rel}","templated":true}]}}