{"id":6411,"date":"2017-10-10T00:00:00","date_gmt":"2017-10-10T00:00:00","guid":{"rendered":"https:\/\/avocat-gc.com\/divorce\/la-guerche-sur-laubois\/"},"modified":"2024-04-11T10:30:26","modified_gmt":"2024-04-11T10:30:26","slug":"la-guerche-sur-laubois","status":"publish","type":"page","link":"https:\/\/avocat-gc.com\/divorce\/avocat-divorce\/la-guerche-sur-laubois\/","title":{"rendered":"Avocat Divorce \u00e0 La Guerche-sur-l&rsquo;Aubois (18)"},"content":{"rendered":"<\/p>\n<p>Avocat Divorce \u00e0 La Guerche-sur-l&rsquo;Aubois (18)<\/p>\n<h2>VOTRE DIVORCE \u00c0 LA GUERCHE-SUR-L&rsquo;AUBOIS EN 1 MOIS<\/h2>\n<\/p>\n<p style=\"text-align: center;\"><a href=\"https:\/\/fr.trustpilot.com\/review\/avocat-gc.com?utm_medium=Trustbox&#038;utm_source=EmailNewsletter2\" target=\"_blank\" style=\"text-decoration: none;\" rel=\"noopener\"><img decoding=\"async\" src=\"https:\/\/emailsignature.trustpilot.com\/logo\/n\/2\/logo@2x.png\" border=\"0\" height=\"24\" alt=\"Trustpilot Logo\" style=\"max-height: 24px; width: initial; margin: 0px;\" \/><img decoding=\"async\" src=\"https:\/\/emailsignature.trustpilot.com\/newsletter\/fr-FR\/2\/4f0b2b150000640005122a37\/stars@2x.png\" border=\"0\" height=\"52\" alt=\"Trustpilot Stars\" style=\"max-height: 52px; width: initial; margin: 5px 0px;\" \/><img decoding=\"async\" src=\"https:\/\/emailsignature.trustpilot.com\/newsletter\/fr-FR\/2\/4f0b2b150000640005122a37\/text@2x.png\" border=\"0\" height=\"14\" alt=\"TrustScore\" style=\"max-height: 14px; width: initial; margin: 0px;\" \/><\/a><\/p>\n<\/p>\n<p> J&rsquo;INTERVIENS DANS TOUTE LA FRANCE <a href=\"http:\/\/avocat-gc.com\/divorce\/avocat-divorce\/paris\/\" rel=\"nofollow noopener\" title=\"\" target=\"_parent\">Notre cabinet \u00e0 Paris<\/a> : 42 Rue de L\u00fcbeck, 75116 Paris 01 47 04 25 40 <\/p>\n<h3>1 &#8211; Le rendez-vous<\/h3>\n<p class=\"img-right\"><img decoding=\"async\" alt=\"Avocat Divorce \u00e0 La Guerche-sur-l'Aubois (18)\" title=\"Avocat Divorce \u00e0 La Guerche-sur-l'Aubois (18)\" width=\"170\" border=\"2\" src=\"\/divorce\/wp-content\/uploads\/2024\/04\/divorce-consentement-mutuel.png\" \/><\/p>\n<p align=\"justify\">La premi\u00e8re \u00e9tape de votre divorce consiste en un entretien avec notre avocat. Nous sommes comp\u00e9tents pour vous divorcer dans le Cher en r\u00e9gion Centre Val de Loire. Pour prendre un rendez-vous, il suffit de nous contacter par t\u00e9l\u00e9phone au 01 47 04 25 40 ou par email \u00e0 <a href=\"mailto:info@avocat-gc.com\">info@avocat-gc.com<\/a>.\u00a0Lors de cet entretien avec les avocats:<\/p>\n<p>Nous vous expliquerons le d\u00e9roulement de votre divorce.<br \/>\nNous r\u00e9digerons la convention de divorce.<\/p>\n<h3>2 &#8211; La signature<\/h3>\n<p class=\"img-left\"><img decoding=\"async\" alt=\"Avocat Divorce sans juge La Guerche-sur-l'Aubois (18)\" title=\" Avocat Divorce sans juge La Guerche-sur-l'Aubois (18)\" width=\"170\" border=\"2\" src=\"\/divorce\/wp-content\/uploads\/2024\/04\/divorce-sans-avocat.jpg\" \/><\/p>\n<p align=\"justify\">La nouvelle proc\u00e9dure de divorce \u00e0 l&rsquo;amiable autorise les \u00e9poux \u00e0 divorcer directement aupr\u00e8s de leurs avocats. En effet, le divorce sans Juge se d\u00e9roule de la mani\u00e8re suivante: la convention de divorce r\u00e9dig\u00e9e, sorte de contrat de divorce r\u00e9glant chaque effet du divorce (pension alimentaire, garde des enfants etc&#8230;), nous vous transmettons le projet de convention de divorce par voie postale en recommand\u00e9 avec accus\u00e9 de r\u00e9ception (A.R)Vous aurez alors un d\u00e9lai de 15 jours pour signer le document et nous le retourner. Votre accord mutuel ainsi confirm\u00e9, le notaire se chargera d&rsquo;enregistrer votre divorce en lui donnant force ex\u00e9cutoire et date certaine. Vous serez officiellement divorc\u00e9s.    DIVORCE DEVANT LE JUGE :  Dans certains cas, il est toujours possible de\u00a0divorcer \u00e0 l&rsquo;amiable devant le Juge aux Affaires Familiales. Cette proc\u00e9dure plus longue (3 \u00e0 6 mois) n\u00e9cessite une audience au tribunal \u00e0 laquelle il est obligatoire d&rsquo;assister ainsi que votre avocat.   \u00c0 SAVOIR :\u00a0La proc\u00e9dure de divorce sans juge n&rsquo;est valable que dans le cadre d&rsquo;un divorce \u00e0 l&rsquo;amiable. Si tout d\u00e9saccord entre les \u00e9poux venait \u00e0 se produire, il faudrait alors opter pour un divorce contentieux qui se r\u00e9glera au terme de plusieurs audiences au tribunal<\/p>\n<p class=\"img-right\"><img decoding=\"async\" align=\"right\" alt=\"Avocat Divorce TGI Bourges (18)\" title=\"Avocat Divorce TGI Bourges (18)\" width=\"80\" border=\"2\" src=\"\/divorce\/wp-content\/uploads\/2024\/04\/tgi\/tgi-palais-justice-aix-en-provence.jpeg\" \/><\/p>\n<\/p>\n<p>\tTribunal de grande instance de Bourges8 rue des Ar\u00e8nes 18023 BOURGES CEDEXTel : +33 2 48 68 34 34-\u00a0Fax : +33 2 48 68 33 79Du Lundi au Vendredi : de 08h30 \u00e0 12h00 de 13h30 \u00e0 17h00<\/p>\n<h3>3 &#8211; L&rsquo;enregistrement<\/h3>\n<p class=\"img-right\"><img decoding=\"async\" align=\"left\" alt=\"Avocat Divorce amiable La Guerche-sur-l'Aubois (18)\" title=\"Avocat Divorce amiable La Guerche-sur-l'Aubois (18)\" width=\"170\" border=\"2\" src=\"\/divorce\/wp-content\/uploads\/2024\/04\/divorce-simple.png\" style=\"padding:5px;margin-right: 5px;\" \/><\/p>\n<p align=\"justify\">Nous vous adressons l&rsquo;enregistrement de votre divorce et nous accomplissons les formalit\u00e9s d&rsquo;inscription de votre divorce sur vos actes d&rsquo;\u00e9tat civil. Le co\u00fbt d&rsquo;une proc\u00e9dure d\u00e9pend de votre situation. Pour obtenir davantage de renseignements sur un divorce \u00e0 La Guerche-sur-l&rsquo;Aubois (18), veuillez suivre le lien ci-dessous:<\/p>\n<\/p>\n<p><a href=\"http:\/\/avocat-gc.com\/divorce\/avocat-divorce-10-ans-dexperience\/\" rel=\"nofollow noopener\" target=\"_parent\">\u25ba DEVIS: AVOCAT DIVORCE \u00c0 LA GUERCHE-SUR-LAUBOIS<\/a><\/p>\n<h3> 4 &#8211; Divorcer sans juge \u00e0 La Guerche-sur-l&rsquo;Aubois  (18) <\/h3>\n<p align=\"justify\">Divorcer sans juge est la proc\u00e9dure la plus simplifi\u00e9e. Cependant, il faut respecter chaque \u00e9tape de la proc\u00e9dure. Pour en savoir davantage sur un divorce sans juge \u00e0 La Guerche-sur-l&rsquo;Aubois  (18), veuillez suivre le lien ci-apr\u00e8s<\/p>\n<p><a href=\"https:\/\/avocat-gc.com\/divorce\/avocat-divorce-amiable-sans-juge-la-guerche-sur-laubois\/\" class=\"lien-ville\">AVOCAT DIVORCE AMIABLE SANS JUGE LA GUERCHE-SUR-L&rsquo;AUBOIS<\/a><\/p>\n","protected":false},"excerpt":{"rendered":"<p>Avocat Divorce \u00e0 La Guerche-sur-l&rsquo;Aubois (18) VOTRE DIVORCE \u00c0 LA GUERCHE-SUR-L&rsquo;AUBOIS EN 1 MOIS J&rsquo;INTERVIENS DANS TOUTE LA FRANCE Notre cabinet \u00e0 Paris : 42 Rue de L\u00fcbeck, 75116 Paris 01 47 04 25 40 1 &#8211; Le rendez-vous La premi\u00e8re \u00e9tape de votre divorce consiste en un entretien avec notre avocat. Nous sommes comp\u00e9tents [&hellip;]<\/p>\n","protected":false},"author":1,"featured_media":0,"parent":7084,"menu_order":0,"comment_status":"closed","ping_status":"closed","template":"page-ville.php","meta":{"_acf_changed":false,"inline_featured_image":false,"footnotes":""},"priorite":[],"class_list":["post-6411","page","type-page","status-publish","hentry"],"acf":[],"yoast_head":"<!-- This site is optimized with the Yoast SEO plugin v27.3 - https:\/\/yoast.com\/product\/yoast-seo-wordpress\/ -->\n<title>Avocat Divorce \u00e0 La Guerche-sur-l&#039;Aubois (18) - Avocat Divorce<\/title>\n<meta name=\"description\" content=\"Divorcez \u00e0 La Guerche-sur-L&#039;Aubois (18) en 1 mois \u00e0 partir de 425\u20ac TTC. Contactez un Avocat divorce au \u260e 01.47.04.25.40 . Recevez un devis gratuit et imm\u00e9diat pour votre divorce. Cabinet Avocat GC. Divorce amiable - Divorce sans juge\" \/>\n<meta name=\"robots\" content=\"index, follow, max-snippet:-1, max-image-preview:large, max-video-preview:-1\" \/>\n<link rel=\"canonical\" href=\"https:\/\/avocat-gc.com\/divorce\/avocat-divorce\/la-guerche-sur-laubois\/\" \/>\n<meta property=\"og:locale\" content=\"fr_FR\" \/>\n<meta property=\"og:type\" content=\"article\" \/>\n<meta property=\"og:title\" content=\"Avocat Divorce \u00e0 La Guerche-sur-l&#039;Aubois (18) - Avocat Divorce\" \/>\n<meta property=\"og:description\" content=\"Divorcez \u00e0 La Guerche-sur-L&#039;Aubois (18) en 1 mois \u00e0 partir de 425\u20ac TTC. Contactez un Avocat divorce au \u260e 01.47.04.25.40 . Recevez un devis gratuit et imm\u00e9diat pour votre divorce. Cabinet Avocat GC. Divorce amiable - Divorce sans juge\" \/>\n<meta property=\"og:url\" content=\"https:\/\/avocat-gc.com\/divorce\/avocat-divorce\/la-guerche-sur-laubois\/\" \/>\n<meta property=\"og:site_name\" content=\"Avocat GC - Avocat Divorce\" \/>\n<meta property=\"article:modified_time\" content=\"2024-04-11T10:30:26+00:00\" \/>\n<meta property=\"og:image\" content=\"https:\/\/emailsignature.trustpilot.com\/logo\/n\/2\/logo@2x.png\" \/>\n<meta name=\"twitter:card\" content=\"summary_large_image\" \/>\n<script type=\"application\/ld+json\" class=\"yoast-schema-graph\">{\"@context\":\"https:\\\/\\\/schema.org\",\"@graph\":[{\"@type\":\"WebPage\",\"@id\":\"https:\\\/\\\/avocat-gc.com\\\/divorce\\\/avocat-divorce\\\/la-guerche-sur-laubois\\\/\",\"url\":\"https:\\\/\\\/avocat-gc.com\\\/divorce\\\/avocat-divorce\\\/la-guerche-sur-laubois\\\/\",\"name\":\"Avocat Divorce \u00e0 La Guerche-sur-l'Aubois (18) - Avocat Divorce\",\"isPartOf\":{\"@id\":\"https:\\\/\\\/avocat-gc.com\\\/divorce\\\/#website\"},\"primaryImageOfPage\":{\"@id\":\"https:\\\/\\\/avocat-gc.com\\\/divorce\\\/avocat-divorce\\\/la-guerche-sur-laubois\\\/#primaryimage\"},\"image\":{\"@id\":\"https:\\\/\\\/avocat-gc.com\\\/divorce\\\/avocat-divorce\\\/la-guerche-sur-laubois\\\/#primaryimage\"},\"thumbnailUrl\":\"https:\\\/\\\/emailsignature.trustpilot.com\\\/logo\\\/n\\\/2\\\/logo@2x.png\",\"datePublished\":\"2017-10-10T00:00:00+00:00\",\"dateModified\":\"2024-04-11T10:30:26+00:00\",\"description\":\"Divorcez \u00e0 La Guerche-sur-L'Aubois (18) en 1 mois \u00e0 partir de 425\u20ac TTC. Contactez un Avocat divorce au \u260e 01.47.04.25.40 . Recevez un devis gratuit et imm\u00e9diat pour votre divorce. Cabinet Avocat GC. Divorce amiable - Divorce sans juge\",\"breadcrumb\":{\"@id\":\"https:\\\/\\\/avocat-gc.com\\\/divorce\\\/avocat-divorce\\\/la-guerche-sur-laubois\\\/#breadcrumb\"},\"inLanguage\":\"fr-FR\",\"potentialAction\":[{\"@type\":\"ReadAction\",\"target\":[\"https:\\\/\\\/avocat-gc.com\\\/divorce\\\/avocat-divorce\\\/la-guerche-sur-laubois\\\/\"]}]},{\"@type\":\"ImageObject\",\"inLanguage\":\"fr-FR\",\"@id\":\"https:\\\/\\\/avocat-gc.com\\\/divorce\\\/avocat-divorce\\\/la-guerche-sur-laubois\\\/#primaryimage\",\"url\":\"https:\\\/\\\/emailsignature.trustpilot.com\\\/logo\\\/n\\\/2\\\/logo@2x.png\",\"contentUrl\":\"https:\\\/\\\/emailsignature.trustpilot.com\\\/logo\\\/n\\\/2\\\/logo@2x.png\"},{\"@type\":\"BreadcrumbList\",\"@id\":\"https:\\\/\\\/avocat-gc.com\\\/divorce\\\/avocat-divorce\\\/la-guerche-sur-laubois\\\/#breadcrumb\",\"itemListElement\":[{\"@type\":\"ListItem\",\"position\":1,\"name\":\"Accueil\",\"item\":\"https:\\\/\\\/avocat-gc.com\\\/divorce\\\/\"},{\"@type\":\"ListItem\",\"position\":2,\"name\":\"Avocat Divorce\",\"item\":\"https:\\\/\\\/avocat-gc.com\\\/divorce\\\/avocat-divorce\\\/\"},{\"@type\":\"ListItem\",\"position\":3,\"name\":\"Avocat Divorce \u00e0 La Guerche-sur-l&rsquo;Aubois (18)\"}]},{\"@type\":\"WebSite\",\"@id\":\"https:\\\/\\\/avocat-gc.com\\\/divorce\\\/#website\",\"url\":\"https:\\\/\\\/avocat-gc.com\\\/divorce\\\/\",\"name\":\"Avocat GC - Avocat Divorce\",\"description\":\"\",\"publisher\":{\"@id\":\"https:\\\/\\\/avocat-gc.com\\\/divorce\\\/#organization\"},\"potentialAction\":[{\"@type\":\"SearchAction\",\"target\":{\"@type\":\"EntryPoint\",\"urlTemplate\":\"https:\\\/\\\/avocat-gc.com\\\/divorce\\\/?s={search_term_string}\"},\"query-input\":{\"@type\":\"PropertyValueSpecification\",\"valueRequired\":true,\"valueName\":\"search_term_string\"}}],\"inLanguage\":\"fr-FR\"},{\"@type\":\"Organization\",\"@id\":\"https:\\\/\\\/avocat-gc.com\\\/divorce\\\/#organization\",\"name\":\"Avocat GC - Avocat Divorce\",\"url\":\"https:\\\/\\\/avocat-gc.com\\\/divorce\\\/\",\"logo\":{\"@type\":\"ImageObject\",\"inLanguage\":\"fr-FR\",\"@id\":\"https:\\\/\\\/avocat-gc.com\\\/divorce\\\/#\\\/schema\\\/logo\\\/image\\\/\",\"url\":\"https:\\\/\\\/avocat-gc.com\\\/divorce\\\/wp-content\\\/uploads\\\/2024\\\/04\\\/cropped-Sans-titre.png\",\"contentUrl\":\"https:\\\/\\\/avocat-gc.com\\\/divorce\\\/wp-content\\\/uploads\\\/2024\\\/04\\\/cropped-Sans-titre.png\",\"width\":200,\"height\":180,\"caption\":\"Avocat GC - Avocat Divorce\"},\"image\":{\"@id\":\"https:\\\/\\\/avocat-gc.com\\\/divorce\\\/#\\\/schema\\\/logo\\\/image\\\/\"}}]}<\/script>\n<!-- \/ Yoast SEO plugin. -->","yoast_head_json":{"title":"Avocat Divorce \u00e0 La Guerche-sur-l'Aubois (18) - Avocat Divorce","description":"Divorcez \u00e0 La Guerche-sur-L'Aubois (18) en 1 mois \u00e0 partir de 425\u20ac TTC. Contactez un Avocat divorce au \u260e 01.47.04.25.40 . Recevez un devis gratuit et imm\u00e9diat pour votre divorce. Cabinet Avocat GC. Divorce amiable - Divorce sans juge","robots":{"index":"index","follow":"follow","max-snippet":"max-snippet:-1","max-image-preview":"max-image-preview:large","max-video-preview":"max-video-preview:-1"},"canonical":"https:\/\/avocat-gc.com\/divorce\/avocat-divorce\/la-guerche-sur-laubois\/","og_locale":"fr_FR","og_type":"article","og_title":"Avocat Divorce \u00e0 La Guerche-sur-l'Aubois (18) - Avocat Divorce","og_description":"Divorcez \u00e0 La Guerche-sur-L'Aubois (18) en 1 mois \u00e0 partir de 425\u20ac TTC. Contactez un Avocat divorce au \u260e 01.47.04.25.40 . Recevez un devis gratuit et imm\u00e9diat pour votre divorce. Cabinet Avocat GC. Divorce amiable - Divorce sans juge","og_url":"https:\/\/avocat-gc.com\/divorce\/avocat-divorce\/la-guerche-sur-laubois\/","og_site_name":"Avocat GC - Avocat Divorce","article_modified_time":"2024-04-11T10:30:26+00:00","og_image":[{"url":"https:\/\/emailsignature.trustpilot.com\/logo\/n\/2\/logo@2x.png","type":"","width":"","height":""}],"twitter_card":"summary_large_image","schema":{"@context":"https:\/\/schema.org","@graph":[{"@type":"WebPage","@id":"https:\/\/avocat-gc.com\/divorce\/avocat-divorce\/la-guerche-sur-laubois\/","url":"https:\/\/avocat-gc.com\/divorce\/avocat-divorce\/la-guerche-sur-laubois\/","name":"Avocat Divorce \u00e0 La Guerche-sur-l'Aubois (18) - Avocat Divorce","isPartOf":{"@id":"https:\/\/avocat-gc.com\/divorce\/#website"},"primaryImageOfPage":{"@id":"https:\/\/avocat-gc.com\/divorce\/avocat-divorce\/la-guerche-sur-laubois\/#primaryimage"},"image":{"@id":"https:\/\/avocat-gc.com\/divorce\/avocat-divorce\/la-guerche-sur-laubois\/#primaryimage"},"thumbnailUrl":"https:\/\/emailsignature.trustpilot.com\/logo\/n\/2\/logo@2x.png","datePublished":"2017-10-10T00:00:00+00:00","dateModified":"2024-04-11T10:30:26+00:00","description":"Divorcez \u00e0 La Guerche-sur-L'Aubois (18) en 1 mois \u00e0 partir de 425\u20ac TTC. Contactez un Avocat divorce au \u260e 01.47.04.25.40 . Recevez un devis gratuit et imm\u00e9diat pour votre divorce. Cabinet Avocat GC. Divorce amiable - Divorce sans juge","breadcrumb":{"@id":"https:\/\/avocat-gc.com\/divorce\/avocat-divorce\/la-guerche-sur-laubois\/#breadcrumb"},"inLanguage":"fr-FR","potentialAction":[{"@type":"ReadAction","target":["https:\/\/avocat-gc.com\/divorce\/avocat-divorce\/la-guerche-sur-laubois\/"]}]},{"@type":"ImageObject","inLanguage":"fr-FR","@id":"https:\/\/avocat-gc.com\/divorce\/avocat-divorce\/la-guerche-sur-laubois\/#primaryimage","url":"https:\/\/emailsignature.trustpilot.com\/logo\/n\/2\/logo@2x.png","contentUrl":"https:\/\/emailsignature.trustpilot.com\/logo\/n\/2\/logo@2x.png"},{"@type":"BreadcrumbList","@id":"https:\/\/avocat-gc.com\/divorce\/avocat-divorce\/la-guerche-sur-laubois\/#breadcrumb","itemListElement":[{"@type":"ListItem","position":1,"name":"Accueil","item":"https:\/\/avocat-gc.com\/divorce\/"},{"@type":"ListItem","position":2,"name":"Avocat Divorce","item":"https:\/\/avocat-gc.com\/divorce\/avocat-divorce\/"},{"@type":"ListItem","position":3,"name":"Avocat Divorce \u00e0 La Guerche-sur-l&rsquo;Aubois (18)"}]},{"@type":"WebSite","@id":"https:\/\/avocat-gc.com\/divorce\/#website","url":"https:\/\/avocat-gc.com\/divorce\/","name":"Avocat GC - Avocat Divorce","description":"","publisher":{"@id":"https:\/\/avocat-gc.com\/divorce\/#organization"},"potentialAction":[{"@type":"SearchAction","target":{"@type":"EntryPoint","urlTemplate":"https:\/\/avocat-gc.com\/divorce\/?s={search_term_string}"},"query-input":{"@type":"PropertyValueSpecification","valueRequired":true,"valueName":"search_term_string"}}],"inLanguage":"fr-FR"},{"@type":"Organization","@id":"https:\/\/avocat-gc.com\/divorce\/#organization","name":"Avocat GC - Avocat Divorce","url":"https:\/\/avocat-gc.com\/divorce\/","logo":{"@type":"ImageObject","inLanguage":"fr-FR","@id":"https:\/\/avocat-gc.com\/divorce\/#\/schema\/logo\/image\/","url":"https:\/\/avocat-gc.com\/divorce\/wp-content\/uploads\/2024\/04\/cropped-Sans-titre.png","contentUrl":"https:\/\/avocat-gc.com\/divorce\/wp-content\/uploads\/2024\/04\/cropped-Sans-titre.png","width":200,"height":180,"caption":"Avocat GC - Avocat Divorce"},"image":{"@id":"https:\/\/avocat-gc.com\/divorce\/#\/schema\/logo\/image\/"}}]}},"_links":{"self":[{"href":"https:\/\/avocat-gc.com\/divorce\/wp-json\/wp\/v2\/pages\/6411","targetHints":{"allow":["GET"]}}],"collection":[{"href":"https:\/\/avocat-gc.com\/divorce\/wp-json\/wp\/v2\/pages"}],"about":[{"href":"https:\/\/avocat-gc.com\/divorce\/wp-json\/wp\/v2\/types\/page"}],"author":[{"embeddable":true,"href":"https:\/\/avocat-gc.com\/divorce\/wp-json\/wp\/v2\/users\/1"}],"replies":[{"embeddable":true,"href":"https:\/\/avocat-gc.com\/divorce\/wp-json\/wp\/v2\/comments?post=6411"}],"version-history":[{"count":0,"href":"https:\/\/avocat-gc.com\/divorce\/wp-json\/wp\/v2\/pages\/6411\/revisions"}],"up":[{"embeddable":true,"href":"https:\/\/avocat-gc.com\/divorce\/wp-json\/wp\/v2\/pages\/7084"}],"wp:attachment":[{"href":"https:\/\/avocat-gc.com\/divorce\/wp-json\/wp\/v2\/media?parent=6411"}],"wp:term":[{"taxonomy":"priorite","embeddable":true,"href":"https:\/\/avocat-gc.com\/divorce\/wp-json\/wp\/v2\/priorite?post=6411"}],"curies":[{"name":"wp","href":"https:\/\/api.w.org\/{rel}","templated":true}]}}