{"id":6337,"date":"2024-03-31T10:06:15","date_gmt":"2024-03-31T10:06:15","guid":{"rendered":"https:\/\/avocat-gc.com\/divorce\/pruniers-en-sologne\/"},"modified":"2024-04-11T10:31:28","modified_gmt":"2024-04-11T10:31:28","slug":"pruniers-en-sologne","status":"publish","type":"page","link":"https:\/\/avocat-gc.com\/divorce\/avocat-divorce\/pruniers-en-sologne\/","title":{"rendered":"Avocat Divorce \u00e0 Pruniers-en-Sologne  (41)"},"content":{"rendered":"<\/p>\n<p>Avocat Divorce \u00e0 Pruniers-en-Sologne  (41)<\/p>\n<h2>DIVORCEZ EN 1 MOIS \u00c0 PRUNIERS-EN-SOLOGNE<\/h2>\n<p> J&rsquo;INTERVIENS DANS TOUTE LA FRANCE <a href=\"http:\/\/avocat-gc.com\/divorce\/avocat-divorce\/paris\/\" rel=\"nofollow noopener\" title=\"\" target=\"_parent\">Notre cabinet \u00e0 Paris<\/a> : 42 Rue de L\u00fcbeck, 75116 Paris 01 47 04 25 40<\/p>\n<h3>1 &#8211; Le rendez-vous<\/h3>\n<p class=\"img-right\"><img decoding=\"async\" alt=\"Avocat Divorce \u00e0 Pruniers-en-Sologne  (41)\" title=\"Avocat Divorce \u00e0 Pruniers-en-Sologne  (41)\" border=\"2\" width=\"170\" src=\"\/divorce\/wp-content\/uploads\/2024\/04\/divorce-consentement-mutuel.png\" \/><\/p>\n<p align=\"justify\">Le rendez-vous au cabinet constitue la premi\u00e8re \u00e9tape de votre divorce. Nous sommes joignables par t\u00e9l\u00e9phone au 01 47 04 25 40 ou par email \u00e0 <a href=\"mailto:info@avocat-gc.com\">info@avocat-gc.com<\/a>. Nous sommes comp\u00e9tents pour vous divorcer dans le Loir-et-Cher, en r\u00e9gion Centre-Val-de-Loire.Durant ce rendez-vous avec notre avocat divorce, nous effectuerons les points suivants :\n<\/p>\n<p>L&rsquo;explication de chaque \u00e9tape de votre divorce.<br \/>\nLa r\u00e9daction de votre convention de divorce.<br \/>\nNous r\u00e9pondrons \u00e0 toutes vos questions.<\/p>\n<h3>2 &#8211; La signature<\/h3>\n<p class=\"img-left\"><img decoding=\"async\" alt=\"Avocat Divorce sans juge Pruniers-en-Sologne  (41)\" title=\" Avocat Divorce sans juge Pruniers-en-Sologne  (41)\" width=\"170\" border=\"2\" src=\"\/divorce\/wp-content\/uploads\/2024\/04\/divorce-sans-avocat.jpg\" \/><\/p>\n<p align=\"justify\">D\u00e9sormais, le divorce sans juge par consentement mutuel peut \u00eatre effectu\u00e9 directement au cabinet d&rsquo;avocats. Une fois r\u00e9dig\u00e9e, le projet de convention de divorce vous sera transmise par voie postale (en AR). Vous poss\u00e9derez alors un d\u00e9lai de 15 jours pour r\u00e9fl\u00e9chir et y aposer votre signature. Une fois sign\u00e9e, le notaire enregistrera votre divorce. Vous serez alors officiellement divorc\u00e9s.\u00a0 DIVORCER DEVANT LE JUGE: \u00a0Il est toujours possible de divorcer \u00e0 l&rsquo;amiable, sous certaines conditions, \u00a0devant le  Juge aux Affaires Familiales lors d&rsquo;une audience au tribunal. Les \u00e9poux doivent s&rsquo;y pr\u00e9senter accompagn\u00e9s de leur avocat. Les d\u00e9lais sont variables en fonction des juridictions (3 \u00e0 6 mois).   \u00c0 SAVOIR :\u00a0La nouvelle proc\u00e9dure de divorce sans juge s&rsquo;applique uniquement pour les couples souhaitant divorcer \u00e0 l&rsquo;amiable. Si tout d\u00e9saccord venait \u00e0 se produire entre les \u00e9poux,\u00a0un divorce contentieux serait alors n\u00e9cessaire et se r\u00e9glerait par une succession d&rsquo;audiences au tribunal:<\/p>\n<p class=\"img-right\"><img decoding=\"async\" align=\"right\" alt=\"Avocat Divorce TGI Blois (41)\" title=\"Avocat Divorce TGI Blois (41)\" width=\"80\" border=\"2\" src=\"\/divorce\/wp-content\/uploads\/2024\/04\/tgi\/tgi-palais-justice-paris.jpg\" \/><\/p>\n<\/p>\n<p>Tribunal de grande instance de Blois\u00a0place de la R\u00e9publique 41018 BLOIS CEDEX Tel : +33 2 54 44 60 99 &#8211; Fax : +33 2 54 74 11 40Lundi au Vendredi : de 08h30 \u00e0 12h00 de 13h30 \u00e0 17h00<\/p>\n<h3>3 &#8211; L&rsquo;enregistrement<\/h3>\n<p class=\"img-right\"><img decoding=\"async\" alt=\"Avocat Divorce amiable Pruniers-en-Sologne  (41)\" title=\"Avocat Divorce amiable Pruniers-en-Sologne  (41)\" width=\"170\" border=\"2\" src=\"\/divorce\/wp-content\/uploads\/2024\/04\/divorce-simple.png\" style=\"padding:5px;margin-right: 5px;\" \/><\/p>\n<p align=\"justify\">Nous vous adressons l&rsquo;attestation d&rsquo;enregistrement de votre divorce et nous accomplissons les formalit\u00e9s d&rsquo;inscription de votre divorce sur vos actes d&rsquo;\u00e9tat civil.<\/p>\n<p>Pour conna\u00eetre nos honoraires ou obtenir davantage de renseignements sur la proc\u00e9dure, veuillez suivre le lien ci-dessous:\n<\/p>\n<\/p>\n<p><a href=\"http:\/\/avocat-gc.com\/divorce\/avocat-divorce-10-ans-dexperience\/\" rel=\"nofollow noopener\" target=\"_parent\"> \u25ba DEVIS: AVOCAT DIVORCE \u00c0 PRUNIERS-EN-SOLOGNE<\/a><\/p>\n<h3>4 &#8211; Divorce sans juge \u00e0 Pruniers-en-Sologne <\/h3>\n<p align=\"justify\">Le divorce \u00e0 l&rsquo;amiable n\u00e9cessite l&rsquo;accord des deux \u00e9poux sur chaque point de la convention de divorce. Le divorce sans juge est une proc\u00e9dure par consentement mutuel. Ce divorce peut \u00eatre rapide si chaque point de la proc\u00e9dure est respect\u00e9e. Pour en savoir davantage sur les conditions \u00e0 remplir afin de pouvoir s&rsquo;engager dans une proc\u00e9dure de divorce sans juge \u00e0 Pruniers-en-Sologne  (41), cliquez sur le lien ci-dessous <\/p>\n<p><a href=\"https:\/\/avocat-gc.com\/divorce\/avocat-divorce-sans-juge-pruniers-en-sologne-41\/\" class=\"lien-ville\">AVOCAT DIVORCE AMIABLE SANS JUGE PRUNIERS-EN-SOLOGNE<\/a><\/p>\n","protected":false},"excerpt":{"rendered":"<p>Avocat Divorce \u00e0 Pruniers-en-Sologne (41) DIVORCEZ EN 1 MOIS \u00c0 PRUNIERS-EN-SOLOGNE J&rsquo;INTERVIENS DANS TOUTE LA FRANCE Notre cabinet \u00e0 Paris : 42 Rue de L\u00fcbeck, 75116 Paris 01 47 04 25 40 1 &#8211; Le rendez-vous Le rendez-vous au cabinet constitue la premi\u00e8re \u00e9tape de votre divorce. Nous sommes joignables par t\u00e9l\u00e9phone au 01 47 [&hellip;]<\/p>\n","protected":false},"author":1,"featured_media":0,"parent":7084,"menu_order":0,"comment_status":"closed","ping_status":"closed","template":"page-ville.php","meta":{"_acf_changed":false,"inline_featured_image":false,"footnotes":""},"priorite":[],"class_list":["post-6337","page","type-page","status-publish","hentry"],"acf":[],"yoast_head":"<!-- This site is optimized with the Yoast SEO plugin v27.3 - https:\/\/yoast.com\/product\/yoast-seo-wordpress\/ -->\n<title>Avocat Divorce \u00e0 Pruniers-en-Sologne (41) - Avocat Divorce<\/title>\n<meta name=\"description\" content=\"Divorcez \u00e0 Pruniers-en-Sologne (41) en 1 mois \u00e0 partir de 425\u20ac TTC. Contactez un Avocat divorce au \u260e 01.47.04.25.40 . Recevez un devis gratuit et imm\u00e9diat pour votre divorce. Cabinet Gueguen-Carroll. Divorce amiable - Divorce sans juge\" \/>\n<meta name=\"robots\" content=\"index, follow, max-snippet:-1, max-image-preview:large, max-video-preview:-1\" \/>\n<link rel=\"canonical\" href=\"https:\/\/avocat-gc.com\/divorce\/avocat-divorce\/pruniers-en-sologne\/\" \/>\n<meta property=\"og:locale\" content=\"fr_FR\" \/>\n<meta property=\"og:type\" content=\"article\" \/>\n<meta property=\"og:title\" content=\"Avocat Divorce \u00e0 Pruniers-en-Sologne (41) - Avocat Divorce\" \/>\n<meta property=\"og:description\" content=\"Divorcez \u00e0 Pruniers-en-Sologne (41) en 1 mois \u00e0 partir de 425\u20ac TTC. Contactez un Avocat divorce au \u260e 01.47.04.25.40 . Recevez un devis gratuit et imm\u00e9diat pour votre divorce. Cabinet Gueguen-Carroll. Divorce amiable - Divorce sans juge\" \/>\n<meta property=\"og:url\" content=\"https:\/\/avocat-gc.com\/divorce\/avocat-divorce\/pruniers-en-sologne\/\" \/>\n<meta property=\"og:site_name\" content=\"Avocat GC - Avocat Divorce\" \/>\n<meta property=\"article:modified_time\" content=\"2024-04-11T10:31:28+00:00\" \/>\n<meta name=\"twitter:card\" content=\"summary_large_image\" \/>\n<script type=\"application\/ld+json\" class=\"yoast-schema-graph\">{\"@context\":\"https:\\\/\\\/schema.org\",\"@graph\":[{\"@type\":\"WebPage\",\"@id\":\"https:\\\/\\\/avocat-gc.com\\\/divorce\\\/avocat-divorce\\\/pruniers-en-sologne\\\/\",\"url\":\"https:\\\/\\\/avocat-gc.com\\\/divorce\\\/avocat-divorce\\\/pruniers-en-sologne\\\/\",\"name\":\"Avocat Divorce \u00e0 Pruniers-en-Sologne (41) - Avocat Divorce\",\"isPartOf\":{\"@id\":\"https:\\\/\\\/avocat-gc.com\\\/divorce\\\/#website\"},\"datePublished\":\"2024-03-31T10:06:15+00:00\",\"dateModified\":\"2024-04-11T10:31:28+00:00\",\"description\":\"Divorcez \u00e0 Pruniers-en-Sologne (41) en 1 mois \u00e0 partir de 425\u20ac TTC. Contactez un Avocat divorce au \u260e 01.47.04.25.40 . Recevez un devis gratuit et imm\u00e9diat pour votre divorce. Cabinet Gueguen-Carroll. Divorce amiable - Divorce sans juge\",\"breadcrumb\":{\"@id\":\"https:\\\/\\\/avocat-gc.com\\\/divorce\\\/avocat-divorce\\\/pruniers-en-sologne\\\/#breadcrumb\"},\"inLanguage\":\"fr-FR\",\"potentialAction\":[{\"@type\":\"ReadAction\",\"target\":[\"https:\\\/\\\/avocat-gc.com\\\/divorce\\\/avocat-divorce\\\/pruniers-en-sologne\\\/\"]}]},{\"@type\":\"BreadcrumbList\",\"@id\":\"https:\\\/\\\/avocat-gc.com\\\/divorce\\\/avocat-divorce\\\/pruniers-en-sologne\\\/#breadcrumb\",\"itemListElement\":[{\"@type\":\"ListItem\",\"position\":1,\"name\":\"Accueil\",\"item\":\"https:\\\/\\\/avocat-gc.com\\\/divorce\\\/\"},{\"@type\":\"ListItem\",\"position\":2,\"name\":\"Avocat Divorce\",\"item\":\"https:\\\/\\\/avocat-gc.com\\\/divorce\\\/avocat-divorce\\\/\"},{\"@type\":\"ListItem\",\"position\":3,\"name\":\"Avocat Divorce \u00e0 Pruniers-en-Sologne (41)\"}]},{\"@type\":\"WebSite\",\"@id\":\"https:\\\/\\\/avocat-gc.com\\\/divorce\\\/#website\",\"url\":\"https:\\\/\\\/avocat-gc.com\\\/divorce\\\/\",\"name\":\"Avocat GC - Avocat Divorce\",\"description\":\"\",\"publisher\":{\"@id\":\"https:\\\/\\\/avocat-gc.com\\\/divorce\\\/#organization\"},\"potentialAction\":[{\"@type\":\"SearchAction\",\"target\":{\"@type\":\"EntryPoint\",\"urlTemplate\":\"https:\\\/\\\/avocat-gc.com\\\/divorce\\\/?s={search_term_string}\"},\"query-input\":{\"@type\":\"PropertyValueSpecification\",\"valueRequired\":true,\"valueName\":\"search_term_string\"}}],\"inLanguage\":\"fr-FR\"},{\"@type\":\"Organization\",\"@id\":\"https:\\\/\\\/avocat-gc.com\\\/divorce\\\/#organization\",\"name\":\"Avocat GC - Avocat Divorce\",\"url\":\"https:\\\/\\\/avocat-gc.com\\\/divorce\\\/\",\"logo\":{\"@type\":\"ImageObject\",\"inLanguage\":\"fr-FR\",\"@id\":\"https:\\\/\\\/avocat-gc.com\\\/divorce\\\/#\\\/schema\\\/logo\\\/image\\\/\",\"url\":\"https:\\\/\\\/avocat-gc.com\\\/divorce\\\/wp-content\\\/uploads\\\/2024\\\/04\\\/cropped-Sans-titre.png\",\"contentUrl\":\"https:\\\/\\\/avocat-gc.com\\\/divorce\\\/wp-content\\\/uploads\\\/2024\\\/04\\\/cropped-Sans-titre.png\",\"width\":200,\"height\":180,\"caption\":\"Avocat GC - Avocat Divorce\"},\"image\":{\"@id\":\"https:\\\/\\\/avocat-gc.com\\\/divorce\\\/#\\\/schema\\\/logo\\\/image\\\/\"}}]}<\/script>\n<!-- \/ Yoast SEO plugin. -->","yoast_head_json":{"title":"Avocat Divorce \u00e0 Pruniers-en-Sologne (41) - Avocat Divorce","description":"Divorcez \u00e0 Pruniers-en-Sologne (41) en 1 mois \u00e0 partir de 425\u20ac TTC. Contactez un Avocat divorce au \u260e 01.47.04.25.40 . Recevez un devis gratuit et imm\u00e9diat pour votre divorce. Cabinet Gueguen-Carroll. Divorce amiable - Divorce sans juge","robots":{"index":"index","follow":"follow","max-snippet":"max-snippet:-1","max-image-preview":"max-image-preview:large","max-video-preview":"max-video-preview:-1"},"canonical":"https:\/\/avocat-gc.com\/divorce\/avocat-divorce\/pruniers-en-sologne\/","og_locale":"fr_FR","og_type":"article","og_title":"Avocat Divorce \u00e0 Pruniers-en-Sologne (41) - Avocat Divorce","og_description":"Divorcez \u00e0 Pruniers-en-Sologne (41) en 1 mois \u00e0 partir de 425\u20ac TTC. Contactez un Avocat divorce au \u260e 01.47.04.25.40 . Recevez un devis gratuit et imm\u00e9diat pour votre divorce. Cabinet Gueguen-Carroll. Divorce amiable - Divorce sans juge","og_url":"https:\/\/avocat-gc.com\/divorce\/avocat-divorce\/pruniers-en-sologne\/","og_site_name":"Avocat GC - Avocat Divorce","article_modified_time":"2024-04-11T10:31:28+00:00","twitter_card":"summary_large_image","schema":{"@context":"https:\/\/schema.org","@graph":[{"@type":"WebPage","@id":"https:\/\/avocat-gc.com\/divorce\/avocat-divorce\/pruniers-en-sologne\/","url":"https:\/\/avocat-gc.com\/divorce\/avocat-divorce\/pruniers-en-sologne\/","name":"Avocat Divorce \u00e0 Pruniers-en-Sologne (41) - Avocat Divorce","isPartOf":{"@id":"https:\/\/avocat-gc.com\/divorce\/#website"},"datePublished":"2024-03-31T10:06:15+00:00","dateModified":"2024-04-11T10:31:28+00:00","description":"Divorcez \u00e0 Pruniers-en-Sologne (41) en 1 mois \u00e0 partir de 425\u20ac TTC. Contactez un Avocat divorce au \u260e 01.47.04.25.40 . Recevez un devis gratuit et imm\u00e9diat pour votre divorce. Cabinet Gueguen-Carroll. Divorce amiable - Divorce sans juge","breadcrumb":{"@id":"https:\/\/avocat-gc.com\/divorce\/avocat-divorce\/pruniers-en-sologne\/#breadcrumb"},"inLanguage":"fr-FR","potentialAction":[{"@type":"ReadAction","target":["https:\/\/avocat-gc.com\/divorce\/avocat-divorce\/pruniers-en-sologne\/"]}]},{"@type":"BreadcrumbList","@id":"https:\/\/avocat-gc.com\/divorce\/avocat-divorce\/pruniers-en-sologne\/#breadcrumb","itemListElement":[{"@type":"ListItem","position":1,"name":"Accueil","item":"https:\/\/avocat-gc.com\/divorce\/"},{"@type":"ListItem","position":2,"name":"Avocat Divorce","item":"https:\/\/avocat-gc.com\/divorce\/avocat-divorce\/"},{"@type":"ListItem","position":3,"name":"Avocat Divorce \u00e0 Pruniers-en-Sologne (41)"}]},{"@type":"WebSite","@id":"https:\/\/avocat-gc.com\/divorce\/#website","url":"https:\/\/avocat-gc.com\/divorce\/","name":"Avocat GC - Avocat Divorce","description":"","publisher":{"@id":"https:\/\/avocat-gc.com\/divorce\/#organization"},"potentialAction":[{"@type":"SearchAction","target":{"@type":"EntryPoint","urlTemplate":"https:\/\/avocat-gc.com\/divorce\/?s={search_term_string}"},"query-input":{"@type":"PropertyValueSpecification","valueRequired":true,"valueName":"search_term_string"}}],"inLanguage":"fr-FR"},{"@type":"Organization","@id":"https:\/\/avocat-gc.com\/divorce\/#organization","name":"Avocat GC - Avocat Divorce","url":"https:\/\/avocat-gc.com\/divorce\/","logo":{"@type":"ImageObject","inLanguage":"fr-FR","@id":"https:\/\/avocat-gc.com\/divorce\/#\/schema\/logo\/image\/","url":"https:\/\/avocat-gc.com\/divorce\/wp-content\/uploads\/2024\/04\/cropped-Sans-titre.png","contentUrl":"https:\/\/avocat-gc.com\/divorce\/wp-content\/uploads\/2024\/04\/cropped-Sans-titre.png","width":200,"height":180,"caption":"Avocat GC - Avocat Divorce"},"image":{"@id":"https:\/\/avocat-gc.com\/divorce\/#\/schema\/logo\/image\/"}}]}},"_links":{"self":[{"href":"https:\/\/avocat-gc.com\/divorce\/wp-json\/wp\/v2\/pages\/6337","targetHints":{"allow":["GET"]}}],"collection":[{"href":"https:\/\/avocat-gc.com\/divorce\/wp-json\/wp\/v2\/pages"}],"about":[{"href":"https:\/\/avocat-gc.com\/divorce\/wp-json\/wp\/v2\/types\/page"}],"author":[{"embeddable":true,"href":"https:\/\/avocat-gc.com\/divorce\/wp-json\/wp\/v2\/users\/1"}],"replies":[{"embeddable":true,"href":"https:\/\/avocat-gc.com\/divorce\/wp-json\/wp\/v2\/comments?post=6337"}],"version-history":[{"count":0,"href":"https:\/\/avocat-gc.com\/divorce\/wp-json\/wp\/v2\/pages\/6337\/revisions"}],"up":[{"embeddable":true,"href":"https:\/\/avocat-gc.com\/divorce\/wp-json\/wp\/v2\/pages\/7084"}],"wp:attachment":[{"href":"https:\/\/avocat-gc.com\/divorce\/wp-json\/wp\/v2\/media?parent=6337"}],"wp:term":[{"taxonomy":"priorite","embeddable":true,"href":"https:\/\/avocat-gc.com\/divorce\/wp-json\/wp\/v2\/priorite?post=6337"}],"curies":[{"name":"wp","href":"https:\/\/api.w.org\/{rel}","templated":true}]}}