{"id":568,"date":"2024-03-29T15:31:04","date_gmt":"2024-03-29T15:31:04","guid":{"rendered":"https:\/\/avocat-gc.com\/divorce\/avocat-divorce-amiable-sans-juge-draguignan-83\/"},"modified":"2024-03-29T15:31:04","modified_gmt":"2024-03-29T15:31:04","slug":"avocat-divorce-amiable-sans-juge-draguignan-83","status":"publish","type":"page","link":"https:\/\/avocat-gc.com\/divorce\/avocat-divorce-amiable-sans-juge-draguignan-83\/","title":{"rendered":"Avocat divorce amiable sans juge \u00e0 Draguignan (83)"},"content":{"rendered":"<\/p>\n<p><a href=\"http:\/\/avocat-gc.com\/divorce\/avocat-divorce\/draguignan\/\" rel=\"nofollow noopener\" target=\"_parent\">\u25c4 Avocat divorce \u00e0 Draguignan (83)<\/a><\/p>\n<h2>COMMENT DIVORCER SANS JUGE \u00c0 DRAGUIGNAN (83)?<\/h2>\n<\/p>\n<p class=\"img-left\"><img decoding=\"async\" alt=\"Avocat Divorce Amiable sans juge Draguignan (83) \" title=\"Avocat Divorce Amiable sans juge Draguignan (83)\" width=\"170\" border=\"2\" src=\"\/divorce\/wp-content\/uploads\/2024\/04\/avocat-divorce-amiable-paris.jpg\" \/><\/p>\n<p align=\"justify\">Le divorce par consentement mutuel, plus commun\u00e9ment appel\u00e9 <a href=\"\/divorce\/divorce-amiable\/\" rel=\"nofollow noopener\" title=\"\" target=\"_parent\">divorce \u00e0 l\u2019amiable<\/a>, est une proc\u00e9dure simple, rapide et \u00e9conomique. Le divorce sans juge est une proc\u00e9dure \u00e0 l&rsquo;amiable sur laquelle les deux \u00e9poux doivent s&rsquo;entendre. Notre cabinet vous assiste tout au long de cette proc\u00e9dure.\u00a0Avant de se lancer dans un <a href=\"\/divorce\/avocat-divorce\/draguignan\/\" title=\"\" target=\"\" rel=\"noopener\">divorce sans juge \u00e0 Draguignan (83)<\/a>, il est obligatoire que les \u00e9poux soient d&rsquo;accord sur tous les aspects du divorce, que ce soit la liquidation du r\u00e9gime matrimonial, la garde des enfants, la pension alimentaire, ou  la <a href=\"\/divorce\/definitions\/prestation-compensatoire\/\" title=\"\" target=\"\" rel=\"noopener\">prestation compensatoire<\/a>. Une fois ces conditions remplies, nous r\u00e9digeons une <a href=\"\/divorce\/convention-de-divorce\/\" rel=\"nofollow noopener\" title=\"\" target=\"\">convention de divorce<\/a> r\u00e9glant toutes les cons\u00e9quences et effets du divorce par consentement mutuel , puis nous vous envoyons le projet de convention par courrier postal en recommand\u00e9 avec accus\u00e9 de r\u00e9ceptionLes \u00e9poux ont, par la suite, un d\u00e9lai de 15 jours avant de signer le projet de convention et l&rsquo;adresser de nouveau \u00e0 notre cabinet afin que nous transmettions la convention de divorce au notaire. Ce dernier enregistrera votre divorce en lui donnant<a href=\"\/divorce\/definitions\/force-executoire\/\" title=\"\" target=\"\" rel=\"noopener\"> force \u00e9xecutoire<\/a> et date certaine. Le divorce est alors officiel \u00e0 ce moment.Si tout d\u00e9saccord venait \u00e0 surgir durant la proc\u00e9dure de divorce sans juge, il faudrait alors s&rsquo;engager dans une proc\u00e9dure de divorce contentieuse qui n\u00e9cessite une audience devant le<a href=\"\/divorce\/definitions\/juge-aux-affaires-familiales\/\" rel=\"nofollow noopener\" title=\"\" target=\"\"> Juge aux Affaires Familiales<\/a>.Si vous souhaitez en savoir davantage sur le divorce sans juge, veuillez consulter notre page:\n<\/p>\n<\/p>\n<p><a href=\"\/divorce\/divorce-sans-juge\/\" rel=\"nofollow noopener\" target=\"_parent\"> \u25ba AVOCAT DIVORCE SANS JUGE <\/a><\/p>\n<h3>Articles li\u00e9s<\/h3>\n<p><a href=\"\/divorce\/articles\/quel-est-le-divorce-le-plus-simple-le-plus-rapide-et-le-moins-cher\/\" rel=\"nofollow\">Quel est le divorce le plus simple, le plus rapide et le moins cher ? <\/a><\/p>\n<p><a href=\"\/divorce\/articles\/peut-contester-un-divorce-par-consentement-mutuel\/ rel=\" nofollow=\"\">Peut-on contester un divorce par consentement mutuel?<\/a><\/p>\n<p><a href=\"\/divorce\/articles\/pourquoi-privilegier-un-divorce-par-consentement-mutuel\/\" rel=\"nofollow\"> Pourquoi privil\u00e9gier un divorce par consentement mutuel? <\/a><\/p>\n<p>\u25ba A T\u00c9L\u00c9CHARGER: <a href=\"\/divorce\/divorce-sans-juge\/convention-draguignan\/\" rel=\"nofollow\">Mod\u00e8le de convention de divorce sans juge \u00e0 Draguignan (83)<\/a><\/p>\n<h3>Divorce sans juge &#8211; les tarifs<\/h3>\n<p align=\"justify\">Le divorce par consentement mutuel est le plus r\u00e9pandu en France. Le divorce sans juge est une proc\u00e9dure \u00e0 l&rsquo;amiable simple, \u00e9conomique et rapide qui permet aux \u00e9poux de divorcer en un mois seulement. Notre avocat s&rsquo;occupe de votre divorce, quel que soit votre d\u00e9partement de r\u00e9sidence. Les tarifs d&rsquo;un divorce sans juge \u00e0 Draguignan (83) d\u00e9pendent de votre situation<\/p>\n","protected":false},"excerpt":{"rendered":"<p>\u25c4 Avocat divorce \u00e0 Draguignan (83) COMMENT DIVORCER SANS JUGE \u00c0 DRAGUIGNAN (83)? Le divorce par consentement mutuel, plus commun\u00e9ment appel\u00e9 divorce \u00e0 l\u2019amiable, est une proc\u00e9dure simple, rapide et \u00e9conomique. Le divorce sans juge est une proc\u00e9dure \u00e0 l&rsquo;amiable sur laquelle les deux \u00e9poux doivent s&rsquo;entendre. Notre cabinet vous assiste tout au long de [&hellip;]<\/p>\n","protected":false},"author":1,"featured_media":0,"parent":0,"menu_order":0,"comment_status":"closed","ping_status":"closed","template":"","meta":{"_acf_changed":false,"inline_featured_image":false,"footnotes":""},"priorite":[],"class_list":["post-568","page","type-page","status-publish","hentry"],"acf":[],"yoast_head":"<!-- This site is optimized with the Yoast SEO plugin v27.3 - https:\/\/yoast.com\/product\/yoast-seo-wordpress\/ -->\n<title>Avocat divorce amiable sans juge \u00e0 Draguignan (83) - Avocat Divorce<\/title>\n<meta name=\"description\" content=\"Divorcez \u00e0 l&#039;amiable et sans juge \u00e0 Draguignan (83) en 1 mois \u00e0 partir de 425\u20ac TTC. Contactez un Avocat divorce au 01.47.04.25.40 . Cabinet Avocat GC. Divorce amiable - Divorce sans juge \u2013 Divorce par consentement mutuel\" \/>\n<meta name=\"robots\" content=\"index, follow, max-snippet:-1, max-image-preview:large, max-video-preview:-1\" \/>\n<link rel=\"canonical\" href=\"https:\/\/avocat-gc.com\/divorce\/avocat-divorce-amiable-sans-juge-draguignan-83\/\" \/>\n<meta property=\"og:locale\" content=\"fr_FR\" \/>\n<meta property=\"og:type\" content=\"article\" \/>\n<meta property=\"og:title\" content=\"Avocat divorce amiable sans juge \u00e0 Draguignan (83) - Avocat Divorce\" \/>\n<meta property=\"og:description\" content=\"Divorcez \u00e0 l&#039;amiable et sans juge \u00e0 Draguignan (83) en 1 mois \u00e0 partir de 425\u20ac TTC. Contactez un Avocat divorce au 01.47.04.25.40 . Cabinet Avocat GC. Divorce amiable - Divorce sans juge \u2013 Divorce par consentement mutuel\" \/>\n<meta property=\"og:url\" content=\"https:\/\/avocat-gc.com\/divorce\/avocat-divorce-amiable-sans-juge-draguignan-83\/\" \/>\n<meta property=\"og:site_name\" content=\"Avocat GC - Avocat Divorce\" \/>\n<meta name=\"twitter:card\" content=\"summary_large_image\" \/>\n<script type=\"application\/ld+json\" class=\"yoast-schema-graph\">{\"@context\":\"https:\\\/\\\/schema.org\",\"@graph\":[{\"@type\":\"WebPage\",\"@id\":\"https:\\\/\\\/avocat-gc.com\\\/divorce\\\/avocat-divorce-amiable-sans-juge-draguignan-83\\\/\",\"url\":\"https:\\\/\\\/avocat-gc.com\\\/divorce\\\/avocat-divorce-amiable-sans-juge-draguignan-83\\\/\",\"name\":\"Avocat divorce amiable sans juge \u00e0 Draguignan (83) - Avocat Divorce\",\"isPartOf\":{\"@id\":\"https:\\\/\\\/avocat-gc.com\\\/divorce\\\/#website\"},\"datePublished\":\"2024-03-29T15:31:04+00:00\",\"description\":\"Divorcez \u00e0 l'amiable et sans juge \u00e0 Draguignan (83) en 1 mois \u00e0 partir de 425\u20ac TTC. Contactez un Avocat divorce au 01.47.04.25.40 . Cabinet Avocat GC. Divorce amiable - Divorce sans juge \u2013 Divorce par consentement mutuel\",\"breadcrumb\":{\"@id\":\"https:\\\/\\\/avocat-gc.com\\\/divorce\\\/avocat-divorce-amiable-sans-juge-draguignan-83\\\/#breadcrumb\"},\"inLanguage\":\"fr-FR\",\"potentialAction\":[{\"@type\":\"ReadAction\",\"target\":[\"https:\\\/\\\/avocat-gc.com\\\/divorce\\\/avocat-divorce-amiable-sans-juge-draguignan-83\\\/\"]}]},{\"@type\":\"BreadcrumbList\",\"@id\":\"https:\\\/\\\/avocat-gc.com\\\/divorce\\\/avocat-divorce-amiable-sans-juge-draguignan-83\\\/#breadcrumb\",\"itemListElement\":[{\"@type\":\"ListItem\",\"position\":1,\"name\":\"Accueil\",\"item\":\"https:\\\/\\\/avocat-gc.com\\\/divorce\\\/\"},{\"@type\":\"ListItem\",\"position\":2,\"name\":\"Avocat divorce amiable sans juge \u00e0 Draguignan (83)\"}]},{\"@type\":\"WebSite\",\"@id\":\"https:\\\/\\\/avocat-gc.com\\\/divorce\\\/#website\",\"url\":\"https:\\\/\\\/avocat-gc.com\\\/divorce\\\/\",\"name\":\"Avocat GC - Avocat Divorce\",\"description\":\"\",\"publisher\":{\"@id\":\"https:\\\/\\\/avocat-gc.com\\\/divorce\\\/#organization\"},\"potentialAction\":[{\"@type\":\"SearchAction\",\"target\":{\"@type\":\"EntryPoint\",\"urlTemplate\":\"https:\\\/\\\/avocat-gc.com\\\/divorce\\\/?s={search_term_string}\"},\"query-input\":{\"@type\":\"PropertyValueSpecification\",\"valueRequired\":true,\"valueName\":\"search_term_string\"}}],\"inLanguage\":\"fr-FR\"},{\"@type\":\"Organization\",\"@id\":\"https:\\\/\\\/avocat-gc.com\\\/divorce\\\/#organization\",\"name\":\"Avocat GC - Avocat Divorce\",\"url\":\"https:\\\/\\\/avocat-gc.com\\\/divorce\\\/\",\"logo\":{\"@type\":\"ImageObject\",\"inLanguage\":\"fr-FR\",\"@id\":\"https:\\\/\\\/avocat-gc.com\\\/divorce\\\/#\\\/schema\\\/logo\\\/image\\\/\",\"url\":\"https:\\\/\\\/avocat-gc.com\\\/divorce\\\/wp-content\\\/uploads\\\/2024\\\/04\\\/cropped-Sans-titre.png\",\"contentUrl\":\"https:\\\/\\\/avocat-gc.com\\\/divorce\\\/wp-content\\\/uploads\\\/2024\\\/04\\\/cropped-Sans-titre.png\",\"width\":200,\"height\":180,\"caption\":\"Avocat GC - Avocat Divorce\"},\"image\":{\"@id\":\"https:\\\/\\\/avocat-gc.com\\\/divorce\\\/#\\\/schema\\\/logo\\\/image\\\/\"}}]}<\/script>\n<!-- \/ Yoast SEO plugin. -->","yoast_head_json":{"title":"Avocat divorce amiable sans juge \u00e0 Draguignan (83) - Avocat Divorce","description":"Divorcez \u00e0 l'amiable et sans juge \u00e0 Draguignan (83) en 1 mois \u00e0 partir de 425\u20ac TTC. Contactez un Avocat divorce au 01.47.04.25.40 . Cabinet Avocat GC. Divorce amiable - Divorce sans juge \u2013 Divorce par consentement mutuel","robots":{"index":"index","follow":"follow","max-snippet":"max-snippet:-1","max-image-preview":"max-image-preview:large","max-video-preview":"max-video-preview:-1"},"canonical":"https:\/\/avocat-gc.com\/divorce\/avocat-divorce-amiable-sans-juge-draguignan-83\/","og_locale":"fr_FR","og_type":"article","og_title":"Avocat divorce amiable sans juge \u00e0 Draguignan (83) - Avocat Divorce","og_description":"Divorcez \u00e0 l'amiable et sans juge \u00e0 Draguignan (83) en 1 mois \u00e0 partir de 425\u20ac TTC. Contactez un Avocat divorce au 01.47.04.25.40 . Cabinet Avocat GC. Divorce amiable - Divorce sans juge \u2013 Divorce par consentement mutuel","og_url":"https:\/\/avocat-gc.com\/divorce\/avocat-divorce-amiable-sans-juge-draguignan-83\/","og_site_name":"Avocat GC - Avocat Divorce","twitter_card":"summary_large_image","schema":{"@context":"https:\/\/schema.org","@graph":[{"@type":"WebPage","@id":"https:\/\/avocat-gc.com\/divorce\/avocat-divorce-amiable-sans-juge-draguignan-83\/","url":"https:\/\/avocat-gc.com\/divorce\/avocat-divorce-amiable-sans-juge-draguignan-83\/","name":"Avocat divorce amiable sans juge \u00e0 Draguignan (83) - Avocat Divorce","isPartOf":{"@id":"https:\/\/avocat-gc.com\/divorce\/#website"},"datePublished":"2024-03-29T15:31:04+00:00","description":"Divorcez \u00e0 l'amiable et sans juge \u00e0 Draguignan (83) en 1 mois \u00e0 partir de 425\u20ac TTC. Contactez un Avocat divorce au 01.47.04.25.40 . Cabinet Avocat GC. Divorce amiable - Divorce sans juge \u2013 Divorce par consentement mutuel","breadcrumb":{"@id":"https:\/\/avocat-gc.com\/divorce\/avocat-divorce-amiable-sans-juge-draguignan-83\/#breadcrumb"},"inLanguage":"fr-FR","potentialAction":[{"@type":"ReadAction","target":["https:\/\/avocat-gc.com\/divorce\/avocat-divorce-amiable-sans-juge-draguignan-83\/"]}]},{"@type":"BreadcrumbList","@id":"https:\/\/avocat-gc.com\/divorce\/avocat-divorce-amiable-sans-juge-draguignan-83\/#breadcrumb","itemListElement":[{"@type":"ListItem","position":1,"name":"Accueil","item":"https:\/\/avocat-gc.com\/divorce\/"},{"@type":"ListItem","position":2,"name":"Avocat divorce amiable sans juge \u00e0 Draguignan (83)"}]},{"@type":"WebSite","@id":"https:\/\/avocat-gc.com\/divorce\/#website","url":"https:\/\/avocat-gc.com\/divorce\/","name":"Avocat GC - Avocat Divorce","description":"","publisher":{"@id":"https:\/\/avocat-gc.com\/divorce\/#organization"},"potentialAction":[{"@type":"SearchAction","target":{"@type":"EntryPoint","urlTemplate":"https:\/\/avocat-gc.com\/divorce\/?s={search_term_string}"},"query-input":{"@type":"PropertyValueSpecification","valueRequired":true,"valueName":"search_term_string"}}],"inLanguage":"fr-FR"},{"@type":"Organization","@id":"https:\/\/avocat-gc.com\/divorce\/#organization","name":"Avocat GC - Avocat Divorce","url":"https:\/\/avocat-gc.com\/divorce\/","logo":{"@type":"ImageObject","inLanguage":"fr-FR","@id":"https:\/\/avocat-gc.com\/divorce\/#\/schema\/logo\/image\/","url":"https:\/\/avocat-gc.com\/divorce\/wp-content\/uploads\/2024\/04\/cropped-Sans-titre.png","contentUrl":"https:\/\/avocat-gc.com\/divorce\/wp-content\/uploads\/2024\/04\/cropped-Sans-titre.png","width":200,"height":180,"caption":"Avocat GC - Avocat Divorce"},"image":{"@id":"https:\/\/avocat-gc.com\/divorce\/#\/schema\/logo\/image\/"}}]}},"_links":{"self":[{"href":"https:\/\/avocat-gc.com\/divorce\/wp-json\/wp\/v2\/pages\/568","targetHints":{"allow":["GET"]}}],"collection":[{"href":"https:\/\/avocat-gc.com\/divorce\/wp-json\/wp\/v2\/pages"}],"about":[{"href":"https:\/\/avocat-gc.com\/divorce\/wp-json\/wp\/v2\/types\/page"}],"author":[{"embeddable":true,"href":"https:\/\/avocat-gc.com\/divorce\/wp-json\/wp\/v2\/users\/1"}],"replies":[{"embeddable":true,"href":"https:\/\/avocat-gc.com\/divorce\/wp-json\/wp\/v2\/comments?post=568"}],"version-history":[{"count":0,"href":"https:\/\/avocat-gc.com\/divorce\/wp-json\/wp\/v2\/pages\/568\/revisions"}],"wp:attachment":[{"href":"https:\/\/avocat-gc.com\/divorce\/wp-json\/wp\/v2\/media?parent=568"}],"wp:term":[{"taxonomy":"priorite","embeddable":true,"href":"https:\/\/avocat-gc.com\/divorce\/wp-json\/wp\/v2\/priorite?post=568"}],"curies":[{"name":"wp","href":"https:\/\/api.w.org\/{rel}","templated":true}]}}