{"id":5523,"date":"2024-03-31T10:04:52","date_gmt":"2024-03-31T10:04:52","guid":{"rendered":"https:\/\/avocat-gc.com\/divorce\/roanne\/"},"modified":"2024-04-11T10:31:33","modified_gmt":"2024-04-11T10:31:33","slug":"roanne","status":"publish","type":"page","link":"https:\/\/avocat-gc.com\/divorce\/avocat-divorce\/roanne\/","title":{"rendered":"Avocat divorce \u00e0 Roanne (42)"},"content":{"rendered":"<\/p>\n<p>Avocat Divorce \u00e0  Roanne (42)<\/p>\n<h2>VOTRE DIVORCE \u00c0 ROANNE EN 1 MOIS<\/h2>\n<p> J&rsquo;INTERVIENS DANS TOUTE LA FRANCE <a href=\"http:\/\/avocat-gc.com\/divorce\/avocat-divorce\/paris\/\" rel=\"nofollow noopener\" title=\"\" target=\"_parent\">Notre cabinet \u00e0 Paris<\/a> : 42 Rue de L\u00fcbeck, 75116 Paris 01 47 04 25 40<\/p>\n<h3>1 &#8211; Le rendez-vous<\/h3>\n<p class=\"img-right\"><img decoding=\"async\" alt=\"Avocat divorce \u00e0 Roanne (42)\" title=\"Avocat divorce \u00e0 Roanne (42)\" width=\"170\" border=\"2\" src=\"\/divorce\/wp-content\/uploads\/2024\/04\/divorce-consentement-mutuel.png\" \/><\/p>\n<p align=\"justify\">Pour divorcer \u00e0 Roanne, la premi\u00e8re \u00e9tape consiste \u00e0 prendre rendez-vous avec notre Avocat Divorce. Nous sommes comp\u00e9tents pour vous divorcer dans la Loire en r\u00e9gion Auvergne-Rh\u00f4ne-Alpes. Pour prendre un rendez-vous, il suffit de nous contacter par t\u00e9l\u00e9phone au 01 47 04 25 40 ou par email \u00e0 <a href=\"mailto:info@avocat-gc.com\">info@avocat-gc.com<\/a>. Lors de cet entretien avec notre avocat :<\/p>\n<p>Nous vous expliquerons le d\u00e9roulement de votre divorce.<br \/>\nNous r\u00e9digerons votre convention de divorce.<\/p>\n<h3>2 &#8211; La signature<\/h3>\n<p class=\"img-left\"><img decoding=\"async\" alt=\"Avocat Divorce sans juge Roanne (42)\" title=\" Avocat Divorce sans juge Roanne (42)\" width=\"170\" border=\"2\" src=\"\/divorce\/wp-content\/uploads\/2024\/04\/divorce-sans-avocat.jpg\" \/><\/p>\n<p align=\"justify\">Suite \u00e0 l&rsquo;entretien avec les avocats, nous vous envoyons votre projet de convention par voie postale pour \u00eatre sign\u00e9 dans un d\u00e9lai de 15 jours. Puis, le notaire enregistrera votre divorce. Vous serez officiellement divorc\u00e9.\u00a0    DIVORCE DEVANT LE JUGE :  Dans certains conditions, il est toujours possible de\u00a0divorcer \u00e0 l&rsquo;amiable devant le Juge. La proc\u00e9dure, plus longue, n\u00e9cessite une audience au tribunal \u00e0 laquelle il est obligatoire d&rsquo;assister ainsi que votre avocat.   \u00c0 SAVOIR :\u00a0La proc\u00e9dure de divorce sans juge n&rsquo;est valable que dans le cadre d&rsquo;un divorce \u00e0 l&rsquo;amiable sur lequel s&rsquo;entendent les \u00e9poux. Le cas contraire, il faudrait alors opter pour un divorce contentieux qui se r\u00e9glera au terme de plusieurs audiences au tribunal:<\/p>\n<p class=\"img-right\"><img decoding=\"async\" align=\"right\" alt=\"Avocat divorce TGI Roanne (42)\" title=\"Avocat divorce TGI Roanne  (42)\" width=\"80\" border=\"2\" src=\"\/divorce\/wp-content\/uploads\/2024\/04\/tgi\/tgi-palais-justice-saint-etienne.jpeg\" \/><\/p>\n<\/p>\n<p>Tribunal de grande instance de Roanne   5 bis place Georges Cl\u00e9menceau 42328 ROANNE CEDEXT\u00e8l: 04 77 44 48 00 &#8211; Fax: 04 77 44 48 75 Du Lundi au Vendredi : de 08h00 \u00e0 17h00<\/p>\n<h3>3 &#8211; L&rsquo;enregistrement<\/h3>\n<p class=\"img-right\"><img decoding=\"async\" align=\"left\" alt=\"Avocat divorce Amiable Roanne (42)\" title=\"Avocat divorce Amiable Roanne (42)\" width=\"170\" border=\"2\" src=\"\/divorce\/wp-content\/uploads\/2024\/04\/divorce-simple.png\" style=\"padding:5px;margin-right: 5px;\" \/><\/p>\n<p align=\"justify\">Nous vous adressons l&rsquo;attestation d&rsquo;enregistrement de divorce et nous accomplissons les formalit\u00e9s d&rsquo;inscription de votre divorce sur vos actes d&rsquo;\u00e9tat civil. Pour conna\u00eetre les tarifs d&rsquo;un divorce \u00e0 Roanne (42), merci de remplir le devis en ligne ci-apr\u00e8s:<\/p>\n<\/p>\n<p><a href=\"http:\/\/avocat-gc.com\/divorce\/avocat-divorce-10-ans-dexperience\/\" rel=\"nofollow noopener\" target=\"_parent\">\u25ba DEVIS: AVOCAT DIVORCE \u00c0 SROANNE<\/a><\/p>\n<h3> 4 &#8211; Divorcer sans juge \u00e0 Roanne (42) <\/h3>\n<p align=\"justify\">Le divorce par consentement mutuel est simple et peu cher. Le divorce sans juge est une proc\u00e9dure \u00e0 l&rsquo;amiable qui n\u00e9cessite l&rsquo;entente de chaque \u00e9poux sur les effets du divorce: garde des enfants, sort des biens communs etc&#8230; Pour en savoir davantage sur les \u00e9tapes d&rsquo;un divorce sans juge \u00e0 Roanne (42), veuillez suivre le lien ci-apr\u00e8s:<\/p>\n<p><a href=\"https:\/\/avocat-gc.com\/divorce\/avocat-divorce-amiable-sans-juge-roanne-42\/\" class=\"lien-ville\">AVOCAT DIVORCE AMIABLE SANS JUGE ROANNE<\/a><\/p>\n","protected":false},"excerpt":{"rendered":"<p>Avocat Divorce \u00e0 Roanne (42) VOTRE DIVORCE \u00c0 ROANNE EN 1 MOIS J&rsquo;INTERVIENS DANS TOUTE LA FRANCE Notre cabinet \u00e0 Paris : 42 Rue de L\u00fcbeck, 75116 Paris 01 47 04 25 40 1 &#8211; Le rendez-vous Pour divorcer \u00e0 Roanne, la premi\u00e8re \u00e9tape consiste \u00e0 prendre rendez-vous avec notre Avocat Divorce. Nous sommes comp\u00e9tents [&hellip;]<\/p>\n","protected":false},"author":1,"featured_media":0,"parent":7084,"menu_order":0,"comment_status":"closed","ping_status":"closed","template":"page-ville.php","meta":{"_acf_changed":false,"inline_featured_image":false,"footnotes":""},"priorite":[],"class_list":["post-5523","page","type-page","status-publish","hentry"],"acf":[],"yoast_head":"<!-- This site is optimized with the Yoast SEO plugin v27.6 - https:\/\/yoast.com\/product\/yoast-seo-wordpress\/ -->\n<title>Avocat divorce \u00e0 Roanne (42) - Avocat Divorce<\/title>\n<meta name=\"description\" content=\"Divorcez \u00e0 Roanne (42) en 1 mois \u00e0 partir de 425\u20ac TTC. Contactez un Avocat divorce au 01.47.04.25.40 . Devis Gratuit &amp; Imm\u00e9diat. Cabinet Avocat GC. Divorce amiable - Divorce sans juge\" \/>\n<meta name=\"robots\" content=\"index, follow, max-snippet:-1, max-image-preview:large, max-video-preview:-1\" \/>\n<link rel=\"canonical\" href=\"https:\/\/avocat-gc.com\/divorce\/avocat-divorce\/roanne\/\" \/>\n<meta property=\"og:locale\" content=\"fr_FR\" \/>\n<meta property=\"og:type\" content=\"article\" \/>\n<meta property=\"og:title\" content=\"Avocat divorce \u00e0 Roanne (42) - Avocat Divorce\" \/>\n<meta property=\"og:description\" content=\"Divorcez \u00e0 Roanne (42) en 1 mois \u00e0 partir de 425\u20ac TTC. Contactez un Avocat divorce au 01.47.04.25.40 . Devis Gratuit &amp; Imm\u00e9diat. Cabinet Avocat GC. Divorce amiable - Divorce sans juge\" \/>\n<meta property=\"og:url\" content=\"https:\/\/avocat-gc.com\/divorce\/avocat-divorce\/roanne\/\" \/>\n<meta property=\"og:site_name\" content=\"Avocat GC - Avocat Divorce\" \/>\n<meta property=\"article:modified_time\" content=\"2024-04-11T10:31:33+00:00\" \/>\n<meta name=\"twitter:card\" content=\"summary_large_image\" \/>\n<script type=\"application\/ld+json\" class=\"yoast-schema-graph\">{\"@context\":\"https:\\\/\\\/schema.org\",\"@graph\":[{\"@type\":\"WebPage\",\"@id\":\"https:\\\/\\\/avocat-gc.com\\\/divorce\\\/avocat-divorce\\\/roanne\\\/\",\"url\":\"https:\\\/\\\/avocat-gc.com\\\/divorce\\\/avocat-divorce\\\/roanne\\\/\",\"name\":\"Avocat divorce \u00e0 Roanne (42) - Avocat Divorce\",\"isPartOf\":{\"@id\":\"https:\\\/\\\/avocat-gc.com\\\/divorce\\\/#website\"},\"datePublished\":\"2024-03-31T10:04:52+00:00\",\"dateModified\":\"2024-04-11T10:31:33+00:00\",\"description\":\"Divorcez \u00e0 Roanne (42) en 1 mois \u00e0 partir de 425\u20ac TTC. Contactez un Avocat divorce au 01.47.04.25.40 . Devis Gratuit & Imm\u00e9diat. Cabinet Avocat GC. Divorce amiable - Divorce sans juge\",\"breadcrumb\":{\"@id\":\"https:\\\/\\\/avocat-gc.com\\\/divorce\\\/avocat-divorce\\\/roanne\\\/#breadcrumb\"},\"inLanguage\":\"fr-FR\",\"potentialAction\":[{\"@type\":\"ReadAction\",\"target\":[\"https:\\\/\\\/avocat-gc.com\\\/divorce\\\/avocat-divorce\\\/roanne\\\/\"]}]},{\"@type\":\"BreadcrumbList\",\"@id\":\"https:\\\/\\\/avocat-gc.com\\\/divorce\\\/avocat-divorce\\\/roanne\\\/#breadcrumb\",\"itemListElement\":[{\"@type\":\"ListItem\",\"position\":1,\"name\":\"Accueil\",\"item\":\"https:\\\/\\\/avocat-gc.com\\\/divorce\\\/\"},{\"@type\":\"ListItem\",\"position\":2,\"name\":\"Avocat Divorce\",\"item\":\"https:\\\/\\\/avocat-gc.com\\\/divorce\\\/avocat-divorce\\\/\"},{\"@type\":\"ListItem\",\"position\":3,\"name\":\"Avocat divorce \u00e0 Roanne (42)\"}]},{\"@type\":\"WebSite\",\"@id\":\"https:\\\/\\\/avocat-gc.com\\\/divorce\\\/#website\",\"url\":\"https:\\\/\\\/avocat-gc.com\\\/divorce\\\/\",\"name\":\"Avocat GC - Avocat Divorce\",\"description\":\"\",\"publisher\":{\"@id\":\"https:\\\/\\\/avocat-gc.com\\\/divorce\\\/#organization\"},\"potentialAction\":[{\"@type\":\"SearchAction\",\"target\":{\"@type\":\"EntryPoint\",\"urlTemplate\":\"https:\\\/\\\/avocat-gc.com\\\/divorce\\\/?s={search_term_string}\"},\"query-input\":{\"@type\":\"PropertyValueSpecification\",\"valueRequired\":true,\"valueName\":\"search_term_string\"}}],\"inLanguage\":\"fr-FR\"},{\"@type\":\"Organization\",\"@id\":\"https:\\\/\\\/avocat-gc.com\\\/divorce\\\/#organization\",\"name\":\"Avocat GC - Avocat Divorce\",\"url\":\"https:\\\/\\\/avocat-gc.com\\\/divorce\\\/\",\"logo\":{\"@type\":\"ImageObject\",\"inLanguage\":\"fr-FR\",\"@id\":\"https:\\\/\\\/avocat-gc.com\\\/divorce\\\/#\\\/schema\\\/logo\\\/image\\\/\",\"url\":\"https:\\\/\\\/avocat-gc.com\\\/divorce\\\/wp-content\\\/uploads\\\/2024\\\/04\\\/cropped-Sans-titre.png\",\"contentUrl\":\"https:\\\/\\\/avocat-gc.com\\\/divorce\\\/wp-content\\\/uploads\\\/2024\\\/04\\\/cropped-Sans-titre.png\",\"width\":200,\"height\":180,\"caption\":\"Avocat GC - Avocat Divorce\"},\"image\":{\"@id\":\"https:\\\/\\\/avocat-gc.com\\\/divorce\\\/#\\\/schema\\\/logo\\\/image\\\/\"}}]}<\/script>\n<!-- \/ Yoast SEO plugin. -->","yoast_head_json":{"title":"Avocat divorce \u00e0 Roanne (42) - Avocat Divorce","description":"Divorcez \u00e0 Roanne (42) en 1 mois \u00e0 partir de 425\u20ac TTC. Contactez un Avocat divorce au 01.47.04.25.40 . Devis Gratuit & Imm\u00e9diat. Cabinet Avocat GC. Divorce amiable - Divorce sans juge","robots":{"index":"index","follow":"follow","max-snippet":"max-snippet:-1","max-image-preview":"max-image-preview:large","max-video-preview":"max-video-preview:-1"},"canonical":"https:\/\/avocat-gc.com\/divorce\/avocat-divorce\/roanne\/","og_locale":"fr_FR","og_type":"article","og_title":"Avocat divorce \u00e0 Roanne (42) - Avocat Divorce","og_description":"Divorcez \u00e0 Roanne (42) en 1 mois \u00e0 partir de 425\u20ac TTC. Contactez un Avocat divorce au 01.47.04.25.40 . Devis Gratuit & Imm\u00e9diat. Cabinet Avocat GC. Divorce amiable - Divorce sans juge","og_url":"https:\/\/avocat-gc.com\/divorce\/avocat-divorce\/roanne\/","og_site_name":"Avocat GC - Avocat Divorce","article_modified_time":"2024-04-11T10:31:33+00:00","twitter_card":"summary_large_image","schema":{"@context":"https:\/\/schema.org","@graph":[{"@type":"WebPage","@id":"https:\/\/avocat-gc.com\/divorce\/avocat-divorce\/roanne\/","url":"https:\/\/avocat-gc.com\/divorce\/avocat-divorce\/roanne\/","name":"Avocat divorce \u00e0 Roanne (42) - Avocat Divorce","isPartOf":{"@id":"https:\/\/avocat-gc.com\/divorce\/#website"},"datePublished":"2024-03-31T10:04:52+00:00","dateModified":"2024-04-11T10:31:33+00:00","description":"Divorcez \u00e0 Roanne (42) en 1 mois \u00e0 partir de 425\u20ac TTC. Contactez un Avocat divorce au 01.47.04.25.40 . Devis Gratuit & Imm\u00e9diat. Cabinet Avocat GC. Divorce amiable - Divorce sans juge","breadcrumb":{"@id":"https:\/\/avocat-gc.com\/divorce\/avocat-divorce\/roanne\/#breadcrumb"},"inLanguage":"fr-FR","potentialAction":[{"@type":"ReadAction","target":["https:\/\/avocat-gc.com\/divorce\/avocat-divorce\/roanne\/"]}]},{"@type":"BreadcrumbList","@id":"https:\/\/avocat-gc.com\/divorce\/avocat-divorce\/roanne\/#breadcrumb","itemListElement":[{"@type":"ListItem","position":1,"name":"Accueil","item":"https:\/\/avocat-gc.com\/divorce\/"},{"@type":"ListItem","position":2,"name":"Avocat Divorce","item":"https:\/\/avocat-gc.com\/divorce\/avocat-divorce\/"},{"@type":"ListItem","position":3,"name":"Avocat divorce \u00e0 Roanne (42)"}]},{"@type":"WebSite","@id":"https:\/\/avocat-gc.com\/divorce\/#website","url":"https:\/\/avocat-gc.com\/divorce\/","name":"Avocat GC - Avocat Divorce","description":"","publisher":{"@id":"https:\/\/avocat-gc.com\/divorce\/#organization"},"potentialAction":[{"@type":"SearchAction","target":{"@type":"EntryPoint","urlTemplate":"https:\/\/avocat-gc.com\/divorce\/?s={search_term_string}"},"query-input":{"@type":"PropertyValueSpecification","valueRequired":true,"valueName":"search_term_string"}}],"inLanguage":"fr-FR"},{"@type":"Organization","@id":"https:\/\/avocat-gc.com\/divorce\/#organization","name":"Avocat GC - Avocat Divorce","url":"https:\/\/avocat-gc.com\/divorce\/","logo":{"@type":"ImageObject","inLanguage":"fr-FR","@id":"https:\/\/avocat-gc.com\/divorce\/#\/schema\/logo\/image\/","url":"https:\/\/avocat-gc.com\/divorce\/wp-content\/uploads\/2024\/04\/cropped-Sans-titre.png","contentUrl":"https:\/\/avocat-gc.com\/divorce\/wp-content\/uploads\/2024\/04\/cropped-Sans-titre.png","width":200,"height":180,"caption":"Avocat GC - Avocat Divorce"},"image":{"@id":"https:\/\/avocat-gc.com\/divorce\/#\/schema\/logo\/image\/"}}]}},"_links":{"self":[{"href":"https:\/\/avocat-gc.com\/divorce\/wp-json\/wp\/v2\/pages\/5523","targetHints":{"allow":["GET"]}}],"collection":[{"href":"https:\/\/avocat-gc.com\/divorce\/wp-json\/wp\/v2\/pages"}],"about":[{"href":"https:\/\/avocat-gc.com\/divorce\/wp-json\/wp\/v2\/types\/page"}],"author":[{"embeddable":true,"href":"https:\/\/avocat-gc.com\/divorce\/wp-json\/wp\/v2\/users\/1"}],"replies":[{"embeddable":true,"href":"https:\/\/avocat-gc.com\/divorce\/wp-json\/wp\/v2\/comments?post=5523"}],"version-history":[{"count":0,"href":"https:\/\/avocat-gc.com\/divorce\/wp-json\/wp\/v2\/pages\/5523\/revisions"}],"up":[{"embeddable":true,"href":"https:\/\/avocat-gc.com\/divorce\/wp-json\/wp\/v2\/pages\/7084"}],"wp:attachment":[{"href":"https:\/\/avocat-gc.com\/divorce\/wp-json\/wp\/v2\/media?parent=5523"}],"wp:term":[{"taxonomy":"priorite","embeddable":true,"href":"https:\/\/avocat-gc.com\/divorce\/wp-json\/wp\/v2\/priorite?post=5523"}],"curies":[{"name":"wp","href":"https:\/\/api.w.org\/{rel}","templated":true}]}}