{"id":5438,"date":"2018-05-09T00:00:00","date_gmt":"2018-05-09T00:00:00","guid":{"rendered":"https:\/\/avocat-gc.com\/divorce\/severac-daveyron\/"},"modified":"2024-04-11T10:32:06","modified_gmt":"2024-04-11T10:32:06","slug":"severac-daveyron","status":"publish","type":"page","link":"https:\/\/avocat-gc.com\/divorce\/avocat-divorce\/severac-daveyron\/","title":{"rendered":"Avocat Divorce \u00e0 S\u00e9v\u00e9rac d&rsquo;Aveyron (12)"},"content":{"rendered":"<\/p>\n<p>Avocat Divorce \u00e0 S\u00e9v\u00e9rac d&rsquo;Aveyron (12)<\/p>\n<h2>VOTRE DIVORCE \u00c0 S\u00c9V\u00c9RAC-D&rsquo;AVEYRON EN 1 MOIS<\/h2>\n<p> J&rsquo;INTERVIENS DANS TOUTE LA FRANCE <a href=\"http:\/\/avocat-gc.com\/divorce\/avocat-divorce\/paris\/\" rel=\"nofollow noopener\" title=\"\" target=\"_parent\">Notre cabinet \u00e0 Paris<\/a> : 42 Rue de L\u00fcbeck, 75116 Paris 01 47 04 25 40<\/p>\n<h3>1 &#8211; Le rendez-vous<\/h3>\n<p class=\"img-right\"><img decoding=\"async\" alt=\"Avocat Divorce \u00e0 S\u00e9v\u00e9rac d'Aveyron (12)\" title=\"Avocat Divorce \u00e0 S\u00e9v\u00e9rac d'Aveyron (12)\" width=\"170\" border=\"2\" src=\"\/divorce\/wp-content\/uploads\/2024\/04\/divorce-consentement-mutuel.png\" \/><\/p>\n<p align=\"justify\">Suivre les \u00e9tapes d&rsquo;un divorce est essentiel afin que la proc\u00e9dure soit effectu\u00e9e rapidement. Pour prendre un rendez-vous avec l&rsquo;un de nos avocats divorce \u00e0 S\u00e9v\u00e9rac d&rsquo;Aveyron (12), contactez-nous par t\u00e9l\u00e9phone au 01.47.04.25.40 ou par email \u00e0 l&rsquo;adresse <a href=\"mailto:info@avocat-gc.com\">info@avocat-gc.com<\/a>. Notre cabinet d&rsquo;avocats,\u00a0exp\u00e9riment\u00e9\u00a0en divorce, est comp\u00e9tent pour vous divorcer dans l&rsquo;Aveyron en r\u00e9gion Occitanie. Durant ce rendez-vous :\n<\/p>\n<p>Le d\u00e9roulement de votre proc\u00e9dure de divorce vous sera expliqu\u00e9.<br \/>\nLa convention de divorce sera r\u00e9dig\u00e9e<\/p>\n<p align=\"justify\">Notre avocat Divorce vous accompagne tout au long de la proc\u00e9dure et r\u00e9pondra \u00e0 vos questions.<\/p>\n<h3>2 &#8211; La signature<\/h3>\n<p class=\"img-left\"><img decoding=\"async\" alt=\"Avocat Divorce sans juge S\u00e9v\u00e9rac d'Aveyron (12)\" title=\" Avocat Divorce sans juge S\u00e9v\u00e9rac d'Aveyron (12)\" width=\"170\" border=\"2\" src=\"\/divorce\/wp-content\/uploads\/2024\/04\/divorce-sans-avocat.jpg\" \/><\/p>\n<p align=\"justify\">Le projet de convention de divorce ainsi r\u00e9dig\u00e9 vous sera transmis \u00e0 votre domicile par courrier recommand\u00e9 avec accus\u00e9 de r\u00e9ception. Vous aurez un d\u00e9lai de 15 jours pour nous le retourner, sign\u00e9. L&rsquo;enregistrement sera effectu\u00e9 par le notaire qui lui donnera force ex\u00e9cutoire et date certaine.\u00a0 DIVORCER DEVANT LE JUGE:\u00a0Divorcer \u00e0 l&rsquo;amiable devant le Juge aux Affaires Familiales est toujours possible sous certaines conditions. Les deux \u00e9poux devront se pr\u00e9senter devant le Juge aux Affaires Familiales lors d&rsquo;une audience, assist\u00e9s de leur avocat. Les d\u00e9lais sont variables (3 \u00e0 6 mois). Contactez nous pour davantage de renseignements   \u00c0 SAVOIR :\u00a0La  nouvelle proc\u00e9dure de divorce sans juge s&rsquo;applique uniquement pour les couples souhaitant divorcer \u00e0 l&rsquo;amiable. Si tout d\u00e9saccord venait \u00e0 se produire entre les \u00e9poux,\u00a0un divorce contentieux serait alors n\u00e9cessaire et se r\u00e9glerait par une succession d&rsquo;audiences au tribunal:<\/p>\n<p class=\"img-right\"><img decoding=\"async\" align=\"right\" alt=\"Avocat Divorce TGI Rodez (12)\" title=\"Avocat Divorce TGI Rodez (12)\" width=\"80\" border=\"2\" src=\"\/divorce\/wp-content\/uploads\/2024\/04\/tgi\/tgi-palais-justice-paris.jpg\" \/><\/p>\n<\/p>\n<p>  Tribunal de grande instance de Rodezboulevard de Guizard BP 3123 12031 RODEZ CEDEX 9Ouvert du lundi au vendredi de  09h00 \u00e0 12h00 de 14h00 \u00e0 16h30 T\u00e9l:  05 65 73 43 00 \/\/ Fax : 05 65 73 43 54<\/p>\n<h3> 3 &#8211; L&rsquo;Enregistrement<\/h3>\n<p class=\"img-right\"><img decoding=\"async\" align=\"left\" alt=\"Avocat Divorce amiable S\u00e9v\u00e9rac d'Aveyron (12)\" title=\"Avocat Divorce amiable S\u00e9v\u00e9rac d'Aveyron (12)\" width=\"170\" border=\"2\" src=\"\/divorce\/wp-content\/uploads\/2024\/04\/divorce-simple.png\" style=\"padding:5px;margin-right: 5px;\" \/><\/p>\n<p align=\"justify\">Durant les semaines suivantes, notre cabinet effectue les t\u00e2ches administratives suivantes:<\/p>\n<p>Envoi de l&rsquo;attestation d&rsquo;enregistrement de votre divorce d\u00e8s r\u00e9ception au cabinet,<br \/>\nTraitement des formalit\u00e9s d&rsquo;inscription de votre divorce sur vos actes d&rsquo;\u00e9tat civil,<br \/>\nTransmission des attestations n\u00e9c\u00e9ssaires dans l&rsquo;attente de votre jugement,<\/p>\n<p align=\"justify\">Pour davantage d&rsquo;informations sur le divorce par consentement mutuel \u00e0 S\u00e9v\u00e9rac d&rsquo;Aveyron (12), vous avez la possibilit\u00e9 de remplir un devis en ligne en cliquant sur le lien ci-dessous. Notre cabinet prendra ensuite contact avec vous afin de r\u00e9pondre \u00e0 d&rsquo;\u00e9ventuelles questions:<\/p>\n<\/p>\n<p><a href=\"http:\/\/avocat-gc.com\/divorce\/avocat-divorce-10-ans-dexperience\/\" rel=\"nofollow noopener\" target=\"_parent\"> \u25ba DEVIS: AVOCAT DIVORCE \u00c0  S\u00c9V\u00c9RAC D&rsquo;AVEYRON<\/a><\/p>\n<h3> 4 &#8211; Divorce sans juge \u00e0 S\u00e9v\u00e9rac d&rsquo;Aveyron (12)<\/h3>\n<p align=\"justify\"> Le divorce a l&rsquo;amiable est la proc\u00e9dure la plus r\u00e9pandue en France. Pour que votre divorce soit simple et rapide, il faut cependant respecter quelques points expos\u00e9s dans notre article \u00ab\u00a0Divorce sans juge \u00e0 S\u00e9v\u00e9rac d&rsquo;Aveyron (12)\u00a0\u00bb, accessible en cliquant sur le lien ci-dessous:\n<\/p>\n<p><a href=\"https:\/\/avocat-gc.com\/divorce\/avocat-divorce-amiable-sans-juge-severac-daveyron-12\/\" class=\"lien-ville\">AVOCAT DIVORCE AMIABLE SANS JUGE S\u00c9V\u00c9RAC D&rsquo;AVEYRON<\/a><\/p>\n","protected":false},"excerpt":{"rendered":"<p>Avocat Divorce \u00e0 S\u00e9v\u00e9rac d&rsquo;Aveyron (12) VOTRE DIVORCE \u00c0 S\u00c9V\u00c9RAC-D&rsquo;AVEYRON EN 1 MOIS J&rsquo;INTERVIENS DANS TOUTE LA FRANCE Notre cabinet \u00e0 Paris : 42 Rue de L\u00fcbeck, 75116 Paris 01 47 04 25 40 1 &#8211; Le rendez-vous Suivre les \u00e9tapes d&rsquo;un divorce est essentiel afin que la proc\u00e9dure soit effectu\u00e9e rapidement. Pour prendre un [&hellip;]<\/p>\n","protected":false},"author":1,"featured_media":0,"parent":7084,"menu_order":0,"comment_status":"closed","ping_status":"closed","template":"page-ville.php","meta":{"_acf_changed":false,"inline_featured_image":false,"footnotes":""},"priorite":[],"class_list":["post-5438","page","type-page","status-publish","hentry"],"acf":[],"yoast_head":"<!-- This site is optimized with the Yoast SEO plugin v27.3 - https:\/\/yoast.com\/product\/yoast-seo-wordpress\/ -->\n<title>Avocat Divorce \u00e0 S\u00e9v\u00e9rac d&#039;Aveyron (12) - Avocat Divorce<\/title>\n<meta name=\"description\" content=\"Divorcez \u00e0 S\u00e9v\u00e9rac d&#039;Aveyron (12) en 1 mois \u00e0 partir de 425\u20ac TTC. Contactez un Avocat divorce au \u260e 01.47.04.25.40 . Recevez un devis gratuit et imm\u00e9diat pour votre divorce. Cabinet Gueguen-Carroll. Divorce amiable - Divorce sans juge\" \/>\n<meta name=\"robots\" content=\"index, follow, max-snippet:-1, max-image-preview:large, max-video-preview:-1\" \/>\n<link rel=\"canonical\" href=\"https:\/\/avocat-gc.com\/divorce\/avocat-divorce\/severac-daveyron\/\" \/>\n<meta property=\"og:locale\" content=\"fr_FR\" \/>\n<meta property=\"og:type\" content=\"article\" \/>\n<meta property=\"og:title\" content=\"Avocat Divorce \u00e0 S\u00e9v\u00e9rac d&#039;Aveyron (12) - Avocat Divorce\" \/>\n<meta property=\"og:description\" content=\"Divorcez \u00e0 S\u00e9v\u00e9rac d&#039;Aveyron (12) en 1 mois \u00e0 partir de 425\u20ac TTC. Contactez un Avocat divorce au \u260e 01.47.04.25.40 . Recevez un devis gratuit et imm\u00e9diat pour votre divorce. Cabinet Gueguen-Carroll. Divorce amiable - Divorce sans juge\" \/>\n<meta property=\"og:url\" content=\"https:\/\/avocat-gc.com\/divorce\/avocat-divorce\/severac-daveyron\/\" \/>\n<meta property=\"og:site_name\" content=\"Avocat GC - Avocat Divorce\" \/>\n<meta property=\"article:modified_time\" content=\"2024-04-11T10:32:06+00:00\" \/>\n<meta name=\"twitter:card\" content=\"summary_large_image\" \/>\n<script type=\"application\/ld+json\" class=\"yoast-schema-graph\">{\"@context\":\"https:\\\/\\\/schema.org\",\"@graph\":[{\"@type\":\"WebPage\",\"@id\":\"https:\\\/\\\/avocat-gc.com\\\/divorce\\\/avocat-divorce\\\/severac-daveyron\\\/\",\"url\":\"https:\\\/\\\/avocat-gc.com\\\/divorce\\\/avocat-divorce\\\/severac-daveyron\\\/\",\"name\":\"Avocat Divorce \u00e0 S\u00e9v\u00e9rac d'Aveyron (12) - Avocat Divorce\",\"isPartOf\":{\"@id\":\"https:\\\/\\\/avocat-gc.com\\\/divorce\\\/#website\"},\"datePublished\":\"2018-05-09T00:00:00+00:00\",\"dateModified\":\"2024-04-11T10:32:06+00:00\",\"description\":\"Divorcez \u00e0 S\u00e9v\u00e9rac d'Aveyron (12) en 1 mois \u00e0 partir de 425\u20ac TTC. Contactez un Avocat divorce au \u260e 01.47.04.25.40 . Recevez un devis gratuit et imm\u00e9diat pour votre divorce. Cabinet Gueguen-Carroll. Divorce amiable - Divorce sans juge\",\"breadcrumb\":{\"@id\":\"https:\\\/\\\/avocat-gc.com\\\/divorce\\\/avocat-divorce\\\/severac-daveyron\\\/#breadcrumb\"},\"inLanguage\":\"fr-FR\",\"potentialAction\":[{\"@type\":\"ReadAction\",\"target\":[\"https:\\\/\\\/avocat-gc.com\\\/divorce\\\/avocat-divorce\\\/severac-daveyron\\\/\"]}]},{\"@type\":\"BreadcrumbList\",\"@id\":\"https:\\\/\\\/avocat-gc.com\\\/divorce\\\/avocat-divorce\\\/severac-daveyron\\\/#breadcrumb\",\"itemListElement\":[{\"@type\":\"ListItem\",\"position\":1,\"name\":\"Accueil\",\"item\":\"https:\\\/\\\/avocat-gc.com\\\/divorce\\\/\"},{\"@type\":\"ListItem\",\"position\":2,\"name\":\"Avocat Divorce\",\"item\":\"https:\\\/\\\/avocat-gc.com\\\/divorce\\\/avocat-divorce\\\/\"},{\"@type\":\"ListItem\",\"position\":3,\"name\":\"Avocat Divorce \u00e0 S\u00e9v\u00e9rac d&rsquo;Aveyron (12)\"}]},{\"@type\":\"WebSite\",\"@id\":\"https:\\\/\\\/avocat-gc.com\\\/divorce\\\/#website\",\"url\":\"https:\\\/\\\/avocat-gc.com\\\/divorce\\\/\",\"name\":\"Avocat GC - Avocat Divorce\",\"description\":\"\",\"publisher\":{\"@id\":\"https:\\\/\\\/avocat-gc.com\\\/divorce\\\/#organization\"},\"potentialAction\":[{\"@type\":\"SearchAction\",\"target\":{\"@type\":\"EntryPoint\",\"urlTemplate\":\"https:\\\/\\\/avocat-gc.com\\\/divorce\\\/?s={search_term_string}\"},\"query-input\":{\"@type\":\"PropertyValueSpecification\",\"valueRequired\":true,\"valueName\":\"search_term_string\"}}],\"inLanguage\":\"fr-FR\"},{\"@type\":\"Organization\",\"@id\":\"https:\\\/\\\/avocat-gc.com\\\/divorce\\\/#organization\",\"name\":\"Avocat GC - Avocat Divorce\",\"url\":\"https:\\\/\\\/avocat-gc.com\\\/divorce\\\/\",\"logo\":{\"@type\":\"ImageObject\",\"inLanguage\":\"fr-FR\",\"@id\":\"https:\\\/\\\/avocat-gc.com\\\/divorce\\\/#\\\/schema\\\/logo\\\/image\\\/\",\"url\":\"https:\\\/\\\/avocat-gc.com\\\/divorce\\\/wp-content\\\/uploads\\\/2024\\\/04\\\/cropped-Sans-titre.png\",\"contentUrl\":\"https:\\\/\\\/avocat-gc.com\\\/divorce\\\/wp-content\\\/uploads\\\/2024\\\/04\\\/cropped-Sans-titre.png\",\"width\":200,\"height\":180,\"caption\":\"Avocat GC - Avocat Divorce\"},\"image\":{\"@id\":\"https:\\\/\\\/avocat-gc.com\\\/divorce\\\/#\\\/schema\\\/logo\\\/image\\\/\"}}]}<\/script>\n<!-- \/ Yoast SEO plugin. -->","yoast_head_json":{"title":"Avocat Divorce \u00e0 S\u00e9v\u00e9rac d'Aveyron (12) - Avocat Divorce","description":"Divorcez \u00e0 S\u00e9v\u00e9rac d'Aveyron (12) en 1 mois \u00e0 partir de 425\u20ac TTC. Contactez un Avocat divorce au \u260e 01.47.04.25.40 . Recevez un devis gratuit et imm\u00e9diat pour votre divorce. Cabinet Gueguen-Carroll. Divorce amiable - Divorce sans juge","robots":{"index":"index","follow":"follow","max-snippet":"max-snippet:-1","max-image-preview":"max-image-preview:large","max-video-preview":"max-video-preview:-1"},"canonical":"https:\/\/avocat-gc.com\/divorce\/avocat-divorce\/severac-daveyron\/","og_locale":"fr_FR","og_type":"article","og_title":"Avocat Divorce \u00e0 S\u00e9v\u00e9rac d'Aveyron (12) - Avocat Divorce","og_description":"Divorcez \u00e0 S\u00e9v\u00e9rac d'Aveyron (12) en 1 mois \u00e0 partir de 425\u20ac TTC. Contactez un Avocat divorce au \u260e 01.47.04.25.40 . Recevez un devis gratuit et imm\u00e9diat pour votre divorce. Cabinet Gueguen-Carroll. Divorce amiable - Divorce sans juge","og_url":"https:\/\/avocat-gc.com\/divorce\/avocat-divorce\/severac-daveyron\/","og_site_name":"Avocat GC - Avocat Divorce","article_modified_time":"2024-04-11T10:32:06+00:00","twitter_card":"summary_large_image","schema":{"@context":"https:\/\/schema.org","@graph":[{"@type":"WebPage","@id":"https:\/\/avocat-gc.com\/divorce\/avocat-divorce\/severac-daveyron\/","url":"https:\/\/avocat-gc.com\/divorce\/avocat-divorce\/severac-daveyron\/","name":"Avocat Divorce \u00e0 S\u00e9v\u00e9rac d'Aveyron (12) - Avocat Divorce","isPartOf":{"@id":"https:\/\/avocat-gc.com\/divorce\/#website"},"datePublished":"2018-05-09T00:00:00+00:00","dateModified":"2024-04-11T10:32:06+00:00","description":"Divorcez \u00e0 S\u00e9v\u00e9rac d'Aveyron (12) en 1 mois \u00e0 partir de 425\u20ac TTC. Contactez un Avocat divorce au \u260e 01.47.04.25.40 . Recevez un devis gratuit et imm\u00e9diat pour votre divorce. Cabinet Gueguen-Carroll. Divorce amiable - Divorce sans juge","breadcrumb":{"@id":"https:\/\/avocat-gc.com\/divorce\/avocat-divorce\/severac-daveyron\/#breadcrumb"},"inLanguage":"fr-FR","potentialAction":[{"@type":"ReadAction","target":["https:\/\/avocat-gc.com\/divorce\/avocat-divorce\/severac-daveyron\/"]}]},{"@type":"BreadcrumbList","@id":"https:\/\/avocat-gc.com\/divorce\/avocat-divorce\/severac-daveyron\/#breadcrumb","itemListElement":[{"@type":"ListItem","position":1,"name":"Accueil","item":"https:\/\/avocat-gc.com\/divorce\/"},{"@type":"ListItem","position":2,"name":"Avocat Divorce","item":"https:\/\/avocat-gc.com\/divorce\/avocat-divorce\/"},{"@type":"ListItem","position":3,"name":"Avocat Divorce \u00e0 S\u00e9v\u00e9rac d&rsquo;Aveyron (12)"}]},{"@type":"WebSite","@id":"https:\/\/avocat-gc.com\/divorce\/#website","url":"https:\/\/avocat-gc.com\/divorce\/","name":"Avocat GC - Avocat Divorce","description":"","publisher":{"@id":"https:\/\/avocat-gc.com\/divorce\/#organization"},"potentialAction":[{"@type":"SearchAction","target":{"@type":"EntryPoint","urlTemplate":"https:\/\/avocat-gc.com\/divorce\/?s={search_term_string}"},"query-input":{"@type":"PropertyValueSpecification","valueRequired":true,"valueName":"search_term_string"}}],"inLanguage":"fr-FR"},{"@type":"Organization","@id":"https:\/\/avocat-gc.com\/divorce\/#organization","name":"Avocat GC - Avocat Divorce","url":"https:\/\/avocat-gc.com\/divorce\/","logo":{"@type":"ImageObject","inLanguage":"fr-FR","@id":"https:\/\/avocat-gc.com\/divorce\/#\/schema\/logo\/image\/","url":"https:\/\/avocat-gc.com\/divorce\/wp-content\/uploads\/2024\/04\/cropped-Sans-titre.png","contentUrl":"https:\/\/avocat-gc.com\/divorce\/wp-content\/uploads\/2024\/04\/cropped-Sans-titre.png","width":200,"height":180,"caption":"Avocat GC - Avocat Divorce"},"image":{"@id":"https:\/\/avocat-gc.com\/divorce\/#\/schema\/logo\/image\/"}}]}},"_links":{"self":[{"href":"https:\/\/avocat-gc.com\/divorce\/wp-json\/wp\/v2\/pages\/5438","targetHints":{"allow":["GET"]}}],"collection":[{"href":"https:\/\/avocat-gc.com\/divorce\/wp-json\/wp\/v2\/pages"}],"about":[{"href":"https:\/\/avocat-gc.com\/divorce\/wp-json\/wp\/v2\/types\/page"}],"author":[{"embeddable":true,"href":"https:\/\/avocat-gc.com\/divorce\/wp-json\/wp\/v2\/users\/1"}],"replies":[{"embeddable":true,"href":"https:\/\/avocat-gc.com\/divorce\/wp-json\/wp\/v2\/comments?post=5438"}],"version-history":[{"count":0,"href":"https:\/\/avocat-gc.com\/divorce\/wp-json\/wp\/v2\/pages\/5438\/revisions"}],"up":[{"embeddable":true,"href":"https:\/\/avocat-gc.com\/divorce\/wp-json\/wp\/v2\/pages\/7084"}],"wp:attachment":[{"href":"https:\/\/avocat-gc.com\/divorce\/wp-json\/wp\/v2\/media?parent=5438"}],"wp:term":[{"taxonomy":"priorite","embeddable":true,"href":"https:\/\/avocat-gc.com\/divorce\/wp-json\/wp\/v2\/priorite?post=5438"}],"curies":[{"name":"wp","href":"https:\/\/api.w.org\/{rel}","templated":true}]}}