{"id":5274,"date":"2019-08-01T00:00:00","date_gmt":"2019-08-01T00:00:00","guid":{"rendered":"https:\/\/avocat-gc.com\/divorce\/saint-paul-les-dax\/"},"modified":"2024-04-11T10:31:53","modified_gmt":"2024-04-11T10:31:53","slug":"saint-paul-les-dax","status":"publish","type":"page","link":"https:\/\/avocat-gc.com\/divorce\/avocat-divorce\/saint-paul-les-dax\/","title":{"rendered":"Avocat Divorce \u00e0 Saint-Paul-l\u00e8s-Dax  (40)"},"content":{"rendered":"<\/p>\n<p>Avocat Divorce \u00e0 Saint-Paul-l\u00e8s-Dax  (40)<\/p>\n<p style=\"text-align: center;\"><a href=\"https:\/\/fr.trustpilot.com\/review\/avocat-gc.com?utm_medium=Trustbox&#038;utm_source=EmailNewsletter2\" target=\"_blank\" style=\"text-decoration: none;\" rel=\"noopener\"><img decoding=\"async\" src=\"https:\/\/emailsignature.trustpilot.com\/logo\/n\/2\/logo@2x.png\" border=\"0\" height=\"24\" alt=\"Trustpilot Logo\" style=\"max-height: 24px; width: initial; margin: 0px;\" \/><img decoding=\"async\" src=\"https:\/\/emailsignature.trustpilot.com\/newsletter\/fr-FR\/2\/4f0b2b150000640005122a37\/stars@2x.png\" border=\"0\" height=\"52\" alt=\"Trustpilot Stars\" style=\"max-height: 52px; width: initial; margin: 5px 0px;\" \/><img decoding=\"async\" src=\"https:\/\/emailsignature.trustpilot.com\/newsletter\/fr-FR\/2\/4f0b2b150000640005122a37\/text@2x.png\" border=\"0\" height=\"14\" alt=\"TrustScore\" style=\"max-height: 14px; width: initial; margin: 0px;\" \/><\/a><\/p>\n<\/p>\n<h2>VOTRE DIVORCE \u00c0 SAINT-PAUL-LES-DAX EN 1 MOIS<\/h2>\n<p> J&rsquo;INTERVIENS DANS TOUTE LA FRANCE <a href=\"http:\/\/avocat-gc.com\/divorce\/avocat-divorce\/paris\/\" rel=\"nofollow noopener\" title=\"\" target=\"_parent\">Notre cabinet \u00e0 Paris<\/a> : 42 Rue de L\u00fcbeck, 75116 Paris 01 47 04 25 40<\/p>\n<h3>1 &#8211; Le rendez-vous<\/h3>\n<p class=\"img-right\"><img decoding=\"async\" alt=\"Avocat Divorce \u00e0 Saint-Paul-l\u00e8s-Dax  (40)\" width=\"170\" border=\"2\" src=\"\/divorce\/wp-content\/uploads\/2024\/04\/divorce-consentement-mutuel.png\" title=\"Avocat Divorce \u00e0 Saint-Paul-l\u00e8s-Dax  (40)\" \/><\/p>\n<p align=\"justify\">Notre cabinet d&rsquo;avocats, experiment\u00e9\u00a0en divorce, est comp\u00e9tent pour vous divorcer dans le d\u00e9partement des Landes, en Nouvelle-Aquitaine. Pour contacter notre cabinet, il vous suffit de nous appeler par t\u00e9l\u00e9phone au 01 47 04 25 40 ou par email \u00e0 <a href=\"mailto:info@avocat-gc.com?subject=Demande%20de%20rendez-vous\">info@avocat-gc.com<\/a>Durant ce premier rendez-vous :<\/p>\n<p>Le d\u00e9roulement et la proc\u00e9dure de votre divorce vous seront expliqu\u00e9s<br \/>\nLa convention de divorce sera r\u00e9dig\u00e9e<br \/>\nNous r\u00e9pondrons \u00e0 toutes vos questions<\/p>\n<h3>2 &#8211; La signature<\/h3>\n<p class=\"img-left\"><img decoding=\"async\" align=\"left\" alt=\"Avocat Divorce sans juge Saint-Paul-l\u00e8s-Dax  (40)\" width=\"170\" border=\"2\" src=\"\/divorce\/wp-content\/uploads\/2024\/04\/divorce-sans-avocat.jpg\" style=\"padding:5px;margin-right: 5px;\" title=\"Avocat Divorce sans juge Saint-Paul-l\u00e8s-Dax  (40)\" \/><\/p>\n<p align=\"justify\">Vous recevrez, par voie postale en courrier recommand\u00e9 avec accus\u00e9 de r\u00e9ception, votre projet de convention de divorce. Vous aurez alors un d\u00e9lai de 15 jours pour r\u00e9fl\u00e9chir puis signer ce projet.La convention sera ensuite transmise au notaire afin qu&rsquo;il lui donne force ex\u00e9cutoire et date certaine. Vous serez officiellement divorc\u00e9s.    DIVORCE DEVANT LE JUGE : Il est toujours possible de divorcer \u00e0 l&rsquo;amiable devant le Juge, sous certaines conditions. Votre divorce sera prononc\u00e9 au terme d&rsquo;une audience au Tribunal \u00e0 laquelle vous devez obligatoirement assister, ainsi que votre avocat. Les d\u00e9lais sont variables, environ 3 \u00e0 6 mois.   \u00c0 SAVOIR :\u00a0Si un d\u00e9saccord persiste entre les \u00e9poux, il faudrait alors entamer une proc\u00e9dure de\u00a0divorce contentieuse qui se r\u00e9glera au terme de plusieurs audiences au tribunal:<\/p>\n<p class=\"img-right\"><img decoding=\"async\" align=\"right\" alt=\"Avocat Divorce TGI Dax (40)\" title=\"Avocat Divorce TGI Dax (40)\" width=\"80\" border=\"2\" src=\"\/divorce\/wp-content\/uploads\/2024\/04\/tgi\/tgi-palais-justice-bordeaux.jpeg\" \/><\/p>\n<\/p>\n<p>TRIBUNAL DE GRANDE INSTANCE DE DAX :rue des Fusill\u00e9s BP 355 40107 DAX CEDEXTel : 05 24 26 34 00 &#8211; Fax : 05 58 74 60 71Du lundi au vendredi : de 09h00 \u00e0 12h00 de 13h30 \u00e0 17h00<\/p>\n<h3>3 &#8211; L&rsquo;enregistrement<\/h3>\n<p class=\"img-right\"><img decoding=\"async\" align=\"left\" alt=\"Avocat Divorce amiable Saint-Paul-l\u00e8s-Dax  (40)\" width=\"170\" border=\"2\" src=\"\/divorce\/wp-content\/uploads\/2024\/04\/divorce-simple.png\" style=\"padding:5px;margin-right: 5px;\" title=\"Avocat Divorce amiable Saint-Paul-l\u00e8s-Dax  (40)\" \/><\/p>\n<p align=\"justify\">Afin de vous simplifier les t\u00e2ches administratives, et sans frais suppl\u00e9mentaires, nous vous transmettons l&rsquo;attestation d&rsquo;enregistrement de divorce et nous accomplissons les formalit\u00e9s d&rsquo;inscription de votre divorce sur vos actes d&rsquo;\u00e9tat civil.  Pour tout renseignement concernant le co\u00fbt de cette proc\u00e9dure, veuillez remplir et renvoyer le devis en cliquant sur le lien ci-dessous:<\/p>\n<\/p>\n<p><a href=\"http:\/\/avocat-gc.com\/divorce\/avocat-divorce-10-ans-dexperience\/\" rel=\"nofollow noopener\" target=\"_parent\">\u25ba DEVIS: AVOCAT DIVORCE \u00c0 SAINT-PAUL-LES-DAX<\/a><\/p>\n<h3> 4 &#8211; Divorcer sans juge \u00e0 Saint-Paul-l\u00e8s-Dax (40) <\/h3>\n<p>Le divorce \u00e0 l&rsquo;amiable sans juge\u00a0est la proc\u00e9dure la plus rapide et la moins co\u00fbteuse. Elle permet aux \u00e9poux de divorcer rapidement en s&rsquo;accordant sur les effets du divorce. Pour en connaitre davantage sur un divorce sans juge \u00e0 Saint-Paul-l\u00e8s-Dax  (40), veuillez suivre le lien ci-apr\u00e8s:\n<\/p>\n<p><a href=\"http:\/\/avocat-gc.com\/divorce\/avocat-divorce-amiable-sans-juge-saint-paul-les-dax\/\" class=\"lien-ville\">AVOCAT DIVORCE AMIABLE SANS JUGE  SAINT-PAUL-LES-DAX<\/a><\/p>\n","protected":false},"excerpt":{"rendered":"<p>Avocat Divorce \u00e0 Saint-Paul-l\u00e8s-Dax (40) VOTRE DIVORCE \u00c0 SAINT-PAUL-LES-DAX EN 1 MOIS J&rsquo;INTERVIENS DANS TOUTE LA FRANCE Notre cabinet \u00e0 Paris : 42 Rue de L\u00fcbeck, 75116 Paris 01 47 04 25 40 1 &#8211; Le rendez-vous Notre cabinet d&rsquo;avocats, experiment\u00e9\u00a0en divorce, est comp\u00e9tent pour vous divorcer dans le d\u00e9partement des Landes, en Nouvelle-Aquitaine. Pour [&hellip;]<\/p>\n","protected":false},"author":1,"featured_media":0,"parent":7084,"menu_order":0,"comment_status":"closed","ping_status":"closed","template":"page-ville.php","meta":{"_acf_changed":false,"inline_featured_image":false,"footnotes":""},"priorite":[],"class_list":["post-5274","page","type-page","status-publish","hentry"],"acf":[],"yoast_head":"<!-- This site is optimized with the Yoast SEO plugin v27.3 - https:\/\/yoast.com\/product\/yoast-seo-wordpress\/ -->\n<title>Avocat Divorce \u00e0 Saint-Paul-l\u00e8s-Dax (40) - Avocat Divorce<\/title>\n<meta name=\"description\" content=\"Divorcez \u00e0 Saint-Paul-l\u00e8s-Dax (40) en 1 mois \u00e0 partir de 425\u20ac TTC. Contactez un Avocat divorce au 01.47.04.25.40 . Devis Gratuit &amp; Imm\u00e9diat. Cabinet Avocat GC. Divorce amiable - Divorce sans juge\" \/>\n<meta name=\"robots\" content=\"index, follow, max-snippet:-1, max-image-preview:large, max-video-preview:-1\" \/>\n<link rel=\"canonical\" href=\"https:\/\/avocat-gc.com\/divorce\/avocat-divorce\/saint-paul-les-dax\/\" \/>\n<meta property=\"og:locale\" content=\"fr_FR\" \/>\n<meta property=\"og:type\" content=\"article\" \/>\n<meta property=\"og:title\" content=\"Avocat Divorce \u00e0 Saint-Paul-l\u00e8s-Dax (40) - Avocat Divorce\" \/>\n<meta property=\"og:description\" content=\"Divorcez \u00e0 Saint-Paul-l\u00e8s-Dax (40) en 1 mois \u00e0 partir de 425\u20ac TTC. Contactez un Avocat divorce au 01.47.04.25.40 . Devis Gratuit &amp; Imm\u00e9diat. Cabinet Avocat GC. Divorce amiable - Divorce sans juge\" \/>\n<meta property=\"og:url\" content=\"https:\/\/avocat-gc.com\/divorce\/avocat-divorce\/saint-paul-les-dax\/\" \/>\n<meta property=\"og:site_name\" content=\"Avocat GC - Avocat Divorce\" \/>\n<meta property=\"article:modified_time\" content=\"2024-04-11T10:31:53+00:00\" \/>\n<meta property=\"og:image\" content=\"https:\/\/emailsignature.trustpilot.com\/logo\/n\/2\/logo@2x.png\" \/>\n<meta name=\"twitter:card\" content=\"summary_large_image\" \/>\n<script type=\"application\/ld+json\" class=\"yoast-schema-graph\">{\"@context\":\"https:\\\/\\\/schema.org\",\"@graph\":[{\"@type\":\"WebPage\",\"@id\":\"https:\\\/\\\/avocat-gc.com\\\/divorce\\\/avocat-divorce\\\/saint-paul-les-dax\\\/\",\"url\":\"https:\\\/\\\/avocat-gc.com\\\/divorce\\\/avocat-divorce\\\/saint-paul-les-dax\\\/\",\"name\":\"Avocat Divorce \u00e0 Saint-Paul-l\u00e8s-Dax (40) - Avocat Divorce\",\"isPartOf\":{\"@id\":\"https:\\\/\\\/avocat-gc.com\\\/divorce\\\/#website\"},\"primaryImageOfPage\":{\"@id\":\"https:\\\/\\\/avocat-gc.com\\\/divorce\\\/avocat-divorce\\\/saint-paul-les-dax\\\/#primaryimage\"},\"image\":{\"@id\":\"https:\\\/\\\/avocat-gc.com\\\/divorce\\\/avocat-divorce\\\/saint-paul-les-dax\\\/#primaryimage\"},\"thumbnailUrl\":\"https:\\\/\\\/emailsignature.trustpilot.com\\\/logo\\\/n\\\/2\\\/logo@2x.png\",\"datePublished\":\"2019-08-01T00:00:00+00:00\",\"dateModified\":\"2024-04-11T10:31:53+00:00\",\"description\":\"Divorcez \u00e0 Saint-Paul-l\u00e8s-Dax (40) en 1 mois \u00e0 partir de 425\u20ac TTC. Contactez un Avocat divorce au 01.47.04.25.40 . Devis Gratuit & Imm\u00e9diat. Cabinet Avocat GC. Divorce amiable - Divorce sans juge\",\"breadcrumb\":{\"@id\":\"https:\\\/\\\/avocat-gc.com\\\/divorce\\\/avocat-divorce\\\/saint-paul-les-dax\\\/#breadcrumb\"},\"inLanguage\":\"fr-FR\",\"potentialAction\":[{\"@type\":\"ReadAction\",\"target\":[\"https:\\\/\\\/avocat-gc.com\\\/divorce\\\/avocat-divorce\\\/saint-paul-les-dax\\\/\"]}]},{\"@type\":\"ImageObject\",\"inLanguage\":\"fr-FR\",\"@id\":\"https:\\\/\\\/avocat-gc.com\\\/divorce\\\/avocat-divorce\\\/saint-paul-les-dax\\\/#primaryimage\",\"url\":\"https:\\\/\\\/emailsignature.trustpilot.com\\\/logo\\\/n\\\/2\\\/logo@2x.png\",\"contentUrl\":\"https:\\\/\\\/emailsignature.trustpilot.com\\\/logo\\\/n\\\/2\\\/logo@2x.png\"},{\"@type\":\"BreadcrumbList\",\"@id\":\"https:\\\/\\\/avocat-gc.com\\\/divorce\\\/avocat-divorce\\\/saint-paul-les-dax\\\/#breadcrumb\",\"itemListElement\":[{\"@type\":\"ListItem\",\"position\":1,\"name\":\"Accueil\",\"item\":\"https:\\\/\\\/avocat-gc.com\\\/divorce\\\/\"},{\"@type\":\"ListItem\",\"position\":2,\"name\":\"Avocat Divorce\",\"item\":\"https:\\\/\\\/avocat-gc.com\\\/divorce\\\/avocat-divorce\\\/\"},{\"@type\":\"ListItem\",\"position\":3,\"name\":\"Avocat Divorce \u00e0 Saint-Paul-l\u00e8s-Dax (40)\"}]},{\"@type\":\"WebSite\",\"@id\":\"https:\\\/\\\/avocat-gc.com\\\/divorce\\\/#website\",\"url\":\"https:\\\/\\\/avocat-gc.com\\\/divorce\\\/\",\"name\":\"Avocat GC - Avocat Divorce\",\"description\":\"\",\"publisher\":{\"@id\":\"https:\\\/\\\/avocat-gc.com\\\/divorce\\\/#organization\"},\"potentialAction\":[{\"@type\":\"SearchAction\",\"target\":{\"@type\":\"EntryPoint\",\"urlTemplate\":\"https:\\\/\\\/avocat-gc.com\\\/divorce\\\/?s={search_term_string}\"},\"query-input\":{\"@type\":\"PropertyValueSpecification\",\"valueRequired\":true,\"valueName\":\"search_term_string\"}}],\"inLanguage\":\"fr-FR\"},{\"@type\":\"Organization\",\"@id\":\"https:\\\/\\\/avocat-gc.com\\\/divorce\\\/#organization\",\"name\":\"Avocat GC - Avocat Divorce\",\"url\":\"https:\\\/\\\/avocat-gc.com\\\/divorce\\\/\",\"logo\":{\"@type\":\"ImageObject\",\"inLanguage\":\"fr-FR\",\"@id\":\"https:\\\/\\\/avocat-gc.com\\\/divorce\\\/#\\\/schema\\\/logo\\\/image\\\/\",\"url\":\"https:\\\/\\\/avocat-gc.com\\\/divorce\\\/wp-content\\\/uploads\\\/2024\\\/04\\\/cropped-Sans-titre.png\",\"contentUrl\":\"https:\\\/\\\/avocat-gc.com\\\/divorce\\\/wp-content\\\/uploads\\\/2024\\\/04\\\/cropped-Sans-titre.png\",\"width\":200,\"height\":180,\"caption\":\"Avocat GC - Avocat Divorce\"},\"image\":{\"@id\":\"https:\\\/\\\/avocat-gc.com\\\/divorce\\\/#\\\/schema\\\/logo\\\/image\\\/\"}}]}<\/script>\n<!-- \/ Yoast SEO plugin. -->","yoast_head_json":{"title":"Avocat Divorce \u00e0 Saint-Paul-l\u00e8s-Dax (40) - Avocat Divorce","description":"Divorcez \u00e0 Saint-Paul-l\u00e8s-Dax (40) en 1 mois \u00e0 partir de 425\u20ac TTC. Contactez un Avocat divorce au 01.47.04.25.40 . Devis Gratuit & Imm\u00e9diat. Cabinet Avocat GC. Divorce amiable - Divorce sans juge","robots":{"index":"index","follow":"follow","max-snippet":"max-snippet:-1","max-image-preview":"max-image-preview:large","max-video-preview":"max-video-preview:-1"},"canonical":"https:\/\/avocat-gc.com\/divorce\/avocat-divorce\/saint-paul-les-dax\/","og_locale":"fr_FR","og_type":"article","og_title":"Avocat Divorce \u00e0 Saint-Paul-l\u00e8s-Dax (40) - Avocat Divorce","og_description":"Divorcez \u00e0 Saint-Paul-l\u00e8s-Dax (40) en 1 mois \u00e0 partir de 425\u20ac TTC. Contactez un Avocat divorce au 01.47.04.25.40 . Devis Gratuit & Imm\u00e9diat. Cabinet Avocat GC. Divorce amiable - Divorce sans juge","og_url":"https:\/\/avocat-gc.com\/divorce\/avocat-divorce\/saint-paul-les-dax\/","og_site_name":"Avocat GC - Avocat Divorce","article_modified_time":"2024-04-11T10:31:53+00:00","og_image":[{"url":"https:\/\/emailsignature.trustpilot.com\/logo\/n\/2\/logo@2x.png","type":"","width":"","height":""}],"twitter_card":"summary_large_image","schema":{"@context":"https:\/\/schema.org","@graph":[{"@type":"WebPage","@id":"https:\/\/avocat-gc.com\/divorce\/avocat-divorce\/saint-paul-les-dax\/","url":"https:\/\/avocat-gc.com\/divorce\/avocat-divorce\/saint-paul-les-dax\/","name":"Avocat Divorce \u00e0 Saint-Paul-l\u00e8s-Dax (40) - Avocat Divorce","isPartOf":{"@id":"https:\/\/avocat-gc.com\/divorce\/#website"},"primaryImageOfPage":{"@id":"https:\/\/avocat-gc.com\/divorce\/avocat-divorce\/saint-paul-les-dax\/#primaryimage"},"image":{"@id":"https:\/\/avocat-gc.com\/divorce\/avocat-divorce\/saint-paul-les-dax\/#primaryimage"},"thumbnailUrl":"https:\/\/emailsignature.trustpilot.com\/logo\/n\/2\/logo@2x.png","datePublished":"2019-08-01T00:00:00+00:00","dateModified":"2024-04-11T10:31:53+00:00","description":"Divorcez \u00e0 Saint-Paul-l\u00e8s-Dax (40) en 1 mois \u00e0 partir de 425\u20ac TTC. Contactez un Avocat divorce au 01.47.04.25.40 . Devis Gratuit & Imm\u00e9diat. Cabinet Avocat GC. Divorce amiable - Divorce sans juge","breadcrumb":{"@id":"https:\/\/avocat-gc.com\/divorce\/avocat-divorce\/saint-paul-les-dax\/#breadcrumb"},"inLanguage":"fr-FR","potentialAction":[{"@type":"ReadAction","target":["https:\/\/avocat-gc.com\/divorce\/avocat-divorce\/saint-paul-les-dax\/"]}]},{"@type":"ImageObject","inLanguage":"fr-FR","@id":"https:\/\/avocat-gc.com\/divorce\/avocat-divorce\/saint-paul-les-dax\/#primaryimage","url":"https:\/\/emailsignature.trustpilot.com\/logo\/n\/2\/logo@2x.png","contentUrl":"https:\/\/emailsignature.trustpilot.com\/logo\/n\/2\/logo@2x.png"},{"@type":"BreadcrumbList","@id":"https:\/\/avocat-gc.com\/divorce\/avocat-divorce\/saint-paul-les-dax\/#breadcrumb","itemListElement":[{"@type":"ListItem","position":1,"name":"Accueil","item":"https:\/\/avocat-gc.com\/divorce\/"},{"@type":"ListItem","position":2,"name":"Avocat Divorce","item":"https:\/\/avocat-gc.com\/divorce\/avocat-divorce\/"},{"@type":"ListItem","position":3,"name":"Avocat Divorce \u00e0 Saint-Paul-l\u00e8s-Dax (40)"}]},{"@type":"WebSite","@id":"https:\/\/avocat-gc.com\/divorce\/#website","url":"https:\/\/avocat-gc.com\/divorce\/","name":"Avocat GC - Avocat Divorce","description":"","publisher":{"@id":"https:\/\/avocat-gc.com\/divorce\/#organization"},"potentialAction":[{"@type":"SearchAction","target":{"@type":"EntryPoint","urlTemplate":"https:\/\/avocat-gc.com\/divorce\/?s={search_term_string}"},"query-input":{"@type":"PropertyValueSpecification","valueRequired":true,"valueName":"search_term_string"}}],"inLanguage":"fr-FR"},{"@type":"Organization","@id":"https:\/\/avocat-gc.com\/divorce\/#organization","name":"Avocat GC - Avocat Divorce","url":"https:\/\/avocat-gc.com\/divorce\/","logo":{"@type":"ImageObject","inLanguage":"fr-FR","@id":"https:\/\/avocat-gc.com\/divorce\/#\/schema\/logo\/image\/","url":"https:\/\/avocat-gc.com\/divorce\/wp-content\/uploads\/2024\/04\/cropped-Sans-titre.png","contentUrl":"https:\/\/avocat-gc.com\/divorce\/wp-content\/uploads\/2024\/04\/cropped-Sans-titre.png","width":200,"height":180,"caption":"Avocat GC - Avocat Divorce"},"image":{"@id":"https:\/\/avocat-gc.com\/divorce\/#\/schema\/logo\/image\/"}}]}},"_links":{"self":[{"href":"https:\/\/avocat-gc.com\/divorce\/wp-json\/wp\/v2\/pages\/5274","targetHints":{"allow":["GET"]}}],"collection":[{"href":"https:\/\/avocat-gc.com\/divorce\/wp-json\/wp\/v2\/pages"}],"about":[{"href":"https:\/\/avocat-gc.com\/divorce\/wp-json\/wp\/v2\/types\/page"}],"author":[{"embeddable":true,"href":"https:\/\/avocat-gc.com\/divorce\/wp-json\/wp\/v2\/users\/1"}],"replies":[{"embeddable":true,"href":"https:\/\/avocat-gc.com\/divorce\/wp-json\/wp\/v2\/comments?post=5274"}],"version-history":[{"count":0,"href":"https:\/\/avocat-gc.com\/divorce\/wp-json\/wp\/v2\/pages\/5274\/revisions"}],"up":[{"embeddable":true,"href":"https:\/\/avocat-gc.com\/divorce\/wp-json\/wp\/v2\/pages\/7084"}],"wp:attachment":[{"href":"https:\/\/avocat-gc.com\/divorce\/wp-json\/wp\/v2\/media?parent=5274"}],"wp:term":[{"taxonomy":"priorite","embeddable":true,"href":"https:\/\/avocat-gc.com\/divorce\/wp-json\/wp\/v2\/priorite?post=5274"}],"curies":[{"name":"wp","href":"https:\/\/api.w.org\/{rel}","templated":true}]}}