{"id":5189,"date":"2024-03-31T10:04:16","date_gmt":"2024-03-31T10:04:16","guid":{"rendered":"https:\/\/avocat-gc.com\/divorce\/la-garde\/"},"modified":"2024-04-11T10:30:25","modified_gmt":"2024-04-11T10:30:25","slug":"la-garde","status":"publish","type":"page","link":"https:\/\/avocat-gc.com\/divorce\/avocat-divorce\/la-garde\/","title":{"rendered":"Avocat Divorce \u00e0 La Garde (83)"},"content":{"rendered":"<\/p>\n<p>Avocat Divorce \u00e0 La Garde (83)<\/p>\n<h2>VOTRE DIVORCE \u00c0 LA GARDE EN 1 MOIS<\/h2>\n<\/p>\n<p style=\"text-align: center;\"><a href=\"https:\/\/fr.trustpilot.com\/review\/avocat-gc.com?utm_medium=Trustbox&#038;utm_source=EmailNewsletter2\" target=\"_blank\" style=\"text-decoration: none;\" rel=\"noopener\"><img decoding=\"async\" src=\"https:\/\/emailsignature.trustpilot.com\/logo\/n\/2\/logo@2x.png\" border=\"0\" height=\"24\" alt=\"Trustpilot Logo\" style=\"max-height: 24px; width: initial; margin: 0px;\" \/><img decoding=\"async\" src=\"https:\/\/emailsignature.trustpilot.com\/newsletter\/fr-FR\/2\/4f0b2b150000640005122a37\/stars@2x.png\" border=\"0\" height=\"52\" alt=\"Trustpilot Stars\" style=\"max-height: 52px; width: initial; margin: 5px 0px;\" \/><img decoding=\"async\" src=\"https:\/\/emailsignature.trustpilot.com\/newsletter\/fr-FR\/2\/4f0b2b150000640005122a37\/text@2x.png\" border=\"0\" height=\"14\" alt=\"TrustScore\" style=\"max-height: 14px; width: initial; margin: 0px;\" \/><\/a><\/p>\n<\/p>\n<p> J&rsquo;INTERVIENS DANS TOUTE LA FRANCE <a href=\"http:\/\/avocat-gc.com\/divorce\/avocat-divorce\/paris\/\" rel=\"nofollow noopener\" title=\"\" target=\"_parent\">Notre cabinet \u00e0 Paris<\/a> : 42 Rue de L\u00fcbeck, 75116 Paris 01 47 04 25 40<\/p>\n<h3>1 &#8211; Le rendez-vous<\/h3>\n<p align=\"justify\">La premi\u00e8re \u00e9tape de votre divorce d\u00e9bute par un entretien avec notre avocat. Nous sommes comp\u00e9tents pour vous divorcer dans le Var, en Provence-Alpes-C\u00f4te-d&rsquo;Azur. Pour prendre un rendez-vous, il suffit de nous contacter par t\u00e9l\u00e9phone au 01 47 04 25 40 ou par email \u00e0 <a href=\"mailto:info@avocat-gc.com\">info@avocat-gc.com<\/a>. Lors de ce rendez-vous avec l\u2019avocat :<\/p>\n<p>Nous vous expliquerons le d\u00e9roulement de votre divorce.<br \/>\nNous r\u00e9digerons la convention de divorce.<\/p>\n<h3>2 &#8211; La signature<\/h3>\n<p class=\"img-left\"><img decoding=\"async\" alt=\"Avocat Divorce sans juge La Garde (83)\" title=\" Avocat Divorce sans juge La Garde (83)\" width=\"170\" border=\"2\" src=\"\/divorce\/wp-content\/uploads\/2024\/04\/divorce-sans-avocat.jpg\" \/><\/p>\n<p align=\"justify\">D\u00e9sormais, il n&rsquo;est plus n\u00e9cessaire de se pr\u00e9senter devant le Juge aux Affaires Familiales pour divorcer. En effet, votre projet de convention de divorce vous sera transmis directement par courrier recommand\u00e9 avec accus\u00e9 de r\u00e9ception. Vous aurez un d\u00e9lai de reflexion de 15 jours avant de signer et nous renvoyer le projet de convention. Une fois les documents sign\u00e9s, la convention est envoy\u00e9e par notre cabinet au notaire qui enregistrera votre divorce en lui donnant force ex\u00e9cutoire et date certaine.    DIVORCE DEVANT LE JUGE :  Sous certaines conditions, le\u00a0divorce \u00e0 l&rsquo;amiable devant le Juge\u00a0est toujours applicable. Cette proc\u00e9dure est constitu\u00e9e d&rsquo;une audience au tribunal devant le Juge aux Affaires Familiales. \u00a0Votre pr\u00e9sence est obligatoire ainsi que celle de votre avocat. Les d\u00e9lais sont variables en fonction des juridictions (3 \u00e0 6 mois).   \u00c0 SAVOIR :\u00a0La proc\u00e9dure de divorce sans juge est une proc\u00e9dure par consentement mutuel. Les deux \u00e9poux doivent s&rsquo;accorder sur les cons\u00e9quences du divorce. Le cas contraire, il faudrait alors opter pour un divorce contentieux qui se r\u00e9glera au terme de plusieurs audiences au tribunal:<\/p>\n<p class=\"img-right\"><img decoding=\"async\" align=\"right\" alt=\"Avocat Divorce TGI Toulon (83)\" title=\"Avocat Divorce TGI Toulon (83)\" width=\"80\" border=\"2\" src=\"\/divorce\/wp-content\/uploads\/2024\/04\/tgi\/tgi-palais-justice-toulon.jpeg\" \/><\/p>\n<\/p>\n<p> Tribunal de grande instance de Toulonplace Gabriel P\u00e9ri CS 90506 83041 TOULON CEDEX 9 T\u00e8l:+33 4 94 09 60 00 &#8211; Fax:+33 4 94 09 60 04 Du Lundi au Vendredi : de 08h15 \u00e0 17h15<\/p>\n<h3> 3 &#8211; L&rsquo;enregistrement<\/h3>\n<p class=\"img-right\"><img decoding=\"async\" align=\"left\" alt=\"Avocat Divorce Amiable La Garde (83)\" title=\"Avocat Divorce Amiable La Garde (83)\" width=\"170\" border=\"2\" src=\"\/divorce\/wp-content\/uploads\/2024\/04\/divorce-simple.png\" style=\"padding:5px;margin-right: 5px;\" \/><\/p>\n<p align=\"justify\">Nous vous adressons l&rsquo;attestation d&rsquo;enregistrement de divorce et nous accomplissons les formalit\u00e9s d&rsquo;inscription de votre divorce sur vos actes d&rsquo;\u00e9tat civil. Le co\u00fbt d&rsquo;un divorce \u00e0 La Garde (83) d\u00e9pend du type de proc\u00e9dure que vous souhaitez engager. Afin que nous puissions effectuer une estimation, merci de nous adresser le devis en ligne ci-dessous:<\/p>\n<\/p>\n<p><a href=\"http:\/\/avocat-gc.com\/divorce\/avocat-divorce-10-ans-dexperience\/\" rel=\"nofollow noopener\" target=\"_parent\">\u25ba DEVIS: AVOCAT DIVORCE \u00c0  LA GARDE<\/a><\/p>\n<h3> 4 &#8211; Divorcer sans juge \u00e0 La Garde (83) <\/h3>\n<p>La nouvelle Loi du divorce sans juge permet de divorcer dans les meilleurs d\u00e9lais. Pour conna\u00eetre chaque \u00e9tape d&rsquo;un divorce sans juge \u00e0 La Garde (83), veuillez suivre le lien ci-apr\u00e8s:\u00a0\n<\/p>\n<p><a href=\"http:\/\/avocat-gc.com\/divorce\/avocat-divorce-amiable-sans-juge-la-garde-83\/\" class=\"lien-ville\">AVOCAT DIVORCE AMIABLE SANS JUGE LA GARDE<\/a><\/p>\n","protected":false},"excerpt":{"rendered":"<p>Avocat Divorce \u00e0 La Garde (83) VOTRE DIVORCE \u00c0 LA GARDE EN 1 MOIS J&rsquo;INTERVIENS DANS TOUTE LA FRANCE Notre cabinet \u00e0 Paris : 42 Rue de L\u00fcbeck, 75116 Paris 01 47 04 25 40 1 &#8211; Le rendez-vous La premi\u00e8re \u00e9tape de votre divorce d\u00e9bute par un entretien avec notre avocat. Nous sommes comp\u00e9tents [&hellip;]<\/p>\n","protected":false},"author":1,"featured_media":0,"parent":7084,"menu_order":0,"comment_status":"closed","ping_status":"closed","template":"page-ville.php","meta":{"_acf_changed":false,"inline_featured_image":false,"footnotes":""},"priorite":[],"class_list":["post-5189","page","type-page","status-publish","hentry"],"acf":[],"yoast_head":"<!-- This site is optimized with the Yoast SEO plugin v27.4 - https:\/\/yoast.com\/product\/yoast-seo-wordpress\/ -->\n<title>Avocat Divorce \u00e0 La Garde (83) - Avocat Divorce<\/title>\n<meta name=\"description\" content=\"Divorcez \u00e0 l&#039;amiable \u00e0 La Garde (83) en 1 mois \u00e0 partir de 425\u20ac TTC. Contactez un Avocat divorce au 01.47.04.25.40 . Devis Gratuit &amp; Imm\u00e9diat. Cabinet Avocat GC. Divorce amiable - Divorce sans juge\" \/>\n<meta name=\"robots\" content=\"index, follow, max-snippet:-1, max-image-preview:large, max-video-preview:-1\" \/>\n<link rel=\"canonical\" href=\"https:\/\/avocat-gc.com\/divorce\/avocat-divorce\/la-garde\/\" \/>\n<meta property=\"og:locale\" content=\"fr_FR\" \/>\n<meta property=\"og:type\" content=\"article\" \/>\n<meta property=\"og:title\" content=\"Avocat Divorce \u00e0 La Garde (83) - Avocat Divorce\" \/>\n<meta property=\"og:description\" content=\"Divorcez \u00e0 l&#039;amiable \u00e0 La Garde (83) en 1 mois \u00e0 partir de 425\u20ac TTC. Contactez un Avocat divorce au 01.47.04.25.40 . Devis Gratuit &amp; Imm\u00e9diat. Cabinet Avocat GC. Divorce amiable - Divorce sans juge\" \/>\n<meta property=\"og:url\" content=\"https:\/\/avocat-gc.com\/divorce\/avocat-divorce\/la-garde\/\" \/>\n<meta property=\"og:site_name\" content=\"Avocat GC - Avocat Divorce\" \/>\n<meta property=\"article:modified_time\" content=\"2024-04-11T10:30:25+00:00\" \/>\n<meta property=\"og:image\" content=\"https:\/\/emailsignature.trustpilot.com\/logo\/n\/2\/logo@2x.png\" \/>\n<meta name=\"twitter:card\" content=\"summary_large_image\" \/>\n<script type=\"application\/ld+json\" class=\"yoast-schema-graph\">{\"@context\":\"https:\\\/\\\/schema.org\",\"@graph\":[{\"@type\":\"WebPage\",\"@id\":\"https:\\\/\\\/avocat-gc.com\\\/divorce\\\/avocat-divorce\\\/la-garde\\\/\",\"url\":\"https:\\\/\\\/avocat-gc.com\\\/divorce\\\/avocat-divorce\\\/la-garde\\\/\",\"name\":\"Avocat Divorce \u00e0 La Garde (83) - Avocat Divorce\",\"isPartOf\":{\"@id\":\"https:\\\/\\\/avocat-gc.com\\\/divorce\\\/#website\"},\"primaryImageOfPage\":{\"@id\":\"https:\\\/\\\/avocat-gc.com\\\/divorce\\\/avocat-divorce\\\/la-garde\\\/#primaryimage\"},\"image\":{\"@id\":\"https:\\\/\\\/avocat-gc.com\\\/divorce\\\/avocat-divorce\\\/la-garde\\\/#primaryimage\"},\"thumbnailUrl\":\"https:\\\/\\\/emailsignature.trustpilot.com\\\/logo\\\/n\\\/2\\\/logo@2x.png\",\"datePublished\":\"2024-03-31T10:04:16+00:00\",\"dateModified\":\"2024-04-11T10:30:25+00:00\",\"description\":\"Divorcez \u00e0 l'amiable \u00e0 La Garde (83) en 1 mois \u00e0 partir de 425\u20ac TTC. Contactez un Avocat divorce au 01.47.04.25.40 . Devis Gratuit & Imm\u00e9diat. Cabinet Avocat GC. Divorce amiable - Divorce sans juge\",\"breadcrumb\":{\"@id\":\"https:\\\/\\\/avocat-gc.com\\\/divorce\\\/avocat-divorce\\\/la-garde\\\/#breadcrumb\"},\"inLanguage\":\"fr-FR\",\"potentialAction\":[{\"@type\":\"ReadAction\",\"target\":[\"https:\\\/\\\/avocat-gc.com\\\/divorce\\\/avocat-divorce\\\/la-garde\\\/\"]}]},{\"@type\":\"ImageObject\",\"inLanguage\":\"fr-FR\",\"@id\":\"https:\\\/\\\/avocat-gc.com\\\/divorce\\\/avocat-divorce\\\/la-garde\\\/#primaryimage\",\"url\":\"https:\\\/\\\/emailsignature.trustpilot.com\\\/logo\\\/n\\\/2\\\/logo@2x.png\",\"contentUrl\":\"https:\\\/\\\/emailsignature.trustpilot.com\\\/logo\\\/n\\\/2\\\/logo@2x.png\"},{\"@type\":\"BreadcrumbList\",\"@id\":\"https:\\\/\\\/avocat-gc.com\\\/divorce\\\/avocat-divorce\\\/la-garde\\\/#breadcrumb\",\"itemListElement\":[{\"@type\":\"ListItem\",\"position\":1,\"name\":\"Accueil\",\"item\":\"https:\\\/\\\/avocat-gc.com\\\/divorce\\\/\"},{\"@type\":\"ListItem\",\"position\":2,\"name\":\"Avocat Divorce\",\"item\":\"https:\\\/\\\/avocat-gc.com\\\/divorce\\\/avocat-divorce\\\/\"},{\"@type\":\"ListItem\",\"position\":3,\"name\":\"Avocat Divorce \u00e0 La Garde (83)\"}]},{\"@type\":\"WebSite\",\"@id\":\"https:\\\/\\\/avocat-gc.com\\\/divorce\\\/#website\",\"url\":\"https:\\\/\\\/avocat-gc.com\\\/divorce\\\/\",\"name\":\"Avocat GC - Avocat Divorce\",\"description\":\"\",\"publisher\":{\"@id\":\"https:\\\/\\\/avocat-gc.com\\\/divorce\\\/#organization\"},\"potentialAction\":[{\"@type\":\"SearchAction\",\"target\":{\"@type\":\"EntryPoint\",\"urlTemplate\":\"https:\\\/\\\/avocat-gc.com\\\/divorce\\\/?s={search_term_string}\"},\"query-input\":{\"@type\":\"PropertyValueSpecification\",\"valueRequired\":true,\"valueName\":\"search_term_string\"}}],\"inLanguage\":\"fr-FR\"},{\"@type\":\"Organization\",\"@id\":\"https:\\\/\\\/avocat-gc.com\\\/divorce\\\/#organization\",\"name\":\"Avocat GC - Avocat Divorce\",\"url\":\"https:\\\/\\\/avocat-gc.com\\\/divorce\\\/\",\"logo\":{\"@type\":\"ImageObject\",\"inLanguage\":\"fr-FR\",\"@id\":\"https:\\\/\\\/avocat-gc.com\\\/divorce\\\/#\\\/schema\\\/logo\\\/image\\\/\",\"url\":\"https:\\\/\\\/avocat-gc.com\\\/divorce\\\/wp-content\\\/uploads\\\/2024\\\/04\\\/cropped-Sans-titre.png\",\"contentUrl\":\"https:\\\/\\\/avocat-gc.com\\\/divorce\\\/wp-content\\\/uploads\\\/2024\\\/04\\\/cropped-Sans-titre.png\",\"width\":200,\"height\":180,\"caption\":\"Avocat GC - Avocat Divorce\"},\"image\":{\"@id\":\"https:\\\/\\\/avocat-gc.com\\\/divorce\\\/#\\\/schema\\\/logo\\\/image\\\/\"}}]}<\/script>\n<!-- \/ Yoast SEO plugin. -->","yoast_head_json":{"title":"Avocat Divorce \u00e0 La Garde (83) - Avocat Divorce","description":"Divorcez \u00e0 l'amiable \u00e0 La Garde (83) en 1 mois \u00e0 partir de 425\u20ac TTC. Contactez un Avocat divorce au 01.47.04.25.40 . Devis Gratuit & Imm\u00e9diat. Cabinet Avocat GC. Divorce amiable - Divorce sans juge","robots":{"index":"index","follow":"follow","max-snippet":"max-snippet:-1","max-image-preview":"max-image-preview:large","max-video-preview":"max-video-preview:-1"},"canonical":"https:\/\/avocat-gc.com\/divorce\/avocat-divorce\/la-garde\/","og_locale":"fr_FR","og_type":"article","og_title":"Avocat Divorce \u00e0 La Garde (83) - Avocat Divorce","og_description":"Divorcez \u00e0 l'amiable \u00e0 La Garde (83) en 1 mois \u00e0 partir de 425\u20ac TTC. Contactez un Avocat divorce au 01.47.04.25.40 . Devis Gratuit & Imm\u00e9diat. Cabinet Avocat GC. Divorce amiable - Divorce sans juge","og_url":"https:\/\/avocat-gc.com\/divorce\/avocat-divorce\/la-garde\/","og_site_name":"Avocat GC - Avocat Divorce","article_modified_time":"2024-04-11T10:30:25+00:00","og_image":[{"url":"https:\/\/emailsignature.trustpilot.com\/logo\/n\/2\/logo@2x.png","type":"","width":"","height":""}],"twitter_card":"summary_large_image","schema":{"@context":"https:\/\/schema.org","@graph":[{"@type":"WebPage","@id":"https:\/\/avocat-gc.com\/divorce\/avocat-divorce\/la-garde\/","url":"https:\/\/avocat-gc.com\/divorce\/avocat-divorce\/la-garde\/","name":"Avocat Divorce \u00e0 La Garde (83) - Avocat Divorce","isPartOf":{"@id":"https:\/\/avocat-gc.com\/divorce\/#website"},"primaryImageOfPage":{"@id":"https:\/\/avocat-gc.com\/divorce\/avocat-divorce\/la-garde\/#primaryimage"},"image":{"@id":"https:\/\/avocat-gc.com\/divorce\/avocat-divorce\/la-garde\/#primaryimage"},"thumbnailUrl":"https:\/\/emailsignature.trustpilot.com\/logo\/n\/2\/logo@2x.png","datePublished":"2024-03-31T10:04:16+00:00","dateModified":"2024-04-11T10:30:25+00:00","description":"Divorcez \u00e0 l'amiable \u00e0 La Garde (83) en 1 mois \u00e0 partir de 425\u20ac TTC. Contactez un Avocat divorce au 01.47.04.25.40 . Devis Gratuit & Imm\u00e9diat. Cabinet Avocat GC. Divorce amiable - Divorce sans juge","breadcrumb":{"@id":"https:\/\/avocat-gc.com\/divorce\/avocat-divorce\/la-garde\/#breadcrumb"},"inLanguage":"fr-FR","potentialAction":[{"@type":"ReadAction","target":["https:\/\/avocat-gc.com\/divorce\/avocat-divorce\/la-garde\/"]}]},{"@type":"ImageObject","inLanguage":"fr-FR","@id":"https:\/\/avocat-gc.com\/divorce\/avocat-divorce\/la-garde\/#primaryimage","url":"https:\/\/emailsignature.trustpilot.com\/logo\/n\/2\/logo@2x.png","contentUrl":"https:\/\/emailsignature.trustpilot.com\/logo\/n\/2\/logo@2x.png"},{"@type":"BreadcrumbList","@id":"https:\/\/avocat-gc.com\/divorce\/avocat-divorce\/la-garde\/#breadcrumb","itemListElement":[{"@type":"ListItem","position":1,"name":"Accueil","item":"https:\/\/avocat-gc.com\/divorce\/"},{"@type":"ListItem","position":2,"name":"Avocat Divorce","item":"https:\/\/avocat-gc.com\/divorce\/avocat-divorce\/"},{"@type":"ListItem","position":3,"name":"Avocat Divorce \u00e0 La Garde (83)"}]},{"@type":"WebSite","@id":"https:\/\/avocat-gc.com\/divorce\/#website","url":"https:\/\/avocat-gc.com\/divorce\/","name":"Avocat GC - Avocat Divorce","description":"","publisher":{"@id":"https:\/\/avocat-gc.com\/divorce\/#organization"},"potentialAction":[{"@type":"SearchAction","target":{"@type":"EntryPoint","urlTemplate":"https:\/\/avocat-gc.com\/divorce\/?s={search_term_string}"},"query-input":{"@type":"PropertyValueSpecification","valueRequired":true,"valueName":"search_term_string"}}],"inLanguage":"fr-FR"},{"@type":"Organization","@id":"https:\/\/avocat-gc.com\/divorce\/#organization","name":"Avocat GC - Avocat Divorce","url":"https:\/\/avocat-gc.com\/divorce\/","logo":{"@type":"ImageObject","inLanguage":"fr-FR","@id":"https:\/\/avocat-gc.com\/divorce\/#\/schema\/logo\/image\/","url":"https:\/\/avocat-gc.com\/divorce\/wp-content\/uploads\/2024\/04\/cropped-Sans-titre.png","contentUrl":"https:\/\/avocat-gc.com\/divorce\/wp-content\/uploads\/2024\/04\/cropped-Sans-titre.png","width":200,"height":180,"caption":"Avocat GC - Avocat Divorce"},"image":{"@id":"https:\/\/avocat-gc.com\/divorce\/#\/schema\/logo\/image\/"}}]}},"_links":{"self":[{"href":"https:\/\/avocat-gc.com\/divorce\/wp-json\/wp\/v2\/pages\/5189","targetHints":{"allow":["GET"]}}],"collection":[{"href":"https:\/\/avocat-gc.com\/divorce\/wp-json\/wp\/v2\/pages"}],"about":[{"href":"https:\/\/avocat-gc.com\/divorce\/wp-json\/wp\/v2\/types\/page"}],"author":[{"embeddable":true,"href":"https:\/\/avocat-gc.com\/divorce\/wp-json\/wp\/v2\/users\/1"}],"replies":[{"embeddable":true,"href":"https:\/\/avocat-gc.com\/divorce\/wp-json\/wp\/v2\/comments?post=5189"}],"version-history":[{"count":0,"href":"https:\/\/avocat-gc.com\/divorce\/wp-json\/wp\/v2\/pages\/5189\/revisions"}],"up":[{"embeddable":true,"href":"https:\/\/avocat-gc.com\/divorce\/wp-json\/wp\/v2\/pages\/7084"}],"wp:attachment":[{"href":"https:\/\/avocat-gc.com\/divorce\/wp-json\/wp\/v2\/media?parent=5189"}],"wp:term":[{"taxonomy":"priorite","embeddable":true,"href":"https:\/\/avocat-gc.com\/divorce\/wp-json\/wp\/v2\/priorite?post=5189"}],"curies":[{"name":"wp","href":"https:\/\/api.w.org\/{rel}","templated":true}]}}