{"id":5059,"date":"2024-03-29T15:42:00","date_gmt":"2024-03-29T15:42:00","guid":{"rendered":"https:\/\/avocat-gc.com\/divorce\/violences-conjugales\/"},"modified":"2024-03-29T15:42:00","modified_gmt":"2024-03-29T15:42:00","slug":"violences-conjugales","status":"publish","type":"page","link":"https:\/\/avocat-gc.com\/divorce\/violences-conjugales\/","title":{"rendered":"Violences conjugales"},"content":{"rendered":"<h2>Les violences conjugales<\/h2>\n<p>Pour les violences conjugales, il y a 2 volets \u00e0 analyser : le p\u00e9nal et le civil (divorce).<\/p>\n<h3>1. Le p\u00e9nal :<\/h3>\n<p align=\"justify\">Lorsque vous \u00eates victime de violences conjugales, il est n\u00e9cessaire de vous rendre au commissariat et de porter plainte, \u00e0 tout le moins de constater vos blessures par un m\u00e9decin (certificat m\u00e9dical).<br \/>\nNous savons qu\u2019il n\u2019est pas toujours si simple de porter plainte (attachement \u00e0 son conjoint, culpabilit\u00e9, d\u00e9pendance financi\u00e8re, cadre familial, pression sociale, etc.). Il ne faut alors pas h\u00e9siter \u00e0 vous rapprocher d\u2019associations sp\u00e9cialis\u00e9es (F\u00e9d\u00e9ration nationale solidarit\u00e9 femmes, contacter le 3919, etc.).\u00a0Ces violences peuvent prendre diff\u00e9rentes formes. Elles peuvent \u00eatre verbales (injures, insultes, menaces, etc.), psychologiques (m\u00e9pris, humiliation, etc.), physiques et sexuelles.\u00a0Malheureusement si vous \u00eates victime de violences conjugales, vous devrez prouver ces violences devant le magistrat.<br \/>\nAussi, l\u2019id\u00e9al est de rapidement porter plainte au commissariat. Vous serez alors encadr\u00e9 par les policiers. Il ne faut pas h\u00e9siter \u00e0 donner tous les d\u00e9tails, et \u00e9viter de minimiser les agissements de votre conjoint. Il est tr\u00e8s fr\u00e9quent de voir des \u00e9pouses abandonner leur plainte afin d\u2019\u00e9viter des probl\u00e8mes \u00e0 leur conjoint ce qui risque de donner un sentiment d\u2019impunit\u00e9 \u00e0 l\u2019\u00e9poux avec des risques de r\u00e9cidive.\u00a0Une fois votre plainte d\u00e9pos\u00e9e, vos blessures devront \u00eatre constat\u00e9es par un m\u00e9decin des Urgences M\u00e9dico Judiciaires (UMJ). Ce m\u00e9decin r\u00e9digera un certificat m\u00e9dical \u00e9valuant le nombre de jour d&rsquo;ITT (Incapacit\u00e9 Totale de Travail).\u00a0Nous avons dans notre cabinet des avocats p\u00e9nalistes qui pourront vous r\u00e9conforter, vous assister et vous d\u00e9fendre.<\/p>\n<\/p>\n<\/p>\n<h3>2. Le civil : le divorce<\/h3>\n<p align=\"justify\">Il existe des proc\u00e9dures d\u2019urgence (r\u00e9f\u00e9r\u00e9) qui sont des <a href=\"http:\/\/avocat-gc.com\/divorce\/definitions\/procedure\/\" title=\"\" target=\"\" rel=\"noopener\">proc\u00e9dures<\/a> judiciaires tr\u00e8s rapides (quelques jours selon les tribunaux), vous permettant de vous prot\u00e9ger de votre conjoint violent afin qu\u2019il quitte aussit\u00f4t le domicile conjugal.\u00a0Le <a href=\"http:\/\/avocat-gc.com\/divorce\/definitions\/juge-aux-affaires-familiales\/\" title=\"\" target=\"\" rel=\"noopener\">juge aux affaires familiales<\/a> statuera alors sur l\u2019expulsion imm\u00e9diate du conjoint violent, l\u2019attribution du domicile conjugal, les modalit\u00e9s d\u2019exercice de l\u2019<a href=\"http:\/\/avocat-gc.com\/divorce\/definitions\/autorite-parentale\/\" title=\"\" target=\"\" rel=\"noopener\">autorit\u00e9 parentale<\/a> et du <a href=\"http:\/\/avocat-gc.com\/divorce\/definitions\/droit-de-visite-et-hebergement\/\" title=\"\" target=\"\" rel=\"noopener\">droit de visite<\/a> des enfants, le devoir de secours, la <a href=\"http:\/\/avocat-gc.com\/divorce\/pension-alimentaire-enfants\/\" title=\"\" target=\"\" rel=\"noopener\">pension alimentaire<\/a>, etc.<\/p>\n<p>Il y aura lieu alors de justifier des violences commises par votre conjoint. Aussi la plainte d\u00e9pos\u00e9e au commissariat, le certificat m\u00e9dical \u00e9tablit par le m\u00e9decin des Urgences M\u00e9dico Judiciaires et les \u00e9ventuelles attestations de votre entourage seront n\u00e9cessaires.\u00a0Nous savons que vous vivez une p\u00e9riode difficile, alors pour toutes les victimes qui lisent cette page : Courage. Cette \u00e9preuve douloureuse s\u2019att\u00e9nuera lors du passage devant le magistrat.<\/p>\n<p>N\u2019h\u00e9sitez pas \u00e0 nous contacter afin que l\u2019on puisse vous renseigner et vous aider.<\/p>\n<\/p>\n<p><a class=\"btn-page-interne btn-red-zone\" href=\"http:\/\/avocat-gc.com\/divorce\/divorce-pour-faute\/\">EN SAVOIR +: LE DIVORCE POUR FAUTE<\/a><\/p>\n","protected":false},"excerpt":{"rendered":"<p>Les violences conjugales Pour les violences conjugales, il y a 2 volets \u00e0 analyser : le p\u00e9nal et le civil (divorce). 1. Le p\u00e9nal : Lorsque vous \u00eates victime de violences conjugales, il est n\u00e9cessaire de vous rendre au commissariat et de porter plainte, \u00e0 tout le moins de constater vos blessures par un m\u00e9decin [&hellip;]<\/p>\n","protected":false},"author":1,"featured_media":0,"parent":0,"menu_order":0,"comment_status":"closed","ping_status":"closed","template":"","meta":{"_acf_changed":false,"inline_featured_image":false,"footnotes":""},"priorite":[],"class_list":["post-5059","page","type-page","status-publish","hentry"],"acf":[],"yoast_head":"<!-- This site is optimized with the Yoast SEO plugin v27.5 - https:\/\/yoast.com\/product\/yoast-seo-wordpress\/ -->\n<title>Violences conjugales - Avocat Divorce<\/title>\n<meta name=\"description\" content=\"Pour les violences conjugales, tous nos conseils pour le p\u00e9nal et le civil (divorce).Ces violences peuvent prendre diff\u00e9rentes formes. Elles peuvent \u00eatre verbales (injures, insultes, menaces, etc.), psychologiques (m\u00e9pris, humiliation, etc.), physiques et sexuelles.\" \/>\n<meta name=\"robots\" content=\"index, follow, max-snippet:-1, max-image-preview:large, max-video-preview:-1\" \/>\n<link rel=\"canonical\" href=\"https:\/\/avocat-gc.com\/divorce\/violences-conjugales\/\" \/>\n<meta property=\"og:locale\" content=\"fr_FR\" \/>\n<meta property=\"og:type\" content=\"article\" \/>\n<meta property=\"og:title\" content=\"Violences conjugales - Avocat Divorce\" \/>\n<meta property=\"og:description\" content=\"Pour les violences conjugales, tous nos conseils pour le p\u00e9nal et le civil (divorce).Ces violences peuvent prendre diff\u00e9rentes formes. Elles peuvent \u00eatre verbales (injures, insultes, menaces, etc.), psychologiques (m\u00e9pris, humiliation, etc.), physiques et sexuelles.\" \/>\n<meta property=\"og:url\" content=\"https:\/\/avocat-gc.com\/divorce\/violences-conjugales\/\" \/>\n<meta property=\"og:site_name\" content=\"Avocat GC - Avocat Divorce\" \/>\n<meta name=\"twitter:card\" content=\"summary_large_image\" \/>\n<script type=\"application\/ld+json\" class=\"yoast-schema-graph\">{\"@context\":\"https:\\\/\\\/schema.org\",\"@graph\":[{\"@type\":\"WebPage\",\"@id\":\"https:\\\/\\\/avocat-gc.com\\\/divorce\\\/violences-conjugales\\\/\",\"url\":\"https:\\\/\\\/avocat-gc.com\\\/divorce\\\/violences-conjugales\\\/\",\"name\":\"Violences conjugales - Avocat Divorce\",\"isPartOf\":{\"@id\":\"https:\\\/\\\/avocat-gc.com\\\/divorce\\\/#website\"},\"datePublished\":\"2024-03-29T15:42:00+00:00\",\"description\":\"Pour les violences conjugales, tous nos conseils pour le p\u00e9nal et le civil (divorce).Ces violences peuvent prendre diff\u00e9rentes formes. Elles peuvent \u00eatre verbales (injures, insultes, menaces, etc.), psychologiques (m\u00e9pris, humiliation, etc.), physiques et sexuelles.\",\"breadcrumb\":{\"@id\":\"https:\\\/\\\/avocat-gc.com\\\/divorce\\\/violences-conjugales\\\/#breadcrumb\"},\"inLanguage\":\"fr-FR\",\"potentialAction\":[{\"@type\":\"ReadAction\",\"target\":[\"https:\\\/\\\/avocat-gc.com\\\/divorce\\\/violences-conjugales\\\/\"]}]},{\"@type\":\"BreadcrumbList\",\"@id\":\"https:\\\/\\\/avocat-gc.com\\\/divorce\\\/violences-conjugales\\\/#breadcrumb\",\"itemListElement\":[{\"@type\":\"ListItem\",\"position\":1,\"name\":\"Accueil\",\"item\":\"https:\\\/\\\/avocat-gc.com\\\/divorce\\\/\"},{\"@type\":\"ListItem\",\"position\":2,\"name\":\"Violences conjugales\"}]},{\"@type\":\"WebSite\",\"@id\":\"https:\\\/\\\/avocat-gc.com\\\/divorce\\\/#website\",\"url\":\"https:\\\/\\\/avocat-gc.com\\\/divorce\\\/\",\"name\":\"Avocat GC - Avocat Divorce\",\"description\":\"\",\"publisher\":{\"@id\":\"https:\\\/\\\/avocat-gc.com\\\/divorce\\\/#organization\"},\"potentialAction\":[{\"@type\":\"SearchAction\",\"target\":{\"@type\":\"EntryPoint\",\"urlTemplate\":\"https:\\\/\\\/avocat-gc.com\\\/divorce\\\/?s={search_term_string}\"},\"query-input\":{\"@type\":\"PropertyValueSpecification\",\"valueRequired\":true,\"valueName\":\"search_term_string\"}}],\"inLanguage\":\"fr-FR\"},{\"@type\":\"Organization\",\"@id\":\"https:\\\/\\\/avocat-gc.com\\\/divorce\\\/#organization\",\"name\":\"Avocat GC - Avocat Divorce\",\"url\":\"https:\\\/\\\/avocat-gc.com\\\/divorce\\\/\",\"logo\":{\"@type\":\"ImageObject\",\"inLanguage\":\"fr-FR\",\"@id\":\"https:\\\/\\\/avocat-gc.com\\\/divorce\\\/#\\\/schema\\\/logo\\\/image\\\/\",\"url\":\"https:\\\/\\\/avocat-gc.com\\\/divorce\\\/wp-content\\\/uploads\\\/2024\\\/04\\\/cropped-Sans-titre.png\",\"contentUrl\":\"https:\\\/\\\/avocat-gc.com\\\/divorce\\\/wp-content\\\/uploads\\\/2024\\\/04\\\/cropped-Sans-titre.png\",\"width\":200,\"height\":180,\"caption\":\"Avocat GC - Avocat Divorce\"},\"image\":{\"@id\":\"https:\\\/\\\/avocat-gc.com\\\/divorce\\\/#\\\/schema\\\/logo\\\/image\\\/\"}}]}<\/script>\n<!-- \/ Yoast SEO plugin. -->","yoast_head_json":{"title":"Violences conjugales - Avocat Divorce","description":"Pour les violences conjugales, tous nos conseils pour le p\u00e9nal et le civil (divorce).Ces violences peuvent prendre diff\u00e9rentes formes. Elles peuvent \u00eatre verbales (injures, insultes, menaces, etc.), psychologiques (m\u00e9pris, humiliation, etc.), physiques et sexuelles.","robots":{"index":"index","follow":"follow","max-snippet":"max-snippet:-1","max-image-preview":"max-image-preview:large","max-video-preview":"max-video-preview:-1"},"canonical":"https:\/\/avocat-gc.com\/divorce\/violences-conjugales\/","og_locale":"fr_FR","og_type":"article","og_title":"Violences conjugales - Avocat Divorce","og_description":"Pour les violences conjugales, tous nos conseils pour le p\u00e9nal et le civil (divorce).Ces violences peuvent prendre diff\u00e9rentes formes. Elles peuvent \u00eatre verbales (injures, insultes, menaces, etc.), psychologiques (m\u00e9pris, humiliation, etc.), physiques et sexuelles.","og_url":"https:\/\/avocat-gc.com\/divorce\/violences-conjugales\/","og_site_name":"Avocat GC - Avocat Divorce","twitter_card":"summary_large_image","schema":{"@context":"https:\/\/schema.org","@graph":[{"@type":"WebPage","@id":"https:\/\/avocat-gc.com\/divorce\/violences-conjugales\/","url":"https:\/\/avocat-gc.com\/divorce\/violences-conjugales\/","name":"Violences conjugales - Avocat Divorce","isPartOf":{"@id":"https:\/\/avocat-gc.com\/divorce\/#website"},"datePublished":"2024-03-29T15:42:00+00:00","description":"Pour les violences conjugales, tous nos conseils pour le p\u00e9nal et le civil (divorce).Ces violences peuvent prendre diff\u00e9rentes formes. Elles peuvent \u00eatre verbales (injures, insultes, menaces, etc.), psychologiques (m\u00e9pris, humiliation, etc.), physiques et sexuelles.","breadcrumb":{"@id":"https:\/\/avocat-gc.com\/divorce\/violences-conjugales\/#breadcrumb"},"inLanguage":"fr-FR","potentialAction":[{"@type":"ReadAction","target":["https:\/\/avocat-gc.com\/divorce\/violences-conjugales\/"]}]},{"@type":"BreadcrumbList","@id":"https:\/\/avocat-gc.com\/divorce\/violences-conjugales\/#breadcrumb","itemListElement":[{"@type":"ListItem","position":1,"name":"Accueil","item":"https:\/\/avocat-gc.com\/divorce\/"},{"@type":"ListItem","position":2,"name":"Violences conjugales"}]},{"@type":"WebSite","@id":"https:\/\/avocat-gc.com\/divorce\/#website","url":"https:\/\/avocat-gc.com\/divorce\/","name":"Avocat GC - Avocat Divorce","description":"","publisher":{"@id":"https:\/\/avocat-gc.com\/divorce\/#organization"},"potentialAction":[{"@type":"SearchAction","target":{"@type":"EntryPoint","urlTemplate":"https:\/\/avocat-gc.com\/divorce\/?s={search_term_string}"},"query-input":{"@type":"PropertyValueSpecification","valueRequired":true,"valueName":"search_term_string"}}],"inLanguage":"fr-FR"},{"@type":"Organization","@id":"https:\/\/avocat-gc.com\/divorce\/#organization","name":"Avocat GC - Avocat Divorce","url":"https:\/\/avocat-gc.com\/divorce\/","logo":{"@type":"ImageObject","inLanguage":"fr-FR","@id":"https:\/\/avocat-gc.com\/divorce\/#\/schema\/logo\/image\/","url":"https:\/\/avocat-gc.com\/divorce\/wp-content\/uploads\/2024\/04\/cropped-Sans-titre.png","contentUrl":"https:\/\/avocat-gc.com\/divorce\/wp-content\/uploads\/2024\/04\/cropped-Sans-titre.png","width":200,"height":180,"caption":"Avocat GC - Avocat Divorce"},"image":{"@id":"https:\/\/avocat-gc.com\/divorce\/#\/schema\/logo\/image\/"}}]}},"_links":{"self":[{"href":"https:\/\/avocat-gc.com\/divorce\/wp-json\/wp\/v2\/pages\/5059","targetHints":{"allow":["GET"]}}],"collection":[{"href":"https:\/\/avocat-gc.com\/divorce\/wp-json\/wp\/v2\/pages"}],"about":[{"href":"https:\/\/avocat-gc.com\/divorce\/wp-json\/wp\/v2\/types\/page"}],"author":[{"embeddable":true,"href":"https:\/\/avocat-gc.com\/divorce\/wp-json\/wp\/v2\/users\/1"}],"replies":[{"embeddable":true,"href":"https:\/\/avocat-gc.com\/divorce\/wp-json\/wp\/v2\/comments?post=5059"}],"version-history":[{"count":0,"href":"https:\/\/avocat-gc.com\/divorce\/wp-json\/wp\/v2\/pages\/5059\/revisions"}],"wp:attachment":[{"href":"https:\/\/avocat-gc.com\/divorce\/wp-json\/wp\/v2\/media?parent=5059"}],"wp:term":[{"taxonomy":"priorite","embeddable":true,"href":"https:\/\/avocat-gc.com\/divorce\/wp-json\/wp\/v2\/priorite?post=5059"}],"curies":[{"name":"wp","href":"https:\/\/api.w.org\/{rel}","templated":true}]}}