{"id":5037,"date":"2023-12-09T00:00:00","date_gmt":"2023-12-09T00:00:00","guid":{"rendered":"https:\/\/avocat-gc.com\/divorce\/question-mon-enfant-est-en-contrat-dalternance-dois-je-continuer-payer-la-pension-alimentaire\/"},"modified":"2023-12-09T00:00:00","modified_gmt":"2023-12-09T00:00:00","slug":"question-mon-enfant-est-en-contrat-dalternance-dois-je-continuer-payer-la-pension-alimentaire","status":"publish","type":"page","link":"https:\/\/avocat-gc.com\/divorce\/question-mon-enfant-est-en-contrat-dalternance-dois-je-continuer-payer-la-pension-alimentaire\/","title":{"rendered":"QUESTION : mon enfant est en contrat d&rsquo;alternance, dois-je continuer \u00e0 payer la pension alimentaire ?"},"content":{"rendered":"<h2>Mon enfant est majeur et poursuit des \u00e9tudes en alternance. Dois-je continuer \u00e0 payer la pension alimentaire ?<\/h2>\n<\/p>\n<p class=\"img-left\"><img decoding=\"async\" alt=\"divorce pension alimentaire alternance\" title=\"divorce pension alimentaire alternance\" width=\"170\" border=\"2\" src=\"\/divorce\/wp-content\/uploads\/2024\/04\/fiche-pratique-juridique-avocat.jpg\" \/><\/p>\n<p align=\"justify\">La question de savoir si un parent doit continuer \u00e0 payer une pension alimentaire \u00e0 son enfant majeur qui poursuit des \u00e9tudes en alternance est souvent source de confusion. En effet, la loi fran\u00e7aise pr\u00e9voit que les parents sont tenus de subvenir aux besoins de leurs enfants jusqu&rsquo;\u00e0 ce qu&rsquo;ils soient en mesure de se suffire \u00e0 eux-m\u00eames. Cependant, la loi ne pr\u00e9cise pas ce qu&rsquo;on entend par \u00ab\u00a0se suffire \u00e0 soi-m\u00eame\u00a0\u00bb.En pratique, la question de la pension alimentaire pour les enfants en alternance est souvent tranch\u00e9e par les tribunaux. En effet, il est parfois difficile de d\u00e9terminer si l&rsquo;enfant est en mesure de subvenir \u00e0 ses besoins de mani\u00e8re autonome, compte tenu de ses revenus, de ses charges et de ses besoins.<\/p>\n<\/p>\n<\/p>\n<h3>La r\u00e9ponse de la loi <\/h3>\n<p align=\"justify\">En principe, la <a href=\"\/divorce\/articles\/comment-evaluer-une-pension-alimentaire-pour-ses-enfants\/\" title=\"revalorisation pension alimentaire\" target=\"\" rel=\"noopener\">pension alimentaire <\/a>est due \u00e0 un enfant majeur qui poursuit des \u00e9tudes et n&rsquo;a pas d&#8217;emploi stable, r\u00e9mun\u00e9r\u00e9, non occasionnel. Un enfant en alternance est donc consid\u00e9r\u00e9 comme un \u00e9tudiant, et le parent d\u00e9biteur doit donc continuer \u00e0 lui verser une pension alimentaire.Cependant, il existe quelques exceptions \u00e0 cette r\u00e8gle. Par exemple, la pension alimentaire peut \u00eatre supprim\u00e9e si l&rsquo;enfant majeur : <\/p>\n<p>est mari\u00e9 ou pacs\u00e9 ;<br \/>\nvit en concubinage ;<br \/>\nexerce une activit\u00e9 professionnelle stable et r\u00e9mun\u00e9r\u00e9e, avec un salaire au moins \u00e9gal au SMIC ;<br \/>\nest en situation de handicap, ce qui lui emp\u00eache de subvenir \u00e0 ses besoins de mani\u00e8re autonome.<\/p>\n<h3>Les crit\u00e8res \u00e0 prendre en compte <\/h3>\n<p align=\"justify\">En pratique, il est donc important de prendre en compte les crit\u00e8res suivants pour d\u00e9terminer si la pension alimentaire doit \u00eatre supprim\u00e9e ou non :<\/p>\n<p>Le salaire de l&rsquo;enfant : si l&rsquo;enfant en alternance touche un salaire au moins \u00e9gal au SMIC, il est possible de demander au juge aux affaires familiales de supprimer la pension alimentaire ;<br \/>\nLe statut de l&rsquo;enfant : si l&rsquo;enfant est mari\u00e9, pacs\u00e9 ou vit en concubinage, il est possible de demander au juge aux affaires familiales de supprimer la pension alimentaire ;<br \/>\nLes besoins de l&rsquo;enfant : m\u00eame si l&rsquo;enfant en alternance touche un salaire au moins \u00e9gal au SMIC, il peut \u00eatre n\u00e9cessaire de lui verser une pension alimentaire si ses besoins sont importants, par exemple s&rsquo;il poursuit des \u00e9tudes co\u00fbteuses ou s&rsquo;il est en situation de handicap.<\/p>\n<h3>Les conseils<\/h3>\n<p align=\"justify\">Si vous vous demandez si vous devez continuer \u00e0 payer une pension alimentaire \u00e0 votre enfant majeur qui poursuit des \u00e9tudes en alternance, il est recommand\u00e9 de vous faire conseiller par un <a href=\"\/divorce\/\" title=\"avocat divorce \" target=\"\" rel=\"noopener\">avocat en droit de la famille<\/a>. L&rsquo;avocat pourra vous aider \u00e0 \u00e9valuer la situation de votre enfant et \u00e0 d\u00e9terminer si la pension alimentaire doit \u00eatre supprim\u00e9e ou non.Voici quelques conseils suppl\u00e9mentaires :<\/p>\n<p>Pr\u00e9parez un dossier complet : avant de rencontrer votre avocat, rassemblez tous les documents utiles, tels que les relev\u00e9s de salaire de votre enfant, son contrat d&rsquo;alternance, ses relev\u00e9s bancaires, etc.<br \/>\nSoyez pr\u00e9cis dans vos demandes : si vous souhaitez que la pension alimentaire soit supprim\u00e9e, indiquez au juge le montant de la pension que vous souhaitez arr\u00eater de verser.<br \/>\nSoyez ouvert au dialogue : il est possible que votre avocat vous recommande de n\u00e9gocier avec votre ex-conjoint pour trouver une solution \u00e0 l&rsquo;amiable.<\/p>\n<p align=\"justify\">La question de savoir si un parent doit continuer \u00e0 payer une pension alimentaire \u00e0 son enfant majeur qui poursuit des \u00e9tudes en alternance est une question complexe qui doit \u00eatre \u00e9tudi\u00e9e au cas par cas. Il est important de prendre en compte les diff\u00e9rents crit\u00e8res applicables et de se faire conseiller par un Avocat Divorce\u00a0pour prendre la meilleure d\u00e9cision.<\/p>\n","protected":false},"excerpt":{"rendered":"<p>Mon enfant est majeur et poursuit des \u00e9tudes en alternance. Dois-je continuer \u00e0 payer la pension alimentaire ? La question de savoir si un parent doit continuer \u00e0 payer une pension alimentaire \u00e0 son enfant majeur qui poursuit des \u00e9tudes en alternance est souvent source de confusion. En effet, la loi fran\u00e7aise pr\u00e9voit que les [&hellip;]<\/p>\n","protected":false},"author":1,"featured_media":0,"parent":0,"menu_order":0,"comment_status":"closed","ping_status":"closed","template":"","meta":{"_acf_changed":false,"inline_featured_image":false,"footnotes":""},"priorite":[],"class_list":["post-5037","page","type-page","status-publish","hentry"],"acf":[],"yoast_head":"<!-- This site is optimized with the Yoast SEO plugin v27.3 - https:\/\/yoast.com\/product\/yoast-seo-wordpress\/ -->\n<title>QUESTION : mon enfant est en contrat d&#039;alternance, dois-je continuer \u00e0 payer la pension alimentaire ? - Avocat Divorce<\/title>\n<meta name=\"description\" content=\"Garder ou non le domicile conjugal peut-il impacter sur la garde des enfants ? - Cabinet d&#039;Avocat GC. T\u00e9l : 01.47.04.25.40 . Devis Gratuit &amp; Imm\u00e9diat. Divorce amiable - Divorce sans juge \u2013 Divorcez en 1 mois\" \/>\n<meta name=\"robots\" content=\"index, follow, max-snippet:-1, max-image-preview:large, max-video-preview:-1\" \/>\n<link rel=\"canonical\" href=\"https:\/\/avocat-gc.com\/divorce\/question-mon-enfant-est-en-contrat-dalternance-dois-je-continuer-payer-la-pension-alimentaire\/\" \/>\n<meta property=\"og:locale\" content=\"fr_FR\" \/>\n<meta property=\"og:type\" content=\"article\" \/>\n<meta property=\"og:title\" content=\"QUESTION : mon enfant est en contrat d&#039;alternance, dois-je continuer \u00e0 payer la pension alimentaire ? - Avocat Divorce\" \/>\n<meta property=\"og:description\" content=\"Garder ou non le domicile conjugal peut-il impacter sur la garde des enfants ? - Cabinet d&#039;Avocat GC. T\u00e9l : 01.47.04.25.40 . Devis Gratuit &amp; Imm\u00e9diat. Divorce amiable - Divorce sans juge \u2013 Divorcez en 1 mois\" \/>\n<meta property=\"og:url\" content=\"https:\/\/avocat-gc.com\/divorce\/question-mon-enfant-est-en-contrat-dalternance-dois-je-continuer-payer-la-pension-alimentaire\/\" \/>\n<meta property=\"og:site_name\" content=\"Avocat GC - Avocat Divorce\" \/>\n<meta name=\"twitter:card\" content=\"summary_large_image\" \/>\n<script type=\"application\/ld+json\" class=\"yoast-schema-graph\">{\"@context\":\"https:\\\/\\\/schema.org\",\"@graph\":[{\"@type\":\"WebPage\",\"@id\":\"https:\\\/\\\/avocat-gc.com\\\/divorce\\\/question-mon-enfant-est-en-contrat-dalternance-dois-je-continuer-payer-la-pension-alimentaire\\\/\",\"url\":\"https:\\\/\\\/avocat-gc.com\\\/divorce\\\/question-mon-enfant-est-en-contrat-dalternance-dois-je-continuer-payer-la-pension-alimentaire\\\/\",\"name\":\"QUESTION : mon enfant est en contrat d'alternance, dois-je continuer \u00e0 payer la pension alimentaire ? - Avocat Divorce\",\"isPartOf\":{\"@id\":\"https:\\\/\\\/avocat-gc.com\\\/divorce\\\/#website\"},\"datePublished\":\"2023-12-09T00:00:00+00:00\",\"description\":\"Garder ou non le domicile conjugal peut-il impacter sur la garde des enfants ? - Cabinet d'Avocat GC. T\u00e9l : 01.47.04.25.40 . Devis Gratuit & Imm\u00e9diat. Divorce amiable - Divorce sans juge \u2013 Divorcez en 1 mois\",\"breadcrumb\":{\"@id\":\"https:\\\/\\\/avocat-gc.com\\\/divorce\\\/question-mon-enfant-est-en-contrat-dalternance-dois-je-continuer-payer-la-pension-alimentaire\\\/#breadcrumb\"},\"inLanguage\":\"fr-FR\",\"potentialAction\":[{\"@type\":\"ReadAction\",\"target\":[\"https:\\\/\\\/avocat-gc.com\\\/divorce\\\/question-mon-enfant-est-en-contrat-dalternance-dois-je-continuer-payer-la-pension-alimentaire\\\/\"]}]},{\"@type\":\"BreadcrumbList\",\"@id\":\"https:\\\/\\\/avocat-gc.com\\\/divorce\\\/question-mon-enfant-est-en-contrat-dalternance-dois-je-continuer-payer-la-pension-alimentaire\\\/#breadcrumb\",\"itemListElement\":[{\"@type\":\"ListItem\",\"position\":1,\"name\":\"Accueil\",\"item\":\"https:\\\/\\\/avocat-gc.com\\\/divorce\\\/\"},{\"@type\":\"ListItem\",\"position\":2,\"name\":\"QUESTION : mon enfant est en contrat d&rsquo;alternance, dois-je continuer \u00e0 payer la pension alimentaire ?\"}]},{\"@type\":\"WebSite\",\"@id\":\"https:\\\/\\\/avocat-gc.com\\\/divorce\\\/#website\",\"url\":\"https:\\\/\\\/avocat-gc.com\\\/divorce\\\/\",\"name\":\"Avocat GC - Avocat Divorce\",\"description\":\"\",\"publisher\":{\"@id\":\"https:\\\/\\\/avocat-gc.com\\\/divorce\\\/#organization\"},\"potentialAction\":[{\"@type\":\"SearchAction\",\"target\":{\"@type\":\"EntryPoint\",\"urlTemplate\":\"https:\\\/\\\/avocat-gc.com\\\/divorce\\\/?s={search_term_string}\"},\"query-input\":{\"@type\":\"PropertyValueSpecification\",\"valueRequired\":true,\"valueName\":\"search_term_string\"}}],\"inLanguage\":\"fr-FR\"},{\"@type\":\"Organization\",\"@id\":\"https:\\\/\\\/avocat-gc.com\\\/divorce\\\/#organization\",\"name\":\"Avocat GC - Avocat Divorce\",\"url\":\"https:\\\/\\\/avocat-gc.com\\\/divorce\\\/\",\"logo\":{\"@type\":\"ImageObject\",\"inLanguage\":\"fr-FR\",\"@id\":\"https:\\\/\\\/avocat-gc.com\\\/divorce\\\/#\\\/schema\\\/logo\\\/image\\\/\",\"url\":\"https:\\\/\\\/avocat-gc.com\\\/divorce\\\/wp-content\\\/uploads\\\/2024\\\/04\\\/cropped-Sans-titre.png\",\"contentUrl\":\"https:\\\/\\\/avocat-gc.com\\\/divorce\\\/wp-content\\\/uploads\\\/2024\\\/04\\\/cropped-Sans-titre.png\",\"width\":200,\"height\":180,\"caption\":\"Avocat GC - Avocat Divorce\"},\"image\":{\"@id\":\"https:\\\/\\\/avocat-gc.com\\\/divorce\\\/#\\\/schema\\\/logo\\\/image\\\/\"}}]}<\/script>\n<!-- \/ Yoast SEO plugin. -->","yoast_head_json":{"title":"QUESTION : mon enfant est en contrat d'alternance, dois-je continuer \u00e0 payer la pension alimentaire ? - Avocat Divorce","description":"Garder ou non le domicile conjugal peut-il impacter sur la garde des enfants ? - Cabinet d'Avocat GC. T\u00e9l : 01.47.04.25.40 . Devis Gratuit & Imm\u00e9diat. Divorce amiable - Divorce sans juge \u2013 Divorcez en 1 mois","robots":{"index":"index","follow":"follow","max-snippet":"max-snippet:-1","max-image-preview":"max-image-preview:large","max-video-preview":"max-video-preview:-1"},"canonical":"https:\/\/avocat-gc.com\/divorce\/question-mon-enfant-est-en-contrat-dalternance-dois-je-continuer-payer-la-pension-alimentaire\/","og_locale":"fr_FR","og_type":"article","og_title":"QUESTION : mon enfant est en contrat d'alternance, dois-je continuer \u00e0 payer la pension alimentaire ? - Avocat Divorce","og_description":"Garder ou non le domicile conjugal peut-il impacter sur la garde des enfants ? - Cabinet d'Avocat GC. T\u00e9l : 01.47.04.25.40 . Devis Gratuit & Imm\u00e9diat. Divorce amiable - Divorce sans juge \u2013 Divorcez en 1 mois","og_url":"https:\/\/avocat-gc.com\/divorce\/question-mon-enfant-est-en-contrat-dalternance-dois-je-continuer-payer-la-pension-alimentaire\/","og_site_name":"Avocat GC - Avocat Divorce","twitter_card":"summary_large_image","schema":{"@context":"https:\/\/schema.org","@graph":[{"@type":"WebPage","@id":"https:\/\/avocat-gc.com\/divorce\/question-mon-enfant-est-en-contrat-dalternance-dois-je-continuer-payer-la-pension-alimentaire\/","url":"https:\/\/avocat-gc.com\/divorce\/question-mon-enfant-est-en-contrat-dalternance-dois-je-continuer-payer-la-pension-alimentaire\/","name":"QUESTION : mon enfant est en contrat d'alternance, dois-je continuer \u00e0 payer la pension alimentaire ? - Avocat Divorce","isPartOf":{"@id":"https:\/\/avocat-gc.com\/divorce\/#website"},"datePublished":"2023-12-09T00:00:00+00:00","description":"Garder ou non le domicile conjugal peut-il impacter sur la garde des enfants ? - Cabinet d'Avocat GC. T\u00e9l : 01.47.04.25.40 . Devis Gratuit & Imm\u00e9diat. Divorce amiable - Divorce sans juge \u2013 Divorcez en 1 mois","breadcrumb":{"@id":"https:\/\/avocat-gc.com\/divorce\/question-mon-enfant-est-en-contrat-dalternance-dois-je-continuer-payer-la-pension-alimentaire\/#breadcrumb"},"inLanguage":"fr-FR","potentialAction":[{"@type":"ReadAction","target":["https:\/\/avocat-gc.com\/divorce\/question-mon-enfant-est-en-contrat-dalternance-dois-je-continuer-payer-la-pension-alimentaire\/"]}]},{"@type":"BreadcrumbList","@id":"https:\/\/avocat-gc.com\/divorce\/question-mon-enfant-est-en-contrat-dalternance-dois-je-continuer-payer-la-pension-alimentaire\/#breadcrumb","itemListElement":[{"@type":"ListItem","position":1,"name":"Accueil","item":"https:\/\/avocat-gc.com\/divorce\/"},{"@type":"ListItem","position":2,"name":"QUESTION : mon enfant est en contrat d&rsquo;alternance, dois-je continuer \u00e0 payer la pension alimentaire ?"}]},{"@type":"WebSite","@id":"https:\/\/avocat-gc.com\/divorce\/#website","url":"https:\/\/avocat-gc.com\/divorce\/","name":"Avocat GC - Avocat Divorce","description":"","publisher":{"@id":"https:\/\/avocat-gc.com\/divorce\/#organization"},"potentialAction":[{"@type":"SearchAction","target":{"@type":"EntryPoint","urlTemplate":"https:\/\/avocat-gc.com\/divorce\/?s={search_term_string}"},"query-input":{"@type":"PropertyValueSpecification","valueRequired":true,"valueName":"search_term_string"}}],"inLanguage":"fr-FR"},{"@type":"Organization","@id":"https:\/\/avocat-gc.com\/divorce\/#organization","name":"Avocat GC - Avocat Divorce","url":"https:\/\/avocat-gc.com\/divorce\/","logo":{"@type":"ImageObject","inLanguage":"fr-FR","@id":"https:\/\/avocat-gc.com\/divorce\/#\/schema\/logo\/image\/","url":"https:\/\/avocat-gc.com\/divorce\/wp-content\/uploads\/2024\/04\/cropped-Sans-titre.png","contentUrl":"https:\/\/avocat-gc.com\/divorce\/wp-content\/uploads\/2024\/04\/cropped-Sans-titre.png","width":200,"height":180,"caption":"Avocat GC - Avocat Divorce"},"image":{"@id":"https:\/\/avocat-gc.com\/divorce\/#\/schema\/logo\/image\/"}}]}},"_links":{"self":[{"href":"https:\/\/avocat-gc.com\/divorce\/wp-json\/wp\/v2\/pages\/5037","targetHints":{"allow":["GET"]}}],"collection":[{"href":"https:\/\/avocat-gc.com\/divorce\/wp-json\/wp\/v2\/pages"}],"about":[{"href":"https:\/\/avocat-gc.com\/divorce\/wp-json\/wp\/v2\/types\/page"}],"author":[{"embeddable":true,"href":"https:\/\/avocat-gc.com\/divorce\/wp-json\/wp\/v2\/users\/1"}],"replies":[{"embeddable":true,"href":"https:\/\/avocat-gc.com\/divorce\/wp-json\/wp\/v2\/comments?post=5037"}],"version-history":[{"count":0,"href":"https:\/\/avocat-gc.com\/divorce\/wp-json\/wp\/v2\/pages\/5037\/revisions"}],"wp:attachment":[{"href":"https:\/\/avocat-gc.com\/divorce\/wp-json\/wp\/v2\/media?parent=5037"}],"wp:term":[{"taxonomy":"priorite","embeddable":true,"href":"https:\/\/avocat-gc.com\/divorce\/wp-json\/wp\/v2\/priorite?post=5037"}],"curies":[{"name":"wp","href":"https:\/\/api.w.org\/{rel}","templated":true}]}}