{"id":5036,"date":"2024-03-29T15:41:57","date_gmt":"2024-03-29T15:41:57","guid":{"rendered":"https:\/\/avocat-gc.com\/divorce\/prix-divorce\/"},"modified":"2026-01-12T11:46:16","modified_gmt":"2026-01-12T11:46:16","slug":"prix-divorce","status":"publish","type":"page","link":"https:\/\/avocat-gc.com\/divorce\/prix-divorce\/","title":{"rendered":"Quel est le prix d&rsquo;un divorce ?"},"content":{"rendered":"\n<h2 class=\"wp-block-heading\">VOTRE DIVORCE \u00c0 PARTIR DE 425\u20ac TTC PAR \u00c9POUX <\/h2>\n\n\n\n<p><\/p>\n\n\n\n<p>Le prix d&rsquo;un divorce d\u00e9pend tout d&rsquo;abord de la <a title=\"avocat divorce proc\u00e9dure\" href=\"\/divorce\/definitions\/procedure\/\" target=\"_parent\" rel=\"nofollow noopener\">proc\u00e9dure de divorce<\/a><a title=\"\" href=\"\/divorce\/convention-de-divorce\/\" target=\"\" rel=\"nofollow noopener\"> <\/a>pour laquelle vous optez : <a href=\"\/divorce\/divorce-amiable\/\">une proc\u00e9dure amiable<\/a> (g\u00e9n\u00e9ralement tr\u00e8s rapide) ou conflictuelle (plus longue et plus co\u00fbteuse). Le prix de votre divorce dans le cadre d&rsquo;un divorce par consentement mutuel d\u00e9pend de votre situation personnelle (enfants \u00e0 charge, biens immobiliers, d\u00e9partements de r\u00e9sidence etc&#8230;) Pour vous faire une id\u00e9e du prix de votre divorce dans le cabinet je vous conseille de compl\u00e9ter le formulaire de demande de devis.<\/p>\n\n\n\n<p><a class=\"btn-page-interne btn-red-zone\" href=\"\/divorce\/devis-gratuit\/\" rel=\"nofollow\">DEVIS AVOCAT DIVORCE<\/a><\/p>\n\n\n\n<h3 class=\"wp-block-heading\">\n\t\tQuestion fr\u00e9quente : comment divorcer rapidement ?<\/h3>\n\n\n\n<h4 class=\"wp-block-heading\">1\u00e8re \u00e9tape : &nbsp;prenez rendez-vous avec l&rsquo;avocat<\/h4>\n\n\n\n<p>Pour prendre rendez-vous avec mon cabinet, experiment\u00e9&nbsp;en divorce, contactez-moi par t\u00e9l\u00e9phone au 01.47.04.25.40 ou adressez-moi un email \u00e0 l&rsquo;adresse&nbsp;<a href=\"mailto:info@avocat-gc.com\">info@avocat-gc.com<\/a><br> Lors de ce rendez-vous :<\/p>\n\n\n<style>.wp-block-kadence-iconlist.kt-svg-icon-list-items5036_86364d-92:not(.this-stops-third-party-issues){margin-top:0px;margin-bottom:0px;}.wp-block-kadence-iconlist.kt-svg-icon-list-items5036_86364d-92 ul.kt-svg-icon-list:not(.this-prevents-issues):not(.this-stops-third-party-issues):not(.tijsloc){margin-top:0px;margin-right:0px;margin-bottom:var(--global-kb-spacing-sm, 1.5rem);margin-left:0px;}.wp-block-kadence-iconlist.kt-svg-icon-list-items5036_86364d-92 ul.kt-svg-icon-list{grid-row-gap:5px;}.wp-block-kadence-iconlist.kt-svg-icon-list-items5036_86364d-92 ul.kt-svg-icon-list .kt-svg-icon-list-item-wrap .kt-svg-icon-list-single{margin-right:10px;}.kt-svg-icon-list-items5036_86364d-92 ul.kt-svg-icon-list .kt-svg-icon-list-level-0 .kt-svg-icon-list-single svg{font-size:20px;}<\/style>\n<div class=\"wp-block-kadence-iconlist kt-svg-icon-list-items kt-svg-icon-list-items5036_86364d-92 kt-svg-icon-list-columns-1 alignnone\"><ul class=\"kt-svg-icon-list\"><style>.kt-svg-icon-list-item-5036_1ed20c-87 .kt-svg-icon-list-text mark.kt-highlight{background-color:unset;font-style:normal;color:#f76a0c;-webkit-box-decoration-break:clone;box-decoration-break:clone;padding-top:0px;padding-right:0px;padding-bottom:0px;padding-left:0px;}<\/style>\n<li class=\"wp-block-kadence-listitem kt-svg-icon-list-item-wrap kt-svg-icon-list-item-5036_1ed20c-87\"><span class=\"kb-svg-icon-wrap kb-svg-icon-fe_checkCircle kt-svg-icon-list-single\"><svg viewBox=\"0 0 24 24\"  fill=\"none\" stroke=\"currentColor\" stroke-width=\"2\" stroke-linecap=\"round\" stroke-linejoin=\"round\" xmlns=\"http:\/\/www.w3.org\/2000\/svg\"  aria-hidden=\"true\"><path d=\"M22 11.08V12a10 10 0 1 1-5.93-9.14\"\/><polyline points=\"22 4 12 14.01 9 11.01\"\/><\/svg><\/span><span class=\"kt-svg-icon-list-text\">je vous explique le d\u00e9roulement de votre proc\u00e9dure de divorce amiable,<\/span><\/li>\n\n\n<style>.kt-svg-icon-list-item-5036_75a80d-6c .kt-svg-icon-list-text mark.kt-highlight{background-color:unset;font-style:normal;color:#f76a0c;-webkit-box-decoration-break:clone;box-decoration-break:clone;padding-top:0px;padding-right:0px;padding-bottom:0px;padding-left:0px;}<\/style>\n<li class=\"wp-block-kadence-listitem kt-svg-icon-list-item-wrap kt-svg-icon-list-item-5036_75a80d-6c\"><span class=\"kb-svg-icon-wrap kb-svg-icon-fe_checkCircle kt-svg-icon-list-single\"><svg viewBox=\"0 0 24 24\"  fill=\"none\" stroke=\"currentColor\" stroke-width=\"2\" stroke-linecap=\"round\" stroke-linejoin=\"round\" xmlns=\"http:\/\/www.w3.org\/2000\/svg\"  aria-hidden=\"true\"><path d=\"M22 11.08V12a10 10 0 1 1-5.93-9.14\"\/><polyline points=\"22 4 12 14.01 9 11.01\"\/><\/svg><\/span><span class=\"kt-svg-icon-list-text\">je proc\u00e9de \u00e0 la r\u00e9daction de la <a title=\"avocat divorce sans juge\" href=\"\/divorce\/divorce-sans-juge\/\" target=\"\" rel=\"nofollow noopener\">convention de divorce<\/a>,<\/span><\/li>\n\n\n<style>.kt-svg-icon-list-item-5036_7ca4ed-53 .kt-svg-icon-list-text mark.kt-highlight{background-color:unset;font-style:normal;color:#f76a0c;-webkit-box-decoration-break:clone;box-decoration-break:clone;padding-top:0px;padding-right:0px;padding-bottom:0px;padding-left:0px;}<\/style>\n<li class=\"wp-block-kadence-listitem kt-svg-icon-list-item-wrap kt-svg-icon-list-item-5036_7ca4ed-53\"><span class=\"kb-svg-icon-wrap kb-svg-icon-fe_checkCircle kt-svg-icon-list-single\"><svg viewBox=\"0 0 24 24\"  fill=\"none\" stroke=\"currentColor\" stroke-width=\"2\" stroke-linecap=\"round\" stroke-linejoin=\"round\" xmlns=\"http:\/\/www.w3.org\/2000\/svg\"  aria-hidden=\"true\"><path d=\"M22 11.08V12a10 10 0 1 1-5.93-9.14\"\/><polyline points=\"22 4 12 14.01 9 11.01\"\/><\/svg><\/span><span class=\"kt-svg-icon-list-text\">je r\u00e9ponds \u00e0 toutes vos questions concernant votre situation personnelle.<\/span><\/li>\n<\/ul><\/div>\n\n\n\n<h4 class=\"wp-block-heading\">2\u00e8me \u00e9tape : la signature<\/h4>\n\n\n\n<p>Votre projet de convention vous sera envoy\u00e9 par courrier recommand\u00e9 avec accus\u00e9 de r\u00e9ception (A.R). La nouvelle proc\u00e9dure de <a title=\"d\u00e9finition rang des minutes notaire\" href=\"\/divorce\/definitions\/rang-des-minutes\/\" target=\"\" rel=\"nofollow noopener\">divorce sans juge<\/a> permet aux \u00e9poux de divorcer directement aupr\u00e8s de leurs avocats, sans audience au tribunal\u00a0devant le juge aux affaires familiales. Vous aurez un d\u00e9lai de 15 jours pour signer le projet de convention puis me le retourner, marquant ainsi votre accord sur les termes de la convention. Cette derni\u00e8re sera, pas la suite, transmise au notaire afin qu&rsquo;il l&rsquo;enregistre au <a title=\"d\u00e9finition rang des minutes notaire\" href=\"\/divorce\/definitions\/rang-des-minutes\/\" target=\"\" rel=\"nofollow noopener\">rang de ses minutes<\/a>.\u00a0Le divorce est officiel \u00e0 ce moment.<\/p>\n\n\n\n<h4 class=\"wp-block-heading\">3\u00e8me \u00e9tape : l&rsquo;enregistrement<\/h4>\n\n\n\n<p>Je vous envoie l&rsquo;attestation d&rsquo;enregistrement de votre divorce et je m&rsquo;occupe de l\u2019ensemble des formalit\u00e9s administratives pour transcrire votre divorce sur vos actes d&rsquo;\u00e9tat civil. Je reste \u00e0 votre disposition pour r\u00e9pondre \u00e0 toutes vos questions avant, pendant et apr\u00e8s votre divorce.<\/p>\n\n\n<div class=\"wp-block-image\">\n<figure class=\"alignleft size-large is-resized\"><img decoding=\"async\" width=\"1024\" height=\"683\" src=\"https:\/\/avocat-gc.com\/divorce\/wp-content\/uploads\/2024\/04\/van-tay-media-TFFn3BYLc5s-unsplash-1024x683.jpg\" alt=\"Prix divorce, signature de la convention de divorce sans juge\" class=\"wp-image-14093\" style=\"width:365px;height:auto\" srcset=\"https:\/\/avocat-gc.com\/divorce\/wp-content\/uploads\/2024\/04\/van-tay-media-TFFn3BYLc5s-unsplash-1024x683.jpg 1024w, https:\/\/avocat-gc.com\/divorce\/wp-content\/uploads\/2024\/04\/van-tay-media-TFFn3BYLc5s-unsplash-1430x954.jpg 1430w, https:\/\/avocat-gc.com\/divorce\/wp-content\/uploads\/2024\/04\/van-tay-media-TFFn3BYLc5s-unsplash-300x200.jpg 300w, https:\/\/avocat-gc.com\/divorce\/wp-content\/uploads\/2024\/04\/van-tay-media-TFFn3BYLc5s-unsplash-768x512.jpg 768w, https:\/\/avocat-gc.com\/divorce\/wp-content\/uploads\/2024\/04\/van-tay-media-TFFn3BYLc5s-unsplash-1536x1024.jpg 1536w, https:\/\/avocat-gc.com\/divorce\/wp-content\/uploads\/2024\/04\/van-tay-media-TFFn3BYLc5s-unsplash-900x600.jpg 900w, https:\/\/avocat-gc.com\/divorce\/wp-content\/uploads\/2024\/04\/van-tay-media-TFFn3BYLc5s-unsplash.jpg 1920w\" sizes=\"(max-width: 1024px) 100vw, 1024px\" \/><\/figure>\n<\/div>\n\n\n<h3 class=\"wp-block-heading\">La proc\u00e9dure de divorce sans juge<\/h3>\n\n\n\n<p>Le&nbsp;<a href=\"\/divorce\/divorce-amiable\/\" rel=\"nofollow\">divorce par consentement mutuel<\/a>&nbsp;est \u00e9galement appel\u00e9 <a href=\"\/divorce\/divorce-amiable\/\">divorce \u00e0 l\u2019amiable<\/a>. Depuis le mois de hanvier 2017, cette proc\u00e9dure est effectu\u00e9e sans juge, devant les avocats. Ce divorce est le plus simple, le plus rapide et le moins co\u00fbteux pour les \u00e9poux. C&rsquo;est actuellement le divorce le plus prononc\u00e9 en France.<\/p>\n\n\n\n<p>Un divorce amiable peut \u00eatre g\u00e9n\u00e9ralement prononc\u00e9 dans un d\u00e9lai de 1 \u00e0 3 mois<\/p>\n\n\n\n<p>A l&rsquo;inverse&nbsp;<a href=\"\/divorce\/divorce-pour-faute\/\" target=\"_parent\" rel=\"nofollow noopener\">du divorce pour faute<\/a>, le divorce \u00e0 l&rsquo;amiable est une proc\u00e9dure rapide et \u00e9conomique. Il sous entend que les \u00e9poux soient en accord sur toutes les cons\u00e9quences du divorce en signant une convention de divorce. Ce contrat \u00e9nonce votre accord mais aussi les conditions et <a href=\"\/divorce\/divorce-accepte\/\">cons\u00e9quences de votre s\u00e9paration<\/a>.<\/p>\n\n\n\n<p>Pour obtenir davantage de renseignements sur le divorce sans juge, veuillez suivre le lien ci-apr\u00e8s:<\/p>\n\n\n\n<p><a href=\"\/divorce\/divorce-sans-juge\/\" rel=\"nofollow\">AVOCAT DIVORCE SANS JUGE<\/a> LE CABINET INTERVIENT DANS TOUTE LA FRANCE <a title=\"avocat divorce paris cabinet\" href=\"\/divorce\/avocat-divorce\/paris\/\" target=\"_parent\" rel=\"nofollow noopener\">Le cabinet \u00e0 Paris<\/a> : 42 Rue de L\u00fcbeck, 75116 Paris 01 47 04 25 40<\/p>\n\n\n\n<p><\/p>\n","protected":false},"excerpt":{"rendered":"<p>VOTRE DIVORCE \u00c0 PARTIR DE 425\u20ac TTC PAR \u00c9POUX Le prix d&rsquo;un divorce d\u00e9pend tout d&rsquo;abord de la proc\u00e9dure de divorce pour laquelle vous optez : une proc\u00e9dure amiable (g\u00e9n\u00e9ralement tr\u00e8s rapide) ou conflictuelle (plus longue et plus co\u00fbteuse). Le prix de votre divorce dans le cadre d&rsquo;un divorce par consentement mutuel d\u00e9pend de votre [&hellip;]<\/p>\n","protected":false},"author":1,"featured_media":0,"parent":0,"menu_order":0,"comment_status":"closed","ping_status":"closed","template":"","meta":{"_acf_changed":false,"inline_featured_image":false,"footnotes":""},"priorite":[4],"class_list":["post-5036","page","type-page","status-publish","hentry","priorite-haute"],"acf":[],"yoast_head":"<!-- This site is optimized with the Yoast SEO plugin v27.3 - https:\/\/yoast.com\/product\/yoast-seo-wordpress\/ -->\n<title>Quel est le prix d&#039;un divorce ? - Avocat Divorce<\/title>\n<meta name=\"description\" content=\"Connaitre le prix d&#039;un divorce. Divorcez \u00e0 l&#039;amiable et sans juge en 1 mois \u00e0 partir de 425\u20ac TTC. Devis gratuit et imm\u00e9diat. \u260e 01.47.04.25.40\" \/>\n<meta name=\"robots\" content=\"index, follow, max-snippet:-1, max-image-preview:large, max-video-preview:-1\" \/>\n<link rel=\"canonical\" href=\"https:\/\/avocat-gc.com\/divorce\/prix-divorce\/\" \/>\n<meta property=\"og:locale\" content=\"fr_FR\" \/>\n<meta property=\"og:type\" content=\"article\" \/>\n<meta property=\"og:title\" content=\"Quel est le prix d&#039;un divorce ? - Avocat Divorce\" \/>\n<meta property=\"og:description\" content=\"Connaitre le prix d&#039;un divorce. Divorcez \u00e0 l&#039;amiable et sans juge en 1 mois \u00e0 partir de 425\u20ac TTC. Devis gratuit et imm\u00e9diat. \u260e 01.47.04.25.40\" \/>\n<meta property=\"og:url\" content=\"https:\/\/avocat-gc.com\/divorce\/prix-divorce\/\" \/>\n<meta property=\"og:site_name\" content=\"Avocat GC - Avocat Divorce\" \/>\n<meta property=\"article:modified_time\" content=\"2026-01-12T11:46:16+00:00\" \/>\n<meta property=\"og:image\" content=\"https:\/\/avocat-gc.com\/divorce\/wp-content\/uploads\/2024\/04\/van-tay-media-TFFn3BYLc5s-unsplash.jpg\" \/>\n\t<meta property=\"og:image:width\" content=\"1920\" \/>\n\t<meta property=\"og:image:height\" content=\"1280\" \/>\n\t<meta property=\"og:image:type\" content=\"image\/jpeg\" \/>\n<meta name=\"twitter:card\" content=\"summary_large_image\" \/>\n<script type=\"application\/ld+json\" class=\"yoast-schema-graph\">{\"@context\":\"https:\\\/\\\/schema.org\",\"@graph\":[{\"@type\":\"WebPage\",\"@id\":\"https:\\\/\\\/avocat-gc.com\\\/divorce\\\/prix-divorce\\\/\",\"url\":\"https:\\\/\\\/avocat-gc.com\\\/divorce\\\/prix-divorce\\\/\",\"name\":\"Quel est le prix d'un divorce ? - Avocat Divorce\",\"isPartOf\":{\"@id\":\"https:\\\/\\\/avocat-gc.com\\\/divorce\\\/#website\"},\"primaryImageOfPage\":{\"@id\":\"https:\\\/\\\/avocat-gc.com\\\/divorce\\\/prix-divorce\\\/#primaryimage\"},\"image\":{\"@id\":\"https:\\\/\\\/avocat-gc.com\\\/divorce\\\/prix-divorce\\\/#primaryimage\"},\"thumbnailUrl\":\"https:\\\/\\\/avocat-gc.com\\\/divorce\\\/wp-content\\\/uploads\\\/2024\\\/04\\\/van-tay-media-TFFn3BYLc5s-unsplash-1024x683.jpg\",\"datePublished\":\"2024-03-29T15:41:57+00:00\",\"dateModified\":\"2026-01-12T11:46:16+00:00\",\"description\":\"Connaitre le prix d'un divorce. Divorcez \u00e0 l'amiable et sans juge en 1 mois \u00e0 partir de 425\u20ac TTC. Devis gratuit et imm\u00e9diat. \u260e 01.47.04.25.40\",\"breadcrumb\":{\"@id\":\"https:\\\/\\\/avocat-gc.com\\\/divorce\\\/prix-divorce\\\/#breadcrumb\"},\"inLanguage\":\"fr-FR\",\"potentialAction\":[{\"@type\":\"ReadAction\",\"target\":[\"https:\\\/\\\/avocat-gc.com\\\/divorce\\\/prix-divorce\\\/\"]}]},{\"@type\":\"ImageObject\",\"inLanguage\":\"fr-FR\",\"@id\":\"https:\\\/\\\/avocat-gc.com\\\/divorce\\\/prix-divorce\\\/#primaryimage\",\"url\":\"https:\\\/\\\/avocat-gc.com\\\/divorce\\\/wp-content\\\/uploads\\\/2024\\\/04\\\/van-tay-media-TFFn3BYLc5s-unsplash.jpg\",\"contentUrl\":\"https:\\\/\\\/avocat-gc.com\\\/divorce\\\/wp-content\\\/uploads\\\/2024\\\/04\\\/van-tay-media-TFFn3BYLc5s-unsplash.jpg\",\"width\":1920,\"height\":1280},{\"@type\":\"BreadcrumbList\",\"@id\":\"https:\\\/\\\/avocat-gc.com\\\/divorce\\\/prix-divorce\\\/#breadcrumb\",\"itemListElement\":[{\"@type\":\"ListItem\",\"position\":1,\"name\":\"Accueil\",\"item\":\"https:\\\/\\\/avocat-gc.com\\\/divorce\\\/\"},{\"@type\":\"ListItem\",\"position\":2,\"name\":\"Quel est le prix d'un divorce ?\"}]},{\"@type\":\"WebSite\",\"@id\":\"https:\\\/\\\/avocat-gc.com\\\/divorce\\\/#website\",\"url\":\"https:\\\/\\\/avocat-gc.com\\\/divorce\\\/\",\"name\":\"Avocat GC - Avocat Divorce\",\"description\":\"\",\"publisher\":{\"@id\":\"https:\\\/\\\/avocat-gc.com\\\/divorce\\\/#organization\"},\"potentialAction\":[{\"@type\":\"SearchAction\",\"target\":{\"@type\":\"EntryPoint\",\"urlTemplate\":\"https:\\\/\\\/avocat-gc.com\\\/divorce\\\/?s={search_term_string}\"},\"query-input\":{\"@type\":\"PropertyValueSpecification\",\"valueRequired\":true,\"valueName\":\"search_term_string\"}}],\"inLanguage\":\"fr-FR\"},{\"@type\":\"Organization\",\"@id\":\"https:\\\/\\\/avocat-gc.com\\\/divorce\\\/#organization\",\"name\":\"Avocat GC - Avocat Divorce\",\"url\":\"https:\\\/\\\/avocat-gc.com\\\/divorce\\\/\",\"logo\":{\"@type\":\"ImageObject\",\"inLanguage\":\"fr-FR\",\"@id\":\"https:\\\/\\\/avocat-gc.com\\\/divorce\\\/#\\\/schema\\\/logo\\\/image\\\/\",\"url\":\"https:\\\/\\\/avocat-gc.com\\\/divorce\\\/wp-content\\\/uploads\\\/2024\\\/04\\\/cropped-Sans-titre.png\",\"contentUrl\":\"https:\\\/\\\/avocat-gc.com\\\/divorce\\\/wp-content\\\/uploads\\\/2024\\\/04\\\/cropped-Sans-titre.png\",\"width\":200,\"height\":180,\"caption\":\"Avocat GC - Avocat Divorce\"},\"image\":{\"@id\":\"https:\\\/\\\/avocat-gc.com\\\/divorce\\\/#\\\/schema\\\/logo\\\/image\\\/\"}}]}<\/script>\n<!-- \/ Yoast SEO plugin. -->","yoast_head_json":{"title":"Quel est le prix d'un divorce ? - Avocat Divorce","description":"Connaitre le prix d'un divorce. Divorcez \u00e0 l'amiable et sans juge en 1 mois \u00e0 partir de 425\u20ac TTC. Devis gratuit et imm\u00e9diat. \u260e 01.47.04.25.40","robots":{"index":"index","follow":"follow","max-snippet":"max-snippet:-1","max-image-preview":"max-image-preview:large","max-video-preview":"max-video-preview:-1"},"canonical":"https:\/\/avocat-gc.com\/divorce\/prix-divorce\/","og_locale":"fr_FR","og_type":"article","og_title":"Quel est le prix d'un divorce ? - Avocat Divorce","og_description":"Connaitre le prix d'un divorce. Divorcez \u00e0 l'amiable et sans juge en 1 mois \u00e0 partir de 425\u20ac TTC. Devis gratuit et imm\u00e9diat. \u260e 01.47.04.25.40","og_url":"https:\/\/avocat-gc.com\/divorce\/prix-divorce\/","og_site_name":"Avocat GC - Avocat Divorce","article_modified_time":"2026-01-12T11:46:16+00:00","og_image":[{"width":1920,"height":1280,"url":"https:\/\/avocat-gc.com\/divorce\/wp-content\/uploads\/2024\/04\/van-tay-media-TFFn3BYLc5s-unsplash.jpg","type":"image\/jpeg"}],"twitter_card":"summary_large_image","schema":{"@context":"https:\/\/schema.org","@graph":[{"@type":"WebPage","@id":"https:\/\/avocat-gc.com\/divorce\/prix-divorce\/","url":"https:\/\/avocat-gc.com\/divorce\/prix-divorce\/","name":"Quel est le prix d'un divorce ? - Avocat Divorce","isPartOf":{"@id":"https:\/\/avocat-gc.com\/divorce\/#website"},"primaryImageOfPage":{"@id":"https:\/\/avocat-gc.com\/divorce\/prix-divorce\/#primaryimage"},"image":{"@id":"https:\/\/avocat-gc.com\/divorce\/prix-divorce\/#primaryimage"},"thumbnailUrl":"https:\/\/avocat-gc.com\/divorce\/wp-content\/uploads\/2024\/04\/van-tay-media-TFFn3BYLc5s-unsplash-1024x683.jpg","datePublished":"2024-03-29T15:41:57+00:00","dateModified":"2026-01-12T11:46:16+00:00","description":"Connaitre le prix d'un divorce. Divorcez \u00e0 l'amiable et sans juge en 1 mois \u00e0 partir de 425\u20ac TTC. Devis gratuit et imm\u00e9diat. \u260e 01.47.04.25.40","breadcrumb":{"@id":"https:\/\/avocat-gc.com\/divorce\/prix-divorce\/#breadcrumb"},"inLanguage":"fr-FR","potentialAction":[{"@type":"ReadAction","target":["https:\/\/avocat-gc.com\/divorce\/prix-divorce\/"]}]},{"@type":"ImageObject","inLanguage":"fr-FR","@id":"https:\/\/avocat-gc.com\/divorce\/prix-divorce\/#primaryimage","url":"https:\/\/avocat-gc.com\/divorce\/wp-content\/uploads\/2024\/04\/van-tay-media-TFFn3BYLc5s-unsplash.jpg","contentUrl":"https:\/\/avocat-gc.com\/divorce\/wp-content\/uploads\/2024\/04\/van-tay-media-TFFn3BYLc5s-unsplash.jpg","width":1920,"height":1280},{"@type":"BreadcrumbList","@id":"https:\/\/avocat-gc.com\/divorce\/prix-divorce\/#breadcrumb","itemListElement":[{"@type":"ListItem","position":1,"name":"Accueil","item":"https:\/\/avocat-gc.com\/divorce\/"},{"@type":"ListItem","position":2,"name":"Quel est le prix d'un divorce ?"}]},{"@type":"WebSite","@id":"https:\/\/avocat-gc.com\/divorce\/#website","url":"https:\/\/avocat-gc.com\/divorce\/","name":"Avocat GC - Avocat Divorce","description":"","publisher":{"@id":"https:\/\/avocat-gc.com\/divorce\/#organization"},"potentialAction":[{"@type":"SearchAction","target":{"@type":"EntryPoint","urlTemplate":"https:\/\/avocat-gc.com\/divorce\/?s={search_term_string}"},"query-input":{"@type":"PropertyValueSpecification","valueRequired":true,"valueName":"search_term_string"}}],"inLanguage":"fr-FR"},{"@type":"Organization","@id":"https:\/\/avocat-gc.com\/divorce\/#organization","name":"Avocat GC - Avocat Divorce","url":"https:\/\/avocat-gc.com\/divorce\/","logo":{"@type":"ImageObject","inLanguage":"fr-FR","@id":"https:\/\/avocat-gc.com\/divorce\/#\/schema\/logo\/image\/","url":"https:\/\/avocat-gc.com\/divorce\/wp-content\/uploads\/2024\/04\/cropped-Sans-titre.png","contentUrl":"https:\/\/avocat-gc.com\/divorce\/wp-content\/uploads\/2024\/04\/cropped-Sans-titre.png","width":200,"height":180,"caption":"Avocat GC - Avocat Divorce"},"image":{"@id":"https:\/\/avocat-gc.com\/divorce\/#\/schema\/logo\/image\/"}}]}},"_links":{"self":[{"href":"https:\/\/avocat-gc.com\/divorce\/wp-json\/wp\/v2\/pages\/5036","targetHints":{"allow":["GET"]}}],"collection":[{"href":"https:\/\/avocat-gc.com\/divorce\/wp-json\/wp\/v2\/pages"}],"about":[{"href":"https:\/\/avocat-gc.com\/divorce\/wp-json\/wp\/v2\/types\/page"}],"author":[{"embeddable":true,"href":"https:\/\/avocat-gc.com\/divorce\/wp-json\/wp\/v2\/users\/1"}],"replies":[{"embeddable":true,"href":"https:\/\/avocat-gc.com\/divorce\/wp-json\/wp\/v2\/comments?post=5036"}],"version-history":[{"count":5,"href":"https:\/\/avocat-gc.com\/divorce\/wp-json\/wp\/v2\/pages\/5036\/revisions"}],"predecessor-version":[{"id":16269,"href":"https:\/\/avocat-gc.com\/divorce\/wp-json\/wp\/v2\/pages\/5036\/revisions\/16269"}],"wp:attachment":[{"href":"https:\/\/avocat-gc.com\/divorce\/wp-json\/wp\/v2\/media?parent=5036"}],"wp:term":[{"taxonomy":"priorite","embeddable":true,"href":"https:\/\/avocat-gc.com\/divorce\/wp-json\/wp\/v2\/priorite?post=5036"}],"curies":[{"name":"wp","href":"https:\/\/api.w.org\/{rel}","templated":true}]}}