{"id":5029,"date":"2024-03-29T15:41:57","date_gmt":"2024-03-29T15:41:57","guid":{"rendered":"https:\/\/avocat-gc.com\/divorce\/prestation-compensatoire-paris-75014\/"},"modified":"2024-03-29T15:41:57","modified_gmt":"2024-03-29T15:41:57","slug":"prestation-compensatoire-paris-75014","status":"publish","type":"page","link":"https:\/\/avocat-gc.com\/divorce\/prestation-compensatoire-paris-75014\/","title":{"rendered":"Prestation compensatoire \u00e0 Paris 75014"},"content":{"rendered":"<h2>Comment demander une prestation compensatoire \u00e0 Paris 75014<\/h2>\n<\/p>\n<p class=\"img-left\"><img decoding=\"async\" alt=\"Prestation compensatoire paris\" title=\"Prestation compensatoire paris\" width=\"170\" border=\"2\" src=\"\/divorce\/wp-content\/uploads\/2024\/04\/fiche-pratique-juridique-avocat.jpg\" \/><\/p>\n<p align=\"justify\">La prestation compensatoire est une somme d&rsquo;argent vers\u00e9e par l&rsquo;un des \u00e9poux \u00e0 l&rsquo;autre apr\u00e8s un divorce, pour compenser la disparit\u00e9 de niveau de vie cr\u00e9\u00e9e par la rupture du mariage. Elle peut \u00eatre demand\u00e9e par l&rsquo;\u00e9poux qui se trouve dans une situation financi\u00e8re plus pr\u00e9caire que son ex-conjoint, qu&rsquo;il soit \u00e0 l&rsquo;origine ou non du divorce. Mais comment demander une prestation compensatoire lorsque l&rsquo;on habite \u00e0 Paris 14e arrondissement 75014, une ville o\u00f9 le co\u00fbt de la vie est particuli\u00e8rement \u00e9lev\u00e9 ?<\/p>\n<h3>Les conditions d&rsquo;octroi de la prestation compensatoire<\/h3>\n<p align=\"justify\">Pour <a href=\"\/divorce\/articles\/la-prestation-compensatoire-tout-savoir\/\" title=\"prestation compensatoire paris 75014\" target=\"\" rel=\"noopener\">obtenir une prestation compensatoire<\/a>, il faut remplir certaines conditions. Tout d&rsquo;abord, il faut que le divorce soit prononc\u00e9, car la prestation compensatoire n&rsquo;est pas due pendant la proc\u00e9dure. Ensuite, il faut que le divorce entra\u00eene une disparit\u00e9 dans les conditions de vie respectives des \u00e9poux. Cette disparit\u00e9 est appr\u00e9ci\u00e9e en tenant compte de plusieurs crit\u00e8res, tels que :<\/p>\n<p>la dur\u00e9e du mariage ;<br \/>\nl&rsquo;\u00e2ge et l&rsquo;\u00e9tat de sant\u00e9 des \u00e9poux ;<br \/>\nleur qualification et leur situation professionnelle ;<br \/>\nleurs droits existants et pr\u00e9visibles ;<br \/>\nleur patrimoine ;<br \/>\nleur situation respective en mati\u00e8re de pension de retraite.<\/p>\n<p align=\"justify\"><a href=\"\/divorce\/definitions\/juge-aux-affaires-familiales\/\" title=\"jaf paris 75014\" target=\"\" rel=\"noopener\">Le juge <\/a>appr\u00e9cie souverainement la disparit\u00e9 et le montant de la prestation compensatoire, en fonction des \u00e9l\u00e9ments fournis par les \u00e9poux. Il peut \u00e9galement refuser d&rsquo;accorder une prestation compensatoire si l&rsquo;\u00e9quit\u00e9 le commande, par exemple en cas de faute grave de l&rsquo;\u00e9poux demandeur.<\/p>\n<h3>Le r\u00f4le de l&rsquo;avocat divorce<\/h3>\n<p align=\"justify\">Pour demander une prestation compensatoire lorsque l&rsquo;on habite \u00e0 Paris 75014, il est vivement conseill\u00e9 de faire appel \u00e0 un <a href=\"https:\/\/avocat-gc.com\/divorce\/\" title=\"avocat divorce paris 75014\" target=\"\" rel=\"noopener\">avocat divorce<\/a>. En effet, l&rsquo;avocat divorce est un professionnel du droit qui conna\u00eet les r\u00e8gles applicables en mati\u00e8re de divorce et de prestation compensatoire. Il peut vous aider \u00e0 :<\/p>\n<p> \u00e9valuer vos droits et vos chances d&rsquo;obtenir une prestation compensatoire ;<br \/>\nrassembler les pi\u00e8ces justificatives n\u00e9cessaires pour appuyer votre demande ;<br \/>\nn\u00e9gocier avec votre ex-conjoint ou son avocat un accord amiable sur le montant et les modalit\u00e9s de paiement de la prestation compensatoire ;<br \/>\nsaisir le juge aux affaires familiales si aucun accord n&rsquo;est possible ;<br \/>\nd\u00e9fendre vos int\u00e9r\u00eats devant le juge et contester le cas \u00e9ch\u00e9ant la d\u00e9cision rendue.<\/p>\n<p align=\"justify\">L&rsquo;Avocat Divorce peut \u00e9galement vous accompagner dans les d\u00e9marches \u00e0 effectuer pour faire ex\u00e9cuter la d\u00e9cision du juge, si votre ex-conjoint ne respecte pas ses obligations.<\/p>\n<h3>Les sp\u00e9cificit\u00e9s de la prestation compensatoire \u00e0 Paris 75014<\/h3>\n<p align=\"justify\">Obtenir une prestation compensatoire lorsque l&rsquo;on habite \u00e0 Paris 75014 pr\u00e9sente certaines sp\u00e9cificit\u00e9s. En effet, Paris est une ville o\u00f9 le co\u00fbt de la vie est tr\u00e8s \u00e9lev\u00e9, notamment en ce qui concerne le logement. Il peut donc \u00eatre difficile pour l&rsquo;\u00e9poux qui <a href=\"\/divorce\/articles\/les-etapes-suivre-pour-quitter-le-domicile-conjugal\/\" title=\"quitter domicile conjugal paris 75014\" target=\"\" rel=\"noopener\">quitte le domicile conjugal <\/a>de se reloger dans des conditions satisfaisantes. Le juge peut alors tenir compte de ce facteur pour fixer le montant de la prestation compensatoire, en augmentant par exemple le capital ou la rente vers\u00e9s au b\u00e9n\u00e9ficiaire.Par ailleurs, Paris est aussi une ville o\u00f9 il existe une forte demande en mati\u00e8re d&rsquo;avocats divorce. Il peut donc \u00eatre judicieux de s&rsquo;y prendre \u00e0 l&rsquo;avance pour trouver un avocat divorce comp\u00e9tent et disponible, qui pourra vous conseiller et vous assister efficacement dans votre d\u00e9marche.Pour conclure, demander une prestation compensatoire lorsque l&rsquo;on habite \u00e0 Paris 75014 n&rsquo;est pas impossible, mais n\u00e9cessite de respecter certaines conditions et de faire appel \u00e0 un Avocat Divorce\u00a0Exp\u00e9riment\u00e9. Ce dernier pourra vous aider \u00e0 faire valoir vos droits et \u00e0 obtenir une compensation juste et \u00e9quitable.<\/p>\n<p align=\"justify\">\n<\/p>\n<p> J&rsquo;INTERVIENS DANS TOUTE LA FRANCE <a href=\"https:\/\/avocat-gc.com\/divorce\/avocat-divorce\/paris\/\" rel=\"nofollow noopener\" title=\"avocat divorce paris\" target=\"_parent\">Notre cabinet de divorce \u00e0 Paris<\/a> : 42 Rue de L\u00fcbeck, 75116 Paris 01 47 04 25 40<\/p>\n","protected":false},"excerpt":{"rendered":"<p>Comment demander une prestation compensatoire \u00e0 Paris 75014 La prestation compensatoire est une somme d&rsquo;argent vers\u00e9e par l&rsquo;un des \u00e9poux \u00e0 l&rsquo;autre apr\u00e8s un divorce, pour compenser la disparit\u00e9 de niveau de vie cr\u00e9\u00e9e par la rupture du mariage. Elle peut \u00eatre demand\u00e9e par l&rsquo;\u00e9poux qui se trouve dans une situation financi\u00e8re plus pr\u00e9caire que [&hellip;]<\/p>\n","protected":false},"author":1,"featured_media":0,"parent":0,"menu_order":0,"comment_status":"closed","ping_status":"closed","template":"","meta":{"_acf_changed":false,"inline_featured_image":false,"footnotes":""},"priorite":[],"class_list":["post-5029","page","type-page","status-publish","hentry"],"acf":[],"yoast_head":"<!-- This site is optimized with the Yoast SEO plugin v27.6 - https:\/\/yoast.com\/product\/yoast-seo-wordpress\/ -->\n<title>Prestation compensatoire \u00e0 Paris 75014 - Avocat Divorce<\/title>\n<meta name=\"description\" content=\"Comment demander une prestation compensatoire lorsque l&#039;on habite \u00e0 Paris 14e arr. 75014 ? Est-ce obligatoire au moment d&#039;un divorce amiable ? Cabinet d&#039;Avocats GC - T\u00e9l : 01.47.04.25.40 - Divorce amiable - Divorce sans juge \u2013 Divorcez en 1 mois . Devis Gratuit &amp; Imm\u00e9diat.\" \/>\n<meta name=\"robots\" content=\"index, follow, max-snippet:-1, max-image-preview:large, max-video-preview:-1\" \/>\n<link rel=\"canonical\" href=\"https:\/\/avocat-gc.com\/divorce\/prestation-compensatoire-paris-75014\/\" \/>\n<meta property=\"og:locale\" content=\"fr_FR\" \/>\n<meta property=\"og:type\" content=\"article\" \/>\n<meta property=\"og:title\" content=\"Prestation compensatoire \u00e0 Paris 75014 - Avocat Divorce\" \/>\n<meta property=\"og:description\" content=\"Comment demander une prestation compensatoire lorsque l&#039;on habite \u00e0 Paris 14e arr. 75014 ? Est-ce obligatoire au moment d&#039;un divorce amiable ? Cabinet d&#039;Avocats GC - T\u00e9l : 01.47.04.25.40 - Divorce amiable - Divorce sans juge \u2013 Divorcez en 1 mois . Devis Gratuit &amp; Imm\u00e9diat.\" \/>\n<meta property=\"og:url\" content=\"https:\/\/avocat-gc.com\/divorce\/prestation-compensatoire-paris-75014\/\" \/>\n<meta property=\"og:site_name\" content=\"Avocat GC - Avocat Divorce\" \/>\n<meta name=\"twitter:card\" content=\"summary_large_image\" \/>\n<script type=\"application\/ld+json\" class=\"yoast-schema-graph\">{\"@context\":\"https:\\\/\\\/schema.org\",\"@graph\":[{\"@type\":\"WebPage\",\"@id\":\"https:\\\/\\\/avocat-gc.com\\\/divorce\\\/prestation-compensatoire-paris-75014\\\/\",\"url\":\"https:\\\/\\\/avocat-gc.com\\\/divorce\\\/prestation-compensatoire-paris-75014\\\/\",\"name\":\"Prestation compensatoire \u00e0 Paris 75014 - Avocat Divorce\",\"isPartOf\":{\"@id\":\"https:\\\/\\\/avocat-gc.com\\\/divorce\\\/#website\"},\"datePublished\":\"2024-03-29T15:41:57+00:00\",\"description\":\"Comment demander une prestation compensatoire lorsque l'on habite \u00e0 Paris 14e arr. 75014 ? Est-ce obligatoire au moment d'un divorce amiable ? Cabinet d'Avocats GC - T\u00e9l : 01.47.04.25.40 - Divorce amiable - Divorce sans juge \u2013 Divorcez en 1 mois . Devis Gratuit & Imm\u00e9diat.\",\"breadcrumb\":{\"@id\":\"https:\\\/\\\/avocat-gc.com\\\/divorce\\\/prestation-compensatoire-paris-75014\\\/#breadcrumb\"},\"inLanguage\":\"fr-FR\",\"potentialAction\":[{\"@type\":\"ReadAction\",\"target\":[\"https:\\\/\\\/avocat-gc.com\\\/divorce\\\/prestation-compensatoire-paris-75014\\\/\"]}]},{\"@type\":\"BreadcrumbList\",\"@id\":\"https:\\\/\\\/avocat-gc.com\\\/divorce\\\/prestation-compensatoire-paris-75014\\\/#breadcrumb\",\"itemListElement\":[{\"@type\":\"ListItem\",\"position\":1,\"name\":\"Accueil\",\"item\":\"https:\\\/\\\/avocat-gc.com\\\/divorce\\\/\"},{\"@type\":\"ListItem\",\"position\":2,\"name\":\"Prestation compensatoire \u00e0 Paris 75014\"}]},{\"@type\":\"WebSite\",\"@id\":\"https:\\\/\\\/avocat-gc.com\\\/divorce\\\/#website\",\"url\":\"https:\\\/\\\/avocat-gc.com\\\/divorce\\\/\",\"name\":\"Avocat GC - Avocat Divorce\",\"description\":\"\",\"publisher\":{\"@id\":\"https:\\\/\\\/avocat-gc.com\\\/divorce\\\/#organization\"},\"potentialAction\":[{\"@type\":\"SearchAction\",\"target\":{\"@type\":\"EntryPoint\",\"urlTemplate\":\"https:\\\/\\\/avocat-gc.com\\\/divorce\\\/?s={search_term_string}\"},\"query-input\":{\"@type\":\"PropertyValueSpecification\",\"valueRequired\":true,\"valueName\":\"search_term_string\"}}],\"inLanguage\":\"fr-FR\"},{\"@type\":\"Organization\",\"@id\":\"https:\\\/\\\/avocat-gc.com\\\/divorce\\\/#organization\",\"name\":\"Avocat GC - Avocat Divorce\",\"url\":\"https:\\\/\\\/avocat-gc.com\\\/divorce\\\/\",\"logo\":{\"@type\":\"ImageObject\",\"inLanguage\":\"fr-FR\",\"@id\":\"https:\\\/\\\/avocat-gc.com\\\/divorce\\\/#\\\/schema\\\/logo\\\/image\\\/\",\"url\":\"https:\\\/\\\/avocat-gc.com\\\/divorce\\\/wp-content\\\/uploads\\\/2024\\\/04\\\/cropped-Sans-titre.png\",\"contentUrl\":\"https:\\\/\\\/avocat-gc.com\\\/divorce\\\/wp-content\\\/uploads\\\/2024\\\/04\\\/cropped-Sans-titre.png\",\"width\":200,\"height\":180,\"caption\":\"Avocat GC - Avocat Divorce\"},\"image\":{\"@id\":\"https:\\\/\\\/avocat-gc.com\\\/divorce\\\/#\\\/schema\\\/logo\\\/image\\\/\"}}]}<\/script>\n<!-- \/ Yoast SEO plugin. -->","yoast_head_json":{"title":"Prestation compensatoire \u00e0 Paris 75014 - Avocat Divorce","description":"Comment demander une prestation compensatoire lorsque l'on habite \u00e0 Paris 14e arr. 75014 ? Est-ce obligatoire au moment d'un divorce amiable ? Cabinet d'Avocats GC - T\u00e9l : 01.47.04.25.40 - Divorce amiable - Divorce sans juge \u2013 Divorcez en 1 mois . Devis Gratuit & Imm\u00e9diat.","robots":{"index":"index","follow":"follow","max-snippet":"max-snippet:-1","max-image-preview":"max-image-preview:large","max-video-preview":"max-video-preview:-1"},"canonical":"https:\/\/avocat-gc.com\/divorce\/prestation-compensatoire-paris-75014\/","og_locale":"fr_FR","og_type":"article","og_title":"Prestation compensatoire \u00e0 Paris 75014 - Avocat Divorce","og_description":"Comment demander une prestation compensatoire lorsque l'on habite \u00e0 Paris 14e arr. 75014 ? Est-ce obligatoire au moment d'un divorce amiable ? Cabinet d'Avocats GC - T\u00e9l : 01.47.04.25.40 - Divorce amiable - Divorce sans juge \u2013 Divorcez en 1 mois . Devis Gratuit & Imm\u00e9diat.","og_url":"https:\/\/avocat-gc.com\/divorce\/prestation-compensatoire-paris-75014\/","og_site_name":"Avocat GC - Avocat Divorce","twitter_card":"summary_large_image","schema":{"@context":"https:\/\/schema.org","@graph":[{"@type":"WebPage","@id":"https:\/\/avocat-gc.com\/divorce\/prestation-compensatoire-paris-75014\/","url":"https:\/\/avocat-gc.com\/divorce\/prestation-compensatoire-paris-75014\/","name":"Prestation compensatoire \u00e0 Paris 75014 - Avocat Divorce","isPartOf":{"@id":"https:\/\/avocat-gc.com\/divorce\/#website"},"datePublished":"2024-03-29T15:41:57+00:00","description":"Comment demander une prestation compensatoire lorsque l'on habite \u00e0 Paris 14e arr. 75014 ? Est-ce obligatoire au moment d'un divorce amiable ? Cabinet d'Avocats GC - T\u00e9l : 01.47.04.25.40 - Divorce amiable - Divorce sans juge \u2013 Divorcez en 1 mois . Devis Gratuit & Imm\u00e9diat.","breadcrumb":{"@id":"https:\/\/avocat-gc.com\/divorce\/prestation-compensatoire-paris-75014\/#breadcrumb"},"inLanguage":"fr-FR","potentialAction":[{"@type":"ReadAction","target":["https:\/\/avocat-gc.com\/divorce\/prestation-compensatoire-paris-75014\/"]}]},{"@type":"BreadcrumbList","@id":"https:\/\/avocat-gc.com\/divorce\/prestation-compensatoire-paris-75014\/#breadcrumb","itemListElement":[{"@type":"ListItem","position":1,"name":"Accueil","item":"https:\/\/avocat-gc.com\/divorce\/"},{"@type":"ListItem","position":2,"name":"Prestation compensatoire \u00e0 Paris 75014"}]},{"@type":"WebSite","@id":"https:\/\/avocat-gc.com\/divorce\/#website","url":"https:\/\/avocat-gc.com\/divorce\/","name":"Avocat GC - Avocat Divorce","description":"","publisher":{"@id":"https:\/\/avocat-gc.com\/divorce\/#organization"},"potentialAction":[{"@type":"SearchAction","target":{"@type":"EntryPoint","urlTemplate":"https:\/\/avocat-gc.com\/divorce\/?s={search_term_string}"},"query-input":{"@type":"PropertyValueSpecification","valueRequired":true,"valueName":"search_term_string"}}],"inLanguage":"fr-FR"},{"@type":"Organization","@id":"https:\/\/avocat-gc.com\/divorce\/#organization","name":"Avocat GC - Avocat Divorce","url":"https:\/\/avocat-gc.com\/divorce\/","logo":{"@type":"ImageObject","inLanguage":"fr-FR","@id":"https:\/\/avocat-gc.com\/divorce\/#\/schema\/logo\/image\/","url":"https:\/\/avocat-gc.com\/divorce\/wp-content\/uploads\/2024\/04\/cropped-Sans-titre.png","contentUrl":"https:\/\/avocat-gc.com\/divorce\/wp-content\/uploads\/2024\/04\/cropped-Sans-titre.png","width":200,"height":180,"caption":"Avocat GC - Avocat Divorce"},"image":{"@id":"https:\/\/avocat-gc.com\/divorce\/#\/schema\/logo\/image\/"}}]}},"_links":{"self":[{"href":"https:\/\/avocat-gc.com\/divorce\/wp-json\/wp\/v2\/pages\/5029","targetHints":{"allow":["GET"]}}],"collection":[{"href":"https:\/\/avocat-gc.com\/divorce\/wp-json\/wp\/v2\/pages"}],"about":[{"href":"https:\/\/avocat-gc.com\/divorce\/wp-json\/wp\/v2\/types\/page"}],"author":[{"embeddable":true,"href":"https:\/\/avocat-gc.com\/divorce\/wp-json\/wp\/v2\/users\/1"}],"replies":[{"embeddable":true,"href":"https:\/\/avocat-gc.com\/divorce\/wp-json\/wp\/v2\/comments?post=5029"}],"version-history":[{"count":0,"href":"https:\/\/avocat-gc.com\/divorce\/wp-json\/wp\/v2\/pages\/5029\/revisions"}],"wp:attachment":[{"href":"https:\/\/avocat-gc.com\/divorce\/wp-json\/wp\/v2\/media?parent=5029"}],"wp:term":[{"taxonomy":"priorite","embeddable":true,"href":"https:\/\/avocat-gc.com\/divorce\/wp-json\/wp\/v2\/priorite?post=5029"}],"curies":[{"name":"wp","href":"https:\/\/api.w.org\/{rel}","templated":true}]}}