{"id":5014,"date":"2024-03-29T15:41:54","date_gmt":"2024-03-29T15:41:54","guid":{"rendered":"https:\/\/avocat-gc.com\/divorce\/presse\/"},"modified":"2024-04-21T09:17:55","modified_gmt":"2024-04-21T09:17:55","slug":"presse","status":"publish","type":"page","link":"https:\/\/avocat-gc.com\/divorce\/presse\/","title":{"rendered":"Le cabinet Greffet dans la presse"},"content":{"rendered":"<p><a class=\"img-left\" href=\"http:\/\/www.leparisien.fr\/espace-premium\/air-du-temps\/avocat-online-13-09-2013-3132735.php\" rel=\"nofollow bookmark noopener\" target=\"_blank\" title=\"L'application AVOCAT GC cit\u00e9e dans LE PARISIEN\"><img decoding=\"async\" alt=\"fr2\" border=\"2\" height=\"164\" src=\"http:\/\/avocat-gc.com\/penal\/sites\/default\/files\/logos\/le-parisien.png\" width=\"261\" \/><\/a><\/p>\n<h3>\n\t\t\t\t\t<a href=\"http:\/\/www.leparisien.fr\/espace-premium\/air-du-temps\/avocat-online-13-09-2013-3132735.php\" rel=\"nofollow bookmark noopener\" target=\"_blank\" title=\"L'application AVOCAT GC cit\u00e9e dans LE PARISIEN\">L&rsquo;application AVOCAT GC cit\u00e9e dans LE PARISIEN<\/a><\/h3>\n<p>\t\t\t\t\t<a href=\"\/\/www.leparisien.fr\/espace-premium\/air-du-temps\/avocat-online-13-09-2013-3132735.php\" rel=\"nofollow bookmark noopener\" target=\"_blank\">15 septembre 2013<\/a><\/p>\n<p>\t\t\t\t<a href=\"http:\/\/www.leparisien.fr\/espace-premium\/air-du-temps\/avocat-online-13-09-2013-3132735.php\" rel=\"nofollow bookmark noopener\" target=\"_blank\" title=\"Lire Le nombre des divorces en chute libre depuis quelques mois en France \u2013 RTL\">Lire l&rsquo;article<\/a><\/p>\n<p>\t\u00a0<\/p>\n<p>\t\t\t<a class=\"img-left\" href=\"https:\/\/soundcloud.com\/avocatgc\/rtl-divorce-avocat-gueguen-carroll-fevrier-2013\" rel=\"nofollow bookmark noopener\" target=\"_blank\" title=\"Lien vers Le nombre des divorces en chute libre depuis quelques mois en France \u2013 RTL\"><img decoding=\"async\" alt=\"fr2\" border=\"2\" height=\"164\" src=\"http:\/\/avocat-gc.com\/penal\/sites\/default\/files\/logos\/rtl.png\" width=\"261\" \/><\/a><\/p>\n<h3>\n\t\t\t\t\t<a href=\"https:\/\/soundcloud.com\/avocatgc\/rtl-divorce-avocat-gueguen-carroll-fevrier-2013\" rel=\"nofollow bookmark noopener\" target=\"_blank\" title=\"Lire Le nombre des divorces en chute libre depuis quelques mois en France \u2013 RTL\">Le nombre des divorces en chute libre depuis quelques mois en France \u2013 RTL<\/a><\/h3>\n<p>\t\t\t\t\t<a href=\"https:\/\/soundcloud.com\/avocatgc\/rtl-divorce-avocat-gueguen-carroll-fevrier-2013\" rel=\"nofollow bookmark noopener\" target=\"_blank\" title=\"23 h 48 min\">18 fevrier 2013<\/a><\/p>\n<p>\t\t\t\t<a href=\"https:\/\/soundcloud.com\/avocatgc\/rtl-divorce-avocat-gueguen-carroll-fevrier-2013\" rel=\"nofollow bookmark noopener\" target=\"_blank\" title=\"Lire Le nombre des divorces en chute libre depuis quelques mois en France \u2013 RTL\">Lien : RTL \u2013 Le nombre des divorces en chute libre depuis quelques mois en France<\/a><\/p>\n<p>\t\u00a0<\/p>\n<p>\t<a class=\"img-left\" rel=\"nofollow bookmark noopener\" target=\"_blank\" title=\"Les avocats d\u2019un d\u00e9tenu suicid\u00e9 poursuivent l\u2019Etat \u2013 France 2\"><img decoding=\"async\" alt=\"fr2\" border=\"2\" height=\"164\" src=\"http:\/\/avocat-gc.com\/penal\/sites\/default\/files\/logos\/fr2.png\" width=\"261\" \/><\/a><\/p>\n<h3>\n\t\t\t\t\tLes avocats d\u2019un d\u00e9tenu suicid\u00e9 poursuivent l\u2019Etat \u2013 France 2<\/h3>\n<p>\t\t\t\t\t\t7 janvier 2012<\/p>\n<p>Lien : France 2 \u2013 Les avocats d\u2019un d\u00e9tenu suicid\u00e9 poursuivent l\u2019Etat<\/p>\n<p>\t\u00a0<\/p>\n<p>      <a class=\"img-left\" rel=\"nofollow bookmark noopener\" target=\"_blank\" title=\"Le vigile du Monoprix accus\u00e9 de meurtre a \u00e9t\u00e9 acquitt\u00e9\"><img decoding=\"async\" alt=\"fr2\" border=\"2\" height=\"164\" src=\"http:\/\/avocat-gc.com\/penal\/sites\/default\/files\/logos\/le-parisien.png\" width=\"261\" \/><\/a><\/p>\n<h3>\tLe vigile du Monoprix accus\u00e9 de meurtre a \u00e9t\u00e9 acquitt\u00e9<\/h3>\n<p>\t\t\t\t\t\t27 mars 2012<\/p>\n<p>\t\t\t\tLire Le vigile du Monoprix accus\u00e9 de meurtre a \u00e9t\u00e9 acquitt\u00e9<\/p>\n<p>\t\u00a0<\/p>\n<p>     <a class=\"img-left\" rel=\"nofollow bookmark noopener\" target=\"_blank\" title=\"Pol\u00e9mique autour du suicide d\u2019un d\u00e9tenu malade apr\u00e8s son annulation de permis\"><img decoding=\"async\" alt=\"tf1\" border=\"2\" height=\"164\" src=\"http:\/\/avocat-gc.com\/penal\/sites\/default\/files\/logos\/tf1.png\" width=\"261\" \/><\/a><\/p>\n<h3>\n\t\t\t\t\tPol\u00e9mique autour du suicide d\u2019un d\u00e9tenu malade apr\u00e8s son annulation de permis \u2013 TF1<\/h3>\n<p>\t\t\t\t\t\t7 janvier 2012<\/p>\n<p>\t\t\t\tLien : Pol\u00e9mique autour du suicide d\u2019un d\u00e9tenu malade<\/p>\n<p>\t\u00a0<\/p>\n<p>          <a class=\"img-left\" rel=\"nofollow bookmark noopener\" target=\"_blank\" title=\"L\u2019Etat mis en cause dans le suicide d\u2019un d\u00e9tenu apr\u00e8s son retrait de permis\"><img decoding=\"async\" alt=\"rtl\" border=\"2\" height=\"164\" src=\"http:\/\/avocat-gc.com\/penal\/sites\/default\/files\/logos\/rtl.png\" width=\"261\" \/><\/a><\/p>\n<h3>\n\t\t\t\t\tL\u2019Etat mis en cause dans le suicide d\u2019un d\u00e9tenu apr\u00e8s son retrait de permis<\/h3>\n<p>\t\t\t\t\t\t7 janvier 2012<\/p>\n<p>\t\t\t\tLien : RTL \u2013 L\u2019Etat mis en cause dans le suicide d\u2019un d\u00e9tenu apr\u00e8s son retrait de permis<\/p>\n<p>\t\u00a0<\/p>\n<p> <a class=\"img-left\" rel=\"nofollow bookmark noopener\" target=\"_blank\" title=\"Suicide d\u2019un d\u00e9tenu apr\u00e8s son retrait de permis \u2013 Lib\u00e9ration\"><img decoding=\"async\" alt=\"liberation\" border=\"2\" height=\"164\" src=\"http:\/\/avocat-gc.com\/penal\/sites\/default\/files\/logos\/liberation.png\" width=\"261\" \/><\/a><\/p>\n<h3>\n\t\t\t\t\tSuicide d\u2019un d\u00e9tenu apr\u00e8s son retrait de permis \u2013 Lib\u00e9ration<\/h3>\n<p>\t\t\t\t\t\t7 janvier 2012<\/p>\n<p>\t\t\t\tLien : Lib\u00e9ration \u2013 Suicide d\u2019un d\u00e9tenu apr\u00e8s son retrait de permis<\/p>\n<p>\t\u00a0<\/p>\n<p>          <a class=\"img-left\" rel=\"nofollow bookmark noopener\" target=\"_blank\" title=\"Suicide d\u2019un d\u00e9tenu incarc\u00e9r\u00e9 apr\u00e8s un retrait de permis, ses avocats attaquent l\u2019Etat\"><img decoding=\"async\" alt=\"nouvel-observateur\" border=\"2\" height=\"164\" src=\"http:\/\/avocat-gc.com\/penal\/sites\/default\/files\/logos\/nouvel-observateur.png\" width=\"261\" \/><\/a><\/p>\n<h3>\n\t\t\t\t\tSuicide d\u2019un d\u00e9tenu incarc\u00e9r\u00e9 apr\u00e8s un retrait de permis, ses avocats attaquent l\u2019Etat<\/h3>\n<p>\t\t\t\t\t\t7 janvier 2012<\/p>\n<p>\t\t\t\tLien : Nouvel\u2019Obs \u2013 Suicide d\u2019un d\u00e9tenu incarc\u00e9r\u00e9 apr\u00e8s un retrait de permis<\/p>\n<p>\t\u00a0<\/p>\n<p>      <a class=\"img-left\" rel=\"nofollow bookmark noopener\" target=\"_blank\" title=\"Suicide suite \u00e0 une s\u00e9rie de contraventions au permis de conduire\"><img decoding=\"async\" alt=\"le-parisien\" border=\"2\" height=\"164\" src=\"http:\/\/avocat-gc.com\/penal\/sites\/default\/files\/logos\/le-parisien.png\" width=\"261\" \/><\/a><\/p>\n<h3>\n\t\t\t\t\tSuicide suite \u00e0 une s\u00e9rie de contraventions au permis de conduire \u2013 LE PARISIEN<\/h3>\n<p>\t\t\t\t\t\t7 janvier 2012<\/p>\n<p>\t\t\t\tLien : Le Parisien \u2013 Suicide suite \u00e0 une s\u00e9rie de contraventions au permis de conduire<\/p>\n<p>\t\u00a0<\/p>\n<p>  <a class=\"img-left\" rel=\"nofollow bookmark noopener\" target=\"_blank\" title=\"Voiture confisqu\u00e9e illico \u2013 R\u00e9ponse \u00e0 tout\"><img decoding=\"async\" alt=\"reponse-a-tout-logo\" border=\"2\" height=\"164\" src=\"http:\/\/avocat-gc.com\/penal\/sites\/default\/files\/logos\/reponse-a-tout-logo.png\" width=\"261\" \/><\/a><\/p>\n<h3>\n\t\t\t\t\tVoiture confisqu\u00e9e illico \u2013 R\u00e9ponse \u00e0 tout<\/h3>\n<p>\t\t\t\t\t\t7 janvier 2012<\/p>\n<p>En cas d\u2019infraction routi\u00e8re grave, la confiscation obligatoire de votre v\u00e9hicule inflig\u00e9e par le juge est d\u00e9sormais de mise, \u00e0 savoir sa destruction ou sa revente! Une mesure d\u00e9nonc\u00e9e par le cabinet d\u2019avocats Greffet. Il y voit notamment un coup \u2026 Lire la suite \u2192<\/p>\n<\/p>\n<p>\t\u00a0<\/p>\n<p>  <a class=\"img-left\" rel=\"nofollow bookmark noopener\" target=\"_blank\" title=\"Conduire sans points, c\u2019est parfois possible\"><img decoding=\"async\" alt=\"ouest-france-logo\" border=\"2\" height=\"164\" src=\"http:\/\/avocat-gc.com\/penal\/sites\/default\/files\/logos\/ouest-france.png\" width=\"261\" \/><\/a><\/p>\n<h3>\n\t\t\t\t\tConduire sans points, c\u2019est parfois possible \u2013 Ouest France<\/h3>\n<p>\t\t\t\t\t\t7 janvier 2012<\/p>\n<p>Lorsque les points sont perdus un par un, le tribunal permet souvent au conducteur de garder le volant pour conserver son job. (Jean-Yves Desfoux) Pour conserver leur travail, des automobilistes sont autoris\u00e9s \u00e0 conduire malgr\u00e9 la perte du permis, dans \u2026 Lire la suite \u2192<\/p>\n<\/p>\n<p>\t\u00a0<\/p>\n<p>  <a class=\"img-left\" rel=\"nofollow bookmark noopener\" target=\"_blank\" title=\"Intervention du cabinet Greffet dans l\u2019\u00e9mission votre auto\"><img decoding=\"async\" alt=\"rmc-logo\" border=\"2\" height=\"164\" src=\"http:\/\/avocat-gc.com\/penal\/sites\/default\/files\/logos\/rmc-logo.png\" width=\"261\" \/><\/a><\/p>\n<h3>\n\t\t\t\t\tIntervention du cabinet Greffet dans l\u2019\u00e9mission \u00ab\u00a0Votre auto\u00a0\u00bb sur RMC<\/h3>\n<p>\t\t\t\t\t\t7 janvier 2012<\/p>\n<p>\t\t\t\tLien : \u00ab\u00a0Les irr\u00e9gularit\u00e9s dans les contraventions des radars automatiques\u00a0\u00bb<\/p>\n<p>\t\u00a0<\/p>\n<p>  <a class=\"img-left\" rel=\"nofollow bookmark noopener\" target=\"_blank\" title=\"Auto Plus \u2013 Permis \u00e0 points, bient\u00f4t ill\u00e9gal\"><img decoding=\"async\" alt=\"autoplus\" border=\"2\" height=\"164\" src=\"http:\/\/avocat-gc.com\/penal\/sites\/default\/files\/logos\/autoplus.png\" width=\"261\" \/><\/a><\/p>\n<h3>\n\t\t\t\t\tAuto Plus \u2013 Permis \u00e0 points, bient\u00f4t ill\u00e9gal<\/h3>\n<p>\t\t\t\t\t\t7 janvier 2012<\/p>\n<p>Auto Plus \u2013 Permis \u00e0 points, bient\u00f4t ill\u00e9gal<\/p>\n<p>\t\u00a0<\/p>\n","protected":false},"excerpt":{"rendered":"<p>L&rsquo;application AVOCAT GC cit\u00e9e dans LE PARISIEN 15 septembre 2013 Lire l&rsquo;article \u00a0 Le nombre des divorces en chute libre depuis quelques mois en France \u2013 RTL 18 fevrier 2013 Lien : RTL \u2013 Le nombre des divorces en chute libre depuis quelques mois en France \u00a0 Les avocats d\u2019un d\u00e9tenu suicid\u00e9 poursuivent l\u2019Etat \u2013 [&hellip;]<\/p>\n","protected":false},"author":1,"featured_media":0,"parent":0,"menu_order":0,"comment_status":"closed","ping_status":"closed","template":"","meta":{"_acf_changed":false,"inline_featured_image":false,"footnotes":""},"priorite":[4],"class_list":["post-5014","page","type-page","status-publish","hentry","priorite-haute"],"acf":[],"yoast_head":"<!-- This site is optimized with the Yoast SEO plugin v27.3 - https:\/\/yoast.com\/product\/yoast-seo-wordpress\/ -->\n<title>Le cabinet Gueguen-Carroll dans la presse - Avocat Divorce<\/title>\n<meta name=\"description\" content=\"Retrouvez tous les articles de presse du Cabinet d&#039;Avocats Gueguen-Carroll.\" \/>\n<meta name=\"robots\" content=\"index, follow, max-snippet:-1, max-image-preview:large, max-video-preview:-1\" \/>\n<link rel=\"canonical\" href=\"https:\/\/avocat-gc.com\/divorce\/presse\/\" \/>\n<meta property=\"og:locale\" content=\"fr_FR\" \/>\n<meta property=\"og:type\" content=\"article\" \/>\n<meta property=\"og:title\" content=\"Le cabinet Gueguen-Carroll dans la presse - Avocat Divorce\" \/>\n<meta property=\"og:description\" content=\"Retrouvez tous les articles de presse du Cabinet d&#039;Avocats Gueguen-Carroll.\" \/>\n<meta property=\"og:url\" content=\"https:\/\/avocat-gc.com\/divorce\/presse\/\" \/>\n<meta property=\"og:site_name\" content=\"Avocat GC - Avocat Divorce\" \/>\n<meta property=\"article:modified_time\" content=\"2024-04-21T09:17:55+00:00\" \/>\n<meta property=\"og:image\" content=\"http:\/\/avocat-gc.com\/penal\/sites\/default\/files\/logos\/le-parisien.png\" \/>\n<meta name=\"twitter:card\" content=\"summary_large_image\" \/>\n<script type=\"application\/ld+json\" class=\"yoast-schema-graph\">{\"@context\":\"https:\\\/\\\/schema.org\",\"@graph\":[{\"@type\":\"WebPage\",\"@id\":\"https:\\\/\\\/avocat-gc.com\\\/divorce\\\/presse\\\/\",\"url\":\"https:\\\/\\\/avocat-gc.com\\\/divorce\\\/presse\\\/\",\"name\":\"Le cabinet Gueguen-Carroll dans la presse - Avocat Divorce\",\"isPartOf\":{\"@id\":\"https:\\\/\\\/avocat-gc.com\\\/divorce\\\/#website\"},\"primaryImageOfPage\":{\"@id\":\"https:\\\/\\\/avocat-gc.com\\\/divorce\\\/presse\\\/#primaryimage\"},\"image\":{\"@id\":\"https:\\\/\\\/avocat-gc.com\\\/divorce\\\/presse\\\/#primaryimage\"},\"thumbnailUrl\":\"http:\\\/\\\/avocat-gc.com\\\/penal\\\/sites\\\/default\\\/files\\\/logos\\\/le-parisien.png\",\"datePublished\":\"2024-03-29T15:41:54+00:00\",\"dateModified\":\"2024-04-21T09:17:55+00:00\",\"description\":\"Retrouvez tous les articles de presse du Cabinet d'Avocats Gueguen-Carroll.\",\"breadcrumb\":{\"@id\":\"https:\\\/\\\/avocat-gc.com\\\/divorce\\\/presse\\\/#breadcrumb\"},\"inLanguage\":\"fr-FR\",\"potentialAction\":[{\"@type\":\"ReadAction\",\"target\":[\"https:\\\/\\\/avocat-gc.com\\\/divorce\\\/presse\\\/\"]}]},{\"@type\":\"ImageObject\",\"inLanguage\":\"fr-FR\",\"@id\":\"https:\\\/\\\/avocat-gc.com\\\/divorce\\\/presse\\\/#primaryimage\",\"url\":\"http:\\\/\\\/avocat-gc.com\\\/penal\\\/sites\\\/default\\\/files\\\/logos\\\/le-parisien.png\",\"contentUrl\":\"http:\\\/\\\/avocat-gc.com\\\/penal\\\/sites\\\/default\\\/files\\\/logos\\\/le-parisien.png\"},{\"@type\":\"BreadcrumbList\",\"@id\":\"https:\\\/\\\/avocat-gc.com\\\/divorce\\\/presse\\\/#breadcrumb\",\"itemListElement\":[{\"@type\":\"ListItem\",\"position\":1,\"name\":\"Accueil\",\"item\":\"https:\\\/\\\/avocat-gc.com\\\/divorce\\\/\"},{\"@type\":\"ListItem\",\"position\":2,\"name\":\"Le cabinet Greffet dans la presse\"}]},{\"@type\":\"WebSite\",\"@id\":\"https:\\\/\\\/avocat-gc.com\\\/divorce\\\/#website\",\"url\":\"https:\\\/\\\/avocat-gc.com\\\/divorce\\\/\",\"name\":\"Avocat GC - Avocat Divorce\",\"description\":\"\",\"publisher\":{\"@id\":\"https:\\\/\\\/avocat-gc.com\\\/divorce\\\/#organization\"},\"potentialAction\":[{\"@type\":\"SearchAction\",\"target\":{\"@type\":\"EntryPoint\",\"urlTemplate\":\"https:\\\/\\\/avocat-gc.com\\\/divorce\\\/?s={search_term_string}\"},\"query-input\":{\"@type\":\"PropertyValueSpecification\",\"valueRequired\":true,\"valueName\":\"search_term_string\"}}],\"inLanguage\":\"fr-FR\"},{\"@type\":\"Organization\",\"@id\":\"https:\\\/\\\/avocat-gc.com\\\/divorce\\\/#organization\",\"name\":\"Avocat GC - Avocat Divorce\",\"url\":\"https:\\\/\\\/avocat-gc.com\\\/divorce\\\/\",\"logo\":{\"@type\":\"ImageObject\",\"inLanguage\":\"fr-FR\",\"@id\":\"https:\\\/\\\/avocat-gc.com\\\/divorce\\\/#\\\/schema\\\/logo\\\/image\\\/\",\"url\":\"https:\\\/\\\/avocat-gc.com\\\/divorce\\\/wp-content\\\/uploads\\\/2024\\\/04\\\/cropped-Sans-titre.png\",\"contentUrl\":\"https:\\\/\\\/avocat-gc.com\\\/divorce\\\/wp-content\\\/uploads\\\/2024\\\/04\\\/cropped-Sans-titre.png\",\"width\":200,\"height\":180,\"caption\":\"Avocat GC - Avocat Divorce\"},\"image\":{\"@id\":\"https:\\\/\\\/avocat-gc.com\\\/divorce\\\/#\\\/schema\\\/logo\\\/image\\\/\"}}]}<\/script>\n<!-- \/ Yoast SEO plugin. -->","yoast_head_json":{"title":"Le cabinet Gueguen-Carroll dans la presse - Avocat Divorce","description":"Retrouvez tous les articles de presse du Cabinet d'Avocats Gueguen-Carroll.","robots":{"index":"index","follow":"follow","max-snippet":"max-snippet:-1","max-image-preview":"max-image-preview:large","max-video-preview":"max-video-preview:-1"},"canonical":"https:\/\/avocat-gc.com\/divorce\/presse\/","og_locale":"fr_FR","og_type":"article","og_title":"Le cabinet Gueguen-Carroll dans la presse - Avocat Divorce","og_description":"Retrouvez tous les articles de presse du Cabinet d'Avocats Gueguen-Carroll.","og_url":"https:\/\/avocat-gc.com\/divorce\/presse\/","og_site_name":"Avocat GC - Avocat Divorce","article_modified_time":"2024-04-21T09:17:55+00:00","og_image":[{"url":"http:\/\/avocat-gc.com\/penal\/sites\/default\/files\/logos\/le-parisien.png","type":"","width":"","height":""}],"twitter_card":"summary_large_image","schema":{"@context":"https:\/\/schema.org","@graph":[{"@type":"WebPage","@id":"https:\/\/avocat-gc.com\/divorce\/presse\/","url":"https:\/\/avocat-gc.com\/divorce\/presse\/","name":"Le cabinet Gueguen-Carroll dans la presse - Avocat Divorce","isPartOf":{"@id":"https:\/\/avocat-gc.com\/divorce\/#website"},"primaryImageOfPage":{"@id":"https:\/\/avocat-gc.com\/divorce\/presse\/#primaryimage"},"image":{"@id":"https:\/\/avocat-gc.com\/divorce\/presse\/#primaryimage"},"thumbnailUrl":"http:\/\/avocat-gc.com\/penal\/sites\/default\/files\/logos\/le-parisien.png","datePublished":"2024-03-29T15:41:54+00:00","dateModified":"2024-04-21T09:17:55+00:00","description":"Retrouvez tous les articles de presse du Cabinet d'Avocats Gueguen-Carroll.","breadcrumb":{"@id":"https:\/\/avocat-gc.com\/divorce\/presse\/#breadcrumb"},"inLanguage":"fr-FR","potentialAction":[{"@type":"ReadAction","target":["https:\/\/avocat-gc.com\/divorce\/presse\/"]}]},{"@type":"ImageObject","inLanguage":"fr-FR","@id":"https:\/\/avocat-gc.com\/divorce\/presse\/#primaryimage","url":"http:\/\/avocat-gc.com\/penal\/sites\/default\/files\/logos\/le-parisien.png","contentUrl":"http:\/\/avocat-gc.com\/penal\/sites\/default\/files\/logos\/le-parisien.png"},{"@type":"BreadcrumbList","@id":"https:\/\/avocat-gc.com\/divorce\/presse\/#breadcrumb","itemListElement":[{"@type":"ListItem","position":1,"name":"Accueil","item":"https:\/\/avocat-gc.com\/divorce\/"},{"@type":"ListItem","position":2,"name":"Le cabinet Greffet dans la presse"}]},{"@type":"WebSite","@id":"https:\/\/avocat-gc.com\/divorce\/#website","url":"https:\/\/avocat-gc.com\/divorce\/","name":"Avocat GC - Avocat Divorce","description":"","publisher":{"@id":"https:\/\/avocat-gc.com\/divorce\/#organization"},"potentialAction":[{"@type":"SearchAction","target":{"@type":"EntryPoint","urlTemplate":"https:\/\/avocat-gc.com\/divorce\/?s={search_term_string}"},"query-input":{"@type":"PropertyValueSpecification","valueRequired":true,"valueName":"search_term_string"}}],"inLanguage":"fr-FR"},{"@type":"Organization","@id":"https:\/\/avocat-gc.com\/divorce\/#organization","name":"Avocat GC - Avocat Divorce","url":"https:\/\/avocat-gc.com\/divorce\/","logo":{"@type":"ImageObject","inLanguage":"fr-FR","@id":"https:\/\/avocat-gc.com\/divorce\/#\/schema\/logo\/image\/","url":"https:\/\/avocat-gc.com\/divorce\/wp-content\/uploads\/2024\/04\/cropped-Sans-titre.png","contentUrl":"https:\/\/avocat-gc.com\/divorce\/wp-content\/uploads\/2024\/04\/cropped-Sans-titre.png","width":200,"height":180,"caption":"Avocat GC - Avocat Divorce"},"image":{"@id":"https:\/\/avocat-gc.com\/divorce\/#\/schema\/logo\/image\/"}}]}},"_links":{"self":[{"href":"https:\/\/avocat-gc.com\/divorce\/wp-json\/wp\/v2\/pages\/5014","targetHints":{"allow":["GET"]}}],"collection":[{"href":"https:\/\/avocat-gc.com\/divorce\/wp-json\/wp\/v2\/pages"}],"about":[{"href":"https:\/\/avocat-gc.com\/divorce\/wp-json\/wp\/v2\/types\/page"}],"author":[{"embeddable":true,"href":"https:\/\/avocat-gc.com\/divorce\/wp-json\/wp\/v2\/users\/1"}],"replies":[{"embeddable":true,"href":"https:\/\/avocat-gc.com\/divorce\/wp-json\/wp\/v2\/comments?post=5014"}],"version-history":[{"count":1,"href":"https:\/\/avocat-gc.com\/divorce\/wp-json\/wp\/v2\/pages\/5014\/revisions"}],"predecessor-version":[{"id":14077,"href":"https:\/\/avocat-gc.com\/divorce\/wp-json\/wp\/v2\/pages\/5014\/revisions\/14077"}],"wp:attachment":[{"href":"https:\/\/avocat-gc.com\/divorce\/wp-json\/wp\/v2\/media?parent=5014"}],"wp:term":[{"taxonomy":"priorite","embeddable":true,"href":"https:\/\/avocat-gc.com\/divorce\/wp-json\/wp\/v2\/priorite?post=5014"}],"curies":[{"name":"wp","href":"https:\/\/api.w.org\/{rel}","templated":true}]}}