{"id":4992,"date":"2024-03-29T15:41:51","date_gmt":"2024-03-29T15:41:51","guid":{"rendered":"https:\/\/avocat-gc.com\/divorce\/pension-alimentaire-enfants\/"},"modified":"2026-01-12T11:44:26","modified_gmt":"2026-01-12T11:44:26","slug":"pension-alimentaire-enfants","status":"publish","type":"page","link":"https:\/\/avocat-gc.com\/divorce\/pension-alimentaire-enfants\/","title":{"rendered":"La pension alimentaire des enfants"},"content":{"rendered":"<h2>La pension alimentaire et les enfants lors d&rsquo;un divorce<\/h2>\n<p>La\u00a0 contribution \u00e0 l\u2019entretien des enfants (\u00e9galement appel\u00e9e pension alimentaire) est due par le parent qui n\u2019a pas la charge effective et permanente de l\u2019enfant, c&rsquo;est-\u00e0-dire par le parent qui n\u2019a pas la garde (r\u00e9sidence habituelle) des enfants.<\/p>\n<p>Son montant est d\u00e9termin\u00e9 pour chaque enfant et s\u2019appr\u00e9cie en fonction :<\/p>\n<p>du revenu et des charges du parent qui n\u2019a pas la garde<\/p>\n<p>du revenu et des charges du parent qui a la garde<\/p>\n<p>des besoins de l\u2019enfant<\/p>\n<p>Les parents sont g\u00e9n\u00e9ralement les seuls d\u00e9cisionnaires du montant de la pension alimentaire \u00e0 fixer. Le <a title=\"avocat JAF\" href=\"\/divorce\/definitions\/juge-aux-affaires-familiales\/\" target=\"\" rel=\"noopener\">juge aux affaires familiales<\/a> peut \u00e9galement fixer, modifier et r\u00e9viser le montant de la pension alimentaire \u00e0 tout moment d\u00e8s lors qu\u2019un parent le demande.<\/p>\n<p>Le juge aux affaires familiales v\u00e9rifie que les int\u00e9r\u00eats de chacune des parties et de l\u2019enfant soient bien pr\u00e9serv\u00e9s.<\/p>\n<p>Le Minist\u00e8re de la Justice a publi\u00e9, pour la premi\u00e8re fois, au cours de l\u2019ann\u00e9e 2010, une table de r\u00e9f\u00e9rence pour fixer les pensions alimentaires.<br \/>\nCette grille d\u00e9finit la pension sugg\u00e9r\u00e9e, par enfant, \u00e0 partir du revenu du parent <a title=\"avocat divorce d\u00e9biteur\" href=\"\/divorce\/definitions\/debiteur\/\" target=\"\" rel=\"noopener\">d\u00e9biteur.<\/a> Est d\u00e9duite de ce revenu la somme de 460 euros, r\u00e9put\u00e9e \u00eatre le minimum vital pour ce d\u00e9biteur. La grille tient compte ensuite de l\u2019amplitude du droit de visite et d\u2019h\u00e9bergement du d\u00e9biteur et du nombre d\u2019enfants. Lien :\u00a0<a href=\"http:\/\/www.justice.gouv.fr\/art_pix\/table_pa_20100715.pdf\">http:\/\/www.justice.gouv.fr\/art_pix\/table_pa_20100715.pdf<\/a><\/p>\n<p>J&rsquo;INTERVIENS DANS TOUTE LA FRANCE <a title=\"avocat divorce paris\" href=\"\/divorce\/avocat-divorce\/paris\/\" target=\"_parent\" rel=\"nofollow noopener\">Mon cabinet \u00e0 Paris<\/a> : 42 Rue de L\u00fcbeck, 75116 Paris 01 47 04 25 40<\/p>\n","protected":false},"excerpt":{"rendered":"<p>La pension alimentaire et les enfants lors d&rsquo;un divorce La\u00a0 contribution \u00e0 l\u2019entretien des enfants (\u00e9galement appel\u00e9e pension alimentaire) est due par le parent qui n\u2019a pas la charge effective et permanente de l\u2019enfant, c&rsquo;est-\u00e0-dire par le parent qui n\u2019a pas la garde (r\u00e9sidence habituelle) des enfants. Son montant est d\u00e9termin\u00e9 pour chaque enfant et [&hellip;]<\/p>\n","protected":false},"author":1,"featured_media":0,"parent":0,"menu_order":0,"comment_status":"closed","ping_status":"closed","template":"","meta":{"_acf_changed":false,"inline_featured_image":false,"footnotes":""},"priorite":[],"class_list":["post-4992","page","type-page","status-publish","hentry"],"acf":[],"yoast_head":"<!-- This site is optimized with the Yoast SEO plugin v27.4 - https:\/\/yoast.com\/product\/yoast-seo-wordpress\/ -->\n<title>La pension alimentaire des enfants - Avocat Divorce<\/title>\n<meta name=\"description\" content=\"La pension alimentaire des enfants - Cabinet d&#039;Avocat GC. Divorce amiable - Divorce sans juge \u2013 Divorcez en 1 mois - T\u00e9l : 01.47.04.25.40 . Devis Gratuit &amp; Imm\u00e9diat.\" \/>\n<meta name=\"robots\" content=\"index, follow, max-snippet:-1, max-image-preview:large, max-video-preview:-1\" \/>\n<link rel=\"canonical\" href=\"https:\/\/avocat-gc.com\/divorce\/pension-alimentaire-enfants\/\" \/>\n<meta property=\"og:locale\" content=\"fr_FR\" \/>\n<meta property=\"og:type\" content=\"article\" \/>\n<meta property=\"og:title\" content=\"La pension alimentaire des enfants - Avocat Divorce\" \/>\n<meta property=\"og:description\" content=\"La pension alimentaire des enfants - Cabinet d&#039;Avocat GC. Divorce amiable - Divorce sans juge \u2013 Divorcez en 1 mois - T\u00e9l : 01.47.04.25.40 . Devis Gratuit &amp; Imm\u00e9diat.\" \/>\n<meta property=\"og:url\" content=\"https:\/\/avocat-gc.com\/divorce\/pension-alimentaire-enfants\/\" \/>\n<meta property=\"og:site_name\" content=\"Avocat GC - Avocat Divorce\" \/>\n<meta property=\"article:modified_time\" content=\"2026-01-12T11:44:26+00:00\" \/>\n<meta name=\"twitter:card\" content=\"summary_large_image\" \/>\n<script type=\"application\/ld+json\" class=\"yoast-schema-graph\">{\"@context\":\"https:\\\/\\\/schema.org\",\"@graph\":[{\"@type\":\"WebPage\",\"@id\":\"https:\\\/\\\/avocat-gc.com\\\/divorce\\\/pension-alimentaire-enfants\\\/\",\"url\":\"https:\\\/\\\/avocat-gc.com\\\/divorce\\\/pension-alimentaire-enfants\\\/\",\"name\":\"La pension alimentaire des enfants - Avocat Divorce\",\"isPartOf\":{\"@id\":\"https:\\\/\\\/avocat-gc.com\\\/divorce\\\/#website\"},\"datePublished\":\"2024-03-29T15:41:51+00:00\",\"dateModified\":\"2026-01-12T11:44:26+00:00\",\"description\":\"La pension alimentaire des enfants - Cabinet d'Avocat GC. Divorce amiable - Divorce sans juge \u2013 Divorcez en 1 mois - T\u00e9l : 01.47.04.25.40 . Devis Gratuit & Imm\u00e9diat.\",\"breadcrumb\":{\"@id\":\"https:\\\/\\\/avocat-gc.com\\\/divorce\\\/pension-alimentaire-enfants\\\/#breadcrumb\"},\"inLanguage\":\"fr-FR\",\"potentialAction\":[{\"@type\":\"ReadAction\",\"target\":[\"https:\\\/\\\/avocat-gc.com\\\/divorce\\\/pension-alimentaire-enfants\\\/\"]}]},{\"@type\":\"BreadcrumbList\",\"@id\":\"https:\\\/\\\/avocat-gc.com\\\/divorce\\\/pension-alimentaire-enfants\\\/#breadcrumb\",\"itemListElement\":[{\"@type\":\"ListItem\",\"position\":1,\"name\":\"Accueil\",\"item\":\"https:\\\/\\\/avocat-gc.com\\\/divorce\\\/\"},{\"@type\":\"ListItem\",\"position\":2,\"name\":\"La pension alimentaire des enfants\"}]},{\"@type\":\"WebSite\",\"@id\":\"https:\\\/\\\/avocat-gc.com\\\/divorce\\\/#website\",\"url\":\"https:\\\/\\\/avocat-gc.com\\\/divorce\\\/\",\"name\":\"Avocat GC - Avocat Divorce\",\"description\":\"\",\"publisher\":{\"@id\":\"https:\\\/\\\/avocat-gc.com\\\/divorce\\\/#organization\"},\"potentialAction\":[{\"@type\":\"SearchAction\",\"target\":{\"@type\":\"EntryPoint\",\"urlTemplate\":\"https:\\\/\\\/avocat-gc.com\\\/divorce\\\/?s={search_term_string}\"},\"query-input\":{\"@type\":\"PropertyValueSpecification\",\"valueRequired\":true,\"valueName\":\"search_term_string\"}}],\"inLanguage\":\"fr-FR\"},{\"@type\":\"Organization\",\"@id\":\"https:\\\/\\\/avocat-gc.com\\\/divorce\\\/#organization\",\"name\":\"Avocat GC - Avocat Divorce\",\"url\":\"https:\\\/\\\/avocat-gc.com\\\/divorce\\\/\",\"logo\":{\"@type\":\"ImageObject\",\"inLanguage\":\"fr-FR\",\"@id\":\"https:\\\/\\\/avocat-gc.com\\\/divorce\\\/#\\\/schema\\\/logo\\\/image\\\/\",\"url\":\"https:\\\/\\\/avocat-gc.com\\\/divorce\\\/wp-content\\\/uploads\\\/2024\\\/04\\\/cropped-Sans-titre.png\",\"contentUrl\":\"https:\\\/\\\/avocat-gc.com\\\/divorce\\\/wp-content\\\/uploads\\\/2024\\\/04\\\/cropped-Sans-titre.png\",\"width\":200,\"height\":180,\"caption\":\"Avocat GC - Avocat Divorce\"},\"image\":{\"@id\":\"https:\\\/\\\/avocat-gc.com\\\/divorce\\\/#\\\/schema\\\/logo\\\/image\\\/\"}}]}<\/script>\n<!-- \/ Yoast SEO plugin. -->","yoast_head_json":{"title":"La pension alimentaire des enfants - Avocat Divorce","description":"La pension alimentaire des enfants - Cabinet d'Avocat GC. Divorce amiable - Divorce sans juge \u2013 Divorcez en 1 mois - T\u00e9l : 01.47.04.25.40 . Devis Gratuit & Imm\u00e9diat.","robots":{"index":"index","follow":"follow","max-snippet":"max-snippet:-1","max-image-preview":"max-image-preview:large","max-video-preview":"max-video-preview:-1"},"canonical":"https:\/\/avocat-gc.com\/divorce\/pension-alimentaire-enfants\/","og_locale":"fr_FR","og_type":"article","og_title":"La pension alimentaire des enfants - Avocat Divorce","og_description":"La pension alimentaire des enfants - Cabinet d'Avocat GC. Divorce amiable - Divorce sans juge \u2013 Divorcez en 1 mois - T\u00e9l : 01.47.04.25.40 . Devis Gratuit & Imm\u00e9diat.","og_url":"https:\/\/avocat-gc.com\/divorce\/pension-alimentaire-enfants\/","og_site_name":"Avocat GC - Avocat Divorce","article_modified_time":"2026-01-12T11:44:26+00:00","twitter_card":"summary_large_image","schema":{"@context":"https:\/\/schema.org","@graph":[{"@type":"WebPage","@id":"https:\/\/avocat-gc.com\/divorce\/pension-alimentaire-enfants\/","url":"https:\/\/avocat-gc.com\/divorce\/pension-alimentaire-enfants\/","name":"La pension alimentaire des enfants - Avocat Divorce","isPartOf":{"@id":"https:\/\/avocat-gc.com\/divorce\/#website"},"datePublished":"2024-03-29T15:41:51+00:00","dateModified":"2026-01-12T11:44:26+00:00","description":"La pension alimentaire des enfants - Cabinet d'Avocat GC. Divorce amiable - Divorce sans juge \u2013 Divorcez en 1 mois - T\u00e9l : 01.47.04.25.40 . Devis Gratuit & Imm\u00e9diat.","breadcrumb":{"@id":"https:\/\/avocat-gc.com\/divorce\/pension-alimentaire-enfants\/#breadcrumb"},"inLanguage":"fr-FR","potentialAction":[{"@type":"ReadAction","target":["https:\/\/avocat-gc.com\/divorce\/pension-alimentaire-enfants\/"]}]},{"@type":"BreadcrumbList","@id":"https:\/\/avocat-gc.com\/divorce\/pension-alimentaire-enfants\/#breadcrumb","itemListElement":[{"@type":"ListItem","position":1,"name":"Accueil","item":"https:\/\/avocat-gc.com\/divorce\/"},{"@type":"ListItem","position":2,"name":"La pension alimentaire des enfants"}]},{"@type":"WebSite","@id":"https:\/\/avocat-gc.com\/divorce\/#website","url":"https:\/\/avocat-gc.com\/divorce\/","name":"Avocat GC - Avocat Divorce","description":"","publisher":{"@id":"https:\/\/avocat-gc.com\/divorce\/#organization"},"potentialAction":[{"@type":"SearchAction","target":{"@type":"EntryPoint","urlTemplate":"https:\/\/avocat-gc.com\/divorce\/?s={search_term_string}"},"query-input":{"@type":"PropertyValueSpecification","valueRequired":true,"valueName":"search_term_string"}}],"inLanguage":"fr-FR"},{"@type":"Organization","@id":"https:\/\/avocat-gc.com\/divorce\/#organization","name":"Avocat GC - Avocat Divorce","url":"https:\/\/avocat-gc.com\/divorce\/","logo":{"@type":"ImageObject","inLanguage":"fr-FR","@id":"https:\/\/avocat-gc.com\/divorce\/#\/schema\/logo\/image\/","url":"https:\/\/avocat-gc.com\/divorce\/wp-content\/uploads\/2024\/04\/cropped-Sans-titre.png","contentUrl":"https:\/\/avocat-gc.com\/divorce\/wp-content\/uploads\/2024\/04\/cropped-Sans-titre.png","width":200,"height":180,"caption":"Avocat GC - Avocat Divorce"},"image":{"@id":"https:\/\/avocat-gc.com\/divorce\/#\/schema\/logo\/image\/"}}]}},"_links":{"self":[{"href":"https:\/\/avocat-gc.com\/divorce\/wp-json\/wp\/v2\/pages\/4992","targetHints":{"allow":["GET"]}}],"collection":[{"href":"https:\/\/avocat-gc.com\/divorce\/wp-json\/wp\/v2\/pages"}],"about":[{"href":"https:\/\/avocat-gc.com\/divorce\/wp-json\/wp\/v2\/types\/page"}],"author":[{"embeddable":true,"href":"https:\/\/avocat-gc.com\/divorce\/wp-json\/wp\/v2\/users\/1"}],"replies":[{"embeddable":true,"href":"https:\/\/avocat-gc.com\/divorce\/wp-json\/wp\/v2\/comments?post=4992"}],"version-history":[{"count":1,"href":"https:\/\/avocat-gc.com\/divorce\/wp-json\/wp\/v2\/pages\/4992\/revisions"}],"predecessor-version":[{"id":16268,"href":"https:\/\/avocat-gc.com\/divorce\/wp-json\/wp\/v2\/pages\/4992\/revisions\/16268"}],"wp:attachment":[{"href":"https:\/\/avocat-gc.com\/divorce\/wp-json\/wp\/v2\/media?parent=4992"}],"wp:term":[{"taxonomy":"priorite","embeddable":true,"href":"https:\/\/avocat-gc.com\/divorce\/wp-json\/wp\/v2\/priorite?post=4992"}],"curies":[{"name":"wp","href":"https:\/\/api.w.org\/{rel}","templated":true}]}}