{"id":4988,"date":"2024-03-29T15:41:48","date_gmt":"2024-03-29T15:41:48","guid":{"rendered":"https:\/\/avocat-gc.com\/divorce\/notre-cabinet-davocat\/"},"modified":"2026-01-12T11:40:05","modified_gmt":"2026-01-12T11:40:05","slug":"notre-cabinet-davocat","status":"publish","type":"page","link":"https:\/\/avocat-gc.com\/divorce\/notre-cabinet-davocat\/","title":{"rendered":"Le Cabinet d&rsquo;Avocat"},"content":{"rendered":"<div class=\"wp-block-image\">\n<figure class=\"alignleft is-resized\"><img decoding=\"async\" src=\"\/divorce\/wp-content\/uploads\/2024\/04\/img_2937.jpg\" alt=\"Divorce amiable avocat Paris\" style=\"width:186px;height:auto\" title=\"avocat divorce amiable greffet\"\/><\/figure>\n<\/div>\n\n\n<p><strong>Alexia GREFFET<\/strong><\/p>\n\n\n\n<p><strong>Avocat au Barreau de PARIS<\/strong>&nbsp;(prestation de serment en 2017).&nbsp;<\/p>\n\n\n\n<p><strong>Associ\u00e9e du Cabinet d&rsquo;Avocat GREFFET (GC)&nbsp;<\/strong>depuis le 1er septembre 2020.&nbsp;<\/p>\n\n\n\n<p><strong>Langues :<\/strong>&nbsp;Fran\u00e7ais, Anglais<\/p>\n\n\n\n<p><strong>Domaine d&rsquo;intervention :<\/strong>&nbsp;droit de la famille&nbsp;<\/p>\n\n\n\n<p>Dipl\u00f4m\u00e9e&nbsp;d&rsquo;un Master I en droit priv\u00e9 g\u00e9n\u00e9ral et d&rsquo;un Master II,&nbsp;<strong>Alexia Greffet&nbsp;<\/strong>a exerc\u00e9e ses premi\u00e8res ann\u00e9es de collaboration au sein du cabinet d&rsquo;avocat de Me GUEGUEN CARROLL intervenant principalement dans en droit de la famille (divorce, garde d&rsquo;enfant, pension alimentaire &#8230;).<\/p>\n\n\n\n<p>Le cabinet d\u2019avocat Greffet est un cabinet qui travaille exclusivement sur des dossiers de<a title=\"divorce sans juge\" href=\"\/divorce\/divorce-sans-juge\/\" target=\"\" rel=\"noopener\"> divorce amiable sans juge <\/a>et qui privil\u00e9gie avant tout les relations humaines.<\/p>\n\n\n\n<p>Avocat GC s\u2019occupe exclusivement de dossiers de divorce \u00e0 l\u2019amiable depuis pr\u00e8s de 20 ans, Avocat GC (anciennement Cabinet d\u2019avocat Gueguen Carroll) a su d\u00e9velopper une expertise tr\u00e8s pointue en divorce \u00e0 l\u2019amiable ou <a title=\"divorce par consentement mutuel\" href=\"\/divorce\/divorce-amiable\/\" target=\"\" rel=\"noopener\">divorce par consentement mutuel<\/a>.<\/p>\n\n\n\n<p>Sa meilleure r\u00e9f\u00e9rence est la satisfaction des clients, je vous invite \u00e0 ne pas h\u00e9siter \u00e0 consulter plus de 1 600 avis clients sur Trustpilot.<\/p>\n\n\n\n<p>Lorsque vous prenez la d\u00e9marche de me contacter lors de votre divorce, c\u2019est en r\u00e8gle g\u00e9n\u00e9rale parce que vous avez un probl\u00e8me qui peut parfois vous para\u00eetre insurmontable.<\/p>\n\n\n\n<p>Notre avocat exp\u00e9riment\u00e9 en divorce par consentement mutuel vous offre non seulement une solution mais reste avant tout \u00e0 votre \u00e9coute afin de comprendre votre divorce, vos probl\u00e8mes et les r\u00e9soudre.<\/p>\n\n\n\n<h2 class=\"wp-block-heading\">Valeurs et engagements du Cabinet d&rsquo;Avocat<\/h2>\n\n\n<style>.wp-block-kadence-iconlist.kt-svg-icon-list-items4988_d86993-c2:not(.this-stops-third-party-issues){margin-top:0px;margin-bottom:0px;}.wp-block-kadence-iconlist.kt-svg-icon-list-items4988_d86993-c2 ul.kt-svg-icon-list:not(.this-prevents-issues):not(.this-stops-third-party-issues):not(.tijsloc){margin-top:0px;margin-right:0px;margin-bottom:var(--global-kb-spacing-sm, 1.5rem);margin-left:0px;}.wp-block-kadence-iconlist.kt-svg-icon-list-items4988_d86993-c2 ul.kt-svg-icon-list{grid-row-gap:5px;}.wp-block-kadence-iconlist.kt-svg-icon-list-items4988_d86993-c2 ul.kt-svg-icon-list .kt-svg-icon-list-item-wrap .kt-svg-icon-list-single{margin-right:10px;}.kt-svg-icon-list-items4988_d86993-c2 ul.kt-svg-icon-list .kt-svg-icon-list-level-0 .kt-svg-icon-list-single svg{font-size:20px;}<\/style>\n<div class=\"wp-block-kadence-iconlist kt-svg-icon-list-items kt-svg-icon-list-items4988_d86993-c2 kt-svg-icon-list-columns-1 alignnone\"><ul class=\"kt-svg-icon-list\"><style>.kt-svg-icon-list-item-4988_91bf53-45 .kt-svg-icon-list-text mark.kt-highlight{background-color:unset;font-style:normal;color:#f76a0c;-webkit-box-decoration-break:clone;box-decoration-break:clone;padding-top:0px;padding-right:0px;padding-bottom:0px;padding-left:0px;}<\/style>\n<li class=\"wp-block-kadence-listitem kt-svg-icon-list-item-wrap kt-svg-icon-list-item-4988_91bf53-45\"><span class=\"kb-svg-icon-wrap kb-svg-icon-fe_checkCircle kt-svg-icon-list-single\"><svg viewBox=\"0 0 24 24\"  fill=\"none\" stroke=\"currentColor\" stroke-width=\"2\" stroke-linecap=\"round\" stroke-linejoin=\"round\" xmlns=\"http:\/\/www.w3.org\/2000\/svg\"  aria-hidden=\"true\"><path d=\"M22 11.08V12a10 10 0 1 1-5.93-9.14\"\/><polyline points=\"22 4 12 14.01 9 11.01\"\/><\/svg><\/span><span class=\"kt-svg-icon-list-text\"><strong>Disponibilit\u00e9<\/strong> : lorsque vous me contactez, un avocat\/juriste vous r\u00e9pond directement (et non pas une secr\u00e9taire).<\/span><\/li>\n\n\n<style>.kt-svg-icon-list-item-4988_a90f6f-3d .kt-svg-icon-list-text mark.kt-highlight{background-color:unset;font-style:normal;color:#f76a0c;-webkit-box-decoration-break:clone;box-decoration-break:clone;padding-top:0px;padding-right:0px;padding-bottom:0px;padding-left:0px;}<\/style>\n<li class=\"wp-block-kadence-listitem kt-svg-icon-list-item-wrap kt-svg-icon-list-item-4988_a90f6f-3d\"><span class=\"kb-svg-icon-wrap kb-svg-icon-fe_checkCircle kt-svg-icon-list-single\"><svg viewBox=\"0 0 24 24\"  fill=\"none\" stroke=\"currentColor\" stroke-width=\"2\" stroke-linecap=\"round\" stroke-linejoin=\"round\" xmlns=\"http:\/\/www.w3.org\/2000\/svg\"  aria-hidden=\"true\"><path d=\"M22 11.08V12a10 10 0 1 1-5.93-9.14\"\/><polyline points=\"22 4 12 14.01 9 11.01\"\/><\/svg><\/span><span class=\"kt-svg-icon-list-text\"><strong>R\u00e9activit\u00e9<\/strong>, rapidit\u00e9 et efficacit\u00e9 : parce que j&rsquo;ai compris que vous devez rapidement divorcer.<\/span><\/li>\n\n\n<style>.kt-svg-icon-list-item-4988_d4ca43-a5 .kt-svg-icon-list-text mark.kt-highlight{background-color:unset;font-style:normal;color:#f76a0c;-webkit-box-decoration-break:clone;box-decoration-break:clone;padding-top:0px;padding-right:0px;padding-bottom:0px;padding-left:0px;}<\/style>\n<li class=\"wp-block-kadence-listitem kt-svg-icon-list-item-wrap kt-svg-icon-list-item-4988_d4ca43-a5\"><span class=\"kb-svg-icon-wrap kb-svg-icon-fe_checkCircle kt-svg-icon-list-single\"><svg viewBox=\"0 0 24 24\"  fill=\"none\" stroke=\"currentColor\" stroke-width=\"2\" stroke-linecap=\"round\" stroke-linejoin=\"round\" xmlns=\"http:\/\/www.w3.org\/2000\/svg\"  aria-hidden=\"true\"><path d=\"M22 11.08V12a10 10 0 1 1-5.93-9.14\"\/><polyline points=\"22 4 12 14.01 9 11.01\"\/><\/svg><\/span><span class=\"kt-svg-icon-list-text\"><strong>Humanit\u00e9<\/strong>, compr\u00e9hension et bienveillance : je cherche avant tout \u00e0 cr\u00e9er entre les clients et le cabinet une relation de confiance.<\/span><\/li>\n\n\n<style>.kt-svg-icon-list-item-4988_437746-b5 .kt-svg-icon-list-text mark.kt-highlight{background-color:unset;font-style:normal;color:#f76a0c;-webkit-box-decoration-break:clone;box-decoration-break:clone;padding-top:0px;padding-right:0px;padding-bottom:0px;padding-left:0px;}<\/style>\n<li class=\"wp-block-kadence-listitem kt-svg-icon-list-item-wrap kt-svg-icon-list-item-4988_437746-b5\"><span class=\"kb-svg-icon-wrap kb-svg-icon-fe_checkCircle kt-svg-icon-list-single\"><svg viewBox=\"0 0 24 24\"  fill=\"none\" stroke=\"currentColor\" stroke-width=\"2\" stroke-linecap=\"round\" stroke-linejoin=\"round\" xmlns=\"http:\/\/www.w3.org\/2000\/svg\"  aria-hidden=\"true\"><path d=\"M22 11.08V12a10 10 0 1 1-5.93-9.14\"\/><polyline points=\"22 4 12 14.01 9 11.01\"\/><\/svg><\/span><span class=\"kt-svg-icon-list-text\"><strong>Comp\u00e9tent et professionnel<\/strong> : l&rsquo;\u00e9quipe se compose de professionnels exp\u00e9riment\u00e9s en droit de la famille et en divorce.<\/span><\/li>\n<\/ul><\/div>\n","protected":false},"excerpt":{"rendered":"<p>Alexia GREFFET Avocat au Barreau de PARIS&nbsp;(prestation de serment en 2017).&nbsp; Associ\u00e9e du Cabinet d&rsquo;Avocat GREFFET (GC)&nbsp;depuis le 1er septembre 2020.&nbsp; Langues :&nbsp;Fran\u00e7ais, Anglais Domaine d&rsquo;intervention :&nbsp;droit de la famille&nbsp; Dipl\u00f4m\u00e9e&nbsp;d&rsquo;un Master I en droit priv\u00e9 g\u00e9n\u00e9ral et d&rsquo;un Master II,&nbsp;Alexia Greffet&nbsp;a exerc\u00e9e ses premi\u00e8res ann\u00e9es de collaboration au sein du cabinet d&rsquo;avocat de Me [&hellip;]<\/p>\n","protected":false},"author":1,"featured_media":0,"parent":0,"menu_order":0,"comment_status":"closed","ping_status":"closed","template":"","meta":{"_acf_changed":false,"inline_featured_image":false,"footnotes":""},"priorite":[],"class_list":["post-4988","page","type-page","status-publish","hentry"],"acf":[],"yoast_head":"<!-- This site is optimized with the Yoast SEO plugin v27.3 - https:\/\/yoast.com\/product\/yoast-seo-wordpress\/ -->\n<title>Notre Cabinet d&#039;Avocat GC - Avocat Divorce<\/title>\n<meta name=\"description\" content=\"Avocat GC - Divorce Amiable, divorce sans juge, divorce par consentement mutuel - Les valeurs de notre Cabinet d&#039;Avocat Divorce\" \/>\n<meta name=\"robots\" content=\"index, follow, max-snippet:-1, max-image-preview:large, max-video-preview:-1\" \/>\n<link rel=\"canonical\" href=\"https:\/\/avocat-gc.com\/divorce\/notre-cabinet-davocat\/\" \/>\n<meta property=\"og:locale\" content=\"fr_FR\" \/>\n<meta property=\"og:type\" content=\"article\" \/>\n<meta property=\"og:title\" content=\"Notre Cabinet d&#039;Avocat GC - Avocat Divorce\" \/>\n<meta property=\"og:description\" content=\"Avocat GC - Divorce Amiable, divorce sans juge, divorce par consentement mutuel - Les valeurs de notre Cabinet d&#039;Avocat Divorce\" \/>\n<meta property=\"og:url\" content=\"https:\/\/avocat-gc.com\/divorce\/notre-cabinet-davocat\/\" \/>\n<meta property=\"og:site_name\" content=\"Avocat GC - Avocat Divorce\" \/>\n<meta property=\"article:modified_time\" content=\"2026-01-12T11:40:05+00:00\" \/>\n<meta name=\"twitter:card\" content=\"summary_large_image\" \/>\n<script type=\"application\/ld+json\" class=\"yoast-schema-graph\">{\"@context\":\"https:\\\/\\\/schema.org\",\"@graph\":[{\"@type\":\"WebPage\",\"@id\":\"https:\\\/\\\/avocat-gc.com\\\/divorce\\\/notre-cabinet-davocat\\\/\",\"url\":\"https:\\\/\\\/avocat-gc.com\\\/divorce\\\/notre-cabinet-davocat\\\/\",\"name\":\"Notre Cabinet d'Avocat GC - Avocat Divorce\",\"isPartOf\":{\"@id\":\"https:\\\/\\\/avocat-gc.com\\\/divorce\\\/#website\"},\"datePublished\":\"2024-03-29T15:41:48+00:00\",\"dateModified\":\"2026-01-12T11:40:05+00:00\",\"description\":\"Avocat GC - Divorce Amiable, divorce sans juge, divorce par consentement mutuel - Les valeurs de notre Cabinet d'Avocat Divorce\",\"breadcrumb\":{\"@id\":\"https:\\\/\\\/avocat-gc.com\\\/divorce\\\/notre-cabinet-davocat\\\/#breadcrumb\"},\"inLanguage\":\"fr-FR\",\"potentialAction\":[{\"@type\":\"ReadAction\",\"target\":[\"https:\\\/\\\/avocat-gc.com\\\/divorce\\\/notre-cabinet-davocat\\\/\"]}]},{\"@type\":\"BreadcrumbList\",\"@id\":\"https:\\\/\\\/avocat-gc.com\\\/divorce\\\/notre-cabinet-davocat\\\/#breadcrumb\",\"itemListElement\":[{\"@type\":\"ListItem\",\"position\":1,\"name\":\"Accueil\",\"item\":\"https:\\\/\\\/avocat-gc.com\\\/divorce\\\/\"},{\"@type\":\"ListItem\",\"position\":2,\"name\":\"Le Cabinet d'Avocat\"}]},{\"@type\":\"WebSite\",\"@id\":\"https:\\\/\\\/avocat-gc.com\\\/divorce\\\/#website\",\"url\":\"https:\\\/\\\/avocat-gc.com\\\/divorce\\\/\",\"name\":\"Avocat GC - Avocat Divorce\",\"description\":\"\",\"publisher\":{\"@id\":\"https:\\\/\\\/avocat-gc.com\\\/divorce\\\/#organization\"},\"potentialAction\":[{\"@type\":\"SearchAction\",\"target\":{\"@type\":\"EntryPoint\",\"urlTemplate\":\"https:\\\/\\\/avocat-gc.com\\\/divorce\\\/?s={search_term_string}\"},\"query-input\":{\"@type\":\"PropertyValueSpecification\",\"valueRequired\":true,\"valueName\":\"search_term_string\"}}],\"inLanguage\":\"fr-FR\"},{\"@type\":\"Organization\",\"@id\":\"https:\\\/\\\/avocat-gc.com\\\/divorce\\\/#organization\",\"name\":\"Avocat GC - Avocat Divorce\",\"url\":\"https:\\\/\\\/avocat-gc.com\\\/divorce\\\/\",\"logo\":{\"@type\":\"ImageObject\",\"inLanguage\":\"fr-FR\",\"@id\":\"https:\\\/\\\/avocat-gc.com\\\/divorce\\\/#\\\/schema\\\/logo\\\/image\\\/\",\"url\":\"https:\\\/\\\/avocat-gc.com\\\/divorce\\\/wp-content\\\/uploads\\\/2024\\\/04\\\/cropped-Sans-titre.png\",\"contentUrl\":\"https:\\\/\\\/avocat-gc.com\\\/divorce\\\/wp-content\\\/uploads\\\/2024\\\/04\\\/cropped-Sans-titre.png\",\"width\":200,\"height\":180,\"caption\":\"Avocat GC - Avocat Divorce\"},\"image\":{\"@id\":\"https:\\\/\\\/avocat-gc.com\\\/divorce\\\/#\\\/schema\\\/logo\\\/image\\\/\"}}]}<\/script>\n<!-- \/ Yoast SEO plugin. -->","yoast_head_json":{"title":"Notre Cabinet d'Avocat GC - Avocat Divorce","description":"Avocat GC - Divorce Amiable, divorce sans juge, divorce par consentement mutuel - Les valeurs de notre Cabinet d'Avocat Divorce","robots":{"index":"index","follow":"follow","max-snippet":"max-snippet:-1","max-image-preview":"max-image-preview:large","max-video-preview":"max-video-preview:-1"},"canonical":"https:\/\/avocat-gc.com\/divorce\/notre-cabinet-davocat\/","og_locale":"fr_FR","og_type":"article","og_title":"Notre Cabinet d'Avocat GC - Avocat Divorce","og_description":"Avocat GC - Divorce Amiable, divorce sans juge, divorce par consentement mutuel - Les valeurs de notre Cabinet d'Avocat Divorce","og_url":"https:\/\/avocat-gc.com\/divorce\/notre-cabinet-davocat\/","og_site_name":"Avocat GC - Avocat Divorce","article_modified_time":"2026-01-12T11:40:05+00:00","twitter_card":"summary_large_image","schema":{"@context":"https:\/\/schema.org","@graph":[{"@type":"WebPage","@id":"https:\/\/avocat-gc.com\/divorce\/notre-cabinet-davocat\/","url":"https:\/\/avocat-gc.com\/divorce\/notre-cabinet-davocat\/","name":"Notre Cabinet d'Avocat GC - Avocat Divorce","isPartOf":{"@id":"https:\/\/avocat-gc.com\/divorce\/#website"},"datePublished":"2024-03-29T15:41:48+00:00","dateModified":"2026-01-12T11:40:05+00:00","description":"Avocat GC - Divorce Amiable, divorce sans juge, divorce par consentement mutuel - Les valeurs de notre Cabinet d'Avocat Divorce","breadcrumb":{"@id":"https:\/\/avocat-gc.com\/divorce\/notre-cabinet-davocat\/#breadcrumb"},"inLanguage":"fr-FR","potentialAction":[{"@type":"ReadAction","target":["https:\/\/avocat-gc.com\/divorce\/notre-cabinet-davocat\/"]}]},{"@type":"BreadcrumbList","@id":"https:\/\/avocat-gc.com\/divorce\/notre-cabinet-davocat\/#breadcrumb","itemListElement":[{"@type":"ListItem","position":1,"name":"Accueil","item":"https:\/\/avocat-gc.com\/divorce\/"},{"@type":"ListItem","position":2,"name":"Le Cabinet d'Avocat"}]},{"@type":"WebSite","@id":"https:\/\/avocat-gc.com\/divorce\/#website","url":"https:\/\/avocat-gc.com\/divorce\/","name":"Avocat GC - Avocat Divorce","description":"","publisher":{"@id":"https:\/\/avocat-gc.com\/divorce\/#organization"},"potentialAction":[{"@type":"SearchAction","target":{"@type":"EntryPoint","urlTemplate":"https:\/\/avocat-gc.com\/divorce\/?s={search_term_string}"},"query-input":{"@type":"PropertyValueSpecification","valueRequired":true,"valueName":"search_term_string"}}],"inLanguage":"fr-FR"},{"@type":"Organization","@id":"https:\/\/avocat-gc.com\/divorce\/#organization","name":"Avocat GC - Avocat Divorce","url":"https:\/\/avocat-gc.com\/divorce\/","logo":{"@type":"ImageObject","inLanguage":"fr-FR","@id":"https:\/\/avocat-gc.com\/divorce\/#\/schema\/logo\/image\/","url":"https:\/\/avocat-gc.com\/divorce\/wp-content\/uploads\/2024\/04\/cropped-Sans-titre.png","contentUrl":"https:\/\/avocat-gc.com\/divorce\/wp-content\/uploads\/2024\/04\/cropped-Sans-titre.png","width":200,"height":180,"caption":"Avocat GC - Avocat Divorce"},"image":{"@id":"https:\/\/avocat-gc.com\/divorce\/#\/schema\/logo\/image\/"}}]}},"_links":{"self":[{"href":"https:\/\/avocat-gc.com\/divorce\/wp-json\/wp\/v2\/pages\/4988","targetHints":{"allow":["GET"]}}],"collection":[{"href":"https:\/\/avocat-gc.com\/divorce\/wp-json\/wp\/v2\/pages"}],"about":[{"href":"https:\/\/avocat-gc.com\/divorce\/wp-json\/wp\/v2\/types\/page"}],"author":[{"embeddable":true,"href":"https:\/\/avocat-gc.com\/divorce\/wp-json\/wp\/v2\/users\/1"}],"replies":[{"embeddable":true,"href":"https:\/\/avocat-gc.com\/divorce\/wp-json\/wp\/v2\/comments?post=4988"}],"version-history":[{"count":14,"href":"https:\/\/avocat-gc.com\/divorce\/wp-json\/wp\/v2\/pages\/4988\/revisions"}],"predecessor-version":[{"id":16266,"href":"https:\/\/avocat-gc.com\/divorce\/wp-json\/wp\/v2\/pages\/4988\/revisions\/16266"}],"wp:attachment":[{"href":"https:\/\/avocat-gc.com\/divorce\/wp-json\/wp\/v2\/media?parent=4988"}],"wp:term":[{"taxonomy":"priorite","embeddable":true,"href":"https:\/\/avocat-gc.com\/divorce\/wp-json\/wp\/v2\/priorite?post=4988"}],"curies":[{"name":"wp","href":"https:\/\/api.w.org\/{rel}","templated":true}]}}