{"id":4987,"date":"2024-03-29T15:41:48","date_gmt":"2024-03-29T15:41:48","guid":{"rendered":"https:\/\/avocat-gc.com\/divorce\/nos-honoraires\/"},"modified":"2025-07-17T11:14:27","modified_gmt":"2025-07-17T11:14:27","slug":"nos-honoraires","status":"publish","type":"page","link":"https:\/\/avocat-gc.com\/divorce\/nos-honoraires\/","title":{"rendered":"Les honoraires"},"content":{"rendered":"\n<p><span style=\"color: #000000;\">\u00a0Les honoraires en mati\u00e8re de divorce \u00e0 l&rsquo;amiable sans juge<\/span><\/p>\n\n\n\n<h3 class=\"wp-block-heading\"><span style=\"color: #000000;\">Des honoraires clairs et transparents :<\/span><\/h3>\n\n\n\n<h2 class=\"wp-block-heading\"><span style=\"color: #000000;\">TARIF 1<\/span><br><span style=\"color: #000000;\">425\u20ac TTC pour un conjoint<\/span><\/h2>\n\n\n\n<p><span style=\"color: #000000;\">\u2713 PAS D&rsquo;ENFANT&nbsp;<\/span><br><span style=\"color: #000000;\">\u2713 PAS DE BIEN IMMOBILIER<\/span><br><span style=\"color: #000000;\">\u2713 Si les 2 \u00e9poux habitent dans les d\u00e9partements : 75, 92, 93, 94<\/span><\/p>\n\n\n\n<div style=\"height:100px\" aria-hidden=\"true\" class=\"wp-block-spacer\"><\/div>\n\n\n\n<h2 class=\"wp-block-heading\"><span style=\"color: #000000;\">TARIF <\/span>2<br><span style=\"color: #000000;\">475\u20ac TTC pour un conjoint<\/span><\/h2>\n\n\n\n<p><span style=\"color: #000000;\">\u2713 <span style=\"color: #000000;\">PAS D&rsquo;ENFANT&nbsp;<\/span><\/span><br><span style=\"color: #000000;\">\u2713 PAS DE BIEN IMMOBILIER<\/span><br><span style=\"color: #000000;\">\u2713 Si un des 2 \u00e9poux habite dans les d\u00e9partements : 91, 95, 77, 78<\/span><\/p>\n\n\n\n<div style=\"height:100px\" aria-hidden=\"true\" class=\"wp-block-spacer\"><\/div>\n\n\n\n<h2 class=\"wp-block-heading\"><span style=\"color: #000000;\">TARIF 3<\/span><br><span style=\"color: #000000;\">495\u20ac TTC pour un conjoint<\/span><\/h2>\n\n\n\n<p><span style=\"color: #000000;\">\u2713&nbsp;AVEC&nbsp;ENFANT(S)&nbsp;<\/span><br><span style=\"color: #000000;\">\u2713&nbsp;ET\/OU&nbsp;BIEN IMMOBILIER<\/span><br><span style=\"color: #000000;\">\u2713 Si un des 2 \u00e9poux habite dans les d\u00e9partements : 75, 92, 93, 94<\/span><\/p>\n\n\n\n<div style=\"height:100px\" aria-hidden=\"true\" class=\"wp-block-spacer\"><\/div>\n\n\n\n<h2 class=\"wp-block-heading\"><span style=\"color: #000000;\">TARIF 4<\/span><br><span style=\"color: #000000;\">645\u20ac TTC pour un conjoint<\/span><\/h2>\n\n\n\n<p><span style=\"color: #000000;\">\u2713&nbsp;AVEC&nbsp;ENFANT(S)&nbsp;<\/span><br><span style=\"color: #000000;\">\u2713&nbsp;ET\/OU&nbsp;BIEN IMMOBILIER<\/span><br><span style=\"color: #000000;\">\u2713 Si un des 2 \u00e9poux habite dans les d\u00e9partements : 91, 95, 77, 78<\/span><\/p>\n\n\n\n<div style=\"height:100px\" aria-hidden=\"true\" class=\"wp-block-spacer\"><\/div>\n\n\n\n<h2 class=\"wp-block-heading\"><span style=\"color: #000000;\">TARIF 5<\/span><br><span style=\"color: #000000;\">645\u20ac TTC pour un conjoint<\/span><\/h2>\n\n\n\n<p><span style=\"color: #000000;\">\u2713 Si les 2 \u00e9poux habitent en Province<\/span><\/p>\n\n\n\n<div style=\"height:100px\" aria-hidden=\"true\" class=\"wp-block-spacer\"><\/div>\n\n\n\n<h2 class=\"wp-block-heading\"><span style=\"color: #000000;\">TARIF 6<\/span><br><span style=\"color: #000000;\">1490\u20ac TTC pour un conjoint<\/span><\/h2>\n\n\n\n<p><span style=\"color: #000000;\">\u2713 Si un des 2 \u00e9poux habite \u00e0 l&rsquo;\u00e9tranger<\/span><\/p>\n\n\n\n<div style=\"height:100px\" aria-hidden=\"true\" class=\"wp-block-spacer\"><\/div>\n\n\n\n<h2 class=\"wp-block-heading\"><span style=\"color: #000000;\">TARIF 7<\/span><br><span style=\"color: #000000;\">1990\u20ac TTC pour un conjoint<\/span><\/h2>\n\n\n\n<p><span style=\"color: #000000;\">\u2713 Si les 2 \u00e9poux habitent \u00e0 l&rsquo;\u00e9tranger<\/span><\/p>\n\n\n\n<div style=\"height:100px\" aria-hidden=\"true\" class=\"wp-block-spacer\"><\/div>\n\n\n\n<h2 class=\"wp-block-heading\"><span style=\"color: #000000;\">CES HONORAIRES COMPRENNENT<\/span><\/h2>\n\n\n\n<p><span style=\"color: #000000;\">\u2713 Constitution du dossier<\/span><br><span style=\"color: #000000;\">\u2713 Rendez-vous avec l&rsquo;avocat<\/span><br><span style=\"color: #000000;\">\u2713 R\u00e9daction de la <a style=\"color: #000000;\" title=\"d\u00e9finition convention de divorce\" href=\"\/divorce\/convention-de-divorce\/\" target=\"\" rel=\"nofollow noopener\"> convention de divorce<\/a><\/span><br><span style=\"color: #000000;\">\u2713 Envoi du projet de convention de divorce en L.R.A.R.<\/span><br><span style=\"color: #000000;\">\u2713 Signature de la convention de divorce avec avocats et \u00e9poux <\/span><br><span style=\"color: #000000;\">\u2713 Envoi au notaire pour enregistrement du divorce au rang de ses minutes<\/span><br><span style=\"color: #000000;\">\u2713 Formalit\u00e9s de changement de l&rsquo;acte de mariage<\/span><br><span style=\"color: #000000;\">\u2713 Formalit\u00e9s de changement des \u00e9tats civils des \u00e9poux de nationalit\u00e9 fran\u00e7aise<\/span><\/p>\n\n\n\n<p><span style=\"color: #000000;\">\u00ab L&rsquo;avocat informe son client, d\u00e8s sa saisine, des modalit\u00e9s de d\u00e9termination des honoraires couvrant les diligences pr\u00e9visibles et de l&rsquo;ensemble des frais, d\u00e9bours et \u00e9moluments qu&rsquo;il pourrait exposer. L&rsquo;ensemble de ces informations figurent dans la convention d&rsquo;honoraires conclue par l&rsquo;avocat et son client en application de l&rsquo;article 10 de la loi du 31 d\u00e9cembre 1971 susvis\u00e9e.<\/span><br><span style=\"color: #000000;\">Au cours de sa mission, l&rsquo;avocat informe r\u00e9guli\u00e8rement son client de l&rsquo;\u00e9volution du montant de ces honoraires, frais, d\u00e9bours et \u00e9moluments.<\/span><br><span style=\"color: #000000;\">Lorsque la mission de l&rsquo;avocat est interrompue avant son terme, il a droit au paiement des honoraires dus dans la mesure du travail accompli et, le cas \u00e9ch\u00e9ant, de sa contribution au r\u00e9sultat obtenu ou au service rendu au client. \u00bb<\/span><\/p>\n\n\n\n<h3 class=\"wp-block-heading\"><span style=\"color: #000000;\">Frais suppl\u00e9mentaires \u00e0 pr\u00e9voir :<\/span><\/h3>\n\n\n\n<p><span style=\"color: #000000;\">Les honoraires incluent tous les frais et charges dans le prix (postulation, d\u00e9placement, droits de plaidoirie, frais d&rsquo;huissier),\u00a0\u00e0 l&rsquo;exception\u00a0des\u00a0frais notari\u00e9s\u00a0lors d&rsquo;un <a style=\"color: #000000;\" title=\"d\u00e9finition liquidation divorce\" href=\"\/divorce\/liquidation\/\" target=\"\" rel=\"nofollow noopener\">\u00e9tat liquidatif<\/a>\/<a style=\"color: #000000;\" title=\"d\u00e9finition biens indivis\" href=\"\/divorce\/definitions\/bien-indivis\/\" target=\"\" rel=\"nofollow noopener\">convention d&rsquo;indivision<\/a> qui restent \u00e0 votre charge.<\/span><\/p>\n\n\n\n<h3 class=\"wp-block-heading\"><span style=\"color: #000000;\">R\u00e8glement :<\/span><\/h3>\n\n\n\n<p><span style=\"color: #000000;\">Pas 1 \u20ac de plus ne vous sera factur\u00e9,<\/span><br><span style=\"color: #000000;\">Facilit\u00e9s de paiement,<\/span><br><span style=\"color: #000000;\">Une&nbsp;<a style=\"color: #000000;\" title=\"divorce amiable proc\u00e9dure simple\" href=\"\/divorce\/divorce-simple-rapide\/\" target=\"\" rel=\"nofollow noopener\">proc\u00e9dure simple<\/a>, rapide et \u00e9conomique.<\/span><\/p>\n","protected":false},"excerpt":{"rendered":"<p>\u00a0Les honoraires en mati\u00e8re de divorce \u00e0 l&rsquo;amiable sans juge Des honoraires clairs et transparents : TARIF 1425\u20ac TTC pour un conjoint \u2713 PAS D&rsquo;ENFANT&nbsp;\u2713 PAS DE BIEN IMMOBILIER\u2713 Si les 2 \u00e9poux habitent dans les d\u00e9partements : 75, 92, 93, 94 TARIF 2475\u20ac TTC pour un conjoint \u2713 PAS D&rsquo;ENFANT&nbsp;\u2713 PAS DE BIEN IMMOBILIER\u2713 [&hellip;]<\/p>\n","protected":false},"author":1,"featured_media":0,"parent":0,"menu_order":0,"comment_status":"closed","ping_status":"closed","template":"","meta":{"_acf_changed":false,"inline_featured_image":false,"footnotes":""},"priorite":[4],"class_list":["post-4987","page","type-page","status-publish","hentry","priorite-haute"],"acf":[],"yoast_head":"<!-- This site is optimized with the Yoast SEO plugin v27.5 - https:\/\/yoast.com\/product\/yoast-seo-wordpress\/ -->\n<title>Nos honoraires - Avocat Divorce<\/title>\n<meta name=\"description\" content=\"Estimation gratuite du co\u00fbt de votre proc\u00e9dure de Divorce Amiable. Divorcez en un mois sans juge, avec le Cabinet d&#039;Avocats Lawies Gueguen-Carroll \u260e 01.47.04.25.40\" \/>\n<meta name=\"robots\" content=\"index, follow, max-snippet:-1, max-image-preview:large, max-video-preview:-1\" \/>\n<link rel=\"canonical\" href=\"https:\/\/avocat-gc.com\/divorce\/nos-honoraires\/\" \/>\n<meta property=\"og:locale\" content=\"fr_FR\" \/>\n<meta property=\"og:type\" content=\"article\" \/>\n<meta property=\"og:title\" content=\"Nos honoraires - Avocat Divorce\" \/>\n<meta property=\"og:description\" content=\"Estimation gratuite du co\u00fbt de votre proc\u00e9dure de Divorce Amiable. Divorcez en un mois sans juge, avec le Cabinet d&#039;Avocats Lawies Gueguen-Carroll \u260e 01.47.04.25.40\" \/>\n<meta property=\"og:url\" content=\"https:\/\/avocat-gc.com\/divorce\/nos-honoraires\/\" \/>\n<meta property=\"og:site_name\" content=\"Avocat GC - Avocat Divorce\" \/>\n<meta property=\"article:modified_time\" content=\"2025-07-17T11:14:27+00:00\" \/>\n<meta name=\"twitter:card\" content=\"summary_large_image\" \/>\n<script type=\"application\/ld+json\" class=\"yoast-schema-graph\">{\"@context\":\"https:\\\/\\\/schema.org\",\"@graph\":[{\"@type\":\"WebPage\",\"@id\":\"https:\\\/\\\/avocat-gc.com\\\/divorce\\\/nos-honoraires\\\/\",\"url\":\"https:\\\/\\\/avocat-gc.com\\\/divorce\\\/nos-honoraires\\\/\",\"name\":\"Nos honoraires - Avocat Divorce\",\"isPartOf\":{\"@id\":\"https:\\\/\\\/avocat-gc.com\\\/divorce\\\/#website\"},\"datePublished\":\"2024-03-29T15:41:48+00:00\",\"dateModified\":\"2025-07-17T11:14:27+00:00\",\"description\":\"Estimation gratuite du co\u00fbt de votre proc\u00e9dure de Divorce Amiable. Divorcez en un mois sans juge, avec le Cabinet d'Avocats Lawies Gueguen-Carroll \u260e 01.47.04.25.40\",\"breadcrumb\":{\"@id\":\"https:\\\/\\\/avocat-gc.com\\\/divorce\\\/nos-honoraires\\\/#breadcrumb\"},\"inLanguage\":\"fr-FR\",\"potentialAction\":[{\"@type\":\"ReadAction\",\"target\":[\"https:\\\/\\\/avocat-gc.com\\\/divorce\\\/nos-honoraires\\\/\"]}]},{\"@type\":\"BreadcrumbList\",\"@id\":\"https:\\\/\\\/avocat-gc.com\\\/divorce\\\/nos-honoraires\\\/#breadcrumb\",\"itemListElement\":[{\"@type\":\"ListItem\",\"position\":1,\"name\":\"Accueil\",\"item\":\"https:\\\/\\\/avocat-gc.com\\\/divorce\\\/\"},{\"@type\":\"ListItem\",\"position\":2,\"name\":\"Les honoraires\"}]},{\"@type\":\"WebSite\",\"@id\":\"https:\\\/\\\/avocat-gc.com\\\/divorce\\\/#website\",\"url\":\"https:\\\/\\\/avocat-gc.com\\\/divorce\\\/\",\"name\":\"Avocat GC - Avocat Divorce\",\"description\":\"\",\"publisher\":{\"@id\":\"https:\\\/\\\/avocat-gc.com\\\/divorce\\\/#organization\"},\"potentialAction\":[{\"@type\":\"SearchAction\",\"target\":{\"@type\":\"EntryPoint\",\"urlTemplate\":\"https:\\\/\\\/avocat-gc.com\\\/divorce\\\/?s={search_term_string}\"},\"query-input\":{\"@type\":\"PropertyValueSpecification\",\"valueRequired\":true,\"valueName\":\"search_term_string\"}}],\"inLanguage\":\"fr-FR\"},{\"@type\":\"Organization\",\"@id\":\"https:\\\/\\\/avocat-gc.com\\\/divorce\\\/#organization\",\"name\":\"Avocat GC - Avocat Divorce\",\"url\":\"https:\\\/\\\/avocat-gc.com\\\/divorce\\\/\",\"logo\":{\"@type\":\"ImageObject\",\"inLanguage\":\"fr-FR\",\"@id\":\"https:\\\/\\\/avocat-gc.com\\\/divorce\\\/#\\\/schema\\\/logo\\\/image\\\/\",\"url\":\"https:\\\/\\\/avocat-gc.com\\\/divorce\\\/wp-content\\\/uploads\\\/2024\\\/04\\\/cropped-Sans-titre.png\",\"contentUrl\":\"https:\\\/\\\/avocat-gc.com\\\/divorce\\\/wp-content\\\/uploads\\\/2024\\\/04\\\/cropped-Sans-titre.png\",\"width\":200,\"height\":180,\"caption\":\"Avocat GC - Avocat Divorce\"},\"image\":{\"@id\":\"https:\\\/\\\/avocat-gc.com\\\/divorce\\\/#\\\/schema\\\/logo\\\/image\\\/\"}}]}<\/script>\n<!-- \/ Yoast SEO plugin. -->","yoast_head_json":{"title":"Nos honoraires - Avocat Divorce","description":"Estimation gratuite du co\u00fbt de votre proc\u00e9dure de Divorce Amiable. Divorcez en un mois sans juge, avec le Cabinet d'Avocats Lawies Gueguen-Carroll \u260e 01.47.04.25.40","robots":{"index":"index","follow":"follow","max-snippet":"max-snippet:-1","max-image-preview":"max-image-preview:large","max-video-preview":"max-video-preview:-1"},"canonical":"https:\/\/avocat-gc.com\/divorce\/nos-honoraires\/","og_locale":"fr_FR","og_type":"article","og_title":"Nos honoraires - Avocat Divorce","og_description":"Estimation gratuite du co\u00fbt de votre proc\u00e9dure de Divorce Amiable. Divorcez en un mois sans juge, avec le Cabinet d'Avocats Lawies Gueguen-Carroll \u260e 01.47.04.25.40","og_url":"https:\/\/avocat-gc.com\/divorce\/nos-honoraires\/","og_site_name":"Avocat GC - Avocat Divorce","article_modified_time":"2025-07-17T11:14:27+00:00","twitter_card":"summary_large_image","schema":{"@context":"https:\/\/schema.org","@graph":[{"@type":"WebPage","@id":"https:\/\/avocat-gc.com\/divorce\/nos-honoraires\/","url":"https:\/\/avocat-gc.com\/divorce\/nos-honoraires\/","name":"Nos honoraires - Avocat Divorce","isPartOf":{"@id":"https:\/\/avocat-gc.com\/divorce\/#website"},"datePublished":"2024-03-29T15:41:48+00:00","dateModified":"2025-07-17T11:14:27+00:00","description":"Estimation gratuite du co\u00fbt de votre proc\u00e9dure de Divorce Amiable. Divorcez en un mois sans juge, avec le Cabinet d'Avocats Lawies Gueguen-Carroll \u260e 01.47.04.25.40","breadcrumb":{"@id":"https:\/\/avocat-gc.com\/divorce\/nos-honoraires\/#breadcrumb"},"inLanguage":"fr-FR","potentialAction":[{"@type":"ReadAction","target":["https:\/\/avocat-gc.com\/divorce\/nos-honoraires\/"]}]},{"@type":"BreadcrumbList","@id":"https:\/\/avocat-gc.com\/divorce\/nos-honoraires\/#breadcrumb","itemListElement":[{"@type":"ListItem","position":1,"name":"Accueil","item":"https:\/\/avocat-gc.com\/divorce\/"},{"@type":"ListItem","position":2,"name":"Les honoraires"}]},{"@type":"WebSite","@id":"https:\/\/avocat-gc.com\/divorce\/#website","url":"https:\/\/avocat-gc.com\/divorce\/","name":"Avocat GC - Avocat Divorce","description":"","publisher":{"@id":"https:\/\/avocat-gc.com\/divorce\/#organization"},"potentialAction":[{"@type":"SearchAction","target":{"@type":"EntryPoint","urlTemplate":"https:\/\/avocat-gc.com\/divorce\/?s={search_term_string}"},"query-input":{"@type":"PropertyValueSpecification","valueRequired":true,"valueName":"search_term_string"}}],"inLanguage":"fr-FR"},{"@type":"Organization","@id":"https:\/\/avocat-gc.com\/divorce\/#organization","name":"Avocat GC - Avocat Divorce","url":"https:\/\/avocat-gc.com\/divorce\/","logo":{"@type":"ImageObject","inLanguage":"fr-FR","@id":"https:\/\/avocat-gc.com\/divorce\/#\/schema\/logo\/image\/","url":"https:\/\/avocat-gc.com\/divorce\/wp-content\/uploads\/2024\/04\/cropped-Sans-titre.png","contentUrl":"https:\/\/avocat-gc.com\/divorce\/wp-content\/uploads\/2024\/04\/cropped-Sans-titre.png","width":200,"height":180,"caption":"Avocat GC - Avocat Divorce"},"image":{"@id":"https:\/\/avocat-gc.com\/divorce\/#\/schema\/logo\/image\/"}}]}},"_links":{"self":[{"href":"https:\/\/avocat-gc.com\/divorce\/wp-json\/wp\/v2\/pages\/4987","targetHints":{"allow":["GET"]}}],"collection":[{"href":"https:\/\/avocat-gc.com\/divorce\/wp-json\/wp\/v2\/pages"}],"about":[{"href":"https:\/\/avocat-gc.com\/divorce\/wp-json\/wp\/v2\/types\/page"}],"author":[{"embeddable":true,"href":"https:\/\/avocat-gc.com\/divorce\/wp-json\/wp\/v2\/users\/1"}],"replies":[{"embeddable":true,"href":"https:\/\/avocat-gc.com\/divorce\/wp-json\/wp\/v2\/comments?post=4987"}],"version-history":[{"count":7,"href":"https:\/\/avocat-gc.com\/divorce\/wp-json\/wp\/v2\/pages\/4987\/revisions"}],"predecessor-version":[{"id":16018,"href":"https:\/\/avocat-gc.com\/divorce\/wp-json\/wp\/v2\/pages\/4987\/revisions\/16018"}],"wp:attachment":[{"href":"https:\/\/avocat-gc.com\/divorce\/wp-json\/wp\/v2\/media?parent=4987"}],"wp:term":[{"taxonomy":"priorite","embeddable":true,"href":"https:\/\/avocat-gc.com\/divorce\/wp-json\/wp\/v2\/priorite?post=4987"}],"curies":[{"name":"wp","href":"https:\/\/api.w.org\/{rel}","templated":true}]}}