{"id":4986,"date":"2024-03-29T15:41:48","date_gmt":"2024-03-29T15:41:48","guid":{"rendered":"https:\/\/avocat-gc.com\/divorce\/mentions-legales\/"},"modified":"2025-05-27T09:22:07","modified_gmt":"2025-05-27T09:22:07","slug":"mentions-legales","status":"publish","type":"page","link":"https:\/\/avocat-gc.com\/divorce\/mentions-legales\/","title":{"rendered":"Mentions l\u00e9gales"},"content":{"rendered":"\n<p>&#8211; La d\u00e9nomination sociale du cabinet: Cabinet d&rsquo;avocat Greffet<\/p>\n\n\n\n<p>&#8211; Sigle: Avocat GC<\/p>\n\n\n\n<p>&#8211; Enseigne commerciale: Avocat GC<\/p>\n\n\n\n<p>&#8211; La raison sociale du cabinet: Cabinet d&rsquo;avocat<\/p>\n\n\n\n<p>&#8211; La forme : soci\u00e9t\u00e9 d&rsquo;exercice lib\u00e9ral par actions simplifi\u00e9e&nbsp;<\/p>\n\n\n\n<p>&#8211;&nbsp; Le capital social de la soci\u00e9t\u00e9: 10.000 \u20ac<\/p>\n\n\n\n<p>&#8211; N\u00b0 de SIRET du Cabinet :&nbsp;888 171 931 00015<\/p>\n\n\n\n<p>&#8211; N\u00b0 d\u2019inscription au RCS: 888 171 931<\/p>\n\n\n\n<p>&#8211; Barreau d\u2019appartenance : Barreau de Paris<\/p>\n\n\n\n<p>&#8211; Adresse du si\u00e8ge social : 42 rue de Lubeck 75116 Paris<\/p>\n\n\n\n<p>&#8211; Coordonn\u00e9es postales: 42 rue de Lubeck 75116 Paris<\/p>\n\n\n\n<p>&#8211;&nbsp;&nbsp;Coordonn\u00e9es&nbsp;t\u00e9l\u00e9phoniques : 01.47.04.25.40<\/p>\n\n\n\n<p>&#8211;&nbsp;Coordonn\u00e9es \u00e9lectroniques (adresse mail) :&nbsp;<a href=\"mailto:info@avocat-gc.com\" target=\"_blank\" rel=\"noreferrer noopener\">info@avocat-gc.com<\/a><\/p>\n\n\n\n<p>&#8211; Nom et coordonn\u00e9es du directeur de publication du site (webmaster) : Alexia Greffet 42 rue de Lubeck 75116 Paris<\/p>\n\n\n\n<p>&#8211; Nom, raison sociale, adresse et coordonn\u00e9es de l\u2019h\u00e9bergeur du site:&nbsp;OVH, 2 rue Kellermann 59100 Roubaix&nbsp;<\/p>\n\n\n\n<p>\u00ab Conform\u00e9ment aux dispositions des articles L.612-1 et suivants du Code de la consommation, vous avez la possibilit\u00e9, en cas de litige, de recourir gratuitement au M\u00e9diateur de la consommation aupr\u00e8s du Conseil National des Barreaux (CNB) dont les coordonn\u00e9es sont les suivantes : CNB, M\u00e9diateur \u00e0 la consommation, 180 boulevard Haussmann &#8211; 75008 PARIS. Pour plus d\u2019information, vous pouvez vous connecter sur la plateforme :\u00a0<a href=\"https:\/\/www.economie.gouv.fr\/mediation-conso\" target=\"_blank\" rel=\"noreferrer noopener\">https:\/\/www.economie.gouv.fr\/mediation-conso<\/a>\u00a0\u00bb <\/p>\n\n\n\n<div style=\"height:100px\" aria-hidden=\"true\" class=\"wp-block-spacer\"><\/div>\n\n\n\n<p>INFORMATIONS EDITEUR<\/p>\n\n\n\n<p>Le site&nbsp;<a href=\"http:\/\/avocat-gc.com\/\">avocat-gc.com<\/a>&nbsp;est exploit\u00e9 par le&nbsp;Cabinet d&rsquo;avocat Greffet, SELASU au capital de 10.000\u20ac, repr\u00e9sent\u00e9e sa pr\u00e9sidente Me Alexia Greffet, avocat au barreau de Paris, ayant son si\u00e8ge social 42 rue de Lubeck 75116 Paris, RCS Paris n\u00b0 888171931, T\u00e9l : 01.47.04.25.40 &#8211; Fax : 01.47.04.25.41<\/p>\n\n\n\n<p>H\u00c9BERGEMENT \u2013 S\u00c9CURIT\u00c9<\/p>\n\n\n\n<p>Le site est h\u00e9berg\u00e9 sur les mat\u00e9riels de OVH, 2 rue Kellermann 59100 Roubaix. L&rsquo;utilisateur du pr\u00e9sent site reconna\u00eet disposer de la comp\u00e9tence pour acc\u00e9der, utiliser ce site et avoir v\u00e9rifi\u00e9 que la configuration informatique utilis\u00e9e ne contient aucun virus et qu&rsquo;elle est en parfait \u00e9tat de fonctionnement. L&rsquo;utilisateur reconna\u00eet avoir \u00e9t\u00e9 inform\u00e9 que le pr\u00e9sent site est accessible sans interruption, \u00e0 l&rsquo;exception des cas de force majeure, difficult\u00e9s informatiques, difficult\u00e9s li\u00e9es aux r\u00e9seaux de communications ou de probl\u00e8mes techniques. Pour des raisons de maintenance, le cabinet d&rsquo;avocatGC se r\u00e9serve le droit d&rsquo;interrompre le site \u00e0 tout moment.\u2028 Le cabinet GC met tout en \u0153uvre pour offrir aux utilisateurs des informations et\/ou outils disponibles et v\u00e9rifi\u00e9s, mais ne saurait \u00eatre tenue pour responsable des erreurs, d&rsquo;une absence de disponibilit\u00e9 des informations et\/ou de la pr\u00e9sence de virus sur son site.<\/p>\n\n\n\n<p>DROITS DE PROPRI\u00c9T\u00c9 INTELLECTUELLE<\/p>\n\n\n\n<p>La conception g\u00e9n\u00e9rale, ainsi que les textes, images anim\u00e9es ou non, sons, savoir faire et tout autres \u00e9l\u00e9ments composants le site sont la propri\u00e9t\u00e9 exclusive du cabinet d&rsquo;avocat GC et\/ou de ses fournisseurs. L&rsquo;ensemble de ce site rel\u00e8ve de la l\u00e9gislation fran\u00e7aise sur le droit d&rsquo;auteur et la propri\u00e9t\u00e9 intellectuelle. Il en est de m\u00eame des bases de donn\u00e9es figurant sur le site web, qui sont prot\u00e9g\u00e9es par les dispositions de la loi du 1er juillet 1998 (article L112-3), et dont le cabinet d&rsquo;avocat GC est producteur. La reproduction de tout ou partie de ce site (autre que techniquement n\u00e9cessaire \u00e0 sa consultation) sur un support \u00e9lectronique quel qu&rsquo;il soit est express\u00e9ment interdite. La reproduction d&rsquo;un \u00e9l\u00e9ment de ce site sur un support papier est autoris\u00e9e, sous r\u00e9serve du respect des deux conditions suivantes :\u2028- respect de l&rsquo;int\u00e9grit\u00e9 des documents reproduits : pas de modification ni alt\u00e9ration d&rsquo;aucune sorte,\u2028- citation claire et lisible de la source sous la forme suivante &#8211; par exemple &#8211; : \u00ab\u00a0ce document provient du site avocat-gc.com. Droits de reproduction r\u00e9serv\u00e9s et strictement limit\u00e9s\u00a0\u00bb.&nbsp;&nbsp;L&rsquo;adresse internet du site \u00ab\u00a0avocat-gc.com\u00a0\u00bb doit toujours figurer dans la r\u00e9f\u00e9rence.\u2028L&rsquo;utilisation du contenu du site en contravention avec ces prescriptions vaut contrefa\u00e7on au sens de l&rsquo;article 335-2 du Code de la propri\u00e9t\u00e9 intellectuelle.\u2028Outre des dommages et int\u00e9r\u00eats au titre de la responsabilit\u00e9 civile, celle-ci peut \u00eatre p\u00e9nalement sanctionn\u00e9e de 300.000 euros d&rsquo;amende et\/ou de 3 ans d&#8217;emprisonnement.\u2028 Pour d&rsquo;autres utilisations, merci de prendre contact avec nous.En application des articles 13 et 14 du R\u00e8glement Europ\u00e9en G\u00e9n\u00e9ral sur la Protection des Donn\u00e9es (2016\/679) et de l&rsquo;article 32 de la loi informatique et Libert\u00e9s du 6 janvier 1978 modifi\u00e9e, le Directeur de Publication du Site vous informe que :1. Qui prot\u00e8ge : Le responsable du fichier est le cabinet d&rsquo;avocat GC2. Qu\u2019est-ce qui est prot\u00e9g\u00e9 : L\u2019ensemble de vos donn\u00e9es personnelles.3. Pourquoi : Pour la protection de votre vie priv\u00e9e, dans le cadre du traitement de votre dossier.4. O\u00f9 : Dans un registre tenu par le&nbsp; cabinet d&rsquo;avocat GC5. Quand et jusqu\u2019\u00e0 quand : Vos donn\u00e9es sont trait\u00e9es et conserv\u00e9es par le&nbsp; cabinet d&rsquo;avocat GC&nbsp;d\u00e8s votre prise de contact, y compris pour le simple \u00e9tablissement d\u2019un devis ou lors de la prise de rendez-vous. Elles ne seront conserv\u00e9es que 4 semaines dans l\u2019hypoth\u00e8se o\u00f9 vous ne donneriez pas suite. Dans tous les autres cas, elles seront conserv\u00e9es pendant un d\u00e9lai de 5 ann\u00e9es \u00e0 compter du dernier acte juridique ou judiciaire r\u00e9alis\u00e9 par le&nbsp;cabinet d&rsquo;avocat GC .6. Comment : par un syst\u00e8me informatique prot\u00e9g\u00e9 et s\u00e9curis\u00e9.<\/p>\n\n\n\n<p>CONSEIL JURIDIQUE<\/p>\n\n\n\n<p>Il est express\u00e9ment rappel\u00e9 que le site avocat-gc.com n\u2019a pas vocation \u00e0 donner des conseils personnalis\u00e9s de nature juridique ou de toute autre nature. En particulier, le cabinet d&rsquo;avocat GC ne saurait \u00eatre consid\u00e9r\u00e9 comme validant, confirmant ou infirmant toute information de nature juridique, et notamment le Contenu ou la Documentation charg\u00e9, publi\u00e9 ou diffus\u00e9 qui serait accessible sur le Site. En cons\u00e9quence, le cabinet d&rsquo;avocat GC ne saurait \u00eatre tenue responsable de l\u2019utilisation qui pourrait en \u00eatre faite. Le site contient des questions-r\u00e9ponses, un blog, des actualit\u00e9s, des articles et des vid\u00e9os. Il est pr\u00e9cis\u00e9 que le pr\u00e9sent site ne donne aucun conseil juridique. Les informations figurant sur le site ne peuvent en aucun cas \u00eatre consid\u00e9r\u00e9es comme des conseils juridiques. D\u00e8s lors le cabinet d&rsquo;avocat GC d\u00e9cline toute responsabilit\u00e9 quant \u00e0 l\u2019utilisation des informations \u00e9nonc\u00e9es ou inscrites sur le site. A ce titre, le site fournit des renseignements \u00e0 caract\u00e8re documentaire qui ne peuvent \u00eatre assimil\u00e9s \u00e0 des consultations juridiques ou \u00eatre interpr\u00e9t\u00e9s comme telles.&nbsp;Le cabinet d&rsquo;avocat GC encourage \u00e0 obtenir tous renseignements suppl\u00e9mentaires et n\u00e9cessaires aupr\u00e8s d&rsquo;un professionnel du droit. Le cabinet d&rsquo;avocat GC ne saurait \u00eatre tenue responsable des cons\u00e9quences juridiques et\/ou fiscales que pourrait entra\u00eener l\u2019utilisation de Contenu charg\u00e9, diffus\u00e9 ou publi\u00e9 par le site.<\/p>\n\n\n\n<p>PROTECTION DES DONN\u00c9ES PERSONNELLES<\/p>\n\n\n\n<p>Selon l&rsquo;article 34 de la loi fran\u00e7aise n\u00b0 78-17 du 6 janvier 1978 relative \u00e0 l&rsquo;informatique, aux fichiers et aux libert\u00e9s, tout utilisateur ayant d\u00e9pos\u00e9 sur le site des informations directement ou indirectement nominatives peut demander la communication des informations personnelles le concernant \u00e0 l&rsquo;administrateur du service, les faire rectifier ou supprimer le cas \u00e9ch\u00e9ant en s&rsquo;adressant au directeur de la publication ou sur info[at] avocat-gc.com. L\u2019utilisateur a la facult\u00e9 de former une r\u00e9clamation aupr\u00e8s de la CNIL, dans l\u2019hypoth\u00e8se o\u00f9 l\u2019internaute consid\u00e8re que ses donn\u00e9es n\u2019ont pas \u00e9t\u00e9 prot\u00e9g\u00e9es. Avocat-gc est une marque d\u00e9pos\u00e9e et ne peut en aucun cas \u00eatre utilis\u00e9e \u00e0 titre personnel et dans le cadre de leur activit\u00e9 par les avocats ayant rejoint la communaut\u00e9 du m\u00eame nom.<\/p>\n","protected":false},"excerpt":{"rendered":"<p>&#8211; La d\u00e9nomination sociale du cabinet: Cabinet d&rsquo;avocat Greffet &#8211; Sigle: Avocat GC &#8211; Enseigne commerciale: Avocat GC &#8211; La raison sociale du cabinet: Cabinet d&rsquo;avocat &#8211; La forme : soci\u00e9t\u00e9 d&rsquo;exercice lib\u00e9ral par actions simplifi\u00e9e&nbsp; &#8211;&nbsp; Le capital social de la soci\u00e9t\u00e9: 10.000 \u20ac &#8211; N\u00b0 de SIRET du Cabinet :&nbsp;888 171 931 00015 [&hellip;]<\/p>\n","protected":false},"author":1,"featured_media":0,"parent":0,"menu_order":0,"comment_status":"closed","ping_status":"closed","template":"","meta":{"_acf_changed":false,"inline_featured_image":false,"footnotes":""},"priorite":[],"class_list":["post-4986","page","type-page","status-publish","hentry"],"acf":[],"yoast_head":"<!-- This site is optimized with the Yoast SEO plugin v27.4 - https:\/\/yoast.com\/product\/yoast-seo-wordpress\/ -->\n<title>Mentions l\u00e9gales - Avocat Divorce<\/title>\n<meta name=\"robots\" content=\"index, follow, max-snippet:-1, max-image-preview:large, max-video-preview:-1\" \/>\n<link rel=\"canonical\" href=\"https:\/\/avocat-gc.com\/divorce\/mentions-legales\/\" \/>\n<meta property=\"og:locale\" content=\"fr_FR\" \/>\n<meta property=\"og:type\" content=\"article\" \/>\n<meta property=\"og:title\" content=\"Mentions l\u00e9gales - Avocat Divorce\" \/>\n<meta property=\"og:description\" content=\"&#8211; La d\u00e9nomination sociale du cabinet: Cabinet d&rsquo;avocat Greffet &#8211; Sigle: Avocat GC &#8211; Enseigne commerciale: Avocat GC &#8211; La raison sociale du cabinet: Cabinet d&rsquo;avocat &#8211; La forme : soci\u00e9t\u00e9 d&rsquo;exercice lib\u00e9ral par actions simplifi\u00e9e&nbsp; &#8211;&nbsp; Le capital social de la soci\u00e9t\u00e9: 10.000 \u20ac &#8211; N\u00b0 de SIRET du Cabinet :&nbsp;888 171 931 00015 [&hellip;]\" \/>\n<meta property=\"og:url\" content=\"https:\/\/avocat-gc.com\/divorce\/mentions-legales\/\" \/>\n<meta property=\"og:site_name\" content=\"Avocat GC - Avocat Divorce\" \/>\n<meta property=\"article:modified_time\" content=\"2025-05-27T09:22:07+00:00\" \/>\n<meta name=\"twitter:card\" content=\"summary_large_image\" \/>\n<script type=\"application\/ld+json\" class=\"yoast-schema-graph\">{\"@context\":\"https:\\\/\\\/schema.org\",\"@graph\":[{\"@type\":\"WebPage\",\"@id\":\"https:\\\/\\\/avocat-gc.com\\\/divorce\\\/mentions-legales\\\/\",\"url\":\"https:\\\/\\\/avocat-gc.com\\\/divorce\\\/mentions-legales\\\/\",\"name\":\"Mentions l\u00e9gales - Avocat Divorce\",\"isPartOf\":{\"@id\":\"https:\\\/\\\/avocat-gc.com\\\/divorce\\\/#website\"},\"datePublished\":\"2024-03-29T15:41:48+00:00\",\"dateModified\":\"2025-05-27T09:22:07+00:00\",\"breadcrumb\":{\"@id\":\"https:\\\/\\\/avocat-gc.com\\\/divorce\\\/mentions-legales\\\/#breadcrumb\"},\"inLanguage\":\"fr-FR\",\"potentialAction\":[{\"@type\":\"ReadAction\",\"target\":[\"https:\\\/\\\/avocat-gc.com\\\/divorce\\\/mentions-legales\\\/\"]}]},{\"@type\":\"BreadcrumbList\",\"@id\":\"https:\\\/\\\/avocat-gc.com\\\/divorce\\\/mentions-legales\\\/#breadcrumb\",\"itemListElement\":[{\"@type\":\"ListItem\",\"position\":1,\"name\":\"Accueil\",\"item\":\"https:\\\/\\\/avocat-gc.com\\\/divorce\\\/\"},{\"@type\":\"ListItem\",\"position\":2,\"name\":\"Mentions l\u00e9gales\"}]},{\"@type\":\"WebSite\",\"@id\":\"https:\\\/\\\/avocat-gc.com\\\/divorce\\\/#website\",\"url\":\"https:\\\/\\\/avocat-gc.com\\\/divorce\\\/\",\"name\":\"Avocat GC - Avocat Divorce\",\"description\":\"\",\"publisher\":{\"@id\":\"https:\\\/\\\/avocat-gc.com\\\/divorce\\\/#organization\"},\"potentialAction\":[{\"@type\":\"SearchAction\",\"target\":{\"@type\":\"EntryPoint\",\"urlTemplate\":\"https:\\\/\\\/avocat-gc.com\\\/divorce\\\/?s={search_term_string}\"},\"query-input\":{\"@type\":\"PropertyValueSpecification\",\"valueRequired\":true,\"valueName\":\"search_term_string\"}}],\"inLanguage\":\"fr-FR\"},{\"@type\":\"Organization\",\"@id\":\"https:\\\/\\\/avocat-gc.com\\\/divorce\\\/#organization\",\"name\":\"Avocat GC - Avocat Divorce\",\"url\":\"https:\\\/\\\/avocat-gc.com\\\/divorce\\\/\",\"logo\":{\"@type\":\"ImageObject\",\"inLanguage\":\"fr-FR\",\"@id\":\"https:\\\/\\\/avocat-gc.com\\\/divorce\\\/#\\\/schema\\\/logo\\\/image\\\/\",\"url\":\"https:\\\/\\\/avocat-gc.com\\\/divorce\\\/wp-content\\\/uploads\\\/2024\\\/04\\\/cropped-Sans-titre.png\",\"contentUrl\":\"https:\\\/\\\/avocat-gc.com\\\/divorce\\\/wp-content\\\/uploads\\\/2024\\\/04\\\/cropped-Sans-titre.png\",\"width\":200,\"height\":180,\"caption\":\"Avocat GC - Avocat Divorce\"},\"image\":{\"@id\":\"https:\\\/\\\/avocat-gc.com\\\/divorce\\\/#\\\/schema\\\/logo\\\/image\\\/\"}}]}<\/script>\n<!-- \/ Yoast SEO plugin. -->","yoast_head_json":{"title":"Mentions l\u00e9gales - Avocat Divorce","robots":{"index":"index","follow":"follow","max-snippet":"max-snippet:-1","max-image-preview":"max-image-preview:large","max-video-preview":"max-video-preview:-1"},"canonical":"https:\/\/avocat-gc.com\/divorce\/mentions-legales\/","og_locale":"fr_FR","og_type":"article","og_title":"Mentions l\u00e9gales - Avocat Divorce","og_description":"&#8211; La d\u00e9nomination sociale du cabinet: Cabinet d&rsquo;avocat Greffet &#8211; Sigle: Avocat GC &#8211; Enseigne commerciale: Avocat GC &#8211; La raison sociale du cabinet: Cabinet d&rsquo;avocat &#8211; La forme : soci\u00e9t\u00e9 d&rsquo;exercice lib\u00e9ral par actions simplifi\u00e9e&nbsp; &#8211;&nbsp; Le capital social de la soci\u00e9t\u00e9: 10.000 \u20ac &#8211; N\u00b0 de SIRET du Cabinet :&nbsp;888 171 931 00015 [&hellip;]","og_url":"https:\/\/avocat-gc.com\/divorce\/mentions-legales\/","og_site_name":"Avocat GC - Avocat Divorce","article_modified_time":"2025-05-27T09:22:07+00:00","twitter_card":"summary_large_image","schema":{"@context":"https:\/\/schema.org","@graph":[{"@type":"WebPage","@id":"https:\/\/avocat-gc.com\/divorce\/mentions-legales\/","url":"https:\/\/avocat-gc.com\/divorce\/mentions-legales\/","name":"Mentions l\u00e9gales - Avocat Divorce","isPartOf":{"@id":"https:\/\/avocat-gc.com\/divorce\/#website"},"datePublished":"2024-03-29T15:41:48+00:00","dateModified":"2025-05-27T09:22:07+00:00","breadcrumb":{"@id":"https:\/\/avocat-gc.com\/divorce\/mentions-legales\/#breadcrumb"},"inLanguage":"fr-FR","potentialAction":[{"@type":"ReadAction","target":["https:\/\/avocat-gc.com\/divorce\/mentions-legales\/"]}]},{"@type":"BreadcrumbList","@id":"https:\/\/avocat-gc.com\/divorce\/mentions-legales\/#breadcrumb","itemListElement":[{"@type":"ListItem","position":1,"name":"Accueil","item":"https:\/\/avocat-gc.com\/divorce\/"},{"@type":"ListItem","position":2,"name":"Mentions l\u00e9gales"}]},{"@type":"WebSite","@id":"https:\/\/avocat-gc.com\/divorce\/#website","url":"https:\/\/avocat-gc.com\/divorce\/","name":"Avocat GC - Avocat Divorce","description":"","publisher":{"@id":"https:\/\/avocat-gc.com\/divorce\/#organization"},"potentialAction":[{"@type":"SearchAction","target":{"@type":"EntryPoint","urlTemplate":"https:\/\/avocat-gc.com\/divorce\/?s={search_term_string}"},"query-input":{"@type":"PropertyValueSpecification","valueRequired":true,"valueName":"search_term_string"}}],"inLanguage":"fr-FR"},{"@type":"Organization","@id":"https:\/\/avocat-gc.com\/divorce\/#organization","name":"Avocat GC - Avocat Divorce","url":"https:\/\/avocat-gc.com\/divorce\/","logo":{"@type":"ImageObject","inLanguage":"fr-FR","@id":"https:\/\/avocat-gc.com\/divorce\/#\/schema\/logo\/image\/","url":"https:\/\/avocat-gc.com\/divorce\/wp-content\/uploads\/2024\/04\/cropped-Sans-titre.png","contentUrl":"https:\/\/avocat-gc.com\/divorce\/wp-content\/uploads\/2024\/04\/cropped-Sans-titre.png","width":200,"height":180,"caption":"Avocat GC - Avocat Divorce"},"image":{"@id":"https:\/\/avocat-gc.com\/divorce\/#\/schema\/logo\/image\/"}}]}},"_links":{"self":[{"href":"https:\/\/avocat-gc.com\/divorce\/wp-json\/wp\/v2\/pages\/4986","targetHints":{"allow":["GET"]}}],"collection":[{"href":"https:\/\/avocat-gc.com\/divorce\/wp-json\/wp\/v2\/pages"}],"about":[{"href":"https:\/\/avocat-gc.com\/divorce\/wp-json\/wp\/v2\/types\/page"}],"author":[{"embeddable":true,"href":"https:\/\/avocat-gc.com\/divorce\/wp-json\/wp\/v2\/users\/1"}],"replies":[{"embeddable":true,"href":"https:\/\/avocat-gc.com\/divorce\/wp-json\/wp\/v2\/comments?post=4986"}],"version-history":[{"count":3,"href":"https:\/\/avocat-gc.com\/divorce\/wp-json\/wp\/v2\/pages\/4986\/revisions"}],"predecessor-version":[{"id":15959,"href":"https:\/\/avocat-gc.com\/divorce\/wp-json\/wp\/v2\/pages\/4986\/revisions\/15959"}],"wp:attachment":[{"href":"https:\/\/avocat-gc.com\/divorce\/wp-json\/wp\/v2\/media?parent=4986"}],"wp:term":[{"taxonomy":"priorite","embeddable":true,"href":"https:\/\/avocat-gc.com\/divorce\/wp-json\/wp\/v2\/priorite?post=4986"}],"curies":[{"name":"wp","href":"https:\/\/api.w.org\/{rel}","templated":true}]}}