{"id":4965,"date":"2024-03-29T15:41:45","date_gmt":"2024-03-29T15:41:45","guid":{"rendered":"https:\/\/avocat-gc.com\/divorce\/intervention-dans-toute-la-france\/"},"modified":"2025-10-06T09:06:08","modified_gmt":"2025-10-06T09:06:08","slug":"intervention-dans-toute-la-france","status":"publish","type":"page","link":"https:\/\/avocat-gc.com\/divorce\/intervention-dans-toute-la-france\/","title":{"rendered":"Intervention dans toute la France"},"content":{"rendered":"<p>Avocat Divorce France<\/p>\n<p><a class=\"button\" href=\"http:\/\/avocat-gc.com\/divorce\/devis-gratuit\/\">DEMANDER UN DEVIS<\/a><\/p>\n<p>1. S\u00e9lectionnez votre d\u00e9partement<\/p>\n<p>2. Obtenez un devis imm\u00e9diat du cabinet. Prenez un rendez-vous afin de signer les actes<\/p>\n<p align=\"justify\">\u25ba LE DIVORCE \u00c0 L&rsquo;AMIABLE Votre divorce amiable est g\u00e9n\u00e9ralement prononc\u00e9 dans un d\u00e9lai de 3 mois. Le divorce \u00e0 l&rsquo;amiable devant le Juge aux Affaires Familiales est effectu\u00e9 si l&rsquo;un des enfants du couple souhaite \u00eatre entendu par le Juge. Si vous n&rsquo;avez pas la possibilit\u00e9 de vous d\u00e9placer au cabinet pour le premier rendez-vous, j&rsquo;organise une conf\u00e9rence t\u00e9l\u00e9phonique pour le divorce afin que je puisse r\u00e9diger la convention et la requ\u00eate en divorce. Je me d\u00e9pla\u00e7e dans votre d\u00e9partement le jour de votre audience de divorce.<\/p>\n<p align=\"justify\">\u25ba LE DIVORCE SANS JUGE Plus simple, la proc\u00e9dure de divorce sans juge permet de divorcer directement aupr\u00e8s du cabinet en 1 mois environ. Contactez mon cabinet afin que notre avocat r\u00e9dige votre convention de divorce. Le cabinet est comp\u00e9tent pour vous divorcer quel que soit votre d\u00e9partement.<\/p>\n","protected":false},"excerpt":{"rendered":"<p>Avocat Divorce France DEMANDER UN DEVIS 1. S\u00e9lectionnez votre d\u00e9partement 2. Obtenez un devis imm\u00e9diat du cabinet. Prenez un rendez-vous afin de signer les actes \u25ba LE DIVORCE \u00c0 L&rsquo;AMIABLE Votre divorce amiable est g\u00e9n\u00e9ralement prononc\u00e9 dans un d\u00e9lai de 3 mois. Le divorce \u00e0 l&rsquo;amiable devant le Juge aux Affaires Familiales est effectu\u00e9 si [&hellip;]<\/p>\n","protected":false},"author":1,"featured_media":0,"parent":0,"menu_order":0,"comment_status":"closed","ping_status":"closed","template":"","meta":{"_acf_changed":false,"inline_featured_image":false,"footnotes":""},"priorite":[4],"class_list":["post-4965","page","type-page","status-publish","hentry","priorite-haute"],"acf":[],"yoast_head":"<!-- This site is optimized with the Yoast SEO plugin v27.4 - https:\/\/yoast.com\/product\/yoast-seo-wordpress\/ -->\n<title>Intervention dans toute la France - Avocat Divorce<\/title>\n<meta name=\"robots\" content=\"index, follow, max-snippet:-1, max-image-preview:large, max-video-preview:-1\" \/>\n<link rel=\"canonical\" href=\"https:\/\/avocat-gc.com\/divorce\/intervention-dans-toute-la-france\/\" \/>\n<meta property=\"og:locale\" content=\"fr_FR\" \/>\n<meta property=\"og:type\" content=\"article\" \/>\n<meta property=\"og:title\" content=\"Intervention dans toute la France - Avocat Divorce\" \/>\n<meta property=\"og:description\" content=\"Avocat Divorce France DEMANDER UN DEVIS 1. S\u00e9lectionnez votre d\u00e9partement 2. Obtenez un devis imm\u00e9diat du cabinet. Prenez un rendez-vous afin de signer les actes \u25ba LE DIVORCE \u00c0 L&rsquo;AMIABLE Votre divorce amiable est g\u00e9n\u00e9ralement prononc\u00e9 dans un d\u00e9lai de 3 mois. Le divorce \u00e0 l&rsquo;amiable devant le Juge aux Affaires Familiales est effectu\u00e9 si [&hellip;]\" \/>\n<meta property=\"og:url\" content=\"https:\/\/avocat-gc.com\/divorce\/intervention-dans-toute-la-france\/\" \/>\n<meta property=\"og:site_name\" content=\"Avocat GC - Avocat Divorce\" \/>\n<meta property=\"article:modified_time\" content=\"2025-10-06T09:06:08+00:00\" \/>\n<meta name=\"twitter:card\" content=\"summary_large_image\" \/>\n<script type=\"application\/ld+json\" class=\"yoast-schema-graph\">{\"@context\":\"https:\\\/\\\/schema.org\",\"@graph\":[{\"@type\":\"WebPage\",\"@id\":\"https:\\\/\\\/avocat-gc.com\\\/divorce\\\/intervention-dans-toute-la-france\\\/\",\"url\":\"https:\\\/\\\/avocat-gc.com\\\/divorce\\\/intervention-dans-toute-la-france\\\/\",\"name\":\"Intervention dans toute la France - Avocat Divorce\",\"isPartOf\":{\"@id\":\"https:\\\/\\\/avocat-gc.com\\\/divorce\\\/#website\"},\"datePublished\":\"2024-03-29T15:41:45+00:00\",\"dateModified\":\"2025-10-06T09:06:08+00:00\",\"breadcrumb\":{\"@id\":\"https:\\\/\\\/avocat-gc.com\\\/divorce\\\/intervention-dans-toute-la-france\\\/#breadcrumb\"},\"inLanguage\":\"fr-FR\",\"potentialAction\":[{\"@type\":\"ReadAction\",\"target\":[\"https:\\\/\\\/avocat-gc.com\\\/divorce\\\/intervention-dans-toute-la-france\\\/\"]}]},{\"@type\":\"BreadcrumbList\",\"@id\":\"https:\\\/\\\/avocat-gc.com\\\/divorce\\\/intervention-dans-toute-la-france\\\/#breadcrumb\",\"itemListElement\":[{\"@type\":\"ListItem\",\"position\":1,\"name\":\"Accueil\",\"item\":\"https:\\\/\\\/avocat-gc.com\\\/divorce\\\/\"},{\"@type\":\"ListItem\",\"position\":2,\"name\":\"Intervention dans toute la France\"}]},{\"@type\":\"WebSite\",\"@id\":\"https:\\\/\\\/avocat-gc.com\\\/divorce\\\/#website\",\"url\":\"https:\\\/\\\/avocat-gc.com\\\/divorce\\\/\",\"name\":\"Avocat GC - Avocat Divorce\",\"description\":\"\",\"publisher\":{\"@id\":\"https:\\\/\\\/avocat-gc.com\\\/divorce\\\/#organization\"},\"potentialAction\":[{\"@type\":\"SearchAction\",\"target\":{\"@type\":\"EntryPoint\",\"urlTemplate\":\"https:\\\/\\\/avocat-gc.com\\\/divorce\\\/?s={search_term_string}\"},\"query-input\":{\"@type\":\"PropertyValueSpecification\",\"valueRequired\":true,\"valueName\":\"search_term_string\"}}],\"inLanguage\":\"fr-FR\"},{\"@type\":\"Organization\",\"@id\":\"https:\\\/\\\/avocat-gc.com\\\/divorce\\\/#organization\",\"name\":\"Avocat GC - Avocat Divorce\",\"url\":\"https:\\\/\\\/avocat-gc.com\\\/divorce\\\/\",\"logo\":{\"@type\":\"ImageObject\",\"inLanguage\":\"fr-FR\",\"@id\":\"https:\\\/\\\/avocat-gc.com\\\/divorce\\\/#\\\/schema\\\/logo\\\/image\\\/\",\"url\":\"https:\\\/\\\/avocat-gc.com\\\/divorce\\\/wp-content\\\/uploads\\\/2024\\\/04\\\/cropped-Sans-titre.png\",\"contentUrl\":\"https:\\\/\\\/avocat-gc.com\\\/divorce\\\/wp-content\\\/uploads\\\/2024\\\/04\\\/cropped-Sans-titre.png\",\"width\":200,\"height\":180,\"caption\":\"Avocat GC - Avocat Divorce\"},\"image\":{\"@id\":\"https:\\\/\\\/avocat-gc.com\\\/divorce\\\/#\\\/schema\\\/logo\\\/image\\\/\"}}]}<\/script>\n<!-- \/ Yoast SEO plugin. -->","yoast_head_json":{"title":"Intervention dans toute la France - Avocat Divorce","robots":{"index":"index","follow":"follow","max-snippet":"max-snippet:-1","max-image-preview":"max-image-preview:large","max-video-preview":"max-video-preview:-1"},"canonical":"https:\/\/avocat-gc.com\/divorce\/intervention-dans-toute-la-france\/","og_locale":"fr_FR","og_type":"article","og_title":"Intervention dans toute la France - Avocat Divorce","og_description":"Avocat Divorce France DEMANDER UN DEVIS 1. S\u00e9lectionnez votre d\u00e9partement 2. Obtenez un devis imm\u00e9diat du cabinet. Prenez un rendez-vous afin de signer les actes \u25ba LE DIVORCE \u00c0 L&rsquo;AMIABLE Votre divorce amiable est g\u00e9n\u00e9ralement prononc\u00e9 dans un d\u00e9lai de 3 mois. Le divorce \u00e0 l&rsquo;amiable devant le Juge aux Affaires Familiales est effectu\u00e9 si [&hellip;]","og_url":"https:\/\/avocat-gc.com\/divorce\/intervention-dans-toute-la-france\/","og_site_name":"Avocat GC - Avocat Divorce","article_modified_time":"2025-10-06T09:06:08+00:00","twitter_card":"summary_large_image","schema":{"@context":"https:\/\/schema.org","@graph":[{"@type":"WebPage","@id":"https:\/\/avocat-gc.com\/divorce\/intervention-dans-toute-la-france\/","url":"https:\/\/avocat-gc.com\/divorce\/intervention-dans-toute-la-france\/","name":"Intervention dans toute la France - Avocat Divorce","isPartOf":{"@id":"https:\/\/avocat-gc.com\/divorce\/#website"},"datePublished":"2024-03-29T15:41:45+00:00","dateModified":"2025-10-06T09:06:08+00:00","breadcrumb":{"@id":"https:\/\/avocat-gc.com\/divorce\/intervention-dans-toute-la-france\/#breadcrumb"},"inLanguage":"fr-FR","potentialAction":[{"@type":"ReadAction","target":["https:\/\/avocat-gc.com\/divorce\/intervention-dans-toute-la-france\/"]}]},{"@type":"BreadcrumbList","@id":"https:\/\/avocat-gc.com\/divorce\/intervention-dans-toute-la-france\/#breadcrumb","itemListElement":[{"@type":"ListItem","position":1,"name":"Accueil","item":"https:\/\/avocat-gc.com\/divorce\/"},{"@type":"ListItem","position":2,"name":"Intervention dans toute la France"}]},{"@type":"WebSite","@id":"https:\/\/avocat-gc.com\/divorce\/#website","url":"https:\/\/avocat-gc.com\/divorce\/","name":"Avocat GC - Avocat Divorce","description":"","publisher":{"@id":"https:\/\/avocat-gc.com\/divorce\/#organization"},"potentialAction":[{"@type":"SearchAction","target":{"@type":"EntryPoint","urlTemplate":"https:\/\/avocat-gc.com\/divorce\/?s={search_term_string}"},"query-input":{"@type":"PropertyValueSpecification","valueRequired":true,"valueName":"search_term_string"}}],"inLanguage":"fr-FR"},{"@type":"Organization","@id":"https:\/\/avocat-gc.com\/divorce\/#organization","name":"Avocat GC - Avocat Divorce","url":"https:\/\/avocat-gc.com\/divorce\/","logo":{"@type":"ImageObject","inLanguage":"fr-FR","@id":"https:\/\/avocat-gc.com\/divorce\/#\/schema\/logo\/image\/","url":"https:\/\/avocat-gc.com\/divorce\/wp-content\/uploads\/2024\/04\/cropped-Sans-titre.png","contentUrl":"https:\/\/avocat-gc.com\/divorce\/wp-content\/uploads\/2024\/04\/cropped-Sans-titre.png","width":200,"height":180,"caption":"Avocat GC - Avocat Divorce"},"image":{"@id":"https:\/\/avocat-gc.com\/divorce\/#\/schema\/logo\/image\/"}}]}},"_links":{"self":[{"href":"https:\/\/avocat-gc.com\/divorce\/wp-json\/wp\/v2\/pages\/4965","targetHints":{"allow":["GET"]}}],"collection":[{"href":"https:\/\/avocat-gc.com\/divorce\/wp-json\/wp\/v2\/pages"}],"about":[{"href":"https:\/\/avocat-gc.com\/divorce\/wp-json\/wp\/v2\/types\/page"}],"author":[{"embeddable":true,"href":"https:\/\/avocat-gc.com\/divorce\/wp-json\/wp\/v2\/users\/1"}],"replies":[{"embeddable":true,"href":"https:\/\/avocat-gc.com\/divorce\/wp-json\/wp\/v2\/comments?post=4965"}],"version-history":[{"count":3,"href":"https:\/\/avocat-gc.com\/divorce\/wp-json\/wp\/v2\/pages\/4965\/revisions"}],"predecessor-version":[{"id":16113,"href":"https:\/\/avocat-gc.com\/divorce\/wp-json\/wp\/v2\/pages\/4965\/revisions\/16113"}],"wp:attachment":[{"href":"https:\/\/avocat-gc.com\/divorce\/wp-json\/wp\/v2\/media?parent=4965"}],"wp:term":[{"taxonomy":"priorite","embeddable":true,"href":"https:\/\/avocat-gc.com\/divorce\/wp-json\/wp\/v2\/priorite?post=4965"}],"curies":[{"name":"wp","href":"https:\/\/api.w.org\/{rel}","templated":true}]}}