{"id":4963,"date":"2017-03-01T00:00:00","date_gmt":"2017-03-01T00:00:00","guid":{"rendered":"https:\/\/avocat-gc.com\/divorce\/exequatur\/"},"modified":"2017-03-01T00:00:00","modified_gmt":"2017-03-01T00:00:00","slug":"exequatur","status":"publish","type":"page","link":"https:\/\/avocat-gc.com\/divorce\/exequatur\/","title":{"rendered":"Proc\u00e9dure d\u2019ex\u00e9quatur"},"content":{"rendered":"<\/p>\n<p>Proc\u00e9dure d\u2019ex\u00e9quatur<\/p>\n<h2>La proc\u00e9dure d\u2019ex\u00e9quatur \u00e0 partir de 1490\u20ac<\/h2>\n<\/p>\n<p class=\"img-left\"><img decoding=\"async\" alt=\"Avocat Divorce Exequatur\" title=\"Avocat Divorce  Exequatur\" width=\"100\" border=\"2\" src=\"\/divorce\/wp-content\/uploads\/2024\/04\/avocat-exequatur.jpg\" \/><\/p>\n<p align=\"justify\">La <a href=\"\/divorce\/definitions\/exequatur\/\" rel=\"nofollow noopener\" title=\"\" target=\"\">proc\u00e9dure d\u2019ex\u00e9quatur<\/a> est n\u00e9cessaire afin que votre <a href=\"\/divorce\/definitions\/jugement\/\" rel=\"nofollow noopener\" title=\"\" target=\"\">jugement \u00e9tranger de divorce <\/a>puisse donner lieu, en France, \u00e0 des mesures d\u2019ex\u00e9cution sur des biens ou sur des personnes. En accordant l\u2019exequatur, l\u2019autorit\u00e9 comp\u00e9tente ordonne, s\u2019il y a lieu, les mesures n\u00e9cessaires pour que la d\u00e9cision \u00e9trang\u00e8re re\u00e7oive la m\u00eame publicit\u00e9 que si elle avait \u00e9t\u00e9 rendue dans le pays o\u00f9 elle est d\u00e9clar\u00e9e <a href=\"\/divorce\/definitions\/force-executoire\/\" rel=\"nofollow noopener\" title=\"\" target=\"\">ex\u00e9cutoire<\/a>.<\/p>\n<p>Vous souhaitez divorcer ? Contactez notre AVOCAT DIVORCE<\/p>\n<p>A titre d\u2019exemple : un divorce prononc\u00e9 au Maroc condamne un des \u00e9poux \u00e0 verser une<a href=\"\/divorce\/definitions\/pension-alimentaire\/\" rel=\"nofollow noopener\" title=\"\" target=\"\"> pension alimentaire<\/a> \u00e0 l\u2019autre pour l\u2019entretien des enfants. L\u2019ex-conjoint auquel est due la pension r\u00e9side en France, et l\u2019autre ex-conjoint ne s\u2019ex\u00e9cute pas. Afin de r\u00e9gulariser la situation, vous devez engager une proc\u00e9dure d\u2019ex\u00e9quatur de votre jugement \u00e9tranger, afin de le rendre ex\u00e9cutoire en France.  En France, l\u2019autorit\u00e9 comp\u00e9tente charg\u00e9e de conna\u00eetre des demandes d\u2019exequatur est le Tribunal de grande instance (l\u2019article  R. 212-8 du Code de l\u2019organisation judiciaire)Quant \u00e0 la comp\u00e9tence territoriale <a href=\"\/divorce\/definitions\/juridiction\/\" rel=\"nofollow noopener\" title=\"\" target=\"\">la juridiction <\/a>en principe comp\u00e9tente est celle du lieu o\u00f9 demeure le d\u00e9fendeur, (article 42 du Code de Proc\u00e9dure Civile).Vous pouvez \u00eatre confront\u00e9s \u00e0 deux types de situation :<br \/>\n&#8211;\tVous \u00eates mari\u00e9s en France, et divorc\u00e9s \u00e0 l\u2019\u00e9tranger. Il suffit de produire diff\u00e9rentes pi\u00e8ces (jugement de divorce \u00e9tranger, ainsi que la traduction de celui-ci, copie int\u00e9grale de l\u2019acte de mariage) que nous nous chargeons d\u2019envoyer au Tribunal de Grande Instance comp\u00e9tent, afin de demander dans un premier une v\u00e9rification d\u2019opposabilit\u00e9 du jugement de divorce. Une fois cette formalit\u00e9 accomplie, l\u2019ex\u00e9quatur pourra \u00eatre accord\u00e9e si les conditions de recevabilit\u00e9 sont r\u00e9unies.<br \/>\n&#8211;\tVous \u00eates mari\u00e9s \u00e0 l\u2019\u00e9tranger, et divorc\u00e9s \u00e0 l\u2019\u00e9tranger. Vous devez nous fournir un certain nombre de pi\u00e8ces, n\u00e9cessaires pour r\u00e9diger une assignation \u00e0 fin d\u2019ex\u00e9quatur. Le <a href=\"\/divorce\/definitions\/tribunal\/\" rel=\"nofollow noopener\" title=\"\" target=\"\">Tribunal de Grande Instance <\/a>se charge alors d\u2019analyser les conditions de recevabilit\u00e9 (absence de fraude \u00e0 la loi, conformit\u00e9 \u00e0 l\u2019ordre public international, comp\u00e9tence du juge \u00e9tranger).<br \/>\nIl faut g\u00e9n\u00e9ralement compter 6 mois pour que votre jugement \u00e9tranger soit ex\u00e9cutoire en France. Vous pourrez ainsi faire appliquer ce jugement en France, dans toutes ses dispositions.<\/p>\n","protected":false},"excerpt":{"rendered":"<p>Proc\u00e9dure d\u2019ex\u00e9quatur La proc\u00e9dure d\u2019ex\u00e9quatur \u00e0 partir de 1490\u20ac La proc\u00e9dure d\u2019ex\u00e9quatur est n\u00e9cessaire afin que votre jugement \u00e9tranger de divorce puisse donner lieu, en France, \u00e0 des mesures d\u2019ex\u00e9cution sur des biens ou sur des personnes. En accordant l\u2019exequatur, l\u2019autorit\u00e9 comp\u00e9tente ordonne, s\u2019il y a lieu, les mesures n\u00e9cessaires pour que la d\u00e9cision \u00e9trang\u00e8re [&hellip;]<\/p>\n","protected":false},"author":1,"featured_media":0,"parent":0,"menu_order":0,"comment_status":"closed","ping_status":"closed","template":"","meta":{"_acf_changed":false,"inline_featured_image":false,"footnotes":""},"priorite":[],"class_list":["post-4963","page","type-page","status-publish","hentry"],"acf":[],"yoast_head":"<!-- This site is optimized with the Yoast SEO plugin v27.3 - https:\/\/yoast.com\/product\/yoast-seo-wordpress\/ -->\n<title>Proc\u00e9dure d\u2019ex\u00e9quatur - Avocat Divorce<\/title>\n<meta name=\"robots\" content=\"index, follow, max-snippet:-1, max-image-preview:large, max-video-preview:-1\" \/>\n<link rel=\"canonical\" href=\"https:\/\/avocat-gc.com\/divorce\/exequatur\/\" \/>\n<meta property=\"og:locale\" content=\"fr_FR\" \/>\n<meta property=\"og:type\" content=\"article\" \/>\n<meta property=\"og:title\" content=\"Proc\u00e9dure d\u2019ex\u00e9quatur - Avocat Divorce\" \/>\n<meta property=\"og:description\" content=\"Proc\u00e9dure d\u2019ex\u00e9quatur La proc\u00e9dure d\u2019ex\u00e9quatur \u00e0 partir de 1490\u20ac La proc\u00e9dure d\u2019ex\u00e9quatur est n\u00e9cessaire afin que votre jugement \u00e9tranger de divorce puisse donner lieu, en France, \u00e0 des mesures d\u2019ex\u00e9cution sur des biens ou sur des personnes. En accordant l\u2019exequatur, l\u2019autorit\u00e9 comp\u00e9tente ordonne, s\u2019il y a lieu, les mesures n\u00e9cessaires pour que la d\u00e9cision \u00e9trang\u00e8re [&hellip;]\" \/>\n<meta property=\"og:url\" content=\"https:\/\/avocat-gc.com\/divorce\/exequatur\/\" \/>\n<meta property=\"og:site_name\" content=\"Avocat GC - Avocat Divorce\" \/>\n<meta name=\"twitter:card\" content=\"summary_large_image\" \/>\n<script type=\"application\/ld+json\" class=\"yoast-schema-graph\">{\"@context\":\"https:\\\/\\\/schema.org\",\"@graph\":[{\"@type\":\"WebPage\",\"@id\":\"https:\\\/\\\/avocat-gc.com\\\/divorce\\\/exequatur\\\/\",\"url\":\"https:\\\/\\\/avocat-gc.com\\\/divorce\\\/exequatur\\\/\",\"name\":\"Proc\u00e9dure d\u2019ex\u00e9quatur - Avocat Divorce\",\"isPartOf\":{\"@id\":\"https:\\\/\\\/avocat-gc.com\\\/divorce\\\/#website\"},\"datePublished\":\"2017-03-01T00:00:00+00:00\",\"breadcrumb\":{\"@id\":\"https:\\\/\\\/avocat-gc.com\\\/divorce\\\/exequatur\\\/#breadcrumb\"},\"inLanguage\":\"fr-FR\",\"potentialAction\":[{\"@type\":\"ReadAction\",\"target\":[\"https:\\\/\\\/avocat-gc.com\\\/divorce\\\/exequatur\\\/\"]}]},{\"@type\":\"BreadcrumbList\",\"@id\":\"https:\\\/\\\/avocat-gc.com\\\/divorce\\\/exequatur\\\/#breadcrumb\",\"itemListElement\":[{\"@type\":\"ListItem\",\"position\":1,\"name\":\"Accueil\",\"item\":\"https:\\\/\\\/avocat-gc.com\\\/divorce\\\/\"},{\"@type\":\"ListItem\",\"position\":2,\"name\":\"Proc\u00e9dure d\u2019ex\u00e9quatur\"}]},{\"@type\":\"WebSite\",\"@id\":\"https:\\\/\\\/avocat-gc.com\\\/divorce\\\/#website\",\"url\":\"https:\\\/\\\/avocat-gc.com\\\/divorce\\\/\",\"name\":\"Avocat GC - Avocat Divorce\",\"description\":\"\",\"publisher\":{\"@id\":\"https:\\\/\\\/avocat-gc.com\\\/divorce\\\/#organization\"},\"potentialAction\":[{\"@type\":\"SearchAction\",\"target\":{\"@type\":\"EntryPoint\",\"urlTemplate\":\"https:\\\/\\\/avocat-gc.com\\\/divorce\\\/?s={search_term_string}\"},\"query-input\":{\"@type\":\"PropertyValueSpecification\",\"valueRequired\":true,\"valueName\":\"search_term_string\"}}],\"inLanguage\":\"fr-FR\"},{\"@type\":\"Organization\",\"@id\":\"https:\\\/\\\/avocat-gc.com\\\/divorce\\\/#organization\",\"name\":\"Avocat GC - Avocat Divorce\",\"url\":\"https:\\\/\\\/avocat-gc.com\\\/divorce\\\/\",\"logo\":{\"@type\":\"ImageObject\",\"inLanguage\":\"fr-FR\",\"@id\":\"https:\\\/\\\/avocat-gc.com\\\/divorce\\\/#\\\/schema\\\/logo\\\/image\\\/\",\"url\":\"https:\\\/\\\/avocat-gc.com\\\/divorce\\\/wp-content\\\/uploads\\\/2024\\\/04\\\/cropped-Sans-titre.png\",\"contentUrl\":\"https:\\\/\\\/avocat-gc.com\\\/divorce\\\/wp-content\\\/uploads\\\/2024\\\/04\\\/cropped-Sans-titre.png\",\"width\":200,\"height\":180,\"caption\":\"Avocat GC - Avocat Divorce\"},\"image\":{\"@id\":\"https:\\\/\\\/avocat-gc.com\\\/divorce\\\/#\\\/schema\\\/logo\\\/image\\\/\"}}]}<\/script>\n<!-- \/ Yoast SEO plugin. -->","yoast_head_json":{"title":"Proc\u00e9dure d\u2019ex\u00e9quatur - Avocat Divorce","robots":{"index":"index","follow":"follow","max-snippet":"max-snippet:-1","max-image-preview":"max-image-preview:large","max-video-preview":"max-video-preview:-1"},"canonical":"https:\/\/avocat-gc.com\/divorce\/exequatur\/","og_locale":"fr_FR","og_type":"article","og_title":"Proc\u00e9dure d\u2019ex\u00e9quatur - Avocat Divorce","og_description":"Proc\u00e9dure d\u2019ex\u00e9quatur La proc\u00e9dure d\u2019ex\u00e9quatur \u00e0 partir de 1490\u20ac La proc\u00e9dure d\u2019ex\u00e9quatur est n\u00e9cessaire afin que votre jugement \u00e9tranger de divorce puisse donner lieu, en France, \u00e0 des mesures d\u2019ex\u00e9cution sur des biens ou sur des personnes. En accordant l\u2019exequatur, l\u2019autorit\u00e9 comp\u00e9tente ordonne, s\u2019il y a lieu, les mesures n\u00e9cessaires pour que la d\u00e9cision \u00e9trang\u00e8re [&hellip;]","og_url":"https:\/\/avocat-gc.com\/divorce\/exequatur\/","og_site_name":"Avocat GC - Avocat Divorce","twitter_card":"summary_large_image","schema":{"@context":"https:\/\/schema.org","@graph":[{"@type":"WebPage","@id":"https:\/\/avocat-gc.com\/divorce\/exequatur\/","url":"https:\/\/avocat-gc.com\/divorce\/exequatur\/","name":"Proc\u00e9dure d\u2019ex\u00e9quatur - Avocat Divorce","isPartOf":{"@id":"https:\/\/avocat-gc.com\/divorce\/#website"},"datePublished":"2017-03-01T00:00:00+00:00","breadcrumb":{"@id":"https:\/\/avocat-gc.com\/divorce\/exequatur\/#breadcrumb"},"inLanguage":"fr-FR","potentialAction":[{"@type":"ReadAction","target":["https:\/\/avocat-gc.com\/divorce\/exequatur\/"]}]},{"@type":"BreadcrumbList","@id":"https:\/\/avocat-gc.com\/divorce\/exequatur\/#breadcrumb","itemListElement":[{"@type":"ListItem","position":1,"name":"Accueil","item":"https:\/\/avocat-gc.com\/divorce\/"},{"@type":"ListItem","position":2,"name":"Proc\u00e9dure d\u2019ex\u00e9quatur"}]},{"@type":"WebSite","@id":"https:\/\/avocat-gc.com\/divorce\/#website","url":"https:\/\/avocat-gc.com\/divorce\/","name":"Avocat GC - Avocat Divorce","description":"","publisher":{"@id":"https:\/\/avocat-gc.com\/divorce\/#organization"},"potentialAction":[{"@type":"SearchAction","target":{"@type":"EntryPoint","urlTemplate":"https:\/\/avocat-gc.com\/divorce\/?s={search_term_string}"},"query-input":{"@type":"PropertyValueSpecification","valueRequired":true,"valueName":"search_term_string"}}],"inLanguage":"fr-FR"},{"@type":"Organization","@id":"https:\/\/avocat-gc.com\/divorce\/#organization","name":"Avocat GC - Avocat Divorce","url":"https:\/\/avocat-gc.com\/divorce\/","logo":{"@type":"ImageObject","inLanguage":"fr-FR","@id":"https:\/\/avocat-gc.com\/divorce\/#\/schema\/logo\/image\/","url":"https:\/\/avocat-gc.com\/divorce\/wp-content\/uploads\/2024\/04\/cropped-Sans-titre.png","contentUrl":"https:\/\/avocat-gc.com\/divorce\/wp-content\/uploads\/2024\/04\/cropped-Sans-titre.png","width":200,"height":180,"caption":"Avocat GC - Avocat Divorce"},"image":{"@id":"https:\/\/avocat-gc.com\/divorce\/#\/schema\/logo\/image\/"}}]}},"_links":{"self":[{"href":"https:\/\/avocat-gc.com\/divorce\/wp-json\/wp\/v2\/pages\/4963","targetHints":{"allow":["GET"]}}],"collection":[{"href":"https:\/\/avocat-gc.com\/divorce\/wp-json\/wp\/v2\/pages"}],"about":[{"href":"https:\/\/avocat-gc.com\/divorce\/wp-json\/wp\/v2\/types\/page"}],"author":[{"embeddable":true,"href":"https:\/\/avocat-gc.com\/divorce\/wp-json\/wp\/v2\/users\/1"}],"replies":[{"embeddable":true,"href":"https:\/\/avocat-gc.com\/divorce\/wp-json\/wp\/v2\/comments?post=4963"}],"version-history":[{"count":0,"href":"https:\/\/avocat-gc.com\/divorce\/wp-json\/wp\/v2\/pages\/4963\/revisions"}],"wp:attachment":[{"href":"https:\/\/avocat-gc.com\/divorce\/wp-json\/wp\/v2\/media?parent=4963"}],"wp:term":[{"taxonomy":"priorite","embeddable":true,"href":"https:\/\/avocat-gc.com\/divorce\/wp-json\/wp\/v2\/priorite?post=4963"}],"curies":[{"name":"wp","href":"https:\/\/api.w.org\/{rel}","templated":true}]}}