{"id":4940,"date":"2024-03-29T15:41:42","date_gmt":"2024-03-29T15:41:42","guid":{"rendered":"https:\/\/avocat-gc.com\/divorce\/divorce-simple-rapide\/"},"modified":"2024-03-29T15:41:42","modified_gmt":"2024-03-29T15:41:42","slug":"divorce-simple-rapide","status":"publish","type":"page","link":"https:\/\/avocat-gc.com\/divorce\/divorce-simple-rapide\/","title":{"rendered":"Divorce simple"},"content":{"rendered":"<h2>\n\tUn divorce simple et rapide \u00e0 partir de 425\u20ac par \u00e9poux<\/h2>\n<h3>\n\tLa proc\u00e9dure de divorce amiable se d\u00e9roule en 3 temps :<\/h3>\n<p class=\"citation\">1) Vous prenez rendez-vous :<br \/>\n\tLors de ce rendez-vous, nous r\u00e9digeons avec vous la <a href=\"\/divorce\/convention-de-divorce\/\" rel=\"nofollow noopener\" title=\"\" target=\"\">convention de divorce<\/a>.\u00a0<\/p>\n<p>2) Lors de ce rendez-vous, nous vous expliquons toutes les cons\u00e9quences de votre divorce. Nous \u00e9tudions ensemble les meilleures solutions pour que votre conjoint et vous-m\u00eame parveniez \u00e0 un accord satisfaisant pour vous deux et pr\u00e9server ainsi les int\u00e9r\u00eats des deux \u00e9poux ainsi que ceux des enfants \u00e9ventuels.<\/p>\n<\/p>\n<\/p>\n<h3>\n\tNous abordons tous les th\u00e8mes du divorce avec vous :<\/h3>\n<p>\t&#8211; Usage du nom d\u2019\u00e9poux<br \/>\n\t&#8211; Attribution du domicile conjugal<br \/>\n\t&#8211; Liquidation et partage des biens de la communaut\u00e9<br \/>\n\t&#8211; Attribution de la garde et du droit de visite des enfants<br \/>\n\t&#8211; \u00c9valuation de la <a href=\"\/divorce\/pension-alimentaire-enfants\/\" rel=\"nofollow noopener\" title=\"\" target=\"\">pension-alimentaire<\/a><br \/>\n\t&#8211; \u00c9valuation de la <a href=\"\/divorce\/videos\/prestation-compensatoire\/\" rel=\"nofollow noopener\" title=\"\" target=\"\">prestation compensatoire<\/a><\/p>\n<p>3) Le projet de convention vous est transmis par courrier postal afin d&rsquo;\u00eatre soumis \u00e0 votre signature. Une fois sign\u00e9, <a href=\"\/divorce\/definitions\/notaire\/\" rel=\"nofollow noopener\" title=\"\" target=\"\">le notaire <\/a>enregistre votre divorce que nous transcrivons, par la suite, sur vos actes d&rsquo;\u00e9tat civil. Le divorce est rapide: entre 1 et 3 mois.\u00a0<br \/>\nDivorcez rapidement et simplement avec le divorce sans juge. Vous souhaitez divorcer ? Effectuer une estimation gratuite du co\u00fbt de votre divorce.<\/p>\n","protected":false},"excerpt":{"rendered":"<p>Un divorce simple et rapide \u00e0 partir de 425\u20ac par \u00e9poux La proc\u00e9dure de divorce amiable se d\u00e9roule en 3 temps : 1) Vous prenez rendez-vous : Lors de ce rendez-vous, nous r\u00e9digeons avec vous la convention de divorce.\u00a0 2) Lors de ce rendez-vous, nous vous expliquons toutes les cons\u00e9quences de votre divorce. Nous \u00e9tudions [&hellip;]<\/p>\n","protected":false},"author":1,"featured_media":0,"parent":0,"menu_order":0,"comment_status":"closed","ping_status":"closed","template":"","meta":{"_acf_changed":false,"inline_featured_image":false,"footnotes":""},"priorite":[],"class_list":["post-4940","page","type-page","status-publish","hentry"],"acf":[],"yoast_head":"<!-- This site is optimized with the Yoast SEO plugin v27.4 - https:\/\/yoast.com\/product\/yoast-seo-wordpress\/ -->\n<title>Un divorce simple et rapide \u00e0 partir de 425\u20ac par \u00e9poux<\/title>\n<meta name=\"robots\" content=\"index, follow, max-snippet:-1, max-image-preview:large, max-video-preview:-1\" \/>\n<link rel=\"canonical\" href=\"https:\/\/avocat-gc.com\/divorce\/divorce-simple-rapide\/\" \/>\n<meta property=\"og:locale\" content=\"fr_FR\" \/>\n<meta property=\"og:type\" content=\"article\" \/>\n<meta property=\"og:title\" content=\"Un divorce simple et rapide \u00e0 partir de 425\u20ac par \u00e9poux\" \/>\n<meta property=\"og:description\" content=\"Un divorce simple et rapide \u00e0 partir de 425\u20ac par \u00e9poux La proc\u00e9dure de divorce amiable se d\u00e9roule en 3 temps : 1) Vous prenez rendez-vous : Lors de ce rendez-vous, nous r\u00e9digeons avec vous la convention de divorce.\u00a0 2) Lors de ce rendez-vous, nous vous expliquons toutes les cons\u00e9quences de votre divorce. Nous \u00e9tudions [&hellip;]\" \/>\n<meta property=\"og:url\" content=\"https:\/\/avocat-gc.com\/divorce\/divorce-simple-rapide\/\" \/>\n<meta property=\"og:site_name\" content=\"Avocat GC - Avocat Divorce\" \/>\n<meta name=\"twitter:card\" content=\"summary_large_image\" \/>\n<script type=\"application\/ld+json\" class=\"yoast-schema-graph\">{\"@context\":\"https:\\\/\\\/schema.org\",\"@graph\":[{\"@type\":\"WebPage\",\"@id\":\"https:\\\/\\\/avocat-gc.com\\\/divorce\\\/divorce-simple-rapide\\\/\",\"url\":\"https:\\\/\\\/avocat-gc.com\\\/divorce\\\/divorce-simple-rapide\\\/\",\"name\":\"Un divorce simple et rapide \u00e0 partir de 425\u20ac par \u00e9poux\",\"isPartOf\":{\"@id\":\"https:\\\/\\\/avocat-gc.com\\\/divorce\\\/#website\"},\"datePublished\":\"2024-03-29T15:41:42+00:00\",\"breadcrumb\":{\"@id\":\"https:\\\/\\\/avocat-gc.com\\\/divorce\\\/divorce-simple-rapide\\\/#breadcrumb\"},\"inLanguage\":\"fr-FR\",\"potentialAction\":[{\"@type\":\"ReadAction\",\"target\":[\"https:\\\/\\\/avocat-gc.com\\\/divorce\\\/divorce-simple-rapide\\\/\"]}]},{\"@type\":\"BreadcrumbList\",\"@id\":\"https:\\\/\\\/avocat-gc.com\\\/divorce\\\/divorce-simple-rapide\\\/#breadcrumb\",\"itemListElement\":[{\"@type\":\"ListItem\",\"position\":1,\"name\":\"Accueil\",\"item\":\"https:\\\/\\\/avocat-gc.com\\\/divorce\\\/\"},{\"@type\":\"ListItem\",\"position\":2,\"name\":\"Divorce simple\"}]},{\"@type\":\"WebSite\",\"@id\":\"https:\\\/\\\/avocat-gc.com\\\/divorce\\\/#website\",\"url\":\"https:\\\/\\\/avocat-gc.com\\\/divorce\\\/\",\"name\":\"Avocat GC - Avocat Divorce\",\"description\":\"\",\"publisher\":{\"@id\":\"https:\\\/\\\/avocat-gc.com\\\/divorce\\\/#organization\"},\"potentialAction\":[{\"@type\":\"SearchAction\",\"target\":{\"@type\":\"EntryPoint\",\"urlTemplate\":\"https:\\\/\\\/avocat-gc.com\\\/divorce\\\/?s={search_term_string}\"},\"query-input\":{\"@type\":\"PropertyValueSpecification\",\"valueRequired\":true,\"valueName\":\"search_term_string\"}}],\"inLanguage\":\"fr-FR\"},{\"@type\":\"Organization\",\"@id\":\"https:\\\/\\\/avocat-gc.com\\\/divorce\\\/#organization\",\"name\":\"Avocat GC - Avocat Divorce\",\"url\":\"https:\\\/\\\/avocat-gc.com\\\/divorce\\\/\",\"logo\":{\"@type\":\"ImageObject\",\"inLanguage\":\"fr-FR\",\"@id\":\"https:\\\/\\\/avocat-gc.com\\\/divorce\\\/#\\\/schema\\\/logo\\\/image\\\/\",\"url\":\"https:\\\/\\\/avocat-gc.com\\\/divorce\\\/wp-content\\\/uploads\\\/2024\\\/04\\\/cropped-Sans-titre.png\",\"contentUrl\":\"https:\\\/\\\/avocat-gc.com\\\/divorce\\\/wp-content\\\/uploads\\\/2024\\\/04\\\/cropped-Sans-titre.png\",\"width\":200,\"height\":180,\"caption\":\"Avocat GC - Avocat Divorce\"},\"image\":{\"@id\":\"https:\\\/\\\/avocat-gc.com\\\/divorce\\\/#\\\/schema\\\/logo\\\/image\\\/\"}}]}<\/script>\n<!-- \/ Yoast SEO plugin. -->","yoast_head_json":{"title":"Un divorce simple et rapide \u00e0 partir de 425\u20ac par \u00e9poux","robots":{"index":"index","follow":"follow","max-snippet":"max-snippet:-1","max-image-preview":"max-image-preview:large","max-video-preview":"max-video-preview:-1"},"canonical":"https:\/\/avocat-gc.com\/divorce\/divorce-simple-rapide\/","og_locale":"fr_FR","og_type":"article","og_title":"Un divorce simple et rapide \u00e0 partir de 425\u20ac par \u00e9poux","og_description":"Un divorce simple et rapide \u00e0 partir de 425\u20ac par \u00e9poux La proc\u00e9dure de divorce amiable se d\u00e9roule en 3 temps : 1) Vous prenez rendez-vous : Lors de ce rendez-vous, nous r\u00e9digeons avec vous la convention de divorce.\u00a0 2) Lors de ce rendez-vous, nous vous expliquons toutes les cons\u00e9quences de votre divorce. Nous \u00e9tudions [&hellip;]","og_url":"https:\/\/avocat-gc.com\/divorce\/divorce-simple-rapide\/","og_site_name":"Avocat GC - Avocat Divorce","twitter_card":"summary_large_image","schema":{"@context":"https:\/\/schema.org","@graph":[{"@type":"WebPage","@id":"https:\/\/avocat-gc.com\/divorce\/divorce-simple-rapide\/","url":"https:\/\/avocat-gc.com\/divorce\/divorce-simple-rapide\/","name":"Un divorce simple et rapide \u00e0 partir de 425\u20ac par \u00e9poux","isPartOf":{"@id":"https:\/\/avocat-gc.com\/divorce\/#website"},"datePublished":"2024-03-29T15:41:42+00:00","breadcrumb":{"@id":"https:\/\/avocat-gc.com\/divorce\/divorce-simple-rapide\/#breadcrumb"},"inLanguage":"fr-FR","potentialAction":[{"@type":"ReadAction","target":["https:\/\/avocat-gc.com\/divorce\/divorce-simple-rapide\/"]}]},{"@type":"BreadcrumbList","@id":"https:\/\/avocat-gc.com\/divorce\/divorce-simple-rapide\/#breadcrumb","itemListElement":[{"@type":"ListItem","position":1,"name":"Accueil","item":"https:\/\/avocat-gc.com\/divorce\/"},{"@type":"ListItem","position":2,"name":"Divorce simple"}]},{"@type":"WebSite","@id":"https:\/\/avocat-gc.com\/divorce\/#website","url":"https:\/\/avocat-gc.com\/divorce\/","name":"Avocat GC - Avocat Divorce","description":"","publisher":{"@id":"https:\/\/avocat-gc.com\/divorce\/#organization"},"potentialAction":[{"@type":"SearchAction","target":{"@type":"EntryPoint","urlTemplate":"https:\/\/avocat-gc.com\/divorce\/?s={search_term_string}"},"query-input":{"@type":"PropertyValueSpecification","valueRequired":true,"valueName":"search_term_string"}}],"inLanguage":"fr-FR"},{"@type":"Organization","@id":"https:\/\/avocat-gc.com\/divorce\/#organization","name":"Avocat GC - Avocat Divorce","url":"https:\/\/avocat-gc.com\/divorce\/","logo":{"@type":"ImageObject","inLanguage":"fr-FR","@id":"https:\/\/avocat-gc.com\/divorce\/#\/schema\/logo\/image\/","url":"https:\/\/avocat-gc.com\/divorce\/wp-content\/uploads\/2024\/04\/cropped-Sans-titre.png","contentUrl":"https:\/\/avocat-gc.com\/divorce\/wp-content\/uploads\/2024\/04\/cropped-Sans-titre.png","width":200,"height":180,"caption":"Avocat GC - Avocat Divorce"},"image":{"@id":"https:\/\/avocat-gc.com\/divorce\/#\/schema\/logo\/image\/"}}]}},"_links":{"self":[{"href":"https:\/\/avocat-gc.com\/divorce\/wp-json\/wp\/v2\/pages\/4940","targetHints":{"allow":["GET"]}}],"collection":[{"href":"https:\/\/avocat-gc.com\/divorce\/wp-json\/wp\/v2\/pages"}],"about":[{"href":"https:\/\/avocat-gc.com\/divorce\/wp-json\/wp\/v2\/types\/page"}],"author":[{"embeddable":true,"href":"https:\/\/avocat-gc.com\/divorce\/wp-json\/wp\/v2\/users\/1"}],"replies":[{"embeddable":true,"href":"https:\/\/avocat-gc.com\/divorce\/wp-json\/wp\/v2\/comments?post=4940"}],"version-history":[{"count":0,"href":"https:\/\/avocat-gc.com\/divorce\/wp-json\/wp\/v2\/pages\/4940\/revisions"}],"wp:attachment":[{"href":"https:\/\/avocat-gc.com\/divorce\/wp-json\/wp\/v2\/media?parent=4940"}],"wp:term":[{"taxonomy":"priorite","embeddable":true,"href":"https:\/\/avocat-gc.com\/divorce\/wp-json\/wp\/v2\/priorite?post=4940"}],"curies":[{"name":"wp","href":"https:\/\/api.w.org\/{rel}","templated":true}]}}