{"id":427,"date":"2024-03-29T15:30:49","date_gmt":"2024-03-29T15:30:49","guid":{"rendered":"https:\/\/avocat-gc.com\/divorce\/avocat-divorce-amiable-sans-juge-chantepie\/"},"modified":"2024-03-29T15:30:49","modified_gmt":"2024-03-29T15:30:49","slug":"avocat-divorce-amiable-sans-juge-chantepie","status":"publish","type":"page","link":"https:\/\/avocat-gc.com\/divorce\/avocat-divorce-amiable-sans-juge-chantepie\/","title":{"rendered":"Avocat divorce amiable sans juge \u00e0 Chantepie"},"content":{"rendered":"<\/p>\n<p>Avocat divorce amiable sans juge \u00e0 Chantepie (35)<a href=\"\/divorce\/avocat-divorce\/chantepie\/\" rel=\"nofollow noopener\" target=\"_parent\">\u25c4 Avocat divorce \u00e0 Chantepie (35)<\/a><\/p>\n<h2>LE DIVORCE SANS JUGE \u00c0 CHANTEPIE<\/h2>\n<\/p>\n<p class=\"img-left\"><img decoding=\"async\" alt=\"Avocat divorce amiable sans juge Chantepie (35) \" title=\"Avocat divorce amiable sans juge Chantepie (35)\" width=\"170\" border=\"2\" src=\"\/divorce\/wp-content\/uploads\/2024\/04\/avocat-divorce-amiable-paris.jpg\" \/><\/p>\n<p align=\"justify\"> En vertu de l\u2019article 230 du Code civil, le divorce par consentement mutuel est un type de divorce qui peut \u00eatre \u00ab demand\u00e9 conjointement par les \u00e9poux lorsqu\u2019ils s\u2019entendent sur la rupture du mariage et ses effets en soumettant \u00e0 l\u2019approbation du juge une convention r\u00e9glant les cons\u00e9quences du divorce \u00bb. Le <a href=\"\/divorce\/divorce-amiable\/\" rel=\"nofollow noopener\" title=\"\" target=\"\">divorce \u00e0 l\u2019amiable <\/a>est donc une proc\u00e9dure rapide, simple et \u00e9conomique. Par cons\u00e9quent, pour engager une proc\u00e9dure de divorce par consentement mutuel, vous devez \u00eatre d\u2019accord sur tous les points de votre divorce. Le moindre d\u00e9saccord ne permet plus d\u2019envisager une proc\u00e9dure de divorce \u00e0 l\u2019amiable. Il faudra alors d\u00e9buter une proc\u00e9dure contentieuse.  Le divorce sans juge est une proc\u00e9dure \u00e0 l&rsquo;amiable. Votre <a href=\"\/divorce\/avocat-divorce\/chantepie\/\" rel=\"nofollow noopener\" title=\"\" target=\"\">divorce sans juge \u00e0 Chantepie (35)<\/a> d\u00e9bute par un entretien avec nos avocats lors duquel nous r\u00e9digeons une <a href=\"\/divorce\/convention-de-divorce\/\" rel=\"nofollow noopener\" title=\"\" target=\"\">convention de divorce<\/a>,\u00a0sorte de \u00ab contrat \u00bb de divorce. Une fois ce document r\u00e9dig\u00e9, nous constituons votre dossier. Nous avons besoin des pi\u00e8ces suivantes:<\/p>\n<p align=\"justify\">\u00a0&#8211;\tLa photocopie de la pi\u00e8ce d\u2019identit\u00e9 des deux \u00e9poux ;<br \/>\n&#8211;\tUn justificatif de domicile ;<br \/>\n&#8211;\tLa copie int\u00e9grale des actes de naissance des deux \u00e9poux et des enfants datant de moins de 3 mois (ou 6 mois s\u2019il s\u2019agit d\u2019un acte \u00e9tranger) ;<br \/>\n&#8211;\tLa copie int\u00e9grale de l\u2019acte de mariage des \u00e9poux datant de moins de 3 mois (ou 6 mois s\u2019il s\u2019agit d\u2019un acte \u00e9tranger) ;<br \/>\n&#8211;\tLe contrat de mariage si les \u00e9poux sont mari\u00e9s sous le r\u00e9gime de la s\u00e9paration de biens, de la participation aux acqu\u00eats ou de la communaut\u00e9 universelle ;<br \/>\n&#8211;\tLes d\u00e9clarations sur l\u2019honneur s\u2019il y a lieu \u00e0 une prestation compensatoire ;<br \/>\n&#8211;\tLa copie authentique de l\u2019acte notari\u00e9 (\u00e9tat liquidatif ou convention d\u2019indivision).\n<\/p>\n<p align=\"justify\">Une fois le dossier complet, notre cabinet d\u2019avocat divorce vous transmet, par courrier postal (A.R), le projet de convention de divorce pour le soumettre \u00e0 votre signature dans un d\u00e9lai de 15 jours. Ensuite, le notaire enregistre la convention en lui donnant <a href=\"\/divorce\/definitions\/force-executoire\/\" title=\"\" target=\"\" rel=\"noopener\">force ex\u00e9cutoire<\/a> et date certaine. Vous serez officiellement divorc\u00e9s.<\/p>\n<p align=\"justify\">Une fois le divorce prononc\u00e9, notre Cabinet se charge des formalit\u00e9s aupr\u00e8s des mairies ou du Minist\u00e8re des Affaires \u00e9trang\u00e8res afin que la mention du divorce soit transcrite sur vos actes d\u2019\u00e9tat civil. Votre divorce est alors <a href=\"\/divorce\/tiers\/\" rel=\"nofollow noopener\" title=\"\" target=\"\">opposable aux tiers<\/a>. Si vous souhaitez en savoir davantage sur le divorce sans juge, veuillez consulter notre page:\n<\/p>\n<\/p>\n<p><a href=\"\/divorce\/divorce-sans-juge\/\" rel=\"nofollow noopener\" target=\"_parent\">\u25ba AVOCAT DIVORCE SANS JUGE<\/a><\/p>\n<h3>Articles li\u00e9s<\/h3>\n<p><a href=\"\/divorce\/articles\/que-faire-quand-un-epoux-ne-veut-pas-divorcer\/\" rel=\"nofollow noopener\" title=\"\" target=\"_parent\">Que faire quand un \u00e9poux ne veut pas divorcer ?<\/a><br \/>\n<a href=\"\/divorce\/articles\/comment-bien-commencer-sa-procedure-de-divorce\/\" rel=\"nofollow noopener\" title=\"\" target=\"_parent\">Bien commencer sa proc\u00e9dure de divorce<\/a><br \/>\n<a href=\"\/divorce\/articles\/quest-ce-quun-etat-liquidatif\/ rel=\" nofollow=\"\" title=\"\" target=\"_parent\" rel=\"noopener\">Qi&rsquo;est-ce qu&rsquo;un \u00e9tat liquidatif ?<\/a><\/p>\n<p>\u25ba A T\u00c9L\u00c9CHARGER: <a href=\"\/divorce\/divorce-sans-juge\/convention-chantepie\/\" rel=\"nofollow\">Mod\u00e8le de convention de divorce sans juge \u00e0 Chantepie (35)<\/a><\/p>\n<h3>Divorce sans juge &#8211; les tarifs<\/h3>\n<p align=\"justify\">Pour conna\u00eetre les tarifs d&rsquo;un divorce sans juge \u00e0 Chantepie (35), veuillez remplir et nous adresser le devis ci-dessous: <\/p>\n<\/p>\n<p><a href=\"\/divorce\/avocat-divorce-10-ans-dexperience\/\" rel=\"nofollow noopener\" target=\"_parent\">\u25ba DEVIS: AVOCAT DIVORCE \u00c0 CHANTEPIE<\/a><\/p>\n<p> J&rsquo;INTERVIENS DANS TOUTE LA FRANCE <a href=\"\/divorce\/avocat-divorce\/paris\/\" rel=\"nofollow noopener\" title=\"\" target=\"_parent\">Notre cabinet \u00e0 Paris<\/a> : 42 Rue de L\u00fcbeck, 75116 Paris 01 47 04 25 40<\/p>\n","protected":false},"excerpt":{"rendered":"<p>Avocat divorce amiable sans juge \u00e0 Chantepie (35)\u25c4 Avocat divorce \u00e0 Chantepie (35) LE DIVORCE SANS JUGE \u00c0 CHANTEPIE En vertu de l\u2019article 230 du Code civil, le divorce par consentement mutuel est un type de divorce qui peut \u00eatre \u00ab demand\u00e9 conjointement par les \u00e9poux lorsqu\u2019ils s\u2019entendent sur la rupture du mariage et ses [&hellip;]<\/p>\n","protected":false},"author":1,"featured_media":0,"parent":0,"menu_order":0,"comment_status":"closed","ping_status":"closed","template":"","meta":{"_acf_changed":false,"inline_featured_image":false,"footnotes":""},"priorite":[],"class_list":["post-427","page","type-page","status-publish","hentry"],"acf":[],"yoast_head":"<!-- This site is optimized with the Yoast SEO plugin v27.3 - https:\/\/yoast.com\/product\/yoast-seo-wordpress\/ -->\n<title>Avocat divorce amiable sans juge \u00e0 Chantepie - Avocat Divorce<\/title>\n<meta name=\"description\" content=\"Divorcez \u00e0 l&#039;amiable et sans juge \u00e0 Chantepie (35) en 1 mois \u00e0 partir de 425\u20ac TTC. Contactez un Avocat divorce au \u260e 01.47.04.25.40 . Recevez un devis gratuit et imm\u00e9diat pour votre divorce. Cabinet Avocat GC. Divorce amiable - Divorce sans juge - Divorce par consentement mutuel\" \/>\n<meta name=\"robots\" content=\"index, follow, max-snippet:-1, max-image-preview:large, max-video-preview:-1\" \/>\n<link rel=\"canonical\" href=\"https:\/\/avocat-gc.com\/divorce\/avocat-divorce-amiable-sans-juge-chantepie\/\" \/>\n<meta property=\"og:locale\" content=\"fr_FR\" \/>\n<meta property=\"og:type\" content=\"article\" \/>\n<meta property=\"og:title\" content=\"Avocat divorce amiable sans juge \u00e0 Chantepie - Avocat Divorce\" \/>\n<meta property=\"og:description\" content=\"Divorcez \u00e0 l&#039;amiable et sans juge \u00e0 Chantepie (35) en 1 mois \u00e0 partir de 425\u20ac TTC. Contactez un Avocat divorce au \u260e 01.47.04.25.40 . Recevez un devis gratuit et imm\u00e9diat pour votre divorce. Cabinet Avocat GC. Divorce amiable - Divorce sans juge - Divorce par consentement mutuel\" \/>\n<meta property=\"og:url\" content=\"https:\/\/avocat-gc.com\/divorce\/avocat-divorce-amiable-sans-juge-chantepie\/\" \/>\n<meta property=\"og:site_name\" content=\"Avocat GC - Avocat Divorce\" \/>\n<meta name=\"twitter:card\" content=\"summary_large_image\" \/>\n<script type=\"application\/ld+json\" class=\"yoast-schema-graph\">{\"@context\":\"https:\\\/\\\/schema.org\",\"@graph\":[{\"@type\":\"WebPage\",\"@id\":\"https:\\\/\\\/avocat-gc.com\\\/divorce\\\/avocat-divorce-amiable-sans-juge-chantepie\\\/\",\"url\":\"https:\\\/\\\/avocat-gc.com\\\/divorce\\\/avocat-divorce-amiable-sans-juge-chantepie\\\/\",\"name\":\"Avocat divorce amiable sans juge \u00e0 Chantepie - Avocat Divorce\",\"isPartOf\":{\"@id\":\"https:\\\/\\\/avocat-gc.com\\\/divorce\\\/#website\"},\"datePublished\":\"2024-03-29T15:30:49+00:00\",\"description\":\"Divorcez \u00e0 l'amiable et sans juge \u00e0 Chantepie (35) en 1 mois \u00e0 partir de 425\u20ac TTC. Contactez un Avocat divorce au \u260e 01.47.04.25.40 . Recevez un devis gratuit et imm\u00e9diat pour votre divorce. Cabinet Avocat GC. Divorce amiable - Divorce sans juge - Divorce par consentement mutuel\",\"breadcrumb\":{\"@id\":\"https:\\\/\\\/avocat-gc.com\\\/divorce\\\/avocat-divorce-amiable-sans-juge-chantepie\\\/#breadcrumb\"},\"inLanguage\":\"fr-FR\",\"potentialAction\":[{\"@type\":\"ReadAction\",\"target\":[\"https:\\\/\\\/avocat-gc.com\\\/divorce\\\/avocat-divorce-amiable-sans-juge-chantepie\\\/\"]}]},{\"@type\":\"BreadcrumbList\",\"@id\":\"https:\\\/\\\/avocat-gc.com\\\/divorce\\\/avocat-divorce-amiable-sans-juge-chantepie\\\/#breadcrumb\",\"itemListElement\":[{\"@type\":\"ListItem\",\"position\":1,\"name\":\"Accueil\",\"item\":\"https:\\\/\\\/avocat-gc.com\\\/divorce\\\/\"},{\"@type\":\"ListItem\",\"position\":2,\"name\":\"Avocat divorce amiable sans juge \u00e0 Chantepie\"}]},{\"@type\":\"WebSite\",\"@id\":\"https:\\\/\\\/avocat-gc.com\\\/divorce\\\/#website\",\"url\":\"https:\\\/\\\/avocat-gc.com\\\/divorce\\\/\",\"name\":\"Avocat GC - Avocat Divorce\",\"description\":\"\",\"publisher\":{\"@id\":\"https:\\\/\\\/avocat-gc.com\\\/divorce\\\/#organization\"},\"potentialAction\":[{\"@type\":\"SearchAction\",\"target\":{\"@type\":\"EntryPoint\",\"urlTemplate\":\"https:\\\/\\\/avocat-gc.com\\\/divorce\\\/?s={search_term_string}\"},\"query-input\":{\"@type\":\"PropertyValueSpecification\",\"valueRequired\":true,\"valueName\":\"search_term_string\"}}],\"inLanguage\":\"fr-FR\"},{\"@type\":\"Organization\",\"@id\":\"https:\\\/\\\/avocat-gc.com\\\/divorce\\\/#organization\",\"name\":\"Avocat GC - Avocat Divorce\",\"url\":\"https:\\\/\\\/avocat-gc.com\\\/divorce\\\/\",\"logo\":{\"@type\":\"ImageObject\",\"inLanguage\":\"fr-FR\",\"@id\":\"https:\\\/\\\/avocat-gc.com\\\/divorce\\\/#\\\/schema\\\/logo\\\/image\\\/\",\"url\":\"https:\\\/\\\/avocat-gc.com\\\/divorce\\\/wp-content\\\/uploads\\\/2024\\\/04\\\/cropped-Sans-titre.png\",\"contentUrl\":\"https:\\\/\\\/avocat-gc.com\\\/divorce\\\/wp-content\\\/uploads\\\/2024\\\/04\\\/cropped-Sans-titre.png\",\"width\":200,\"height\":180,\"caption\":\"Avocat GC - Avocat Divorce\"},\"image\":{\"@id\":\"https:\\\/\\\/avocat-gc.com\\\/divorce\\\/#\\\/schema\\\/logo\\\/image\\\/\"}}]}<\/script>\n<!-- \/ Yoast SEO plugin. -->","yoast_head_json":{"title":"Avocat divorce amiable sans juge \u00e0 Chantepie - Avocat Divorce","description":"Divorcez \u00e0 l'amiable et sans juge \u00e0 Chantepie (35) en 1 mois \u00e0 partir de 425\u20ac TTC. Contactez un Avocat divorce au \u260e 01.47.04.25.40 . Recevez un devis gratuit et imm\u00e9diat pour votre divorce. Cabinet Avocat GC. Divorce amiable - Divorce sans juge - Divorce par consentement mutuel","robots":{"index":"index","follow":"follow","max-snippet":"max-snippet:-1","max-image-preview":"max-image-preview:large","max-video-preview":"max-video-preview:-1"},"canonical":"https:\/\/avocat-gc.com\/divorce\/avocat-divorce-amiable-sans-juge-chantepie\/","og_locale":"fr_FR","og_type":"article","og_title":"Avocat divorce amiable sans juge \u00e0 Chantepie - Avocat Divorce","og_description":"Divorcez \u00e0 l'amiable et sans juge \u00e0 Chantepie (35) en 1 mois \u00e0 partir de 425\u20ac TTC. Contactez un Avocat divorce au \u260e 01.47.04.25.40 . Recevez un devis gratuit et imm\u00e9diat pour votre divorce. Cabinet Avocat GC. Divorce amiable - Divorce sans juge - Divorce par consentement mutuel","og_url":"https:\/\/avocat-gc.com\/divorce\/avocat-divorce-amiable-sans-juge-chantepie\/","og_site_name":"Avocat GC - Avocat Divorce","twitter_card":"summary_large_image","schema":{"@context":"https:\/\/schema.org","@graph":[{"@type":"WebPage","@id":"https:\/\/avocat-gc.com\/divorce\/avocat-divorce-amiable-sans-juge-chantepie\/","url":"https:\/\/avocat-gc.com\/divorce\/avocat-divorce-amiable-sans-juge-chantepie\/","name":"Avocat divorce amiable sans juge \u00e0 Chantepie - Avocat Divorce","isPartOf":{"@id":"https:\/\/avocat-gc.com\/divorce\/#website"},"datePublished":"2024-03-29T15:30:49+00:00","description":"Divorcez \u00e0 l'amiable et sans juge \u00e0 Chantepie (35) en 1 mois \u00e0 partir de 425\u20ac TTC. Contactez un Avocat divorce au \u260e 01.47.04.25.40 . Recevez un devis gratuit et imm\u00e9diat pour votre divorce. Cabinet Avocat GC. Divorce amiable - Divorce sans juge - Divorce par consentement mutuel","breadcrumb":{"@id":"https:\/\/avocat-gc.com\/divorce\/avocat-divorce-amiable-sans-juge-chantepie\/#breadcrumb"},"inLanguage":"fr-FR","potentialAction":[{"@type":"ReadAction","target":["https:\/\/avocat-gc.com\/divorce\/avocat-divorce-amiable-sans-juge-chantepie\/"]}]},{"@type":"BreadcrumbList","@id":"https:\/\/avocat-gc.com\/divorce\/avocat-divorce-amiable-sans-juge-chantepie\/#breadcrumb","itemListElement":[{"@type":"ListItem","position":1,"name":"Accueil","item":"https:\/\/avocat-gc.com\/divorce\/"},{"@type":"ListItem","position":2,"name":"Avocat divorce amiable sans juge \u00e0 Chantepie"}]},{"@type":"WebSite","@id":"https:\/\/avocat-gc.com\/divorce\/#website","url":"https:\/\/avocat-gc.com\/divorce\/","name":"Avocat GC - Avocat Divorce","description":"","publisher":{"@id":"https:\/\/avocat-gc.com\/divorce\/#organization"},"potentialAction":[{"@type":"SearchAction","target":{"@type":"EntryPoint","urlTemplate":"https:\/\/avocat-gc.com\/divorce\/?s={search_term_string}"},"query-input":{"@type":"PropertyValueSpecification","valueRequired":true,"valueName":"search_term_string"}}],"inLanguage":"fr-FR"},{"@type":"Organization","@id":"https:\/\/avocat-gc.com\/divorce\/#organization","name":"Avocat GC - Avocat Divorce","url":"https:\/\/avocat-gc.com\/divorce\/","logo":{"@type":"ImageObject","inLanguage":"fr-FR","@id":"https:\/\/avocat-gc.com\/divorce\/#\/schema\/logo\/image\/","url":"https:\/\/avocat-gc.com\/divorce\/wp-content\/uploads\/2024\/04\/cropped-Sans-titre.png","contentUrl":"https:\/\/avocat-gc.com\/divorce\/wp-content\/uploads\/2024\/04\/cropped-Sans-titre.png","width":200,"height":180,"caption":"Avocat GC - Avocat Divorce"},"image":{"@id":"https:\/\/avocat-gc.com\/divorce\/#\/schema\/logo\/image\/"}}]}},"_links":{"self":[{"href":"https:\/\/avocat-gc.com\/divorce\/wp-json\/wp\/v2\/pages\/427","targetHints":{"allow":["GET"]}}],"collection":[{"href":"https:\/\/avocat-gc.com\/divorce\/wp-json\/wp\/v2\/pages"}],"about":[{"href":"https:\/\/avocat-gc.com\/divorce\/wp-json\/wp\/v2\/types\/page"}],"author":[{"embeddable":true,"href":"https:\/\/avocat-gc.com\/divorce\/wp-json\/wp\/v2\/users\/1"}],"replies":[{"embeddable":true,"href":"https:\/\/avocat-gc.com\/divorce\/wp-json\/wp\/v2\/comments?post=427"}],"version-history":[{"count":0,"href":"https:\/\/avocat-gc.com\/divorce\/wp-json\/wp\/v2\/pages\/427\/revisions"}],"wp:attachment":[{"href":"https:\/\/avocat-gc.com\/divorce\/wp-json\/wp\/v2\/media?parent=427"}],"wp:term":[{"taxonomy":"priorite","embeddable":true,"href":"https:\/\/avocat-gc.com\/divorce\/wp-json\/wp\/v2\/priorite?post=427"}],"curies":[{"name":"wp","href":"https:\/\/api.w.org\/{rel}","templated":true}]}}