{"id":406,"date":"2024-03-29T15:30:47","date_gmt":"2024-03-29T15:30:47","guid":{"rendered":"https:\/\/avocat-gc.com\/divorce\/avocat-divorce-amiable-sans-juge-chalonnes-sur-loire\/"},"modified":"2024-03-29T15:30:47","modified_gmt":"2024-03-29T15:30:47","slug":"avocat-divorce-amiable-sans-juge-chalonnes-sur-loire","status":"publish","type":"page","link":"https:\/\/avocat-gc.com\/divorce\/avocat-divorce-amiable-sans-juge-chalonnes-sur-loire\/","title":{"rendered":"Avocat divorce amiable sans juge \u00e0 Chalonnes-sur-Loire"},"content":{"rendered":"<\/p>\n<p>Avocat divorce amiable sans juge \u00e0 Chalonnes-sur-Loire<a href=\"http:\/\/avocat-gc.com\/divorce\/avocat-divorce\/chalonnes-sur-loire\/\" rel=\"nofollow noopener\" target=\"_parent\">\u25c4 Avocat divorce \u00e0 Chalonnes-sur-Loire (49)<\/a><\/p>\n<h2>DIVORCE SANS JUGE \u00c0 CHALONNES-SUR-LOIRE (49)<\/h2>\n<\/p>\n<p class=\"img-left\"><img decoding=\"async\" alt=\"Avocat Divorce Amiable Chalonnes-sur-Loire (49)\" title=\"Avocat Divorce Amiable Chalonnes-sur-Loire (49)\" width=\"170\" border=\"2\" src=\"\/divorce\/wp-content\/uploads\/2024\/04\/avocat-divorce-amiable-paris.jpg\" \/><\/p>\n<p align=\"justify\">\nLe cabinet d\u2019avocats GUEGUEN-CARROLL vous propose de vous assister pour votre <a href=\"http:\/\/avocat-gc.com\/divorce\/avocat-divorce\/chalonnes-sur-loire\/\" rel=\"nofollow noopener\" target=\"_parent\">divorce sans juge \u00e0 Chalonnes-sur-Loire (49)<\/a>, plus commun\u00e9ment appel\u00e9 \u00ab divorce \u00e0 l\u2019amiable \u00bb.<a href=\"\/divorce\/definitions\/procedure\/\" rel=\"nofollow noopener\" title=\"\" target=\"\">Cette proc\u00e9dure <\/a>est consid\u00e9r\u00e9e comme simple, rapide, et \u00e9conomique.Il est, cependant, n\u00e9cessaire que les \u00e9poux trouvent un accord sur chaque point du divorce: sort des biens communs, garde des enfants, <a href=\"\/divorce\/definitions\/pension-alimentaire\/\" rel=\"nofollow noopener\" title=\"\" target=\"\">pension alimentaire <\/a>etc&#8230; Ces points sont \u00e9num\u00e9r\u00e9s dans une <a href=\"http:\/\/avocat-gc.com\/divorce\/convention-de-divorce\/\" rel=\"nofollow noopener\" title=\"\" target=\"\">convention de divorce<\/a>, r\u00e9dig\u00e9e lors d&rsquo;un entretien avec notre cabinet d&rsquo;avocats, experiment\u00e9\u00a0en divorce. Le projet de convention vous est ensuite envoy\u00e9 \u00e0 votre domicile en courrier recommand\u00e9 avec accus\u00e9 de r\u00e9ception.Vous disposerez alors d&rsquo;un d\u00e9lai de 15 jours pour signer la convention qui sera ensuite transmise au notaire afin qu&rsquo;il enregistre votre divorce. Pour vous faciliter les d\u00e9marches administratives, nous nous chargeons des d\u00e9marches administratives afin que votre divorce apparaisse sur vos actes d&rsquo;\u00e9tat civil. Si tout d\u00e9saccord venait \u00e0 surgir concernant la convention de divorce, il faudrait alors s&rsquo;engager dans une proc\u00e9dure de divorce contentieux qui n\u00e9cessite une audience devant le<a href=\"\/divorce\/definitions\/juge-aux-affaires-familiales\/\" rel=\"nofollow noopener\" title=\"\" target=\"\"> Juge aux Affaires Familiales<\/a>.Si vous souhaitez en savoir davantage sur le divorce sans juge, veuillez consulter notre page:\n<\/p>\n<\/p>\n<p><a href=\"\/divorce\/divorce-sans-juge\/\" rel=\"nofollow noopener\" target=\"_parent\"> \u25ba AVOCAT DIVORCE SANS JUGE <\/a><\/p>\n<h3>Articles li\u00e9s<\/h3>\n<p><a href=\"\/divorce\/articles\/les-mentions-obligatoires-dans-votre-convention-de-divorce\/\" rel=\"nofollow noopener\" title=\"\" target=\"_parent\">Les mentions dans votre convention de divorce<\/a><br \/>\n<a href=\"\/divorce\/articles\/peut-contester-un-divorce-par-consentement-mutuel\/\" rel=\"nofollow noopener\" title=\"\" target=\"_parent\">Comment divorcer \u00e0 l&rsquo;amiable ?<\/a><br \/>\n<a href=\"\/divorce\/articles\/comment-beneficier-de-laide-juridictionnelle\/\" rel=\"nofollow noopener\" title=\"\" target=\"_parent\">Comment b\u00e9n\u00e9ficier de l&rsquo;aide juridictionnelle ?<\/a><\/p>\n<p>\u25ba A T\u00c9L\u00c9CHARGER: <a href=\"\/divorce\/divorce-sans-juge\/convention-chalonnes-sur-loire\/\" rel=\"nofollow\">Mod\u00e8le de convention de divorce sans juge \u00e0 Chalonnes-sur-Loire (49)<\/a><\/p>\n<h3>Divorce sans juge &#8211; les tarifs<\/h3>\n<p align=\"justify\">Le divorce par consentement mutuel est le plus r\u00e9pandu en France. Ce divorce simple, \u00e9conomique et rapide permet aux \u00e9poux de divorcer en un mois seulement. Nos avocats s&rsquo;occupent de votre divorce, quel que soit votre d\u00e9partement de r\u00e9sidence. Pour connaitre les tarifs d&rsquo;une proc\u00e9dure de divorce sans juge \u00e0 Chalonnes-sur-Loire (49), veuillez remplir le devis ci-apr\u00e8s<\/p>\n<\/p>\n<p><a href=\"\/divorce\/avocat-divorce-10-ans-dexperience\/\" rel=\"nofollow noopener\" target=\"_parent\"><\/a><a href=\"\/divorce\/avocat-divorce-10-ans-dexperience\/\" rel=\"nofollow noopener\" target=\"_parent\">\u25ba DEVIS: AVOCAT DIVORCE SANS JUGE \u00c0 CHALONNES-SUR-LOIRE<\/a><\/p>\n<p> J&rsquo;INTERVIENS DANS TOUTE LA FRANCE <a href=\"http:\/\/avocat-gc.com\/divorce\/avocat-divorce\/paris\/\" rel=\"nofollow noopener\" title=\"\" target=\"_parent\">Notre cabinet \u00e0 Paris<\/a> : 42 Rue de L\u00fcbeck, 75116 Paris 01 47 04 25 40<\/p>\n","protected":false},"excerpt":{"rendered":"<p>Avocat divorce amiable sans juge \u00e0 Chalonnes-sur-Loire\u25c4 Avocat divorce \u00e0 Chalonnes-sur-Loire (49) DIVORCE SANS JUGE \u00c0 CHALONNES-SUR-LOIRE (49) Le cabinet d\u2019avocats GUEGUEN-CARROLL vous propose de vous assister pour votre divorce sans juge \u00e0 Chalonnes-sur-Loire (49), plus commun\u00e9ment appel\u00e9 \u00ab divorce \u00e0 l\u2019amiable \u00bb.Cette proc\u00e9dure est consid\u00e9r\u00e9e comme simple, rapide, et \u00e9conomique.Il est, cependant, n\u00e9cessaire que [&hellip;]<\/p>\n","protected":false},"author":1,"featured_media":0,"parent":0,"menu_order":0,"comment_status":"closed","ping_status":"closed","template":"","meta":{"_acf_changed":false,"inline_featured_image":false,"footnotes":""},"priorite":[],"class_list":["post-406","page","type-page","status-publish","hentry"],"acf":[],"yoast_head":"<!-- This site is optimized with the Yoast SEO plugin v27.3 - https:\/\/yoast.com\/product\/yoast-seo-wordpress\/ -->\n<title>Avocat divorce amiable sans juge \u00e0 Chalonnes-sur-Loire - Avocat Divorce<\/title>\n<meta name=\"description\" content=\"Divorcez \u00e0 l&#039;amiable et sans juge \u00e0 Chalonnes-sur-Loire (49) en 1 mois \u00e0 partir de 425\u20ac TTC. Contactez un Avocat divorce au \u260e 01.47.04.25.40 . Recevez un devis gratuit et imm\u00e9diat pour votre divorce. Cabinet Gueguen-Carroll. Divorce amiable - Divorce sans juge - Divorce par consentement mutuel\" \/>\n<meta name=\"robots\" content=\"index, follow, max-snippet:-1, max-image-preview:large, max-video-preview:-1\" \/>\n<link rel=\"canonical\" href=\"https:\/\/avocat-gc.com\/divorce\/avocat-divorce-amiable-sans-juge-chalonnes-sur-loire\/\" \/>\n<meta property=\"og:locale\" content=\"fr_FR\" \/>\n<meta property=\"og:type\" content=\"article\" \/>\n<meta property=\"og:title\" content=\"Avocat divorce amiable sans juge \u00e0 Chalonnes-sur-Loire - Avocat Divorce\" \/>\n<meta property=\"og:description\" content=\"Divorcez \u00e0 l&#039;amiable et sans juge \u00e0 Chalonnes-sur-Loire (49) en 1 mois \u00e0 partir de 425\u20ac TTC. Contactez un Avocat divorce au \u260e 01.47.04.25.40 . Recevez un devis gratuit et imm\u00e9diat pour votre divorce. Cabinet Gueguen-Carroll. Divorce amiable - Divorce sans juge - Divorce par consentement mutuel\" \/>\n<meta property=\"og:url\" content=\"https:\/\/avocat-gc.com\/divorce\/avocat-divorce-amiable-sans-juge-chalonnes-sur-loire\/\" \/>\n<meta property=\"og:site_name\" content=\"Avocat GC - Avocat Divorce\" \/>\n<meta name=\"twitter:card\" content=\"summary_large_image\" \/>\n<script type=\"application\/ld+json\" class=\"yoast-schema-graph\">{\"@context\":\"https:\\\/\\\/schema.org\",\"@graph\":[{\"@type\":\"WebPage\",\"@id\":\"https:\\\/\\\/avocat-gc.com\\\/divorce\\\/avocat-divorce-amiable-sans-juge-chalonnes-sur-loire\\\/\",\"url\":\"https:\\\/\\\/avocat-gc.com\\\/divorce\\\/avocat-divorce-amiable-sans-juge-chalonnes-sur-loire\\\/\",\"name\":\"Avocat divorce amiable sans juge \u00e0 Chalonnes-sur-Loire - Avocat Divorce\",\"isPartOf\":{\"@id\":\"https:\\\/\\\/avocat-gc.com\\\/divorce\\\/#website\"},\"datePublished\":\"2024-03-29T15:30:47+00:00\",\"description\":\"Divorcez \u00e0 l'amiable et sans juge \u00e0 Chalonnes-sur-Loire (49) en 1 mois \u00e0 partir de 425\u20ac TTC. Contactez un Avocat divorce au \u260e 01.47.04.25.40 . Recevez un devis gratuit et imm\u00e9diat pour votre divorce. Cabinet Gueguen-Carroll. Divorce amiable - Divorce sans juge - Divorce par consentement mutuel\",\"breadcrumb\":{\"@id\":\"https:\\\/\\\/avocat-gc.com\\\/divorce\\\/avocat-divorce-amiable-sans-juge-chalonnes-sur-loire\\\/#breadcrumb\"},\"inLanguage\":\"fr-FR\",\"potentialAction\":[{\"@type\":\"ReadAction\",\"target\":[\"https:\\\/\\\/avocat-gc.com\\\/divorce\\\/avocat-divorce-amiable-sans-juge-chalonnes-sur-loire\\\/\"]}]},{\"@type\":\"BreadcrumbList\",\"@id\":\"https:\\\/\\\/avocat-gc.com\\\/divorce\\\/avocat-divorce-amiable-sans-juge-chalonnes-sur-loire\\\/#breadcrumb\",\"itemListElement\":[{\"@type\":\"ListItem\",\"position\":1,\"name\":\"Accueil\",\"item\":\"https:\\\/\\\/avocat-gc.com\\\/divorce\\\/\"},{\"@type\":\"ListItem\",\"position\":2,\"name\":\"Avocat divorce amiable sans juge \u00e0 Chalonnes-sur-Loire\"}]},{\"@type\":\"WebSite\",\"@id\":\"https:\\\/\\\/avocat-gc.com\\\/divorce\\\/#website\",\"url\":\"https:\\\/\\\/avocat-gc.com\\\/divorce\\\/\",\"name\":\"Avocat GC - Avocat Divorce\",\"description\":\"\",\"publisher\":{\"@id\":\"https:\\\/\\\/avocat-gc.com\\\/divorce\\\/#organization\"},\"potentialAction\":[{\"@type\":\"SearchAction\",\"target\":{\"@type\":\"EntryPoint\",\"urlTemplate\":\"https:\\\/\\\/avocat-gc.com\\\/divorce\\\/?s={search_term_string}\"},\"query-input\":{\"@type\":\"PropertyValueSpecification\",\"valueRequired\":true,\"valueName\":\"search_term_string\"}}],\"inLanguage\":\"fr-FR\"},{\"@type\":\"Organization\",\"@id\":\"https:\\\/\\\/avocat-gc.com\\\/divorce\\\/#organization\",\"name\":\"Avocat GC - Avocat Divorce\",\"url\":\"https:\\\/\\\/avocat-gc.com\\\/divorce\\\/\",\"logo\":{\"@type\":\"ImageObject\",\"inLanguage\":\"fr-FR\",\"@id\":\"https:\\\/\\\/avocat-gc.com\\\/divorce\\\/#\\\/schema\\\/logo\\\/image\\\/\",\"url\":\"https:\\\/\\\/avocat-gc.com\\\/divorce\\\/wp-content\\\/uploads\\\/2024\\\/04\\\/cropped-Sans-titre.png\",\"contentUrl\":\"https:\\\/\\\/avocat-gc.com\\\/divorce\\\/wp-content\\\/uploads\\\/2024\\\/04\\\/cropped-Sans-titre.png\",\"width\":200,\"height\":180,\"caption\":\"Avocat GC - Avocat Divorce\"},\"image\":{\"@id\":\"https:\\\/\\\/avocat-gc.com\\\/divorce\\\/#\\\/schema\\\/logo\\\/image\\\/\"}}]}<\/script>\n<!-- \/ Yoast SEO plugin. -->","yoast_head_json":{"title":"Avocat divorce amiable sans juge \u00e0 Chalonnes-sur-Loire - Avocat Divorce","description":"Divorcez \u00e0 l'amiable et sans juge \u00e0 Chalonnes-sur-Loire (49) en 1 mois \u00e0 partir de 425\u20ac TTC. Contactez un Avocat divorce au \u260e 01.47.04.25.40 . Recevez un devis gratuit et imm\u00e9diat pour votre divorce. Cabinet Gueguen-Carroll. Divorce amiable - Divorce sans juge - Divorce par consentement mutuel","robots":{"index":"index","follow":"follow","max-snippet":"max-snippet:-1","max-image-preview":"max-image-preview:large","max-video-preview":"max-video-preview:-1"},"canonical":"https:\/\/avocat-gc.com\/divorce\/avocat-divorce-amiable-sans-juge-chalonnes-sur-loire\/","og_locale":"fr_FR","og_type":"article","og_title":"Avocat divorce amiable sans juge \u00e0 Chalonnes-sur-Loire - Avocat Divorce","og_description":"Divorcez \u00e0 l'amiable et sans juge \u00e0 Chalonnes-sur-Loire (49) en 1 mois \u00e0 partir de 425\u20ac TTC. Contactez un Avocat divorce au \u260e 01.47.04.25.40 . Recevez un devis gratuit et imm\u00e9diat pour votre divorce. Cabinet Gueguen-Carroll. Divorce amiable - Divorce sans juge - Divorce par consentement mutuel","og_url":"https:\/\/avocat-gc.com\/divorce\/avocat-divorce-amiable-sans-juge-chalonnes-sur-loire\/","og_site_name":"Avocat GC - Avocat Divorce","twitter_card":"summary_large_image","schema":{"@context":"https:\/\/schema.org","@graph":[{"@type":"WebPage","@id":"https:\/\/avocat-gc.com\/divorce\/avocat-divorce-amiable-sans-juge-chalonnes-sur-loire\/","url":"https:\/\/avocat-gc.com\/divorce\/avocat-divorce-amiable-sans-juge-chalonnes-sur-loire\/","name":"Avocat divorce amiable sans juge \u00e0 Chalonnes-sur-Loire - Avocat Divorce","isPartOf":{"@id":"https:\/\/avocat-gc.com\/divorce\/#website"},"datePublished":"2024-03-29T15:30:47+00:00","description":"Divorcez \u00e0 l'amiable et sans juge \u00e0 Chalonnes-sur-Loire (49) en 1 mois \u00e0 partir de 425\u20ac TTC. Contactez un Avocat divorce au \u260e 01.47.04.25.40 . Recevez un devis gratuit et imm\u00e9diat pour votre divorce. Cabinet Gueguen-Carroll. Divorce amiable - Divorce sans juge - Divorce par consentement mutuel","breadcrumb":{"@id":"https:\/\/avocat-gc.com\/divorce\/avocat-divorce-amiable-sans-juge-chalonnes-sur-loire\/#breadcrumb"},"inLanguage":"fr-FR","potentialAction":[{"@type":"ReadAction","target":["https:\/\/avocat-gc.com\/divorce\/avocat-divorce-amiable-sans-juge-chalonnes-sur-loire\/"]}]},{"@type":"BreadcrumbList","@id":"https:\/\/avocat-gc.com\/divorce\/avocat-divorce-amiable-sans-juge-chalonnes-sur-loire\/#breadcrumb","itemListElement":[{"@type":"ListItem","position":1,"name":"Accueil","item":"https:\/\/avocat-gc.com\/divorce\/"},{"@type":"ListItem","position":2,"name":"Avocat divorce amiable sans juge \u00e0 Chalonnes-sur-Loire"}]},{"@type":"WebSite","@id":"https:\/\/avocat-gc.com\/divorce\/#website","url":"https:\/\/avocat-gc.com\/divorce\/","name":"Avocat GC - Avocat Divorce","description":"","publisher":{"@id":"https:\/\/avocat-gc.com\/divorce\/#organization"},"potentialAction":[{"@type":"SearchAction","target":{"@type":"EntryPoint","urlTemplate":"https:\/\/avocat-gc.com\/divorce\/?s={search_term_string}"},"query-input":{"@type":"PropertyValueSpecification","valueRequired":true,"valueName":"search_term_string"}}],"inLanguage":"fr-FR"},{"@type":"Organization","@id":"https:\/\/avocat-gc.com\/divorce\/#organization","name":"Avocat GC - Avocat Divorce","url":"https:\/\/avocat-gc.com\/divorce\/","logo":{"@type":"ImageObject","inLanguage":"fr-FR","@id":"https:\/\/avocat-gc.com\/divorce\/#\/schema\/logo\/image\/","url":"https:\/\/avocat-gc.com\/divorce\/wp-content\/uploads\/2024\/04\/cropped-Sans-titre.png","contentUrl":"https:\/\/avocat-gc.com\/divorce\/wp-content\/uploads\/2024\/04\/cropped-Sans-titre.png","width":200,"height":180,"caption":"Avocat GC - Avocat Divorce"},"image":{"@id":"https:\/\/avocat-gc.com\/divorce\/#\/schema\/logo\/image\/"}}]}},"_links":{"self":[{"href":"https:\/\/avocat-gc.com\/divorce\/wp-json\/wp\/v2\/pages\/406","targetHints":{"allow":["GET"]}}],"collection":[{"href":"https:\/\/avocat-gc.com\/divorce\/wp-json\/wp\/v2\/pages"}],"about":[{"href":"https:\/\/avocat-gc.com\/divorce\/wp-json\/wp\/v2\/types\/page"}],"author":[{"embeddable":true,"href":"https:\/\/avocat-gc.com\/divorce\/wp-json\/wp\/v2\/users\/1"}],"replies":[{"embeddable":true,"href":"https:\/\/avocat-gc.com\/divorce\/wp-json\/wp\/v2\/comments?post=406"}],"version-history":[{"count":0,"href":"https:\/\/avocat-gc.com\/divorce\/wp-json\/wp\/v2\/pages\/406\/revisions"}],"wp:attachment":[{"href":"https:\/\/avocat-gc.com\/divorce\/wp-json\/wp\/v2\/media?parent=406"}],"wp:term":[{"taxonomy":"priorite","embeddable":true,"href":"https:\/\/avocat-gc.com\/divorce\/wp-json\/wp\/v2\/priorite?post=406"}],"curies":[{"name":"wp","href":"https:\/\/api.w.org\/{rel}","templated":true}]}}