{"id":395,"date":"2024-03-29T15:30:47","date_gmt":"2024-03-29T15:30:47","guid":{"rendered":"https:\/\/avocat-gc.com\/divorce\/avocat-divorce-amiable-sans-juge-cergy-95\/"},"modified":"2024-03-29T15:30:47","modified_gmt":"2024-03-29T15:30:47","slug":"avocat-divorce-amiable-sans-juge-cergy-95","status":"publish","type":"page","link":"https:\/\/avocat-gc.com\/divorce\/avocat-divorce-amiable-sans-juge-cergy-95\/","title":{"rendered":"Avocat divorce amiable sans juge \u00e0 Cergy (95)"},"content":{"rendered":"<p><a href=\"\/divorce\/avocat-divorce\/cergy\/\" rel=\"nofollow\">\u25c4 Avocat divorce \u00e0 Cergy (95)<\/a><\/p>\n<h2>DIVORCEZ SANS JUGE \u00c0 CERGY (95)<\/h2>\n<\/p>\n<p class=\"img-left\"><img decoding=\"async\" alt=\"Avocat Divorce Amiable sans juge Cergy (95)\" title=\"Avocat Divorce Amiable sans juge Cergy (95) \" width=\"170\" border=\"2\" src=\"\/divorce\/wp-content\/uploads\/2024\/04\/avocat-divorce-amiable-paris.jpg\" \/><\/p>\n<p align=\"justify\">Depuis la nouvelle proc\u00e9dure du\u00a0<a href=\"\/divorce\/divorce-amiable\/\" rel=\"nofollow noopener\" title=\"\" target=\"_parent\" style=\"font-weight: bold;\">divorce \u00e0 l\u2019amiable<\/a>, divorce sans juge est devenu\u00a0simple, rapide et \u00e9conomique. Notre \u00e9quipe met tout en oeuvre pour vous divorcer dans un d\u00e9lai g\u00e9n\u00e9ral d&rsquo;un mois seulement.Avant de se lancer dans un <a href=\"\/divorce\/avocat-divorce\/cergy\/\" rel=\"nofollow\">divorce sans juge \u00e0 Cergy (95)<\/a>, il est n\u00e9cessaire que les deux \u00e9poux s&rsquo;entendent sur tous les effets du divorce : la liquidation du r\u00e9gime matrimonial, la garde des enfants, la pension alimentaire, ou  la prestation compensatoire. Lorsque toutes les conditions sont remplies, votre\u00a0<a href=\"\/divorce\/convention-de-divorce\/\" rel=\"nofollow noopener\" title=\"\" target=\"\">convention de divorce<\/a>\u00a0est r\u00e9dig\u00e9e. Ce papier r\u00e8gle toutes les cons\u00e9quences et effets du divorce par consentement mutuel. Ensuite, le projet de convention vous est transmis par courrier postal en recommand\u00e9 avec accus\u00e9 de r\u00e9ceptionLes \u00e9poux ont, par la suite, un d\u00e9lai de 15 jours avant de signer le projet de convention ou se r\u00e9tracter. Attention, toute m\u00e9sentente ne permet plus de divorcer sans juge. Les papiers seront ensuite transmis par nos soins au notaire qui enregistrera votre divorce en lui donnant<a href=\"\/divorce\/definitions\/force-executoire\/\" title=\"\" target=\"\" rel=\"noopener\"> force \u00e9xecutoire<\/a> et date certaine.Le divorce est alors effectif \u00e0 ce moment.Si tout d\u00e9saccord venait \u00e0 surgir durant la proc\u00e9dure de divorce sans juge, il faudrait alors s&rsquo;engager dans une proc\u00e9dure de divorce contentieuse qui n\u00e9cessite une audience devant le<a href=\"\/divorce\/definitions\/juge-aux-affaires-familiales\/\" rel=\"nofollow noopener\" title=\"\" target=\"\"> Juge aux Affaires Familiales<\/a>.Si vous souhaitez en savoir davantage sur le divorce sans juge, veuillez consulter notre page:\n<\/p>\n<\/p>\n<p><a href=\"\/divorce\/divorce-sans-juge\/\" rel=\"nofollow noopener\" target=\"_parent\"> \u25ba AVOCAT DIVORCE SANS JUGE <\/a><\/p>\n<h3>Articles li\u00e9s<\/h3>\n<p><a href=\"\/divorce\/articles\/quand-est-divorce-dans-la-nouvelle-procedure-de-divorce-sans-juge\/\" rel=\"nofollow noopener\" title=\"\" target=\"_parent\">Quand est-on r\u00e9ellement divorc\u00e9s dans le divorce sans juge?<\/a><br \/>\n<a href=\"\/divorce\/articles\/les-etapes-suivre-pour-quitter-le-domicile-conjugal\/\" rel=\"nofollow noopener\" title=\"\" target=\"_parent\">Les \u00e9tapes \u00e0 suivre pour quitter le domicile conjugal<\/a><br \/>\n<a href=\"\/divorce\/articles\/les-avantages-du-divorce-sans-juge\/\" rel=\"nofollow noopener\" title=\"\" target=\"_parent\">Les avantages du divorce sans juge <\/a><\/p>\n<p>\u25ba A T\u00c9L\u00c9CHARGER: <a href=\"\/divorce\/divorce-sans-juge\/convention-cergy\/\" rel=\"nofollow\">Mod\u00e8le de convention de divorce sans juge \u00e0 Cergy<\/a><\/p>\n<h3>Divorce sans juge &#8211; les tarifs<\/h3>\n<p align=\"justify\">Le divorce par consentement mutuel est devenu simple et rapide. Ce divorce permet aux \u00e9poux de divorcer en un mois seulement, aupr\u00e8s de vos avocats. Notre avocat s&rsquo;occupe de votre divorce, quel que soit votre d\u00e9partement de r\u00e9sidence. Pour connaitre les tarifs d&rsquo;un divorce sans juge \u00e0 Cergy (95), veuillez suivre le lien ci-apr\u00e8s:<\/p>\n<\/p>\n<p><a href=\"\/divorce\/avocat-divorce-10-ans-dexperience\/\" rel=\"nofollow noopener\" target=\"_parent\">\u25ba DEVIS: AVOCAT DIVORCE \u00c0 CERGY (95)<\/a> J&rsquo;INTERVIENS DANS TOUTE LA FRANCE <a href=\"http:\/\/avocat-gc.com\/divorce\/avocat-divorce\/paris\/\" rel=\"nofollow noopener\" title=\"\" target=\"_parent\">Notre cabinet \u00e0 Paris<\/a> : 42 Rue de L\u00fcbeck, 75116 Paris 01 47 04 25 40<\/p>\n","protected":false},"excerpt":{"rendered":"<p>\u25c4 Avocat divorce \u00e0 Cergy (95) DIVORCEZ SANS JUGE \u00c0 CERGY (95) Depuis la nouvelle proc\u00e9dure du\u00a0divorce \u00e0 l\u2019amiable, divorce sans juge est devenu\u00a0simple, rapide et \u00e9conomique. Notre \u00e9quipe met tout en oeuvre pour vous divorcer dans un d\u00e9lai g\u00e9n\u00e9ral d&rsquo;un mois seulement.Avant de se lancer dans un divorce sans juge \u00e0 Cergy (95), il [&hellip;]<\/p>\n","protected":false},"author":1,"featured_media":0,"parent":0,"menu_order":0,"comment_status":"closed","ping_status":"closed","template":"","meta":{"_acf_changed":false,"inline_featured_image":false,"footnotes":""},"priorite":[],"class_list":["post-395","page","type-page","status-publish","hentry"],"acf":[],"yoast_head":"<!-- This site is optimized with the Yoast SEO plugin v27.6 - https:\/\/yoast.com\/product\/yoast-seo-wordpress\/ -->\n<title>Avocat divorce amiable sans juge \u00e0 Cergy (95) - Avocat Divorce<\/title>\n<meta name=\"description\" content=\"Divocez sans juge \u00e0 Cergy (95) en 1 mois. Recevez un devis gratuit et imm\u00e9diat pour votre divorce par consentement mutuel.\" \/>\n<meta name=\"robots\" content=\"index, follow, max-snippet:-1, max-image-preview:large, max-video-preview:-1\" \/>\n<link rel=\"canonical\" href=\"https:\/\/avocat-gc.com\/divorce\/avocat-divorce-amiable-sans-juge-cergy-95\/\" \/>\n<meta property=\"og:locale\" content=\"fr_FR\" \/>\n<meta property=\"og:type\" content=\"article\" \/>\n<meta property=\"og:title\" content=\"Avocat divorce amiable sans juge \u00e0 Cergy (95) - Avocat Divorce\" \/>\n<meta property=\"og:description\" content=\"Divocez sans juge \u00e0 Cergy (95) en 1 mois. Recevez un devis gratuit et imm\u00e9diat pour votre divorce par consentement mutuel.\" \/>\n<meta property=\"og:url\" content=\"https:\/\/avocat-gc.com\/divorce\/avocat-divorce-amiable-sans-juge-cergy-95\/\" \/>\n<meta property=\"og:site_name\" content=\"Avocat GC - Avocat Divorce\" \/>\n<meta name=\"twitter:card\" content=\"summary_large_image\" \/>\n<script type=\"application\/ld+json\" class=\"yoast-schema-graph\">{\"@context\":\"https:\\\/\\\/schema.org\",\"@graph\":[{\"@type\":\"WebPage\",\"@id\":\"https:\\\/\\\/avocat-gc.com\\\/divorce\\\/avocat-divorce-amiable-sans-juge-cergy-95\\\/\",\"url\":\"https:\\\/\\\/avocat-gc.com\\\/divorce\\\/avocat-divorce-amiable-sans-juge-cergy-95\\\/\",\"name\":\"Avocat divorce amiable sans juge \u00e0 Cergy (95) - Avocat Divorce\",\"isPartOf\":{\"@id\":\"https:\\\/\\\/avocat-gc.com\\\/divorce\\\/#website\"},\"datePublished\":\"2024-03-29T15:30:47+00:00\",\"description\":\"Divocez sans juge \u00e0 Cergy (95) en 1 mois. Recevez un devis gratuit et imm\u00e9diat pour votre divorce par consentement mutuel.\",\"breadcrumb\":{\"@id\":\"https:\\\/\\\/avocat-gc.com\\\/divorce\\\/avocat-divorce-amiable-sans-juge-cergy-95\\\/#breadcrumb\"},\"inLanguage\":\"fr-FR\",\"potentialAction\":[{\"@type\":\"ReadAction\",\"target\":[\"https:\\\/\\\/avocat-gc.com\\\/divorce\\\/avocat-divorce-amiable-sans-juge-cergy-95\\\/\"]}]},{\"@type\":\"BreadcrumbList\",\"@id\":\"https:\\\/\\\/avocat-gc.com\\\/divorce\\\/avocat-divorce-amiable-sans-juge-cergy-95\\\/#breadcrumb\",\"itemListElement\":[{\"@type\":\"ListItem\",\"position\":1,\"name\":\"Accueil\",\"item\":\"https:\\\/\\\/avocat-gc.com\\\/divorce\\\/\"},{\"@type\":\"ListItem\",\"position\":2,\"name\":\"Avocat divorce amiable sans juge \u00e0 Cergy (95)\"}]},{\"@type\":\"WebSite\",\"@id\":\"https:\\\/\\\/avocat-gc.com\\\/divorce\\\/#website\",\"url\":\"https:\\\/\\\/avocat-gc.com\\\/divorce\\\/\",\"name\":\"Avocat GC - Avocat Divorce\",\"description\":\"\",\"publisher\":{\"@id\":\"https:\\\/\\\/avocat-gc.com\\\/divorce\\\/#organization\"},\"potentialAction\":[{\"@type\":\"SearchAction\",\"target\":{\"@type\":\"EntryPoint\",\"urlTemplate\":\"https:\\\/\\\/avocat-gc.com\\\/divorce\\\/?s={search_term_string}\"},\"query-input\":{\"@type\":\"PropertyValueSpecification\",\"valueRequired\":true,\"valueName\":\"search_term_string\"}}],\"inLanguage\":\"fr-FR\"},{\"@type\":\"Organization\",\"@id\":\"https:\\\/\\\/avocat-gc.com\\\/divorce\\\/#organization\",\"name\":\"Avocat GC - Avocat Divorce\",\"url\":\"https:\\\/\\\/avocat-gc.com\\\/divorce\\\/\",\"logo\":{\"@type\":\"ImageObject\",\"inLanguage\":\"fr-FR\",\"@id\":\"https:\\\/\\\/avocat-gc.com\\\/divorce\\\/#\\\/schema\\\/logo\\\/image\\\/\",\"url\":\"https:\\\/\\\/avocat-gc.com\\\/divorce\\\/wp-content\\\/uploads\\\/2024\\\/04\\\/cropped-Sans-titre.png\",\"contentUrl\":\"https:\\\/\\\/avocat-gc.com\\\/divorce\\\/wp-content\\\/uploads\\\/2024\\\/04\\\/cropped-Sans-titre.png\",\"width\":200,\"height\":180,\"caption\":\"Avocat GC - Avocat Divorce\"},\"image\":{\"@id\":\"https:\\\/\\\/avocat-gc.com\\\/divorce\\\/#\\\/schema\\\/logo\\\/image\\\/\"}}]}<\/script>\n<!-- \/ Yoast SEO plugin. -->","yoast_head_json":{"title":"Avocat divorce amiable sans juge \u00e0 Cergy (95) - Avocat Divorce","description":"Divocez sans juge \u00e0 Cergy (95) en 1 mois. Recevez un devis gratuit et imm\u00e9diat pour votre divorce par consentement mutuel.","robots":{"index":"index","follow":"follow","max-snippet":"max-snippet:-1","max-image-preview":"max-image-preview:large","max-video-preview":"max-video-preview:-1"},"canonical":"https:\/\/avocat-gc.com\/divorce\/avocat-divorce-amiable-sans-juge-cergy-95\/","og_locale":"fr_FR","og_type":"article","og_title":"Avocat divorce amiable sans juge \u00e0 Cergy (95) - Avocat Divorce","og_description":"Divocez sans juge \u00e0 Cergy (95) en 1 mois. Recevez un devis gratuit et imm\u00e9diat pour votre divorce par consentement mutuel.","og_url":"https:\/\/avocat-gc.com\/divorce\/avocat-divorce-amiable-sans-juge-cergy-95\/","og_site_name":"Avocat GC - Avocat Divorce","twitter_card":"summary_large_image","schema":{"@context":"https:\/\/schema.org","@graph":[{"@type":"WebPage","@id":"https:\/\/avocat-gc.com\/divorce\/avocat-divorce-amiable-sans-juge-cergy-95\/","url":"https:\/\/avocat-gc.com\/divorce\/avocat-divorce-amiable-sans-juge-cergy-95\/","name":"Avocat divorce amiable sans juge \u00e0 Cergy (95) - Avocat Divorce","isPartOf":{"@id":"https:\/\/avocat-gc.com\/divorce\/#website"},"datePublished":"2024-03-29T15:30:47+00:00","description":"Divocez sans juge \u00e0 Cergy (95) en 1 mois. Recevez un devis gratuit et imm\u00e9diat pour votre divorce par consentement mutuel.","breadcrumb":{"@id":"https:\/\/avocat-gc.com\/divorce\/avocat-divorce-amiable-sans-juge-cergy-95\/#breadcrumb"},"inLanguage":"fr-FR","potentialAction":[{"@type":"ReadAction","target":["https:\/\/avocat-gc.com\/divorce\/avocat-divorce-amiable-sans-juge-cergy-95\/"]}]},{"@type":"BreadcrumbList","@id":"https:\/\/avocat-gc.com\/divorce\/avocat-divorce-amiable-sans-juge-cergy-95\/#breadcrumb","itemListElement":[{"@type":"ListItem","position":1,"name":"Accueil","item":"https:\/\/avocat-gc.com\/divorce\/"},{"@type":"ListItem","position":2,"name":"Avocat divorce amiable sans juge \u00e0 Cergy (95)"}]},{"@type":"WebSite","@id":"https:\/\/avocat-gc.com\/divorce\/#website","url":"https:\/\/avocat-gc.com\/divorce\/","name":"Avocat GC - Avocat Divorce","description":"","publisher":{"@id":"https:\/\/avocat-gc.com\/divorce\/#organization"},"potentialAction":[{"@type":"SearchAction","target":{"@type":"EntryPoint","urlTemplate":"https:\/\/avocat-gc.com\/divorce\/?s={search_term_string}"},"query-input":{"@type":"PropertyValueSpecification","valueRequired":true,"valueName":"search_term_string"}}],"inLanguage":"fr-FR"},{"@type":"Organization","@id":"https:\/\/avocat-gc.com\/divorce\/#organization","name":"Avocat GC - Avocat Divorce","url":"https:\/\/avocat-gc.com\/divorce\/","logo":{"@type":"ImageObject","inLanguage":"fr-FR","@id":"https:\/\/avocat-gc.com\/divorce\/#\/schema\/logo\/image\/","url":"https:\/\/avocat-gc.com\/divorce\/wp-content\/uploads\/2024\/04\/cropped-Sans-titre.png","contentUrl":"https:\/\/avocat-gc.com\/divorce\/wp-content\/uploads\/2024\/04\/cropped-Sans-titre.png","width":200,"height":180,"caption":"Avocat GC - Avocat Divorce"},"image":{"@id":"https:\/\/avocat-gc.com\/divorce\/#\/schema\/logo\/image\/"}}]}},"_links":{"self":[{"href":"https:\/\/avocat-gc.com\/divorce\/wp-json\/wp\/v2\/pages\/395","targetHints":{"allow":["GET"]}}],"collection":[{"href":"https:\/\/avocat-gc.com\/divorce\/wp-json\/wp\/v2\/pages"}],"about":[{"href":"https:\/\/avocat-gc.com\/divorce\/wp-json\/wp\/v2\/types\/page"}],"author":[{"embeddable":true,"href":"https:\/\/avocat-gc.com\/divorce\/wp-json\/wp\/v2\/users\/1"}],"replies":[{"embeddable":true,"href":"https:\/\/avocat-gc.com\/divorce\/wp-json\/wp\/v2\/comments?post=395"}],"version-history":[{"count":0,"href":"https:\/\/avocat-gc.com\/divorce\/wp-json\/wp\/v2\/pages\/395\/revisions"}],"wp:attachment":[{"href":"https:\/\/avocat-gc.com\/divorce\/wp-json\/wp\/v2\/media?parent=395"}],"wp:term":[{"taxonomy":"priorite","embeddable":true,"href":"https:\/\/avocat-gc.com\/divorce\/wp-json\/wp\/v2\/priorite?post=395"}],"curies":[{"name":"wp","href":"https:\/\/api.w.org\/{rel}","templated":true}]}}