{"id":3048,"date":"2024-03-29T15:35:44","date_gmt":"2024-03-29T15:35:44","guid":{"rendered":"https:\/\/avocat-gc.com\/divorce\/divorce-sans-juge-saint-denis\/"},"modified":"2024-03-29T15:35:44","modified_gmt":"2024-03-29T15:35:44","slug":"divorce-sans-juge-saint-denis","status":"publish","type":"page","link":"https:\/\/avocat-gc.com\/divorce\/divorce-sans-juge-saint-denis\/","title":{"rendered":"Divorce sans juge &#8211; Saint-Denis (93)"},"content":{"rendered":"<h2>Comment divorcer sans juge \u00e0 Saint-Denis (93) ?\u00e0 partir de 425\u20ac TTC\/conjoint<\/h2>\n<p> NOUS INTERVENONS \u00c0 SAINT-DENIS (93) <a href=\"http:\/\/avocat-gc.com\/divorce\/avocat-divorce\/paris\/\" ref=\"no follow\" title=\"avocat divorce paris\">Notre cabinet \u00e0 Paris<\/a> : 42 Rue de L\u00fcbeck, 75116 Paris 01 47 04 25 40 <\/p>\n<p class=\"img-left\"><img decoding=\"async\" alt=\"Avocat Divorce sans juge Saint-Denis (93)\" title=\"Avocat Divorce \u00e0 Saint-Denis (93)\" width=\"170\" border=\"2\" src=\"\/divorce\/wp-content\/uploads\/2024\/04\/divorce-sans-avocat.jpg\" \/><\/p>\n<p align=\"justify\">La nouvelle Loi du divorce sans juge\u00a0modifie profond\u00e9ment la mani\u00e8re de <a href=\"https:\/\/avocat-gc.com\/divorce\/divorce-amiable\/\" title=\"Avocat divorce amiable\">divorcer par consentement mutuel<\/a>. Initialement, la proc\u00e9dure de divorce \u00e0 l&rsquo;amiable s&rsquo;effectuait en trois \u00e9tapes distinctes: Dans un premier temps, les \u00e9poux s&rsquo;accordaient sur la convention de divorce lors d&rsquo;un rendez-vous au cabinet d&rsquo;avocats. Puis la requ\u00eate en divorce \u00e9tait envoy\u00e9e au Tribunal de Grande Instance afin d&rsquo;obtenir une date d&rsquo;audience au cours de laquelle les \u00e9poux exprimaient, devant le <a href=\"\/divorce\/definitions\/juge-aux-affaires-familiales\/\" title=\"avocat juge famille\">Juge aux Affaires Familiales<\/a>, leur d\u00e9sir commun de divorcer. Puis les t\u00e2ches administratives \u00e9taient effectu\u00e9es afin d&rsquo;enregistrer le divorce sur les actes civils. D\u00e9sormais, pour un divorce amiable, vous n\u2019avez plus \u00e0 passer devant le Juge aux Affaires Familiales. Il suffit\u00a0 simplement de prendre rendez-vous avec notre cabinet afin de divorcer.<\/p>\n<h3>1- RDV avec les avocats<\/h3>\n<p align=\"justify\">Contrairement \u00e0 l&rsquo;ancienne <a href=\"\/divorce\/definitions\/procedure\/\" title=\"\">proc\u00e9dure de divorce<\/a> qui permettait aux conjoints de choisir un avocat commun, chaque \u00e9poux sera assist\u00e9 d\u2019un avocat distinct. En effet, les avocats sont tenus d&rsquo;assurer le libre consentement de chaque \u00e9poux et l&rsquo;\u00e9quilibre de la convention.<\/p>\n<\/p>\n<p>Vous souhaitez divorcer ? Contactez notre AVOCAT &#8211; DIVORCE SAINT-DENIS (93)<\/p>\n<p>   \u00c0 SAVOIR :\u00a0 Les couples ayant des enfants doivent les informer, via un formulaire annex\u00e9 \u00e0 la convention de divorce, qu&rsquo;ils poss\u00e8dent, chacun, le droit d&rsquo;\u00eatre entendu par le Juge aux Affaires Familiales. Le cas \u00e9ch\u00e9ant, la proc\u00e9dure serait alors constitu\u00e9e d&rsquo;une audience au Tribunal devant le Juge qui homologuera le divorce. Ce formulaire doit \u00eatre sign\u00e9 par chacun des enfants. Si l&rsquo;enfant n&rsquo;est pas apte \u00e0 signer lui-m\u00eame le formulaire, la convention de divorce doit obligatoirement le mentionner.Il en est de m\u00eame pour les majeurs prot\u00e9g\u00e9s: Le divorce sans juge ne peut s&rsquo;appliquer aux majeurs prot\u00e9g\u00e9s, cela signifie clairement qu&rsquo;un majeur sous tutelle ou curatelle ne peut divorcer sans juge. Il pourra divorcer par consentement mutuel mais devra obligatoirement passer devant un juge.La R\u00e9daction de la\u00a0<a href=\"http:\/\/avocat-gc.com\/divorce\/convention-de-divorce\/\" title=\"convention divorce avocat\">convention de divorce<\/a>\u00a0sera donc effectu\u00e9e lors de ce rendez-vous, permettant ainsi aux \u00e9poux de s&rsquo;accorder sur chaque effet du divorce: <a href=\"\/divorce\/definitions\/pension-alimentaire\/\" title=\"pension alimentaire divorce\">pension alimentaire<\/a>, sort des biens communs, <a href=\"\/divorce\/definitions\/garde-alternee\/\" title=\"avocat divorce enfant\">garde des enfants<\/a> etc&#8230;<\/p>\n<h3>2- Signature des conventions de divorce<\/h3>\n<p align=\"justify\">Une fois la convention r\u00e9dig\u00e9e, \u00a0le projet convention de divorce est envoy\u00e9 en lettre recommand\u00e9e avec A.R. Les deux \u00e9poux ont un d\u00e9lai de 15 jours pour se r\u00e9tracter ou exiger une modification de la convention de divorce. La convention sign\u00e9e sera d\u00e9pos\u00e9e au <a href=\"\/divorce\/definitions\/rang-des-minutes\/\" title=\"divorce notaire\">rang des minutes du notaire <\/a>afin de lui donner\u00a0<a href=\"\/divorce\/definitions\/force-executoire\/\" title=\"divorce avocat notaire\">force ex\u00e9cutoire <\/a> et date certaine.\u00a0 Le notaire ne contr\u00f4le ni les termes ni l&rsquo;\u00e9quilibre de la convention et ne s&rsquo;assure pas du consentement de chaque \u00e9poux. Il adresse aux avocats une attestation de d\u00e9p\u00f4t de la convention \u00e0 son rang des minutes.<\/p>\n<\/p>\n<h3>3- Enregistrement de votre divorce<\/h3>\n<p align=\"justify\">Vous n&rsquo;avez plus rien \u00e0 faire !\n<\/p>\n<p>\u2713 Nous vous envoyons votre attestation d&rsquo;enregistrement de divorce d\u00e8s r\u00e9ception de celui-ci au cabinet.<br \/>\n\u2713 Nous nous occupons de l&rsquo;ensemble des formalit\u00e9s administratives permettant de transcrire votre divorce sur vos \u00e9tats civils.<br \/>\n\u2713 Nous restons \u00e0 votre disposition pour r\u00e9pondre \u00e0 toutes vos questions par t\u00e9l\u00e9phone et email.\n<\/p>\n<h3>4 &#8211; Articles li\u00e9s<\/h3>\n<p>\u279d <a href=\"\/divorce\/articles\/mode-demploi-du-divorce-sans-juge\/\" title=\"avocat divorce sans juge\" target=\"_parent\" rel=\"noopener\">Le Divorce sans juge, mode d&#8217;emploi<\/a>\u279d <a href=\"\/divorce\/articles\/comment-bien-commencer-sa-procedure-de-divorce\/\" title=\"divorce bien commencer proc\u00e9dure\" target=\"_parent\" rel=\"noopener\">Bien commencer sa proc\u00e9dure de divorce<\/a>\u279d <a href=\"\/divorce\/articles\/divorce-quelle-date-le-mariage-prend-fin\/\" title=\"d\u00e9lai divorce\">Divorce, \u00e0 quelle date le mariage prend fin?<\/a><\/p>\n<p align=\"justify\">\n<p>\u25ba A T\u00c9L\u00c9CHARGER: <a href=\"\/divorce\/exemple-convention-divorce-sans-juge\/\" tite=\"convention divorce exemple\">Mod\u00e8le de convention de divorce sans juge \u00e0 Saint-Denis (93)<\/a><\/p>\n<h3>5 &#8211; Renseignements <\/h3>\n<p>Vous souhaitez davantage de renseignements sur la proc\u00e9dure de divorce \u00e0 l&rsquo;amiable sans juge \u00e0 Saint-Denis (93)\u00a0? N&rsquo;h\u00e9sitez pas \u00e0 nous contacter , nous restons \u00e0 votre disposition pour toutes questions. Vous pouvez \u00e9galement nous retourner le devis en ligne ci-dessous afin d&rsquo;obtenir une id\u00e9e du tarif\u00a0d&rsquo;un divorce sans juge \u00e0 Saint-Denis (93).<\/p>\n","protected":false},"excerpt":{"rendered":"<p>Comment divorcer sans juge \u00e0 Saint-Denis (93) ?\u00e0 partir de 425\u20ac TTC\/conjoint NOUS INTERVENONS \u00c0 SAINT-DENIS (93) Notre cabinet \u00e0 Paris : 42 Rue de L\u00fcbeck, 75116 Paris 01 47 04 25 40 La nouvelle Loi du divorce sans juge\u00a0modifie profond\u00e9ment la mani\u00e8re de divorcer par consentement mutuel. Initialement, la proc\u00e9dure de divorce \u00e0 l&rsquo;amiable [&hellip;]<\/p>\n","protected":false},"author":1,"featured_media":0,"parent":0,"menu_order":0,"comment_status":"closed","ping_status":"closed","template":"","meta":{"_acf_changed":false,"inline_featured_image":false,"footnotes":""},"priorite":[],"class_list":["post-3048","page","type-page","status-publish","hentry"],"acf":[],"yoast_head":"<!-- This site is optimized with the Yoast SEO plugin v27.3 - https:\/\/yoast.com\/product\/yoast-seo-wordpress\/ -->\n<title>Divorce sans juge - Saint-Denis (93) - Avocat Divorce<\/title>\n<meta name=\"description\" content=\"Divorcez sans juge \u00e0 Saint-Denis (93) en 1 mois \u00e0 partir de 425\u20ac TTC. Devis gratuit et imm\u00e9diat pour votre divorce. Cabinet d&#039;Avocats GC - \u260e 01.47.04.25.40. Divorce amiable - Divorce sans juge - FRANCE ENTI\u00c8RE\" \/>\n<meta name=\"robots\" content=\"index, follow, max-snippet:-1, max-image-preview:large, max-video-preview:-1\" \/>\n<link rel=\"canonical\" href=\"https:\/\/avocat-gc.com\/divorce\/divorce-sans-juge-saint-denis\/\" \/>\n<meta property=\"og:locale\" content=\"fr_FR\" \/>\n<meta property=\"og:type\" content=\"article\" \/>\n<meta property=\"og:title\" content=\"Divorce sans juge - Saint-Denis (93) - Avocat Divorce\" \/>\n<meta property=\"og:description\" content=\"Divorcez sans juge \u00e0 Saint-Denis (93) en 1 mois \u00e0 partir de 425\u20ac TTC. Devis gratuit et imm\u00e9diat pour votre divorce. Cabinet d&#039;Avocats GC - \u260e 01.47.04.25.40. Divorce amiable - Divorce sans juge - FRANCE ENTI\u00c8RE\" \/>\n<meta property=\"og:url\" content=\"https:\/\/avocat-gc.com\/divorce\/divorce-sans-juge-saint-denis\/\" \/>\n<meta property=\"og:site_name\" content=\"Avocat GC - Avocat Divorce\" \/>\n<meta name=\"twitter:card\" content=\"summary_large_image\" \/>\n<script type=\"application\/ld+json\" class=\"yoast-schema-graph\">{\"@context\":\"https:\\\/\\\/schema.org\",\"@graph\":[{\"@type\":\"WebPage\",\"@id\":\"https:\\\/\\\/avocat-gc.com\\\/divorce\\\/divorce-sans-juge-saint-denis\\\/\",\"url\":\"https:\\\/\\\/avocat-gc.com\\\/divorce\\\/divorce-sans-juge-saint-denis\\\/\",\"name\":\"Divorce sans juge - Saint-Denis (93) - Avocat Divorce\",\"isPartOf\":{\"@id\":\"https:\\\/\\\/avocat-gc.com\\\/divorce\\\/#website\"},\"datePublished\":\"2024-03-29T15:35:44+00:00\",\"description\":\"Divorcez sans juge \u00e0 Saint-Denis (93) en 1 mois \u00e0 partir de 425\u20ac TTC. Devis gratuit et imm\u00e9diat pour votre divorce. Cabinet d'Avocats GC - \u260e 01.47.04.25.40. Divorce amiable - Divorce sans juge - FRANCE ENTI\u00c8RE\",\"breadcrumb\":{\"@id\":\"https:\\\/\\\/avocat-gc.com\\\/divorce\\\/divorce-sans-juge-saint-denis\\\/#breadcrumb\"},\"inLanguage\":\"fr-FR\",\"potentialAction\":[{\"@type\":\"ReadAction\",\"target\":[\"https:\\\/\\\/avocat-gc.com\\\/divorce\\\/divorce-sans-juge-saint-denis\\\/\"]}]},{\"@type\":\"BreadcrumbList\",\"@id\":\"https:\\\/\\\/avocat-gc.com\\\/divorce\\\/divorce-sans-juge-saint-denis\\\/#breadcrumb\",\"itemListElement\":[{\"@type\":\"ListItem\",\"position\":1,\"name\":\"Accueil\",\"item\":\"https:\\\/\\\/avocat-gc.com\\\/divorce\\\/\"},{\"@type\":\"ListItem\",\"position\":2,\"name\":\"Divorce sans juge &#8211; Saint-Denis (93)\"}]},{\"@type\":\"WebSite\",\"@id\":\"https:\\\/\\\/avocat-gc.com\\\/divorce\\\/#website\",\"url\":\"https:\\\/\\\/avocat-gc.com\\\/divorce\\\/\",\"name\":\"Avocat GC - Avocat Divorce\",\"description\":\"\",\"publisher\":{\"@id\":\"https:\\\/\\\/avocat-gc.com\\\/divorce\\\/#organization\"},\"potentialAction\":[{\"@type\":\"SearchAction\",\"target\":{\"@type\":\"EntryPoint\",\"urlTemplate\":\"https:\\\/\\\/avocat-gc.com\\\/divorce\\\/?s={search_term_string}\"},\"query-input\":{\"@type\":\"PropertyValueSpecification\",\"valueRequired\":true,\"valueName\":\"search_term_string\"}}],\"inLanguage\":\"fr-FR\"},{\"@type\":\"Organization\",\"@id\":\"https:\\\/\\\/avocat-gc.com\\\/divorce\\\/#organization\",\"name\":\"Avocat GC - Avocat Divorce\",\"url\":\"https:\\\/\\\/avocat-gc.com\\\/divorce\\\/\",\"logo\":{\"@type\":\"ImageObject\",\"inLanguage\":\"fr-FR\",\"@id\":\"https:\\\/\\\/avocat-gc.com\\\/divorce\\\/#\\\/schema\\\/logo\\\/image\\\/\",\"url\":\"https:\\\/\\\/avocat-gc.com\\\/divorce\\\/wp-content\\\/uploads\\\/2024\\\/04\\\/cropped-Sans-titre.png\",\"contentUrl\":\"https:\\\/\\\/avocat-gc.com\\\/divorce\\\/wp-content\\\/uploads\\\/2024\\\/04\\\/cropped-Sans-titre.png\",\"width\":200,\"height\":180,\"caption\":\"Avocat GC - Avocat Divorce\"},\"image\":{\"@id\":\"https:\\\/\\\/avocat-gc.com\\\/divorce\\\/#\\\/schema\\\/logo\\\/image\\\/\"}}]}<\/script>\n<!-- \/ Yoast SEO plugin. -->","yoast_head_json":{"title":"Divorce sans juge - Saint-Denis (93) - Avocat Divorce","description":"Divorcez sans juge \u00e0 Saint-Denis (93) en 1 mois \u00e0 partir de 425\u20ac TTC. Devis gratuit et imm\u00e9diat pour votre divorce. Cabinet d'Avocats GC - \u260e 01.47.04.25.40. Divorce amiable - Divorce sans juge - FRANCE ENTI\u00c8RE","robots":{"index":"index","follow":"follow","max-snippet":"max-snippet:-1","max-image-preview":"max-image-preview:large","max-video-preview":"max-video-preview:-1"},"canonical":"https:\/\/avocat-gc.com\/divorce\/divorce-sans-juge-saint-denis\/","og_locale":"fr_FR","og_type":"article","og_title":"Divorce sans juge - Saint-Denis (93) - Avocat Divorce","og_description":"Divorcez sans juge \u00e0 Saint-Denis (93) en 1 mois \u00e0 partir de 425\u20ac TTC. Devis gratuit et imm\u00e9diat pour votre divorce. Cabinet d'Avocats GC - \u260e 01.47.04.25.40. Divorce amiable - Divorce sans juge - FRANCE ENTI\u00c8RE","og_url":"https:\/\/avocat-gc.com\/divorce\/divorce-sans-juge-saint-denis\/","og_site_name":"Avocat GC - Avocat Divorce","twitter_card":"summary_large_image","schema":{"@context":"https:\/\/schema.org","@graph":[{"@type":"WebPage","@id":"https:\/\/avocat-gc.com\/divorce\/divorce-sans-juge-saint-denis\/","url":"https:\/\/avocat-gc.com\/divorce\/divorce-sans-juge-saint-denis\/","name":"Divorce sans juge - Saint-Denis (93) - Avocat Divorce","isPartOf":{"@id":"https:\/\/avocat-gc.com\/divorce\/#website"},"datePublished":"2024-03-29T15:35:44+00:00","description":"Divorcez sans juge \u00e0 Saint-Denis (93) en 1 mois \u00e0 partir de 425\u20ac TTC. Devis gratuit et imm\u00e9diat pour votre divorce. Cabinet d'Avocats GC - \u260e 01.47.04.25.40. Divorce amiable - Divorce sans juge - FRANCE ENTI\u00c8RE","breadcrumb":{"@id":"https:\/\/avocat-gc.com\/divorce\/divorce-sans-juge-saint-denis\/#breadcrumb"},"inLanguage":"fr-FR","potentialAction":[{"@type":"ReadAction","target":["https:\/\/avocat-gc.com\/divorce\/divorce-sans-juge-saint-denis\/"]}]},{"@type":"BreadcrumbList","@id":"https:\/\/avocat-gc.com\/divorce\/divorce-sans-juge-saint-denis\/#breadcrumb","itemListElement":[{"@type":"ListItem","position":1,"name":"Accueil","item":"https:\/\/avocat-gc.com\/divorce\/"},{"@type":"ListItem","position":2,"name":"Divorce sans juge &#8211; Saint-Denis (93)"}]},{"@type":"WebSite","@id":"https:\/\/avocat-gc.com\/divorce\/#website","url":"https:\/\/avocat-gc.com\/divorce\/","name":"Avocat GC - Avocat Divorce","description":"","publisher":{"@id":"https:\/\/avocat-gc.com\/divorce\/#organization"},"potentialAction":[{"@type":"SearchAction","target":{"@type":"EntryPoint","urlTemplate":"https:\/\/avocat-gc.com\/divorce\/?s={search_term_string}"},"query-input":{"@type":"PropertyValueSpecification","valueRequired":true,"valueName":"search_term_string"}}],"inLanguage":"fr-FR"},{"@type":"Organization","@id":"https:\/\/avocat-gc.com\/divorce\/#organization","name":"Avocat GC - Avocat Divorce","url":"https:\/\/avocat-gc.com\/divorce\/","logo":{"@type":"ImageObject","inLanguage":"fr-FR","@id":"https:\/\/avocat-gc.com\/divorce\/#\/schema\/logo\/image\/","url":"https:\/\/avocat-gc.com\/divorce\/wp-content\/uploads\/2024\/04\/cropped-Sans-titre.png","contentUrl":"https:\/\/avocat-gc.com\/divorce\/wp-content\/uploads\/2024\/04\/cropped-Sans-titre.png","width":200,"height":180,"caption":"Avocat GC - Avocat Divorce"},"image":{"@id":"https:\/\/avocat-gc.com\/divorce\/#\/schema\/logo\/image\/"}}]}},"_links":{"self":[{"href":"https:\/\/avocat-gc.com\/divorce\/wp-json\/wp\/v2\/pages\/3048","targetHints":{"allow":["GET"]}}],"collection":[{"href":"https:\/\/avocat-gc.com\/divorce\/wp-json\/wp\/v2\/pages"}],"about":[{"href":"https:\/\/avocat-gc.com\/divorce\/wp-json\/wp\/v2\/types\/page"}],"author":[{"embeddable":true,"href":"https:\/\/avocat-gc.com\/divorce\/wp-json\/wp\/v2\/users\/1"}],"replies":[{"embeddable":true,"href":"https:\/\/avocat-gc.com\/divorce\/wp-json\/wp\/v2\/comments?post=3048"}],"version-history":[{"count":0,"href":"https:\/\/avocat-gc.com\/divorce\/wp-json\/wp\/v2\/pages\/3048\/revisions"}],"wp:attachment":[{"href":"https:\/\/avocat-gc.com\/divorce\/wp-json\/wp\/v2\/media?parent=3048"}],"wp:term":[{"taxonomy":"priorite","embeddable":true,"href":"https:\/\/avocat-gc.com\/divorce\/wp-json\/wp\/v2\/priorite?post=3048"}],"curies":[{"name":"wp","href":"https:\/\/api.w.org\/{rel}","templated":true}]}}