{"id":2974,"date":"2024-03-29T15:35:37","date_gmt":"2024-03-29T15:35:37","guid":{"rendered":"https:\/\/avocat-gc.com\/divorce\/divorce-sans-avocat\/"},"modified":"2024-03-29T15:35:37","modified_gmt":"2024-03-29T15:35:37","slug":"divorce-sans-avocat","status":"publish","type":"page","link":"https:\/\/avocat-gc.com\/divorce\/divorce-sans-avocat\/","title":{"rendered":"Comment divorcer sans avocat ?"},"content":{"rendered":"<h2>DIVORCER SANS AVOCAT EST IMPOSSIBLE<\/h2>\n<h3>Question fr\u00e9quente : comment divorcer rapidement ?<\/h3>\n<p class=\"rtecenter\">\n<p>La r\u00e9activit\u00e9 de nos avocats vous permet de divorcer rapidement partout en France<\/p>\n<p align=\"justify\">Contrairement au divorce pour faute, le divorce \u00e0 l&rsquo;amiable est une <a href=\"http:\/\/avocat-gc.com\/divorce\/nos-honoraires\/\">proc\u00e9dure rapide et \u00e9conomique<\/a>. Il sous entend que les \u00e9poux soient d&rsquo;accord sur toutes les cons\u00e9quences du divorce en signant une <a href=\"\/divorce\/articles\/les-mentions-obligatoires-dans-votre-convention-de-divorce\/\" title=\"convention de divorce\" target=\"\" rel=\"noopener\">convention de divorce<\/a>. Ce contrat, pr\u00e9par\u00e9 par votre avocat, \u00e9nonce votre accord mais aussi les conditions et les cons\u00e9quences de votre s\u00e9paration. Vous souhaitez divorcer, contactez-nous en demandant un devis sur le site.<\/p>\n<h3>Question fr\u00e9quente : comment divorcer sans avocat ?<\/h3>\n<p>Divorcer sans avocat est impossible, pour plusieurs raisons :<\/p>\n<p>\t\t\td&rsquo;abord parce que c&rsquo;est interdit par la loi, on ne s&rsquo;improvise pas avocat,<\/p>\n<p>\t\t\tet puis nous r\u00e9digeons la convention et la requ\u00eate de votre divorce,<\/p>\n<p>\t\t\tnous vous assistons et vous conseillons lors de la proc\u00e9dure,<\/p>\n<p>\t\t\tnous nous chargeons de transcrire votre divorce sur vos actes d&rsquo;\u00e9tat civil,<\/p>\n<p>\t\t\tnous r\u00e9pondons \u00e0 toutes vos questions concernant votre divorce.<\/p>\n<h3>Question fr\u00e9quente : comment se d\u00e9roule un divorce ?<\/h3>\n<p>1\u00e8re \u00e9tape : nous fixons un rendez-vous<br \/>\nContactez-nous par t\u00e9l\u00e9phone au 01.47.04.25.40 ou adressez\u2013nous un email \u00e0 <a href=\"mailto:info@avocat-gc.com?subject=Demande%20de%20rendez-vous\">info@avocat-gc.com<\/a> pour prendre rendez-vous avec <a href=\"http:\/\/avocat-gc.com\/divorce\/nos-avocats\/\">un avocat de notre cabinet.<\/a><br \/>\n\tLors de ce rendez-vous :<br \/>\n\t\u25ba nous vous expliquons tout le d\u00e9roulement de votre proc\u00e9dure de divorce,<br \/>\n\t\u25banous proc\u00e9dons \u00e0 la r\u00e9daction de la convention et de la requ\u00eate de votre divorce,<br \/>\n\t\u25ba<a href=\"http:\/\/avocat-gc.com\/divorce\/nos-valeurs\/\">nous r\u00e9pondons \u00e0 toutes vos questions<\/a>.<br \/>\n2\u00e8me \u00e9tape : la signature<\/p>\n<p align=\"justify\">D\u00e9sormais, il n&rsquo;est plus n\u00e9cessaire de divorcer devant le juge aux affaires familiales. En effet, dans le cadre d&rsquo;un <a href=\"\/divorce\/divorce-sans-juge\/\" title=\"avocat divorce amiable\" target=\"\" rel=\"noopener\">divorce amiable<\/a>, les deux \u00e9poux divorcent devant les avocats. La convention de divorce vous est envoy\u00e9e par courrier recommand\u00e9 pour \u00eatre sign\u00e9e dans un d\u00e9lai de 15 jours. Une fois r\u00e9ceptionn\u00e9e \u00e0 notre cabinet, elle est envoy\u00e9e au notaire qui enregistre votre divorce.\u00a0<\/p>\n<p>3\u00e8me \u00e9tape : vous n&rsquo;avez plus rien \u00e0 faire<br \/>\nNous vous envoyons l&rsquo;attestation\u00a0de divorce et nous occupons de l\u2019ensemble des formalit\u00e9s administratives pour transcrire votre divorce sur vos actes d&rsquo;\u00e9tat civil.<\/p>\n<p><a class=\"btn-page-interne btn-red-zone\" href=\"http:\/\/avocat-gc.com\/divorce\/devis-gratuit\">Recevez un devis gratuit et imm\u00e9diat pour votre divorce<\/a><\/p>\n<p> J&rsquo;INTERVIENS DANS TOUTE LA FRANCE <a href=\"http:\/\/avocat-gc.com\/divorce\/avocat-divorce\/paris\/\" rel=\"nofollow noopener\" title=\"\" target=\"_parent\">Notre cabinet \u00e0 Paris<\/a> : 42 Rue de L\u00fcbeck, 75116 Paris 01 47 04 25 40 \/\/ <a href=\"http:\/\/avocat-gc.com\/divorce\/avocat-divorce\/le-havre\/\" rel=\"nofollow noopener\" title=\"\" target=\"_parent\">Notre cabinet au Havre<\/a>: 1, rue Joseph Morlent 76600 Le Havre &#8211; 02 35 45 31 06<\/p>\n","protected":false},"excerpt":{"rendered":"<p>DIVORCER SANS AVOCAT EST IMPOSSIBLE Question fr\u00e9quente : comment divorcer rapidement ? La r\u00e9activit\u00e9 de nos avocats vous permet de divorcer rapidement partout en France Contrairement au divorce pour faute, le divorce \u00e0 l&rsquo;amiable est une proc\u00e9dure rapide et \u00e9conomique. Il sous entend que les \u00e9poux soient d&rsquo;accord sur toutes les cons\u00e9quences du divorce en [&hellip;]<\/p>\n","protected":false},"author":1,"featured_media":0,"parent":0,"menu_order":0,"comment_status":"closed","ping_status":"closed","template":"","meta":{"_acf_changed":false,"inline_featured_image":false,"footnotes":""},"priorite":[],"class_list":["post-2974","page","type-page","status-publish","hentry"],"acf":[],"yoast_head":"<!-- This site is optimized with the Yoast SEO plugin v27.3 - https:\/\/yoast.com\/product\/yoast-seo-wordpress\/ -->\n<title>Comment divorcer sans avocat ?<\/title>\n<meta name=\"description\" content=\"Est-il possible de divorcer sans avocat ? - Devis gratuit et imm\u00e9diat pour votre divorce. Cabinet d&#039;Avocats GC - \u260e 01.47.04.25.40. Divorce amiable - Divorce sans juge - FRANCE ENTI\u00c8RE\" \/>\n<meta name=\"robots\" content=\"index, follow, max-snippet:-1, max-image-preview:large, max-video-preview:-1\" \/>\n<link rel=\"canonical\" href=\"https:\/\/avocat-gc.com\/divorce\/divorce-sans-avocat\/\" \/>\n<meta property=\"og:locale\" content=\"fr_FR\" \/>\n<meta property=\"og:type\" content=\"article\" \/>\n<meta property=\"og:title\" content=\"Comment divorcer sans avocat ?\" \/>\n<meta property=\"og:description\" content=\"Est-il possible de divorcer sans avocat ? - Devis gratuit et imm\u00e9diat pour votre divorce. Cabinet d&#039;Avocats GC - \u260e 01.47.04.25.40. Divorce amiable - Divorce sans juge - FRANCE ENTI\u00c8RE\" \/>\n<meta property=\"og:url\" content=\"https:\/\/avocat-gc.com\/divorce\/divorce-sans-avocat\/\" \/>\n<meta property=\"og:site_name\" content=\"Avocat GC - Avocat Divorce\" \/>\n<meta name=\"twitter:card\" content=\"summary_large_image\" \/>\n<script type=\"application\/ld+json\" class=\"yoast-schema-graph\">{\"@context\":\"https:\\\/\\\/schema.org\",\"@graph\":[{\"@type\":\"WebPage\",\"@id\":\"https:\\\/\\\/avocat-gc.com\\\/divorce\\\/divorce-sans-avocat\\\/\",\"url\":\"https:\\\/\\\/avocat-gc.com\\\/divorce\\\/divorce-sans-avocat\\\/\",\"name\":\"Comment divorcer sans avocat ?\",\"isPartOf\":{\"@id\":\"https:\\\/\\\/avocat-gc.com\\\/divorce\\\/#website\"},\"datePublished\":\"2024-03-29T15:35:37+00:00\",\"description\":\"Est-il possible de divorcer sans avocat ? - Devis gratuit et imm\u00e9diat pour votre divorce. Cabinet d'Avocats GC - \u260e 01.47.04.25.40. Divorce amiable - Divorce sans juge - FRANCE ENTI\u00c8RE\",\"breadcrumb\":{\"@id\":\"https:\\\/\\\/avocat-gc.com\\\/divorce\\\/divorce-sans-avocat\\\/#breadcrumb\"},\"inLanguage\":\"fr-FR\",\"potentialAction\":[{\"@type\":\"ReadAction\",\"target\":[\"https:\\\/\\\/avocat-gc.com\\\/divorce\\\/divorce-sans-avocat\\\/\"]}]},{\"@type\":\"BreadcrumbList\",\"@id\":\"https:\\\/\\\/avocat-gc.com\\\/divorce\\\/divorce-sans-avocat\\\/#breadcrumb\",\"itemListElement\":[{\"@type\":\"ListItem\",\"position\":1,\"name\":\"Accueil\",\"item\":\"https:\\\/\\\/avocat-gc.com\\\/divorce\\\/\"},{\"@type\":\"ListItem\",\"position\":2,\"name\":\"Comment divorcer sans avocat ?\"}]},{\"@type\":\"WebSite\",\"@id\":\"https:\\\/\\\/avocat-gc.com\\\/divorce\\\/#website\",\"url\":\"https:\\\/\\\/avocat-gc.com\\\/divorce\\\/\",\"name\":\"Avocat GC - Avocat Divorce\",\"description\":\"\",\"publisher\":{\"@id\":\"https:\\\/\\\/avocat-gc.com\\\/divorce\\\/#organization\"},\"potentialAction\":[{\"@type\":\"SearchAction\",\"target\":{\"@type\":\"EntryPoint\",\"urlTemplate\":\"https:\\\/\\\/avocat-gc.com\\\/divorce\\\/?s={search_term_string}\"},\"query-input\":{\"@type\":\"PropertyValueSpecification\",\"valueRequired\":true,\"valueName\":\"search_term_string\"}}],\"inLanguage\":\"fr-FR\"},{\"@type\":\"Organization\",\"@id\":\"https:\\\/\\\/avocat-gc.com\\\/divorce\\\/#organization\",\"name\":\"Avocat GC - Avocat Divorce\",\"url\":\"https:\\\/\\\/avocat-gc.com\\\/divorce\\\/\",\"logo\":{\"@type\":\"ImageObject\",\"inLanguage\":\"fr-FR\",\"@id\":\"https:\\\/\\\/avocat-gc.com\\\/divorce\\\/#\\\/schema\\\/logo\\\/image\\\/\",\"url\":\"https:\\\/\\\/avocat-gc.com\\\/divorce\\\/wp-content\\\/uploads\\\/2024\\\/04\\\/cropped-Sans-titre.png\",\"contentUrl\":\"https:\\\/\\\/avocat-gc.com\\\/divorce\\\/wp-content\\\/uploads\\\/2024\\\/04\\\/cropped-Sans-titre.png\",\"width\":200,\"height\":180,\"caption\":\"Avocat GC - Avocat Divorce\"},\"image\":{\"@id\":\"https:\\\/\\\/avocat-gc.com\\\/divorce\\\/#\\\/schema\\\/logo\\\/image\\\/\"}}]}<\/script>\n<!-- \/ Yoast SEO plugin. -->","yoast_head_json":{"title":"Comment divorcer sans avocat ?","description":"Est-il possible de divorcer sans avocat ? - Devis gratuit et imm\u00e9diat pour votre divorce. Cabinet d'Avocats GC - \u260e 01.47.04.25.40. Divorce amiable - Divorce sans juge - FRANCE ENTI\u00c8RE","robots":{"index":"index","follow":"follow","max-snippet":"max-snippet:-1","max-image-preview":"max-image-preview:large","max-video-preview":"max-video-preview:-1"},"canonical":"https:\/\/avocat-gc.com\/divorce\/divorce-sans-avocat\/","og_locale":"fr_FR","og_type":"article","og_title":"Comment divorcer sans avocat ?","og_description":"Est-il possible de divorcer sans avocat ? - Devis gratuit et imm\u00e9diat pour votre divorce. Cabinet d'Avocats GC - \u260e 01.47.04.25.40. Divorce amiable - Divorce sans juge - FRANCE ENTI\u00c8RE","og_url":"https:\/\/avocat-gc.com\/divorce\/divorce-sans-avocat\/","og_site_name":"Avocat GC - Avocat Divorce","twitter_card":"summary_large_image","schema":{"@context":"https:\/\/schema.org","@graph":[{"@type":"WebPage","@id":"https:\/\/avocat-gc.com\/divorce\/divorce-sans-avocat\/","url":"https:\/\/avocat-gc.com\/divorce\/divorce-sans-avocat\/","name":"Comment divorcer sans avocat ?","isPartOf":{"@id":"https:\/\/avocat-gc.com\/divorce\/#website"},"datePublished":"2024-03-29T15:35:37+00:00","description":"Est-il possible de divorcer sans avocat ? - Devis gratuit et imm\u00e9diat pour votre divorce. Cabinet d'Avocats GC - \u260e 01.47.04.25.40. Divorce amiable - Divorce sans juge - FRANCE ENTI\u00c8RE","breadcrumb":{"@id":"https:\/\/avocat-gc.com\/divorce\/divorce-sans-avocat\/#breadcrumb"},"inLanguage":"fr-FR","potentialAction":[{"@type":"ReadAction","target":["https:\/\/avocat-gc.com\/divorce\/divorce-sans-avocat\/"]}]},{"@type":"BreadcrumbList","@id":"https:\/\/avocat-gc.com\/divorce\/divorce-sans-avocat\/#breadcrumb","itemListElement":[{"@type":"ListItem","position":1,"name":"Accueil","item":"https:\/\/avocat-gc.com\/divorce\/"},{"@type":"ListItem","position":2,"name":"Comment divorcer sans avocat ?"}]},{"@type":"WebSite","@id":"https:\/\/avocat-gc.com\/divorce\/#website","url":"https:\/\/avocat-gc.com\/divorce\/","name":"Avocat GC - Avocat Divorce","description":"","publisher":{"@id":"https:\/\/avocat-gc.com\/divorce\/#organization"},"potentialAction":[{"@type":"SearchAction","target":{"@type":"EntryPoint","urlTemplate":"https:\/\/avocat-gc.com\/divorce\/?s={search_term_string}"},"query-input":{"@type":"PropertyValueSpecification","valueRequired":true,"valueName":"search_term_string"}}],"inLanguage":"fr-FR"},{"@type":"Organization","@id":"https:\/\/avocat-gc.com\/divorce\/#organization","name":"Avocat GC - Avocat Divorce","url":"https:\/\/avocat-gc.com\/divorce\/","logo":{"@type":"ImageObject","inLanguage":"fr-FR","@id":"https:\/\/avocat-gc.com\/divorce\/#\/schema\/logo\/image\/","url":"https:\/\/avocat-gc.com\/divorce\/wp-content\/uploads\/2024\/04\/cropped-Sans-titre.png","contentUrl":"https:\/\/avocat-gc.com\/divorce\/wp-content\/uploads\/2024\/04\/cropped-Sans-titre.png","width":200,"height":180,"caption":"Avocat GC - Avocat Divorce"},"image":{"@id":"https:\/\/avocat-gc.com\/divorce\/#\/schema\/logo\/image\/"}}]}},"_links":{"self":[{"href":"https:\/\/avocat-gc.com\/divorce\/wp-json\/wp\/v2\/pages\/2974","targetHints":{"allow":["GET"]}}],"collection":[{"href":"https:\/\/avocat-gc.com\/divorce\/wp-json\/wp\/v2\/pages"}],"about":[{"href":"https:\/\/avocat-gc.com\/divorce\/wp-json\/wp\/v2\/types\/page"}],"author":[{"embeddable":true,"href":"https:\/\/avocat-gc.com\/divorce\/wp-json\/wp\/v2\/users\/1"}],"replies":[{"embeddable":true,"href":"https:\/\/avocat-gc.com\/divorce\/wp-json\/wp\/v2\/comments?post=2974"}],"version-history":[{"count":0,"href":"https:\/\/avocat-gc.com\/divorce\/wp-json\/wp\/v2\/pages\/2974\/revisions"}],"wp:attachment":[{"href":"https:\/\/avocat-gc.com\/divorce\/wp-json\/wp\/v2\/media?parent=2974"}],"wp:term":[{"taxonomy":"priorite","embeddable":true,"href":"https:\/\/avocat-gc.com\/divorce\/wp-json\/wp\/v2\/priorite?post=2974"}],"curies":[{"name":"wp","href":"https:\/\/api.w.org\/{rel}","templated":true}]}}