{"id":2973,"date":"2024-03-29T15:35:37","date_gmt":"2024-03-29T15:35:37","guid":{"rendered":"https:\/\/avocat-gc.com\/divorce\/divorce-pour-faute\/"},"modified":"2025-07-17T11:01:33","modified_gmt":"2025-07-17T11:01:33","slug":"divorce-pour-faute","status":"publish","type":"page","link":"https:\/\/avocat-gc.com\/divorce\/divorce-pour-faute\/","title":{"rendered":"Divorce pour faute"},"content":{"rendered":"\n<h3 class=\"wp-block-heading\">Qu&rsquo;est-ce que le divorce pour faute ?<\/h3>\n\n\n\n<p>Le divorce pour faute est par d\u00e9finition un divorce conflictuel entre \u00e9poux. Il consiste \u00e0 reprocher les fautes les plus graves telles que les <a href=\"http:\/\/avocat-gc.com\/divorce\/violences-conjugales\/\">violences conjugales<\/a>, l&rsquo;adult\u00e8re, l&rsquo;abandon du domicile conjugal&#8230;<\/p>\n\n\n\n<p>Vous souhaitez divorcer ? Contactez LE CABINET D&rsquo;AVOCAT GREFFET EN DIVORCE<\/p>\n\n\n\n<h3 class=\"wp-block-heading\">Comment se d\u00e9roule une proc\u00e9dure de <a href=\"http:\/\/avocat-gc.com\/divorce\/divorce-pour-faute\/\">divorce pour faute<\/a> ?<\/h3>\n\n\n\n<p>1\u00e8re \u00e9tape : contactez le cabinet d&rsquo;avocat<\/p>\n\n\n\n<p>2\u00e8me \u00e9tape : les audiences<br>\u25ba La 1\u00e8re audience est appel\u00e9e \u00ab audience de conciliation \u00bb, elle permet au juge de constater que les \u00e9poux refusent de se r\u00e9concilier.<br>\u25ba Le juge ne statue pas sur <a href=\"http:\/\/avocat-gc.com\/divorce\/adultere-divorce\/\">les fautes de l\u2019\u00e9poux<\/a> lors de cette audience mais il prendra des d\u00e9cisions provisoires en attendant le divorce d\u00e9finitif (qui conserve le domicile conjugal, lieu de <a href=\"http:\/\/avocat-gc.com\/divorce\/divorce-et-enfants\/\">r\u00e9sidence principal des enfants<\/a>, montant de la <a href=\"http:\/\/avocat-gc.com\/divorce\/pension-alimentaire-enfants\/\">pension alimentaire<\/a>, \u2026)<br>\u25ba Cette audience est g\u00e9n\u00e9ralement tr\u00e8s rapide (15 min.), audience au cours de laquelle chaque \u00e9poux est re\u00e7u seul par le juge, puis ensemble sans les avocats et enfin avec les avocats.<\/p>\n\n\n\n<p>Une fois l\u2019audience de conciliation pass\u00e9e, d\u2019autres audiences auront lieu entre les avocats et le juge, audiences auxquelles vous n\u2019avez pas \u00e0 assister. Contrairement au <a href=\"\/divorce\/divorce-amiable\/\">divorce amiable<\/a>, le divorce pour faute est une proc\u00e9dure longue (de 1 \u00e0 4 ans).<\/p>\n\n\n\n<p><a class=\"btn-page-interne btn-red-zone\" href=\"\/divorce\/devis-gratuit\/\" rel=\"nofollow\">Demandez un devis pour votre divorce pour faute<\/a> LE CABINET INTERVIENT DANS TOUTE LA FRANCE <a title=\"\" href=\"http:\/\/avocat-gc.com\/divorce\/avocat-divorce\/paris\/\" target=\"_parent\" rel=\"nofollow noopener\">Le cabinet \u00e0 Paris<\/a> : 42 Rue de L\u00fcbeck, 75116 Paris 01 47 04 25 40<\/p>\n\n\n\n<p><\/p>\n","protected":false},"excerpt":{"rendered":"<p>Qu&rsquo;est-ce que le divorce pour faute ? Le divorce pour faute est par d\u00e9finition un divorce conflictuel entre \u00e9poux. Il consiste \u00e0 reprocher les fautes les plus graves telles que les violences conjugales, l&rsquo;adult\u00e8re, l&rsquo;abandon du domicile conjugal&#8230; Vous souhaitez divorcer ? Contactez LE CABINET D&rsquo;AVOCAT GREFFET EN DIVORCE Comment se d\u00e9roule une proc\u00e9dure de [&hellip;]<\/p>\n","protected":false},"author":1,"featured_media":0,"parent":0,"menu_order":0,"comment_status":"closed","ping_status":"closed","template":"","meta":{"_acf_changed":false,"inline_featured_image":false,"footnotes":""},"priorite":[4],"class_list":["post-2973","page","type-page","status-publish","hentry","priorite-haute"],"acf":[],"yoast_head":"<!-- This site is optimized with the Yoast SEO plugin v27.5 - https:\/\/yoast.com\/product\/yoast-seo-wordpress\/ -->\n<title>Divorce pour faute - Avocat divorce pour faute<\/title>\n<meta name=\"description\" content=\"Vous souhaitez entamer une proc\u00e9dure de divorce pour faute ? Avocat GC, expert en divorce. T\u00e9l : 01.47.04.25.40 . Devis Gratuit &amp; Imm\u00e9diat.\" \/>\n<meta name=\"robots\" content=\"index, follow, max-snippet:-1, max-image-preview:large, max-video-preview:-1\" \/>\n<link rel=\"canonical\" href=\"https:\/\/avocat-gc.com\/divorce\/divorce-pour-faute\/\" \/>\n<meta property=\"og:locale\" content=\"fr_FR\" \/>\n<meta property=\"og:type\" content=\"article\" \/>\n<meta property=\"og:title\" content=\"Divorce pour faute - Avocat divorce pour faute\" \/>\n<meta property=\"og:description\" content=\"Vous souhaitez entamer une proc\u00e9dure de divorce pour faute ? Avocat GC, expert en divorce. T\u00e9l : 01.47.04.25.40 . Devis Gratuit &amp; Imm\u00e9diat.\" \/>\n<meta property=\"og:url\" content=\"https:\/\/avocat-gc.com\/divorce\/divorce-pour-faute\/\" \/>\n<meta property=\"og:site_name\" content=\"Avocat GC - Avocat Divorce\" \/>\n<meta property=\"article:modified_time\" content=\"2025-07-17T11:01:33+00:00\" \/>\n<meta name=\"twitter:card\" content=\"summary_large_image\" \/>\n<script type=\"application\/ld+json\" class=\"yoast-schema-graph\">{\"@context\":\"https:\\\/\\\/schema.org\",\"@graph\":[{\"@type\":\"WebPage\",\"@id\":\"https:\\\/\\\/avocat-gc.com\\\/divorce\\\/divorce-pour-faute\\\/\",\"url\":\"https:\\\/\\\/avocat-gc.com\\\/divorce\\\/divorce-pour-faute\\\/\",\"name\":\"Divorce pour faute - Avocat divorce pour faute\",\"isPartOf\":{\"@id\":\"https:\\\/\\\/avocat-gc.com\\\/divorce\\\/#website\"},\"datePublished\":\"2024-03-29T15:35:37+00:00\",\"dateModified\":\"2025-07-17T11:01:33+00:00\",\"description\":\"Vous souhaitez entamer une proc\u00e9dure de divorce pour faute ? Avocat GC, expert en divorce. T\u00e9l : 01.47.04.25.40 . Devis Gratuit & Imm\u00e9diat.\",\"breadcrumb\":{\"@id\":\"https:\\\/\\\/avocat-gc.com\\\/divorce\\\/divorce-pour-faute\\\/#breadcrumb\"},\"inLanguage\":\"fr-FR\",\"potentialAction\":[{\"@type\":\"ReadAction\",\"target\":[\"https:\\\/\\\/avocat-gc.com\\\/divorce\\\/divorce-pour-faute\\\/\"]}]},{\"@type\":\"BreadcrumbList\",\"@id\":\"https:\\\/\\\/avocat-gc.com\\\/divorce\\\/divorce-pour-faute\\\/#breadcrumb\",\"itemListElement\":[{\"@type\":\"ListItem\",\"position\":1,\"name\":\"Accueil\",\"item\":\"https:\\\/\\\/avocat-gc.com\\\/divorce\\\/\"},{\"@type\":\"ListItem\",\"position\":2,\"name\":\"Divorce pour faute\"}]},{\"@type\":\"WebSite\",\"@id\":\"https:\\\/\\\/avocat-gc.com\\\/divorce\\\/#website\",\"url\":\"https:\\\/\\\/avocat-gc.com\\\/divorce\\\/\",\"name\":\"Avocat GC - Avocat Divorce\",\"description\":\"\",\"publisher\":{\"@id\":\"https:\\\/\\\/avocat-gc.com\\\/divorce\\\/#organization\"},\"potentialAction\":[{\"@type\":\"SearchAction\",\"target\":{\"@type\":\"EntryPoint\",\"urlTemplate\":\"https:\\\/\\\/avocat-gc.com\\\/divorce\\\/?s={search_term_string}\"},\"query-input\":{\"@type\":\"PropertyValueSpecification\",\"valueRequired\":true,\"valueName\":\"search_term_string\"}}],\"inLanguage\":\"fr-FR\"},{\"@type\":\"Organization\",\"@id\":\"https:\\\/\\\/avocat-gc.com\\\/divorce\\\/#organization\",\"name\":\"Avocat GC - Avocat Divorce\",\"url\":\"https:\\\/\\\/avocat-gc.com\\\/divorce\\\/\",\"logo\":{\"@type\":\"ImageObject\",\"inLanguage\":\"fr-FR\",\"@id\":\"https:\\\/\\\/avocat-gc.com\\\/divorce\\\/#\\\/schema\\\/logo\\\/image\\\/\",\"url\":\"https:\\\/\\\/avocat-gc.com\\\/divorce\\\/wp-content\\\/uploads\\\/2024\\\/04\\\/cropped-Sans-titre.png\",\"contentUrl\":\"https:\\\/\\\/avocat-gc.com\\\/divorce\\\/wp-content\\\/uploads\\\/2024\\\/04\\\/cropped-Sans-titre.png\",\"width\":200,\"height\":180,\"caption\":\"Avocat GC - Avocat Divorce\"},\"image\":{\"@id\":\"https:\\\/\\\/avocat-gc.com\\\/divorce\\\/#\\\/schema\\\/logo\\\/image\\\/\"}}]}<\/script>\n<!-- \/ Yoast SEO plugin. -->","yoast_head_json":{"title":"Divorce pour faute - Avocat divorce pour faute","description":"Vous souhaitez entamer une proc\u00e9dure de divorce pour faute ? Avocat GC, expert en divorce. T\u00e9l : 01.47.04.25.40 . Devis Gratuit & Imm\u00e9diat.","robots":{"index":"index","follow":"follow","max-snippet":"max-snippet:-1","max-image-preview":"max-image-preview:large","max-video-preview":"max-video-preview:-1"},"canonical":"https:\/\/avocat-gc.com\/divorce\/divorce-pour-faute\/","og_locale":"fr_FR","og_type":"article","og_title":"Divorce pour faute - Avocat divorce pour faute","og_description":"Vous souhaitez entamer une proc\u00e9dure de divorce pour faute ? Avocat GC, expert en divorce. T\u00e9l : 01.47.04.25.40 . Devis Gratuit & Imm\u00e9diat.","og_url":"https:\/\/avocat-gc.com\/divorce\/divorce-pour-faute\/","og_site_name":"Avocat GC - Avocat Divorce","article_modified_time":"2025-07-17T11:01:33+00:00","twitter_card":"summary_large_image","schema":{"@context":"https:\/\/schema.org","@graph":[{"@type":"WebPage","@id":"https:\/\/avocat-gc.com\/divorce\/divorce-pour-faute\/","url":"https:\/\/avocat-gc.com\/divorce\/divorce-pour-faute\/","name":"Divorce pour faute - Avocat divorce pour faute","isPartOf":{"@id":"https:\/\/avocat-gc.com\/divorce\/#website"},"datePublished":"2024-03-29T15:35:37+00:00","dateModified":"2025-07-17T11:01:33+00:00","description":"Vous souhaitez entamer une proc\u00e9dure de divorce pour faute ? Avocat GC, expert en divorce. T\u00e9l : 01.47.04.25.40 . Devis Gratuit & Imm\u00e9diat.","breadcrumb":{"@id":"https:\/\/avocat-gc.com\/divorce\/divorce-pour-faute\/#breadcrumb"},"inLanguage":"fr-FR","potentialAction":[{"@type":"ReadAction","target":["https:\/\/avocat-gc.com\/divorce\/divorce-pour-faute\/"]}]},{"@type":"BreadcrumbList","@id":"https:\/\/avocat-gc.com\/divorce\/divorce-pour-faute\/#breadcrumb","itemListElement":[{"@type":"ListItem","position":1,"name":"Accueil","item":"https:\/\/avocat-gc.com\/divorce\/"},{"@type":"ListItem","position":2,"name":"Divorce pour faute"}]},{"@type":"WebSite","@id":"https:\/\/avocat-gc.com\/divorce\/#website","url":"https:\/\/avocat-gc.com\/divorce\/","name":"Avocat GC - Avocat Divorce","description":"","publisher":{"@id":"https:\/\/avocat-gc.com\/divorce\/#organization"},"potentialAction":[{"@type":"SearchAction","target":{"@type":"EntryPoint","urlTemplate":"https:\/\/avocat-gc.com\/divorce\/?s={search_term_string}"},"query-input":{"@type":"PropertyValueSpecification","valueRequired":true,"valueName":"search_term_string"}}],"inLanguage":"fr-FR"},{"@type":"Organization","@id":"https:\/\/avocat-gc.com\/divorce\/#organization","name":"Avocat GC - Avocat Divorce","url":"https:\/\/avocat-gc.com\/divorce\/","logo":{"@type":"ImageObject","inLanguage":"fr-FR","@id":"https:\/\/avocat-gc.com\/divorce\/#\/schema\/logo\/image\/","url":"https:\/\/avocat-gc.com\/divorce\/wp-content\/uploads\/2024\/04\/cropped-Sans-titre.png","contentUrl":"https:\/\/avocat-gc.com\/divorce\/wp-content\/uploads\/2024\/04\/cropped-Sans-titre.png","width":200,"height":180,"caption":"Avocat GC - Avocat Divorce"},"image":{"@id":"https:\/\/avocat-gc.com\/divorce\/#\/schema\/logo\/image\/"}}]}},"_links":{"self":[{"href":"https:\/\/avocat-gc.com\/divorce\/wp-json\/wp\/v2\/pages\/2973","targetHints":{"allow":["GET"]}}],"collection":[{"href":"https:\/\/avocat-gc.com\/divorce\/wp-json\/wp\/v2\/pages"}],"about":[{"href":"https:\/\/avocat-gc.com\/divorce\/wp-json\/wp\/v2\/types\/page"}],"author":[{"embeddable":true,"href":"https:\/\/avocat-gc.com\/divorce\/wp-json\/wp\/v2\/users\/1"}],"replies":[{"embeddable":true,"href":"https:\/\/avocat-gc.com\/divorce\/wp-json\/wp\/v2\/comments?post=2973"}],"version-history":[{"count":4,"href":"https:\/\/avocat-gc.com\/divorce\/wp-json\/wp\/v2\/pages\/2973\/revisions"}],"predecessor-version":[{"id":16006,"href":"https:\/\/avocat-gc.com\/divorce\/wp-json\/wp\/v2\/pages\/2973\/revisions\/16006"}],"wp:attachment":[{"href":"https:\/\/avocat-gc.com\/divorce\/wp-json\/wp\/v2\/media?parent=2973"}],"wp:term":[{"taxonomy":"priorite","embeddable":true,"href":"https:\/\/avocat-gc.com\/divorce\/wp-json\/wp\/v2\/priorite?post=2973"}],"curies":[{"name":"wp","href":"https:\/\/api.w.org\/{rel}","templated":true}]}}