{"id":2908,"date":"2024-03-29T15:35:29","date_gmt":"2024-03-29T15:35:29","guid":{"rendered":"https:\/\/avocat-gc.com\/divorce\/divorce-pour-faute-champigny-sur-marne\/"},"modified":"2024-03-29T15:35:29","modified_gmt":"2024-03-29T15:35:29","slug":"divorce-pour-faute-champigny-sur-marne","status":"publish","type":"page","link":"https:\/\/avocat-gc.com\/divorce\/divorce-pour-faute-champigny-sur-marne\/","title":{"rendered":"Divorce pour faute &#8211; Champigny-sur-Marne"},"content":{"rendered":"<h2> VOTRE DIVORCE POUR FAUTE \u00c0 CHAMPIGNY-SUR-MARNE (94)<\/h2>\n<h3>Qu&rsquo;est-ce que le divorce pour faute ?<\/h3>\n<p align=\"justify\">Le divorce pour faute est par d\u00e9finition un divorce conflictuel entre \u00e9poux. Il consiste \u00e0 reprocher les fautes les plus graves telles que les <a href=\"http:\/\/avocat-gc.com\/divorce\/violences-conjugales\/\">violences conjugales<\/a>, l&rsquo;adult\u00e8re, l&rsquo;abandon du domicile conjugal&#8230;<\/p>\n<p>Vous souhaitez divorcer \u00e0 Champigny-sur-Marne (94) ? Contactez notre AVOCAT DIVORCE<\/p>\n<h3>Quelles fautes permettent de justifier un divorce pour faute ?<\/h3>\n<p class=\"rtecenter\">\n<h3>Comment se d\u00e9roule une proc\u00e9dure de <a href=\"http:\/\/avocat-gc.com\/divorce\/divorce-pour-faute\/\">divorce pour faute<\/a> \u00e0 Champigny-sur-Marne (94) ?<\/h3>\n<p>1\u00e8re \u00e9tape : contactez votre cabinet d&rsquo;avocat<\/p>\n<p>2\u00e8me \u00e9tape : les audiences<br \/>\n\u25ba La 1\u00e8re audience est appel\u00e9e \u00ab audience de conciliation \u00bb, elle permet au juge de constater que les \u00e9poux refusent de se r\u00e9concilier.<br \/>\n\u25ba Le juge ne statue pas sur <a href=\"http:\/\/avocat-gc.com\/divorce\/adultere-divorce\/\">les fautes de l\u2019\u00e9poux<\/a> lors de cette audience mais il prendra des d\u00e9cisions provisoires en attendant le divorce d\u00e9finitif (qui conserve le domicile conjugal, lieu de <a href=\"http:\/\/avocat-gc.com\/divorce\/divorce-et-enfants\/\">r\u00e9sidence principal des enfants<\/a>, montant de la <a href=\"http:\/\/avocat-gc.com\/divorce\/pension-alimentaire-enfants\/\">pension alimentaire<\/a>, \u2026)<br \/>\n\u25ba Cette audience est g\u00e9n\u00e9ralement tr\u00e8s rapide (15 min.), audience au cours de laquelle chaque \u00e9poux est re\u00e7u seul par le juge, puis ensemble sans les avocats et enfin avec les avocats.<\/p>\n<p align=\"justify\">Une fois l\u2019audience de conciliation pass\u00e9e, d\u2019autres audiences auront lieu entre les avocats et le juge, audiences auxquelles vous n\u2019avez pas \u00e0 assister. Contrairement au <a href=\"\/divorce\/divorce-amiable\/\">divorce amiable<\/a>, le divorce pour faute est une proc\u00e9dure longue (de 1 \u00e0 4 ans).<\/p>\n<\/p>\n<p><a class=\"btn-page-interne btn-red-zone\" href=\"\/divorce\/devis-gratuit\/\" rel=\"nofollow\">Demandez un devis pour votre divorce pour faute \u00e0 Champigny-sur-Marne (94)<\/a> NOUS INTERVENONS \u00c0 CHAMPIGNY-SUR-MARNE (94) <a href=\"http:\/\/avocat-gc.com\/divorce\/avocat-divorce\/paris\/\" rel=\"nofollow noopener\" title=\"\" target=\"_parent\">Notre cabinet \u00e0 Paris<\/a> : 42 Rue de L\u00fcbeck, 75116 Paris 01 47 04 25 40<\/p>\n","protected":false},"excerpt":{"rendered":"<p>VOTRE DIVORCE POUR FAUTE \u00c0 CHAMPIGNY-SUR-MARNE (94) Qu&rsquo;est-ce que le divorce pour faute ? Le divorce pour faute est par d\u00e9finition un divorce conflictuel entre \u00e9poux. Il consiste \u00e0 reprocher les fautes les plus graves telles que les violences conjugales, l&rsquo;adult\u00e8re, l&rsquo;abandon du domicile conjugal&#8230; Vous souhaitez divorcer \u00e0 Champigny-sur-Marne (94) ? Contactez notre AVOCAT [&hellip;]<\/p>\n","protected":false},"author":1,"featured_media":0,"parent":0,"menu_order":0,"comment_status":"closed","ping_status":"closed","template":"","meta":{"_acf_changed":false,"inline_featured_image":false,"footnotes":""},"priorite":[],"class_list":["post-2908","page","type-page","status-publish","hentry"],"acf":[],"yoast_head":"<!-- This site is optimized with the Yoast SEO plugin v27.3 - https:\/\/yoast.com\/product\/yoast-seo-wordpress\/ -->\n<title>Divorce pour faute - Champigny-sur-Marne - Avocat Divorce<\/title>\n<meta name=\"description\" content=\"Divorce pour faute \u00e0 Champigny-sur-Marne (94) - violences conjugales, adult\u00e8re, abandon du domicile... Avocat GC - Divorcez rapidement - T\u00e9l : 01.47.04.25.40 . Devis Gratuit &amp; Imm\u00e9diat.\" \/>\n<meta name=\"robots\" content=\"index, follow, max-snippet:-1, max-image-preview:large, max-video-preview:-1\" \/>\n<link rel=\"canonical\" href=\"https:\/\/avocat-gc.com\/divorce\/divorce-pour-faute-champigny-sur-marne\/\" \/>\n<meta property=\"og:locale\" content=\"fr_FR\" \/>\n<meta property=\"og:type\" content=\"article\" \/>\n<meta property=\"og:title\" content=\"Divorce pour faute - Champigny-sur-Marne - Avocat Divorce\" \/>\n<meta property=\"og:description\" content=\"Divorce pour faute \u00e0 Champigny-sur-Marne (94) - violences conjugales, adult\u00e8re, abandon du domicile... Avocat GC - Divorcez rapidement - T\u00e9l : 01.47.04.25.40 . Devis Gratuit &amp; Imm\u00e9diat.\" \/>\n<meta property=\"og:url\" content=\"https:\/\/avocat-gc.com\/divorce\/divorce-pour-faute-champigny-sur-marne\/\" \/>\n<meta property=\"og:site_name\" content=\"Avocat GC - Avocat Divorce\" \/>\n<meta name=\"twitter:card\" content=\"summary_large_image\" \/>\n<script type=\"application\/ld+json\" class=\"yoast-schema-graph\">{\"@context\":\"https:\\\/\\\/schema.org\",\"@graph\":[{\"@type\":\"WebPage\",\"@id\":\"https:\\\/\\\/avocat-gc.com\\\/divorce\\\/divorce-pour-faute-champigny-sur-marne\\\/\",\"url\":\"https:\\\/\\\/avocat-gc.com\\\/divorce\\\/divorce-pour-faute-champigny-sur-marne\\\/\",\"name\":\"Divorce pour faute - Champigny-sur-Marne - Avocat Divorce\",\"isPartOf\":{\"@id\":\"https:\\\/\\\/avocat-gc.com\\\/divorce\\\/#website\"},\"datePublished\":\"2024-03-29T15:35:29+00:00\",\"description\":\"Divorce pour faute \u00e0 Champigny-sur-Marne (94) - violences conjugales, adult\u00e8re, abandon du domicile... Avocat GC - Divorcez rapidement - T\u00e9l : 01.47.04.25.40 . Devis Gratuit & Imm\u00e9diat.\",\"breadcrumb\":{\"@id\":\"https:\\\/\\\/avocat-gc.com\\\/divorce\\\/divorce-pour-faute-champigny-sur-marne\\\/#breadcrumb\"},\"inLanguage\":\"fr-FR\",\"potentialAction\":[{\"@type\":\"ReadAction\",\"target\":[\"https:\\\/\\\/avocat-gc.com\\\/divorce\\\/divorce-pour-faute-champigny-sur-marne\\\/\"]}]},{\"@type\":\"BreadcrumbList\",\"@id\":\"https:\\\/\\\/avocat-gc.com\\\/divorce\\\/divorce-pour-faute-champigny-sur-marne\\\/#breadcrumb\",\"itemListElement\":[{\"@type\":\"ListItem\",\"position\":1,\"name\":\"Accueil\",\"item\":\"https:\\\/\\\/avocat-gc.com\\\/divorce\\\/\"},{\"@type\":\"ListItem\",\"position\":2,\"name\":\"Divorce pour faute &#8211; Champigny-sur-Marne\"}]},{\"@type\":\"WebSite\",\"@id\":\"https:\\\/\\\/avocat-gc.com\\\/divorce\\\/#website\",\"url\":\"https:\\\/\\\/avocat-gc.com\\\/divorce\\\/\",\"name\":\"Avocat GC - Avocat Divorce\",\"description\":\"\",\"publisher\":{\"@id\":\"https:\\\/\\\/avocat-gc.com\\\/divorce\\\/#organization\"},\"potentialAction\":[{\"@type\":\"SearchAction\",\"target\":{\"@type\":\"EntryPoint\",\"urlTemplate\":\"https:\\\/\\\/avocat-gc.com\\\/divorce\\\/?s={search_term_string}\"},\"query-input\":{\"@type\":\"PropertyValueSpecification\",\"valueRequired\":true,\"valueName\":\"search_term_string\"}}],\"inLanguage\":\"fr-FR\"},{\"@type\":\"Organization\",\"@id\":\"https:\\\/\\\/avocat-gc.com\\\/divorce\\\/#organization\",\"name\":\"Avocat GC - Avocat Divorce\",\"url\":\"https:\\\/\\\/avocat-gc.com\\\/divorce\\\/\",\"logo\":{\"@type\":\"ImageObject\",\"inLanguage\":\"fr-FR\",\"@id\":\"https:\\\/\\\/avocat-gc.com\\\/divorce\\\/#\\\/schema\\\/logo\\\/image\\\/\",\"url\":\"https:\\\/\\\/avocat-gc.com\\\/divorce\\\/wp-content\\\/uploads\\\/2024\\\/04\\\/cropped-Sans-titre.png\",\"contentUrl\":\"https:\\\/\\\/avocat-gc.com\\\/divorce\\\/wp-content\\\/uploads\\\/2024\\\/04\\\/cropped-Sans-titre.png\",\"width\":200,\"height\":180,\"caption\":\"Avocat GC - Avocat Divorce\"},\"image\":{\"@id\":\"https:\\\/\\\/avocat-gc.com\\\/divorce\\\/#\\\/schema\\\/logo\\\/image\\\/\"}}]}<\/script>\n<!-- \/ Yoast SEO plugin. -->","yoast_head_json":{"title":"Divorce pour faute - Champigny-sur-Marne - Avocat Divorce","description":"Divorce pour faute \u00e0 Champigny-sur-Marne (94) - violences conjugales, adult\u00e8re, abandon du domicile... Avocat GC - Divorcez rapidement - T\u00e9l : 01.47.04.25.40 . Devis Gratuit & Imm\u00e9diat.","robots":{"index":"index","follow":"follow","max-snippet":"max-snippet:-1","max-image-preview":"max-image-preview:large","max-video-preview":"max-video-preview:-1"},"canonical":"https:\/\/avocat-gc.com\/divorce\/divorce-pour-faute-champigny-sur-marne\/","og_locale":"fr_FR","og_type":"article","og_title":"Divorce pour faute - Champigny-sur-Marne - Avocat Divorce","og_description":"Divorce pour faute \u00e0 Champigny-sur-Marne (94) - violences conjugales, adult\u00e8re, abandon du domicile... Avocat GC - Divorcez rapidement - T\u00e9l : 01.47.04.25.40 . Devis Gratuit & Imm\u00e9diat.","og_url":"https:\/\/avocat-gc.com\/divorce\/divorce-pour-faute-champigny-sur-marne\/","og_site_name":"Avocat GC - Avocat Divorce","twitter_card":"summary_large_image","schema":{"@context":"https:\/\/schema.org","@graph":[{"@type":"WebPage","@id":"https:\/\/avocat-gc.com\/divorce\/divorce-pour-faute-champigny-sur-marne\/","url":"https:\/\/avocat-gc.com\/divorce\/divorce-pour-faute-champigny-sur-marne\/","name":"Divorce pour faute - Champigny-sur-Marne - Avocat Divorce","isPartOf":{"@id":"https:\/\/avocat-gc.com\/divorce\/#website"},"datePublished":"2024-03-29T15:35:29+00:00","description":"Divorce pour faute \u00e0 Champigny-sur-Marne (94) - violences conjugales, adult\u00e8re, abandon du domicile... Avocat GC - Divorcez rapidement - T\u00e9l : 01.47.04.25.40 . Devis Gratuit & Imm\u00e9diat.","breadcrumb":{"@id":"https:\/\/avocat-gc.com\/divorce\/divorce-pour-faute-champigny-sur-marne\/#breadcrumb"},"inLanguage":"fr-FR","potentialAction":[{"@type":"ReadAction","target":["https:\/\/avocat-gc.com\/divorce\/divorce-pour-faute-champigny-sur-marne\/"]}]},{"@type":"BreadcrumbList","@id":"https:\/\/avocat-gc.com\/divorce\/divorce-pour-faute-champigny-sur-marne\/#breadcrumb","itemListElement":[{"@type":"ListItem","position":1,"name":"Accueil","item":"https:\/\/avocat-gc.com\/divorce\/"},{"@type":"ListItem","position":2,"name":"Divorce pour faute &#8211; Champigny-sur-Marne"}]},{"@type":"WebSite","@id":"https:\/\/avocat-gc.com\/divorce\/#website","url":"https:\/\/avocat-gc.com\/divorce\/","name":"Avocat GC - Avocat Divorce","description":"","publisher":{"@id":"https:\/\/avocat-gc.com\/divorce\/#organization"},"potentialAction":[{"@type":"SearchAction","target":{"@type":"EntryPoint","urlTemplate":"https:\/\/avocat-gc.com\/divorce\/?s={search_term_string}"},"query-input":{"@type":"PropertyValueSpecification","valueRequired":true,"valueName":"search_term_string"}}],"inLanguage":"fr-FR"},{"@type":"Organization","@id":"https:\/\/avocat-gc.com\/divorce\/#organization","name":"Avocat GC - Avocat Divorce","url":"https:\/\/avocat-gc.com\/divorce\/","logo":{"@type":"ImageObject","inLanguage":"fr-FR","@id":"https:\/\/avocat-gc.com\/divorce\/#\/schema\/logo\/image\/","url":"https:\/\/avocat-gc.com\/divorce\/wp-content\/uploads\/2024\/04\/cropped-Sans-titre.png","contentUrl":"https:\/\/avocat-gc.com\/divorce\/wp-content\/uploads\/2024\/04\/cropped-Sans-titre.png","width":200,"height":180,"caption":"Avocat GC - Avocat Divorce"},"image":{"@id":"https:\/\/avocat-gc.com\/divorce\/#\/schema\/logo\/image\/"}}]}},"_links":{"self":[{"href":"https:\/\/avocat-gc.com\/divorce\/wp-json\/wp\/v2\/pages\/2908","targetHints":{"allow":["GET"]}}],"collection":[{"href":"https:\/\/avocat-gc.com\/divorce\/wp-json\/wp\/v2\/pages"}],"about":[{"href":"https:\/\/avocat-gc.com\/divorce\/wp-json\/wp\/v2\/types\/page"}],"author":[{"embeddable":true,"href":"https:\/\/avocat-gc.com\/divorce\/wp-json\/wp\/v2\/users\/1"}],"replies":[{"embeddable":true,"href":"https:\/\/avocat-gc.com\/divorce\/wp-json\/wp\/v2\/comments?post=2908"}],"version-history":[{"count":0,"href":"https:\/\/avocat-gc.com\/divorce\/wp-json\/wp\/v2\/pages\/2908\/revisions"}],"wp:attachment":[{"href":"https:\/\/avocat-gc.com\/divorce\/wp-json\/wp\/v2\/media?parent=2908"}],"wp:term":[{"taxonomy":"priorite","embeddable":true,"href":"https:\/\/avocat-gc.com\/divorce\/wp-json\/wp\/v2\/priorite?post=2908"}],"curies":[{"name":"wp","href":"https:\/\/api.w.org\/{rel}","templated":true}]}}