{"id":2899,"date":"2024-03-29T15:35:29","date_gmt":"2024-03-29T15:35:29","guid":{"rendered":"https:\/\/avocat-gc.com\/divorce\/divorce-gratuit\/"},"modified":"2026-01-21T12:12:17","modified_gmt":"2026-01-21T12:12:17","slug":"divorce-gratuit","status":"publish","type":"page","link":"https:\/\/avocat-gc.com\/divorce\/divorce-gratuit\/","title":{"rendered":"Divorce Gratuit"},"content":{"rendered":"\n<h2 class=\"wp-block-heading\">Divorce Gratuit si vous b\u00e9n\u00e9ficiez de l\u2019aide juridictionnelle totale<\/h2>\n\n\n\n<p><strong>L\u2019aide juridictionnelle<\/strong> permet si vous avez des revenus peu \u00e9lev\u00e9s de b\u00e9n\u00e9ficier d\u2019une prise en charge totale ou partielle par l\u2019Etat fran\u00e7ais des honoraires et frais de justice de mon cabinet.<\/p>\n\n\n\n<p><strong>Le cabinet propose de vous divorcer gratuitement si&nbsp;:<\/strong><\/p>\n\n\n<style>.wp-block-kadence-iconlist.kt-svg-icon-list-items2899_e24b63-fb:not(.this-stops-third-party-issues){margin-top:0px;margin-bottom:0px;}.wp-block-kadence-iconlist.kt-svg-icon-list-items2899_e24b63-fb ul.kt-svg-icon-list:not(.this-prevents-issues):not(.this-stops-third-party-issues):not(.tijsloc){margin-top:0px;margin-right:0px;margin-bottom:var(--global-kb-spacing-sm, 1.5rem);margin-left:0px;}.wp-block-kadence-iconlist.kt-svg-icon-list-items2899_e24b63-fb ul.kt-svg-icon-list{grid-row-gap:5px;}.wp-block-kadence-iconlist.kt-svg-icon-list-items2899_e24b63-fb ul.kt-svg-icon-list .kt-svg-icon-list-item-wrap .kt-svg-icon-list-single{margin-right:10px;}.kt-svg-icon-list-items2899_e24b63-fb ul.kt-svg-icon-list .kt-svg-icon-list-level-0 .kt-svg-icon-list-single svg{font-size:20px;}<\/style>\n<div class=\"wp-block-kadence-iconlist kt-svg-icon-list-items kt-svg-icon-list-items2899_e24b63-fb kt-svg-icon-list-columns-1 alignnone\"><ul class=\"kt-svg-icon-list\"><style>.kt-svg-icon-list-item-2899_10cde1-0a .kt-svg-icon-list-text mark.kt-highlight{background-color:unset;font-style:normal;color:#f76a0c;-webkit-box-decoration-break:clone;box-decoration-break:clone;padding-top:0px;padding-right:0px;padding-bottom:0px;padding-left:0px;}<\/style>\n<li class=\"wp-block-kadence-listitem kt-svg-icon-list-item-wrap kt-svg-icon-list-item-2899_10cde1-0a\"><span class=\"kb-svg-icon-wrap kb-svg-icon-fe_checkCircle kt-svg-icon-list-single\"><svg viewBox=\"0 0 24 24\"  fill=\"none\" stroke=\"currentColor\" stroke-width=\"2\" stroke-linecap=\"round\" stroke-linejoin=\"round\" xmlns=\"http:\/\/www.w3.org\/2000\/svg\"  aria-hidden=\"true\"><path d=\"M22 11.08V12a10 10 0 1 1-5.93-9.14\"\/><polyline points=\"22 4 12 14.01 9 11.01\"\/><\/svg><\/span><span class=\"kt-svg-icon-list-text\">Vous b\u00e9n\u00e9ficiez de l\u2019aide juridictionnelle totale pour un divorce par consentement mutuel.<\/span><\/li>\n\n\n<style>.kt-svg-icon-list-item-2899_bbf3d1-01 .kt-svg-icon-list-text mark.kt-highlight{background-color:unset;font-style:normal;color:#f76a0c;-webkit-box-decoration-break:clone;box-decoration-break:clone;padding-top:0px;padding-right:0px;padding-bottom:0px;padding-left:0px;}<\/style>\n<li class=\"wp-block-kadence-listitem kt-svg-icon-list-item-wrap kt-svg-icon-list-item-2899_bbf3d1-01\"><span class=\"kb-svg-icon-wrap kb-svg-icon-fe_checkCircle kt-svg-icon-list-single\"><svg viewBox=\"0 0 24 24\"  fill=\"none\" stroke=\"currentColor\" stroke-width=\"2\" stroke-linecap=\"round\" stroke-linejoin=\"round\" xmlns=\"http:\/\/www.w3.org\/2000\/svg\"  aria-hidden=\"true\"><path d=\"M22 11.08V12a10 10 0 1 1-5.93-9.14\"\/><polyline points=\"22 4 12 14.01 9 11.01\"\/><\/svg><\/span><span class=\"kt-svg-icon-list-text\">Vous adressez le formulaire de demande d\u2019aide juridictionnelle (mettre le nom de mon cabinet en bas de la page 2 du formulaire) au bureau comp\u00e9tent (bureau du Tribunal de Grande Instance de votre domicile).<\/span><\/li>\n<\/ul><\/div>\n\n\n\n<p><br>L&rsquo;aide juridictionnelle pour le divorce est une aide financi\u00e8re accord\u00e9e par l&rsquo;\u00c9tat pour permettre aux personnes aux ressources limit\u00e9es de b\u00e9n\u00e9ficier de services juridiques. Vous pouvez en b\u00e9n\u00e9ficier pour l&rsquo;assistance d&rsquo;un avocat dans le cadre de la proc\u00e9dure de divorce. Cette aide est destin\u00e9e \u00e0 couvrir tout ou partie des frais juridiques selon les revenus du demandeur.<\/p>\n\n\n<div class=\"wp-block-image\">\n<figure class=\"alignleft size-large is-resized\"><img decoding=\"async\" width=\"1024\" height=\"696\" src=\"https:\/\/avocat-gc.com\/divorce\/wp-content\/uploads\/2024\/04\/edu-lauton-TyQ-0lPp6e4-unsplash-1024x696.jpg\" alt=\"L'aide juridictionnelle pour le divorce est une aide financi\u00e8re accord\u00e9e par l'\u00c9tat\" class=\"wp-image-14168\" style=\"width:309px;height:auto\" srcset=\"https:\/\/avocat-gc.com\/divorce\/wp-content\/uploads\/2024\/04\/edu-lauton-TyQ-0lPp6e4-unsplash-1024x696.jpg 1024w, https:\/\/avocat-gc.com\/divorce\/wp-content\/uploads\/2024\/04\/edu-lauton-TyQ-0lPp6e4-unsplash-scaled.jpg 2048w, https:\/\/avocat-gc.com\/divorce\/wp-content\/uploads\/2024\/04\/edu-lauton-TyQ-0lPp6e4-unsplash-300x204.jpg 300w, https:\/\/avocat-gc.com\/divorce\/wp-content\/uploads\/2024\/04\/edu-lauton-TyQ-0lPp6e4-unsplash-768x522.jpg 768w, https:\/\/avocat-gc.com\/divorce\/wp-content\/uploads\/2024\/04\/edu-lauton-TyQ-0lPp6e4-unsplash-1536x1045.jpg 1536w\" sizes=\"(max-width: 1024px) 100vw, 1024px\" \/><\/figure>\n<\/div>\n\n\n<p>Vous devez r\u00e9pondre \u00e0 <strong>certains crit\u00e8res de ressources<\/strong> d\u00e9finis par la l\u00e9gislation en vigueur. Les plafonds de ressources sont r\u00e9guli\u00e8rement mis \u00e0 jour et peuvent varier en fonction de la composition du foyer. Cette aide \u00e0 l&rsquo;acc\u00e8s \u00e0 la justice peut \u00eatre totale ou partielle : elle prend en charge la totalit\u00e9 des frais si les ressources sont tr\u00e8s limit\u00e9es, ou une partie si les ressources d\u00e9passent l\u00e9g\u00e8rement le seuil minimal.<\/p>\n\n\n\n<p>Vous devez d\u00e9poser le dossier aupr\u00e8s du bureau d&rsquo;aide juridictionnelle.  Le bureau est situ\u00e9 g\u00e9n\u00e9ralement dans le tribunal de grande instance le plus proche. Vous devez fournir tous les documents requis pour prouver les ressources et les charges, notamment les avis d&rsquo;imposition, les relev\u00e9s de compte et les justificatifs de charges.<\/p>\n\n\n\n<p>N\u2019h\u00e9sitez pas \u00e0 me contacter au 01.47.04.25.40 afin que je puisse vous aider \u00e0 en b\u00e9n\u00e9ficier.<\/p>\n\n\n\n<p>Pour en savoir plus :<br><a href=\"https:\/\/avocat-gc.com\/divorce\/wp-content\/uploads\/2024\/05\/Formulaire-de-demande-AJ.pdf\" target=\"_blank\" rel=\"noreferrer noopener\">T\u00e9lechargez le formulaire de demande d&rsquo;aide<\/a> <br><a href=\"http:\/\/avocat-gc.com\/divorce\/wp-content\/uploads\/2024\/04\/demande_aj_notice.pdf\" target=\"_blank\" rel=\"noopener\">Notice explicative<\/a><br><a href=\"https:\/\/www.justice.fr\/simulateurs\/aide\/bareme\" target=\"_blank\" rel=\"noopener\">Consultez les bar\u00e8mes<\/a><\/p>\n","protected":false},"excerpt":{"rendered":"<p>Divorce Gratuit si vous b\u00e9n\u00e9ficiez de l\u2019aide juridictionnelle totale L\u2019aide juridictionnelle permet si vous avez des revenus peu \u00e9lev\u00e9s de b\u00e9n\u00e9ficier d\u2019une prise en charge totale ou partielle par l\u2019Etat fran\u00e7ais des honoraires et frais de justice de mon cabinet. Le cabinet propose de vous divorcer gratuitement si&nbsp;: L&rsquo;aide juridictionnelle pour le divorce est une [&hellip;]<\/p>\n","protected":false},"author":1,"featured_media":14168,"parent":0,"menu_order":0,"comment_status":"closed","ping_status":"closed","template":"","meta":{"_acf_changed":false,"inline_featured_image":false,"footnotes":""},"priorite":[4],"class_list":["post-2899","page","type-page","status-publish","has-post-thumbnail","hentry","priorite-haute"],"acf":[],"yoast_head":"<!-- This site is optimized with the Yoast SEO plugin v27.5 - https:\/\/yoast.com\/product\/yoast-seo-wordpress\/ -->\n<title>Divorce Gratuit avec l&#039;aide juridictionnelle - Avocat Divorce<\/title>\n<meta name=\"description\" content=\"L\u2019aide juridictionnelle permet de b\u00e9n\u00e9ficier d\u2019une prise en charge totale ou partielle par l\u2019\u00c9tat des honoraires de notre cabinet. T\u00e9l\u00e9chargez le formulaire\" \/>\n<meta name=\"robots\" content=\"index, follow, max-snippet:-1, max-image-preview:large, max-video-preview:-1\" \/>\n<link rel=\"canonical\" href=\"https:\/\/avocat-gc.com\/divorce\/divorce-gratuit\/\" \/>\n<meta property=\"og:locale\" content=\"fr_FR\" \/>\n<meta property=\"og:type\" content=\"article\" \/>\n<meta property=\"og:title\" content=\"Divorce Gratuit avec l&#039;aide juridictionnelle - Avocat Divorce\" \/>\n<meta property=\"og:description\" content=\"L\u2019aide juridictionnelle permet de b\u00e9n\u00e9ficier d\u2019une prise en charge totale ou partielle par l\u2019\u00c9tat des honoraires de notre cabinet. T\u00e9l\u00e9chargez le formulaire\" \/>\n<meta property=\"og:url\" content=\"https:\/\/avocat-gc.com\/divorce\/divorce-gratuit\/\" \/>\n<meta property=\"og:site_name\" content=\"Avocat GC - Avocat Divorce\" \/>\n<meta property=\"article:modified_time\" content=\"2026-01-21T12:12:17+00:00\" \/>\n<meta property=\"og:image\" content=\"https:\/\/avocat-gc.com\/divorce\/wp-content\/uploads\/2024\/04\/edu-lauton-TyQ-0lPp6e4-unsplash-scaled.jpg\" \/>\n\t<meta property=\"og:image:width\" content=\"2048\" \/>\n\t<meta property=\"og:image:height\" content=\"1393\" \/>\n\t<meta property=\"og:image:type\" content=\"image\/jpeg\" \/>\n<meta name=\"twitter:card\" content=\"summary_large_image\" \/>\n<script type=\"application\/ld+json\" class=\"yoast-schema-graph\">{\"@context\":\"https:\\\/\\\/schema.org\",\"@graph\":[{\"@type\":\"WebPage\",\"@id\":\"https:\\\/\\\/avocat-gc.com\\\/divorce\\\/divorce-gratuit\\\/\",\"url\":\"https:\\\/\\\/avocat-gc.com\\\/divorce\\\/divorce-gratuit\\\/\",\"name\":\"Divorce Gratuit avec l'aide juridictionnelle - Avocat Divorce\",\"isPartOf\":{\"@id\":\"https:\\\/\\\/avocat-gc.com\\\/divorce\\\/#website\"},\"primaryImageOfPage\":{\"@id\":\"https:\\\/\\\/avocat-gc.com\\\/divorce\\\/divorce-gratuit\\\/#primaryimage\"},\"image\":{\"@id\":\"https:\\\/\\\/avocat-gc.com\\\/divorce\\\/divorce-gratuit\\\/#primaryimage\"},\"thumbnailUrl\":\"https:\\\/\\\/avocat-gc.com\\\/divorce\\\/wp-content\\\/uploads\\\/2024\\\/04\\\/edu-lauton-TyQ-0lPp6e4-unsplash-scaled.jpg\",\"datePublished\":\"2024-03-29T15:35:29+00:00\",\"dateModified\":\"2026-01-21T12:12:17+00:00\",\"description\":\"L\u2019aide juridictionnelle permet de b\u00e9n\u00e9ficier d\u2019une prise en charge totale ou partielle par l\u2019\u00c9tat des honoraires de notre cabinet. T\u00e9l\u00e9chargez le formulaire\",\"breadcrumb\":{\"@id\":\"https:\\\/\\\/avocat-gc.com\\\/divorce\\\/divorce-gratuit\\\/#breadcrumb\"},\"inLanguage\":\"fr-FR\",\"potentialAction\":[{\"@type\":\"ReadAction\",\"target\":[\"https:\\\/\\\/avocat-gc.com\\\/divorce\\\/divorce-gratuit\\\/\"]}]},{\"@type\":\"ImageObject\",\"inLanguage\":\"fr-FR\",\"@id\":\"https:\\\/\\\/avocat-gc.com\\\/divorce\\\/divorce-gratuit\\\/#primaryimage\",\"url\":\"https:\\\/\\\/avocat-gc.com\\\/divorce\\\/wp-content\\\/uploads\\\/2024\\\/04\\\/edu-lauton-TyQ-0lPp6e4-unsplash-scaled.jpg\",\"contentUrl\":\"https:\\\/\\\/avocat-gc.com\\\/divorce\\\/wp-content\\\/uploads\\\/2024\\\/04\\\/edu-lauton-TyQ-0lPp6e4-unsplash-scaled.jpg\",\"width\":2048,\"height\":1393},{\"@type\":\"BreadcrumbList\",\"@id\":\"https:\\\/\\\/avocat-gc.com\\\/divorce\\\/divorce-gratuit\\\/#breadcrumb\",\"itemListElement\":[{\"@type\":\"ListItem\",\"position\":1,\"name\":\"Accueil\",\"item\":\"https:\\\/\\\/avocat-gc.com\\\/divorce\\\/\"},{\"@type\":\"ListItem\",\"position\":2,\"name\":\"Divorce Gratuit\"}]},{\"@type\":\"WebSite\",\"@id\":\"https:\\\/\\\/avocat-gc.com\\\/divorce\\\/#website\",\"url\":\"https:\\\/\\\/avocat-gc.com\\\/divorce\\\/\",\"name\":\"Avocat GC - Avocat Divorce\",\"description\":\"\",\"publisher\":{\"@id\":\"https:\\\/\\\/avocat-gc.com\\\/divorce\\\/#organization\"},\"potentialAction\":[{\"@type\":\"SearchAction\",\"target\":{\"@type\":\"EntryPoint\",\"urlTemplate\":\"https:\\\/\\\/avocat-gc.com\\\/divorce\\\/?s={search_term_string}\"},\"query-input\":{\"@type\":\"PropertyValueSpecification\",\"valueRequired\":true,\"valueName\":\"search_term_string\"}}],\"inLanguage\":\"fr-FR\"},{\"@type\":\"Organization\",\"@id\":\"https:\\\/\\\/avocat-gc.com\\\/divorce\\\/#organization\",\"name\":\"Avocat GC - Avocat Divorce\",\"url\":\"https:\\\/\\\/avocat-gc.com\\\/divorce\\\/\",\"logo\":{\"@type\":\"ImageObject\",\"inLanguage\":\"fr-FR\",\"@id\":\"https:\\\/\\\/avocat-gc.com\\\/divorce\\\/#\\\/schema\\\/logo\\\/image\\\/\",\"url\":\"https:\\\/\\\/avocat-gc.com\\\/divorce\\\/wp-content\\\/uploads\\\/2024\\\/04\\\/cropped-Sans-titre.png\",\"contentUrl\":\"https:\\\/\\\/avocat-gc.com\\\/divorce\\\/wp-content\\\/uploads\\\/2024\\\/04\\\/cropped-Sans-titre.png\",\"width\":200,\"height\":180,\"caption\":\"Avocat GC - Avocat Divorce\"},\"image\":{\"@id\":\"https:\\\/\\\/avocat-gc.com\\\/divorce\\\/#\\\/schema\\\/logo\\\/image\\\/\"}}]}<\/script>\n<!-- \/ Yoast SEO plugin. -->","yoast_head_json":{"title":"Divorce Gratuit avec l'aide juridictionnelle - Avocat Divorce","description":"L\u2019aide juridictionnelle permet de b\u00e9n\u00e9ficier d\u2019une prise en charge totale ou partielle par l\u2019\u00c9tat des honoraires de notre cabinet. T\u00e9l\u00e9chargez le formulaire","robots":{"index":"index","follow":"follow","max-snippet":"max-snippet:-1","max-image-preview":"max-image-preview:large","max-video-preview":"max-video-preview:-1"},"canonical":"https:\/\/avocat-gc.com\/divorce\/divorce-gratuit\/","og_locale":"fr_FR","og_type":"article","og_title":"Divorce Gratuit avec l'aide juridictionnelle - Avocat Divorce","og_description":"L\u2019aide juridictionnelle permet de b\u00e9n\u00e9ficier d\u2019une prise en charge totale ou partielle par l\u2019\u00c9tat des honoraires de notre cabinet. T\u00e9l\u00e9chargez le formulaire","og_url":"https:\/\/avocat-gc.com\/divorce\/divorce-gratuit\/","og_site_name":"Avocat GC - Avocat Divorce","article_modified_time":"2026-01-21T12:12:17+00:00","og_image":[{"width":2048,"height":1393,"url":"https:\/\/avocat-gc.com\/divorce\/wp-content\/uploads\/2024\/04\/edu-lauton-TyQ-0lPp6e4-unsplash-scaled.jpg","type":"image\/jpeg"}],"twitter_card":"summary_large_image","schema":{"@context":"https:\/\/schema.org","@graph":[{"@type":"WebPage","@id":"https:\/\/avocat-gc.com\/divorce\/divorce-gratuit\/","url":"https:\/\/avocat-gc.com\/divorce\/divorce-gratuit\/","name":"Divorce Gratuit avec l'aide juridictionnelle - Avocat Divorce","isPartOf":{"@id":"https:\/\/avocat-gc.com\/divorce\/#website"},"primaryImageOfPage":{"@id":"https:\/\/avocat-gc.com\/divorce\/divorce-gratuit\/#primaryimage"},"image":{"@id":"https:\/\/avocat-gc.com\/divorce\/divorce-gratuit\/#primaryimage"},"thumbnailUrl":"https:\/\/avocat-gc.com\/divorce\/wp-content\/uploads\/2024\/04\/edu-lauton-TyQ-0lPp6e4-unsplash-scaled.jpg","datePublished":"2024-03-29T15:35:29+00:00","dateModified":"2026-01-21T12:12:17+00:00","description":"L\u2019aide juridictionnelle permet de b\u00e9n\u00e9ficier d\u2019une prise en charge totale ou partielle par l\u2019\u00c9tat des honoraires de notre cabinet. T\u00e9l\u00e9chargez le formulaire","breadcrumb":{"@id":"https:\/\/avocat-gc.com\/divorce\/divorce-gratuit\/#breadcrumb"},"inLanguage":"fr-FR","potentialAction":[{"@type":"ReadAction","target":["https:\/\/avocat-gc.com\/divorce\/divorce-gratuit\/"]}]},{"@type":"ImageObject","inLanguage":"fr-FR","@id":"https:\/\/avocat-gc.com\/divorce\/divorce-gratuit\/#primaryimage","url":"https:\/\/avocat-gc.com\/divorce\/wp-content\/uploads\/2024\/04\/edu-lauton-TyQ-0lPp6e4-unsplash-scaled.jpg","contentUrl":"https:\/\/avocat-gc.com\/divorce\/wp-content\/uploads\/2024\/04\/edu-lauton-TyQ-0lPp6e4-unsplash-scaled.jpg","width":2048,"height":1393},{"@type":"BreadcrumbList","@id":"https:\/\/avocat-gc.com\/divorce\/divorce-gratuit\/#breadcrumb","itemListElement":[{"@type":"ListItem","position":1,"name":"Accueil","item":"https:\/\/avocat-gc.com\/divorce\/"},{"@type":"ListItem","position":2,"name":"Divorce Gratuit"}]},{"@type":"WebSite","@id":"https:\/\/avocat-gc.com\/divorce\/#website","url":"https:\/\/avocat-gc.com\/divorce\/","name":"Avocat GC - Avocat Divorce","description":"","publisher":{"@id":"https:\/\/avocat-gc.com\/divorce\/#organization"},"potentialAction":[{"@type":"SearchAction","target":{"@type":"EntryPoint","urlTemplate":"https:\/\/avocat-gc.com\/divorce\/?s={search_term_string}"},"query-input":{"@type":"PropertyValueSpecification","valueRequired":true,"valueName":"search_term_string"}}],"inLanguage":"fr-FR"},{"@type":"Organization","@id":"https:\/\/avocat-gc.com\/divorce\/#organization","name":"Avocat GC - Avocat Divorce","url":"https:\/\/avocat-gc.com\/divorce\/","logo":{"@type":"ImageObject","inLanguage":"fr-FR","@id":"https:\/\/avocat-gc.com\/divorce\/#\/schema\/logo\/image\/","url":"https:\/\/avocat-gc.com\/divorce\/wp-content\/uploads\/2024\/04\/cropped-Sans-titre.png","contentUrl":"https:\/\/avocat-gc.com\/divorce\/wp-content\/uploads\/2024\/04\/cropped-Sans-titre.png","width":200,"height":180,"caption":"Avocat GC - Avocat Divorce"},"image":{"@id":"https:\/\/avocat-gc.com\/divorce\/#\/schema\/logo\/image\/"}}]}},"_links":{"self":[{"href":"https:\/\/avocat-gc.com\/divorce\/wp-json\/wp\/v2\/pages\/2899","targetHints":{"allow":["GET"]}}],"collection":[{"href":"https:\/\/avocat-gc.com\/divorce\/wp-json\/wp\/v2\/pages"}],"about":[{"href":"https:\/\/avocat-gc.com\/divorce\/wp-json\/wp\/v2\/types\/page"}],"author":[{"embeddable":true,"href":"https:\/\/avocat-gc.com\/divorce\/wp-json\/wp\/v2\/users\/1"}],"replies":[{"embeddable":true,"href":"https:\/\/avocat-gc.com\/divorce\/wp-json\/wp\/v2\/comments?post=2899"}],"version-history":[{"count":6,"href":"https:\/\/avocat-gc.com\/divorce\/wp-json\/wp\/v2\/pages\/2899\/revisions"}],"predecessor-version":[{"id":16477,"href":"https:\/\/avocat-gc.com\/divorce\/wp-json\/wp\/v2\/pages\/2899\/revisions\/16477"}],"wp:featuredmedia":[{"embeddable":true,"href":"https:\/\/avocat-gc.com\/divorce\/wp-json\/wp\/v2\/media\/14168"}],"wp:attachment":[{"href":"https:\/\/avocat-gc.com\/divorce\/wp-json\/wp\/v2\/media?parent=2899"}],"wp:term":[{"taxonomy":"priorite","embeddable":true,"href":"https:\/\/avocat-gc.com\/divorce\/wp-json\/wp\/v2\/priorite?post=2899"}],"curies":[{"name":"wp","href":"https:\/\/api.w.org\/{rel}","templated":true}]}}