{"id":2885,"date":"2024-03-29T15:35:26","date_gmt":"2024-03-29T15:35:26","guid":{"rendered":"https:\/\/avocat-gc.com\/divorce\/divorce-consentement-mutuel-paris-75007\/"},"modified":"2024-03-29T15:35:26","modified_gmt":"2024-03-29T15:35:26","slug":"divorce-consentement-mutuel-paris-75007","status":"publish","type":"page","link":"https:\/\/avocat-gc.com\/divorce\/divorce-consentement-mutuel-paris-75007\/","title":{"rendered":"Divorce par consentement mutuel \u00e0 Paris 75007"},"content":{"rendered":"<h2>Entamez votre proc\u00e9dure de divorce par consentement mutuel \u00e0 Paris 75007<\/h2>\n<p>\u00e0 partir de 425\u20ac TTC\/conjoint<\/p>\n<p class=\"img-left\"><img decoding=\"async\" alt=\"divorce amiable paris 75007\" title=\"divorce amiable paris 75007\" width=\"170\" border=\"2\" src=\"\/divorce\/wp-content\/uploads\/2024\/04\/fiche-pratique-juridique-avocat.jpg\" \/><\/p>\n<p align=\"justify\">Bien divorcer demeure d\u00e9licat pour de nombreux \u00e9poux. La charge \u00e9motionnelle, mais \u00e9galement les d\u00e9marches administratives, sont autant d&rsquo;\u00e9preuves qui attendent les deux \u00e9poux. Ces deux derniers doivent se pr\u00e9parer au pr\u00e9alable afin de ne pas perdre de temps et r\u00e9ussir leur divorce\u00a0par consentement mutuel \u00e0 Paris 75007\u00a0dans les meilleures conditions.Avant d&rsquo;entamer toute proc\u00e9dure de divorce, il convient de se poser les bonnes questions et d&rsquo;agir \u00e9tape par \u00e9tape.<\/p>\n<h2>La m\u00e9diation familiale<\/h2>\n<p align=\"justify\">Avant tout divorce, envisager une m\u00e9diation familiale peut permettre de r\u00e9gler certains conflits concernant les s\u00e9parations et les divorces. Le r\u00f4le du m\u00e9diateur est de renouer le dialogue entre les deux \u00e9poux et de trouver des accords sur les sujets de discorde. La m\u00e9diation familiale n&rsquo;est pas obligatoire, ainsi, elle doit \u00eatre volontaire et r\u00e9sulter d&rsquo;une d\u00e9marche commune. Le co\u00fbt d&rsquo;une m\u00e9diation est faible, et peut permettre d&rsquo;\u00e9viter un <a href=\"\/divorce\/divorce-pour-faute\/\" title=\"divorce pour faute paris 75007\" target=\"\" rel=\"noopener\">divorce contentieux<\/a>, long et co\u00fbteux.<\/p>\n<h2>Choisir son avocat et la proc\u00e9dure de divorce \u00e0 Paris 75007<\/h2>\n<p align=\"justify\">Une fois l&rsquo;accord trouv\u00e9 avec votre conjoint, il vous faut choisir chacun votre <a href=\"\/divorce\/avocat-divorce\/paris\/\" title=\"avocat divorce paris 75007\" target=\"\" rel=\"noopener\">avocat divorce<\/a>.\u00a0Cette \u00e9tape est obligatoire pour divorcer, il n&rsquo;est, en effet, pas possible de <a href=\"\/divorce\/articles\/peut-divorcer-sans-avocat\/\" title=\"divorcer sans avocat\" target=\"\" rel=\"noopener\">divorcer sans avocat.<\/a> Votre avocat est n\u00e9cessaire pour faire valoir vos droits et d\u00e9fendre vos int\u00e9r\u00eats lors de la r\u00e9daction de la convention de divorce.<a href=\"https:\/\/avocat-gc.com\/divorce\/divorce-sans-juge\/\" title=\"divorce amiable\" target=\"_parent\" rel=\"noopener\">La proc\u00e9dure de divorce par consentement mutuel<\/a>\u00a0est la proc\u00e9dure la plus simple, la plus rapide et la moins ch\u00e8re. En effet, les deux \u00e9poux s&rsquo;accordent sur les conditions du divorce qui sont ensuite retranscrites dans la convention de divorce par les deux avocats. Un divorce contentieux est souvent plus long et plus co\u00fbteux, il est donc essentiel de trouver un terrain d&rsquo;entente afin de divorcer dans les meilleures conditions.<\/p>\n<\/p>\n<h2>Dresser la liste de son patrimoine<\/h2>\n<p align=\"justify\">Dans le cadre d&rsquo;un<a href=\"https:\/\/avocat-gc.com\/divorce\/divorce-amiable\/\" title=\"divorce consentement mutuel Paris 75007\" target=\"_parent\" rel=\"noopener\"> divorce amiable\u00a0\u00e0 Paris 75007<\/a>, les \u00e9poux doivent effectuer, au pr\u00e9alable, la liquidation de la communaut\u00e9. Cela concerne les biens mobiliers et biens immobiliers. C&rsquo;est un notaire qui se charge de cette t\u00e2che. Les \u00e9poux ont plusieurs choix :<\/p>\n<p>vendre les biens communs ;<br \/>\nracheter une part du bien commun (<a href=\"\/divorce\/articles\/quest-ce-quun-etat-liquidatif\/\" title=\"etat liquidatif divorce Paris\" target=\"\" rel=\"noopener\">\u00e9tat liquidatif<\/a>) ;<br \/>\nconserver le bien commun (convention d&rsquo;indivision).<\/p>\n<p align=\"justify\">Pour diminuer les frais de notaire, les deux \u00e9poux peuvent s&rsquo;accorder entre eux sur le partage de certains biens tels que les meubles ou <a href=\"\/divorce\/articles\/vrai-ou-faux-en-cas-de-divorce-je-peux-garder-la-voiture\/\" title=\"voiture divorce\" target=\"\" rel=\"noopener\">les v\u00e9hicules<\/a>.\n<\/p>\n<h2>Effectuer une demande d&rsquo;aide juridictionnelle<\/h2>\n<p align=\"justify\">Pour les \u00e9poux qui ont de faibles revenus, une prise en charge totale ou partielles des frais de proc\u00e9dure de divorce peut \u00eatre envisag\u00e9e via <a href=\"\/divorce\/articles\/divorce-et-aide-juridictionnelle\/\" title=\"aide juridictionnelle divorce\" target=\"\" rel=\"noopener\">l&rsquo;aide juridictionnelle<\/a>. Chaque \u00e9poux peut en faire la demande. Les formulaires se trouvent en ligne et doivent \u00eatre adress\u00e9s au Tribunal Judiciaire du le domicile conjugal, \u00e0 Paris 1e arrondissement. Lors du choix de l&rsquo;avocat, il faudra alors s&rsquo;assurer que ce dernier accepte l&rsquo;aide juridictionnelle.<\/p>\n<h2>R\u00e9unir les documents <\/h2>\n<p align=\"justify\">Pour divorcer par consentement mutuel \u00e0 Paris 75007, certains documents sont n\u00e9cessaires. Voici la liste des documents. Cette liste peut changer en fonction de la situation des \u00e9poux.<\/p>\n<p>actes de naissance en copie int\u00e9grale originale des enfants et des \u00e9poux datant de moins de 3 mois pour les actes fran\u00e7ais et datant de moins de 6 mois pour les actes \u00e9trangers<br \/>\nacte de mariage en copie int\u00e9grale originale datant de moins de 3 mois pour les actes fran\u00e7ais et datant de moins de 6 mois pour les actes \u00e9trangers<br \/>\ncopie du livret de famille<br \/>\npi\u00e8ces d\u2019identit\u00e9<br \/>\ncontrat de mariage s\u2019il y en a un<br \/>\nproc\u00e9dure de surendettement s\u2019il y en a une<br \/>\nacte notari\u00e9 pour les biens immobiliers<br \/>\nd\u00e9claration sur l\u2019honneur de revenus \u00e0 compl\u00e9ter avec les avocats.<\/p>\n<h2>Les erreurs \u00e0 ne pas faire<\/h2>\n<p align=\"justify\"> Jusqu&rsquo;\u00e0 l&rsquo;enregistrement de votre divorce, les \u00e9poux doivent respecter les obligations d\u00e9coulant du mariage. Le cas contraire, le second \u00e9poux peut, si la preuve est apport\u00e9e, demander des dommages et int\u00e9r\u00eats, par exemple. Il faut donc \u00e9viter de :<\/p>\n<p><a href=\"\/divorce\/articles\/vrai-ou-faux-si-je-quitte-le-domicile-avant-le-divorce-mon-conjoint-peut-men-interdire\/\" title=\"quitter le domicile conjugal\" target=\"\" rel=\"noopener\">quitter le domicile conjugal <\/a>;<br \/>\n<a href=\"\/divorce\/articles\/vrai-ou-faux-mon-mari-est-parti-avec-une-autre-femme-je-peux-refaire-ma-vie\/\" title=\"adult\u00e8re divorce\" target=\"\" rel=\"noopener\">se remettre en couple<\/a> ;<br \/>\ncouper les liens avec les enfants ou cesser de contribuer aux d\u00e9penses familiales.<\/p>\n<p> J&rsquo;INTERVIENS DANS TOUTE LA FRANCE <a href=\"https:\/\/avocat-gc.com\/divorce\/avocat-divorce\/paris\/\" rel=\"nofollow noopener\" title=\"avocat divorce paris\" target=\"_parent\">Notre cabinet de divorce \u00e0 Paris<\/a> : 42 Rue de L\u00fcbeck, 75116 Paris 01 47 04 25 40<\/p>\n","protected":false},"excerpt":{"rendered":"<p>Entamez votre proc\u00e9dure de divorce par consentement mutuel \u00e0 Paris 75007 \u00e0 partir de 425\u20ac TTC\/conjoint Bien divorcer demeure d\u00e9licat pour de nombreux \u00e9poux. La charge \u00e9motionnelle, mais \u00e9galement les d\u00e9marches administratives, sont autant d&rsquo;\u00e9preuves qui attendent les deux \u00e9poux. Ces deux derniers doivent se pr\u00e9parer au pr\u00e9alable afin de ne pas perdre de temps [&hellip;]<\/p>\n","protected":false},"author":1,"featured_media":0,"parent":0,"menu_order":0,"comment_status":"closed","ping_status":"closed","template":"","meta":{"_acf_changed":false,"inline_featured_image":false,"footnotes":""},"priorite":[],"class_list":["post-2885","page","type-page","status-publish","hentry"],"acf":[],"yoast_head":"<!-- This site is optimized with the Yoast SEO plugin v27.3 - https:\/\/yoast.com\/product\/yoast-seo-wordpress\/ -->\n<title>Divorce par consentement mutuel \u00e0 Paris 75007 - Avocat Divorce<\/title>\n<meta name=\"description\" content=\"Entamez votre proc\u00e9dure de divorce par consentement mutuel \u00e0 Paris 75007 \u00e0 partir de 425\u20ac TTC\/conjoint - Cabinet d&#039;Avocat GC. T\u00e9l : 01.47.04.25.40 . Devis Gratuit &amp; Imm\u00e9diat. Divorce amiable - Divorce sans juge \u2013 Divorcez en 1 mois\" \/>\n<meta name=\"robots\" content=\"index, follow, max-snippet:-1, max-image-preview:large, max-video-preview:-1\" \/>\n<link rel=\"canonical\" href=\"https:\/\/avocat-gc.com\/divorce\/divorce-consentement-mutuel-paris-75007\/\" \/>\n<meta property=\"og:locale\" content=\"fr_FR\" \/>\n<meta property=\"og:type\" content=\"article\" \/>\n<meta property=\"og:title\" content=\"Divorce par consentement mutuel \u00e0 Paris 75007 - Avocat Divorce\" \/>\n<meta property=\"og:description\" content=\"Entamez votre proc\u00e9dure de divorce par consentement mutuel \u00e0 Paris 75007 \u00e0 partir de 425\u20ac TTC\/conjoint - Cabinet d&#039;Avocat GC. T\u00e9l : 01.47.04.25.40 . Devis Gratuit &amp; Imm\u00e9diat. Divorce amiable - Divorce sans juge \u2013 Divorcez en 1 mois\" \/>\n<meta property=\"og:url\" content=\"https:\/\/avocat-gc.com\/divorce\/divorce-consentement-mutuel-paris-75007\/\" \/>\n<meta property=\"og:site_name\" content=\"Avocat GC - Avocat Divorce\" \/>\n<meta name=\"twitter:card\" content=\"summary_large_image\" \/>\n<script type=\"application\/ld+json\" class=\"yoast-schema-graph\">{\"@context\":\"https:\\\/\\\/schema.org\",\"@graph\":[{\"@type\":\"WebPage\",\"@id\":\"https:\\\/\\\/avocat-gc.com\\\/divorce\\\/divorce-consentement-mutuel-paris-75007\\\/\",\"url\":\"https:\\\/\\\/avocat-gc.com\\\/divorce\\\/divorce-consentement-mutuel-paris-75007\\\/\",\"name\":\"Divorce par consentement mutuel \u00e0 Paris 75007 - Avocat Divorce\",\"isPartOf\":{\"@id\":\"https:\\\/\\\/avocat-gc.com\\\/divorce\\\/#website\"},\"datePublished\":\"2024-03-29T15:35:26+00:00\",\"description\":\"Entamez votre proc\u00e9dure de divorce par consentement mutuel \u00e0 Paris 75007 \u00e0 partir de 425\u20ac TTC\\\/conjoint - Cabinet d'Avocat GC. T\u00e9l : 01.47.04.25.40 . Devis Gratuit & Imm\u00e9diat. Divorce amiable - Divorce sans juge \u2013 Divorcez en 1 mois\",\"breadcrumb\":{\"@id\":\"https:\\\/\\\/avocat-gc.com\\\/divorce\\\/divorce-consentement-mutuel-paris-75007\\\/#breadcrumb\"},\"inLanguage\":\"fr-FR\",\"potentialAction\":[{\"@type\":\"ReadAction\",\"target\":[\"https:\\\/\\\/avocat-gc.com\\\/divorce\\\/divorce-consentement-mutuel-paris-75007\\\/\"]}]},{\"@type\":\"BreadcrumbList\",\"@id\":\"https:\\\/\\\/avocat-gc.com\\\/divorce\\\/divorce-consentement-mutuel-paris-75007\\\/#breadcrumb\",\"itemListElement\":[{\"@type\":\"ListItem\",\"position\":1,\"name\":\"Accueil\",\"item\":\"https:\\\/\\\/avocat-gc.com\\\/divorce\\\/\"},{\"@type\":\"ListItem\",\"position\":2,\"name\":\"Divorce par consentement mutuel \u00e0 Paris 75007\"}]},{\"@type\":\"WebSite\",\"@id\":\"https:\\\/\\\/avocat-gc.com\\\/divorce\\\/#website\",\"url\":\"https:\\\/\\\/avocat-gc.com\\\/divorce\\\/\",\"name\":\"Avocat GC - Avocat Divorce\",\"description\":\"\",\"publisher\":{\"@id\":\"https:\\\/\\\/avocat-gc.com\\\/divorce\\\/#organization\"},\"potentialAction\":[{\"@type\":\"SearchAction\",\"target\":{\"@type\":\"EntryPoint\",\"urlTemplate\":\"https:\\\/\\\/avocat-gc.com\\\/divorce\\\/?s={search_term_string}\"},\"query-input\":{\"@type\":\"PropertyValueSpecification\",\"valueRequired\":true,\"valueName\":\"search_term_string\"}}],\"inLanguage\":\"fr-FR\"},{\"@type\":\"Organization\",\"@id\":\"https:\\\/\\\/avocat-gc.com\\\/divorce\\\/#organization\",\"name\":\"Avocat GC - Avocat Divorce\",\"url\":\"https:\\\/\\\/avocat-gc.com\\\/divorce\\\/\",\"logo\":{\"@type\":\"ImageObject\",\"inLanguage\":\"fr-FR\",\"@id\":\"https:\\\/\\\/avocat-gc.com\\\/divorce\\\/#\\\/schema\\\/logo\\\/image\\\/\",\"url\":\"https:\\\/\\\/avocat-gc.com\\\/divorce\\\/wp-content\\\/uploads\\\/2024\\\/04\\\/cropped-Sans-titre.png\",\"contentUrl\":\"https:\\\/\\\/avocat-gc.com\\\/divorce\\\/wp-content\\\/uploads\\\/2024\\\/04\\\/cropped-Sans-titre.png\",\"width\":200,\"height\":180,\"caption\":\"Avocat GC - Avocat Divorce\"},\"image\":{\"@id\":\"https:\\\/\\\/avocat-gc.com\\\/divorce\\\/#\\\/schema\\\/logo\\\/image\\\/\"}}]}<\/script>\n<!-- \/ Yoast SEO plugin. -->","yoast_head_json":{"title":"Divorce par consentement mutuel \u00e0 Paris 75007 - Avocat Divorce","description":"Entamez votre proc\u00e9dure de divorce par consentement mutuel \u00e0 Paris 75007 \u00e0 partir de 425\u20ac TTC\/conjoint - Cabinet d'Avocat GC. T\u00e9l : 01.47.04.25.40 . Devis Gratuit & Imm\u00e9diat. Divorce amiable - Divorce sans juge \u2013 Divorcez en 1 mois","robots":{"index":"index","follow":"follow","max-snippet":"max-snippet:-1","max-image-preview":"max-image-preview:large","max-video-preview":"max-video-preview:-1"},"canonical":"https:\/\/avocat-gc.com\/divorce\/divorce-consentement-mutuel-paris-75007\/","og_locale":"fr_FR","og_type":"article","og_title":"Divorce par consentement mutuel \u00e0 Paris 75007 - Avocat Divorce","og_description":"Entamez votre proc\u00e9dure de divorce par consentement mutuel \u00e0 Paris 75007 \u00e0 partir de 425\u20ac TTC\/conjoint - Cabinet d'Avocat GC. T\u00e9l : 01.47.04.25.40 . Devis Gratuit & Imm\u00e9diat. Divorce amiable - Divorce sans juge \u2013 Divorcez en 1 mois","og_url":"https:\/\/avocat-gc.com\/divorce\/divorce-consentement-mutuel-paris-75007\/","og_site_name":"Avocat GC - Avocat Divorce","twitter_card":"summary_large_image","schema":{"@context":"https:\/\/schema.org","@graph":[{"@type":"WebPage","@id":"https:\/\/avocat-gc.com\/divorce\/divorce-consentement-mutuel-paris-75007\/","url":"https:\/\/avocat-gc.com\/divorce\/divorce-consentement-mutuel-paris-75007\/","name":"Divorce par consentement mutuel \u00e0 Paris 75007 - Avocat Divorce","isPartOf":{"@id":"https:\/\/avocat-gc.com\/divorce\/#website"},"datePublished":"2024-03-29T15:35:26+00:00","description":"Entamez votre proc\u00e9dure de divorce par consentement mutuel \u00e0 Paris 75007 \u00e0 partir de 425\u20ac TTC\/conjoint - Cabinet d'Avocat GC. T\u00e9l : 01.47.04.25.40 . Devis Gratuit & Imm\u00e9diat. Divorce amiable - Divorce sans juge \u2013 Divorcez en 1 mois","breadcrumb":{"@id":"https:\/\/avocat-gc.com\/divorce\/divorce-consentement-mutuel-paris-75007\/#breadcrumb"},"inLanguage":"fr-FR","potentialAction":[{"@type":"ReadAction","target":["https:\/\/avocat-gc.com\/divorce\/divorce-consentement-mutuel-paris-75007\/"]}]},{"@type":"BreadcrumbList","@id":"https:\/\/avocat-gc.com\/divorce\/divorce-consentement-mutuel-paris-75007\/#breadcrumb","itemListElement":[{"@type":"ListItem","position":1,"name":"Accueil","item":"https:\/\/avocat-gc.com\/divorce\/"},{"@type":"ListItem","position":2,"name":"Divorce par consentement mutuel \u00e0 Paris 75007"}]},{"@type":"WebSite","@id":"https:\/\/avocat-gc.com\/divorce\/#website","url":"https:\/\/avocat-gc.com\/divorce\/","name":"Avocat GC - Avocat Divorce","description":"","publisher":{"@id":"https:\/\/avocat-gc.com\/divorce\/#organization"},"potentialAction":[{"@type":"SearchAction","target":{"@type":"EntryPoint","urlTemplate":"https:\/\/avocat-gc.com\/divorce\/?s={search_term_string}"},"query-input":{"@type":"PropertyValueSpecification","valueRequired":true,"valueName":"search_term_string"}}],"inLanguage":"fr-FR"},{"@type":"Organization","@id":"https:\/\/avocat-gc.com\/divorce\/#organization","name":"Avocat GC - Avocat Divorce","url":"https:\/\/avocat-gc.com\/divorce\/","logo":{"@type":"ImageObject","inLanguage":"fr-FR","@id":"https:\/\/avocat-gc.com\/divorce\/#\/schema\/logo\/image\/","url":"https:\/\/avocat-gc.com\/divorce\/wp-content\/uploads\/2024\/04\/cropped-Sans-titre.png","contentUrl":"https:\/\/avocat-gc.com\/divorce\/wp-content\/uploads\/2024\/04\/cropped-Sans-titre.png","width":200,"height":180,"caption":"Avocat GC - Avocat Divorce"},"image":{"@id":"https:\/\/avocat-gc.com\/divorce\/#\/schema\/logo\/image\/"}}]}},"_links":{"self":[{"href":"https:\/\/avocat-gc.com\/divorce\/wp-json\/wp\/v2\/pages\/2885","targetHints":{"allow":["GET"]}}],"collection":[{"href":"https:\/\/avocat-gc.com\/divorce\/wp-json\/wp\/v2\/pages"}],"about":[{"href":"https:\/\/avocat-gc.com\/divorce\/wp-json\/wp\/v2\/types\/page"}],"author":[{"embeddable":true,"href":"https:\/\/avocat-gc.com\/divorce\/wp-json\/wp\/v2\/users\/1"}],"replies":[{"embeddable":true,"href":"https:\/\/avocat-gc.com\/divorce\/wp-json\/wp\/v2\/comments?post=2885"}],"version-history":[{"count":0,"href":"https:\/\/avocat-gc.com\/divorce\/wp-json\/wp\/v2\/pages\/2885\/revisions"}],"wp:attachment":[{"href":"https:\/\/avocat-gc.com\/divorce\/wp-json\/wp\/v2\/media?parent=2885"}],"wp:term":[{"taxonomy":"priorite","embeddable":true,"href":"https:\/\/avocat-gc.com\/divorce\/wp-json\/wp\/v2\/priorite?post=2885"}],"curies":[{"name":"wp","href":"https:\/\/api.w.org\/{rel}","templated":true}]}}