{"id":2878,"date":"2024-03-29T15:35:26","date_gmt":"2024-03-29T15:35:26","guid":{"rendered":"https:\/\/avocat-gc.com\/divorce\/divorce-biens-immobiliers\/"},"modified":"2024-04-25T15:08:06","modified_gmt":"2024-04-25T15:08:06","slug":"divorce-biens-immobiliers","status":"publish","type":"page","link":"https:\/\/avocat-gc.com\/divorce\/divorce-biens-immobiliers\/","title":{"rendered":"Divorce : le partage des biens immobiliers"},"content":{"rendered":"\n<h2 class=\"wp-block-heading\">\n\tDivorce et biens immobiliers<\/h2>\n\n\n\n<p>La particularit\u00e9 du<a href=\"\/divorce\/divorce-amiable\/\" title=\"avocat divorce amiable\" target=\"_parent\" rel=\"noopener\"> divorce par consentement mutuel <\/a>en ce qui concerne les <a href=\"\/divorce\/definitions\/bien-immobilier\/\" title=\"avocat bien immobilier\" target=\"\" rel=\"noopener\">biens immobiliers<\/a> des \u00e9poux r\u00e9side dans le fait que le divorce ne peut \u00eatre prononc\u00e9 tant que le sort des <a href=\"\/divorce\/definitions\/bien-commun\/\" title=\"avocat divorce bien commun\" target=\"\" rel=\"noopener\">biens communs<\/a> n\u2019est pas r\u00e9gl\u00e9 avant l\u2019audience.<\/p>\n\n\n\n<h3 class=\"wp-block-heading\">\n\tDe quels biens s\u2019agit-il ?<\/h3>\n\n\n\n<p>Des biens immeubles, \u00e0 savoir terrains, appartements et maisons avec leur d\u00e9pendances, caves et garages, que les \u00e9poux poss\u00e8dent en commun.&nbsp;Sont exclus les <a href=\"http:\/\/avocat-gc.com\/divorce\/definitions\/bien-propre\/\" title=\"avocat d\u00e9finition bien propre\" target=\"\" rel=\"noopener\">biens propres<\/a>, c&rsquo;est-\u00e0-dire les biens que chaque \u00e9poux poss\u00e9dait avant de se marier, soit par h\u00e9ritage, soit par acquisition. Cela dit, il peut arriver que deux personnes ach\u00e8tent un appartement ou une maison ensemble sans \u00eatre mari\u00e9es. Si elles se marient par la suite, le bien tombe dans la communaut\u00e9 comme si il avait \u00e9t\u00e9 acquis pendant la dur\u00e9e du mariage.<\/p>\n\n\n\n<h3 class=\"wp-block-heading\">\n\tQue doivent devenir les biens communs ?<\/h3>\n\n\n\n<p>1. La vente r\u00e9elle et notari\u00e9e<\/p>\n\n\n\n<p>Ils peuvent \u00eatre vendus. Si tel est le cas, le Notaire d\u00e9livrera une attestation de vente&nbsp; aux \u00e9poux qu\u2019ils devront produire au Tribunal, en vue de l\u2019audience.&nbsp;Attention : il s\u2019agit de la vente r\u00e9elle, donc notari\u00e9e,&nbsp; pas&nbsp; du compromis ou de la promesse de vente sign\u00e9e sous <a href=\"http:\/\/avocat-gc.com\/divorce\/definitions\/acte-sous-seing-prive\/\" title=\"avocat divorce notaire\" target=\"\" rel=\"noopener\">seings priv\u00e9s <\/a>chez un notaire, un agent immobilier ou de gr\u00e9 \u00e0 gr\u00e9 entre particuliers.<\/p>\n\n\n\n<p>2. La Convention d\u2019indivision<\/p>\n\n\n\n<p>\tLes \u00e9poux ont la possibilit\u00e9 de conserver les biens en restant dans l\u2019indivision. Il leur faudra alors demander \u00e0 un notaire de r\u00e9diger une convention d\u2019indivision, acte notari\u00e9 aux termes duquel les \u00e9poux d\u00e9clarent leur indivision et organisent les modalit\u00e9s de son fonctionnement.&nbsp;Le principe veut que le divorce entraine non seulement la s\u00e9paration des \u00e9poux, donc la rupture du lien matrimonial mais \u00e9galement la s\u00e9paration totale et compl\u00e8te des biens, donc la rupture totale de tout lien patrimonial.<\/p>\n\n\n\n<p>Par exception, notamment pour permettre aux patrimoines de subsister en faveur des enfants, le L\u00e9gislateur, pragmatique, permet temporairement aux ex-\u00e9poux de garder leur patrimoine en restant dans l\u2019indivision pour une dur\u00e9e de cinq ans, renouvelable par tacite reconduction.&nbsp;La convention d\u2019indivision devra \u00eatre soumise \u00e0 l\u2019homologation du Juge et n\u2019entrera en vigueur que le jour du prononc\u00e9 du divorce.<\/p>\n\n\n\n<p>Solution interm\u00e9diaire entre la vente et la liquidation, l\u2019indivision est \u00e9galement un moyen permettant de se donner du temps pour r\u00e9fl\u00e9chir au sort du bien, trouver l\u2019argent n\u00e9cessaire pour \u00e9ventuellement verser une soulte \u00e0 l\u2019autre, si l\u2019un des \u00e9poux souhaite finalement garder le bien&nbsp;Enfin, le co\u00fbt de l\u2019op\u00e9ration est assez abordable, puisqu\u2019elle ne repr\u00e9sente en moyenne que 1,5% de la valeur estim\u00e9e du bien, droits de mutation et \u00e9moluments du notaire inclus.<\/p>\n\n\n\n<p><\/p>\n\n\n\n<p>3.&nbsp; L\u2019Acte liquidatif :<\/p>\n\n\n\n<p>\tL\u2019Acte liquidatif ou \u00c9tat liquidatif est le document r\u00e9dig\u00e9 par le Notaire aux termes duquel les \u00e9poux proc\u00e8dent \u00e0 la liquidation et au partage de leurs biens communs avant de divorcer et ce, obligatoirement d\u2019agissant des biens immeubles, savoir : terrain, cave, garage, appartement ou maison.<\/p>\n\n\n\n<p>Le bien immobilier dont l\u2019\u00e9poux sera attributaire devra faire l\u2019objet de la r\u00e9daction d\u2019une clause attributive de propri\u00e9t\u00e9, ce qui signifie qu\u2019il deviendra seul propri\u00e9taire au moment du prononc\u00e9 du divorce.\u00a0Le co\u00fbt de cette op\u00e9ration est d\u2019environ 3,5% de la valeur du ou des biens, constitu\u00e9 principalement par le montant des droits de mutation per\u00e7us par l\u2019Etat, le notaire faisant office de percepteur.\u00a0Ici \u00e9galement, l\u2019acte doit \u00eatre soumis \u00e0 l\u2019homologation du <a title=\"avocat divorce juge\" href=\"http:\/\/avocat-gc.com\/divorce\/definitions\/juge-aux-affaires-familiales\/\" target=\"\" rel=\"noopener\">juge<\/a>, lequel lui donnera sa valeur juridique le jour-m\u00eame du prononc\u00e9 du\u00a0<a title=\"avocat divorce amiable\" style=\"font-size: 13.008px; line-height: 20.0063px;\" href=\"http:\/\/avocat-gc.com\/divorce\/divorce-amiable\/\" target=\"_parent\" rel=\"noopener\">divorce par consentement mutuel<\/a>.<\/p>\n\n\n<div class=\"item-grid item-devis-page\">\n   <div class=\"inner-container jaune-fonce\">\n\n           <div class=\"relative step-1 devis-container\">\n         <div id=\"form-devis\">\n            <h2 class=\"wp-block-heading has-large-font-size\">Recevez un devis gratuit et imm\u00e9diat<\/h2>\n            <div class=\"step-number\">\n               <div class=\"step-1\">\u00e9tape 1\/2 : Les pr\u00e9cisions sur votre divorce<\/div>\n               <div class=\"step-2\">\u00e9tape 2\/2 : Vos informations<\/div>\n            <\/div>\n\n            <!-- Etapes -->\n            <div class=\"wrap-slide\">\n               <form class=\"devis-form flex-slide\" enctype=\"multipart\/form-data\" action=\"\" method=\"post\" accept-charset=\"UTF-8\">\n                  <div class=\"slide slide-1\">\n                     <!-- Question 1 -->\n                     <div class=\"form-item wrap-question-label\">\n                        <p class=\"question-label\">Vous souhaitez divorcer \u00e0 l&rsquo;amiable&nbsp;?<\/p>\n                        <div class=\"can-toggle\">\n                           <input id=\"amiable\" type=\"checkbox\" checked>\n                           <label for=\"amiable\">\n                              <div class=\"can-toggle__switch\" data-checked=\"Oui\" data-unchecked=\"Non\"><\/div>\n                           <\/label>\n                        <\/div>\n                     <\/div>\n                     <!-- Question 2 -->\n                     <div class=\"form-item wrap-question-label\">\n                        <p class=\"question-label\">Avez-vous des enfants en commun&nbsp;?<\/p>\n                        <div class=\"can-toggle\">\n                           <input id=\"enfants\" type=\"checkbox\">\n                           <label for=\"enfants\">\n                              <div class=\"can-toggle__switch\" data-checked=\"Oui\" data-unchecked=\"Non\"><\/div>\n                           <\/label>\n                        <\/div>\n                     <\/div>\n                     <!-- Question 3 -->\n                     <div class=\"form-item wrap-question-label\">\n                        <p class=\"question-label\">Avez-vous des biens immobiliers en commun&nbsp;?<\/p>\n                        <div class=\"can-toggle\">\n                           <input id=\"immobilier\" type=\"checkbox\">\n                           <label for=\"immobilier\">\n                              <div class=\"can-toggle__switch\" data-checked=\"Oui\" data-unchecked=\"Non\"><\/div>\n                           <\/label>\n                        <\/div>\n                     <\/div>\n\n                     <!-- Navigation etape -->\n                     <div class=\"wp-block-button is-style-button-vert\">\n                        <span class=\"wp-block-button__link wp-element-button nav-button\">\u00e9tape suivante<\/span>\n                     <\/div>\n                  <\/div>\n                  <div class=\"slide slide-2\">\n                     <!--<p class=\"question\">Veuillez renseigner tous les champs :<\/p>-->\n                     <div class=\"depts tooltip-container\">\n                        <div class=\"form-item\" id=\"dep1\">\n                           <input placeholder=\"D\u00e9partement (ex. : 75) *\" type=\"text\" id=\"edit-submitted-dep1\" name=\"submitted[dep1]\" size=\"60\" maxlength=\"128\" class=\"form-text required\">\n                           <span class=\"error-message\"><\/span>\n                        <\/div>\n                        <div class=\"form-item\" id=\"dep2\">\n                           <input placeholder=\"Dpt. de votre conjoint (ex. : 78) *\" type=\"text\" id=\"edit-submitted-dep2\" name=\"submitted[dep2]\" size=\"60\" maxlength=\"128\" class=\"form-text required\">\n                           <span class=\"error-message\"><\/span>\n                        <\/div>\n                        <div class=\"tooltip-text\">Ex. : 75. Pour l&rsquo;\u00e9tranger, entrez 99.<\/div>\n                     <\/div>\n                     <div class=\"form-item\" id=\"nom\">\n                        <input placeholder=\"Votre nom *\" type=\"text\" id=\"edit-submitted-nom\" name=\"submitted[nom]\" size=\"60\" maxlength=\"128\" class=\"form-text required\">\n                        <span class=\"error-message\"><\/span>\n                     <\/div>\n                     <div class=\"form-item\" id=\"telephone\">\n                        <input placeholder=\"T\u00e9l\u00e9phone\" type=\"text\" id=\"edit-submitted-telephone\" name=\"submitted[telephone]\" value=\"\" size=\"60\" maxlength=\"128\" class=\"form-text\">\n                        <span class=\"error-message\"><\/span>\n                     <\/div>\n                     <div class=\"form-item\" id=\"webform-component-email\">\n                        <input class=\"email form-text form-email required\" placeholder=\"Email *\" type=\"email\" id=\"edit-submitted-email\" name=\"submitted[email]\" size=\"60\">\n                        <span class=\"error-message\"><\/span>\n                     <\/div>\n                     <div style=\"display:none;\">\n                       <input type=\"text\" name=\"website\" id=\"website\" value=\"\">\n                     <\/div>\n                     <input type=\"hidden\" name=\"devis_nonce\" value=\"9f0959b2f2\">\n                     <input type=\"hidden\" name=\"js_ok\" value=\"0\">\n\n                     <div class=\"form-item\" id=\"webform-component-consent\">\n                        <input class=\"checkbox required\" type=\"checkbox\" id=\"edit-submitted-consent\" name=\"submitted[consent]\" size=\"60\"> J&rsquo;accepte les <a href=\"\/divorce\/confidentialite\/\" target=\"_blank\">conditions g\u00e9n\u00e9rales d&rsquo;utilisation<\/a>.\n                        <span class=\"error-message\"><\/span>\n                     <\/div>\n                     <div class=\"bottom-form\">\n                        <span class=\"nav-button prev-step-btn\">< Retour<\/span>\n                        <div class=\"wp-block-button is-style-button-vert\">\n                           <button class=\"submit wp-block-button__link wp-element-button\" id=\"submit-devis\">Recevoir mon devis<\/button>\n                        <\/div>\n                     <\/div>\n                  <\/div>\n               <\/form>\n\n            <\/div>\n\n        <\/div>\n        <div id=\"loader\" style=\"display:none;\">\n           <p>Calcul en cours&#8230;<\/p>\n            <img decoding=\"async\" src=\"\/divorce\/wp-content\/themes\/divorce\/assets\/img\/svg\/loader.svg\" alt=\"Chargement\" \/>\n        <\/div>\n        <div id=\"response\">\n            <h2 class=\"has-large-font-size\">Merci pour votre confiance<\/h2>\n\n            <div class=\"conflict\">\n              Compte tenu de la complexit\u00e9 de votre dossier dans la mesure o\u00f9 il s&rsquo;agit d&rsquo;un divorce contentieux, nos tarifs commencent \u00e0 partir de <strong>2&nbsp;990 \u20ac<\/strong>, montant qui sera appr\u00e9ci\u00e9 ensemble lors d&rsquo;un rendez-vous au cabinet.\n              <br \/><br \/>Si vous d\u00e9cidez de divorcer \u00e0 l&rsquo;amiable, le prix sera de :\n            <\/div>\n            <p><span class=\"hide-conflict\">VOTRE TARIF :<br><\/span><span class=\"price-response\"><span><\/span> \u20ac<\/span> TTC \/ \u00c9POUX<br><\/p>\n\n\n            <p class=\"hide-conflict\"><strong>Tout inclus : <\/strong> Rendez-vous, convention de divorce, enregistrement, assistance, facilit\u00e9s de paiement.<\/p>\n            <div class=\"actions\">\n              <p class=\"hide-conflict\">Pour garantir ce tarif, commencez d\u00e8s maintenant la proc\u00e9dure de divorce :<\/p>\n              <div class=\"wp-block-button\">\n                 <a href=\"\/divorce\/prendre-rdv\/\" class=\"wp-block-button__link wp-element-button\">Prendre rendez-vous<\/a>\n              <\/div>\n              <br \/><br>\n              <div class=\"wp-block-button vert phone\">\n                 <a href=\"tel:0147042540\" class=\"wp-block-button__link wp-element-button\">Appelez-moi<\/a>\n              <\/div>\n              <br><br>\n            <\/div>\n\n\n            <div class=\"bottom-form\">\n               <span class=\"nav-button regenerate\">< Retour<\/span>\n            <\/div>\n         <\/div>\n      <\/div>\n   <\/div>\n<\/div>\n","protected":false},"excerpt":{"rendered":"<p>La particularit\u00e9 du divorce par consentement mutuel en ce qui concerne les biens immobiliers des \u00e9poux r\u00e9side dans le fait que le divorce ne peut \u00eatre prononc\u00e9 tant que le sort des biens communs n\u2019est pas r\u00e9gl\u00e9 avant l\u2019audience.<\/p>\n","protected":false},"author":1,"featured_media":0,"parent":0,"menu_order":0,"comment_status":"closed","ping_status":"closed","template":"","meta":{"_acf_changed":false,"inline_featured_image":false,"footnotes":""},"priorite":[4],"class_list":["post-2878","page","type-page","status-publish","hentry","priorite-haute"],"acf":[],"yoast_head":"<!-- This site is optimized with the Yoast SEO plugin v27.5 - https:\/\/yoast.com\/product\/yoast-seo-wordpress\/ -->\n<title>Divorce : le partage des biens immobiliers - Avocat Divorce<\/title>\n<meta name=\"robots\" content=\"index, follow, max-snippet:-1, max-image-preview:large, max-video-preview:-1\" \/>\n<link rel=\"canonical\" href=\"https:\/\/avocat-gc.com\/divorce\/divorce-biens-immobiliers\/\" \/>\n<meta property=\"og:locale\" content=\"fr_FR\" \/>\n<meta property=\"og:type\" content=\"article\" \/>\n<meta property=\"og:title\" content=\"Divorce : le partage des biens immobiliers - Avocat Divorce\" \/>\n<meta property=\"og:description\" content=\"La particularit\u00e9 du divorce par consentement mutuel en ce qui concerne les biens immobiliers des \u00e9poux r\u00e9side dans le fait que le divorce ne peut \u00eatre prononc\u00e9 tant que le sort des biens communs n\u2019est pas r\u00e9gl\u00e9 avant l\u2019audience.\" \/>\n<meta property=\"og:url\" content=\"https:\/\/avocat-gc.com\/divorce\/divorce-biens-immobiliers\/\" \/>\n<meta property=\"og:site_name\" content=\"Avocat GC - Avocat Divorce\" \/>\n<meta property=\"article:modified_time\" content=\"2024-04-25T15:08:06+00:00\" \/>\n<meta name=\"twitter:card\" content=\"summary_large_image\" \/>\n<script type=\"application\/ld+json\" class=\"yoast-schema-graph\">{\"@context\":\"https:\\\/\\\/schema.org\",\"@graph\":[{\"@type\":\"WebPage\",\"@id\":\"https:\\\/\\\/avocat-gc.com\\\/divorce\\\/divorce-biens-immobiliers\\\/\",\"url\":\"https:\\\/\\\/avocat-gc.com\\\/divorce\\\/divorce-biens-immobiliers\\\/\",\"name\":\"Divorce : le partage des biens immobiliers - Avocat Divorce\",\"isPartOf\":{\"@id\":\"https:\\\/\\\/avocat-gc.com\\\/divorce\\\/#website\"},\"datePublished\":\"2024-03-29T15:35:26+00:00\",\"dateModified\":\"2024-04-25T15:08:06+00:00\",\"breadcrumb\":{\"@id\":\"https:\\\/\\\/avocat-gc.com\\\/divorce\\\/divorce-biens-immobiliers\\\/#breadcrumb\"},\"inLanguage\":\"fr-FR\",\"potentialAction\":[{\"@type\":\"ReadAction\",\"target\":[\"https:\\\/\\\/avocat-gc.com\\\/divorce\\\/divorce-biens-immobiliers\\\/\"]}]},{\"@type\":\"BreadcrumbList\",\"@id\":\"https:\\\/\\\/avocat-gc.com\\\/divorce\\\/divorce-biens-immobiliers\\\/#breadcrumb\",\"itemListElement\":[{\"@type\":\"ListItem\",\"position\":1,\"name\":\"Accueil\",\"item\":\"https:\\\/\\\/avocat-gc.com\\\/divorce\\\/\"},{\"@type\":\"ListItem\",\"position\":2,\"name\":\"Divorce : le partage des biens immobiliers\"}]},{\"@type\":\"WebSite\",\"@id\":\"https:\\\/\\\/avocat-gc.com\\\/divorce\\\/#website\",\"url\":\"https:\\\/\\\/avocat-gc.com\\\/divorce\\\/\",\"name\":\"Avocat GC - Avocat Divorce\",\"description\":\"\",\"publisher\":{\"@id\":\"https:\\\/\\\/avocat-gc.com\\\/divorce\\\/#organization\"},\"potentialAction\":[{\"@type\":\"SearchAction\",\"target\":{\"@type\":\"EntryPoint\",\"urlTemplate\":\"https:\\\/\\\/avocat-gc.com\\\/divorce\\\/?s={search_term_string}\"},\"query-input\":{\"@type\":\"PropertyValueSpecification\",\"valueRequired\":true,\"valueName\":\"search_term_string\"}}],\"inLanguage\":\"fr-FR\"},{\"@type\":\"Organization\",\"@id\":\"https:\\\/\\\/avocat-gc.com\\\/divorce\\\/#organization\",\"name\":\"Avocat GC - Avocat Divorce\",\"url\":\"https:\\\/\\\/avocat-gc.com\\\/divorce\\\/\",\"logo\":{\"@type\":\"ImageObject\",\"inLanguage\":\"fr-FR\",\"@id\":\"https:\\\/\\\/avocat-gc.com\\\/divorce\\\/#\\\/schema\\\/logo\\\/image\\\/\",\"url\":\"https:\\\/\\\/avocat-gc.com\\\/divorce\\\/wp-content\\\/uploads\\\/2024\\\/04\\\/cropped-Sans-titre.png\",\"contentUrl\":\"https:\\\/\\\/avocat-gc.com\\\/divorce\\\/wp-content\\\/uploads\\\/2024\\\/04\\\/cropped-Sans-titre.png\",\"width\":200,\"height\":180,\"caption\":\"Avocat GC - Avocat Divorce\"},\"image\":{\"@id\":\"https:\\\/\\\/avocat-gc.com\\\/divorce\\\/#\\\/schema\\\/logo\\\/image\\\/\"}}]}<\/script>\n<!-- \/ Yoast SEO plugin. -->","yoast_head_json":{"title":"Divorce : le partage des biens immobiliers - Avocat Divorce","robots":{"index":"index","follow":"follow","max-snippet":"max-snippet:-1","max-image-preview":"max-image-preview:large","max-video-preview":"max-video-preview:-1"},"canonical":"https:\/\/avocat-gc.com\/divorce\/divorce-biens-immobiliers\/","og_locale":"fr_FR","og_type":"article","og_title":"Divorce : le partage des biens immobiliers - Avocat Divorce","og_description":"La particularit\u00e9 du divorce par consentement mutuel en ce qui concerne les biens immobiliers des \u00e9poux r\u00e9side dans le fait que le divorce ne peut \u00eatre prononc\u00e9 tant que le sort des biens communs n\u2019est pas r\u00e9gl\u00e9 avant l\u2019audience.","og_url":"https:\/\/avocat-gc.com\/divorce\/divorce-biens-immobiliers\/","og_site_name":"Avocat GC - Avocat Divorce","article_modified_time":"2024-04-25T15:08:06+00:00","twitter_card":"summary_large_image","schema":{"@context":"https:\/\/schema.org","@graph":[{"@type":"WebPage","@id":"https:\/\/avocat-gc.com\/divorce\/divorce-biens-immobiliers\/","url":"https:\/\/avocat-gc.com\/divorce\/divorce-biens-immobiliers\/","name":"Divorce : le partage des biens immobiliers - Avocat Divorce","isPartOf":{"@id":"https:\/\/avocat-gc.com\/divorce\/#website"},"datePublished":"2024-03-29T15:35:26+00:00","dateModified":"2024-04-25T15:08:06+00:00","breadcrumb":{"@id":"https:\/\/avocat-gc.com\/divorce\/divorce-biens-immobiliers\/#breadcrumb"},"inLanguage":"fr-FR","potentialAction":[{"@type":"ReadAction","target":["https:\/\/avocat-gc.com\/divorce\/divorce-biens-immobiliers\/"]}]},{"@type":"BreadcrumbList","@id":"https:\/\/avocat-gc.com\/divorce\/divorce-biens-immobiliers\/#breadcrumb","itemListElement":[{"@type":"ListItem","position":1,"name":"Accueil","item":"https:\/\/avocat-gc.com\/divorce\/"},{"@type":"ListItem","position":2,"name":"Divorce : le partage des biens immobiliers"}]},{"@type":"WebSite","@id":"https:\/\/avocat-gc.com\/divorce\/#website","url":"https:\/\/avocat-gc.com\/divorce\/","name":"Avocat GC - Avocat Divorce","description":"","publisher":{"@id":"https:\/\/avocat-gc.com\/divorce\/#organization"},"potentialAction":[{"@type":"SearchAction","target":{"@type":"EntryPoint","urlTemplate":"https:\/\/avocat-gc.com\/divorce\/?s={search_term_string}"},"query-input":{"@type":"PropertyValueSpecification","valueRequired":true,"valueName":"search_term_string"}}],"inLanguage":"fr-FR"},{"@type":"Organization","@id":"https:\/\/avocat-gc.com\/divorce\/#organization","name":"Avocat GC - Avocat Divorce","url":"https:\/\/avocat-gc.com\/divorce\/","logo":{"@type":"ImageObject","inLanguage":"fr-FR","@id":"https:\/\/avocat-gc.com\/divorce\/#\/schema\/logo\/image\/","url":"https:\/\/avocat-gc.com\/divorce\/wp-content\/uploads\/2024\/04\/cropped-Sans-titre.png","contentUrl":"https:\/\/avocat-gc.com\/divorce\/wp-content\/uploads\/2024\/04\/cropped-Sans-titre.png","width":200,"height":180,"caption":"Avocat GC - Avocat Divorce"},"image":{"@id":"https:\/\/avocat-gc.com\/divorce\/#\/schema\/logo\/image\/"}}]}},"_links":{"self":[{"href":"https:\/\/avocat-gc.com\/divorce\/wp-json\/wp\/v2\/pages\/2878","targetHints":{"allow":["GET"]}}],"collection":[{"href":"https:\/\/avocat-gc.com\/divorce\/wp-json\/wp\/v2\/pages"}],"about":[{"href":"https:\/\/avocat-gc.com\/divorce\/wp-json\/wp\/v2\/types\/page"}],"author":[{"embeddable":true,"href":"https:\/\/avocat-gc.com\/divorce\/wp-json\/wp\/v2\/users\/1"}],"replies":[{"embeddable":true,"href":"https:\/\/avocat-gc.com\/divorce\/wp-json\/wp\/v2\/comments?post=2878"}],"version-history":[{"count":1,"href":"https:\/\/avocat-gc.com\/divorce\/wp-json\/wp\/v2\/pages\/2878\/revisions"}],"predecessor-version":[{"id":14156,"href":"https:\/\/avocat-gc.com\/divorce\/wp-json\/wp\/v2\/pages\/2878\/revisions\/14156"}],"wp:attachment":[{"href":"https:\/\/avocat-gc.com\/divorce\/wp-json\/wp\/v2\/media?parent=2878"}],"wp:term":[{"taxonomy":"priorite","embeddable":true,"href":"https:\/\/avocat-gc.com\/divorce\/wp-json\/wp\/v2\/priorite?post=2878"}],"curies":[{"name":"wp","href":"https:\/\/api.w.org\/{rel}","templated":true}]}}