{"id":2877,"date":"2024-04-26T11:46:33","date_gmt":"2024-04-26T11:46:33","guid":{"rendered":"https:\/\/avocat-gc.com\/divorce\/divorce-amiable\/"},"modified":"2026-01-12T11:33:10","modified_gmt":"2026-01-12T11:33:10","slug":"divorce-amiable","status":"publish","type":"page","link":"https:\/\/avocat-gc.com\/divorce\/divorce-amiable\/","title":{"rendered":"Divorce \u00e0 l&rsquo;amiable"},"content":{"rendered":"\n<h2 class=\"wp-block-heading\">LA PROC\u00c9DURE DU DIVORCE \u00c0 L&rsquo;AMIABLE<\/h2>\n\n\n\n<p>LE CABINET INTERVIENT DANS TOUTE LA FRANCE pour votre divorce \u00e0 l&rsquo;amiable.<\/p>\n\n\n\n<p><a title=\"avocat divorce paris\" href=\"\/divorce\/avocat-divorce\/paris\/\" rel=\"nofollow\">Le cabinet \u00e0 Paris<\/a> : 42 Rue de L\u00fcbeck, 75116 Paris 01 47 04 25 40<\/p>\n\n\n\n<h3 class=\"wp-block-heading\">Votre divorce partout en France d\u00e8s 425\u20ac TTC par \u00e9poux<\/h3>\n\n\n\n<p>Le cabinet d&rsquo;avocat, exp\u00e9riment\u00e9 en divorce, est comp\u00e9tent pour vous divorcer partout en France. La premi\u00e8re \u00e9tape de votre divorce consiste \u00e0 prendre rendez-vous avec notre Avocat Divorce.<\/p>\n\n\n\n<div style=\"height:15px\" aria-hidden=\"true\" class=\"wp-block-spacer\"><\/div>\n\n\n\n<div class=\"wp-block-group\"><div class=\"wp-block-group__inner-container is-layout-constrained wp-block-group-is-layout-constrained\"><style>.wp-block-kadence-iconlist.kt-svg-icon-list-items2877_0c7771-ad:not(.this-stops-third-party-issues){margin-top:0px;margin-bottom:0px;}.wp-block-kadence-iconlist.kt-svg-icon-list-items2877_0c7771-ad ul.kt-svg-icon-list:not(.this-prevents-issues):not(.this-stops-third-party-issues):not(.tijsloc){margin-top:0px;margin-right:0px;margin-bottom:var(--global-kb-spacing-sm, 1.5rem);margin-left:0px;}.wp-block-kadence-iconlist.kt-svg-icon-list-items2877_0c7771-ad ul.kt-svg-icon-list{grid-row-gap:5px;}.wp-block-kadence-iconlist.kt-svg-icon-list-items2877_0c7771-ad ul.kt-svg-icon-list .kt-svg-icon-list-item-wrap .kt-svg-icon-list-single{margin-right:10px;}.kt-svg-icon-list-items2877_0c7771-ad ul.kt-svg-icon-list .kt-svg-icon-list-level-0 .kt-svg-icon-list-single svg{font-size:20px;}<\/style>\n<div class=\"wp-block-kadence-iconlist kt-svg-icon-list-items kt-svg-icon-list-items2877_0c7771-ad kt-svg-icon-list-columns-1 alignnone\"><ul class=\"kt-svg-icon-list\"><style>.kt-svg-icon-list-item-2877_e046eb-a7 .kt-svg-icon-list-single{font-size:20px !important;}.kt-svg-icon-list-item-2877_e046eb-a7 .kt-svg-icon-list-text mark.kt-highlight{background-color:unset;font-style:normal;color:#f76a0c;-webkit-box-decoration-break:clone;box-decoration-break:clone;padding-top:0px;padding-right:0px;padding-bottom:0px;padding-left:0px;}<\/style>\n<li class=\"wp-block-kadence-listitem kt-svg-icon-list-item-wrap kt-svg-icon-list-item-2877_e046eb-a7\"><span class=\"kb-svg-icon-wrap kb-svg-icon-fe_smartphone kt-svg-icon-list-single\"><svg viewBox=\"0 0 24 24\"  fill=\"none\" stroke=\"currentColor\" stroke-width=\"2\" stroke-linecap=\"round\" stroke-linejoin=\"round\" xmlns=\"http:\/\/www.w3.org\/2000\/svg\"  aria-hidden=\"true\"><rect x=\"5\" y=\"2\" width=\"14\" height=\"20\" rx=\"2\" ry=\"2\"\/><line x1=\"12\" y1=\"18\" x2=\"12\" y2=\"18\"\/><\/svg><\/span><span class=\"kt-svg-icon-list-text\"><strong>Contactez-moi pour fixer un rendez-vous : 01 47 04 25 40<\/strong><\/span><\/li>\n<\/ul><\/div>\n<\/div><\/div>\n\n\n\n<div style=\"height:15px\" aria-hidden=\"true\" class=\"wp-block-spacer\"><\/div>\n\n\n<style>.wp-block-kadence-iconlist.kt-svg-icon-list-items2877_91dbd2-32:not(.this-stops-third-party-issues){margin-top:0px;margin-bottom:0px;}.wp-block-kadence-iconlist.kt-svg-icon-list-items2877_91dbd2-32 ul.kt-svg-icon-list:not(.this-prevents-issues):not(.this-stops-third-party-issues):not(.tijsloc){margin-top:0px;margin-right:0px;margin-bottom:var(--global-kb-spacing-sm, 1.5rem);margin-left:0px;}.wp-block-kadence-iconlist.kt-svg-icon-list-items2877_91dbd2-32 ul.kt-svg-icon-list{grid-row-gap:5px;}.wp-block-kadence-iconlist.kt-svg-icon-list-items2877_91dbd2-32 ul.kt-svg-icon-list .kt-svg-icon-list-item-wrap .kt-svg-icon-list-single{margin-right:10px;}.kt-svg-icon-list-items2877_91dbd2-32 ul.kt-svg-icon-list .kt-svg-icon-list-level-0 .kt-svg-icon-list-single svg{font-size:20px;}<\/style>\n<div class=\"wp-block-kadence-iconlist kt-svg-icon-list-items kt-svg-icon-list-items2877_91dbd2-32 kt-svg-icon-list-columns-1 alignnone\"><ul class=\"kt-svg-icon-list\"><style>.kt-svg-icon-list-item-2877_5a8211-90 .kt-svg-icon-list-text mark.kt-highlight{background-color:unset;font-style:normal;color:#f76a0c;-webkit-box-decoration-break:clone;box-decoration-break:clone;padding-top:0px;padding-right:0px;padding-bottom:0px;padding-left:0px;}<\/style>\n<li class=\"wp-block-kadence-listitem kt-svg-icon-list-item-wrap kt-svg-icon-list-item-2877_5a8211-90\"><span class=\"kb-svg-icon-wrap kb-svg-icon-fe_checkCircle kt-svg-icon-list-single\"><svg viewBox=\"0 0 24 24\"  fill=\"none\" stroke=\"currentColor\" stroke-width=\"2\" stroke-linecap=\"round\" stroke-linejoin=\"round\" xmlns=\"http:\/\/www.w3.org\/2000\/svg\"  aria-hidden=\"true\"><path d=\"M22 11.08V12a10 10 0 1 1-5.93-9.14\"\/><polyline points=\"22 4 12 14.01 9 11.01\"\/><\/svg><\/span><span class=\"kt-svg-icon-list-text\">R\u00e9daction de la&nbsp;<a title=\"d\u00e9finition convention de divorce\" href=\"\/divorce\/convention-de-divorce\/\" target=\"\" rel=\"noopener\">convention de divorce<\/a>&nbsp;et enregistrement de votre dossier (ou envoi par courrier \/ email).<br>Signature de la convention<\/span><\/li>\n\n\n<style>.kt-svg-icon-list-item-2877_d5ddc9-ae .kt-svg-icon-list-text mark.kt-highlight{background-color:unset;font-style:normal;color:#f76a0c;-webkit-box-decoration-break:clone;box-decoration-break:clone;padding-top:0px;padding-right:0px;padding-bottom:0px;padding-left:0px;}<\/style>\n<li class=\"wp-block-kadence-listitem kt-svg-icon-list-item-wrap kt-svg-icon-list-item-2877_d5ddc9-ae\"><span class=\"kb-svg-icon-wrap kb-svg-icon-fe_checkCircle kt-svg-icon-list-single\"><svg viewBox=\"0 0 24 24\"  fill=\"none\" stroke=\"currentColor\" stroke-width=\"2\" stroke-linecap=\"round\" stroke-linejoin=\"round\" xmlns=\"http:\/\/www.w3.org\/2000\/svg\"  aria-hidden=\"true\"><path d=\"M22 11.08V12a10 10 0 1 1-5.93-9.14\"\/><polyline points=\"22 4 12 14.01 9 11.01\"\/><\/svg><\/span><span class=\"kt-svg-icon-list-text\">Envoi du projet de convention \u00e0 votre domicile en courrier recommand\u00e9 avec accus\u00e9 de r\u00e9ception<\/span><\/li>\n\n\n<style>.kt-svg-icon-list-item-2877_35f68a-b8 .kt-svg-icon-list-text mark.kt-highlight{background-color:unset;font-style:normal;color:#f76a0c;-webkit-box-decoration-break:clone;box-decoration-break:clone;padding-top:0px;padding-right:0px;padding-bottom:0px;padding-left:0px;}<\/style>\n<li class=\"wp-block-kadence-listitem kt-svg-icon-list-item-wrap kt-svg-icon-list-item-2877_35f68a-b8\"><span class=\"kb-svg-icon-wrap kb-svg-icon-fe_checkCircle kt-svg-icon-list-single\"><svg viewBox=\"0 0 24 24\"  fill=\"none\" stroke=\"currentColor\" stroke-width=\"2\" stroke-linecap=\"round\" stroke-linejoin=\"round\" xmlns=\"http:\/\/www.w3.org\/2000\/svg\"  aria-hidden=\"true\"><path d=\"M22 11.08V12a10 10 0 1 1-5.93-9.14\"\/><polyline points=\"22 4 12 14.01 9 11.01\"\/><\/svg><\/span><span class=\"kt-svg-icon-list-text\">Signature du projet de convention dans un d\u00e9lai de 15 joursEnregistrement de votre divorce<\/span><\/li>\n\n\n<style>.kt-svg-icon-list-item-2877_65f18e-40 .kt-svg-icon-list-text mark.kt-highlight{background-color:unset;font-style:normal;color:#f76a0c;-webkit-box-decoration-break:clone;box-decoration-break:clone;padding-top:0px;padding-right:0px;padding-bottom:0px;padding-left:0px;}<\/style>\n<li class=\"wp-block-kadence-listitem kt-svg-icon-list-item-wrap kt-svg-icon-list-item-2877_65f18e-40\"><span class=\"kb-svg-icon-wrap kb-svg-icon-fe_checkCircle kt-svg-icon-list-single\"><svg viewBox=\"0 0 24 24\"  fill=\"none\" stroke=\"currentColor\" stroke-width=\"2\" stroke-linecap=\"round\" stroke-linejoin=\"round\" xmlns=\"http:\/\/www.w3.org\/2000\/svg\"  aria-hidden=\"true\"><path d=\"M22 11.08V12a10 10 0 1 1-5.93-9.14\"\/><polyline points=\"22 4 12 14.01 9 11.01\"\/><\/svg><\/span><span class=\"kt-svg-icon-list-text\">D\u00e9p\u00f4t de votre convention au <a title=\"d\u00e9finition divorce rang des minutes notaire\" href=\"\/divorce\/definitions\/rang-des-minutes\/\">rang des minutes du notaire<\/a> pour l&rsquo;enregistrement<\/span><\/li>\n\n\n<style>.kt-svg-icon-list-item-2877_da9cfb-56 .kt-svg-icon-list-text mark.kt-highlight{background-color:unset;font-style:normal;color:#f76a0c;-webkit-box-decoration-break:clone;box-decoration-break:clone;padding-top:0px;padding-right:0px;padding-bottom:0px;padding-left:0px;}<\/style>\n<li class=\"wp-block-kadence-listitem kt-svg-icon-list-item-wrap kt-svg-icon-list-item-2877_da9cfb-56\"><span class=\"kb-svg-icon-wrap kb-svg-icon-fe_checkCircle kt-svg-icon-list-single\"><svg viewBox=\"0 0 24 24\"  fill=\"none\" stroke=\"currentColor\" stroke-width=\"2\" stroke-linecap=\"round\" stroke-linejoin=\"round\" xmlns=\"http:\/\/www.w3.org\/2000\/svg\"  aria-hidden=\"true\"><path d=\"M22 11.08V12a10 10 0 1 1-5.93-9.14\"\/><polyline points=\"22 4 12 14.01 9 11.01\"\/><\/svg><\/span><span class=\"kt-svg-icon-list-text\">Transcription de votre divorce sur vos actes d&rsquo;\u00e9tat civil.<\/span><\/li>\n<\/ul><\/div>\n\n\n\n<p>Le d\u00e9lai de la proc\u00e9dure d&rsquo;un divorce sans juge est rapide. En g\u00e9n\u00e9ral, un mois suffit pour divorcer.<\/p>\n\n\n\n<h3 class=\"wp-block-heading\">Divorce sans juge, les tarifs?<\/h3>\n\n\n\n<p>Vous d\u00e9sirez engager une <a title=\"d\u00e9finition divorce proc\u00e9dure\" href=\"\/divorce\/definitions\/procedure\/\">proc\u00e9dure de divorce<\/a> par consentement mutuel dans votre ville? Vous pouvez <a title=\"\" href=\"\/divorce\/nos-honoraires\/\" target=\"_parent\" rel=\"noopener\">consulter mes honoraires<\/a> ou bien me retourner le devis en ligne ci-dessous afin que je puisse effectuer une estimation de votre situation<\/p>\n\n\n<style>.wp-block-kadence-iconlist.kt-svg-icon-list-items2877_502282-8d:not(.this-stops-third-party-issues){margin-top:0px;margin-bottom:0px;}.wp-block-kadence-iconlist.kt-svg-icon-list-items2877_502282-8d ul.kt-svg-icon-list:not(.this-prevents-issues):not(.this-stops-third-party-issues):not(.tijsloc){margin-top:0px;margin-right:0px;margin-bottom:var(--global-kb-spacing-sm, 1.5rem);margin-left:0px;}.wp-block-kadence-iconlist.kt-svg-icon-list-items2877_502282-8d ul.kt-svg-icon-list{grid-row-gap:5px;}.wp-block-kadence-iconlist.kt-svg-icon-list-items2877_502282-8d ul.kt-svg-icon-list .kt-svg-icon-list-item-wrap .kt-svg-icon-list-single{margin-right:10px;}.kt-svg-icon-list-items2877_502282-8d ul.kt-svg-icon-list .kt-svg-icon-list-level-0 .kt-svg-icon-list-single svg{font-size:20px;}<\/style>\n<div class=\"wp-block-kadence-iconlist kt-svg-icon-list-items kt-svg-icon-list-items2877_502282-8d kt-svg-icon-list-columns-1 alignnone\"><ul class=\"kt-svg-icon-list\"><style>.kt-svg-icon-list-item-2877_6a70c9-f4 .kt-svg-icon-list-text mark.kt-highlight{background-color:unset;font-style:normal;color:#f76a0c;-webkit-box-decoration-break:clone;box-decoration-break:clone;padding-top:0px;padding-right:0px;padding-bottom:0px;padding-left:0px;}<\/style>\n<li class=\"wp-block-kadence-listitem kt-svg-icon-list-item-wrap kt-svg-icon-list-item-2877_6a70c9-f4\"><span class=\"kb-svg-icon-wrap kb-svg-icon-fe_arrowRightCircle kt-svg-icon-list-single\"><svg viewBox=\"0 0 24 24\"  fill=\"none\" stroke=\"currentColor\" stroke-width=\"2\" stroke-linecap=\"round\" stroke-linejoin=\"round\" xmlns=\"http:\/\/www.w3.org\/2000\/svg\"  aria-hidden=\"true\"><circle cx=\"12\" cy=\"12\" r=\"10\"\/><polyline points=\"12 16 16 12 12 8\"\/><line x1=\"8\" y1=\"12\" x2=\"16\" y2=\"12\"\/><\/svg><\/span><span class=\"kt-svg-icon-list-text\"><a class=\"btn-page-interne btn-red-zone\" href=\"\/divorce\/devis-gratuit\/\">DEVIS AVOCAT DIVORCE SANS JUGE<\/a><\/span><\/li>\n<\/ul><\/div>\n\n\n\n<h3 class=\"wp-block-heading\">Question fr\u00e9quente : comment divorcer rapidement et simplement ?<\/h3>\n\n\n<div class=\"wp-block-image\">\n<figure class=\"alignleft size-full is-resized\"><img decoding=\"async\" width=\"640\" height=\"480\" src=\"https:\/\/avocat-gc.com\/divorce\/wp-content\/uploads\/2024\/04\/romain-dancre-doplSDELX7E-unsplash.jpg\" alt=\"Signature de la convention de divorce \u00e0 l'amiable\" class=\"wp-image-14066\" style=\"width:319px;height:auto\" title=\"Avocat Divorce Amiable Paris (75)\" srcset=\"https:\/\/avocat-gc.com\/divorce\/wp-content\/uploads\/2024\/04\/romain-dancre-doplSDELX7E-unsplash.jpg 640w, https:\/\/avocat-gc.com\/divorce\/wp-content\/uploads\/2024\/04\/romain-dancre-doplSDELX7E-unsplash-300x225.jpg 300w\" sizes=\"(max-width: 640px) 100vw, 640px\" \/><\/figure>\n<\/div>\n\n\n<p>Le divorce \u00e0 l\u2019amiable est plus traditionnellement appel\u00e9 divorce par consentement mutuel. <\/p>\n\n\n\n<p><strong>C&rsquo;est un <a href=\"\/divorce\/divorce-simple-rapide\/\">divorce facile, rapide<\/a> (le d\u00e9lai est g\u00e9n\u00e9ralement de 1 mois) et <a href=\"\/divorce\/nos-honoraires\/\" target=\"_parent\" rel=\"noopener\">\u00e9conomique<\/a>.<\/strong><\/p>\n\n\n\n<p>Il est n\u00e9cessaire que les deux \u00e9poux soient d\u2019accord sur les effets du divorce (montant de la <a href=\"\/divorce\/pension-alimentaire-enfants\/\">pension alimentaire<\/a>, <a href=\"\/divorce\/divorce-et-enfants\/\">enfants<\/a>, domicile, etc.).<\/p>\n\n\n\n<p>Lors du rendez-vous, notre avocat vous expliquent toute la proc\u00e9dure de divorce et r\u00e9digent avec vous la convention de divorce, sorte de&nbsp;contrat qui va fixer et r\u00e8glementer les modalit\u00e9s de votre divorce. <\/p>\n\n\n\n<p>Votre divorce par consentement mutuel reposera sur cet acte.<\/p>\n\n\n\n<h3 class=\"wp-block-heading\">Question fr\u00e9quente : quel est le d\u00e9lai pour un divorce \u00e0 l&rsquo;amiable ?<\/h3>\n\n\n\n<p>Le divorce par consentement mutuel est officiel d\u00e8s l&rsquo;enregistrement du divorce par le notaire<br>Lorsque votre dossier est complet, je vous adresse le projet de convention<br>Une fois le projet envoy\u00e9, le d\u00e9lai est g\u00e9n\u00e9ralement entre 1 et 3 mois<br>Votre divorce par consentement mutuel est <a title=\"avocat divorce consentement\" href=\"\/divorce\/tiers\/\">opposable aux tiers<\/a> lorsqu\u2019il est transcrit sur votre \u00e9tat civil.<br>Le cabinet s\u2019occupe de toutes les formalit\u00e9s de transcription.<\/p>\n\n\n\n<h3 class=\"wp-block-heading\">Question fr\u00e9quente : que se passe t&rsquo;il apr\u00e8s le rendez-vous ?<\/h3>\n\n\n\n<p>Vous recevez, \u00e0 domicile, le projet de convention pour signature dans un d\u00e9lai de 15 jours .<br>Apr\u00e8s signature, la <a title=\"avocat divorce convention\" href=\"\/divorce\/convention-de-divorce\/\">convention de divorce<\/a> est envoy\u00e9e au notaire pour qu&rsquo;il enregistre votre divorce<br>Je m&rsquo;occupe ensuite du changement de votre \u00e9tat civil (modification de votre acte de mariage et de votre acte de naissance) : vous n&rsquo;avez plus rien \u00e0 faire.<\/p>\n","protected":false},"excerpt":{"rendered":"<p>Le divorce \u00e0 l&rsquo;amiable, rapide et moins conflictuel, permet aux deux parties de s&rsquo;entendre sur les termes sans passer devant un juge.<\/p>\n","protected":false},"author":1,"featured_media":14042,"parent":0,"menu_order":0,"comment_status":"closed","ping_status":"closed","template":"","meta":{"_acf_changed":false,"inline_featured_image":false,"footnotes":""},"priorite":[4],"class_list":["post-2877","page","type-page","status-publish","has-post-thumbnail","hentry","priorite-haute"],"acf":[],"yoast_head":"<!-- This site is optimized with the Yoast SEO plugin v27.5 - https:\/\/yoast.com\/product\/yoast-seo-wordpress\/ -->\n<title>Divorce \u00e0 l&#039;amiable : quels avantages ?<\/title>\n<meta name=\"description\" content=\"Divorce \u00e0 l&#039;amiable et sans juge en 1 mois \u00e0 partir de 425\u20ac TTC. Devis gratuit et imm\u00e9diat pour votre divorce. \u260e 01.47.04.25.40.\" \/>\n<meta name=\"robots\" content=\"index, follow, max-snippet:-1, max-image-preview:large, max-video-preview:-1\" \/>\n<link rel=\"canonical\" href=\"https:\/\/avocat-gc.com\/divorce\/divorce-amiable\/\" \/>\n<meta property=\"og:locale\" content=\"fr_FR\" \/>\n<meta property=\"og:type\" content=\"article\" \/>\n<meta property=\"og:title\" content=\"Divorce \u00e0 l&#039;amiable : quels avantages ?\" \/>\n<meta property=\"og:description\" content=\"Divorce \u00e0 l&#039;amiable et sans juge en 1 mois \u00e0 partir de 425\u20ac TTC. Devis gratuit et imm\u00e9diat pour votre divorce. \u260e 01.47.04.25.40.\" \/>\n<meta property=\"og:url\" content=\"https:\/\/avocat-gc.com\/divorce\/divorce-amiable\/\" \/>\n<meta property=\"og:site_name\" content=\"Avocat GC - Avocat Divorce\" \/>\n<meta property=\"article:modified_time\" content=\"2026-01-12T11:33:10+00:00\" \/>\n<meta property=\"og:image\" content=\"https:\/\/avocat-gc.com\/divorce\/wp-content\/uploads\/2024\/04\/jens-lelie-u0vgcIOQG08-unsplash-scaled.jpg\" \/>\n\t<meta property=\"og:image:width\" content=\"2048\" \/>\n\t<meta property=\"og:image:height\" content=\"1371\" \/>\n\t<meta property=\"og:image:type\" content=\"image\/jpeg\" \/>\n<meta name=\"twitter:card\" content=\"summary_large_image\" \/>\n<script type=\"application\/ld+json\" class=\"yoast-schema-graph\">{\"@context\":\"https:\\\/\\\/schema.org\",\"@graph\":[{\"@type\":\"WebPage\",\"@id\":\"https:\\\/\\\/avocat-gc.com\\\/divorce\\\/divorce-amiable\\\/\",\"url\":\"https:\\\/\\\/avocat-gc.com\\\/divorce\\\/divorce-amiable\\\/\",\"name\":\"Divorce \u00e0 l'amiable : quels avantages ?\",\"isPartOf\":{\"@id\":\"https:\\\/\\\/avocat-gc.com\\\/divorce\\\/#website\"},\"primaryImageOfPage\":{\"@id\":\"https:\\\/\\\/avocat-gc.com\\\/divorce\\\/divorce-amiable\\\/#primaryimage\"},\"image\":{\"@id\":\"https:\\\/\\\/avocat-gc.com\\\/divorce\\\/divorce-amiable\\\/#primaryimage\"},\"thumbnailUrl\":\"https:\\\/\\\/avocat-gc.com\\\/divorce\\\/wp-content\\\/uploads\\\/2024\\\/04\\\/jens-lelie-u0vgcIOQG08-unsplash-scaled.jpg\",\"datePublished\":\"2024-04-26T11:46:33+00:00\",\"dateModified\":\"2026-01-12T11:33:10+00:00\",\"description\":\"Divorce \u00e0 l'amiable et sans juge en 1 mois \u00e0 partir de 425\u20ac TTC. Devis gratuit et imm\u00e9diat pour votre divorce. \u260e 01.47.04.25.40.\",\"breadcrumb\":{\"@id\":\"https:\\\/\\\/avocat-gc.com\\\/divorce\\\/divorce-amiable\\\/#breadcrumb\"},\"inLanguage\":\"fr-FR\",\"potentialAction\":[{\"@type\":\"ReadAction\",\"target\":[\"https:\\\/\\\/avocat-gc.com\\\/divorce\\\/divorce-amiable\\\/\"]}]},{\"@type\":\"ImageObject\",\"inLanguage\":\"fr-FR\",\"@id\":\"https:\\\/\\\/avocat-gc.com\\\/divorce\\\/divorce-amiable\\\/#primaryimage\",\"url\":\"https:\\\/\\\/avocat-gc.com\\\/divorce\\\/wp-content\\\/uploads\\\/2024\\\/04\\\/jens-lelie-u0vgcIOQG08-unsplash-scaled.jpg\",\"contentUrl\":\"https:\\\/\\\/avocat-gc.com\\\/divorce\\\/wp-content\\\/uploads\\\/2024\\\/04\\\/jens-lelie-u0vgcIOQG08-unsplash-scaled.jpg\",\"width\":2048,\"height\":1371},{\"@type\":\"BreadcrumbList\",\"@id\":\"https:\\\/\\\/avocat-gc.com\\\/divorce\\\/divorce-amiable\\\/#breadcrumb\",\"itemListElement\":[{\"@type\":\"ListItem\",\"position\":1,\"name\":\"Accueil\",\"item\":\"https:\\\/\\\/avocat-gc.com\\\/divorce\\\/\"},{\"@type\":\"ListItem\",\"position\":2,\"name\":\"Divorce \u00e0 l'amiable\"}]},{\"@type\":\"WebSite\",\"@id\":\"https:\\\/\\\/avocat-gc.com\\\/divorce\\\/#website\",\"url\":\"https:\\\/\\\/avocat-gc.com\\\/divorce\\\/\",\"name\":\"Avocat GC - Avocat Divorce\",\"description\":\"\",\"publisher\":{\"@id\":\"https:\\\/\\\/avocat-gc.com\\\/divorce\\\/#organization\"},\"potentialAction\":[{\"@type\":\"SearchAction\",\"target\":{\"@type\":\"EntryPoint\",\"urlTemplate\":\"https:\\\/\\\/avocat-gc.com\\\/divorce\\\/?s={search_term_string}\"},\"query-input\":{\"@type\":\"PropertyValueSpecification\",\"valueRequired\":true,\"valueName\":\"search_term_string\"}}],\"inLanguage\":\"fr-FR\"},{\"@type\":\"Organization\",\"@id\":\"https:\\\/\\\/avocat-gc.com\\\/divorce\\\/#organization\",\"name\":\"Avocat GC - Avocat Divorce\",\"url\":\"https:\\\/\\\/avocat-gc.com\\\/divorce\\\/\",\"logo\":{\"@type\":\"ImageObject\",\"inLanguage\":\"fr-FR\",\"@id\":\"https:\\\/\\\/avocat-gc.com\\\/divorce\\\/#\\\/schema\\\/logo\\\/image\\\/\",\"url\":\"https:\\\/\\\/avocat-gc.com\\\/divorce\\\/wp-content\\\/uploads\\\/2024\\\/04\\\/cropped-Sans-titre.png\",\"contentUrl\":\"https:\\\/\\\/avocat-gc.com\\\/divorce\\\/wp-content\\\/uploads\\\/2024\\\/04\\\/cropped-Sans-titre.png\",\"width\":200,\"height\":180,\"caption\":\"Avocat GC - Avocat Divorce\"},\"image\":{\"@id\":\"https:\\\/\\\/avocat-gc.com\\\/divorce\\\/#\\\/schema\\\/logo\\\/image\\\/\"}}]}<\/script>\n<!-- \/ Yoast SEO plugin. -->","yoast_head_json":{"title":"Divorce \u00e0 l'amiable : quels avantages ?","description":"Divorce \u00e0 l'amiable et sans juge en 1 mois \u00e0 partir de 425\u20ac TTC. Devis gratuit et imm\u00e9diat pour votre divorce. \u260e 01.47.04.25.40.","robots":{"index":"index","follow":"follow","max-snippet":"max-snippet:-1","max-image-preview":"max-image-preview:large","max-video-preview":"max-video-preview:-1"},"canonical":"https:\/\/avocat-gc.com\/divorce\/divorce-amiable\/","og_locale":"fr_FR","og_type":"article","og_title":"Divorce \u00e0 l'amiable : quels avantages ?","og_description":"Divorce \u00e0 l'amiable et sans juge en 1 mois \u00e0 partir de 425\u20ac TTC. Devis gratuit et imm\u00e9diat pour votre divorce. \u260e 01.47.04.25.40.","og_url":"https:\/\/avocat-gc.com\/divorce\/divorce-amiable\/","og_site_name":"Avocat GC - Avocat Divorce","article_modified_time":"2026-01-12T11:33:10+00:00","og_image":[{"width":2048,"height":1371,"url":"https:\/\/avocat-gc.com\/divorce\/wp-content\/uploads\/2024\/04\/jens-lelie-u0vgcIOQG08-unsplash-scaled.jpg","type":"image\/jpeg"}],"twitter_card":"summary_large_image","schema":{"@context":"https:\/\/schema.org","@graph":[{"@type":"WebPage","@id":"https:\/\/avocat-gc.com\/divorce\/divorce-amiable\/","url":"https:\/\/avocat-gc.com\/divorce\/divorce-amiable\/","name":"Divorce \u00e0 l'amiable : quels avantages ?","isPartOf":{"@id":"https:\/\/avocat-gc.com\/divorce\/#website"},"primaryImageOfPage":{"@id":"https:\/\/avocat-gc.com\/divorce\/divorce-amiable\/#primaryimage"},"image":{"@id":"https:\/\/avocat-gc.com\/divorce\/divorce-amiable\/#primaryimage"},"thumbnailUrl":"https:\/\/avocat-gc.com\/divorce\/wp-content\/uploads\/2024\/04\/jens-lelie-u0vgcIOQG08-unsplash-scaled.jpg","datePublished":"2024-04-26T11:46:33+00:00","dateModified":"2026-01-12T11:33:10+00:00","description":"Divorce \u00e0 l'amiable et sans juge en 1 mois \u00e0 partir de 425\u20ac TTC. Devis gratuit et imm\u00e9diat pour votre divorce. \u260e 01.47.04.25.40.","breadcrumb":{"@id":"https:\/\/avocat-gc.com\/divorce\/divorce-amiable\/#breadcrumb"},"inLanguage":"fr-FR","potentialAction":[{"@type":"ReadAction","target":["https:\/\/avocat-gc.com\/divorce\/divorce-amiable\/"]}]},{"@type":"ImageObject","inLanguage":"fr-FR","@id":"https:\/\/avocat-gc.com\/divorce\/divorce-amiable\/#primaryimage","url":"https:\/\/avocat-gc.com\/divorce\/wp-content\/uploads\/2024\/04\/jens-lelie-u0vgcIOQG08-unsplash-scaled.jpg","contentUrl":"https:\/\/avocat-gc.com\/divorce\/wp-content\/uploads\/2024\/04\/jens-lelie-u0vgcIOQG08-unsplash-scaled.jpg","width":2048,"height":1371},{"@type":"BreadcrumbList","@id":"https:\/\/avocat-gc.com\/divorce\/divorce-amiable\/#breadcrumb","itemListElement":[{"@type":"ListItem","position":1,"name":"Accueil","item":"https:\/\/avocat-gc.com\/divorce\/"},{"@type":"ListItem","position":2,"name":"Divorce \u00e0 l'amiable"}]},{"@type":"WebSite","@id":"https:\/\/avocat-gc.com\/divorce\/#website","url":"https:\/\/avocat-gc.com\/divorce\/","name":"Avocat GC - Avocat Divorce","description":"","publisher":{"@id":"https:\/\/avocat-gc.com\/divorce\/#organization"},"potentialAction":[{"@type":"SearchAction","target":{"@type":"EntryPoint","urlTemplate":"https:\/\/avocat-gc.com\/divorce\/?s={search_term_string}"},"query-input":{"@type":"PropertyValueSpecification","valueRequired":true,"valueName":"search_term_string"}}],"inLanguage":"fr-FR"},{"@type":"Organization","@id":"https:\/\/avocat-gc.com\/divorce\/#organization","name":"Avocat GC - Avocat Divorce","url":"https:\/\/avocat-gc.com\/divorce\/","logo":{"@type":"ImageObject","inLanguage":"fr-FR","@id":"https:\/\/avocat-gc.com\/divorce\/#\/schema\/logo\/image\/","url":"https:\/\/avocat-gc.com\/divorce\/wp-content\/uploads\/2024\/04\/cropped-Sans-titre.png","contentUrl":"https:\/\/avocat-gc.com\/divorce\/wp-content\/uploads\/2024\/04\/cropped-Sans-titre.png","width":200,"height":180,"caption":"Avocat GC - Avocat Divorce"},"image":{"@id":"https:\/\/avocat-gc.com\/divorce\/#\/schema\/logo\/image\/"}}]}},"_links":{"self":[{"href":"https:\/\/avocat-gc.com\/divorce\/wp-json\/wp\/v2\/pages\/2877","targetHints":{"allow":["GET"]}}],"collection":[{"href":"https:\/\/avocat-gc.com\/divorce\/wp-json\/wp\/v2\/pages"}],"about":[{"href":"https:\/\/avocat-gc.com\/divorce\/wp-json\/wp\/v2\/types\/page"}],"author":[{"embeddable":true,"href":"https:\/\/avocat-gc.com\/divorce\/wp-json\/wp\/v2\/users\/1"}],"replies":[{"embeddable":true,"href":"https:\/\/avocat-gc.com\/divorce\/wp-json\/wp\/v2\/comments?post=2877"}],"version-history":[{"count":12,"href":"https:\/\/avocat-gc.com\/divorce\/wp-json\/wp\/v2\/pages\/2877\/revisions"}],"predecessor-version":[{"id":16263,"href":"https:\/\/avocat-gc.com\/divorce\/wp-json\/wp\/v2\/pages\/2877\/revisions\/16263"}],"wp:featuredmedia":[{"embeddable":true,"href":"https:\/\/avocat-gc.com\/divorce\/wp-json\/wp\/v2\/media\/14042"}],"wp:attachment":[{"href":"https:\/\/avocat-gc.com\/divorce\/wp-json\/wp\/v2\/media?parent=2877"}],"wp:term":[{"taxonomy":"priorite","embeddable":true,"href":"https:\/\/avocat-gc.com\/divorce\/wp-json\/wp\/v2\/priorite?post=2877"}],"curies":[{"name":"wp","href":"https:\/\/api.w.org\/{rel}","templated":true}]}}