{"id":2786,"date":"2024-03-29T15:35:16","date_gmt":"2024-03-29T15:35:16","guid":{"rendered":"https:\/\/avocat-gc.com\/divorce\/divorce-amiable-rapide\/"},"modified":"2024-03-29T15:35:16","modified_gmt":"2024-03-29T15:35:16","slug":"divorce-amiable-rapide","status":"publish","type":"page","link":"https:\/\/avocat-gc.com\/divorce\/divorce-amiable-rapide\/","title":{"rendered":"Divorce \u00e0 l\u2019amiable : un divorce rapide"},"content":{"rendered":"<h2>\n\tDivorce \u00e0 l\u2019amiable sans juge : un divorce rapide et \u00e9conomique<\/h2>\n<h3>\n\tUn divorce rapide<\/h3>\n<p>\tNotre cabinet d\u2019avocat a toujours voulu simplifier la proc\u00e9dure de divorce.\u00a0Depuis 2003, notre\u00a0avocat divorce a acquis une solide exp\u00e9rience en la mati\u00e8re.\u00a0Nous proposons de vous divorcer tr\u00e8s rapidement. Pour ce faire, il faut prendre contact avec notre cabinet.<\/p>\n<p>\t\u00a0<\/p>\n<p>\tLors d&rsquo;un rendez-vous :<\/p>\n<p>\t\tnous vous expliquons clairement toute la <a href=\"\/divorce\/definitions\/procedure\/\" rel=\"nofollow noopener\" title=\"\" target=\"\">proc\u00e9dure de divorce<\/a>,<\/p>\n<p>\t\tnous r\u00e9digeons la <a href=\"http:\/\/avocat-gc.com\/divorce\/convention-de-divorce\/\" title=\"\" target=\"\" rel=\"noopener\">convention de votre divorce<\/a><\/p>\n<p>\tParce que nous avons compris que vous vouliez divorcer tr\u00e8s rapidement, le cabinet Greffet met tout en \u0153uvre pour que cela puisse \u00eatre le cas.\u00a0En r\u00e8gle g\u00e9n\u00e9rale, le d\u00e9lai pour divorcer sans juge est de 1 \u00e0 3 mois.\u00a0<\/p>\n<\/p>\n<h3>\n\tUn divorce \u00e9conomique<\/h3>\n<p>\tNous avons \u00e9galement pr\u00e9vu des forfaits incluant toutes les charges (d\u00e9placements, frais de postulation, etc.) afin de vous \u00e9viter toutes surprises. Le cabinet Greffet souhaite simplement \u00eatre transparent tant <a href=\"\/divorce\/nos-honoraires\/\" title=\"\" target=\"\" rel=\"noopener\">sur ses honoraires<\/a> que sur le suivi de la\u00a0proc\u00e9dure\u00a0de divorce.<\/p>\n<p class=\"rtecenter\">\n<p>\t\u00c0 ce titre, il existe 4 forfaits pour le <a href=\"\/divorce\/definitions\/divorce-par-consentement-mutuel\/\" rel=\"nofollow noopener\" title=\"\" target=\"\">divorce par consentement mutuel<\/a> :<\/p>\n<p>\t\t850\u20ac TTC pour le couple (soit 425\u20ac TTC par \u00e9poux) si vous n\u2019avez ni enfant, ni bien immobilier en commun et que l\u2019un des 2 \u00e9poux r\u00e9side dans le 92, 93 ou 94.<br \/>\n950\u20ac TTC pour le couple (soit 475\u20ac TTC par \u00e9poux) si vous n\u2019avez ni enfant, ni bien immobilier en commun et que l\u2019un des 2 \u00e9poux r\u00e9side dans le 92, 93 ou 94.<\/p>\n<p>\t\t990\u20ac TTC pour le couple (soit 495\u20ac TTC par \u00e9poux) si vous avez des enfants et\/ou des biens immobiliers en commun et que l\u2019un des 2 \u00e9poux r\u00e9side dans le 75, 92, 93 ou 94.<\/p>\n<p>\t\t1290\u20ac TTC pour le couple (soit 645\u20ac TTC par \u00e9poux) si les 2 \u00e9poux r\u00e9sident dans des d\u00e9partements autres que le 75, 92, 93 ou 94.<\/p>\n<p>\t\u00a0<\/p>\n<p>\tN\u2019h\u00e9sitez pas \u00e0 nous appeler au 01.47.04.25.40 pour qu\u2019un avocat puisse rapidement r\u00e9pondre \u00e0 toutes vos questions.<\/p>\n<p> J&rsquo;INTERVIENS DANS TOUTE LA FRANCE <a href=\"\/divorce\/avocat-divorce\/paris\/\" rel=\"nofollow noopener\" title=\"\" target=\"_parent\">Notre cabinet \u00e0 Paris<\/a> : 42 Rue de L\u00fcbeck, 75116 Paris 01 47 04 25 40 <\/p>\n","protected":false},"excerpt":{"rendered":"<p>Divorce \u00e0 l\u2019amiable sans juge : un divorce rapide et \u00e9conomique Un divorce rapide Notre cabinet d\u2019avocat a toujours voulu simplifier la proc\u00e9dure de divorce.\u00a0Depuis 2003, notre\u00a0avocat divorce a acquis une solide exp\u00e9rience en la mati\u00e8re.\u00a0Nous proposons de vous divorcer tr\u00e8s rapidement. Pour ce faire, il faut prendre contact avec notre cabinet. \u00a0 Lors d&rsquo;un [&hellip;]<\/p>\n","protected":false},"author":1,"featured_media":0,"parent":0,"menu_order":0,"comment_status":"closed","ping_status":"closed","template":"","meta":{"_acf_changed":false,"inline_featured_image":false,"footnotes":""},"priorite":[],"class_list":["post-2786","page","type-page","status-publish","hentry"],"acf":[],"yoast_head":"<!-- This site is optimized with the Yoast SEO plugin v27.4 - https:\/\/yoast.com\/product\/yoast-seo-wordpress\/ -->\n<title>Divorce \u00e0 l\u2019amiable : un divorce rapide - Avocat Divorce<\/title>\n<meta name=\"description\" content=\"Notre cabinet s&#039;engage \u00e0 effectuer un divorce amiable rapide, g\u00e9n\u00e9ralement 1 mois. Vous divorcer rapidement est notre priorit\u00e9. Contactez nous au 01.47.04.25.40\" \/>\n<meta name=\"robots\" content=\"index, follow, max-snippet:-1, max-image-preview:large, max-video-preview:-1\" \/>\n<link rel=\"canonical\" href=\"https:\/\/avocat-gc.com\/divorce\/divorce-amiable-rapide\/\" \/>\n<meta property=\"og:locale\" content=\"fr_FR\" \/>\n<meta property=\"og:type\" content=\"article\" \/>\n<meta property=\"og:title\" content=\"Divorce \u00e0 l\u2019amiable : un divorce rapide - Avocat Divorce\" \/>\n<meta property=\"og:description\" content=\"Notre cabinet s&#039;engage \u00e0 effectuer un divorce amiable rapide, g\u00e9n\u00e9ralement 1 mois. Vous divorcer rapidement est notre priorit\u00e9. Contactez nous au 01.47.04.25.40\" \/>\n<meta property=\"og:url\" content=\"https:\/\/avocat-gc.com\/divorce\/divorce-amiable-rapide\/\" \/>\n<meta property=\"og:site_name\" content=\"Avocat GC - Avocat Divorce\" \/>\n<meta name=\"twitter:card\" content=\"summary_large_image\" \/>\n<script type=\"application\/ld+json\" class=\"yoast-schema-graph\">{\"@context\":\"https:\\\/\\\/schema.org\",\"@graph\":[{\"@type\":\"WebPage\",\"@id\":\"https:\\\/\\\/avocat-gc.com\\\/divorce\\\/divorce-amiable-rapide\\\/\",\"url\":\"https:\\\/\\\/avocat-gc.com\\\/divorce\\\/divorce-amiable-rapide\\\/\",\"name\":\"Divorce \u00e0 l\u2019amiable : un divorce rapide - Avocat Divorce\",\"isPartOf\":{\"@id\":\"https:\\\/\\\/avocat-gc.com\\\/divorce\\\/#website\"},\"datePublished\":\"2024-03-29T15:35:16+00:00\",\"description\":\"Notre cabinet s'engage \u00e0 effectuer un divorce amiable rapide, g\u00e9n\u00e9ralement 1 mois. Vous divorcer rapidement est notre priorit\u00e9. Contactez nous au 01.47.04.25.40\",\"breadcrumb\":{\"@id\":\"https:\\\/\\\/avocat-gc.com\\\/divorce\\\/divorce-amiable-rapide\\\/#breadcrumb\"},\"inLanguage\":\"fr-FR\",\"potentialAction\":[{\"@type\":\"ReadAction\",\"target\":[\"https:\\\/\\\/avocat-gc.com\\\/divorce\\\/divorce-amiable-rapide\\\/\"]}]},{\"@type\":\"BreadcrumbList\",\"@id\":\"https:\\\/\\\/avocat-gc.com\\\/divorce\\\/divorce-amiable-rapide\\\/#breadcrumb\",\"itemListElement\":[{\"@type\":\"ListItem\",\"position\":1,\"name\":\"Accueil\",\"item\":\"https:\\\/\\\/avocat-gc.com\\\/divorce\\\/\"},{\"@type\":\"ListItem\",\"position\":2,\"name\":\"Divorce \u00e0 l\u2019amiable : un divorce rapide\"}]},{\"@type\":\"WebSite\",\"@id\":\"https:\\\/\\\/avocat-gc.com\\\/divorce\\\/#website\",\"url\":\"https:\\\/\\\/avocat-gc.com\\\/divorce\\\/\",\"name\":\"Avocat GC - Avocat Divorce\",\"description\":\"\",\"publisher\":{\"@id\":\"https:\\\/\\\/avocat-gc.com\\\/divorce\\\/#organization\"},\"potentialAction\":[{\"@type\":\"SearchAction\",\"target\":{\"@type\":\"EntryPoint\",\"urlTemplate\":\"https:\\\/\\\/avocat-gc.com\\\/divorce\\\/?s={search_term_string}\"},\"query-input\":{\"@type\":\"PropertyValueSpecification\",\"valueRequired\":true,\"valueName\":\"search_term_string\"}}],\"inLanguage\":\"fr-FR\"},{\"@type\":\"Organization\",\"@id\":\"https:\\\/\\\/avocat-gc.com\\\/divorce\\\/#organization\",\"name\":\"Avocat GC - Avocat Divorce\",\"url\":\"https:\\\/\\\/avocat-gc.com\\\/divorce\\\/\",\"logo\":{\"@type\":\"ImageObject\",\"inLanguage\":\"fr-FR\",\"@id\":\"https:\\\/\\\/avocat-gc.com\\\/divorce\\\/#\\\/schema\\\/logo\\\/image\\\/\",\"url\":\"https:\\\/\\\/avocat-gc.com\\\/divorce\\\/wp-content\\\/uploads\\\/2024\\\/04\\\/cropped-Sans-titre.png\",\"contentUrl\":\"https:\\\/\\\/avocat-gc.com\\\/divorce\\\/wp-content\\\/uploads\\\/2024\\\/04\\\/cropped-Sans-titre.png\",\"width\":200,\"height\":180,\"caption\":\"Avocat GC - Avocat Divorce\"},\"image\":{\"@id\":\"https:\\\/\\\/avocat-gc.com\\\/divorce\\\/#\\\/schema\\\/logo\\\/image\\\/\"}}]}<\/script>\n<!-- \/ Yoast SEO plugin. -->","yoast_head_json":{"title":"Divorce \u00e0 l\u2019amiable : un divorce rapide - Avocat Divorce","description":"Notre cabinet s'engage \u00e0 effectuer un divorce amiable rapide, g\u00e9n\u00e9ralement 1 mois. Vous divorcer rapidement est notre priorit\u00e9. Contactez nous au 01.47.04.25.40","robots":{"index":"index","follow":"follow","max-snippet":"max-snippet:-1","max-image-preview":"max-image-preview:large","max-video-preview":"max-video-preview:-1"},"canonical":"https:\/\/avocat-gc.com\/divorce\/divorce-amiable-rapide\/","og_locale":"fr_FR","og_type":"article","og_title":"Divorce \u00e0 l\u2019amiable : un divorce rapide - Avocat Divorce","og_description":"Notre cabinet s'engage \u00e0 effectuer un divorce amiable rapide, g\u00e9n\u00e9ralement 1 mois. Vous divorcer rapidement est notre priorit\u00e9. Contactez nous au 01.47.04.25.40","og_url":"https:\/\/avocat-gc.com\/divorce\/divorce-amiable-rapide\/","og_site_name":"Avocat GC - Avocat Divorce","twitter_card":"summary_large_image","schema":{"@context":"https:\/\/schema.org","@graph":[{"@type":"WebPage","@id":"https:\/\/avocat-gc.com\/divorce\/divorce-amiable-rapide\/","url":"https:\/\/avocat-gc.com\/divorce\/divorce-amiable-rapide\/","name":"Divorce \u00e0 l\u2019amiable : un divorce rapide - Avocat Divorce","isPartOf":{"@id":"https:\/\/avocat-gc.com\/divorce\/#website"},"datePublished":"2024-03-29T15:35:16+00:00","description":"Notre cabinet s'engage \u00e0 effectuer un divorce amiable rapide, g\u00e9n\u00e9ralement 1 mois. Vous divorcer rapidement est notre priorit\u00e9. Contactez nous au 01.47.04.25.40","breadcrumb":{"@id":"https:\/\/avocat-gc.com\/divorce\/divorce-amiable-rapide\/#breadcrumb"},"inLanguage":"fr-FR","potentialAction":[{"@type":"ReadAction","target":["https:\/\/avocat-gc.com\/divorce\/divorce-amiable-rapide\/"]}]},{"@type":"BreadcrumbList","@id":"https:\/\/avocat-gc.com\/divorce\/divorce-amiable-rapide\/#breadcrumb","itemListElement":[{"@type":"ListItem","position":1,"name":"Accueil","item":"https:\/\/avocat-gc.com\/divorce\/"},{"@type":"ListItem","position":2,"name":"Divorce \u00e0 l\u2019amiable : un divorce rapide"}]},{"@type":"WebSite","@id":"https:\/\/avocat-gc.com\/divorce\/#website","url":"https:\/\/avocat-gc.com\/divorce\/","name":"Avocat GC - Avocat Divorce","description":"","publisher":{"@id":"https:\/\/avocat-gc.com\/divorce\/#organization"},"potentialAction":[{"@type":"SearchAction","target":{"@type":"EntryPoint","urlTemplate":"https:\/\/avocat-gc.com\/divorce\/?s={search_term_string}"},"query-input":{"@type":"PropertyValueSpecification","valueRequired":true,"valueName":"search_term_string"}}],"inLanguage":"fr-FR"},{"@type":"Organization","@id":"https:\/\/avocat-gc.com\/divorce\/#organization","name":"Avocat GC - Avocat Divorce","url":"https:\/\/avocat-gc.com\/divorce\/","logo":{"@type":"ImageObject","inLanguage":"fr-FR","@id":"https:\/\/avocat-gc.com\/divorce\/#\/schema\/logo\/image\/","url":"https:\/\/avocat-gc.com\/divorce\/wp-content\/uploads\/2024\/04\/cropped-Sans-titre.png","contentUrl":"https:\/\/avocat-gc.com\/divorce\/wp-content\/uploads\/2024\/04\/cropped-Sans-titre.png","width":200,"height":180,"caption":"Avocat GC - Avocat Divorce"},"image":{"@id":"https:\/\/avocat-gc.com\/divorce\/#\/schema\/logo\/image\/"}}]}},"_links":{"self":[{"href":"https:\/\/avocat-gc.com\/divorce\/wp-json\/wp\/v2\/pages\/2786","targetHints":{"allow":["GET"]}}],"collection":[{"href":"https:\/\/avocat-gc.com\/divorce\/wp-json\/wp\/v2\/pages"}],"about":[{"href":"https:\/\/avocat-gc.com\/divorce\/wp-json\/wp\/v2\/types\/page"}],"author":[{"embeddable":true,"href":"https:\/\/avocat-gc.com\/divorce\/wp-json\/wp\/v2\/users\/1"}],"replies":[{"embeddable":true,"href":"https:\/\/avocat-gc.com\/divorce\/wp-json\/wp\/v2\/comments?post=2786"}],"version-history":[{"count":0,"href":"https:\/\/avocat-gc.com\/divorce\/wp-json\/wp\/v2\/pages\/2786\/revisions"}],"wp:attachment":[{"href":"https:\/\/avocat-gc.com\/divorce\/wp-json\/wp\/v2\/media?parent=2786"}],"wp:term":[{"taxonomy":"priorite","embeddable":true,"href":"https:\/\/avocat-gc.com\/divorce\/wp-json\/wp\/v2\/priorite?post=2786"}],"curies":[{"name":"wp","href":"https:\/\/api.w.org\/{rel}","templated":true}]}}