{"id":2469,"date":"2024-03-29T15:34:42","date_gmt":"2024-03-29T15:34:42","guid":{"rendered":"https:\/\/avocat-gc.com\/divorce\/divorce-accepte\/"},"modified":"2025-07-17T11:03:45","modified_gmt":"2025-07-17T11:03:45","slug":"divorce-accepte","status":"publish","type":"page","link":"https:\/\/avocat-gc.com\/divorce\/divorce-accepte\/","title":{"rendered":"Divorce accept\u00e9"},"content":{"rendered":"\n<h2 class=\"wp-block-heading\">Forfait divorce accept\u00e9 \u00e0 partir de 1 990\u20ac<\/h2>\n\n\n\n<h3 class=\"wp-block-heading\">Qu&rsquo;est-ce que le divorce accept\u00e9<\/h3>\n\n\n\n<p>Le divorce accept\u00e9 concerne les \u00e9poux qui sont d\u2019accord pour divorcer mais en d\u00e9saccord sur les cons\u00e9quences de ce divorce :<\/p>\n\n\n\n<ul class=\"wp-block-list\">\n<li>Qui reste dans le domicile conjugal ?<\/li>\n\n\n\n<li>Quel est le lieu de r\u00e9sidence principal des enfants ?<\/li>\n\n\n\n<li>Quel est le montant de la <a title=\"\" href=\"http:\/\/avocat-gc.com\/divorce\/pension-alimentaire-enfants\/\" target=\"\" rel=\"noopener\">pension alimentaire<\/a> ?<\/li>\n<\/ul>\n\n\n\n<p>Les faits \u00e0 l\u2019origine de la s\u00e9paration ne sont pas pris en consid\u00e9ration. Les \u00e9poux doivent simplement \u00eatre en accord sur le principe de la rupture du mariage. Le <a title=\"\" href=\"http:\/\/avocat-gc.com\/divorce\/definitions\/juge-aux-affaires-familiales\/\" target=\"\" rel=\"noopener\">juge<\/a> statuera uniquement sur les cons\u00e9quences du divorce et de ces diff\u00e9rents points de d\u00e9saccord.<\/p>\n\n\n\n<h3 class=\"wp-block-heading\">Le d\u00e9roulement de la proc\u00e9dure de divorce accept\u00e9<\/h3>\n\n\n\n<h4 class=\"wp-block-heading\">1\u00e8re \u00e9tape :<\/h4>\n\n\n\n<p>Vous contactez le Cabinet au 01.47.04.25.40 ou vous m&rsquo;adressez un email \u00e0 <a href=\"mailto:info@avocat-gc.com\">info@avocat-gc.com<\/a> afin de prendre rendez-vous au cabinet.\u00a0Lors d&rsquo;un rendez-vous :<\/p>\n\n\n\n<p>Je vous expliquerai la proc\u00e9dure de divorce et mettrons ensemble en place la meilleure strat\u00e9gie \u00e0 adopter<\/p>\n\n\n\n<p>Je proc\u00e9derai \u00e0 la r\u00e9daction des papiers officiels du divorce que vous signerez sur place (requ\u00eate en divorce).<\/p>\n\n\n\n<h4 class=\"wp-block-heading\">2\u00e8me \u00e9tape : Les audiences<\/h4>\n\n\n\n<p>La 1\u00e8re audience est appel\u00e9e \u00ab audience de conciliation \u00bb, elle permet au juge de constater que les \u00e9poux refusent de se r\u00e9concilier et sont en accord sur le principe de divorcer.&nbsp;Le juge constatera cet accord de divorcer dans un proc\u00e8s-verbal qui sera sign\u00e9 par les \u00e9poux et leurs avocats respectifs. Ce document sera annex\u00e9 \u00e0 l\u2019<a title=\"\" href=\"http:\/\/avocat-gc.com\/divorce\/definitions\/ordonnance-de-non-conciliation\/\" target=\"\" rel=\"noopener\">ordonnance de non-conciliation<\/a>.&nbsp;Une fois l\u2019audience de conciliation pass\u00e9e, d\u2019autres audiences auront lieu entre les avocats et le juge, audiences auxquelles vous n\u2019avez pas \u00e0 assister.<\/p>\n\n\n\n<h4 class=\"wp-block-heading\">3\u00e8me \u00e9tape : Le jugement<\/h4>\n\n\n\n<p>Le juge d\u00e9cidera des mesures provisoires en attendant le divorce d\u00e9finitif (quel \u00e9poux conserve le domicile familial, lieu de r\u00e9sidence principal des enfants, garde des enfants, montant de la pension alimentaire, &#8230;). Cette audience est assez rapide (15 minutes), les \u00e9poux sont re\u00e7us s\u00e9par\u00e9ment par le juge, puis ensemble avec les avocats.\u00a0Il y aura ensuite d&rsquo;autres audiences de <a title=\"\" href=\"http:\/\/avocat-gc.com\/divorce\/definitions\/procedure\/\" target=\"\" rel=\"noopener\">proc\u00e9dure <\/a>auxquelles vous n&rsquo;avez pas \u00e0 assister mais pendant lesquelles je vous repr\u00e9senterai.<\/p>\n\n\n\n<p>LE CABINET INTERVIENT DANS TOUTE LA FRANCE <a title=\"\" href=\"http:\/\/avocat-gc.com\/divorce\/avocat-divorce\/paris\/\" target=\"_parent\" rel=\"nofollow noopener\">Le cabinet \u00e0 Paris<\/a> : 42 Rue de L\u00fcbeck, 75116 Paris 01 47 04 25 40<\/p>\n","protected":false},"excerpt":{"rendered":"<p>Forfait divorce accept\u00e9 \u00e0 partir de 1 990\u20ac Qu&rsquo;est-ce que le divorce accept\u00e9 Le divorce accept\u00e9 concerne les \u00e9poux qui sont d\u2019accord pour divorcer mais en d\u00e9saccord sur les cons\u00e9quences de ce divorce : Les faits \u00e0 l\u2019origine de la s\u00e9paration ne sont pas pris en consid\u00e9ration. Les \u00e9poux doivent simplement \u00eatre en accord sur [&hellip;]<\/p>\n","protected":false},"author":1,"featured_media":0,"parent":0,"menu_order":0,"comment_status":"closed","ping_status":"closed","template":"","meta":{"_acf_changed":false,"inline_featured_image":false,"footnotes":""},"priorite":[4],"class_list":["post-2469","page","type-page","status-publish","hentry","priorite-haute"],"acf":[],"yoast_head":"<!-- This site is optimized with the Yoast SEO plugin v27.4 - https:\/\/yoast.com\/product\/yoast-seo-wordpress\/ -->\n<title>Le divorce accept\u00e9<\/title>\n<meta name=\"description\" content=\"Le divorce accept\u00e9 concerne les \u00e9poux qui sont d\u2019accord pour divorcer mais en d\u00e9saccord sur les cons\u00e9quences de ce divorce. En savoir plus...\" \/>\n<meta name=\"robots\" content=\"index, follow, max-snippet:-1, max-image-preview:large, max-video-preview:-1\" \/>\n<link rel=\"canonical\" href=\"https:\/\/avocat-gc.com\/divorce\/divorce-accepte\/\" \/>\n<meta property=\"og:locale\" content=\"fr_FR\" \/>\n<meta property=\"og:type\" content=\"article\" \/>\n<meta property=\"og:title\" content=\"Le divorce accept\u00e9\" \/>\n<meta property=\"og:description\" content=\"Le divorce accept\u00e9 concerne les \u00e9poux qui sont d\u2019accord pour divorcer mais en d\u00e9saccord sur les cons\u00e9quences de ce divorce. En savoir plus...\" \/>\n<meta property=\"og:url\" content=\"https:\/\/avocat-gc.com\/divorce\/divorce-accepte\/\" \/>\n<meta property=\"og:site_name\" content=\"Avocat GC - Avocat Divorce\" \/>\n<meta property=\"article:modified_time\" content=\"2025-07-17T11:03:45+00:00\" \/>\n<meta name=\"twitter:card\" content=\"summary_large_image\" \/>\n<script type=\"application\/ld+json\" class=\"yoast-schema-graph\">{\"@context\":\"https:\\\/\\\/schema.org\",\"@graph\":[{\"@type\":\"WebPage\",\"@id\":\"https:\\\/\\\/avocat-gc.com\\\/divorce\\\/divorce-accepte\\\/\",\"url\":\"https:\\\/\\\/avocat-gc.com\\\/divorce\\\/divorce-accepte\\\/\",\"name\":\"Le divorce accept\u00e9\",\"isPartOf\":{\"@id\":\"https:\\\/\\\/avocat-gc.com\\\/divorce\\\/#website\"},\"datePublished\":\"2024-03-29T15:34:42+00:00\",\"dateModified\":\"2025-07-17T11:03:45+00:00\",\"description\":\"Le divorce accept\u00e9 concerne les \u00e9poux qui sont d\u2019accord pour divorcer mais en d\u00e9saccord sur les cons\u00e9quences de ce divorce. En savoir plus...\",\"breadcrumb\":{\"@id\":\"https:\\\/\\\/avocat-gc.com\\\/divorce\\\/divorce-accepte\\\/#breadcrumb\"},\"inLanguage\":\"fr-FR\",\"potentialAction\":[{\"@type\":\"ReadAction\",\"target\":[\"https:\\\/\\\/avocat-gc.com\\\/divorce\\\/divorce-accepte\\\/\"]}]},{\"@type\":\"BreadcrumbList\",\"@id\":\"https:\\\/\\\/avocat-gc.com\\\/divorce\\\/divorce-accepte\\\/#breadcrumb\",\"itemListElement\":[{\"@type\":\"ListItem\",\"position\":1,\"name\":\"Accueil\",\"item\":\"https:\\\/\\\/avocat-gc.com\\\/divorce\\\/\"},{\"@type\":\"ListItem\",\"position\":2,\"name\":\"Divorce accept\u00e9\"}]},{\"@type\":\"WebSite\",\"@id\":\"https:\\\/\\\/avocat-gc.com\\\/divorce\\\/#website\",\"url\":\"https:\\\/\\\/avocat-gc.com\\\/divorce\\\/\",\"name\":\"Avocat GC - Avocat Divorce\",\"description\":\"\",\"publisher\":{\"@id\":\"https:\\\/\\\/avocat-gc.com\\\/divorce\\\/#organization\"},\"potentialAction\":[{\"@type\":\"SearchAction\",\"target\":{\"@type\":\"EntryPoint\",\"urlTemplate\":\"https:\\\/\\\/avocat-gc.com\\\/divorce\\\/?s={search_term_string}\"},\"query-input\":{\"@type\":\"PropertyValueSpecification\",\"valueRequired\":true,\"valueName\":\"search_term_string\"}}],\"inLanguage\":\"fr-FR\"},{\"@type\":\"Organization\",\"@id\":\"https:\\\/\\\/avocat-gc.com\\\/divorce\\\/#organization\",\"name\":\"Avocat GC - Avocat Divorce\",\"url\":\"https:\\\/\\\/avocat-gc.com\\\/divorce\\\/\",\"logo\":{\"@type\":\"ImageObject\",\"inLanguage\":\"fr-FR\",\"@id\":\"https:\\\/\\\/avocat-gc.com\\\/divorce\\\/#\\\/schema\\\/logo\\\/image\\\/\",\"url\":\"https:\\\/\\\/avocat-gc.com\\\/divorce\\\/wp-content\\\/uploads\\\/2024\\\/04\\\/cropped-Sans-titre.png\",\"contentUrl\":\"https:\\\/\\\/avocat-gc.com\\\/divorce\\\/wp-content\\\/uploads\\\/2024\\\/04\\\/cropped-Sans-titre.png\",\"width\":200,\"height\":180,\"caption\":\"Avocat GC - Avocat Divorce\"},\"image\":{\"@id\":\"https:\\\/\\\/avocat-gc.com\\\/divorce\\\/#\\\/schema\\\/logo\\\/image\\\/\"}}]}<\/script>\n<!-- \/ Yoast SEO plugin. -->","yoast_head_json":{"title":"Le divorce accept\u00e9","description":"Le divorce accept\u00e9 concerne les \u00e9poux qui sont d\u2019accord pour divorcer mais en d\u00e9saccord sur les cons\u00e9quences de ce divorce. En savoir plus...","robots":{"index":"index","follow":"follow","max-snippet":"max-snippet:-1","max-image-preview":"max-image-preview:large","max-video-preview":"max-video-preview:-1"},"canonical":"https:\/\/avocat-gc.com\/divorce\/divorce-accepte\/","og_locale":"fr_FR","og_type":"article","og_title":"Le divorce accept\u00e9","og_description":"Le divorce accept\u00e9 concerne les \u00e9poux qui sont d\u2019accord pour divorcer mais en d\u00e9saccord sur les cons\u00e9quences de ce divorce. En savoir plus...","og_url":"https:\/\/avocat-gc.com\/divorce\/divorce-accepte\/","og_site_name":"Avocat GC - Avocat Divorce","article_modified_time":"2025-07-17T11:03:45+00:00","twitter_card":"summary_large_image","schema":{"@context":"https:\/\/schema.org","@graph":[{"@type":"WebPage","@id":"https:\/\/avocat-gc.com\/divorce\/divorce-accepte\/","url":"https:\/\/avocat-gc.com\/divorce\/divorce-accepte\/","name":"Le divorce accept\u00e9","isPartOf":{"@id":"https:\/\/avocat-gc.com\/divorce\/#website"},"datePublished":"2024-03-29T15:34:42+00:00","dateModified":"2025-07-17T11:03:45+00:00","description":"Le divorce accept\u00e9 concerne les \u00e9poux qui sont d\u2019accord pour divorcer mais en d\u00e9saccord sur les cons\u00e9quences de ce divorce. En savoir plus...","breadcrumb":{"@id":"https:\/\/avocat-gc.com\/divorce\/divorce-accepte\/#breadcrumb"},"inLanguage":"fr-FR","potentialAction":[{"@type":"ReadAction","target":["https:\/\/avocat-gc.com\/divorce\/divorce-accepte\/"]}]},{"@type":"BreadcrumbList","@id":"https:\/\/avocat-gc.com\/divorce\/divorce-accepte\/#breadcrumb","itemListElement":[{"@type":"ListItem","position":1,"name":"Accueil","item":"https:\/\/avocat-gc.com\/divorce\/"},{"@type":"ListItem","position":2,"name":"Divorce accept\u00e9"}]},{"@type":"WebSite","@id":"https:\/\/avocat-gc.com\/divorce\/#website","url":"https:\/\/avocat-gc.com\/divorce\/","name":"Avocat GC - Avocat Divorce","description":"","publisher":{"@id":"https:\/\/avocat-gc.com\/divorce\/#organization"},"potentialAction":[{"@type":"SearchAction","target":{"@type":"EntryPoint","urlTemplate":"https:\/\/avocat-gc.com\/divorce\/?s={search_term_string}"},"query-input":{"@type":"PropertyValueSpecification","valueRequired":true,"valueName":"search_term_string"}}],"inLanguage":"fr-FR"},{"@type":"Organization","@id":"https:\/\/avocat-gc.com\/divorce\/#organization","name":"Avocat GC - Avocat Divorce","url":"https:\/\/avocat-gc.com\/divorce\/","logo":{"@type":"ImageObject","inLanguage":"fr-FR","@id":"https:\/\/avocat-gc.com\/divorce\/#\/schema\/logo\/image\/","url":"https:\/\/avocat-gc.com\/divorce\/wp-content\/uploads\/2024\/04\/cropped-Sans-titre.png","contentUrl":"https:\/\/avocat-gc.com\/divorce\/wp-content\/uploads\/2024\/04\/cropped-Sans-titre.png","width":200,"height":180,"caption":"Avocat GC - Avocat Divorce"},"image":{"@id":"https:\/\/avocat-gc.com\/divorce\/#\/schema\/logo\/image\/"}}]}},"_links":{"self":[{"href":"https:\/\/avocat-gc.com\/divorce\/wp-json\/wp\/v2\/pages\/2469","targetHints":{"allow":["GET"]}}],"collection":[{"href":"https:\/\/avocat-gc.com\/divorce\/wp-json\/wp\/v2\/pages"}],"about":[{"href":"https:\/\/avocat-gc.com\/divorce\/wp-json\/wp\/v2\/types\/page"}],"author":[{"embeddable":true,"href":"https:\/\/avocat-gc.com\/divorce\/wp-json\/wp\/v2\/users\/1"}],"replies":[{"embeddable":true,"href":"https:\/\/avocat-gc.com\/divorce\/wp-json\/wp\/v2\/comments?post=2469"}],"version-history":[{"count":2,"href":"https:\/\/avocat-gc.com\/divorce\/wp-json\/wp\/v2\/pages\/2469\/revisions"}],"predecessor-version":[{"id":16008,"href":"https:\/\/avocat-gc.com\/divorce\/wp-json\/wp\/v2\/pages\/2469\/revisions\/16008"}],"wp:attachment":[{"href":"https:\/\/avocat-gc.com\/divorce\/wp-json\/wp\/v2\/media?parent=2469"}],"wp:term":[{"taxonomy":"priorite","embeddable":true,"href":"https:\/\/avocat-gc.com\/divorce\/wp-json\/wp\/v2\/priorite?post=2469"}],"curies":[{"name":"wp","href":"https:\/\/api.w.org\/{rel}","templated":true}]}}