{"id":2289,"date":"2024-03-29T15:34:27","date_gmt":"2024-03-29T15:34:27","guid":{"rendered":"https:\/\/avocat-gc.com\/divorce\/divorce-amiable-vitry-sur-seine\/"},"modified":"2024-03-31T11:31:34","modified_gmt":"2024-03-31T11:31:34","slug":"divorce-amiable-vitry-sur-seine","status":"publish","type":"page","link":"https:\/\/avocat-gc.com\/divorce\/avocat-divorce\/vitry-sur-seine\/divorce-amiable-vitry-sur-seine\/","title":{"rendered":"Avocat divorce amiable sans juge \u00e0 Vitry-sur-Seine"},"content":{"rendered":"<p><a href=\"\/divorce\/avocat-divorce\/vitry-sur-seine\/\" rel=\"nofollow\">\u25c4 Avocat divorce \u00e0 Vitry-sur-Seine (94)<\/a><br \/>\nAvocat divorce amiable sans juge \u00e0 Vitry-sur-Seine (94)<\/p>\n<h2>VOTRE DIVORCE SANS JUGE \u00c0 VITRY EN 1 MOIS<\/h2>\n<p> J&rsquo;INTERVIENS DANS TOUTE LA FRANCE <a href=\"http:\/\/avocat-gc.com\/divorce\/avocat-divorce\/paris\/\" rel=\"nofollow noopener\" title=\"\" target=\"_parent\">Notre cabinet \u00e0 Paris<\/a> : 42 Rue de L\u00fcbeck, 75116 Paris 01 47 04 25 40<\/p>\n<p class=\"img-left\"><img decoding=\"async\" alt=\"Avocat Divorce Amiable sans juge Vitry-sur-Seine (94) \" title=\"Avocat Divorce Amiable sans juge Vitry-sur-Seine (94)\" width=\"170\" border=\"2\" src=\"\/divorce\/wp-content\/uploads\/2024\/04\/avocat-divorce-amiable-paris.jpg\" \/><\/p>\n<p align=\"justify\">Notre cabinet d\u2019avocats met tout en oeuvre pour traiter rapidement votre dossier et vous divorcer \u00e0 l&rsquo;amiable. Nous vous assistons durant toutes les \u00e9tapes de votre <a href=\"\/divorce\/avocat-divorce\/paris\/\" rel=\"nofollow noopener\" target=\"_parent\">divorce sans juge \u00e0 Vitry sur Seine<\/a>. Cette proc\u00e9dure est la plus simple, la moins ch\u00e8re et la plus rapide.  Le Cabinet d\u2019Avocat GC se situe au 42 rue de Lubeck, dans le 16\u00e8me arrondissement de Paris, M\u00e9tro Trocadero.  Nous sommes situ\u00e9s \u00e0 moins d\u2019 une heure environ en transports en commun de la ville de Vitry sur Seine.\u00a0Nous vous proposons de fixer un rendez-vous avec l\u2019un de nos avocats divorce.  Lors de ce rendez-vous,  nous proc\u00e9dons ensemble \u00e0 la r\u00e9daction de votre <a href=\"\/divorce\/convention-de-divorce\/\" rel=\"nofollow noopener\" title=\"\" target=\"\">convention de divorce<\/a>. S\u2019agissant d\u2019un <a href=\"\/divorce\/divorce-amiable\/\" rel=\"nofollow\">divorce \u00e0 l\u2019amiable<\/a>,\u00a0il est indispensable \u00eatre d\u2019accord sur le principe m\u00eame du divorce ainsi que sur tous ses effets comme par exemple la garde des enfants, le sort du logement commun, la pension alimentaire ou encore la <a href=\"\/divorce\/definitions\/prestation-compensatoire\/\" rel=\"nofollow noopener\" title=\"\" target=\"\">prestation compensatoire<\/a>.Vous devez nous fournir un certain nombre de documents n\u00e9cessaires pour constituer votre dossier tels que les actes de naissance des \u00e9poux et des enfants en copies int\u00e9grales. Nous proc\u00e9dons ensuite \u00e0 l&rsquo;envoi de votre projet de convention de divorce par courrier postal en recommand\u00e9 avec accus\u00e9 de r\u00e9ception (A.R). Apr\u00e8s un d\u00e9lai de 15 jours, et une fois le projet de convention, la convention de divorce sign\u00e9 sera transmise au notaire afin qu&rsquo;il enregistre votre divorce en lui donnant <a href=\"\/divorce\/definitions\/force-executoire\/\" rel=\"nofollow noopener\" title=\"\" target=\"\">force ex\u00e9cutoire<\/a> et date certaine. Vous serez\u00a0officiellement divorc\u00e9s.Si vous souhaitez en savoir davantage sur le divorce sans juge, veuillez consulter notre page:\n<\/p>\n<\/p>\n<p><a href=\"\/divorce\/divorce-sans-juge\/\" rel=\"nofollow noopener\" target=\"_parent\">\u25ba AVOCAT DIVORCE SANS JUGE<\/a><\/p>\n<h3>Articles li\u00e9s<\/h3>\n<p><a href=\"\/divorce\/articles\/comment-bien-commencer-sa-procedure-de-divorce\/\" rel=\"nofollow noopener\" title=\"\" target=\"_parent\">Comment bien commencer sa proc\u00e9dure de divorce?<\/a><br \/>\n<a href=\"\/divorce\/articles\/les-avantages-du-divorce-sans-juge\/\" rel=\"nofollow noopener\" title=\"\" target=\"_parent\">Les avantages du divorce sans juge<\/a><br \/>\n<a href=\"\/divorce\/articles\/quand-et-comment-peut-quitter-le-domicile-conjugal\/\" rel=\"nofollow noopener\" title=\"\" target=\"_parent\">Quand et comment peut-on quitter le domicile conjugal ?<\/a><\/p>\n<p>\u25ba A T\u00c9L\u00c9CHARGER: <a href=\"\/divorce\/divorce-sans-juge\/convention-vitry-sur-seine\/\" rel=\"nofollow\">Mod\u00e8le de convention de divorce sans juge \u00e0 Vitry-sur-Seine<\/a><\/p>\n<h3>Divorce sans juge &#8211; les tarifs<\/h3>\n<p align=\"justify\">Vous souhaitez divorcer sans juge \u00e0 Vitry-sur-Seine (94)\u00a0? Merci de nous retourner le devis en ligne ci-apr\u00e8s afin que nous puissions effectuer une estimation du tarif de votre proc\u00e9dure de divorce sans juge:<\/p>\n","protected":false},"excerpt":{"rendered":"<p>\u25c4 Avocat divorce \u00e0 Vitry-sur-Seine (94) Avocat divorce amiable sans juge \u00e0 Vitry-sur-Seine (94) VOTRE DIVORCE SANS JUGE \u00c0 VITRY EN 1 MOIS J&rsquo;INTERVIENS DANS TOUTE LA FRANCE Notre cabinet \u00e0 Paris : 42 Rue de L\u00fcbeck, 75116 Paris 01 47 04 25 40 Notre cabinet d\u2019avocats met tout en oeuvre pour traiter rapidement votre [&hellip;]<\/p>\n","protected":false},"author":1,"featured_media":0,"parent":7022,"menu_order":0,"comment_status":"closed","ping_status":"closed","template":"","meta":{"_acf_changed":false,"inline_featured_image":false,"footnotes":""},"priorite":[],"class_list":["post-2289","page","type-page","status-publish","hentry"],"acf":[],"yoast_head":"<!-- This site is optimized with the Yoast SEO plugin v27.6 - https:\/\/yoast.com\/product\/yoast-seo-wordpress\/ -->\n<title>Avocat divorce amiable sans juge \u00e0 Vitry-sur-Seine - Avocat Divorce<\/title>\n<meta name=\"description\" content=\"Contactez un Avocat divorce \u00e0 Vitry-sur-Seine (94) et divorcez en 1 mois. Recevez un devis gratuit et imm\u00e9diat pour votre divorce !\" \/>\n<meta name=\"robots\" content=\"index, follow, max-snippet:-1, max-image-preview:large, max-video-preview:-1\" \/>\n<link rel=\"canonical\" href=\"https:\/\/avocat-gc.com\/divorce\/avocat-divorce\/vitry-sur-seine\/divorce-amiable-vitry-sur-seine\/\" \/>\n<meta property=\"og:locale\" content=\"fr_FR\" \/>\n<meta property=\"og:type\" content=\"article\" \/>\n<meta property=\"og:title\" content=\"Avocat divorce amiable sans juge \u00e0 Vitry-sur-Seine - Avocat Divorce\" \/>\n<meta property=\"og:description\" content=\"Contactez un Avocat divorce \u00e0 Vitry-sur-Seine (94) et divorcez en 1 mois. Recevez un devis gratuit et imm\u00e9diat pour votre divorce !\" \/>\n<meta property=\"og:url\" content=\"https:\/\/avocat-gc.com\/divorce\/avocat-divorce\/vitry-sur-seine\/divorce-amiable-vitry-sur-seine\/\" \/>\n<meta property=\"og:site_name\" content=\"Avocat GC - Avocat Divorce\" \/>\n<meta property=\"article:modified_time\" content=\"2024-03-31T11:31:34+00:00\" \/>\n<meta name=\"twitter:card\" content=\"summary_large_image\" \/>\n<script type=\"application\/ld+json\" class=\"yoast-schema-graph\">{\"@context\":\"https:\\\/\\\/schema.org\",\"@graph\":[{\"@type\":\"WebPage\",\"@id\":\"https:\\\/\\\/avocat-gc.com\\\/divorce\\\/avocat-divorce\\\/vitry-sur-seine\\\/divorce-amiable-vitry-sur-seine\\\/\",\"url\":\"https:\\\/\\\/avocat-gc.com\\\/divorce\\\/avocat-divorce\\\/vitry-sur-seine\\\/divorce-amiable-vitry-sur-seine\\\/\",\"name\":\"Avocat divorce amiable sans juge \u00e0 Vitry-sur-Seine - Avocat Divorce\",\"isPartOf\":{\"@id\":\"https:\\\/\\\/avocat-gc.com\\\/divorce\\\/#website\"},\"datePublished\":\"2024-03-29T15:34:27+00:00\",\"dateModified\":\"2024-03-31T11:31:34+00:00\",\"description\":\"Contactez un Avocat divorce \u00e0 Vitry-sur-Seine (94) et divorcez en 1 mois. Recevez un devis gratuit et imm\u00e9diat pour votre divorce !\",\"breadcrumb\":{\"@id\":\"https:\\\/\\\/avocat-gc.com\\\/divorce\\\/avocat-divorce\\\/vitry-sur-seine\\\/divorce-amiable-vitry-sur-seine\\\/#breadcrumb\"},\"inLanguage\":\"fr-FR\",\"potentialAction\":[{\"@type\":\"ReadAction\",\"target\":[\"https:\\\/\\\/avocat-gc.com\\\/divorce\\\/avocat-divorce\\\/vitry-sur-seine\\\/divorce-amiable-vitry-sur-seine\\\/\"]}]},{\"@type\":\"BreadcrumbList\",\"@id\":\"https:\\\/\\\/avocat-gc.com\\\/divorce\\\/avocat-divorce\\\/vitry-sur-seine\\\/divorce-amiable-vitry-sur-seine\\\/#breadcrumb\",\"itemListElement\":[{\"@type\":\"ListItem\",\"position\":1,\"name\":\"Accueil\",\"item\":\"https:\\\/\\\/avocat-gc.com\\\/divorce\\\/\"},{\"@type\":\"ListItem\",\"position\":2,\"name\":\"Avocat Divorce\",\"item\":\"https:\\\/\\\/avocat-gc.com\\\/divorce\\\/avocat-divorce\\\/\"},{\"@type\":\"ListItem\",\"position\":3,\"name\":\"Avocat Divorce \u00e0 Vitry-sur-Seine (94)\",\"item\":\"https:\\\/\\\/avocat-gc.com\\\/divorce\\\/avocat-divorce\\\/vitry-sur-seine\\\/\"},{\"@type\":\"ListItem\",\"position\":4,\"name\":\"Avocat divorce amiable sans juge \u00e0 Vitry-sur-Seine\"}]},{\"@type\":\"WebSite\",\"@id\":\"https:\\\/\\\/avocat-gc.com\\\/divorce\\\/#website\",\"url\":\"https:\\\/\\\/avocat-gc.com\\\/divorce\\\/\",\"name\":\"Avocat GC - Avocat Divorce\",\"description\":\"\",\"publisher\":{\"@id\":\"https:\\\/\\\/avocat-gc.com\\\/divorce\\\/#organization\"},\"potentialAction\":[{\"@type\":\"SearchAction\",\"target\":{\"@type\":\"EntryPoint\",\"urlTemplate\":\"https:\\\/\\\/avocat-gc.com\\\/divorce\\\/?s={search_term_string}\"},\"query-input\":{\"@type\":\"PropertyValueSpecification\",\"valueRequired\":true,\"valueName\":\"search_term_string\"}}],\"inLanguage\":\"fr-FR\"},{\"@type\":\"Organization\",\"@id\":\"https:\\\/\\\/avocat-gc.com\\\/divorce\\\/#organization\",\"name\":\"Avocat GC - Avocat Divorce\",\"url\":\"https:\\\/\\\/avocat-gc.com\\\/divorce\\\/\",\"logo\":{\"@type\":\"ImageObject\",\"inLanguage\":\"fr-FR\",\"@id\":\"https:\\\/\\\/avocat-gc.com\\\/divorce\\\/#\\\/schema\\\/logo\\\/image\\\/\",\"url\":\"https:\\\/\\\/avocat-gc.com\\\/divorce\\\/wp-content\\\/uploads\\\/2024\\\/04\\\/cropped-Sans-titre.png\",\"contentUrl\":\"https:\\\/\\\/avocat-gc.com\\\/divorce\\\/wp-content\\\/uploads\\\/2024\\\/04\\\/cropped-Sans-titre.png\",\"width\":200,\"height\":180,\"caption\":\"Avocat GC - Avocat Divorce\"},\"image\":{\"@id\":\"https:\\\/\\\/avocat-gc.com\\\/divorce\\\/#\\\/schema\\\/logo\\\/image\\\/\"}}]}<\/script>\n<!-- \/ Yoast SEO plugin. -->","yoast_head_json":{"title":"Avocat divorce amiable sans juge \u00e0 Vitry-sur-Seine - Avocat Divorce","description":"Contactez un Avocat divorce \u00e0 Vitry-sur-Seine (94) et divorcez en 1 mois. Recevez un devis gratuit et imm\u00e9diat pour votre divorce !","robots":{"index":"index","follow":"follow","max-snippet":"max-snippet:-1","max-image-preview":"max-image-preview:large","max-video-preview":"max-video-preview:-1"},"canonical":"https:\/\/avocat-gc.com\/divorce\/avocat-divorce\/vitry-sur-seine\/divorce-amiable-vitry-sur-seine\/","og_locale":"fr_FR","og_type":"article","og_title":"Avocat divorce amiable sans juge \u00e0 Vitry-sur-Seine - Avocat Divorce","og_description":"Contactez un Avocat divorce \u00e0 Vitry-sur-Seine (94) et divorcez en 1 mois. Recevez un devis gratuit et imm\u00e9diat pour votre divorce !","og_url":"https:\/\/avocat-gc.com\/divorce\/avocat-divorce\/vitry-sur-seine\/divorce-amiable-vitry-sur-seine\/","og_site_name":"Avocat GC - Avocat Divorce","article_modified_time":"2024-03-31T11:31:34+00:00","twitter_card":"summary_large_image","schema":{"@context":"https:\/\/schema.org","@graph":[{"@type":"WebPage","@id":"https:\/\/avocat-gc.com\/divorce\/avocat-divorce\/vitry-sur-seine\/divorce-amiable-vitry-sur-seine\/","url":"https:\/\/avocat-gc.com\/divorce\/avocat-divorce\/vitry-sur-seine\/divorce-amiable-vitry-sur-seine\/","name":"Avocat divorce amiable sans juge \u00e0 Vitry-sur-Seine - Avocat Divorce","isPartOf":{"@id":"https:\/\/avocat-gc.com\/divorce\/#website"},"datePublished":"2024-03-29T15:34:27+00:00","dateModified":"2024-03-31T11:31:34+00:00","description":"Contactez un Avocat divorce \u00e0 Vitry-sur-Seine (94) et divorcez en 1 mois. Recevez un devis gratuit et imm\u00e9diat pour votre divorce !","breadcrumb":{"@id":"https:\/\/avocat-gc.com\/divorce\/avocat-divorce\/vitry-sur-seine\/divorce-amiable-vitry-sur-seine\/#breadcrumb"},"inLanguage":"fr-FR","potentialAction":[{"@type":"ReadAction","target":["https:\/\/avocat-gc.com\/divorce\/avocat-divorce\/vitry-sur-seine\/divorce-amiable-vitry-sur-seine\/"]}]},{"@type":"BreadcrumbList","@id":"https:\/\/avocat-gc.com\/divorce\/avocat-divorce\/vitry-sur-seine\/divorce-amiable-vitry-sur-seine\/#breadcrumb","itemListElement":[{"@type":"ListItem","position":1,"name":"Accueil","item":"https:\/\/avocat-gc.com\/divorce\/"},{"@type":"ListItem","position":2,"name":"Avocat Divorce","item":"https:\/\/avocat-gc.com\/divorce\/avocat-divorce\/"},{"@type":"ListItem","position":3,"name":"Avocat Divorce \u00e0 Vitry-sur-Seine (94)","item":"https:\/\/avocat-gc.com\/divorce\/avocat-divorce\/vitry-sur-seine\/"},{"@type":"ListItem","position":4,"name":"Avocat divorce amiable sans juge \u00e0 Vitry-sur-Seine"}]},{"@type":"WebSite","@id":"https:\/\/avocat-gc.com\/divorce\/#website","url":"https:\/\/avocat-gc.com\/divorce\/","name":"Avocat GC - Avocat Divorce","description":"","publisher":{"@id":"https:\/\/avocat-gc.com\/divorce\/#organization"},"potentialAction":[{"@type":"SearchAction","target":{"@type":"EntryPoint","urlTemplate":"https:\/\/avocat-gc.com\/divorce\/?s={search_term_string}"},"query-input":{"@type":"PropertyValueSpecification","valueRequired":true,"valueName":"search_term_string"}}],"inLanguage":"fr-FR"},{"@type":"Organization","@id":"https:\/\/avocat-gc.com\/divorce\/#organization","name":"Avocat GC - Avocat Divorce","url":"https:\/\/avocat-gc.com\/divorce\/","logo":{"@type":"ImageObject","inLanguage":"fr-FR","@id":"https:\/\/avocat-gc.com\/divorce\/#\/schema\/logo\/image\/","url":"https:\/\/avocat-gc.com\/divorce\/wp-content\/uploads\/2024\/04\/cropped-Sans-titre.png","contentUrl":"https:\/\/avocat-gc.com\/divorce\/wp-content\/uploads\/2024\/04\/cropped-Sans-titre.png","width":200,"height":180,"caption":"Avocat GC - Avocat Divorce"},"image":{"@id":"https:\/\/avocat-gc.com\/divorce\/#\/schema\/logo\/image\/"}}]}},"_links":{"self":[{"href":"https:\/\/avocat-gc.com\/divorce\/wp-json\/wp\/v2\/pages\/2289","targetHints":{"allow":["GET"]}}],"collection":[{"href":"https:\/\/avocat-gc.com\/divorce\/wp-json\/wp\/v2\/pages"}],"about":[{"href":"https:\/\/avocat-gc.com\/divorce\/wp-json\/wp\/v2\/types\/page"}],"author":[{"embeddable":true,"href":"https:\/\/avocat-gc.com\/divorce\/wp-json\/wp\/v2\/users\/1"}],"replies":[{"embeddable":true,"href":"https:\/\/avocat-gc.com\/divorce\/wp-json\/wp\/v2\/comments?post=2289"}],"version-history":[{"count":0,"href":"https:\/\/avocat-gc.com\/divorce\/wp-json\/wp\/v2\/pages\/2289\/revisions"}],"up":[{"embeddable":true,"href":"https:\/\/avocat-gc.com\/divorce\/wp-json\/wp\/v2\/pages\/7022"}],"wp:attachment":[{"href":"https:\/\/avocat-gc.com\/divorce\/wp-json\/wp\/v2\/media?parent=2289"}],"wp:term":[{"taxonomy":"priorite","embeddable":true,"href":"https:\/\/avocat-gc.com\/divorce\/wp-json\/wp\/v2\/priorite?post=2289"}],"curies":[{"name":"wp","href":"https:\/\/api.w.org\/{rel}","templated":true}]}}