{"id":2267,"date":"2024-03-29T15:34:22","date_gmt":"2024-03-29T15:34:22","guid":{"rendered":"https:\/\/avocat-gc.com\/divorce\/divorce-amiable-vanves\/"},"modified":"2024-03-31T11:31:30","modified_gmt":"2024-03-31T11:31:30","slug":"divorce-amiable-vanves","status":"publish","type":"page","link":"https:\/\/avocat-gc.com\/divorce\/avocat-divorce\/vanves\/divorce-amiable-vanves\/","title":{"rendered":"Avocat divorce amiable sans juge \u00e0 Vanves"},"content":{"rendered":"<p><a href=\"\/divorce\/avocat-divorce\/vanves\/\" rel=\"nofollow noopener\" target=\"_parent\">\u25c4 Avocat divorce \u00e0 Vanves (92)<\/a><\/p>\n<h2>LE DIVORCE SANS JUGE \u00c0 VANVES (92)<\/h2>\n<\/p>\n<p class=\"img-left\"><img decoding=\"async\" alt=\"Avocat Divorce Amiable sans juge Vanves (92) \" title=\"Avocat Divorce Amiable sans juge Vanves (92)\" width=\"170\" border=\"2\" src=\"\/divorce\/wp-content\/uploads\/2024\/04\/avocat-divorce-amiable-paris.jpg\" \/><\/p>\n<p align=\"justify\">Le Cabinet d\u2019avocats Greffet vous conseille tout au long de votre proc\u00e9dure de <a href=\"\/divorce\/avocat-divorce\/vanves\/\" rel=\"nofollow noopener\" title=\"\" target=\"\">divorce sans juge \u00e0 Vanves (92)\u00a0<\/a>et vous assiste. \u00a0Le divorce sans juge est une proc\u00e9dure dite: \u00ab\u00a0par consentement mutuel\u00a0\u00bb, aussi appel\u00e9e \u00ab divorce \u00e0 l\u2019amiable \u00bb. Cette proc\u00e9dure est simple, rapide et \u00e9conomique pour les \u00e9poux qui sont d\u2019accord sur le principe m\u00eame du divorce, mais \u00e9galement sur ses cons\u00e9quences. En effet, la proc\u00e9dure de divorce sans juge\u00a0ne peut \u00eatre engag\u00e9e qu\u2019en cas d\u2019entente entre les \u00e9poux. L\u2019assistance d\u2019un avocat divorce est obligatoire pour ce <a href=\"\/divorce\/definitions\/procedure\/\" rel=\"nofollow noopener\" title=\"\" target=\"\">type de proc\u00e9dure<\/a>. Notre Cabinet d\u2019avocats, situ\u00e9 \u00e0 moins de 15 minutes en voiture de Vanves, fait preuve d\u2019une grande c\u00e9l\u00e9rit\u00e9 dans le traitement des dossiers, afin que votre divorce soit prononc\u00e9 dans les plus brefs d\u00e9lais.La proc\u00e9dure se d\u00e9roule en trois \u00e9tapes. Elle d\u00e9marre par la prise d\u2019un rendez-vous avec notre avocat\u00a0au cours duquel nous r\u00e9digerons en votre pr\u00e9sence la <a href=\"\/divorce\/convention-de-divorce\/\" rel=\"nofollow noopener\" title=\"\" target=\"\">convention de divorce<\/a>, dans laquelle toutes les modalit\u00e9s de votre divorce seront d\u00e9termin\u00e9es. La deuxi\u00e8me \u00e9tape consiste \u00e0 l&rsquo;envoi de votre projet de convention de divorce directement \u00e0 domicile en courrier recommand\u00e9 avec accus\u00e9 de r\u00e9ception (A.R) afin d&rsquo;\u00eatre soumis \u00e0 votre signture dans un d\u00e9lai de 15 jours. Enfin, la convention de divorce sera transmise au notaire par notre cabinet afin qu&rsquo;il donne, \u00e0 votre divorce,<a href=\"\/divorce\/definitions\/force-executoire\/\" rel=\"nofollow noopener\" title=\"\" target=\"\"> force ex\u00e9cutoire<\/a> et date certaine. Nous nous chargeons \u00e9galement d\u2019effectuer la transcription de votre divorce sur vos actes d\u2019\u00e9tat civil (acte de mariage et actes de naissance) afin que celui-ci soit <a href=\"\/divorce\/tiers\/\" rel=\"nofollow noopener\" title=\"\" target=\"\">opposable aux tiers<\/a>.  Si vous souhaitez en savoir davantage sur le divorce sans juge, veuillez consulter notre page:\n<\/p>\n<\/p>\n<p><a href=\"\/divorce\/divorce-sans-juge\/\" rel=\"nofollow noopener\" target=\"_parent\">\u25ba AVOCAT DIVORCE SANS JUGE<\/a><\/p>\n<h3>Articles li\u00e9s<\/h3>\n<p><a href=\"\/divorce\/articles\/divorce-quelle-date-le-mariage-prend-fin\/\" rel=\"nofollow noopener\" title=\"\" target=\"_parent\">Divorce, \u00e0 quelle date le mariage prend fin?<\/a><br \/>\n<a href=\"\/divorce\/articles\/quels-sont-les-professionnels-qui-interviennent-dans-un-divorce\/\" rel=\"nofollow noopener\" title=\"\" target=\"_parent\">Quels sont les professionnels qui interviennent dans un divorce?<\/a><br \/>\n<a href=\"\/divorce\/articles\/les-etapes-suivre-pour-quitter-le-domicile-conjugal\/\" rel=\"nofollow noopener\" title=\"\" target=\"_parent\">Les \u00e9tapes \u00e0 suivre pour quitter le domicile conjugal<\/a><\/p>\n<p>\u25ba A T\u00c9L\u00c9CHARGER: <a href=\"\/divorce\/divorce-sans-juge\/vanves\/\" rel=\"nofollow\">Mod\u00e8le de convention de divorce sans juge \u00e0 Vanves (92)<\/a><\/p>\n<h3>Divorce sans juge &#8211; les tarifs<\/h3>\n<p align=\"justify\">Le co\u00fbt d&rsquo;un divorce amiable \u00e0 Vanves (92) d\u00e9pend de votre situation. Afin que nous puissions effectuer une estimation, merci de nous retourner le devis en ligne ci-apr\u00e8s:<\/p>\n<\/p>\n<p><a href=\"http:\/\/avocat-gc.com\/divorce\/avocat-divorce-10-ans-dexperience\/\" rel=\"nofollow noopener\" target=\"_parent\">\u25ba DEVIS: AVOCAT DIVORCE SANS JUGE  VANVES<\/a><\/p>\n","protected":false},"excerpt":{"rendered":"<p>\u25c4 Avocat divorce \u00e0 Vanves (92) LE DIVORCE SANS JUGE \u00c0 VANVES (92) Le Cabinet d\u2019avocats Greffet vous conseille tout au long de votre proc\u00e9dure de divorce sans juge \u00e0 Vanves (92)\u00a0et vous assiste. \u00a0Le divorce sans juge est une proc\u00e9dure dite: \u00ab\u00a0par consentement mutuel\u00a0\u00bb, aussi appel\u00e9e \u00ab divorce \u00e0 l\u2019amiable \u00bb. Cette proc\u00e9dure est [&hellip;]<\/p>\n","protected":false},"author":1,"featured_media":0,"parent":6982,"menu_order":0,"comment_status":"closed","ping_status":"closed","template":"","meta":{"_acf_changed":false,"inline_featured_image":false,"footnotes":""},"priorite":[],"class_list":["post-2267","page","type-page","status-publish","hentry"],"acf":[],"yoast_head":"<!-- This site is optimized with the Yoast SEO plugin v27.6 - https:\/\/yoast.com\/product\/yoast-seo-wordpress\/ -->\n<title>Avocat divorce amiable sans juge \u00e0 Vanves - Avocat Divorce<\/title>\n<meta name=\"description\" content=\"Divorcez \u00e0 l&#039;amiable et sans juge \u00e0 Vanves (92) en 1 mois. Contactez un Avocat divorce au 01.47.04.25.40 . Recevez un devis gratuit et imm\u00e9diat pour votre divorce. Cabinet Avocat GC. Divorce amiable - Divorce sans juge - Divorce par consentement mutuel\" \/>\n<meta name=\"robots\" content=\"index, follow, max-snippet:-1, max-image-preview:large, max-video-preview:-1\" \/>\n<link rel=\"canonical\" href=\"https:\/\/avocat-gc.com\/divorce\/avocat-divorce\/vanves\/divorce-amiable-vanves\/\" \/>\n<meta property=\"og:locale\" content=\"fr_FR\" \/>\n<meta property=\"og:type\" content=\"article\" \/>\n<meta property=\"og:title\" content=\"Avocat divorce amiable sans juge \u00e0 Vanves - Avocat Divorce\" \/>\n<meta property=\"og:description\" content=\"Divorcez \u00e0 l&#039;amiable et sans juge \u00e0 Vanves (92) en 1 mois. Contactez un Avocat divorce au 01.47.04.25.40 . Recevez un devis gratuit et imm\u00e9diat pour votre divorce. Cabinet Avocat GC. Divorce amiable - Divorce sans juge - Divorce par consentement mutuel\" \/>\n<meta property=\"og:url\" content=\"https:\/\/avocat-gc.com\/divorce\/avocat-divorce\/vanves\/divorce-amiable-vanves\/\" \/>\n<meta property=\"og:site_name\" content=\"Avocat GC - Avocat Divorce\" \/>\n<meta property=\"article:modified_time\" content=\"2024-03-31T11:31:30+00:00\" \/>\n<meta name=\"twitter:card\" content=\"summary_large_image\" \/>\n<script type=\"application\/ld+json\" class=\"yoast-schema-graph\">{\"@context\":\"https:\\\/\\\/schema.org\",\"@graph\":[{\"@type\":\"WebPage\",\"@id\":\"https:\\\/\\\/avocat-gc.com\\\/divorce\\\/avocat-divorce\\\/vanves\\\/divorce-amiable-vanves\\\/\",\"url\":\"https:\\\/\\\/avocat-gc.com\\\/divorce\\\/avocat-divorce\\\/vanves\\\/divorce-amiable-vanves\\\/\",\"name\":\"Avocat divorce amiable sans juge \u00e0 Vanves - Avocat Divorce\",\"isPartOf\":{\"@id\":\"https:\\\/\\\/avocat-gc.com\\\/divorce\\\/#website\"},\"datePublished\":\"2024-03-29T15:34:22+00:00\",\"dateModified\":\"2024-03-31T11:31:30+00:00\",\"description\":\"Divorcez \u00e0 l'amiable et sans juge \u00e0 Vanves (92) en 1 mois. Contactez un Avocat divorce au 01.47.04.25.40 . Recevez un devis gratuit et imm\u00e9diat pour votre divorce. Cabinet Avocat GC. Divorce amiable - Divorce sans juge - Divorce par consentement mutuel\",\"breadcrumb\":{\"@id\":\"https:\\\/\\\/avocat-gc.com\\\/divorce\\\/avocat-divorce\\\/vanves\\\/divorce-amiable-vanves\\\/#breadcrumb\"},\"inLanguage\":\"fr-FR\",\"potentialAction\":[{\"@type\":\"ReadAction\",\"target\":[\"https:\\\/\\\/avocat-gc.com\\\/divorce\\\/avocat-divorce\\\/vanves\\\/divorce-amiable-vanves\\\/\"]}]},{\"@type\":\"BreadcrumbList\",\"@id\":\"https:\\\/\\\/avocat-gc.com\\\/divorce\\\/avocat-divorce\\\/vanves\\\/divorce-amiable-vanves\\\/#breadcrumb\",\"itemListElement\":[{\"@type\":\"ListItem\",\"position\":1,\"name\":\"Accueil\",\"item\":\"https:\\\/\\\/avocat-gc.com\\\/divorce\\\/\"},{\"@type\":\"ListItem\",\"position\":2,\"name\":\"Avocat Divorce\",\"item\":\"https:\\\/\\\/avocat-gc.com\\\/divorce\\\/avocat-divorce\\\/\"},{\"@type\":\"ListItem\",\"position\":3,\"name\":\"Avocat divorce \u00e0 Vanves (92)\",\"item\":\"https:\\\/\\\/avocat-gc.com\\\/divorce\\\/avocat-divorce\\\/vanves\\\/\"},{\"@type\":\"ListItem\",\"position\":4,\"name\":\"Avocat divorce amiable sans juge \u00e0 Vanves\"}]},{\"@type\":\"WebSite\",\"@id\":\"https:\\\/\\\/avocat-gc.com\\\/divorce\\\/#website\",\"url\":\"https:\\\/\\\/avocat-gc.com\\\/divorce\\\/\",\"name\":\"Avocat GC - Avocat Divorce\",\"description\":\"\",\"publisher\":{\"@id\":\"https:\\\/\\\/avocat-gc.com\\\/divorce\\\/#organization\"},\"potentialAction\":[{\"@type\":\"SearchAction\",\"target\":{\"@type\":\"EntryPoint\",\"urlTemplate\":\"https:\\\/\\\/avocat-gc.com\\\/divorce\\\/?s={search_term_string}\"},\"query-input\":{\"@type\":\"PropertyValueSpecification\",\"valueRequired\":true,\"valueName\":\"search_term_string\"}}],\"inLanguage\":\"fr-FR\"},{\"@type\":\"Organization\",\"@id\":\"https:\\\/\\\/avocat-gc.com\\\/divorce\\\/#organization\",\"name\":\"Avocat GC - Avocat Divorce\",\"url\":\"https:\\\/\\\/avocat-gc.com\\\/divorce\\\/\",\"logo\":{\"@type\":\"ImageObject\",\"inLanguage\":\"fr-FR\",\"@id\":\"https:\\\/\\\/avocat-gc.com\\\/divorce\\\/#\\\/schema\\\/logo\\\/image\\\/\",\"url\":\"https:\\\/\\\/avocat-gc.com\\\/divorce\\\/wp-content\\\/uploads\\\/2024\\\/04\\\/cropped-Sans-titre.png\",\"contentUrl\":\"https:\\\/\\\/avocat-gc.com\\\/divorce\\\/wp-content\\\/uploads\\\/2024\\\/04\\\/cropped-Sans-titre.png\",\"width\":200,\"height\":180,\"caption\":\"Avocat GC - Avocat Divorce\"},\"image\":{\"@id\":\"https:\\\/\\\/avocat-gc.com\\\/divorce\\\/#\\\/schema\\\/logo\\\/image\\\/\"}}]}<\/script>\n<!-- \/ Yoast SEO plugin. -->","yoast_head_json":{"title":"Avocat divorce amiable sans juge \u00e0 Vanves - Avocat Divorce","description":"Divorcez \u00e0 l'amiable et sans juge \u00e0 Vanves (92) en 1 mois. Contactez un Avocat divorce au 01.47.04.25.40 . Recevez un devis gratuit et imm\u00e9diat pour votre divorce. Cabinet Avocat GC. Divorce amiable - Divorce sans juge - Divorce par consentement mutuel","robots":{"index":"index","follow":"follow","max-snippet":"max-snippet:-1","max-image-preview":"max-image-preview:large","max-video-preview":"max-video-preview:-1"},"canonical":"https:\/\/avocat-gc.com\/divorce\/avocat-divorce\/vanves\/divorce-amiable-vanves\/","og_locale":"fr_FR","og_type":"article","og_title":"Avocat divorce amiable sans juge \u00e0 Vanves - Avocat Divorce","og_description":"Divorcez \u00e0 l'amiable et sans juge \u00e0 Vanves (92) en 1 mois. Contactez un Avocat divorce au 01.47.04.25.40 . Recevez un devis gratuit et imm\u00e9diat pour votre divorce. Cabinet Avocat GC. Divorce amiable - Divorce sans juge - Divorce par consentement mutuel","og_url":"https:\/\/avocat-gc.com\/divorce\/avocat-divorce\/vanves\/divorce-amiable-vanves\/","og_site_name":"Avocat GC - Avocat Divorce","article_modified_time":"2024-03-31T11:31:30+00:00","twitter_card":"summary_large_image","schema":{"@context":"https:\/\/schema.org","@graph":[{"@type":"WebPage","@id":"https:\/\/avocat-gc.com\/divorce\/avocat-divorce\/vanves\/divorce-amiable-vanves\/","url":"https:\/\/avocat-gc.com\/divorce\/avocat-divorce\/vanves\/divorce-amiable-vanves\/","name":"Avocat divorce amiable sans juge \u00e0 Vanves - Avocat Divorce","isPartOf":{"@id":"https:\/\/avocat-gc.com\/divorce\/#website"},"datePublished":"2024-03-29T15:34:22+00:00","dateModified":"2024-03-31T11:31:30+00:00","description":"Divorcez \u00e0 l'amiable et sans juge \u00e0 Vanves (92) en 1 mois. Contactez un Avocat divorce au 01.47.04.25.40 . Recevez un devis gratuit et imm\u00e9diat pour votre divorce. Cabinet Avocat GC. Divorce amiable - Divorce sans juge - Divorce par consentement mutuel","breadcrumb":{"@id":"https:\/\/avocat-gc.com\/divorce\/avocat-divorce\/vanves\/divorce-amiable-vanves\/#breadcrumb"},"inLanguage":"fr-FR","potentialAction":[{"@type":"ReadAction","target":["https:\/\/avocat-gc.com\/divorce\/avocat-divorce\/vanves\/divorce-amiable-vanves\/"]}]},{"@type":"BreadcrumbList","@id":"https:\/\/avocat-gc.com\/divorce\/avocat-divorce\/vanves\/divorce-amiable-vanves\/#breadcrumb","itemListElement":[{"@type":"ListItem","position":1,"name":"Accueil","item":"https:\/\/avocat-gc.com\/divorce\/"},{"@type":"ListItem","position":2,"name":"Avocat Divorce","item":"https:\/\/avocat-gc.com\/divorce\/avocat-divorce\/"},{"@type":"ListItem","position":3,"name":"Avocat divorce \u00e0 Vanves (92)","item":"https:\/\/avocat-gc.com\/divorce\/avocat-divorce\/vanves\/"},{"@type":"ListItem","position":4,"name":"Avocat divorce amiable sans juge \u00e0 Vanves"}]},{"@type":"WebSite","@id":"https:\/\/avocat-gc.com\/divorce\/#website","url":"https:\/\/avocat-gc.com\/divorce\/","name":"Avocat GC - Avocat Divorce","description":"","publisher":{"@id":"https:\/\/avocat-gc.com\/divorce\/#organization"},"potentialAction":[{"@type":"SearchAction","target":{"@type":"EntryPoint","urlTemplate":"https:\/\/avocat-gc.com\/divorce\/?s={search_term_string}"},"query-input":{"@type":"PropertyValueSpecification","valueRequired":true,"valueName":"search_term_string"}}],"inLanguage":"fr-FR"},{"@type":"Organization","@id":"https:\/\/avocat-gc.com\/divorce\/#organization","name":"Avocat GC - Avocat Divorce","url":"https:\/\/avocat-gc.com\/divorce\/","logo":{"@type":"ImageObject","inLanguage":"fr-FR","@id":"https:\/\/avocat-gc.com\/divorce\/#\/schema\/logo\/image\/","url":"https:\/\/avocat-gc.com\/divorce\/wp-content\/uploads\/2024\/04\/cropped-Sans-titre.png","contentUrl":"https:\/\/avocat-gc.com\/divorce\/wp-content\/uploads\/2024\/04\/cropped-Sans-titre.png","width":200,"height":180,"caption":"Avocat GC - Avocat Divorce"},"image":{"@id":"https:\/\/avocat-gc.com\/divorce\/#\/schema\/logo\/image\/"}}]}},"_links":{"self":[{"href":"https:\/\/avocat-gc.com\/divorce\/wp-json\/wp\/v2\/pages\/2267","targetHints":{"allow":["GET"]}}],"collection":[{"href":"https:\/\/avocat-gc.com\/divorce\/wp-json\/wp\/v2\/pages"}],"about":[{"href":"https:\/\/avocat-gc.com\/divorce\/wp-json\/wp\/v2\/types\/page"}],"author":[{"embeddable":true,"href":"https:\/\/avocat-gc.com\/divorce\/wp-json\/wp\/v2\/users\/1"}],"replies":[{"embeddable":true,"href":"https:\/\/avocat-gc.com\/divorce\/wp-json\/wp\/v2\/comments?post=2267"}],"version-history":[{"count":0,"href":"https:\/\/avocat-gc.com\/divorce\/wp-json\/wp\/v2\/pages\/2267\/revisions"}],"up":[{"embeddable":true,"href":"https:\/\/avocat-gc.com\/divorce\/wp-json\/wp\/v2\/pages\/6982"}],"wp:attachment":[{"href":"https:\/\/avocat-gc.com\/divorce\/wp-json\/wp\/v2\/media?parent=2267"}],"wp:term":[{"taxonomy":"priorite","embeddable":true,"href":"https:\/\/avocat-gc.com\/divorce\/wp-json\/wp\/v2\/priorite?post=2267"}],"curies":[{"name":"wp","href":"https:\/\/api.w.org\/{rel}","templated":true}]}}